{"id":12099,"date":"2024-09-15T14:20:29","date_gmt":"2024-09-15T14:20:29","guid":{"rendered":"https:\/\/travelshelper.com\/staging\/?page_id=12099"},"modified":"2026-03-12T19:44:42","modified_gmt":"2026-03-12T19:44:42","slug":"lagos","status":"publish","type":"page","link":"https:\/\/travelshelper.com\/vi\/destinations\/europe\/portugal\/lagos\/","title":{"rendered":"Lagos"},"content":{"rendered":"<p>Lagos n\u1eb1m t\u1ea1i n\u01a1i h\u1ee3p l\u01b0u c\u1ee7a S\u00f4ng Bensafrim v\u00e0 \u0110\u1ea1i T\u00e2y D\u01b0\u01a1ng \u1edf Algarve ph\u00eda nam B\u1ed3 \u0110\u00e0o Nha, bao g\u1ed3m 212,99 km2 trong v\u00f9ng Barlavento. 31.049 c\u01b0 d\u00e2n c\u1ee7a th\u00e0nh ph\u1ed1 (\u0111i\u1ec1u tra d\u00e2n s\u1ed1 n\u0103m 2011) ch\u1ee7 y\u1ebfu sinh s\u1ed1ng d\u1ecdc theo b\u1edd bi\u1ec3n \u0111\u1ea7y n\u1eafng, n\u01a1i m\u1ed9t th\u00e0nh ph\u1ed1 th\u1ef1c s\u1ef1 v\u1edbi kho\u1ea3ng 22.000 ng\u01b0\u1eddi t\u1ee5 t\u1eadp trong c\u00e1c gi\u00e1o x\u1ee9 S\u00e3o Sebasti\u00e3o v\u00e0 Santa Maria. Du kh\u00e1ch theo m\u00f9a l\u00e0m t\u0103ng s\u1ed1 l\u01b0\u1ee3ng n\u00e0y trong nh\u1eefng th\u00e1ng \u1ea5m \u00e1p, b\u1ecb thu h\u00fat b\u1edfi l\u1eddi h\u1ee9a v\u1ec1 v\u00f9ng bi\u1ec3n \u00f4n \u0111\u1edbi, c\u00e1c v\u1ecbnh nh\u1ecf \u0111\u01b0\u1ee3c che ch\u1edf v\u00e0 m\u1ed9t minh ch\u1ee9ng s\u1ed1ng \u0111\u1ed9ng cho nhi\u1ec1u th\u1ebf k\u1ef7 l\u1ecbch s\u1eed h\u00e0ng h\u1ea3i v\u00e0 tr\u00ean c\u1ea1n.<\/p>\n<p>D\u1ecdc theo b\u1edd bi\u1ec3n, ph\u1ea7n l\u1edbn c\u01b0 d\u00e2n th\u01b0\u1eddng tr\u00fa c\u1ee7a Lagos ki\u1ebfm s\u1ed1ng b\u1eb1ng du l\u1ecbch v\u00e0 c\u00e1c d\u1ecbch v\u1ee5 li\u00ean quan, trong khi xa h\u01a1n v\u00e0o \u0111\u1ea5t li\u1ec1n, \u0111\u1ecba h\u00ecnh nh\u01b0\u1eddng ch\u1ed7 cho c\u00e1c c\u00e1nh \u0111\u1ed3ng ng\u0169 c\u1ed1c, \u00f4 liu v\u00e0 cam qu\u00fdt, do m\u1ed9t b\u1ed9 ph\u1eadn d\u00e2n c\u01b0 n\u00f4ng th\u00f4n khi\u00eam t\u1ed1n l\u00e0m vi\u1ec7c, nh\u1eefng ng\u01b0\u1eddi lao \u0111\u1ed9ng trong n\u00f4ng nghi\u1ec7p v\u00e0 l\u00e2m nghi\u1ec7p g\u1ee3i nh\u1edb \u0111\u1ebfn c\u00e1c m\u00f4 h\u00ecnh \u0111\u1ecbnh c\u01b0 l\u00e2u \u0111\u1eddi. T\u00ednh hai m\u1eb7t n\u00e0y\u2014m\u1ed9t n\u1ec1n kinh t\u1ebf chia r\u1ebd gi\u1eefa l\u00f2ng hi\u1ebfu kh\u00e1ch tr\u00e0n ng\u1eadp \u00e1nh n\u1eafng v\u00e0 s\u1ef1 y\u00ean t\u0129nh c\u1ee7a n\u00f4ng nghi\u1ec7p\u2014x\u00e1c \u0111\u1ecbnh n\u00ean \u0111\u1eb7c \u0111i\u1ec3m c\u1ee7a th\u00e0nh ph\u1ed1, c\u0169ng nh\u01b0 nh\u1ecbp \u0111i\u1ec7u theo m\u00f9a thay \u0111\u1ed5i khi du kh\u00e1ch \u0111\u1ebfn \u0111\u1ec3 t\u00ecm ki\u1ebfm nh\u1eefng b\u00e3i bi\u1ec3n, c\u00e1c kh\u1ed1i \u0111\u00e1 v\u00e0 c\u00e1c ho\u1ea1t \u0111\u1ed9ng v\u0103n h\u00f3a n\u1ed5i ti\u1ebfng c\u1ee7a khu v\u1ef1c.<\/p>\n<p>B\u1edd bi\u1ec3n quanh Lagos cho th\u1ea5y nhi\u1ec1u lo\u1ea1i c\u00e1t v\u00e0 \u0111\u00e1 \u0111\u01b0\u1ee3c t\u1ea1o h\u00ecnh b\u1edfi gi\u00f3 v\u00e0 n\u01b0\u1edbc. Meia Praia, d\u1ea3i c\u00e1t tr\u1eafng r\u1ed9ng l\u1edbn \u1edf c\u1eeda s\u00f4ng, tr\u1ea3i d\u00e0i qua m\u1ed9t trong nh\u1eefng v\u1ecbnh m\u1edf l\u1edbn nh\u1ea5t ch\u00e2u \u00c2u v\u00e0 c\u00f3 v\u00f9ng n\u01b0\u1edbc \u00eam \u1ea3 th\u00edch h\u1ee3p cho c\u00e1c m\u00f4n th\u1ec3 thao ch\u00e8o thuy\u1ec1n v\u00e0 ch\u00e8o thuy\u1ec1n d\u01b0\u1edbi s\u1ef1 gi\u00e1m s\u00e1t c\u1ee7a c\u1ea7u k\u00e9o hi\u1ec7n \u0111\u1ea1i n\u1ed1i b\u1ebfn du thuy\u1ec1n v\u1edbi khu ph\u1ed1 c\u1ed5. V\u1ec1 ph\u00eda \u0111\u00f4ng l\u00e0 Praia Solaria v\u00e0 Praia da Batata nh\u1ecf b\u00e9, n\u01a1i d\u00f2ng s\u00f4ng h\u00f2a v\u00e0o bi\u1ec3n trong m\u1ed9t v\u1ecbnh nh\u1ecf, n\u01a1i t\u1ed5 ch\u1ee9c c\u00e1c cu\u1ed9c t\u1ee5 h\u1ecdp m\u00f9a h\u00e8 kh\u00f4ng ch\u00ednh th\u1ee9c. Xa h\u01a1n n\u1eefa, Praia dos Estudantes v\u00e0 Praia da Dona Ana n\u1eb1m n\u00e9p m\u00ecnh b\u00ean d\u01b0\u1edbi nh\u1eefng v\u00e1ch \u0111\u00e1 m\u00e0u \u0111\u1ea5t son c\u00f3 v\u1ebft n\u1ee9t, th\u1ee7y tri\u1ec1u thay \u0111\u1ed5i chia \u0111\u00f4i b\u1edd bi\u1ec3n h\u1eb9p khi th\u1ee7y tri\u1ec1u l\u00ean cao. Praia do Canavial v\u00e0 Praia de Camilo c\u00f3 nh\u1eefng m\u1ecfm \u0111\u00e1 n\u1ed5i b\u1eadt v\u00e0 nh\u1eefng con \u0111\u01b0\u1eddng b\u1eadc thang d\u1eabn xu\u1ed1ng m\u1ef1c n\u01b0\u1edbc bi\u1ec3n, trong khi gi\u00e1o x\u1ee9 Luz c\u00f3 Praia da Luz, \u0111\u01b0\u1ee3c bao quanh b\u1edfi m\u0169i \u0111\u1ea5t t\u1ed1i c\u1ee7a Rocha Negra. B\u00ean ngo\u00e0i ranh gi\u1edbi c\u1ee7a th\u1ecb tr\u1ea5n, Praia da Balan\u00e7a hi\u1ec7n ra nh\u01b0 m\u1ed9t b\u00e3i c\u00e1t bi\u1ec7t l\u1eadp, \u0111\u01b0\u1ee3c bao quanh b\u1edfi nh\u1eefng v\u00e1ch \u0111\u00e1 cao ch\u00f3t v\u00f3t t\u1ea1o th\u00e0nh \u0111\u01b0\u1eddng ch\u00e2n tr\u1eddi \u0110\u1ea1i T\u00e2y D\u01b0\u01a1ng.<\/p>\n<p>B\u00ean d\u01b0\u1edbi nh\u1eefng b\u1edd bi\u1ec3n \u0111\u1eb9p nh\u01b0 tranh v\u1ebd n\u00e0y l\u00e0 m\u1ed9t b\u1ea3n ghi ch\u00e9p v\u1ec1 th\u1eddi gian s\u00e2u th\u1eb3m. \u0110\u1ecba t\u1ea7ng h\u1ecdc c\u1ee7a Algarve ph\u1ea3n \u00e1nh di s\u1ea3n c\u1ee7a ki\u1ebfn \u200b\u200bt\u1ea1o n\u00fai Variscan v\u00e0 qu\u00e1 tr\u00ecnh l\u1eafng \u0111\u1ecdng Mesozoi v\u00e0 Cenozoic sau \u0111\u00f3. \u0110\u00e1 sa th\u1ea1ch \u0111\u1ecf l\u1ee5c \u0111\u1ecba c\u1ee7a k\u1ef7 Trias nh\u01b0\u1eddng ch\u1ed7 cho \u0111\u00e1 v\u00f4i bi\u1ec3n n\u00f4ng v\u00e0 \u0111\u00e1 bay h\u01a1i, xen k\u1ebd v\u1edbi c\u00e1c tuf v\u00e0 d\u00f2ng ch\u1ea3y n\u00fai l\u1eeda. D\u1ecdc theo b\u1edd bi\u1ec3n t\u1eeb Lagos \u0111\u1ebfn Albufeira, th\u00e0nh h\u1ec7 Lagos-Portim\u00e3o gi\u1eefa Miocene ghi l\u1ea1i m\u1ed9t th\u1eddi k\u1ef3 l\u1eafng \u0111\u1ecdng bi\u1ec3n tr\u00ean m\u1ed9t th\u1ec1m th\u1ea5p, sau \u0111\u00f3 b\u1ecb gi\u00e1n \u0111o\u1ea1n b\u1edfi m\u1ed9t kho\u1ea3ng th\u1eddi gian gi\u00e1n \u0111o\u1ea1n trong Miocene kho\u1ea3ng 2,4 tri\u1ec7u n\u0103m. C\u00e1c b\u1ec1 m\u1eb7t l\u1ed9 ra trong kho\u1ea3ng th\u1eddi gian y\u00ean t\u0129nh n\u00e0y \u0111\u00e3 th\u00fac \u0111\u1ea9y c\u00e1c \u0111\u1eb7c \u0111i\u1ec3m karst ng\u00e0y nay t\u1ea1o n\u00ean c\u00e1c v\u00e1ch \u0111\u00e1 th\u00e0nh c\u00e1c d\u1ea3i ngang c\u1ee7a c\u00e1c l\u1edbp siliciclastic v\u00e0 v\u00f4i. S\u1ef1 k\u1ebft d\u00ednh y\u1ebfu c\u1ee7a c\u00e1c t\u1ea7ng n\u00e0y khi\u1ebfn c\u00e1c v\u00e1ch \u0111\u00e1 d\u1ec5 b\u1ecb s\u1ee5p \u0111\u1ed5, trong khi c\u00e1c v\u1ecf h\u00f3a th\u1ea1ch, \u0111\u1ed9ng v\u1eadt h\u00ecnh r\u00eau v\u00e0 t\u1ea3o san h\u00f4 cho th\u1ea5y m\u1ed9t ch\u1ebf \u0111\u1ed9 l\u1eafng \u0111\u1ecdng \u1ea5m \u00e1p-\u00f4n \u0111\u1edbi. T\u1ea1i \u0111\u1ecba ph\u01b0\u01a1ng \u0111\u01b0\u1ee3c g\u1ecdi l\u00e0 Cerro das M\u00f3s, m\u1ed9t chi\u1ebfc r\u0103ng c\u00e1 s\u1ea5u c\u1ed5 \u0111\u1ea1i v\u00e0 di t\u00edch \u0111\u1ed9ng v\u1eadt c\u00f3 v\u00fa bi\u1ec3n c\u00f3 ni\u00ean \u0111\u1ea1i t\u1eeb th\u1eddi Serravallian, \u0111\u00e1nh d\u1ea5u b\u1eb1ng ch\u1ee9ng s\u1edbm nh\u1ea5t v\u1ec1 Odontoceti trong khu v\u1ef1c.<\/p>\n<p>L\u1ecbch s\u1eed lo\u00e0i ng\u01b0\u1eddi \u1edf Lagos c\u0169ng c\u00f3 nhi\u1ec1u l\u1edbp t\u01b0\u01a1ng t\u1ef1. Th\u00e0nh ph\u1ed1 n\u00e0y t\u1eebng l\u00e0 trung t\u00e2m c\u1ee7a Th\u1eddi \u0111\u1ea1i Kh\u00e1m ph\u00e1 c\u1ee7a B\u1ed3 \u0110\u00e0o Nha, th\u01b0\u1eddng xuy\u00ean \u0111\u00f3n ti\u1ebfp Ho\u00e0ng t\u1eed Henry Nh\u00e0 h\u00e0ng h\u1ea3i v\u00e0 nh\u1eefng ng\u01b0\u1eddi th\u1ee3 \u0111\u00f3ng t\u00e0u chu\u1ea9n b\u1ecb t\u00e0u cho c\u00e1c chuy\u1ebfn \u0111i d\u1ecdc b\u1edd bi\u1ec3n T\u00e2y Phi. Ch\u00ednh t\u1ea1i Lagos, v\u00e0o n\u0103m 1444, th\u1ecb tr\u01b0\u1eddng \u0111\u1ea7u ti\u00ean d\u00e0nh cho nh\u1eefng ng\u01b0\u1eddi ch\u00e2u Phi b\u1ecb b\u1eaft l\u00e0m n\u00f4 l\u1ec7 \u0111\u00e3 m\u1edf ra tr\u00ean \u0111\u1ea5t ch\u00e2u \u00c2u\u2014m\u1ed9t n\u1ec1n t\u1ea3ng bi th\u1ea3m c\u1ee7a m\u1ed9t ng\u00e0nh th\u01b0\u01a1ng m\u1ea1i s\u1ebd \u0111\u1ec3 l\u1ea1i v\u1ebft s\u1eb9o trong nhi\u1ec1u th\u1ebf k\u1ef7. Ng\u00e0y nay, m\u1ed9t b\u1ea3o t\u00e0ng nh\u1ecf n\u1eb1m t\u1ea1i Mercado de Escravos tr\u01b0\u1edbc \u0111\u00e2y, n\u01a1i c\u00e1c cu\u1ed9c tri\u1ec3n l\u00e3m k\u1ef9 thu\u1eadt s\u1ed1 h\u01b0\u1edbng d\u1eabn du kh\u00e1ch qua ch\u01b0\u01a1ng \u0111\u1ea7y c\u0103ng th\u1eb3ng \u0111\u00f3. T\u00ean c\u1ee7a th\u00e0nh ph\u1ed1 \u0111\u00e3 lan truy\u1ec1n qua \u0110\u1ea1i T\u00e2y D\u01b0\u01a1ng, t\u1ea1o n\u00ean n\u01a1i s\u1ebd tr\u1edf th\u00e0nh Lagos \u1edf Nigeria, m\u1ed9t minh ch\u1ee9ng cho nh\u1eefng k\u1ebft n\u1ed1i h\u00e0ng h\u1ea3i \u0111\u01b0\u1ee3c h\u00ecnh th\u00e0nh v\u00e0o th\u1ebf k\u1ef7 XV.<\/p>\n<p>Lagos t\u1eeb l\u00e2u \u0111\u00e3 thu h\u00fat du kh\u00e1ch kh\u00f4ng ch\u1ec9 v\u00ec nh\u1eefng li\u00ean t\u01b0\u1edfng l\u1ecbch s\u1eed m\u00e0 c\u00f2n v\u00ec s\u1ef1 vui v\u1ebb c\u1ee7a cu\u1ed9c s\u1ed1ng hi\u1ec7n \u0111\u1ea1i. C\u00e1c qu\u00e1n bar n\u1eb1m d\u1ecdc theo nh\u1eefng con \u0111\u01b0\u1eddng l\u00e1t \u0111\u00e1 cu\u1ed9i c\u1ee7a khu ph\u1ed1 c\u1ed5, ph\u1ee5c v\u1ee5 r\u01b0\u1ee3u vang \u0111\u1ecba ph\u01b0\u01a1ng v\u00e0 h\u1ea3i s\u1ea3n \u0111\u00e1nh b\u1eaft trong \u00e1nh b\u00ecnh minh. C\u00e1c nh\u00e0 h\u00e0ng chi\u1ebfm gi\u1eef nh\u1eefng ng\u00f4i nh\u00e0 c\u1ee7a th\u01b0\u01a1ng gia c\u0169, cung c\u1ea5p b\u1ea1ch tu\u1ed9c \u0111\u01b0\u1ee3c h\u00e2m n\u00f3ng tr\u00ean than h\u1ed3ng v\u00e0 \u1ed1c s\u00ean chi\u00ean. Kh\u00e1ch s\u1ea1n c\u00f3 nhi\u1ec1u lo\u1ea1i, t\u1eeb nh\u00e0 tr\u1ecd qu\u00e9t v\u00f4i tr\u1eafng trong c\u00e1c tu vi\u1ec7n c\u0169 \u0111\u1ebfn c\u00e1c khu ngh\u1ec9 d\u01b0\u1ee1ng ven bi\u1ec3n c\u00f3 s\u00e2n hi\u00ean \u1ed1p k\u00ednh nh\u00ecn ra ng\u1ecdn h\u1ea3i \u0111\u0103ng \u1edf Ponta da Piedade. N\u0103m 2012, s\u1ef1 k\u1ebft h\u1ee3p gi\u1eefa di s\u1ea3n v\u00e0 l\u00f2ng hi\u1ebfu kh\u00e1ch n\u00e0y \u0111\u00e3 gi\u00fap Lagos gi\u00e0nh \u0111\u01b0\u1ee3c v\u1ecb tr\u00ed h\u00e0ng \u0111\u1ea7u trong danh s\u00e1ch &#034;nh\u1eefng \u0111i\u1ec3m \u0111\u1ebfn \u0111ang n\u1ed5i l\u00ean&#034; c\u1ee7a TripAdvisor, m\u1ed9t s\u1ef1 c\u00f4ng nh\u1eadn v\u1ec1 s\u1ee9c h\u1ea5p d\u1eabn ng\u00e0y c\u00e0ng t\u0103ng c\u1ee7a th\u00e0nh ph\u1ed1 \u0111\u1ed1i v\u1edbi kh\u00e1n gi\u1ea3 qu\u1ed1c t\u1ebf.<\/p>\n<p>\u0110\u00e1nh b\u1eaft c\u00e1 v\u1eabn l\u00e0 nh\u1ecbp \u0111\u1eadp c\u1ee7a cu\u1ed9c s\u1ed1ng th\u01b0\u1eddng nh\u1eadt c\u1ee7a ng\u01b0\u1eddi d\u00e2n \u0111\u1ecba ph\u01b0\u01a1ng. T\u1eeb l\u00e2u tr\u01b0\u1edbc khi du l\u1ecbch th\u1ed1ng tr\u1ecb n\u1ec1n kinh t\u1ebf, ng\u01b0\u1eddi ta \u0111\u00e3 th\u1ea3 l\u01b0\u1edbi t\u1eeb nh\u1eefng chi\u1ebfc thuy\u1ec1n nh\u1ecf xu\u1ed1ng v\u00f9ng bi\u1ec3n \u0110\u1ea1i T\u00e2y D\u01b0\u01a1ng n\u00e0y, k\u00e9o theo c\u00e1 m\u00f2i v\u00e0 c\u00e1 thu \u0111\u1ec3 nu\u00f4i s\u1ed1ng c\u1ea3 v\u00f9ng. V\u1edbi vi\u1ec7c m\u1edf c\u1eeda Marina de Lagos, n\u01a1i hi\u1ec7n c\u00f3 460 b\u1ebfn, th\u1ecb tr\u1ea5n \u0111\u00e3 ch\u1ea5p nh\u1eadn du ngo\u1ea1n \u0111\u01b0\u1eddng d\u00e0i c\u00f9ng v\u1edbi c\u00e1c \u0111\u1ed9i t\u00e0u \u0111\u00e1nh c\u00e1 truy\u1ec1n th\u1ed1ng. C\u1ea7u tr\u1ee5c xoay c\u1ee7a b\u1ebfn du thuy\u1ec1n, m\u1ed9t k\u1ef3 c\u00f4ng k\u1ef9 thu\u1eadt hi\u1ec7n \u0111\u1ea1i, cho ph\u00e9p ti\u1ebfp c\u1eadn b\u1ebfn c\u1ea3ng nh\u1ed9n nh\u1ecbp m\u1ed7i s\u00e1ng, n\u01a1i ng\u01b0 d\u00e2n l\u00e0m s\u1ea1ch c\u00e1 \u0111\u00e1nh b\u1eaft \u0111\u01b0\u1ee3c tr\u00ean nh\u1eefng t\u1ea5m v\u00e1n c\u0169 k\u1ef9.<\/p>\n<p>K\u1ebft n\u1ed1i \u0111\u01b0\u1eddng b\u1ed9 v\u1eabn ti\u1ebfp t\u1ee5c d\u1ecdc theo tuy\u1ebfn \u0111\u01b0\u1eddng s\u1eaft Linha do Algarve, tuy\u1ebfn \u0111\u01b0\u1eddng s\u1eaft n\u00e0y ch\u1ea1y t\u1eeb Lagos v\u1ec1 ph\u00eda \u0111\u00f4ng qua Faro \u0111\u1ebfn Vila Real de Santo Ant\u00f3nio. Comboios de Portugal \u0111i\u1ec1u h\u00e0nh d\u1ecbch v\u1ee5 n\u00e0y, v\u1edbi d\u1ecbch v\u1ee5 trung chuy\u1ec3n t\u1ea1i Tunes cho Lisbon ho\u1eb7c Porto. M\u1eb7c d\u00f9 s\u00e2n bay th\u00e0nh ph\u1ed1 ch\u1ec9 ph\u1ee5c v\u1ee5 m\u00e1y bay gi\u1ea3i tr\u00ed nh\u1ecf, nh\u01b0ng c\u1eeda ng\u00f5 qu\u1ed1c t\u1ebf c\u1ee7a S\u00e2n bay Faro n\u1eb1m c\u00e1ch \u0111\u00f3 ch\u01b0a \u0111\u1ea7y m\u1ed9t gi\u1edd l\u00e1i xe, \u0111\u1ea3m b\u1ea3o k\u1ebft n\u1ed1i li\u1ec1n m\u1ea1ch v\u1edbi c\u00e1c th\u1ee7 \u0111\u00f4 c\u1ee7a ch\u00e2u \u00c2u.<\/p>\n<p>Th\u00e0nh ph\u1ed1 s\u1ed1ng \u0111\u1ed9ng t\u1ef1 b\u1ed9c l\u1ed9 theo nh\u1ecbp \u0111i\u1ec7u \u0111\u1ec1u \u0111\u1eb7n: ch\u1ee3 c\u00e1 l\u00fac r\u1ea1ng \u0111\u00f4ng, n\u01a1i nh\u1eefng x\u00e1c c\u00e1 c\u00f3 v\u1ea3y b\u1ea1c \u0111\u01b0\u1ee3c b\u00e0y tr\u00ean b\u0103ng; l\u1edbp g\u1ec9 c\u1ee7a nh\u1eefng t\u00f2a nh\u00e0 m\u00e0u ph\u1ea5n \u1edf qu\u1ea3ng tr\u01b0\u1eddng trung t\u00e2m; ti\u1ebfng xe \u0111\u1ea1p bu\u1ed5i s\u00e1ng leng keng d\u1ecdc theo Rua Porta da Vila. Trong s\u1ed1 nh\u1eefng di s\u1ea3n \u0111\u01b0\u1ee3c x\u00e2y d\u1ef1ng c\u00f3 Forte da Ponta da Bandeira, m\u1ed9t ph\u00e1o \u0111\u00e0i th\u1ebf k\u1ef7 XVII b\u1ea3o v\u1ec7 l\u1ed1i v\u00e0o b\u1ebfn c\u1ea3ng, nh\u1eefng b\u1ee9c t\u01b0\u1eddng v\u00e0 t\u01b0\u1eddng th\u00e0nh tr\u1eafng x\u00f3a l\u00e0 l\u1eddi nh\u1eafc nh\u1edf v\u1ec1 nh\u1eefng m\u1ed1i \u0111e d\u1ecda trong qu\u00e1 kh\u1ee9. G\u1ea7n \u0111\u00f3, nh\u00e0 th\u1edd Igreja de Santo Ant\u00f3nio theo phong c\u00e1ch baroque \u1ea9n ch\u1ee9a Capela dos Ossos, v\u1edbi nh\u1eefng b\u1ee9c t\u01b0\u1eddng \u0111\u01b0\u1ee3c l\u00f3t b\u1eb1ng h\u00e0i c\u1ed1t c\u1ee7a con ng\u01b0\u1eddi, m\u1ed9t s\u1ef1 ph\u1ea3n \u00e1nh u \u00e1m v\u1ec1 c\u00e1i ch\u1ebft. V\u01b0\u01a1n l\u00ean ph\u00eda tr\u00ean m\u0169i \u0111\u1ea5t v\u1ec1 ph\u00eda t\u00e2y l\u00e0 Farol da Ponta da Piedade, n\u01a1i \u00e1nh s\u00e1ng t\u1eebng d\u1eabn \u0111\u01b0\u1eddng cho nh\u1eefng ng\u01b0\u1eddi \u0111i bi\u1ec3n \u0111i qua nh\u1eefng m\u1ecfm \u0111\u00e1 g\u1ed3 gh\u1ec1.<\/p>\n<p>\u0110i b\u1ed9 m\u1ed9t \u0111o\u1ea1n ng\u1eafn t\u1eeb ph\u1ed1 c\u1ed5 s\u1ebd \u0111\u01b0a b\u1ea1n \u0111\u1ebfn B\u1ea3o t\u00e0ng th\u00e0nh ph\u1ed1 Dr. Jos\u00e9 Formosinho, m\u1ed9t ph\u1ea7n ph\u1ee5 c\u1ee7a nh\u00e0 th\u1edd th\u1ebf k\u1ef7 XVII l\u01b0u gi\u1eef c\u00e1c ph\u00e1t hi\u1ec7n kh\u1ea3o c\u1ed5 v\u00e0 t\u00e1c ph\u1ea9m ngh\u1ec7 thu\u1eadt ghi l\u1ea1i qu\u00e1 tr\u00ecnh ph\u00e1t tri\u1ec3n c\u1ee7a khu v\u1ef1c t\u1eeb th\u1eddi ti\u1ec1n s\u1eed \u0111\u1ebfn th\u1eddi k\u1ef3 cai tr\u1ecb c\u1ee7a ng\u01b0\u1eddi Moor v\u00e0 k\u1ef7 nguy\u00ean h\u00e0ng h\u1ea3i. Nh\u1eefng con ph\u1ed1 li\u1ec1n k\u1ec1 cho th\u1ea5y m\u1ed9t t\u1ea5m th\u1ea3m azulejos v\u00e0 ban c\u00f4ng b\u1eb1ng s\u1eaft r\u00e8n, m\u1ed7i m\u1eb7t ti\u1ec1n l\u00e0 s\u1ef1 t\u01b0\u01a1ng t\u00e1c \u0111\u01b0\u1ee3c t\u00ednh to\u00e1n gi\u1eefa m\u00e0u s\u1eafc v\u00e0 b\u00f3ng t\u1ed1i.<\/p>\n<p>Nh\u1eefng ai mu\u1ed1n v\u01b0\u1ee3t ra ngo\u00e0i s\u1ef1 quan s\u00e1t c\u00e1c di s\u1ea3n t\u0129nh c\u1ee7a \u0111\u1ecba ch\u1ea5t v\u00e0 ki\u1ebfn \u200b\u200btr\u00fac c\u00f3 th\u1ec3 g\u1eb7p Chuy\u1ebfn phi\u00eau l\u01b0u xe \u0111\u1ea1p leo n\u00fai t\u1ea1i Rua Porta da Vila, n\u01a1i c\u00f3 h\u01b0\u1edbng d\u1eabn vi\u00ean d\u1eabn nh\u1eefng ng\u01b0\u1eddi \u0111i xe \u0111\u1ea1p t\u1eeb c\u00e1c \u0111\u1ec9nh n\u00fai Serra do Caldeir\u00e3o\u2014cao t\u1edbi 902 m\u00e9t\u2014xu\u1ed1ng m\u1ef1c n\u01b0\u1edbc bi\u1ec3n, b\u0103ng qua nh\u1eefng con \u0111\u01b0\u1eddng m\u00e0 nh\u1eefng ng\u01b0\u1eddi ch\u0103n c\u1eebu v\u00e0 th\u01b0\u01a1ng nh\u00e2n t\u1eebng \u0111i qua. Chuy\u1ebfn tham quan, \u0111\u01b0\u1ee3c \u0111\u1ecbnh gi\u00e1 ph\u00f9 h\u1ee3p v\u1edbi s\u1ef1 ph\u1ee9c t\u1ea1p v\u1ec1 m\u1eb7t h\u1eadu c\u1ea7n, cung c\u1ea5p c\u1ea3 d\u1ecbch v\u1ee5 \u0111\u01b0a \u0111\u00f3n v\u00e0 c\u00e1c tuy\u1ebfn \u0111\u01b0\u1eddng \u0111\u01b0\u1ee3c ph\u00e2n lo\u1ea1i cho nhi\u1ec1u kh\u1ea3 n\u0103ng kh\u00e1c nhau. \u0110\u1ed1i v\u1edbi c\u00e1c chuy\u1ebfn \u0111i ch\u01a1i gia \u0111\u00ecnh, V\u01b0\u1eddn th\u00fa Lagos n\u1eb1m c\u00e1ch b\u1edd bi\u1ec3n m\u01b0\u1eddi km, c\u00e1c khu v\u1ef1c nh\u1ecf g\u1ecdn c\u1ee7a n\u00f3 l\u00e0 n\u01a1i tr\u00fa ng\u1ee5 c\u1ee7a lo\u00e0i d\u00ea n\u00fai Iberia v\u00e0 c\u00e1c lo\u00e0i linh tr\u01b0\u1edfng k\u1ef3 l\u1ea1 d\u01b0\u1edbi s\u1ef1 gi\u00e1m s\u00e1t c\u1ee7a c\u00e1c nh\u00e0 t\u1ef1 nhi\u00ean h\u1ecdc \u0111\u1ecba ph\u01b0\u01a1ng.<\/p>\n<p>N\u01b0\u1edbc v\u1eabn l\u00e0 \u0111i\u1ec3m thu h\u00fat th\u1ea5m nhu\u1ea7n m\u1ecdi kh\u00eda c\u1ea1nh c\u1ee7a Lagos. C\u00e1c tour ng\u1eafm c\u00e1 heo kh\u1edfi h\u00e0nh t\u1eeb b\u1ebfn du thuy\u1ec1n, nh\u1eefng con t\u00e0u \u0111\u01b0\u1ee3c trang b\u1ecb \u0111\u1ee7 n\u0103ng l\u01b0\u1ee3ng \u0111\u1ec3 \u0111u\u1ed5i theo nh\u1eefng \u0111\u00e0n c\u00e1 di chuy\u1ec3n nhanh, m\u1eb7c d\u00f9 kh\u00f4ng bao gi\u1edd \u0111\u1ea3m b\u1ea3o c\u00f3 th\u1ec3 nh\u00ecn th\u1ea5y ch\u00fang. D\u1ecbch v\u1ee5 cho thu\u00ea thuy\u1ec1n kayak tr\u00ean bi\u1ec3n \u0111\u01b0\u1ee3c \u0111\u1eb7t t\u1ea1i c\u00e1c ki-\u1ed1t ven b\u1edd, m\u1eddi g\u1ecdi nh\u1eefng ng\u01b0\u1eddi ch\u00e8o thuy\u1ec1n kh\u00e1m ph\u00e1 c\u00e1c hang \u0111\u1ed9ng \u1ea9n v\u00e0 c\u00e1c v\u00f2m bi\u1ec3n \u0111\u01b0\u1ee3c \u0111\u1ebdo g\u1ecdt trong v\u00e1ch \u0111\u00e1. C\u00e1c tour du thuy\u1ec1n \u0111\u1ebfn c\u00e1c hang \u0111\u1ed9ng c\u1ee7a Ponta da Piedade \u0111\u01b0\u1ee3c kh\u1edfi h\u00e0nh v\u1edbi m\u1ee9c gi\u00e1 c\u1ed1 \u0111\u1ecbnh, nh\u01b0ng v\u1eabn c\u00f3 m\u1ed9t l\u1ef1a ch\u1ecdn thay th\u1ebf \u00edt mang t\u00ednh th\u01b0\u01a1ng m\u1ea1i h\u01a1n: \u0111i xu\u1ed1ng kho\u1ea3ng hai tr\u0103m b\u1eadc thang t\u1ea1i Farol da Ponta da Piedade \u0111\u1ec3 th\u1ea5y m\u1ed9t c\u1ea7u t\u00e0u khi\u00eam t\u1ed1n n\u01a1i nh\u1eefng ng\u01b0\u1eddi \u0111\u00e1nh c\u00e1 \u0111\u1ecba ph\u01b0\u01a1ng h\u01b0\u1edbng d\u1eabn nh\u1eefng chi\u1ebfc thuy\u1ec1n nh\u1ecf \u0111i qua c\u00e1c l\u1ed1i \u0111i ng\u1ea7m v\u1edbi m\u1ee9c ph\u00ed cao h\u01a1n m\u1ed9t ch\u00fat nh\u01b0ng v\u1eabn c\u00f3 c\u1ea3m gi\u00e1c ch\u00e2n th\u1ef1c.<\/p>\n<p>Nh\u1eefng ng\u01b0\u1eddi h\u00e0nh h\u01b0\u01a1ng t\u00ecm ki\u1ebfm s\u1ef1 an \u1ee7i tr\u00ean nh\u1eefng b\u1edd bi\u1ec3n v\u1eafng v\u1ebb ch\u1ec9 c\u00f3 th\u1ec3 ti\u1ebfp c\u1eadn b\u1eb1ng nh\u1eefng ch\u1ed7 \u0111\u1ec3 ch\u00e2n v\u00e0 d\u00e2y th\u1eebng \u0111\u01b0\u1ee3c \u0111\u00f3ng v\u00e0o c\u00e1c s\u01b0\u1eddn d\u1ed1c b\u00f9n tr\u00ean bi\u1ec3n. Trong nh\u1eefng v\u1ecbnh nh\u1ecf n\u00e0y, v\u00f9ng bi\u1ec3n \u0110\u1ea1i T\u00e2y D\u01b0\u01a1ng m\u1edf ra m\u1ed9t c\u00e1ch l\u1eb7ng l\u1ebd, ti\u1ebfng s\u00f3ng g\u1ea7m r\u00fa \u0111\u01b0\u1ee3c l\u00e0m d\u1ecbu \u0111i b\u1edfi \u0111\u01b0\u1eddng cong b\u1ea3o v\u1ec7 c\u1ee7a \u0111\u00e1. L\u01b0\u1edbi c\u1ee7a ng\u01b0 d\u00e2n kh\u00f4 tr\u00ean lan can \u1ed1 g\u1ec9, v\u00e0 g\u1ed7 tr\u00f4i d\u1ea1t t\u00edch t\u1ee5 trong nh\u1eefng b\u00e3i c\u00e1t n\u01a1i \u00edt ng\u01b0\u1eddi lui t\u1edbi.<\/p>\n<p>Trong su\u1ed1t c\u00e1c m\u00f9a, Lagos mang \u0111\u1ebfn m\u1ed9t chu\u1ed7i s\u1ef1 ki\u1ec7n li\u00ean t\u1ee5c: ti\u1ebfng xe tay ga r\u00ec r\u00e0o ch\u1ea1y qua d\u01b0\u1edbi nh\u1eefng c\u00e2y hoa gi\u1ea5y, ti\u1ebfng chu\u00f4ng nh\u00e0 th\u1edd ng\u00e2n vang v\u00e0o gi\u1eefa tr\u01b0a, ti\u1ebfng gi\u00f3 th\u1ed5i mu\u1ed1i khi ho\u00e0ng h\u00f4n bu\u00f4ng xu\u1ed1ng. B\u1ea3n s\u1eafc c\u1ee7a th\u00e0nh ph\u1ed1 n\u00e0y xu\u1ea5t hi\u1ec7n t\u1ea1i giao \u0111i\u1ec3m c\u1ee7a l\u1ecbch s\u1eed t\u1ef1 nhi\u00ean v\u00e0 n\u1ed7 l\u1ef1c c\u1ee7a con ng\u01b0\u1eddi, n\u01a1i nh\u1eefng v\u00e1ch \u0111\u00e1 l\u01b0u gi\u1eef k\u00fd \u1ee9c v\u1ec1 v\u00f9ng bi\u1ec3n xa x\u00f4i v\u00e0 nh\u1eefng con ph\u1ed1 trong th\u00e0nh ph\u1ed1 ch\u1ee9ng ki\u1ebfn \u200b\u200bnh\u1eefng chuy\u1ebfn \u0111i xuy\u00ean \u0111\u1ea1i d\u01b0\u01a1ng tr\u00ean th\u1ebf gi\u1edbi. T\u1ea1i n\u01a1i n\u00e0y, qu\u00e1 kh\u1ee9 v\u1eabn hi\u1ec7n h\u1eefu, \u0111\u01b0\u1ee3c kh\u1eafc ghi tr\u00ean \u0111\u00e1, n\u01b0\u1edbc v\u00e0 \u0111\u00e1, m\u1eddi g\u1ecdi t\u1ea5t c\u1ea3 nh\u1eefng ai \u0111\u1ebfn \u0111\u00e2y quan s\u00e1t, suy ng\u1eabm v\u00e0 tham gia v\u00e0o c\u00e2u chuy\u1ec7n tr\u01b0\u1eddng t\u1ed3n c\u1ee7a th\u00e0nh ph\u1ed1.<\/p>","protected":false},"excerpt":{"rendered":"<p>Lagos, m\u1ed9t th\u00e0nh ph\u1ed1 v\u00e0 \u0111\u00f4 th\u1ecb n\u1eb1m \u1edf ph\u00eda nam B\u1ed3 \u0110\u00e0o Nha, c\u00f3 d\u00e2n s\u1ed1 kho\u1ea3ng 31.049 c\u01b0 d\u00e2n trong m\u1ed9t di\u1ec7n t\u00edch 212,99 km vu\u00f4ng. N\u1eb1m tr\u00ean \u0110\u1ea1i T\u00e2y D\u01b0\u01a1ng \u1edf khu v\u1ef1c Barlavento c\u1ee7a Algarve v\u00e0 g\u1ea7n c\u1eeda s\u00f4ng Bensafrim, Lagos c\u00f3 qu\u00e1 kh\u1ee9 phong ph\u00fa v\u00e0 hi\u1ec7n t\u1ea1i n\u0103ng \u0111\u1ed9ng. Bao g\u1ed3m gi\u00e1o x\u1ee9 d\u00e2n s\u1ef1 S\u00e3o Sebasti\u00e3o e Santa Maria, th\u00e0nh ph\u1ed1 n\u00e0y l\u00e0 n\u01a1i sinh s\u1ed1ng c\u1ee7a h\u01a1n 22.000 ng\u01b0\u1eddi. V\u00e0o m\u00f9a h\u00e8, khi du kh\u00e1ch v\u00e0 c\u01b0 d\u00e2n theo m\u00f9a \u0111\u1ed5 v\u1ec1 kho b\u00e1u ven bi\u1ec3n n\u00e0y, nh\u1eefng con s\u1ed1 n\u00e0y t\u0103ng l\u00ean \u0111\u00e1ng k\u1ec3.<\/p>","protected":false},"author":1,"featured_media":3304,"parent":12065,"menu_order":0,"comment_status":"closed","ping_status":"closed","template":"elementor_theme","meta":{"_eb_attr":"","footnotes":""},"class_list":["post-12099","page","type-page","status-publish","has-post-thumbnail"],"_links":{"self":[{"href":"https:\/\/travelshelper.com\/vi\/wp-json\/wp\/v2\/pages\/12099","targetHints":{"allow":["GET"]}}],"collection":[{"href":"https:\/\/travelshelper.com\/vi\/wp-json\/wp\/v2\/pages"}],"about":[{"href":"https:\/\/travelshelper.com\/vi\/wp-json\/wp\/v2\/types\/page"}],"author":[{"embeddable":true,"href":"https:\/\/travelshelper.com\/vi\/wp-json\/wp\/v2\/users\/1"}],"replies":[{"embeddable":true,"href":"https:\/\/travelshelper.com\/vi\/wp-json\/wp\/v2\/comments?post=12099"}],"version-history":[{"count":0,"href":"https:\/\/travelshelper.com\/vi\/wp-json\/wp\/v2\/pages\/12099\/revisions"}],"up":[{"embeddable":true,"href":"https:\/\/travelshelper.com\/vi\/wp-json\/wp\/v2\/pages\/12065"}],"wp:featuredmedia":[{"embeddable":true,"href":"https:\/\/travelshelper.com\/vi\/wp-json\/wp\/v2\/media\/3304"}],"wp:attachment":[{"href":"https:\/\/travelshelper.com\/vi\/wp-json\/wp\/v2\/media?parent=12099"}],"curies":[{"name":"wp","href":"https:\/\/api.w.org\/{rel}","templated":true}]}}