{"id":12087,"date":"2024-09-15T14:06:03","date_gmt":"2024-09-15T14:06:03","guid":{"rendered":"https:\/\/travelshelper.com\/staging\/?page_id=12087"},"modified":"2026-03-12T19:43:17","modified_gmt":"2026-03-12T19:43:17","slug":"porto","status":"publish","type":"page","link":"https:\/\/travelshelper.com\/vi\/destinations\/europe\/portugal\/porto\/","title":{"rendered":"Porto"},"content":{"rendered":"<p>Porto t\u1ef1 gi\u1edbi thi\u1ec7u m\u00ecnh l\u00e0 m\u1ed9t th\u00e0nh ph\u1ed1 c\u1ee7a nh\u1eefng s\u1ef1 t\u01b0\u01a1ng ph\u1ea3n b\u1ec1n b\u1ec9 v\u00e0 s\u1ee9c s\u1ed1ng \u0111\u01b0\u1ee3c c\u00e2n nh\u1eafc, n\u01a1i ngu\u1ed3n g\u1ed1c c\u1ed5 x\u01b0a h\u1ed9i t\u1ee5 v\u1edbi nh\u1eefng tham v\u1ecdng \u0111\u01b0\u01a1ng \u0111\u1ea1i d\u1ecdc theo c\u1eeda s\u00f4ng Douro \u1edf mi\u1ec1n b\u1eafc B\u1ed3 \u0110\u00e0o Nha. N\u1eb1m ch\u00ednh x\u00e1c tr\u00ean 41,42 km2 l\u00e3nh th\u1ed5 th\u00e0nh ph\u1ed1 v\u00e0 c\u00f3 kho\u1ea3ng 248.769 c\u01b0 d\u00e2n sinh s\u1ed1ng, th\u00e0nh ph\u1ed1 khi\u00eam t\u1ed1n c\u1ee7a Porto th\u1ef1c s\u1ef1 \u1ea9n ch\u1ee9a m\u1ed9t v\u00f9ng \u0111\u00f4 th\u1ecb r\u1ed9ng 2.395 km2 v\u1edbi s\u1ee9c ch\u1ee9a kho\u1ea3ng 1.319.151 c\u00e1 nh\u00e2n. N\u1eb1m c\u00e1ch Lisbon 280 km v\u1ec1 ph\u00eda b\u1eafc v\u00e0 t\u00f4 \u0111i\u1ec3m cho b\u1edd bi\u1ec3n \u0110\u1ea1i T\u00e2y D\u01b0\u01a1ng \u1edf ph\u00eda t\u00e2y, Porto k\u1ebft h\u1ee3p m\u1ed9t l\u00f5i l\u1ecbch s\u1eed \u0111\u01b0\u1ee3c UNESCO c\u00f4ng nh\u1eadn l\u00e0 Di s\u1ea3n Th\u1ebf gi\u1edbi v\u1edbi th\u1ee9 h\u1ea1ng th\u00e0nh ph\u1ed1 to\u00e0n c\u1ea7u l\u00e0 Gamma + c\u1ee7a M\u1ea1ng l\u01b0\u1edbi Nghi\u00ean c\u1ee9u Th\u00e0nh ph\u1ed1 To\u00e0n c\u1ea7u h\u00f3a v\u00e0 Th\u1ebf gi\u1edbi.<\/p>\n<p>K\u00fd \u1ee9c v\u1ec1 khu \u0111\u1ecbnh c\u01b0 \u0111\u1ea7u ti\u00ean c\u1ee7a Porto v\u1eabn c\u00f2n trong t\u00ean g\u1ecdi c\u1ee7a th\u00e0nh ph\u1ed1. T\u1eeb m\u1ed9t t\u00ean g\u1ecdi Celtic-Latin, Portus Cale, th\u00e0nh ph\u1ed1 n\u00e0y n\u1ed5i l\u00ean v\u00e0o th\u1ebf k\u1ef7 th\u1ee9 hai tr\u01b0\u1edbc C\u00f4ng nguy\u00ean nh\u01b0 m\u1ed9t ti\u1ec1n \u0111\u1ed3n c\u1ee7a La M\u00e3. Qua nhi\u1ec1u th\u1ebf k\u1ef7, t\u00ean g\u1ecdi \u0111\u00f3 \u0111\u00e3 bi\u1ebfn \u0111\u1ed5i th\u00e0nh &#034;B\u1ed3 \u0110\u00e0o Nha&#034;, nh\u01b0ng b\u1ea3n th\u00e2n Porto v\u1eabn gi\u1eef \u0111\u01b0\u1ee3c b\u1ea3n s\u1eafc \u0111\u01b0\u1ee3c h\u00ecnh th\u00e0nh b\u1edfi ho\u1ea1t \u0111\u1ed9ng h\u00e0ng h\u1ea3i v\u00e0 trao \u0111\u1ed5i v\u0103n h\u00f3a. Trung t\u00e2m l\u1ecbch s\u1eed c\u1ee7a th\u00e0nh ph\u1ed1, \u0111\u01b0\u1ee3c c\u00f4ng nh\u1eadn l\u00e0 Di s\u1ea3n Th\u1ebf gi\u1edbi v\u00e0o n\u0103m 1996, bao g\u1ed3m C\u1ea7u Lu\u00eds I v\u00e0 Tu vi\u1ec7n Serra do Pilar, g\u1ee3i nh\u1edb \u0111\u1ebfn nh\u1eefng b\u1ee9c t\u01b0\u1eddng th\u1eddi trung c\u1ed5, nh\u00e0 nguy\u1ec7n theo phong c\u00e1ch La M\u00e3 v\u00e0 m\u00e1i v\u00f2m theo phong c\u00e1ch Gothic. Nh\u1eefng d\u1ea5u t\u00edch b\u1eb1ng \u0111\u00e1 n\u00e0y v\u1eabn t\u1ed3n t\u1ea1i c\u00f9ng v\u1edbi n\u1ed9i th\u1ea5t d\u00e1t v\u00e0ng theo phong c\u00e1ch baroque\u2014Nh\u00e0 th\u1edd Saint Francis v\u00e0 Santa Clara tr\u01b0ng b\u00e0y nh\u1eefng t\u00e1c ph\u1ea9m ch\u1ea1m kh\u1eafc tinh x\u1ea3o\u2014v\u00e0 nh\u1eefng n\u00e9t t\u00e2n c\u1ed5 \u0111i\u1ec3n trong Cung \u0111i\u1ec7n Stock Exchange v\u00e0 nh\u00e0 ga xe l\u1eeda S\u00e3o Bento \u0111\u01b0\u1ee3c trang tr\u00ed b\u1eb1ng g\u1ea1ch azulejo v\u1ebd tay.<\/p>\n<p>R\u01b0\u1ee3u vang Port, m\u1eb7t h\u00e0ng xu\u1ea5t kh\u1ea9u n\u1ed5i ti\u1ebfng nh\u1ea5t c\u1ee7a th\u00e0nh ph\u1ed1, ph\u1ea3n \u00e1nh s\u1ef1 c\u1ed9ng sinh gi\u1eefa Porto v\u00e0 Thung l\u0169ng Douro Th\u01b0\u1ee3ng. T\u1eeb nh\u1eefng s\u01b0\u1eddn \u0111\u1ed3i h\u00ecnh \u0111\u1ea5u tr\u01b0\u1eddng c\u1ee7a Vila Nova de Gaia b\u00ean kia s\u00f4ng, nh\u1eefng th\u00f9ng r\u01b0\u1ee3u vang t\u0103ng c\u01b0\u1eddng \u0111\u01b0\u1ee3c \u0111\u01b0a \u0111\u1ebfn c\u00e1c th\u1ecb tr\u01b0\u1eddng xa x\u00f4i, mang l\u1ea1i danh ti\u1ebfng qu\u1ed1c t\u1ebf. C\u00e1c quy tr\u00ecnh \u0111\u00f3ng g\u00f3i, v\u1eadn chuy\u1ec3n v\u00e0 ch\u1ee9ng nh\u1eadn r\u01b0\u1ee3u vang t\u0103ng c\u01b0\u1eddng \u0111\u01b0\u1ee3c th\u1ef1c hi\u1ec7n t\u1ea1i c\u00e1c t\u1ed5 ch\u1ee9c nh\u01b0 Vi\u1ec7n r\u01b0\u1ee3u vang Port v\u00e0 Museu do Vinho do Porto, n\u01a1i du kh\u00e1ch c\u00f3 th\u1ec3 theo d\u00f5i qu\u00e1 tr\u00ecnh ph\u00e1t tri\u1ec3n c\u1ee7a nho \u0111\u1ebfn khi \u0111\u00f3ng chai th\u00f4ng qua c\u00e1c bu\u1ed5i n\u1ebfm th\u1eed c\u00f3 h\u01b0\u1edbng d\u1eabn. Trong nh\u1eefng n\u0103m g\u1ea7n \u0111\u00e2y, Porto \u0111\u00e3 \u0111\u01b0\u1ee3c t\u1ea1p ch\u00ed Food and Travel c\u00f4ng nh\u1eadn l\u00e0 Th\u00e0nh ph\u1ed1 c\u1ee7a n\u0103m 2023 v\u00e0 \u0110i\u1ec3m \u0111\u1ebfn \u0111\u00f4 th\u1ecb ven bi\u1ec3n h\u00e0ng \u0111\u1ea7u c\u1ee7a Gi\u1ea3i th\u01b0\u1edfng Du l\u1ecbch Th\u1ebf gi\u1edbi n\u0103m 2024, kh\u1eb3ng \u0111\u1ecbnh v\u1ecb th\u1ebf c\u1ee7a th\u00e0nh ph\u1ed1 n\u00e0y trong s\u1ed1 c\u00e1c \u0111i\u1ec3m \u0111\u1ebfn \u0111\u00f4 th\u1ecb \u1edf ch\u00e2u \u00c2u.<\/p>\n<p>S\u1ef1 \u0111a d\u1ea1ng v\u1ec1 ki\u1ebfn \u200b\u200btr\u00fac l\u00e0m s\u1ed1ng \u0111\u1ed9ng c\u00e1c con ph\u1ed1 c\u1ee7a Porto. Nh\u00e0 th\u1edd l\u1edbn v\u00e0 Nh\u00e0 th\u1edd Cedofeita \u0111\u1ea1i di\u1ec7n cho s\u1ef1 s\u1ed1ng s\u00f3t c\u1ee7a ki\u1ebfn \u200b\u200btr\u00fac Romanesque th\u1eddi k\u1ef3 \u0111\u1ea7u, trong khi m\u1eb7t ti\u1ec1n nh\u00e0 \u1edf th\u1ebf k\u1ef7 15 v\u00e0 t\u00e0n t\u00edch c\u1ee7a c\u00e1c b\u1ee9c t\u01b0\u1eddng th\u00e0nh ph\u1ed1 g\u1ee3i nh\u1edb \u0111\u1ebfn th\u1eddi k\u1ef3 trung c\u1ed5 c\u1ee7a B\u1ed3 \u0110\u00e0o Nha. C\u00e1c nh\u00e0 th\u1edd baroque c\u1ee7a Miseric\u00f3rdia v\u00e0 Cl\u00e9rigos c\u00f9ng Cung \u0111i\u1ec7n Episcopal minh ch\u1ee9ng cho s\u1ef1 xa hoa c\u1ee7a th\u1ebf k\u1ef7 17 v\u00e0 18, n\u1ed9i th\u1ea5t c\u1ee7a ch\u00fang l\u1ea5p l\u00e1nh l\u00e1 v\u00e0ng. S\u1ef1 m\u1edf r\u1ed9ng v\u00e0o th\u1ebf k\u1ef7 19 \u0111\u00e3 gi\u1edbi thi\u1ec7u c\u00e1c h\u00ecnh th\u1ee9c l\u00e3ng m\u1ea1n v\u00e0 t\u00e2n c\u1ed5 \u0111i\u1ec3n \u0111\u01b0\u1ee3c minh h\u1ecda b\u1eb1ng c\u00e1c t\u00f2a nh\u00e0 th\u00e0nh ph\u1ed1 h\u00f9ng v\u0129 c\u1ee7a Avenida dos Aliados, B\u1ec7nh vi\u1ec7n Saint Anthony v\u00e0 c\u00e1c khu v\u01b0\u1eddn Crystal Palace. Ph\u00f2ng \u1ea2 R\u1eadp b\u00ean trong Pal\u00e1cio da Bolsa v\u1eabn l\u00e0 m\u1ed9t c\u00f4ng tr\u00ecnh ki\u1ebfn \u200b\u200btr\u00fac tuy\u1ec7t v\u1eddi, thu h\u00fat du kh\u00e1ch c\u00f3 h\u01b0\u1edbng d\u1eabn mu\u1ed1n ch\u1ee9ng ki\u1ebfn \u200b\u200b\u0111\u1ed3 trang tr\u00ed Ph\u1ee5c h\u01b0ng Moorish c\u1ee7a n\u00f3.<\/p>\n<p>Kh\u00ed h\u1eadu c\u1ee7a Porto \u0111\u1eb7t th\u00e0nh ph\u1ed1 n\u00e0y \u1edf ng\u00e3 t\u01b0 kh\u00ed t\u01b0\u1ee3ng gi\u1eefa s\u1ef1 \u1ea5m \u00e1p c\u1ee7a \u0110\u1ecba Trung H\u1ea3i v\u00e0 \u0111\u1ed9 \u1ea9m c\u1ee7a \u0110\u1ea1i T\u00e2y D\u01b0\u01a1ng. M\u00f9a h\u00e8 th\u01b0\u1eddng kh\u00f4 v\u00e0 n\u1eafng, v\u1edbi nhi\u1ec7t \u0111\u1ed9 cao trung b\u00ecnh l\u00e0 26 \u00b0C v\u00e0 th\u1ec9nh tho\u1ea3ng \u0111\u1ea1t \u0111\u1ec9nh g\u1ea7n 38 \u00b0C \u0111\u01b0\u1ee3c \u0111i\u1ec1u h\u00f2a b\u1edfi \u0111\u1ed9 \u1ea9m th\u1ea5p v\u00e0 gi\u00f3 bi\u1ec3n d\u1ecdc theo b\u1edd bi\u1ec3n Foz do Douro. Tuy nhi\u00ean, nh\u1eefng c\u01a1n m\u01b0a r\u00e0o b\u1ea5t ng\u1edd v\u00e0o m\u00f9a h\u00e8 c\u00f3 th\u1ec3 l\u00e0m m\u00e1t bu\u1ed5i chi\u1ec1u xu\u1ed1ng kho\u1ea3ng 20 \u00b0C. M\u00f9a \u0111\u00f4ng th\u01b0\u1eddng c\u00f3 m\u01b0a v\u00e0 nhi\u1ec7t \u0111\u1ed9 \u00f4n h\u00f2a hi\u1ebfm khi xu\u1ed1ng d\u01b0\u1edbi m\u1ee9c \u0111\u00f3ng b\u0103ng, v\u1edbi nhi\u1ec7t \u0111\u1ed9 th\u1ea5p h\u00e0ng ng\u00e0y g\u1ea7n 6 \u00b0C v\u00e0 nhi\u1ec7t \u0111\u1ed9 trung b\u00ecnh ban ng\u00e0y l\u00e0 15 \u00b0C. L\u01b0\u1ee3ng m\u01b0a trung b\u00ecnh h\u00e0ng n\u0103m c\u1ee7a th\u00e0nh ph\u1ed1 n\u00e0y n\u1eb1m trong s\u1ed1 nh\u1eefng l\u01b0\u1ee3ng m\u01b0a cao nh\u1ea5t \u1edf ch\u00e2u \u00c2u \u0111\u1ed1i v\u1edbi c\u00e1c trung t\u00e2m \u0111\u00f4 th\u1ecb l\u1edbn, m\u1eb7c d\u00f9 \u00e1nh n\u1eafng m\u1eb7t tr\u1eddi k\u00e9o d\u00e0i v\u1eabn chi\u1ebfu r\u1ecdi nhi\u1ec1u m\u00f9a \u0111\u00f4ng.<\/p>\n<p>V\u1ec1 m\u1eb7t nh\u00e2n kh\u1ea9u h\u1ecdc, Porto ph\u1ea3n \u00e1nh c\u1ea3 t\u00ednh li\u00ean t\u1ee5c v\u00e0 s\u1ef1 thay \u0111\u1ed5i. D\u00e2n s\u1ed1 th\u00e0nh ph\u1ed1 \u0111\u00e3 gi\u1ea3m kho\u1ea3ng 100.000 ng\u01b0\u1eddi k\u1ec3 t\u1eeb nh\u1eefng n\u0103m 1980 khi c\u01b0 d\u00e2n di d\u1eddi \u0111\u1ebfn c\u00e1c th\u1ecb tr\u1ea5n v\u1ec7 tinh v\u00e0 v\u00f9ng ngo\u1ea1i \u00f4, nh\u01b0ng khu v\u1ef1c \u0111\u00f4 th\u1ecb r\u1ed9ng l\u1edbn h\u01a1n \u0111\u00e3 ph\u00e1t tri\u1ec3n m\u1ea1nh m\u1ebd. Ph\u1ea7n l\u1edbn c\u01b0 d\u00e2n n\u1eb1m trong \u0111\u1ed9 tu\u1ed5i 60\u201369, theo s\u00e1t l\u00e0 nh\u1eefng ng\u01b0\u1eddi trong \u0111\u1ed9 tu\u1ed5i 50\u201359. Ph\u1ee5 n\u1eef chi\u1ebfm 55 ph\u1ea7n tr\u0103m d\u00e2n s\u1ed1, nam gi\u1edbi chi\u1ebfm 45 ph\u1ea7n tr\u0103m. Ph\u1ea7n l\u1edbn sinh ra trong bi\u00ean gi\u1edbi B\u1ed3 \u0110\u00e0o Nha, m\u1eb7c d\u00f9 c\u00e1c c\u1ed9ng \u0111\u1ed3ng \u0111\u00e1ng k\u1ec3 t\u1eeb Angola, Brazil, Cape Verde v\u00e0 c\u00e1c qu\u1ed1c gia ch\u00e2u \u00c2u kh\u00e1c l\u00e0m phong ph\u00fa th\u00eam c\u1ea5u tr\u00fac \u0111a v\u0103n h\u00f3a c\u1ee7a th\u00e0nh ph\u1ed1. Trong khi C\u00f4ng gi\u00e1o chi\u1ebfm \u01b0u th\u1ebf, v\u1edbi ba ph\u1ea7n t\u01b0 c\u01b0 d\u00e2n theo \u0111\u1ee9c tin, g\u1ea7n m\u1ed9t ph\u1ea7n n\u0103m d\u00e2n s\u1ed1 t\u1ef1 nh\u1eadn l\u00e0 kh\u00f4ng theo t\u00f4n gi\u00e1o v\u00e0 m\u1ed9t s\u1ed1 \u00edt d\u00e2n t\u1ed9c thi\u1ec3u s\u1ed1 theo \u0111\u1ea1o Tin l\u00e0nh, H\u1ed3i gi\u00e1o, Do Th\u00e1i gi\u00e1o ho\u1eb7c c\u00e1c t\u00f4n gi\u00e1o kh\u00e1c.<\/p>\n<p>Vai tr\u00f2 c\u1ee7a Porto nh\u01b0 m\u1ed9t trung t\u00e2m t\u00e0i ch\u00ednh v\u00e0 c\u00f4ng nghi\u1ec7p m\u1edf r\u1ed9ng \u0111\u1ebfn B\u00e1n \u0111\u1ea3o Iberia r\u1ed9ng l\u1edbn h\u01a1n. Tr\u1ee5 s\u1edf ch\u00ednh c\u1ee7a c\u00e1c t\u1eadp \u0111o\u00e0n l\u1edbn c\u1ee7a B\u1ed3 \u0110\u00e0o Nha, t\u1eeb ng\u00e2n h\u00e0ng \u0111\u1ebfn s\u1ea3n xu\u1ea5t, n\u1eb1m trong trung t\u00e2m \u0111\u00f4 th\u1ecb Maia, Matosinhos, Vila Nova de Gaia v\u00e0 ch\u00ednh Porto. Bolsa do Porto tr\u01b0\u1edbc \u0111\u00e2y \u0111\u00e3 chuy\u1ec3n \u0111\u1ed5i th\u00e0nh m\u1ed9t ph\u1ea7n c\u1ee7a s\u00e0n giao d\u1ecbch ph\u00e1i sinh ch\u00ednh c\u1ee7a B\u1ed3 \u0110\u00e0o Nha, h\u1ee3p nh\u1ea5t v\u1edbi s\u00e0n giao d\u1ecbch ch\u1ee9ng kho\u00e1n Lisbon \u0111\u1ec3 th\u00e0nh l\u1eadp Bolsa de Valores de Lisboa e Porto. C\u00e1c t\u1ed5 ch\u1ee9c truy\u1ec1n th\u00f4ng nh\u01b0 Jornal de Not\u00edcias v\u00e0 c\u00e1c nh\u00e0 xu\u1ea5t b\u1ea3n bao g\u1ed3m Porto Editora duy tr\u00ec s\u1ef1 hi\u1ec7n di\u1ec7n trong th\u00e0nh ph\u1ed1, ch\u1ee9ng th\u1ef1c s\u1ef1 n\u0103ng \u0111\u1ed9ng l\u00e2u d\u00e0i v\u1ec1 tr\u00ed tu\u1ec7 v\u00e0 th\u01b0\u01a1ng m\u1ea1i c\u1ee7a Porto.<\/p>\n<p>C\u01a1 s\u1edf h\u1ea1 t\u1ea7ng giao th\u00f4ng th\u1ec3 hi\u1ec7n b\u1ea3n s\u1eafc k\u00e9p c\u1ee7a Porto l\u00e0 truy\u1ec1n th\u1ed1ng v\u00e0 hi\u1ec7n \u0111\u1ea1i. C\u1ea7u Dom Lu\u00eds I \u0111\u00e1ng k\u00ednh, \u0111\u01b0\u1ee3c kh\u00e1nh th\u00e0nh v\u00e0o n\u0103m 1886, b\u1eafc qua s\u00f4ng Douro v\u1edbi v\u1ebb thanh l\u1ecbch b\u1eb1ng s\u1eaft r\u00e8n v\u00e0 c\u00f3 \u0111\u01b0\u1eddng s\u1eaft nh\u1eb9 tr\u00ean t\u1ea7ng tr\u00ean c\u1ee7a n\u00f3. Th\u1ebf k\u1ef7 20 \u0111\u00e3 gi\u1edbi thi\u1ec7u th\u00eam nhi\u1ec1u tuy\u1ebfn giao c\u1eaft kh\u00e1c: C\u1ea7u Arr\u00e1bida \u1edf ph\u00eda t\u00e2y, C\u1ea7u S\u00e3o Jo\u00e3o v\u00e0 C\u1ea7u Infante Dom Henrique v\u00e0o n\u0103m 2003. Hai c\u1ea7u n\u1eefa d\u1ef1 ki\u1ebfn \u200b\u200bs\u1ebd \u0111\u01b0\u1ee3c x\u00e2y d\u1ef1ng trong th\u1eadp k\u1ef7 t\u1edbi. S\u00e2n bay Francisco de S\u00e1 Carneiro, \u0111\u01b0\u1ee3c t\u00e2n trang l\u1ea1i cho Euro 2004 v\u00e0 ph\u1ee5c v\u1ee5 g\u1ea7n 16 tri\u1ec7u h\u00e0nh kh\u00e1ch v\u00e0o n\u0103m 2024, neo \u0111\u1eadu du l\u1ecbch h\u00e0ng kh\u00f4ng c\u00f9ng v\u1edbi c\u00e1c chuy\u1ebfn bay \u0111\u01b0\u1eddng d\u00e0i \u0111\u1ebfn Ch\u00e2u \u00c2u, Brazil v\u00e0 B\u1eafc M\u1ef9. S\u00e1u tuy\u1ebfn t\u00e0u \u0111i\u1ec7n ng\u1ea7m ch\u1ea1y qua 70 km v\u1edbi t\u00e1m m\u01b0\u01a1i l\u0103m nh\u00e0 ga, k\u1ebft n\u1ed1i s\u00e2n bay v\u00e0 c\u00e1c v\u00f9ng ngo\u1ea1i \u00f4 v\u1edbi trung t\u00e2m th\u00e0nh ph\u1ed1, trong khi STCP gi\u00e1m s\u00e1t m\u1ea1ng l\u01b0\u1edbi xe bu\u00fdt th\u00e2n thi\u1ec7n v\u1edbi m\u00f4i tr\u01b0\u1eddng v\u00e0 xe \u0111i\u1ec7n di s\u1ea3n ph\u1ee5c v\u1ee5 c\u00e1c tuy\u1ebfn \u0111\u01b0\u1eddng ven s\u00f4ng du l\u1ecbch.<\/p>\n<p>C\u00e1c tuy\u1ebfn \u0111\u01b0\u1eddng s\u1eaft k\u1ebft n\u1ed1i t\u1eeb c\u00e1c ga Campanh\u00e3 v\u00e0 S\u00e3o Bento t\u00edch h\u1ee3p Porto v\u00e0o c\u00e1c m\u1ea1ng l\u01b0\u1edbi qu\u1ed1c gia v\u00e0 qu\u1ed1c t\u1ebf. C\u00e1c chuy\u1ebfn t\u00e0u Alfa Pendular t\u1ed1c \u0111\u1ed9 cao \u0111\u1ebfn Lisbon trong 2 gi\u1edd 42 ph\u00fat, v\u1edbi c\u00e1c chuy\u1ebfn t\u00e0u intercidades ch\u1eadm h\u01a1n m\u1ed9t ch\u00fat. D\u1ecbch v\u1ee5 Celta k\u1ebft n\u1ed1i Porto v\u1edbi Vigo, T\u00e2y Ban Nha, ch\u1ec9 trong h\u01a1n hai gi\u1edd, trong khi c\u00e1c tuy\u1ebfn khu v\u1ef1c ch\u1ea1y theo S\u00f4ng Douro v\u1ec1 ph\u00eda \u0111\u00f4ng \u0111\u1ebfn R\u00e9gua v\u00e0 Pocinho. C\u00e1c chuy\u1ebfn t\u00e0u \u0111i l\u1ea1i Urbanos t\u1ecfa ra Braga, Guimar\u00e3es v\u00e0 Aveiro. Vi\u1ec7c mua v\u00e9 d\u1ef1a v\u00e0o th\u1ebb Andante, cho ph\u00e9p di chuy\u1ec3n li\u1ec1n m\u1ea1ch tr\u00ean t\u00e0u \u0111i\u1ec7n ng\u1ea7m, xe bu\u00fdt v\u00e0 \u0111\u01b0\u1eddng s\u1eaft ngo\u1ea1i \u00f4, v\u1edbi c\u00e1c lo\u1ea1i v\u00e9 ng\u00e0y v\u00e0 nhi\u1ec1u ng\u00e0y ph\u00f9 h\u1ee3p v\u1edbi c\u1ea3 c\u01b0 d\u00e2n v\u00e0 du kh\u00e1ch.<\/p>\n<p>\u1ea8m th\u1ef1c \u1edf Porto k\u1ebft h\u1ee3p truy\u1ec1n th\u1ed1ng th\u1ecbnh so\u1ea1n v\u1edbi s\u1ef1 phong ph\u00fa c\u1ee7a bi\u1ec3n. C\u00e1c m\u00f3n \u0103n \u0111\u1eb7c tr\u01b0ng bao g\u1ed3m Tripas \u00e0 Moda do Porto, m\u00f3n h\u1ea7m l\u00f2ng ph\u1ea3n \u00e1nh phong t\u1ee5c c\u00f3 t\u1eeb nhi\u1ec1u th\u1ebf k\u1ef7 tr\u01b0\u1edbc, v\u00e0 Bacalhau \u00e0 Gomes de S\u00e1, m\u00f3n h\u1ea7m c\u00e1 tuy\u1ebft t\u00f4n vinh m\u1ed1i quan h\u1ec7 l\u00e2u \u0111\u1eddi c\u1ee7a B\u1ed3 \u0110\u00e0o Nha v\u1edbi c\u00e1 mu\u1ed1i. B\u00e1nh sandwich Francesinha x\u1ebfp c\u00e1c lo\u1ea1i th\u1ecbt \u0111\u00e3 qua ch\u1ebf bi\u1ebfn b\u00ean d\u01b0\u1edbi ph\u00f4 mai tan ch\u1ea3y v\u00e0 ph\u1ee7 ch\u00fang trong n\u01b0\u1edbc s\u1ed1t bia, g\u00f3i g\u1ecdn s\u1edf th\u00edch c\u1ee7a Porto \u0111\u1ed1i v\u1edbi h\u01b0\u01a1ng v\u1ecb \u0111\u1eadm \u0111\u00e0. Th\u1ecbt l\u1ee3n chi\u00ean th\u00e1i h\u1ea1t l\u1ef1u nh\u01b0 roj\u00f5es, c\u00e1c m\u00f3n sarrabulho c\u00f3 ti\u1ebft l\u1ee3n v\u00e0 c\u00e1 m\u00f2i n\u01b0\u1edbng t\u01b0\u01a1i d\u1ecdc b\u1edd s\u00f4ng l\u00e0m t\u0103ng th\u00eam th\u1ef1c \u0111\u01a1n. Trong c\u00e1c nh\u00e0 h\u00e0ng v\u00e0 qu\u00e1n r\u01b0\u1ee3u, r\u01b0\u1ee3u vang Port lu\u00f4n hi\u1ec7n di\u1ec7n, \u0111\u01b0\u1ee3c d\u00f9ng l\u00e0m r\u01b0\u1ee3u tr\u00e1ng mi\u1ec7ng nh\u01b0ng c\u0169ng \u0111\u01b0\u1ee3c d\u00f9ng \u0111\u1ec3 l\u00e0m \u0111i\u1ec3m nh\u1ea5n cho c\u00e1c bu\u1ed5i t\u1ed1i fado.<\/p>\n<p>\u0110\u1eddi s\u1ed1ng v\u0103n h\u00f3a ph\u00e1t tri\u1ec3n m\u1ea1nh m\u1ebd trong c\u00e1c b\u1ea3o t\u00e0ng, ph\u00f2ng h\u00f2a nh\u1ea1c v\u00e0 \u0111\u1ecba \u0111i\u1ec3m bi\u1ec3u di\u1ec5n c\u1ee7a Porto. Casa de Serralves neo gi\u1eef ngh\u1ec7 thu\u1eadt hi\u1ec7n \u0111\u1ea1i v\u00e0 \u0111\u01b0\u01a1ng \u0111\u1ea1i, bi\u1ec7t th\u1ef1 Art Deco v\u00e0 khu v\u01b0\u1eddn r\u1ed9ng l\u1edbn \u0111\u01b0\u1ee3c b\u1ed5 sung b\u1edfi c\u00e1c cu\u1ed9c tri\u1ec3n l\u00e3m t\u1ea1i Qu\u1ef9 Serralves. B\u1ea3o t\u00e0ng Qu\u1ed1c gia Soares dos Reis tr\u01b0ng b\u00e0y h\u1ed9i h\u1ecda v\u00e0 t\u00e1c ph\u1ea9m \u0111i\u00eau kh\u1eafc B\u1ed3 \u0110\u00e0o Nha c\u00f3 ni\u00ean \u0111\u1ea1i t\u1eeb th\u1ebf k\u1ef7 XIX, trong khi B\u1ea3o t\u00e0ng Ngh\u1ec7 thu\u1eadt \u0110\u01b0\u01a1ng \u0111\u1ea1i bao g\u1ed3m c\u00e1c ch\u1ee7 \u0111\u1ec1 ti\u00ean phong. Nh\u00e0 h\u00e1t Qu\u1ed1c gia S\u00e3o Jo\u00e3o d\u00e0n d\u1ef1ng c\u00e1c v\u1edf opera v\u00e0 k\u1ecbch, s\u00e2n kh\u1ea5u l\u1ecbch s\u1eed c\u1ee7a nh\u00e0 h\u00e1t l\u00e0 n\u01a1i th\u1ec3 hi\u1ec7n s\u1ef1 s\u00e1ng t\u1ea1o. T\u00e1c ph\u1ea9m \u0111i\u00eau kh\u1eafc c\u00f4ng c\u1ed9ng, ch\u1eb3ng h\u1ea1n nh\u01b0 She Changes c\u1ee7a Janet Echelman treo l\u01a1 l\u1eedng tr\u00ean V\u1ecbnh Matosinhos, b\u00e1o hi\u1ec7u s\u1ef1 ch\u00e0o \u0111\u00f3n c\u00e1c t\u00e1c ph\u1ea9m s\u1eafp \u0111\u1eb7t quy m\u00f4 l\u1edbn \u0111\u1ed1i tho\u1ea1i v\u1edbi d\u00f2ng s\u00f4ng v\u00e0 b\u1ea7u tr\u1eddi.<\/p>\n<p>C\u00e1c l\u1ec5 h\u1ed9i th\u01b0\u1eddng ni\u00ean g\u1eafn k\u1ebft ng\u01b0\u1eddi d\u00e2n Porto v\u1edbi c\u00e1c phong t\u1ee5c c\u1ed5 x\u01b0a v\u00e0 \u0111\u1eddi s\u1ed1ng h\u1ecdc thu\u1eadt. V\u00e0o ng\u00e0y 23 v\u00e0 24 th\u00e1ng 6, L\u1ec5 h\u1ed9i St. John l\u00e0m n\u00e1o nhi\u1ec7t c\u00e1c con ph\u1ed1 b\u1eb1ng nh\u1eefng \u0111\u1ed1ng l\u1eeda tr\u1ea1i, nh\u1eefng chi\u1ebfc b\u00ecnh trang tr\u00ed b\u1eb1ng h\u00fang qu\u1ebf c\u00f3 kh\u1eafc th\u01a1 v\u00e0 ph\u00e1o hoa d\u1ecdc b\u1edd s\u00f4ng. V\u00e0o m\u00f9a xu\u00e2n, Queima das Fitas \u0111o\u00e0n k\u1ebft kho\u1ea3ng 50.000 sinh vi\u00ean \u0111\u1ea1i h\u1ecdc trong m\u1ed9t cu\u1ed9c di\u1ec5u h\u00e0nh \u0111\u1ebfn T\u00f2a th\u1ecb ch\u00ednh v\u00e0 c\u00e1c bu\u1ed5i h\u00f2a nh\u1ea1c h\u00e0ng \u0111\u00eam t\u1ea1i Queim\u00f3dromo. L\u1ecbch thi \u0111\u1ea5u th\u1ec3 thao k\u00e9o d\u00e0i t\u1eeb b\u00f3ng \u0111\u00e1, n\u01a1i FC Porto v\u00e0 Boavista thi \u0111\u1ea5u t\u1ea1i Est\u00e1dio do Drag\u00e3o v\u00e0 Est\u00e1dio do Bessa, \u0111\u1ebfn Gi\u1ea3i ch\u1ea1y Marathon Porto di\u1ec5n ra v\u00e0o m\u1ed7i th\u00e1ng 10 quanh khu v\u1ef1c trung t\u00e2m l\u1ecbch s\u1eed. Kh\u00fac c\u00f4n c\u1ea7u tr\u00ean b\u0103ng \u0111\u00e3 \u0111\u1ebfn Porto v\u00e0o n\u0103m 2023, khi HC Porto gia nh\u1eadp gi\u1ea3i \u0111\u1ea5u qu\u1ed1c gia T\u00e2y Ban Nha l\u1ea7n \u0111\u1ea7u ti\u00ean cho B\u1ed3 \u0110\u00e0o Nha, v\u00e0 m\u00f4n cricket v\u1eabn t\u1ed3n t\u1ea1i t\u1ea1i C\u00e2u l\u1ea1c b\u1ed9 Cricket v\u00e0 Qu\u1ea7n v\u1ee3t b\u00e3i c\u1ecf Oporto, tr\u00e2n tr\u1ecdng di s\u1ea3n Anh-B\u1ed3 \u0110\u00e0o Nha.<\/p>\n<p>Gi\u00e1o d\u1ee5c v\u00e0 nghi\u00ean c\u1ee9u ph\u00e1t tri\u1ec3n m\u1ea1nh m\u1ebd trong c\u00e1c t\u1ed5 ch\u1ee9c h\u1ecdc thu\u1eadt c\u1ee7a Porto. \u0110\u1ea1i h\u1ecdc Porto l\u00e0 tr\u01b0\u1eddng \u0111\u1ea1i h\u1ecdc l\u1edbn th\u1ee9 hai c\u1ee7a qu\u1ed1c gia, tuy\u1ec3n sinh kho\u1ea3ng 28.000 sinh vi\u00ean v\u00e0 \u0111\u01b0\u1ee3c x\u1ebfp h\u1ea1ng trong s\u1ed1 m\u1ed9t tr\u0103m tr\u01b0\u1eddng h\u00e0ng \u0111\u1ea7u ch\u00e2u \u00c2u. C\u00e1c tr\u01b0\u1eddng b\u1ed5 sung bao g\u1ed3m H\u1ecdc vi\u1ec7n B\u00e1ch khoa Porto, c\u00e1c tr\u01b0\u1eddng \u0111\u1ea1i h\u1ecdc t\u01b0 th\u1ee5c nh\u01b0 Lus\u00edada v\u00e0 Fernando Pessoa, v\u00e0 c\u01a1 s\u1edf \u0110\u1ea1i h\u1ecdc C\u00f4ng gi\u00e1o. Tr\u01b0\u1eddng h\u1ecdc qu\u1ed1c t\u1ebf c\u00f3 t\u1eeb Tr\u01b0\u1eddng Anh Oporto, \u0111\u01b0\u1ee3c th\u00e0nh l\u1eadp v\u00e0o n\u0103m 1894, c\u00f9ng v\u1edbi c\u00e1c tr\u01b0\u1eddng ti\u1ebfng Ph\u00e1p v\u00e0 ti\u1ebfng \u0110\u1ee9c. \u0110\u1ed1i v\u1edbi nh\u1eefng ng\u01b0\u1eddi h\u1ecdc ng\u00f4n ng\u1eef v\u00e0 sinh vi\u00ean trao \u0111\u1ed5i, H\u1ecdc vi\u1ec7n Ng\u00f4n ng\u1eef Fast Forward v\u00e0 c\u00e1c ch\u01b0\u01a1ng tr\u00ecnh li\u00ean k\u1ebft v\u1edbi tr\u01b0\u1eddng \u0111\u1ea1i h\u1ecdc cung c\u1ea5p h\u01b0\u1edbng d\u1eabn ti\u1ebfng B\u1ed3 \u0110\u00e0o Nha \u0111\u01b0\u1ee3c thi\u1ebft k\u1ebf ri\u00eang cho c\u00e1c k\u1ef3 ngh\u1ec9 ng\u1eafn h\u1ea1n ho\u1eb7c tr\u1ea3i nghi\u1ec7m \u0111\u1eafm m\u00ecnh.<\/p>\n<p>\u0110\u1ec3 di chuy\u1ec3n \u1edf Porto, du kh\u00e1ch c\u1ea7n th\u00edch nghi v\u1edbi \u0111\u1ecba h\u00ecnh nhi\u1ec1u l\u1edbp v\u00e0 c\u00e1c ph\u01b0\u01a1ng ti\u1ec7n giao th\u00f4ng \u0111ang ph\u00e1t tri\u1ec3n. Nh\u1eefng con ph\u1ed1 h\u1eb9p, quanh co \u1edf c\u00e1c qu\u1eadn Ribeira v\u00e0 Baixa th\u1eed th\u00e1ch nh\u1eefng ng\u01b0\u1eddi l\u00e1i xe \u0111\u00e3 quen v\u1edbi nh\u1eefng \u0111\u1ea1i l\u1ed9 r\u1ed9ng h\u01a1n, khi\u1ebfn vi\u1ec7c \u0111i b\u1ed9 ho\u1eb7c ph\u01b0\u01a1ng ti\u1ec7n c\u00f4ng c\u1ed9ng th\u01b0\u1eddng hi\u1ec7u qu\u1ea3 h\u01a1n. Taxi, d\u1ecbch v\u1ee5 g\u1ecdi xe v\u00e0 d\u1ecbch v\u1ee5 cho thu\u00ea xe \u0111\u1ea1p b\u1ed5 sung cho m\u1ea1ng l\u01b0\u1edbi t\u00e0u \u0111i\u1ec7n ng\u1ea7m v\u00e0 xe bu\u00fdt, trong khi ph\u00e0 v\u00e0 du thuy\u1ec1n tr\u00ean s\u00f4ng mang \u0111\u1ebfn g\u00f3c nh\u00ecn t\u1eeb b\u1ec1 m\u1eb7t s\u00f4ng Douro. C\u00e1c \u0111i\u1ec3m tham quan m\u1edbi l\u1ea1 nh\u01b0 c\u00e1p treo Funicular dos Guindais v\u00e0 thang m\u00e1y Ascensor da Ribeira mang \u0111\u1ebfn cho du kh\u00e1ch t\u1ea7m nh\u00ecn to\u00e0n c\u1ea3nh v\u1ec1 nh\u1eefng m\u1eb7t ti\u1ec1n l\u00e1t g\u1ea1ch v\u00e0 m\u1eb7t n\u01b0\u1edbc l\u1ed1m \u0111\u1ed1m thuy\u1ec1n. \u0110\u1ed1i v\u1edbi nh\u1eefng ng\u01b0\u1eddi mu\u1ed1n ng\u1eafm to\u00e0n c\u1ea3nh tr\u00ean kh\u00f4ng, m\u1ed9t s\u00e2n bay tr\u1ef1c th\u0103ng g\u1ea7n s\u00f4ng cung c\u1ea5p c\u00e1c chuy\u1ebfn bay ri\u00eang qua c\u00e1c \u0111\u1ec9nh th\u00e1p v\u00e0 c\u00e2y c\u1ea7u c\u1ee7a th\u00e0nh ph\u1ed1.<\/p>\n<p>S\u1ee9c s\u1ed1ng c\u1ee7a Porto b\u1eaft ngu\u1ed3n t\u1eeb kh\u1ea3 n\u0103ng c\u00e2n b\u1eb1ng gi\u1eefa b\u1ea3o t\u1ed3n v\u00e0 ti\u1ebfn b\u1ed9. C\u00e1c qu\u00e1n r\u01b0\u1ee3u l\u1ecbch s\u1eed vang v\u1ecdng ti\u1ebfng leng keng c\u1ee7a ly r\u01b0\u1ee3u Port ngay c\u1ea3 khi c\u00e1c c\u00f4ng ty kh\u1edfi nghi\u1ec7p v\u00e0 trung t\u00e2m nghi\u00ean c\u1ee9u ti\u1ebfp th\u00eam sinh l\u1ef1c cho n\u1ec1n kinh t\u1ebf c\u1ee7a th\u00e0nh ph\u1ed1. Nh\u1eefng giai \u0111i\u1ec7u fado c\u1ed5 x\u01b0a \u0111an xen v\u1edbi c\u00e1c t\u00e1c ph\u1ea9m ngh\u1ec7 thu\u1eadt hi\u1ec7n \u0111\u1ea1i. \u0110\u1ed3 trang tr\u00ed theo phong c\u00e1ch Baroque \u0111\u1ee9ng c\u1ea1nh ki\u1ebfn \u200b\u200btr\u00fac \u0111\u01b0\u01a1ng \u0111\u1ea1i t\u1ea1i Casa da M\u00fasica v\u00e0 nh\u00e0 ga du thuy\u1ec1n Leix\u00f5es \u0111\u01b0\u1ee3c x\u00e2y d\u1ef1ng l\u1ea1i. C\u00e1c ng\u00e0nh c\u00f4ng nghi\u1ec7p l\u00e2u \u0111\u1eddi trong l\u0129nh v\u1ef1c d\u1ec7t may v\u00e0 luy\u1ec7n kim c\u00f9ng t\u1ed3n t\u1ea1i v\u1edbi giao d\u1ecbch ph\u00e1i sinh t\u00e0i ch\u00ednh v\u00e0 du l\u1ecbch v\u0103n h\u00f3a. Kh\u1ea3 n\u0103ng ph\u1ee5c h\u1ed3i c\u1ee7a th\u00e0nh ph\u1ed1, \u0111\u01b0\u1ee3c th\u1ec3 hi\u1ec7n qua c\u00e1c bi\u1ec7t danh Cidade Invicta v\u00e0 Capital do Norte, ch\u1ee9ng minh cho kh\u1ea3 n\u0103ng ti\u1ebfp thu s\u1ef1 thay \u0111\u1ed5i trong khi v\u1eabn b\u1ea3o v\u1ec7 b\u1ea3n s\u1eafc.<\/p>\n<p>Cu\u1ed1i c\u00f9ng, Porto n\u1ed5i l\u00ean nh\u01b0 m\u1ed9t \u0111i\u1ec3m \u0111\u1ebfn n\u01a1i c\u00e1c l\u1edbp th\u1eddi gian h\u1ee3p nh\u1ea5t. C\u00e1c nh\u00e0 th\u1edd theo phong c\u00e1ch La M\u00e3, n\u1ed9i th\u1ea5t theo phong c\u00e1ch baroque, \u0111\u1ea1i l\u1ed9 t\u00e2n c\u1ed5 \u0111i\u1ec3n v\u00e0 \u0111\u01b0\u1eddng s\u1eaft nh\u1eb9 hi\u1ec7n \u0111\u1ea1i c\u00f9ng t\u1ed3n t\u1ea1i trong m\u1ed9t k\u1ebft c\u1ea5u \u0111\u00f4 th\u1ecb \u0111\u01b0\u1ee3c x\u00e1c \u0111\u1ecbnh b\u1edfi d\u00f2ng ch\u1ea3y c\u1ee7a Douro. T\u1eeb nh\u1eefng thay \u0111\u1ed5i v\u1ec1 nh\u00e2n kh\u1ea9u h\u1ecdc \u0111\u1ebfn nh\u1ecbp \u0111i\u1ec7u kh\u00ed h\u1eadu, t\u1eeb s\u1ef1 gi\u00e0u c\u00f3 v\u1ec1 \u1ea9m th\u1ef1c \u0111\u1ebfn s\u1ee9c m\u1ea1nh c\u00f4ng nghi\u1ec7p, th\u00e0nh ph\u1ed1 n\u00e0y mang \u0111\u1ebfn m\u1ed9t b\u1ee9c ch\u00e2n dung \u0111\u1ea7y s\u1eafc th\u00e1i v\u1ec1 t\u00ednh li\u00ean t\u1ee5c v\u00e0 s\u1ef1 \u0111\u1ed5i m\u1edbi. Du kh\u00e1ch n\u00e1n l\u1ea1i l\u00e2u h\u01a1n c\u00e1c g\u00f3c nh\u00ecn to\u00e0n c\u1ea3nh s\u1ebd nh\u1eadn ra m\u1ed9t c\u00e2u chuy\u1ec7n chung v\u1ec1 s\u1ef1 th\u00edch nghi, s\u00e1ng t\u1ea1o v\u00e0 s\u1ef1 b\u00e1m r\u1ec5\u2014m\u1ed9t c\u00e2u chuy\u1ec7n kh\u1eb3ng \u0111\u1ecbnh v\u1ecb th\u1ebf c\u1ee7a Porto trong s\u1ed1 c\u00e1c trung t\u00e2m \u0111\u00f4 th\u1ecb h\u1ea5p d\u1eabn nh\u1ea5t ch\u00e2u \u00c2u.<\/p>","protected":false},"excerpt":{"rendered":"<p>Porto, th\u00e0nh ph\u1ed1 l\u1edbn th\u1ee9 hai \u1edf B\u1ed3 \u0110\u00e0o Nha, l\u00e0 m\u1ed9t trung t\u00e2m \u0111\u00f4 th\u1ecb n\u0103ng \u0111\u1ed9ng n\u1eb1m t\u1ea1i c\u1eeda s\u00f4ng Douro \u1edf ph\u00eda b\u1eafc \u0111\u1ea5t n\u01b0\u1edbc. T\u00e1c \u0111\u1ed9ng c\u1ee7a Porto v\u01b0\u1ee3t xa ranh gi\u1edbi th\u00e0nh ph\u1ed1 v\u1edbi d\u00e2n s\u1ed1 kho\u1ea3ng 248.769 ng\u01b0\u1eddi trong ph\u1ea1m vi l\u00e3nh th\u1ed5 \u0111\u00f4 th\u1ecb nh\u1ecf r\u1ed9ng 41,42 km vu\u00f4ng. V\u1edbi kho\u1ea3ng 1,8 tri\u1ec7u ng\u01b0\u1eddi ph\u00e2n t\u00e1n tr\u00ean 2.395 km vu\u00f4ng, khu v\u1ef1c \u0111\u00f4 th\u1ecb l\u1edbn h\u01a1n c\u1ee7a B\u1ed3 \u0110\u00e0o Nha r\u00f5 r\u00e0ng l\u00e0 khu v\u1ef1c \u0111\u00f4 th\u1ecb l\u1edbn th\u1ee9 hai trong s\u1ed1 t\u1ea5t c\u1ea3 c\u00e1c khu v\u1ef1c \u0111\u00f4 th\u1ecb \u1edf B\u1ed3 \u0110\u00e0o Nha v\u00e0 l\u00e0 m\u1ed9t nh\u00e2n t\u1ed1 quan tr\u1ecdng tr\u00ean B\u00e1n \u0111\u1ea3o Iberia.<\/p>","protected":false},"author":1,"featured_media":2816,"parent":12065,"menu_order":0,"comment_status":"closed","ping_status":"closed","template":"elementor_theme","meta":{"_eb_attr":"","footnotes":""},"class_list":["post-12087","page","type-page","status-publish","has-post-thumbnail"],"_links":{"self":[{"href":"https:\/\/travelshelper.com\/vi\/wp-json\/wp\/v2\/pages\/12087","targetHints":{"allow":["GET"]}}],"collection":[{"href":"https:\/\/travelshelper.com\/vi\/wp-json\/wp\/v2\/pages"}],"about":[{"href":"https:\/\/travelshelper.com\/vi\/wp-json\/wp\/v2\/types\/page"}],"author":[{"embeddable":true,"href":"https:\/\/travelshelper.com\/vi\/wp-json\/wp\/v2\/users\/1"}],"replies":[{"embeddable":true,"href":"https:\/\/travelshelper.com\/vi\/wp-json\/wp\/v2\/comments?post=12087"}],"version-history":[{"count":0,"href":"https:\/\/travelshelper.com\/vi\/wp-json\/wp\/v2\/pages\/12087\/revisions"}],"up":[{"embeddable":true,"href":"https:\/\/travelshelper.com\/vi\/wp-json\/wp\/v2\/pages\/12065"}],"wp:featuredmedia":[{"embeddable":true,"href":"https:\/\/travelshelper.com\/vi\/wp-json\/wp\/v2\/media\/2816"}],"wp:attachment":[{"href":"https:\/\/travelshelper.com\/vi\/wp-json\/wp\/v2\/media?parent=12087"}],"curies":[{"name":"wp","href":"https:\/\/api.w.org\/{rel}","templated":true}]}}