{"id":11747,"date":"2024-09-13T17:13:02","date_gmt":"2024-09-13T17:13:02","guid":{"rendered":"https:\/\/travelshelper.com\/staging\/?page_id=11747"},"modified":"2026-03-12T16:41:41","modified_gmt":"2026-03-12T16:41:41","slug":"sanremo","status":"publish","type":"page","link":"https:\/\/travelshelper.com\/vi\/destinations\/europe\/italy\/sanremo\/","title":{"rendered":"Sanremo"},"content":{"rendered":"<p>Sanremo, \u0111\u00f4i khi \u0111\u01b0\u1ee3c g\u1ecdi l\u00e0 San Remo, l\u00e0 m\u1ed9t th\u00e0nh ph\u1ed1 ven bi\u1ec3n quy\u1ebfn r\u0169 n\u1eb1m d\u1ecdc theo b\u1edd bi\u1ec3n \u0110\u1ecba Trung H\u1ea3i c\u1ee7a Liguria \u1edf mi\u1ec1n b\u1eafc n\u01b0\u1edbc \u00dd. Th\u1ecb tr\u1ea5n quy\u1ebfn r\u0169 n\u00e0y, v\u1edbi d\u00e2n s\u1ed1 55.000 ng\u01b0\u1eddi, \u0111\u00e3 tr\u1edf th\u00e0nh \u0111i\u1ec3m \u0111\u1ebfn du l\u1ecbch \u0111\u01b0\u1ee3c \u01b0a chu\u1ed9ng tr\u00ean Riviera c\u1ee7a \u00dd. L\u1ecbch s\u1eed l\u00e2u \u0111\u1eddi c\u1ee7a Sanremo b\u1eaft ngu\u1ed3n t\u1eeb th\u1eddi La M\u00e3, v\u00e0 qua nhi\u1ec1u n\u0103m, n\u01a1i \u0111\u00e2y \u0111\u00e3 ph\u00e1t tri\u1ec3n th\u00e0nh m\u1ed9t trung t\u00e2m v\u0103n h\u00f3a n\u0103ng \u0111\u1ed9ng, t\u1ed5 ch\u1ee9c v\u00f4 s\u1ed1 s\u1ef1 ki\u1ec7n thu h\u00fat m\u1ecdi ng\u01b0\u1eddi tr\u00ean to\u00e0n c\u1ea7u.<\/p>\n<p>Kh\u00ed h\u1eadu \u0110\u1ecba Trung H\u1ea3i v\u00e0 b\u1edd bi\u1ec3n \u0111\u1eb9p nh\u01b0 tranh v\u1ebd c\u1ee7a th\u1ecb tr\u1ea5n \u0111\u00e3 g\u00f3p ph\u1ea7n \u0111\u00e1ng k\u1ec3 v\u00e0o s\u1ee9c h\u1ea5p d\u1eabn c\u1ee7a n\u01a1i n\u00e0y \u0111\u1ed1i v\u1edbi kh\u00e1ch du l\u1ecbch. Sanremo c\u00f3 s\u1ef1 k\u1ebft h\u1ee3p tinh t\u1ebf gi\u1eefa v\u1ebb \u0111\u1eb9p thi\u00ean nhi\u00ean, s\u1ee9c h\u1ea5p d\u1eabn l\u1ecbch s\u1eed v\u00e0 ti\u1ec7n nghi hi\u1ec7n \u0111\u1ea1i, bi\u1ebfn n\u01a1i \u0111\u00e2y th\u00e0nh \u0111\u1ecba \u0111i\u1ec3m l\u00fd t\u01b0\u1edfng cho kh\u00e1ch du l\u1ecbch mong mu\u1ed1n tr\u1ea3i nghi\u1ec7m cu\u1ed9c s\u1ed1ng ng\u1ecdt ng\u00e0o c\u1ee7a \u00dd. Nh\u1eefng con s\u00f3ng m\u00e0u ng\u1ecdc lam c\u1ee7a Bi\u1ec3n \u0110\u1ecba Trung H\u1ea3i nh\u1eb9 nh\u00e0ng vu\u1ed1t ve b\u1edd bi\u1ec3n Sanremo, t\u1ea1o n\u00ean b\u1ed1i c\u1ea3nh quy\u1ebfn r\u0169 cho nh\u1eefng chuy\u1ebfn \u0111i d\u1ea1o th\u01b0 th\u00e1i d\u1ecdc theo l\u1ed1i \u0111i d\u1ea1o ho\u1eb7c nh\u1eefng ng\u00e0y y\u00ean t\u0129nh tr\u00ean b\u00e3i bi\u1ec3n.<\/p>\n<p>M\u1eb7c d\u00f9 du l\u1ecbch l\u00e0 m\u1ed9t ph\u00e2n kh\u00fac quan tr\u1ecdng trong n\u1ec1n kinh t\u1ebf c\u1ee7a Sanremo, th\u1ecb tr\u1ea5n n\u00e0y c\u0169ng \u0111\u01b0\u1ee3c c\u00f4ng nh\u1eadn v\u1ec1 s\u1ef1 xu\u1ea5t s\u1eafc trong n\u00f4ng nghi\u1ec7p. D\u1ea7u \u00f4 liu nguy\u00ean ch\u1ea5t, m\u1ed9t s\u1ea3n ph\u1ea9m \u0111\u01b0\u1ee3c \u0111\u00e1nh gi\u00e1 cao c\u1ee7a khu v\u1ef1c, \u0111\u00e3 \u0111\u1ea1t \u0111\u01b0\u1ee3c danh hi\u1ec7u Denominazione di Origine Protetta (DOP) danh gi\u00e1. Danh hi\u1ec7u b\u1ea3o v\u1ec7 ngu\u1ed3n g\u1ed1c n\u00e0y \u0111\u1ea3m b\u1ea3o r\u1eb1ng d\u1ea7u \u00f4 liu \u0111\u01b0\u1ee3c s\u1ea3n xu\u1ea5t t\u1ea1i Sanremo v\u00e0 c\u00e1c v\u00f9ng l\u00e2n c\u1eadn tu\u00e2n th\u1ee7 c\u00e1c y\u00eau c\u1ea7u ch\u1ea5t l\u01b0\u1ee3ng nghi\u00eam ng\u1eb7t v\u00e0 duy tr\u00ec c\u00e1c ho\u1ea1t \u0111\u1ed9ng s\u1ea3n xu\u1ea5t truy\u1ec1n th\u1ed1ng. Ch\u1ea5t l\u1ecfng m\u00e0u xanh l\u1ee5c v\u00e0ng n\u00e0y minh h\u1ecda cho v\u00f9ng \u0111\u1ea5t t\u01b0\u01a1i t\u1ed1t v\u00e0 kh\u00ed h\u1eadu thu\u1eadn l\u1ee3i c\u1ee7a khu v\u1ef1c, bi\u1ebfn n\u00f3 th\u00e0nh tr\u1ee5 c\u1ed9t trong \u1ea9m th\u1ef1c \u0111\u1ecba ph\u01b0\u01a1ng v\u00e0 l\u00e0 m\u1eb7t h\u00e0ng xu\u1ea5t kh\u1ea9u \u0111\u01b0\u1ee3c th\u00e8m mu\u1ed1n.<\/p>\n<p>Vi\u1ec7c Sanremo \u0111\u01b0\u1ee3c m\u1ec7nh danh l\u00e0 \u201cTh\u00e0nh ph\u1ed1 c\u1ee7a nh\u1eefng b\u00f4ng hoa\u201d (la Citt\u00e0 dei Fiori) l\u00e0 m\u1ed9t kh\u00eda c\u1ea1nh c\u01a1 b\u1ea3n c\u1ee7a n\u1ec1n kinh t\u1ebf v\u00e0 b\u1ea3n s\u1eafc v\u0103n h\u00f3a c\u1ee7a th\u00e0nh ph\u1ed1. Th\u1ecb tr\u1ea5n v\u00e0 c\u00e1c v\u00f9ng l\u00e2n c\u1eadn, ch\u1eb3ng h\u1ea1n nh\u01b0 Arma di Taggia, Bordighera v\u00e0 Ospedaletti, t\u1eeb l\u00e2u \u0111\u00e3 l\u00e0 nh\u1eefng ng\u01b0\u1eddi d\u1eabn \u0111\u1ea7u trong l\u0129nh v\u1ef1c tr\u1ed3ng hoa cho th\u1ecb tr\u01b0\u1eddng to\u00e0n c\u1ea7u. Kh\u00ed h\u1eadu \u00f4n h\u00f2a v\u00e0 nh\u1eefng ng\u01b0\u1eddi l\u00e0m v\u01b0\u1eddn \u0111\u1ecba ph\u01b0\u01a1ng th\u00e0nh th\u1ea1o \u0111\u00e3 t\u1ea1o n\u00ean m\u1ed9t b\u1ed1i c\u1ea3nh thu\u1eadn l\u1ee3i cho s\u1ef1 ph\u00e1t tri\u1ec3n quanh n\u0103m c\u1ee7a h\u1ec7 th\u1ef1c v\u1eadt \u0111a d\u1ea1ng, r\u1ef1c r\u1ee1. S\u1ef1 phong ph\u00fa c\u1ee7a hoa l\u00e0m t\u0103ng th\u00eam s\u1ee9c h\u1ea5p d\u1eabn v\u1ec1 c\u1ea3nh quan c\u1ee7a th\u1ecb tr\u1ea5n v\u00e0 th\u00fac \u0111\u1ea9y m\u1ed9t doanh nghi\u1ec7p th\u1ecbnh v\u01b0\u1ee3ng \u0111\u00f3ng g\u00f3p \u0111\u00e1ng k\u1ec3 v\u00e0o n\u1ec1n kinh t\u1ebf \u0111\u1ecba ph\u01b0\u01a1ng.<\/p>\n<p>S\u1ef1 c\u1ed1ng hi\u1ebfn c\u1ee7a th\u1ecb tr\u1ea5n cho v\u0103n h\u00f3a v\u00e0 gi\u1ea3i tr\u00ed \u0111\u01b0\u1ee3c th\u1ec3 hi\u1ec7n qua v\u00f4 s\u1ed1 \u0111\u1ecba \u0111i\u1ec3m v\u00e0 s\u1ef1 ki\u1ec7n. S\u00f2ng b\u1ea1c th\u00e0nh ph\u1ed1, m\u1ed9t ki\u1ec7t t\u00e1c ki\u1ebfn \u200b\u200btr\u00fac \u0111\u01b0\u1ee3c x\u00e2y d\u1ef1ng v\u00e0o n\u0103m 1905, l\u00e0 v\u00ed d\u1ee5 \u0111i\u1ec3n h\u00ecnh cho ki\u1ebfn \u200b\u200btr\u00fac Art Nouveau. Ngo\u1ea1i th\u1ea5t tinh t\u1ebf v\u00e0 n\u1ed9i th\u1ea5t xa hoa c\u1ee7a n\u00f3 khi\u1ebfn du kh\u00e1ch \u0111\u1eafm ch\u00ecm v\u00e0o m\u1ed9t th\u1eddi \u0111\u1ea1i thanh l\u1ecbch v\u00e0 tinh t\u1ebf trong qu\u00e1 kh\u1ee9. Ngo\u00e0i c\u00e1c b\u00e0n \u0111\u00e1nh b\u1ea1c, s\u00f2ng b\u1ea1c c\u00f2n \u0111\u00f3ng vai tr\u00f2 l\u00e0 trung t\u00e2m v\u0103n h\u00f3a, t\u1ed5 ch\u1ee9c nhi\u1ec1u s\u1ef1 ki\u1ec7n v\u00e0 bu\u1ed5i bi\u1ec3u di\u1ec5n kh\u00e1c nhau h\u00e0ng n\u0103m.<\/p>\n<p>Nh\u00e0 h\u00e1t Ariston l\u00e0 \u0111\u1ecba \u0111i\u1ec3m kh\u00f4ng th\u1ec3 thi\u1ebfu \u0111\u1ed1i v\u1edbi nh\u1eefng ng\u01b0\u1eddi \u0111am m\u00ea ngh\u1ec7 thu\u1eadt bi\u1ec3u di\u1ec5n. C\u01a1 s\u1edf \u0111\u01b0\u1ee3c k\u00ednh tr\u1ecdng n\u00e0y c\u00f3 l\u1ecbch tr\u00ecnh h\u00e0ng n\u0103m \u0111\u00e1ng ch\u00fa \u00fd v\u1ec1 c\u00e1c bu\u1ed5i h\u00f2a nh\u1ea1c, v\u1edf opera v\u00e0 c\u00e1c bu\u1ed5i bi\u1ec3u di\u1ec5n k\u1ecbch. Nh\u00e0 h\u00e1t \u0111\u01b0\u1ee3c k\u1ebft n\u1ed1i v\u1edbi L\u1ec5 h\u1ed9i \u00e2m nh\u1ea1c Sanremo, m\u1ed9t trong nh\u1eefng l\u1ec5 h\u1ed9i \u00e2m nh\u1ea1c \u0111\u01b0\u1ee3c k\u00ednh tr\u1ecdng nh\u1ea5t c\u1ee7a \u00dd. H\u00e0ng n\u0103m, l\u1ec5 h\u1ed9i quy t\u1ee5 c\u1ea3 nh\u1eefng ngh\u1ec7 s\u0129 n\u1ed5i ti\u1ebfng v\u00e0 m\u1edbi n\u1ed5i, tr\u00ecnh b\u00e0y nh\u1eefng t\u00e1c ph\u1ea9m \u00e2m nh\u1ea1c \u00dd v\u00e0 th\u1ebf gi\u1edbi tuy\u1ec7t v\u1eddi nh\u1ea5t.<\/p>\n<p>Nh\u1eefng ng\u01b0\u1eddi \u0111am m\u00ea \u00e2m nh\u1ea1c s\u1ebd \u0111\u00e1nh gi\u00e1 cao s\u1ef1 g\u00f3p m\u1eb7t c\u1ee7a D\u00e0n nh\u1ea1c giao h\u01b0\u1edfng Sanremo, m\u1ed9t trong m\u01b0\u1eddi hai d\u00e0n nh\u1ea1c \u0111\u01b0\u1ee3c nh\u00e0 n\u01b0\u1edbc c\u00f4ng nh\u1eadn t\u1ea1i \u00dd. D\u00e0n nh\u1ea1c tr\u00ecnh di\u1ec5n kho\u1ea3ng 120 bu\u1ed5i bi\u1ec3u di\u1ec5n m\u1ed7i n\u0103m, l\u00e0m t\u0103ng th\u00eam v\u1ebb \u0111\u1eb9p v\u0103n h\u00f3a c\u1ee7a th\u1ecb tr\u1ea5n v\u1edbi s\u1ef1 h\u00f9ng v\u0129 c\u1ed5 \u0111i\u1ec3n. Nhi\u1ec1u bu\u1ed5i h\u00f2a nh\u1ea1c di\u1ec5n ra t\u1ea1i Nh\u00e0 h\u00e1t Opera c\u1ee7a S\u00f2ng b\u1ea1c th\u00e0nh ph\u1ed1, mang \u0111\u1ebfn s\u1ef1 k\u1ebft h\u1ee3p l\u00fd t\u01b0\u1edfng gi\u1eefa \u00e2m nh\u1ea1c v\u00e0 s\u1ef1 h\u00f9ng v\u0129 c\u1ee7a ki\u1ebfn \u200b\u200btr\u00fac.<\/p>\n<p>S\u1ef1 quy\u1ebfn r\u0169 c\u1ee7a Sanremo v\u01b0\u1ee3t xa nh\u1eefng \u0111\u00f3ng g\u00f3p v\u1ec1 m\u1eb7t v\u0103n h\u00f3a \u0111\u1ec3 bao tr\u00f9m c\u1ea3 l\u0129nh v\u1ef1c th\u1ec3 thao, \u0111\u1eb7c bi\u1ec7t l\u00e0 \u0111\u1ea1p xe. Th\u1ecb tr\u1ea5n n\u00e0y \u0111\u00f3ng vai tr\u00f2 l\u00e0 \u0111i\u1ec3m d\u1eebng ch\u00e2n cho gi\u1ea3i \u0111ua xe \u0111\u1ea1p c\u1ed5 \u0111i\u1ec3n Milan-San Remo, m\u1ed9t trong nh\u1eefng s\u1ef1 ki\u1ec7n \u0111ua xe \u0111\u1ea1p chuy\u00ean nghi\u1ec7p m\u1ed9t ng\u00e0y \u0111\u01b0\u1ee3c \u0111\u00e1nh gi\u00e1 cao nh\u1ea5t tr\u00ean to\u00e0n c\u1ea7u. Gi\u1ea3i \u0111ua n\u00e0y, \u0111\u01b0\u1ee3c g\u1ecdi l\u00e0 \u201cLa Primavera\u201d (M\u00f9a xu\u00e2n), thu h\u00fat nh\u1eefng ng\u01b0\u1eddi \u0111i xe \u0111\u1ea1p \u01b0u t\u00fa v\u00e0 nh\u1eefng ng\u01b0\u1eddi \u0111am m\u00ea xe \u0111\u1ea1p tr\u00ean to\u00e0n th\u1ebf gi\u1edbi, c\u1ee7ng c\u1ed1 v\u1ecb th\u1ebf n\u1ed5i b\u1eadt c\u1ee7a Sanremo tr\u00ean tr\u01b0\u1eddng qu\u1ed1c t\u1ebf.<\/p>\n<p>Kh\u1ea3 n\u0103ng ti\u1ebfp c\u1eadn l\u00e0 m\u1ed9t y\u1ebfu t\u1ed1 quan tr\u1ecdng trong s\u1ee9c h\u1ea5p d\u1eabn c\u1ee7a Sanremo, v\u1edbi m\u1ed9t s\u1ed1 ph\u01b0\u01a1ng ti\u1ec7n giao th\u00f4ng thay th\u1ebf k\u1ebft n\u1ed1i th\u00e0nh ph\u1ed1 n\u00e0y v\u1edbi c\u00e1c th\u00e0nh ph\u1ed1 l\u1edbn v\u00e0 c\u00e1c qu\u1ed1c gia l\u00e2n c\u1eadn. \u0110\u01b0\u1eddng cao t\u1ed1c A10, \u0111\u01b0\u1ee3c \u0111\u1eb7t t\u00ean ph\u00f9 h\u1ee3p l\u00e0 \u201cAutostrada dei Fiori\u201d, k\u1ebft n\u1ed1i Sanremo v\u1edbi Genoa v\u00e0 Ventimiglia, th\u00e0nh ph\u1ed1 sau \u0111\u00f3ng vai tr\u00f2 l\u00e0 th\u00e0nh ph\u1ed1 bi\u00ean gi\u1edbi v\u1edbi Ph\u00e1p. Con \u0111\u01b0\u1eddng \u0111\u1eb9p nh\u01b0 tranh v\u1ebd n\u00e0y, v\u1edbi c\u00e1c \u0111o\u1ea1n \u0111\u01b0\u1eddng cao t\u1ed1c v\u00e0 c\u1ea7u c\u1ea1n, mang \u0111\u1ebfn t\u1ea7m nh\u00ecn to\u00e0n c\u1ea3nh tuy\u1ec7t \u0111\u1eb9p ra b\u1edd bi\u1ec3n. \u0110\u01b0\u1eddng A10 g\u1ea7n bi\u00ean gi\u1edbi Ph\u00e1p d\u1ec5 d\u00e0ng k\u1ebft n\u1ed1i v\u1edbi \u0111\u01b0\u1eddng cao t\u1ed1c A8 c\u1ee7a Ph\u00e1p, tr\u1edf th\u00e0nh m\u1ed9t \u0111o\u1ea1n c\u1ee7a tuy\u1ebfn \u0111\u01b0\u1eddng E80 c\u1ee7a ch\u00e2u \u00c2u v\u00e0 t\u1ea1o \u0111i\u1ec1u ki\u1ec7n thu\u1eadn l\u1ee3i cho vi\u1ec7c di chuy\u1ec3n gi\u1eefa \u00dd v\u00e0 Ph\u00e1p.<\/p>\n<p>\u0110\u1ed1i v\u1edbi nh\u1eefng ng\u01b0\u1eddi th\u00edch c\u00e1c tuy\u1ebfn \u0111\u01b0\u1eddng thay th\u1ebf, SS1 ho\u1eb7c \u201cAurelia Bis\u201d cung c\u1ea5p m\u1ed9t l\u1ed1i t\u1eaft mi\u1ec5n ph\u00ed n\u1ed1i Sanremo v\u1edbi Taggia. Via Aurelia l\u1ecbch s\u1eed, d\u1ecdc theo m\u1ed9t con \u0111\u01b0\u1eddng La M\u00e3 c\u1ed5, ho\u1ea1t \u0111\u1ed9ng nh\u01b0 tuy\u1ebfn \u0111\u01b0\u1eddng ch\u00ednh ven bi\u1ec3n. M\u1eb7c d\u00f9 trung t\u00e2m th\u1ecb tr\u1ea5n c\u00f3 th\u1ec3 b\u1ecb t\u1eafc ngh\u1ebdn, tuy\u1ebfn \u0111\u01b0\u1eddng ven bi\u1ec3n mang l\u1ea1i tr\u1ea3i nghi\u1ec7m du l\u1ecbch tho\u1ea3i m\u00e1i h\u01a1n.<\/p>\n<p>Ph\u01b0\u01a1ng ti\u1ec7n giao th\u00f4ng c\u00f4ng c\u1ed9ng bao g\u1ed3m tuy\u1ebfn xe \u0111i\u1ec7n ch\u1edf kh\u00e1ch d\u1ecdc theo Via Aurelia, n\u1ed1i Sanremo v\u1edbi Taggia v\u00e0 Ventimiglia. D\u1ecbch v\u1ee5 n\u00e0y cung c\u1ea5p ph\u01b0\u01a1ng ph\u00e1p \u0111\u01a1n gi\u1ea3n v\u00e0 b\u1ec1n v\u1eefng v\u1edbi m\u00f4i tr\u01b0\u1eddng cho ng\u01b0\u1eddi d\u00e2n \u0111\u1ecba ph\u01b0\u01a1ng v\u00e0 kh\u00e1ch du l\u1ecbch di chuy\u1ec3n trong c\u00e1c khu v\u1ef1c xung quanh.<\/p>\n<p>Sanremo kh\u00f4ng c\u00f3 s\u00e2n bay ri\u00eang nh\u01b0ng l\u1ea1i c\u00f3 v\u1ecb tr\u00ed thu\u1eadn ti\u1ec7n, c\u00e1ch S\u00e2n bay qu\u1ed1c t\u1ebf C\u00f4te d&#039;Azur \u1edf Nice, Ph\u00e1p 45 ph\u00fat. G\u1ea7n m\u1ed9t trung t\u00e2m qu\u1ed1c t\u1ebf quan tr\u1ecdng l\u00e0m t\u0103ng \u0111\u00e1ng k\u1ec3 s\u1ee9c h\u1ea5p d\u1eabn c\u1ee7a Sanremo nh\u01b0 m\u1ed9t khu ngh\u1ec9 d\u01b0\u1ee1ng du l\u1ecbch.<\/p>\n<p>C\u01a1 s\u1edf h\u1ea1 t\u1ea7ng \u0111\u01b0\u1eddng s\u1eaft c\u1ee7a th\u1ecb tr\u1ea5n \u0111\u00e3 c\u00f3 s\u1ef1 c\u1ea3i thi\u1ec7n \u0111\u00e1ng k\u1ec3 trong nh\u1eefng n\u0103m g\u1ea7n \u0111\u00e2y. Tuy\u1ebfn \u0111\u01b0\u1eddng s\u1eaft ven bi\u1ec3n c\u1ed5 x\u01b0a, n\u1ed5i ti\u1ebfng v\u1edbi quang c\u1ea3nh bi\u1ec3n ngo\u1ea1n m\u1ee5c, \u0111\u00e3 \u0111\u01b0\u1ee3c thay th\u1ebf b\u1eb1ng m\u1ed9t tuy\u1ebfn \u0111\u01b0\u1eddng ng\u1ea7m thu\u1eadn ti\u1ec7n h\u01a1n. S\u1ef1 c\u1ea3i ti\u1ebfn n\u00e0y \u0111\u00e3 r\u00fat ng\u1eafn th\u1eddi gian di chuy\u1ec3n \u0111\u1ebfn c\u00e1c th\u00e0nh ph\u1ed1 n\u1ed5i ti\u1ebfng nh\u01b0 Imperia, Genoa, Nice, Milan, Turin v\u00e0 Rome. Vi\u1ec7c di d\u1eddi nh\u00e0 ga xe l\u1eeda Sanremo g\u1ea7n T\u00f2a th\u1ecb ch\u00ednh \u0111\u00e3 c\u1ea3i thi\u1ec7n thi\u1ebft k\u1ebf \u0111\u00f4 th\u1ecb c\u1ee7a th\u1ecb tr\u1ea5n.<\/p>\n<p>Sanremo \u0111\u00e3 chuy\u1ec3n \u0111\u1ed5i th\u00e0nh c\u00f4ng tuy\u1ebfn \u0111\u01b0\u1eddng s\u1eaft c\u0169 th\u00e0nh \u0111\u01b0\u1eddng d\u00e0nh cho xe \u0111\u1ea1p v\u00e0 khu v\u1ef1c d\u00e0nh cho ng\u01b0\u1eddi \u0111i b\u1ed9 h\u1ea5p d\u1eabn, minh h\u1ecda cho s\u1ef1 ph\u00e1t tri\u1ec3n \u0111\u00f4 th\u1ecb. Tuy\u1ebfn \u0111\u01b0\u1eddng d\u00e0i 24 km n\u00e0y, k\u00e9o d\u00e0i t\u1eeb Ospedaletti \u1edf ph\u00eda t\u00e2y \u0111\u1ebfn San Lorenzo al Mare \u1edf ph\u00eda \u0111\u00f4ng, cung c\u1ea5p cho c\u01b0 d\u00e2n v\u00e0 kh\u00e1ch du l\u1ecbch m\u1ed9t ph\u01b0\u01a1ng ti\u1ec7n \u0111\u1eb7c bi\u1ec7t \u0111\u1ec3 b\u0103ng qua b\u1edd bi\u1ec3n. Tuy\u1ebfn \u0111\u01b0\u1eddng s\u1eaft \u0111\u01b0\u1ee3c t\u00e1i s\u1eed d\u1ee5ng n\u00e0y \u0111\u00e3 tr\u1edf th\u00e0nh m\u1ed9t \u0111i\u1ec3m thu h\u00fat ph\u1ed5 bi\u1ebfn, v\u1edbi nhi\u1ec1u ki-\u1ed1t cho thu\u00ea xe \u0111\u1ea1p d\u1ecdc theo tuy\u1ebfn \u0111\u01b0\u1eddng v\u00e0 nhi\u1ec1u b\u00e3i bi\u1ec3n c\u00f3 th\u1ec3 ti\u1ebfp c\u1eadn theo c\u1ea3 hai h\u01b0\u1edbng, k\u1ebft h\u1ee3p th\u1ec3 d\u1ee5c, gi\u1ea3i tr\u00ed v\u00e0 v\u1ebb \u0111\u1eb9p th\u1ecb gi\u00e1c.<\/p>","protected":false},"excerpt":{"rendered":"<p>Sanremo, \u0111\u00f4i khi \u0111\u01b0\u1ee3c g\u1ecdi l\u00e0 San Remo, l\u00e0 m\u1ed9t th\u00e0nh ph\u1ed1 ven bi\u1ec3n quy\u1ebfn r\u0169 n\u1eb1m d\u1ecdc theo b\u1edd bi\u1ec3n \u0110\u1ecba Trung H\u1ea3i c\u1ee7a Liguria \u1edf mi\u1ec1n b\u1eafc n\u01b0\u1edbc \u00dd. Th\u1ecb tr\u1ea5n quy\u1ebfn r\u0169 n\u00e0y, v\u1edbi d\u00e2n s\u1ed1 55.000 ng\u01b0\u1eddi, \u0111\u00e3 tr\u1edf th\u00e0nh \u0111i\u1ec3m \u0111\u1ebfn du l\u1ecbch \u0111\u01b0\u1ee3c \u01b0a chu\u1ed9ng tr\u00ean Riviera c\u1ee7a \u00dd. L\u1ecbch s\u1eed l\u00e2u \u0111\u1eddi c\u1ee7a Sanremo b\u1eaft ngu\u1ed3n t\u1eeb th\u1eddi La M\u00e3, v\u00e0 qua nhi\u1ec1u n\u0103m, n\u01a1i \u0111\u00e2y \u0111\u00e3 ph\u00e1t tri\u1ec3n th\u00e0nh m\u1ed9t trung t\u00e2m v\u0103n h\u00f3a n\u0103ng \u0111\u1ed9ng, t\u1ed5 ch\u1ee9c v\u00f4 s\u1ed1 s\u1ef1 ki\u1ec7n thu h\u00fat m\u1ecdi ng\u01b0\u1eddi tr\u00ean to\u00e0n c\u1ea7u.<\/p>","protected":false},"author":1,"featured_media":11753,"parent":11663,"menu_order":0,"comment_status":"closed","ping_status":"closed","template":"elementor_theme","meta":{"_eb_attr":"","footnotes":""},"class_list":["post-11747","page","type-page","status-publish","has-post-thumbnail"],"_links":{"self":[{"href":"https:\/\/travelshelper.com\/vi\/wp-json\/wp\/v2\/pages\/11747","targetHints":{"allow":["GET"]}}],"collection":[{"href":"https:\/\/travelshelper.com\/vi\/wp-json\/wp\/v2\/pages"}],"about":[{"href":"https:\/\/travelshelper.com\/vi\/wp-json\/wp\/v2\/types\/page"}],"author":[{"embeddable":true,"href":"https:\/\/travelshelper.com\/vi\/wp-json\/wp\/v2\/users\/1"}],"replies":[{"embeddable":true,"href":"https:\/\/travelshelper.com\/vi\/wp-json\/wp\/v2\/comments?post=11747"}],"version-history":[{"count":0,"href":"https:\/\/travelshelper.com\/vi\/wp-json\/wp\/v2\/pages\/11747\/revisions"}],"up":[{"embeddable":true,"href":"https:\/\/travelshelper.com\/vi\/wp-json\/wp\/v2\/pages\/11663"}],"wp:featuredmedia":[{"embeddable":true,"href":"https:\/\/travelshelper.com\/vi\/wp-json\/wp\/v2\/media\/11753"}],"wp:attachment":[{"href":"https:\/\/travelshelper.com\/vi\/wp-json\/wp\/v2\/media?parent=11747"}],"curies":[{"name":"wp","href":"https:\/\/api.w.org\/{rel}","templated":true}]}}