{"id":11622,"date":"2024-09-13T14:30:05","date_gmt":"2024-09-13T14:30:05","guid":{"rendered":"https:\/\/travelshelper.com\/staging\/?page_id=11622"},"modified":"2026-03-12T16:14:57","modified_gmt":"2026-03-12T16:14:57","slug":"ireland","status":"publish","type":"page","link":"https:\/\/travelshelper.com\/vi\/destinations\/europe\/ireland\/","title":{"rendered":"Ireland"},"content":{"rendered":"<p>Ireland l\u00e0 m\u1ed9t h\u00f2n \u0111\u1ea3o ch\u1ec9 c\u00f3 h\u01a1n b\u1ea3y tri\u1ec7u d\u00e2n, chi\u1ebfm 84.421 km2 \u1edf r\u00eca ph\u00eda t\u00e2y b\u1eafc c\u1ee7a ch\u00e2u \u00c2u. \u0110\u01b0\u1ee3c ng\u0103n c\u00e1ch v\u1edbi V\u01b0\u01a1ng qu\u1ed1c Anh b\u1edfi K\u00eanh B\u1eafc, Bi\u1ec3n Ireland v\u00e0 K\u00eanh St George, \u0111\u00e2y l\u00e0 h\u00f2n \u0111\u1ea3o l\u1edbn th\u1ee9 hai c\u1ee7a Qu\u1ea7n \u0111\u1ea3o Anh, l\u1edbn th\u1ee9 ba \u1edf ch\u00e2u \u00c2u v\u00e0 l\u1edbn th\u1ee9 hai m\u01b0\u01a1i tr\u00ean th\u1ebf gi\u1edbi. V\u1ec1 m\u1eb7t \u0111\u1ecba ch\u00ednh tr\u1ecb, n\u0103m ph\u1ea7n s\u00e1u c\u1ee7a h\u00f2n \u0111\u1ea3o bao g\u1ed3m C\u1ed9ng h\u00f2a Ireland c\u00f3 ch\u1ee7 quy\u1ec1n, trong khi ph\u1ea7n s\u00e1u c\u00f2n l\u1ea1i l\u00e0 B\u1eafc Ireland, m\u1ed9t ph\u1ea7n c\u1ee7a V\u01b0\u01a1ng qu\u1ed1c Anh.<\/p>\n<p>\u0110\u1ecba h\u00ecnh c\u1ee7a Ireland \u0111\u01b0\u1ee3c x\u00e1c \u0111\u1ecbnh b\u1edfi nh\u1eefng ng\u1ecdn n\u00fai th\u1ea5p t\u1ea1o th\u00e0nh m\u1ed9t v\u00e0nh \u0111ai xung quanh m\u1ed9t \u0111\u1ed3ng b\u1eb1ng trung t\u00e2m, v\u1edbi S\u00f4ng Shannon\u2014d\u00e0i 360,5 km l\u00e0 s\u00f4ng d\u00e0i nh\u1ea5t c\u1ee7a h\u00f2n \u0111\u1ea3o\u2014u\u1ed1n l\u01b0\u1ee3n t\u1eeb ngu\u1ed3n c\u1ee7a n\u00f3 \u1edf Qu\u1eadn Cavan \u0111\u1ebfn c\u1eeda s\u00f4ng g\u1ea7n Limerick. \u0110\u1ec9nh cao nh\u1ea5t, Carrauntoohil \u1edf Qu\u1eadn Kerry, cao t\u1edbi 1.039 m\u00e9t so v\u1edbi m\u1ef1c n\u01b0\u1edbc bi\u1ec3n. Kh\u00ed h\u1eadu \u00f4n h\u00f2a, \u0111\u1ea1i d\u01b0\u01a1ng, \u0111\u01b0\u1ee3c \u0111i\u1ec1u h\u00f2a b\u1edfi gi\u00f3 \u0110\u1ea1i T\u00e2y D\u01b0\u01a1ng \u1ea9m \u01b0\u1edbt, duy tr\u00ec nh\u1eefng \u0111\u1ed3ng c\u1ecf t\u01b0\u01a1i t\u1ed1t \u0111\u00e3 mang l\u1ea1i cho \u0111\u1ea5t n\u01b0\u1edbc bi\u1ec7t danh &#034;\u0110\u1ea3o Ng\u1ecdc l\u1ee5c b\u1ea3o&#034;. M\u00f9a \u0111\u00f4ng \u00f4n h\u00f2a h\u01a1n so v\u1edbi nh\u1eefng g\u00ec ng\u01b0\u1eddi ta c\u00f3 th\u1ec3 mong \u0111\u1ee3i \u1edf v\u0129 \u0111\u1ed9 t\u1eeb 51\u00b0 \u0111\u1ebfn 56\u00b0 b\u1eafc, m\u1eb7c d\u00f9 m\u00f9a h\u00e8 v\u1eabn m\u00e1t h\u01a1n so v\u1edbi l\u1ee5c \u0111\u1ecba Ch\u00e2u \u00c2u; l\u01b0\u1ee3ng m\u01b0a v\u00e0 m\u00e2y bao ph\u1ee7 chi\u1ebfm \u01b0u th\u1ebf, v\u1edbi c\u00e1c khu v\u1ef1c ph\u00eda t\u00e2y ch\u1ecbu ph\u1ea7n l\u1edbn c\u00e1c c\u01a1n b\u00e3o \u0110\u1ea1i T\u00e2y D\u01b0\u01a1ng, tuy\u1ebft, m\u01b0a \u0111\u00e1 v\u00e0 s\u00e9t th\u1ec9nh tho\u1ea3ng, trong khi ph\u00eda \u0111\u00f4ng c\u00f3 xu h\u01b0\u1edbng m\u01b0a nh\u1eb9 h\u01a1n.<\/p>\n<p>B\u1eb1ng ch\u1ee9ng v\u1ec1 s\u1ef1 c\u01b0 tr\u00fa c\u1ee7a con ng\u01b0\u1eddi k\u00e9o d\u00e0i h\u01a1n ch\u00edn thi\u00ean ni\u00ean k\u1ef7. V\u00e0o th\u1ebf k\u1ef7 th\u1ee9 nh\u1ea5t sau C\u00f4ng nguy\u00ean, m\u1ed9t tr\u1eadt t\u1ef1 x\u00e3 h\u1ed9i Gaelic \u0111\u00e3 k\u1ebft tinh, \u0111\u01b0\u1ee3c t\u1ed5 ch\u1ee9c th\u00e0nh nhi\u1ec1u v\u01b0\u01a1ng qu\u1ed1c nh\u1ecf d\u01b0\u1edbi quy\u1ec1n c\u1ee7a c\u00e1c v\u1ecb vua cai tr\u1ecb c\u1ea5p t\u1ec9nh, m\u1ed7i v\u01b0\u01a1ng qu\u1ed1c \u0111\u1ec1u tranh gi\u00e0nh quy\u1ec1n th\u1ed1ng tr\u1ecb v\u00e0 danh hi\u1ec7u Vua t\u1ed1i cao t\u1ea1i Tara. Kit\u00f4 gi\u00e1o b\u1eaft \u0111\u1ea7u c\u00f3 d\u1ea5u \u1ea5n kh\u00f4ng th\u1ec3 phai m\u1edd v\u00e0o th\u1ebf k\u1ef7 th\u1ee9 n\u0103m, khi c\u00e1c nh\u00e0 truy\u1ec1n gi\u00e1o nh\u01b0 Th\u00e1nh Patrick th\u00e0nh l\u1eadp c\u00e1c khu \u0111\u1ecbnh c\u01b0 tu vi\u1ec7n s\u1ebd tr\u1edf th\u00e0nh trung t\u00e2m h\u1ecdc t\u1eadp, trang tr\u00ed v\u00e0 trao \u0111\u1ed5i v\u0103n h\u00f3a. Nh\u1eefng \u0111\u1ecba \u0111i\u1ec3m Kit\u00f4 gi\u00e1o ban \u0111\u1ea7u n\u00e0y - c\u00e1c ph\u00f2ng \u1ea9n s\u0129, hay &#034;cill&#034;, th\u01b0\u1eddng \u0111\u01b0\u1ee3c \u0111\u00e1nh d\u1ea5u b\u1eb1ng t\u00ean \u0111\u1ecba danh b\u1eaft \u0111\u1ea7u b\u1eb1ng &#034;Kil&#034; - \u0111\u00e3 ph\u00e1t tri\u1ec3n th\u00e0nh nh\u1eefng n\u1ec1n t\u1ea3ng l\u1edbn h\u01a1n v\u00e0o th\u1eddi k\u1ef3 Norman v\u00e0 t\u1ed3n t\u1ea1i cho \u0111\u1ebfn ng\u00e0y nay nh\u01b0 nh\u1eefng t\u00e0n t\u00edch g\u1ee3i c\u1ea3m x\u00fac t\u1ea1i Glendalough, Clonmacnoise v\u00e0 Rock of Cashel.<\/p>\n<p>Cu\u1ed1i th\u1ebf k\u1ef7 th\u1ee9 t\u00e1m ch\u1ee9ng ki\u1ebfn \u200b\u200bs\u1ef1 kh\u1edfi \u0111\u1ea7u c\u1ee7a c\u00e1c cu\u1ed9c \u0111\u1ed9t k\u00edch c\u1ee7a ng\u01b0\u1eddi Viking, ph\u00e1t tri\u1ec3n th\u00e0nh khu \u0111\u1ecbnh c\u01b0 v\u00e0 th\u01b0\u01a1ng m\u1ea1i, v\u00e0 l\u00ean \u0111\u1ebfn \u0111\u1ec9nh \u0111i\u1ec3m trong Tr\u1eadn Clontarf v\u00e0o ng\u00e0y 23 th\u00e1ng 4 n\u0103m 1014, n\u01a1i Vua Brian Boru th\u1ef1c s\u1ef1 ch\u1ea5m d\u1ee9t quy\u1ec1n l\u1ef1c c\u1ee7a ng\u01b0\u1eddi B\u1eafc \u00c2u. S\u1ef1 xu\u1ea5t hi\u1ec7n c\u1ee7a ng\u01b0\u1eddi Anh-Norman v\u00e0o th\u1ebf k\u1ef7 th\u1ee9 m\u01b0\u1eddi hai \u0111\u00e3 kh\u1edfi x\u01b0\u1edbng c\u00e1c y\u00eau s\u00e1ch ch\u1ee7 quy\u1ec1n kh\u00f4ng li\u00ean t\u1ee5c c\u1ee7a ng\u01b0\u1eddi Anh, ch\u1ec9 \u0111\u01b0\u1ee3c c\u1ee7ng c\u1ed1 v\u1edbi cu\u1ed9c t\u00e1i chi\u1ebfm c\u1ee7a Tudor v\u00e0o th\u1ebf k\u1ef7 th\u1ee9 m\u01b0\u1eddi s\u00e1u v\u00e0 m\u01b0\u1eddi b\u1ea3y. C\u00e1c k\u1ebf ho\u1ea1ch \u0111\u1ed3n \u0111i\u1ec1n v\u00e0 t\u1ecbch thu \u0111\u1ea5t \u0111ai \u0111\u00e3 m\u1edf ra s\u1ef1 th\u1ed1ng tr\u1ecb c\u1ee7a ng\u01b0\u1eddi Tin l\u00e0nh, \u0111\u01b0\u1ee3c m\u00e3 h\u00f3a trong lu\u1eadt h\u00ecnh s\u1ef1 c\u1ee7a nh\u1eefng n\u0103m 1690 \u0111\u1ec3 khu\u1ea5t ph\u1ee5c \u0111a s\u1ed1 ng\u01b0\u1eddi C\u00f4ng gi\u00e1o v\u00e0 nh\u1eefng ng\u01b0\u1eddi Tin l\u00e0nh b\u1ea5t \u0111\u1ed3ng ch\u00ednh ki\u1ebfn. \u0110\u1ea1o lu\u1eadt Li\u00ean minh n\u0103m 1801 \u0111\u00e3 s\u00e1p nh\u1eadp Ireland v\u00e0o V\u01b0\u01a1ng qu\u1ed1c Anh, m\u1ed9t \u0111\u1ecba v\u1ecb v\u1eabn duy tr\u00ec cho \u0111\u1ebfn th\u1ebf k\u1ef7 XX.<\/p>\n<p>Th\u1ebf k\u1ef7 19 ch\u1ee9ng ki\u1ebfn \u200b\u200bs\u1ef1 bi\u1ebfn \u0111\u1ed9ng d\u00e2n s\u1ed1 m\u1ea1nh m\u1ebd. M\u1ed9t \u0111\u1ee3t t\u0103ng d\u00e2n s\u1ed1 t\u1eeb th\u1eddi Ph\u1ee5c h\u01b0ng tr\u1edf \u0111i \u0111\u00e3 b\u1ecb gi\u00e1n \u0111o\u1ea1n trong th\u1eddi gian ng\u1eafn b\u1edfi n\u1ea1n \u0111\u00f3i n\u0103m 1740\u201341, c\u01b0\u1edbp \u0111i g\u1ea7n hai ph\u1ea7n n\u0103m d\u00e2n s\u1ed1. S\u1ef1 ph\u1ee5c h\u1ed3i \u0111\u01b0\u1ee3c ti\u1ebfp n\u1ed1i b\u1edfi n\u1ea1n \u0111\u00f3i l\u1edbn v\u00e0o nh\u1eefng n\u0103m 1840, khi\u1ebfn kho\u1ea3ng m\u1ed9t tri\u1ec7u ng\u01b0\u1eddi ch\u1ebft v\u00e0 th\u00fac \u0111\u1ea9y m\u1ed9t s\u1ed1 l\u01b0\u1ee3ng t\u01b0\u01a1ng \u0111\u01b0\u01a1ng di c\u01b0. Trong th\u1ebf k\u1ef7 ti\u1ebfp theo, d\u00e2n s\u1ed1 Ireland \u0111\u00e3 gi\u1ea3m h\u01a1n m\u1ed9t n\u1eeda, kh\u00e1c bi\u1ec7t \u0111\u00e1ng k\u1ec3 so v\u1edbi s\u1ef1 t\u0103ng tr\u01b0\u1edfng \u0111\u00e3 tr\u1ea3i qua tr\u00ean kh\u1eafp ch\u00e2u \u00c2u.<\/p>\n<p>L\u00f2ng nhi\u1ec7t th\u00e0nh c\u1ee7a ch\u1ee7 ngh\u0129a d\u00e2n t\u1ed9c v\u00e0 s\u1ef1 ph\u1ea3n kh\u00e1ng c\u00f3 v\u0169 trang v\u00e0o \u0111\u1ea7u th\u1ebf k\u1ef7 XX \u0111\u00e3 l\u00ean \u0111\u1ebfn \u0111\u1ec9nh \u0111i\u1ec3m trong cu\u1ed9c chi\u1ebfn gi\u00e0nh \u0111\u1ed9c l\u1eadp (1919\u201321), s\u1ef1 ph\u00e2n chia v\u00e0 s\u1ef1 th\u00e0nh l\u1eadp Nh\u00e0 n\u01b0\u1edbc T\u1ef1 do Ireland. Trong nh\u1eefng th\u1eadp k\u1ef7 ti\u1ebfp theo, Nh\u00e0 n\u01b0\u1edbc T\u1ef1 do kh\u1eb3ng \u0111\u1ecbnh quy\u1ec1n t\u1ef1 ch\u1ee7 ng\u00e0y c\u00e0ng t\u0103ng cho \u0111\u1ebfn khi \u0110\u1ea1o lu\u1eadt C\u1ed9ng h\u00f2a Ireland (1948) tuy\u00ean b\u1ed1 t\u00ecnh tr\u1ea1ng c\u1ed9ng h\u00f2a ho\u00e0n to\u00e0n. \u1ede B\u1eafc Ireland, c\u0103ng th\u1eb3ng gi\u00e1o ph\u00e1i b\u00f9ng ph\u00e1t th\u00e0nh xung \u0111\u1ed9t k\u00e9o d\u00e0i t\u1eeb cu\u1ed1i nh\u1eefng n\u0103m 1960; h\u00f2a b\u00ecnh ch\u1ec9 tr\u1edf l\u1ea1i sau Th\u1ecfa thu\u1eadn Th\u1ee9 S\u00e1u Tu\u1ea7n Th\u00e1nh n\u0103m 1998. N\u0103m 1973, c\u1ea3 hai khu v\u1ef1c ph\u00e1p l\u00fd \u0111\u1ec1u gia nh\u1eadp C\u1ed9ng \u0111\u1ed3ng Kinh t\u1ebf Ch\u00e2u \u00c2u, ch\u1ec9 \u0111\u1ec3 V\u01b0\u01a1ng qu\u1ed1c Anh (v\u00e0 do \u0111\u00f3 l\u00e0 B\u1eafc Ireland) r\u1eddi Li\u00ean minh Ch\u00e2u \u00c2u v\u00e0o n\u0103m 2020 sau cu\u1ed9c tr\u01b0ng c\u1ea7u d\u00e2n \u00fd n\u0103m 2016. Sau \u0111\u00f3, B\u1eafc Ireland v\u1eabn gi\u1eef \u0111\u01b0\u1ee3c v\u1ecb th\u1ebf \u0111\u1ed9c nh\u1ea5t, tham gia v\u00e0o th\u1ecb tr\u01b0\u1eddng chung c\u1ee7a EU v\u1ec1 h\u00e0ng h\u00f3a - m\u1ed9t s\u1ef1 th\u1ecfa hi\u1ec7p \u0111\u01b0\u1ee3c thi\u1ebft k\u1ebf \u0111\u1ec3 duy tr\u00ec ti\u1ebfn tr\u00ecnh h\u00f2a b\u00ecnh v\u00e0 b\u1ea3o t\u1ed3n bi\u00ean gi\u1edbi m\u1edf tr\u00ean \u0111\u1ea3o.<\/p>\n<p>Di s\u1ea3n v\u0103n h\u00f3a c\u1ee7a Ireland vang v\u1ecdng v\u01b0\u1ee3t xa b\u1edd bi\u1ec3n c\u1ee7a n\u00f3. V\u0103n h\u00f3a Gaelic b\u1ea3n \u0111\u1ecba t\u1ed3n t\u1ea1i qua c\u00e1c tr\u1eadn \u0111\u1ea5u b\u00f3ng \u0111\u00e1 v\u00e0 n\u00e9m b\u00f3ng c\u1ee7a Hi\u1ec7p h\u1ed9i th\u1ec3 thao Gaelic, c\u00e1c bu\u1ed5i h\u00f2a nh\u1ea1c Ireland t\u1ea1i c\u00e1c qu\u00e1n r\u01b0\u1ee3u v\u00e0 s\u1ef1 t\u1ed3n t\u1ea1i c\u1ee7a ti\u1ebfng Ireland\u2014hi\u1ec7n l\u00e0 ng\u00f4n ng\u1eef thi\u1ec3u s\u1ed1 nh\u01b0ng t\u1eebng l\u00e0 ph\u01b0\u01a1ng ng\u1eef c\u1ee7a h\u00f2n \u0111\u1ea3o v\u00e0 l\u00e0 ph\u01b0\u01a1ng ti\u1ec7n c\u1ee7a m\u1ed9t t\u1eadp h\u1ee3p v\u0103n h\u1ecdc phong ph\u00fa tr\u1ea3i d\u00e0i t\u1eeb ti\u1ebfng Ireland c\u1ed5, trung \u0111\u1ea1i v\u00e0 \u0111\u1ea7u hi\u1ec7n \u0111\u1ea1i. Nh\u1eefng \u0111\u00f3ng g\u00f3p c\u1ee7a Ireland cho n\u1ec1n v\u0103n h\u1ecdc th\u1ebf gi\u1edbi, \u0111\u1eb7c bi\u1ec7t l\u00e0 ti\u1ebfng Anh, l\u00e0 v\u00f4 song v\u1ec1 m\u1eadt \u0111\u1ed9, t\u1eeb c\u00e1c s\u1eed thi v\u00e0 bi\u00ean ni\u00ean s\u1eed th\u1eddi trung c\u1ed5 \u0111\u1ebfn c\u00e1c ti\u1ec3u thuy\u1ebft gia, nh\u00e0 th\u01a1 v\u00e0 nh\u00e0 vi\u1ebft k\u1ecbch hi\u1ec7n \u0111\u1ea1i.<\/p>\n<p>Truy\u1ec1n th\u1ed1ng ngh\u1ec7 thu\u1eadt th\u1ec3 hi\u1ec7n r\u00f5 nh\u1ea5t \u1edf c\u00e1c n\u00fat th\u1eaft Celtic ph\u1ee9c t\u1ea1p, t\u1eebng trang tr\u00ed tr\u00ean c\u00e1c b\u1ea3n th\u1ea3o \u0111\u01b0\u1ee3c chi\u1ebfu s\u00e1ng v\u00e0 c\u00e1c t\u00e1c ph\u1ea9m ch\u1ea1m kh\u1eafc tr\u00ean \u0111\u00e1, gi\u1edd \u0111\u00e2y xu\u1ea5t hi\u1ec7n kh\u1eafp n\u01a1i trong \u0111\u1ed3 trang s\u1ee9c v\u00e0 h\u1ecda ti\u1ebft \u0111\u1ed3 h\u1ecda nh\u01b0 m\u1ed9t bi\u1ec3u t\u01b0\u1ee3ng c\u1ee7a b\u1ea3n s\u1eafc &#034;Celtic&#034;. V\u0103n h\u00f3a qu\u00e1n r\u01b0\u1ee3u c\u0169ng \u0111\u00e3 tr\u1edf th\u00e0nh bi\u1ec3u t\u01b0\u1ee3ng qu\u1ed1c t\u1ebf v\u1ec1 t\u00ednh x\u00e3 h\u1ed9i c\u1ee7a ng\u01b0\u1eddi Ireland: nh\u1eefng \u0111\u1ecba \u0111i\u1ec3m n\u01a1i nh\u1eefng ng\u01b0\u1eddi k\u1ec3 chuy\u1ec7n t\u1ee5 h\u1ecdp, cu\u1ed9c tr\u00f2 chuy\u1ec7n di\u1ec5n ra v\u00e0 \u00e2m nh\u1ea1c truy\u1ec1n th\u1ed1ng vang v\u1ecdng t\u1eeb g\u1ed7 \u1ea5m \u00e1p.<\/p>\n<p>\u0110\u1ecba h\u00ecnh c\u1ee7a h\u00f2n \u0111\u1ea3o n\u00e0y th\u00edch h\u1ee3p cho nhi\u1ec1u ho\u1ea1t \u0111\u1ed9ng ngo\u00e0i tr\u1eddi \u0111a d\u1ea1ng. B\u1edd bi\u1ec3n ph\u00eda t\u00e2y h\u01b0\u1edbng ra \u0110\u1ea1i T\u00e2y D\u01b0\u01a1ng t\u1ef1 h\u00e0o c\u00f3 nh\u1eefng b\u00e3i bi\u1ec3n l\u01b0\u1edbt s\u00f3ng n\u1ed5i ti\u1ebfng\u2014Bundoran, Lahinch v\u00e0 V\u1ecbnh Donegal trong s\u1ed1 \u0111\u00f3\u2014n\u01a1i nh\u1eefng con s\u00f3ng m\u00f9a \u0111\u00f4ng thu h\u00fat ng\u01b0\u1eddi ch\u00e2u \u00c2u \u0111\u1ebfn c\u00e1c s\u1ef1 ki\u1ec7n v\u00f4 \u0111\u1ecbch. Th\u1ee3 l\u1eb7n kh\u00e1m ph\u00e1 v\u00f9ng n\u01b0\u1edbc trong v\u1eaft, \u0111\u1ea7y \u1eafp sinh v\u1eadt bi\u1ec3n xung quanh c\u00e1c x\u00e1c t\u00e0u \u0111\u1eafm ngo\u00e0i kh\u01a1i Malin Head v\u00e0 Qu\u1eadn Cork. Nh\u1eefng ng\u01b0\u1eddi c\u00e2u c\u00e1 theo \u0111u\u1ed5i c\u00e1 h\u1ed3i \u1edf Shannon v\u00e0 c\u00e1 h\u1ed3i v\u00e2n \u1edf h\u01a1n m\u01b0\u1eddi b\u1ed1n ngh\u00ecn km s\u00f4ng v\u00e0 b\u1ea3y ngh\u00ecn km b\u1edd bi\u1ec3n, v\u1edbi ho\u1ea1t \u0111\u1ed9ng c\u00e2u c\u00e1 th\u00f4 v\u00e0 c\u00e2u c\u00e1 bi\u1ec3n c\u0169ng ph\u00e1t tri\u1ec3n m\u1ea1nh tr\u00ean c\u00e1c b\u00e3i bi\u1ec3n c\u00f3 bi\u1ec3n b\u00e1o v\u00e0 b\u1ea3n \u0111\u1ed3.<\/p>\n<p>Di s\u1ea3n \u1ea9m th\u1ef1c ph\u1ea3n \u00e1nh l\u1ecbch s\u1eed x\u00e3 h\u1ed9i. S\u1ef1 ph\u1ee5 thu\u1ed9c v\u00e0o ch\u0103n nu\u00f4i gia s\u00fac th\u1eddi Trung c\u1ed5, v\u1edbi gia s\u00fac l\u00e0 th\u01b0\u1edbc \u0111o c\u1ee7a c\u1ea3i, \u0111\u00e3 th\u00fac \u0111\u1ea9y s\u1eefa h\u01a1n th\u1ecbt b\u00f2; th\u1ecbt x\u00f4ng kh\u00f3i mu\u1ed1i (\u201crashers\u201d), b\u01a1 v\u00e0 pudding \u0111en l\u00e0m t\u1eeb m\u00e1u v\u1eabn l\u00e0 nh\u1eefng th\u1ef1c ph\u1ea9m ch\u00ednh l\u00e2u \u0111\u1eddi. S\u1ef1 du nh\u1eadp c\u1ee7a khoai t\u00e2y v\u00e0o th\u1ebf k\u1ef7 XVI \u0111\u00e3 c\u00e1ch m\u1ea1ng h\u00f3a ch\u1ebf \u0111\u1ed9 \u0103n u\u1ed1ng, tr\u1edf th\u00e0nh ngu\u1ed3n dinh d\u01b0\u1ee1ng g\u1ea7n nh\u01b0 duy nh\u1ea5t v\u00e0o gi\u1eefa th\u1ebf k\u1ef7 XIX v\u00e0 truy\u1ec1n c\u1ea3m h\u1ee9ng cho c\u00e1c m\u00f3n \u0103n mang t\u00ednh bi\u1ec3u t\u01b0\u1ee3ng: m\u00f3n h\u1ea7m, th\u1ecbt x\u00f4ng kh\u00f3i v\u00e0 b\u1eafp c\u1ea3i, boxty v\u00e0 colcannon. \u201c\u1ea8m th\u1ef1c Ireland m\u1edbi\u201d \u0111\u01b0\u01a1ng \u0111\u1ea1i x\u00e2y d\u1ef1ng tr\u00ean n\u1ec1n t\u1ea3ng n\u00e0y\u2014rau t\u01b0\u01a1i, \u0111\u1ed9ng v\u1eadt c\u00f3 v\u1ecf, pho m\u00e1t th\u1ee7 c\u00f4ng v\u00e0 b\u00e1nh m\u00ec\u2014trong khi v\u1eabn gi\u1eef vai tr\u00f2 trung t\u00e2m c\u1ee7a khoai t\u00e2y; m\u00f3n \u201cDublin Lawyer\u201d t\u00f4m h\u00f9m v\u00e0 r\u01b0\u1ee3u whisky l\u00e0 v\u00ed d\u1ee5 \u0111i\u1ec3n h\u00ecnh cho s\u1ef1 k\u1ebft h\u1ee3p gi\u1eefa truy\u1ec1n th\u1ed1ng v\u00e0 \u0111\u1ed5i m\u1edbi.<\/p>\n<p>R\u01b0\u1ee3u m\u1ea1nh v\u00e0 bia l\u00e0 m\u1ed9t chi\u1ec1u h\u01b0\u1edbng kh\u00e1c c\u1ee7a b\u1ea3n s\u1eafc d\u00e2n t\u1ed9c. Nh\u00e0 m\u00e1y ch\u01b0ng c\u1ea5t Old Bushmills \u1edf Qu\u1eadn Antrim t\u1eebng s\u1ea3n xu\u1ea5t ch\u00edn m\u01b0\u01a1i ph\u1ea7n tr\u0103m s\u1ea3n l\u01b0\u1ee3ng r\u01b0\u1ee3u whisky to\u00e0n c\u1ea7u; s\u1ef1 suy gi\u1ea3m sau \u0111\u00f3 trong th\u1eddi k\u1ef3 C\u1ea5m r\u01b0\u1ee3u c\u1ee7a Hoa K\u1ef3 v\u00e0 c\u00e1c tranh ch\u1ea5p th\u01b0\u01a1ng m\u1ea1i gi\u1eefa hai cu\u1ed9c chi\u1ebfn tranh \u0111\u00e3 l\u00e0m gi\u1ea3m th\u1ecb ph\u1ea7n r\u01b0\u1ee3u whisky Ireland xu\u1ed1ng c\u00f2n hai ph\u1ea7n tr\u0103m v\u00e0o gi\u1eefa th\u1ebf k\u1ef7 XX. S\u1ef1 h\u1ed3i sinh k\u1ec3 t\u1eeb cu\u1ed1i nh\u1eefng n\u0103m 1990 \u0111\u00e3 kh\u00f4i ph\u1ee5c l\u1ea1i s\u1ef1 n\u1ed5i b\u1eadt tr\u00ean tr\u01b0\u1eddng qu\u1ed1c t\u1ebf, v\u1edbi c\u00e1c lo\u1ea1i r\u01b0\u1ee3u ch\u01b0ng c\u1ea5t \u0111\u01b0\u1ee3c ph\u00e2n bi\u1ec7t b\u1eb1ng kh\u00f3i nh\u1eb9 h\u01a1n v\u00e0 v\u1ecb ng\u1ecdt c\u00e2n b\u1eb1ng. R\u01b0\u1ee3u whisky l\u00e0 n\u1ec1n t\u1ea3ng c\u1ee7a r\u01b0\u1ee3u m\u00f9i kem nh\u01b0 Baileys v\u00e0 &#034;c\u00e0 ph\u00ea Ireland&#034; n\u1ed5i ti\u1ebfng th\u1ebf gi\u1edbi. Bia \u0111en c\u0169ng mang t\u00ednh bi\u1ec3u t\u01b0\u1ee3ng kh\u00f4ng k\u00e9m - \u0111\u1eb7c bi\u1ec7t l\u00e0 Guinness - v\u00e0 r\u01b0\u1ee3u t\u00e1o c\u1ee9ng, c\u00f9ng v\u1edbi m\u1ed9t lo\u1ea1i n\u01b0\u1edbc gi\u1ea3i kh\u00e1t b\u1ea3n \u0111\u1ecba, n\u01b0\u1edbc chanh \u0111\u1ecf.<\/p>\n<p>C\u00e1c bi\u1ec7n ph\u00e1p kinh t\u1ebf minh h\u1ecda cho s\u1ef1 t\u01b0\u01a1ng ph\u1ea3n r\u00f5 r\u1ec7t. N\u0103m 2021, GDP danh ngh\u0129a c\u1ee7a C\u1ed9ng h\u00f2a Ireland \u0111\u1ea1t 423,5 t\u1ef7 euro, v\u1edbi s\u1ea3n l\u01b0\u1ee3ng b\u00ecnh qu\u00e2n \u0111\u1ea7u ng\u01b0\u1eddi l\u00e0 84.049,9 euro; T\u1ed5ng gi\u00e1 tr\u1ecb gia t\u0103ng c\u1ee7a B\u1eafc Ireland l\u00e0 52 t\u1ef7 b\u1ea3ng Anh, \u1edf m\u1ee9c 27.154 b\u1ea3ng Anh\/ng\u01b0\u1eddi. B\u1ea5t ch\u1ea5p c\u00e1c lo\u1ea1i ti\u1ec1n t\u1ec7 v\u00e0 ph\u01b0\u01a1ng ph\u00e1p th\u1ed1ng k\u00ea ri\u00eang bi\u1ec7t, s\u1ef1 h\u1ed9i nh\u1eadp th\u01b0\u01a1ng m\u1ea1i tr\u00ean to\u00e0n \u0111\u1ea3o v\u1eabn ti\u1ebfp t\u1ee5c s\u00e2u s\u1eafc h\u01a1n, th\u00fac \u0111\u1ea9y c\u00e1c l\u1eddi k\u00eau g\u1ecdi v\u1ec1 m\u1ed9t &#034;n\u1ec1n kinh t\u1ebf to\u00e0n Ireland&#034; \u0111\u1ec3 t\u1eadn d\u1ee5ng quy m\u00f4 v\u00e0 kh\u1ea3 n\u0103ng c\u1ea1nh tranh.<\/p>\n<p>T\u1ea5m th\u1ea3m di s\u1ea3n phong ph\u00fa c\u1ee7a Ireland thu h\u00fat h\u00e0ng tri\u1ec7u du kh\u00e1ch. Hai \u0111\u1ecba \u0111i\u1ec3m \u0111\u01b0\u1ee3c UNESCO c\u00f4ng nh\u1eadn l\u00e0 Di s\u1ea3n Th\u1ebf gi\u1edbi: cung \u0111i\u1ec7n v\u00e0 khu ph\u1ee9c h\u1ee3p ch\u00f4n c\u1ea5t th\u1eddi \u0111\u1ed3 \u0111\u00e1 m\u1edbi t\u1ea1i Br\u00fa na B\u00f3inne v\u00e0 c\u00e1c c\u1ed9t \u0111\u00e1 bazan c\u1ee7a Giant&#039;s Causeway. Burren, Ceide Fields v\u00e0 Mount Stewart \u0111ang ch\u1edd \u0111\u01b0\u1ee3c ghi danh ch\u00ednh th\u1ee9c. Trong s\u1ed1 nh\u1eefng \u0111i\u1ec3m tham quan \u0111\u01b0\u1ee3c gh\u00e9 th\u0103m nhi\u1ec1u nh\u1ea5t l\u00e0 L\u00e2u \u0111\u00e0i Bunratty, V\u00e1ch \u0111\u00e1 Moher, L\u00e2u \u0111\u00e0i Blarney\u2014n\u01a1i du kh\u00e1ch t\u00ecm ki\u1ebfm m\u00f3n qu\u00e0 h\u00f9ng bi\u1ec7n huy\u1ec1n tho\u1ea1i\u2014v\u00e0 nh\u1eefng t\u00e0n t\u00edch tu vi\u1ec7n t\u1ea1i Glendalough v\u00e0 Clonmacnoise. Dublin, th\u1ee7 \u0111\u00f4 v\u00e0 l\u00e0 \u0111i\u1ec3m v\u00e0o ch\u00ednh, h\u1ea5p d\u1eabn v\u1edbi S\u00e1ch Kells t\u1ea1i Cao \u0111\u1eb3ng Trinity v\u00e0 Guinness Storehouse, trong khi ph\u00eda t\u00e2y g\u1ed3 gh\u1ec1\u2014Killarney, Connemara v\u00e0 Qu\u1ea7n \u0111\u1ea3o Aran\u2014mang \u0111\u1ebfn c\u1ea3nh quan to\u00e0n c\u1ea3nh v\u00e0 s\u1ef1 \u0111\u1eafm m\u00ecnh v\u00e0o v\u0103n h\u00f3a. Nh\u1eefng ng\u00f4i nh\u00e0 v\u00e0 l\u00e2u \u0111\u00e0i nguy nga theo phong c\u00e1ch ph\u1ee5c h\u01b0ng Palladian, T\u00e2n c\u1ed5 \u0111i\u1ec3n v\u00e0 Gothic, ch\u1eb3ng h\u1ea1n nh\u01b0 Nh\u00e0 Bantry, Castle Ward v\u00e0 L\u00e2u \u0111\u00e0i Ashford, mang \u0111\u1ebfn c\u1ea3 c\u00e1i nh\u00ecn s\u00e2u s\u1eafc v\u1ec1 ki\u1ebfn \u200b\u200btr\u00fac v\u00e0 l\u00f2ng hi\u1ebfu kh\u00e1ch sang tr\u1ecdng.<\/p>\n<p>Cu\u1ed9c s\u1ed1ng \u0111\u00f4 th\u1ecb di\u1ec5n ra \u1edf nh\u1eefng th\u00e0nh ph\u1ed1 \u0111an xen gi\u1eefa l\u1ecbch s\u1eed v\u00e0 ti\u1ec7n nghi hi\u1ec7n \u0111\u1ea1i. Dublin tr\u00e0n \u0111\u1ea7y n\u0103ng l\u01b0\u1ee3ng qu\u1ed1c t\u1ebf; Cork, \u0111\u01b0\u1ee3c th\u00e0nh l\u1eadp b\u1edfi St Finbarre v\u00e0o kho\u1ea3ng n\u0103m 600 sau C\u00f4ng nguy\u00ean tr\u00ean S\u00f4ng Lee, n\u1ed5i ti\u1ebfng v\u1edbi h\u1ea3i s\u1ea3n v\u00e0 l\u1ec5 h\u1ed9i. Galway k\u1ebft h\u1ee3p ngh\u1ec7 thu\u1eadt s\u1ed1ng \u0111\u1ed9ng v\u1edbi v\u1ebb \u0111\u1eb9p \u00e1m \u1ea3nh c\u1ee7a Connemara. Kilkenny g\u1ee3i l\u00ean n\u00e9t quy\u1ebfn r\u0169 th\u1eddi trung c\u1ed5; Letterkenny \u0111\u00f3ng vai tr\u00f2 l\u00e0 c\u1eeda ng\u00f5 v\u00e0o b\u1edd bi\u1ec3n hoang d\u00e3 c\u1ee7a Donegal. L\u01b0\u1edbi Georgian c\u1ee7a Limerick v\u00e0 ph\u00e1o \u0111\u00e0i u \u00e1m g\u1ee3i nh\u1edb \u0111\u1ebfn qu\u00e1 kh\u1ee9 Viking-Anglo c\u1ee7a n\u00f3, trong khi Sligo\u2014\u0111\u01b0\u1ee3c WB Yeats y\u00eau th\u00edch\u2014g\u1ee3i l\u00ean nh\u1eefng c\u1ea3nh quan tr\u1eef t\u00ecnh. Waterford, th\u00e0nh ph\u1ed1 l\u00e2u \u0111\u1eddi nh\u1ea5t c\u1ee7a h\u00f2n \u0111\u1ea3o, mang n\u1ec1n m\u00f3ng c\u1ee7a ng\u01b0\u1eddi Viking v\u00e0 m\u1eb7t ti\u1ec1n Georgian.<\/p>\n<p>Phong t\u1ee5c \u0111\u1ecba ph\u01b0\u01a1ng v\u1eabn l\u00e0 m\u1ed9t ph\u1ea7n kh\u00f4ng th\u1ec3 thi\u1ebfu trong tr\u1ea3i nghi\u1ec7m c\u1ee7a du kh\u00e1ch: c\u00e2u ch\u00e0o h\u1ecfi ch\u00e2n th\u00e0nh &#034;b\u1ea1n kh\u1ecfe kh\u00f4ng?&#034; tr\u00ean nh\u1eefng con \u0111\u01b0\u1eddng l\u00e0ng; c\u00e2u ch\u00e0o l\u1ecbch s\u1ef1 &#034;kh\u00f4ng c\u00f3 g\u00ec \u0111\u00e2u&#034; \u0111\u1ec3 \u0111\u00e1p l\u1ea1i l\u00f2ng bi\u1ebft \u01a1n; c\u00e1ch ti\u1ebfp c\u1eadn linh ho\u1ea1t \u0111\u1ec3 b\u00f9 \u0111\u1eafp th\u1eddi gian b\u1eb1ng s\u1ef1 \u0111\u00fang gi\u1edd cho c\u00e1c bu\u1ed5i l\u1ec5 trang tr\u1ecdng; v\u00e0 th\u1eadn tr\u1ecdng tr\u00e1nh c\u00e1c ch\u1ee7 \u0111\u1ec1 t\u1ebf nh\u1ecb - l\u1ecbch s\u1eed gi\u00e1o ph\u00e1i, chia r\u1ebd ch\u00ednh tr\u1ecb, b\u00ea b\u1ed1i nh\u00e0 th\u1edd - tr\u1eeb khi ng\u01b0\u1eddi \u0111\u00f3 c\u00f3 s\u1ef1 nh\u1ea1y c\u1ea3m s\u00e2u s\u1eafc. C\u00e1c tr\u1eadn \u0111\u1ea5u c\u1ee7a h\u1ea1t do Hi\u1ec7p h\u1ed9i th\u1ec3 thao Gaelic t\u1ed5 ch\u1ee9c mang \u0111\u1ebfn s\u1ef1 t\u01b0\u01a1ng t\u00e1c \u0111\u00edch th\u1ef1c, m\u1eb7c d\u00f9 v\u00e9 v\u00e0o chung k\u1ebft Croke Park r\u1ea5t \u0111\u01b0\u1ee3c s\u0103n \u0111\u00f3n. C\u00e1c tr\u01b0\u1eddng \u0111ua ng\u1ef1a \u1edf m\u1ecdi h\u1ea1t \u0111\u1ec1u t\u00f4n vinh ni\u1ec1m \u0111am m\u00ea \u0111ua ng\u1ef1a v\u00e0 ch\u0103n nu\u00f4i ng\u1ef1a gi\u1ed1ng tr\u00ean to\u00e0n qu\u1ed1c. C\u00e1c s\u00e2n golf - t\u1eeb Adare, n\u01a1i t\u1ed5 ch\u1ee9c Ryder Cup trong t\u01b0\u01a1ng lai, \u0111\u1ebfn Royal Portrush - l\u00e0 n\u01a1i neo \u0111\u1eadu c\u00e1c kh\u00e1ch s\u1ea1n l\u00e2u \u0111\u00e0i \u0111\u01b0\u1ee3c h\u1ed3i sinh.<\/p>\n<p>M\u1ed9t lu\u1ed3ng t\u00f2 m\u00f2 ng\u1ea7m v\u1ec1 t\u1ed5 ti\u00ean \u0111\u01b0a nhi\u1ec1u ng\u01b0\u1eddi \u0111\u1ebfn kho l\u01b0u tr\u1eef v\u00e0 s\u1ed5 \u0111\u0103ng k\u00fd gi\u00e1o x\u1ee9 c\u1ee7a Ireland, theo d\u00f5i d\u00f2ng d\u00f5i qua nhi\u1ec1u th\u1ebf k\u1ef7 di c\u01b0 v\u00e0 bi\u1ebfn \u0111\u1ed9ng. Nghi\u00ean c\u1ee9u ph\u1ea3 h\u1ec7, m\u1eb7c d\u00f9 b\u1ecb c\u1ea3n tr\u1edf b\u1edfi nh\u1eefng kho\u1ea3ng tr\u1ed1ng v\u00e0 m\u1ea5t m\u00e1t, nh\u01b0ng \u0111\u01b0\u1ee3c h\u01b0\u1edfng l\u1ee3i t\u1eeb c\u00e1c n\u1ed7 l\u1ef1c s\u1ed1 h\u00f3a, \u0111\u1eb7c bi\u1ec7t l\u00e0 \u1edf Qu\u1eadn Clare.<\/p>\n<p>Tr\u00ean kh\u1eafp c\u00e1c c\u1ea3nh quan v\u00e0 c\u1ed9ng \u0111\u1ed3ng c\u1ee7a m\u00ecnh, Ireland kh\u1eb3ng \u0111\u1ecbnh s\u1ef1 pha tr\u1ed9n gi\u1eefa c\u1ed5 x\u01b0a v\u00e0 \u0111\u01b0\u01a1ng \u0111\u1ea1i, s\u1ef1 \u1ea5m \u00e1p c\u1ee7a \u0111\u1ecba ph\u01b0\u01a1ng v\u00e0 s\u1ef1 n\u0103ng \u0111\u1ed9ng h\u01b0\u1edbng ngo\u1ea1i. Th\u01a1 ca v\u00e0 v\u0103n xu\u00f4i, \u00e2m nh\u1ea1c v\u00e0 khi\u00eau v\u0169, nh\u1eefng ng\u1ecdn n\u00fai g\u1ed3 gh\u1ec1 v\u00e0 \u0111\u1ed3ng b\u1eb1ng \u00eam \u0111\u1ec1m, l\u1ecbch s\u1eed kh\u1eafc k\u1ef7 v\u00e0 kh\u1ea3 n\u0103ng ph\u1ee5c h\u1ed3i b\u1ec1n b\u1ec9 h\u00f2a quy\u1ec7n trong m\u1ed9t h\u00f2n \u0111\u1ea3o v\u1eeba mang t\u00ednh chi\u00eam nghi\u1ec7m v\u1eeba mang t\u00ednh l\u1ec5 k\u1ef7 ni\u1ec7m.<\/p>\n<p>\u1ede m\u1ed9t v\u00f9ng \u0111\u1ea5t m\u00e0 qu\u00e1 kh\u1ee9 v\u00e0 hi\u1ec7n t\u1ea1i h\u1ed9i t\u1ee5 trong \u0111\u00e1 v\u00e0 c\u00e2u chuy\u1ec7n, m\u1ed7i du kh\u00e1ch \u0111\u1ec1u t\u00ecm th\u1ea5y m\u1ed9t kh\u00eda c\u1ea1nh c\u1ee7a b\u1ea3n s\u1eafc ri\u00eang c\u1ee7a Ireland\u2014m\u1ed9t b\u1ea3n s\u1eafc \u0111\u01b0\u1ee3c h\u00ecnh th\u00e0nh b\u1edfi \u0111\u1ecba ch\u1ea5t v\u00e0 ph\u1ea3 h\u1ec7, b\u1edfi s\u1ef1 x\u00e2m l\u01b0\u1ee3c v\u00e0 \u0111\u1ed9c l\u1eadp, b\u1edfi \u0111\u1ee9c tin v\u00e0 l\u1ec5 h\u1ed9i. Tuy nhi\u00ean, kho b\u00e1u th\u1ef1c s\u1ef1 c\u1ee7a h\u00f2n \u0111\u1ea3o n\u1eb1m \u1edf nh\u1eefng \u0111i\u1ec1u v\u00f4 h\u00ecnh: s\u1ef1 ch\u00e0o \u0111\u00f3n n\u1ed3ng nhi\u1ec7t \u1edf ng\u01b0\u1ee1ng c\u1eeda, ti\u1ebfng c\u01b0\u1eddi chung khi u\u1ed1ng m\u1ed9t c\u1ed1c bia, s\u1ef1 t\u00f4n k\u00ednh l\u1eb7ng l\u1ebd tr\u01b0\u1edbc v\u00f2ng tr\u00f2n \u0111\u00e1 l\u00fac b\u00ecnh minh. Ireland t\u1ed3n t\u1ea1i kh\u00f4ng ch\u1ec9 nh\u01b0 m\u1ed9t \u0111\u1ecba danh tr\u00ean b\u1ea3n \u0111\u1ed3, m\u00e0 c\u00f2n l\u00e0 l\u1eddi m\u1eddi kh\u00e1m ph\u00e1 nh\u1eefng m\u1ed1i li\u00ean k\u1ebft g\u1eafn k\u1ebft \u0111\u1ea5t \u0111ai, di s\u1ea3n v\u00e0 tr\u00ed t\u01b0\u1edfng t\u01b0\u1ee3ng.<\/p>","protected":false},"excerpt":{"rendered":"<p>Ireland l\u00e0 m\u1ed9t n\u01b0\u1edbc c\u1ed9ng h\u00f2a \u0111\u1ea3o n\u1eb1m \u1edf B\u1eafc \u0110\u1ea1i T\u00e2y D\u01b0\u01a1ng ngo\u00e0i kh\u01a1i b\u1edd bi\u1ec3n ph\u00eda t\u00e2y b\u1eafc c\u1ee7a l\u1ee5c \u0111\u1ecba ch\u00e2u \u00c2u, v\u1edbi d\u00e2n s\u1ed1 kho\u1ea3ng 7 tri\u1ec7u ng\u01b0\u1eddi t\u00ednh \u0111\u1ebfn n\u0103m 2022. H\u00f2n \u0111\u1ea3o n\u00e0y, l\u1edbn th\u1ee9 ba \u1edf ch\u00e2u \u00c2u v\u00e0 l\u1edbn th\u1ee9 hai m\u01b0\u01a1i tr\u00ean to\u00e0n th\u1ebf gi\u1edbi, \u0111\u01b0\u1ee3c ph\u00e2n chia v\u1ec1 m\u1eb7t \u0111\u1ecba ch\u00ednh tr\u1ecb gi\u1eefa C\u1ed9ng h\u00f2a Ireland, bao g\u1ed3m kho\u1ea3ng n\u0103m ph\u1ea7n s\u00e1u l\u00e3nh th\u1ed5, v\u00e0 B\u1eafc Ireland, m\u1ed9t th\u00e0nh ph\u1ea7n c\u1ee7a V\u01b0\u01a1ng qu\u1ed1c Anh. C\u1ed9ng h\u00f2a Ireland c\u00f3 d\u00e2n s\u1ed1 5,1 tri\u1ec7u ng\u01b0\u1eddi, trong khi B\u1eafc Ireland c\u00f3 1,9 tri\u1ec7u c\u00f4ng d\u00e2n, khi\u1ebfn Ireland tr\u1edf th\u00e0nh h\u00f2n \u0111\u1ea3o \u0111\u00f4ng d\u00e2n th\u1ee9 hai \u1edf ch\u00e2u \u00c2u, sau V\u01b0\u01a1ng qu\u1ed1c Anh.<\/p>","protected":false},"author":1,"featured_media":4036,"parent":24078,"menu_order":0,"comment_status":"closed","ping_status":"closed","template":"elementor_theme","meta":{"_eb_attr":"","footnotes":""},"class_list":["post-11622","page","type-page","status-publish","has-post-thumbnail"],"_links":{"self":[{"href":"https:\/\/travelshelper.com\/vi\/wp-json\/wp\/v2\/pages\/11622","targetHints":{"allow":["GET"]}}],"collection":[{"href":"https:\/\/travelshelper.com\/vi\/wp-json\/wp\/v2\/pages"}],"about":[{"href":"https:\/\/travelshelper.com\/vi\/wp-json\/wp\/v2\/types\/page"}],"author":[{"embeddable":true,"href":"https:\/\/travelshelper.com\/vi\/wp-json\/wp\/v2\/users\/1"}],"replies":[{"embeddable":true,"href":"https:\/\/travelshelper.com\/vi\/wp-json\/wp\/v2\/comments?post=11622"}],"version-history":[{"count":0,"href":"https:\/\/travelshelper.com\/vi\/wp-json\/wp\/v2\/pages\/11622\/revisions"}],"up":[{"embeddable":true,"href":"https:\/\/travelshelper.com\/vi\/wp-json\/wp\/v2\/pages\/24078"}],"wp:featuredmedia":[{"embeddable":true,"href":"https:\/\/travelshelper.com\/vi\/wp-json\/wp\/v2\/media\/4036"}],"wp:attachment":[{"href":"https:\/\/travelshelper.com\/vi\/wp-json\/wp\/v2\/media?parent=11622"}],"curies":[{"name":"wp","href":"https:\/\/api.w.org\/{rel}","templated":true}]}}