{"id":11538,"date":"2024-09-13T12:05:14","date_gmt":"2024-09-13T12:05:14","guid":{"rendered":"https:\/\/travelshelper.com\/staging\/?page_id=11538"},"modified":"2026-03-12T17:15:57","modified_gmt":"2026-03-12T17:15:57","slug":"liechtenstein","status":"publish","type":"page","link":"https:\/\/travelshelper.com\/vi\/destinations\/europe\/liechtenstein\/","title":{"rendered":"Liechtenstein"},"content":{"rendered":"<p>C\u00f4ng qu\u1ed1c Liechtenstein l\u00e0 m\u1ed9t qu\u1ed1c gia nh\u1ecf n\u00f3i ti\u1ebfng \u0110\u1ee9c v\u1edbi 40.023 c\u01b0 d\u00e2n, tr\u1ea3i r\u1ed9ng tr\u00ean di\u1ec7n t\u00edch 160 km2 \u1edf Thung l\u0169ng s\u00f4ng Rhine th\u01b0\u1ee3ng l\u01b0u thu\u1ed9c d\u00e3y n\u00fai Alps Trung \u00c2u, n\u1eb1m gi\u1eefa \u00c1o \u1edf ph\u00eda \u0111\u00f4ng v\u00e0 ph\u00eda b\u1eafc v\u00e0 Th\u1ee5y S\u0129 \u1edf ph\u00eda t\u00e2y v\u00e0 ph\u00eda nam.<\/p>\n<p>\u0110\u1ecba h\u00ecnh c\u1ee7a Liechtenstein t\u0103ng \u0111\u1ed9t ng\u1ed9t t\u1eeb \u0111\u1ed3ng b\u1eb1ng ng\u1eadp l\u1ee5t s\u00f4ng Rhine \u0111\u1ebfn c\u00e1c \u0111\u1ec9nh n\u00fai Alps g\u1ed3 gh\u1ec1. C\u00f4ng qu\u1ed1c n\u00e0y c\u00f3 chi\u1ec1u d\u00e0i kho\u1ea3ng 24 km t\u1eeb nam ra b\u1eafc v\u00e0 r\u1ed9ng nh\u1ea5t l\u00e0 12 km, v\u1edbi bi\u00ean gi\u1edbi k\u00e9o d\u00e0i \u0111\u1ebfn 77,9 km sau c\u00e1c cu\u1ed9c kh\u1ea3o s\u00e1t ch\u00ednh x\u00e1c \u0111\u01b0\u1ee3c ho\u00e0n th\u00e0nh v\u00e0o n\u0103m 2006. Bi\u00ean gi\u1edbi ph\u00eda t\u00e2y c\u1ee7a n\u00f3 \u0111\u01b0\u1ee3c x\u00e1c \u0111\u1ecbnh ho\u00e0n to\u00e0n b\u1edfi s\u00f4ng Rhine, n\u01a1i \u0111\u00e3 \u0111\u1ecbnh h\u00ecnh c\u1ea3 th\u1ee7y v\u0103n c\u1ee7a qu\u1ed1c gia n\u00e0y v\u00e0 c\u00e1c m\u00f4 h\u00ecnh \u0111\u1ecbnh c\u01b0 ban \u0111\u1ea7u c\u1ee7a n\u00f3. M\u1eb7c d\u00f9 c\u00f3 k\u00edch th\u01b0\u1edbc nh\u1ecf b\u00e9, g\u1ea7n m\u1ed9t n\u1eeda \u0111\u1ea5t n\u01b0\u1edbc \u0111\u01b0\u1ee3c ph\u00e2n lo\u1ea1i l\u00e0 mi\u1ec1n n\u00fai, m\u1ed9t ph\u00e2n chia \u0111\u1ecba h\u00ecnh h\u1ed7 tr\u1ee3 c\u1ea3 s\u1ef1 thay \u0111\u1ed5i kh\u00ed h\u1eadu v\u00e0 s\u1ef1 ph\u00e2n b\u1ed1 ho\u1ea1t \u0111\u1ed9ng c\u1ee7a con ng\u01b0\u1eddi.<\/p>\n<p>Kh\u00ed h\u1eadu \u0111\u01b0\u1ee3c \u0111i\u1ec1u h\u00f2a b\u1edfi gi\u00f3 nam th\u1ecbnh h\u00e0nh v\u00e0 r\u00e0o ch\u1eafn b\u1ea3o v\u1ec7 c\u1ee7a c\u00e1c d\u00e3y n\u00fai l\u00e2n c\u1eadn. M\u00f9a \u0111\u00f4ng v\u1eabn m\u00e1t m\u1ebb thay v\u00ec kh\u1eafc nghi\u1ec7t, v\u1edbi s\u01b0\u01a1ng gi\u00e1 hi\u1ebfm khi xu\u1ed1ng d\u01b0\u1edbi \u221215 \u00b0C, v\u00e0 gi\u00f3 foehn nam th\u01b0\u1eddng l\u00e0m t\u0103ng nhi\u1ec7t \u0111\u1ed9 l\u00ean 15 \u00b0C ngay c\u1ea3 v\u00e0o gi\u1eefa m\u00f9a \u0111\u00f4ng. M\u00f9a h\u00e8 \u00f4n h\u00f2a, v\u1edbi nhi\u1ec7t \u0111\u1ed9 cao trong ng\u00e0y hi\u1ebfm khi v\u01b0\u1ee3t qu\u00e1 28 \u00b0C. L\u01b0\u1ee3ng m\u01b0a h\u00e0ng n\u0103m trung b\u00ecnh t\u1eeb 900 \u0111\u1ebfn 1.200 mm \u1edf thung l\u0169ng, t\u0103ng l\u00ean g\u1ea7n 1.900 mm tr\u00ean c\u00e1c s\u01b0\u1eddn d\u1ed1c cao, duy tr\u00ec \u0111\u1ed3ng c\u1ecf xanh t\u01b0\u01a1i v\u00e0 c\u00e1c v\u01b0\u1eddn c\u00e2y \u0103n qu\u1ea3 r\u1ea3i r\u00e1c \u1edf \u0111\u1ed9 cao th\u1ea5p h\u01a1n.<\/p>\n<p>C\u00e1c \u0111\u1eb7c \u0111i\u1ec3m th\u1ee7y v\u0103n x\u00e1c \u0111\u1ecbnh th\u00eam v\u1ec1 c\u00f4ng qu\u1ed1c n\u00e0y. S\u00f4ng Rhine, d\u00e0i g\u1ea7n 27 km trong bi\u00ean gi\u1edbi Liechtenstein, v\u1eeba l\u00e0 \u0111\u01b0\u1eddng d\u00e2y c\u1ee9u sinh cung c\u1ea5p n\u01b0\u1edbc v\u1eeba l\u00e0 thi\u00ean \u0111\u01b0\u1eddng gi\u1ea3i tr\u00ed. H\u1ed3 t\u1ef1 nhi\u00ean duy nh\u1ea5t c\u1ee7a Liechtenstein, Gampriner Seelein, xu\u1ea5t hi\u1ec7n v\u00e0o n\u0103m 1927 khi l\u0169 l\u1ee5t t\u1ea1o n\u00ean m\u1ed9t l\u01b0u v\u1ef1c m\u1edbi; c\u00e1c h\u1ed3 ch\u1ee9a b\u1ed5 sung nh\u01b0 H\u1ed3 ch\u1ee9a Steg khai th\u00e1c d\u00f2ng ch\u1ea3y Alpine \u0111\u1ec3 t\u1ea1o ra th\u1ee7y \u0111i\u1ec7n. S\u00f4ng Samina, ch\u1ea3y theo m\u1ed9t l\u1ed9 tr\u00ecnh d\u00e0i 10 km t\u1eeb ngu\u1ed3n tr\u00ean n\u00fai t\u1ea1i Triesenberg \u0111\u1ebfn n\u01a1i h\u1ee3p l\u01b0u v\u1edbi Ill \u1edf \u00c1o, cung c\u1ea5p nh\u1eefng \u0111o\u1ea1n n\u01b0\u1edbc tr\u1eafng \u0111\u01b0\u1ee3c nh\u1eefng ng\u01b0\u1eddi \u0111am m\u00ea \u0111\u00e1nh gi\u00e1 cao.<\/p>\n<p>Theo truy\u1ec1n th\u1ed1ng, Nh\u00e0 Liechtenstein, \u0111\u01b0\u1ee3c n\u00e2ng l\u00ean th\u00e0nh ch\u1ebf \u0111\u1ed9 qu\u00e2n ch\u1ee7 c\u00f3 ch\u1ee7 quy\u1ec1n v\u00e0o n\u0103m 1719, \u0111\u00e3 thi\u1ebft l\u1eadp c\u00f4ng qu\u1ed1c n\u00e0y th\u00e0nh m\u1ed9t ch\u1ebf \u0111\u1ed9 qu\u00e2n ch\u1ee7 b\u00e1n hi\u1ebfn ph\u00e1p. Ho\u00e0ng t\u1eed tr\u1ecb v\u00ec v\u1eabn gi\u1eef \u0111\u01b0\u1ee3c quy\u1ec1n l\u1ef1c \u0111\u00e1ng k\u1ec3, bao g\u1ed3m quy\u1ec1n ph\u1ee7 quy\u1ebft c\u1ee7a c\u01a1 quan l\u1eadp ph\u00e1p, \u0111\u1ec1 c\u1eed t\u01b0 ph\u00e1p v\u00e0 b\u00e3i nhi\u1ec7m ch\u00ednh ph\u1ee7\u2014c\u00e1c quy\u1ec1n l\u1ef1c \u0111\u01b0\u1ee3c t\u00e1i kh\u1eb3ng \u0111\u1ecbnh v\u00e0 m\u1edf r\u1ed9ng trong cu\u1ed9c tr\u01b0ng c\u1ea7u d\u00e2n \u00fd n\u0103m 2003. Th\u1ee7 \u0111\u00f4 Vaduz \u0111\u00f3ng vai tr\u00f2 l\u00e0 tr\u1ee5 s\u1edf c\u1ee7a ch\u00ednh ph\u1ee7 v\u00e0 \u0111\u01b0\u1ee3c b\u1ed5 sung b\u1edfi m\u01b0\u1eddi th\u00e0nh ph\u1ed1 kh\u00e1c. Schaan, x\u00e3 l\u1edbn nh\u1ea5t, k\u1ebft h\u1ee3p ho\u1ea1t \u0111\u1ed9ng c\u00f4ng nghi\u1ec7p v\u1edbi c\u00e1c khu d\u00e2n c\u01b0, trong khi Balzers, Triesen v\u00e0 Triesenberg chi\u1ebfm c\u00e1c ru\u1ed9ng b\u1eadc thang v\u00e0 s\u01b0\u1eddn d\u1ed1c h\u01b0\u1edbng l\u00ean v\u00f9ng cao nguy\u00ean n\u00fai cao.<\/p>\n<p>M\u01b0\u1eddi m\u1ed9t Gemeinden c\u1ee7a Liechtenstein \u0111\u01b0\u1ee3c t\u1eadp trung trong hai khu v\u1ef1c b\u1ea7u c\u1eed: Oberland (v\u00f9ng \u0111\u1ea5t cao) v\u00e0 Unterland (v\u00f9ng \u0111\u1ea5t th\u1ea5p). Oberland bao g\u1ed3m Vaduz, Schaan, Triesen, Triesenberg v\u00e0 Planken, m\u1ed7i khu v\u1ef1c \u0111\u1ec1u n\u1eb1m tr\u00ean c\u00e1c s\u01b0\u1eddn d\u1ed1c ho\u1eb7c \u0111\u1ed3i cao. Unterland, n\u1eb1m g\u1ea7n \u0111\u1ed3ng b\u1eb1ng ven s\u00f4ng h\u01a1n, bao g\u1ed3m Eschen, Gamprin, Mauren, Ruggell v\u00e0 Schellenberg. M\u1ed7i \u0111\u00f4 th\u1ecb \u0111\u1ec1u b\u1ea3o t\u1ed3n c\u00e1c truy\u1ec1n th\u1ed1ng \u0111\u1ecba ph\u01b0\u01a1ng ri\u00eang bi\u1ec7t\u2014t\u1eeb c\u00e1c ru\u1ed9ng b\u1eadc thang tr\u1ed3ng nho \u1edf Schaan \u0111\u1ebfn c\u00e1c khu \u0111\u1ea5t n\u00f4ng nghi\u1ec7p chung \u1edf Ruggell\u2014nh\u01b0ng t\u1ea5t c\u1ea3 \u0111\u1ec1u tu\u00e2n th\u1ee7 m\u1ed9t khu\u00f4n kh\u1ed5 qu\u1ed1c gia th\u1ed1ng nh\u1ea5t.<\/p>\n<p>N\u1ec1n kinh t\u1ebf c\u1ee7a c\u00f4ng qu\u1ed1c n\u00e0y \u0111\u00e1ng ch\u00fa \u00fd v\u00ec c\u00f3 m\u1ed9t trong nh\u1eefng GDP b\u00ecnh qu\u00e2n \u0111\u1ea7u ng\u01b0\u1eddi cao nh\u1ea5t th\u1ebf gi\u1edbi (s\u1ee9c mua t\u01b0\u01a1ng \u0111\u01b0\u01a1ng). M\u1ed9t ng\u00e0nh c\u00f4ng nghi\u1ec7p m\u1ea1nh m\u1ebd s\u1ea3n xu\u1ea5t c\u00e1c d\u1ee5ng c\u1ee5 c\u00f3 \u0111\u1ed9 ch\u00ednh x\u00e1c cao, c\u00f4ng c\u1ee5 \u0111i\u1ec7n v\u00e0 thi\u1ebft b\u1ecb \u0111i\u1ec7n t\u1eed, v\u1edbi Hilti\u2014nh\u00e0 s\u1ea3n xu\u1ea5t h\u1ec7 th\u1ed1ng bu\u1ed9c\u2014l\u00e0 m\u1ed9t trong nh\u1eefng nh\u00e0 tuy\u1ec3n d\u1ee5ng l\u1edbn nh\u1ea5t. C\u00e1c trang tr\u1ea1i nh\u1ecf v\u00e0 v\u01b0\u1eddn c\u00e2y \u0103n qu\u1ea3 xen k\u1ebd c\u00e1c ng\u00f4i l\u00e0ng, cho ra ng\u0169 c\u1ed1c, khoai t\u00e2y, c\u00e1c s\u1ea3n ph\u1ea9m t\u1eeb s\u1eefa v\u00e0 r\u01b0\u1ee3u vang. S\u1ef1 ch\u00fa \u00fd gi\u1ed1ng nh\u01b0 h\u1ed9i ch\u1ee3 \u0111\u1ed1i v\u1edbi ngh\u1ec1 th\u1ee7 c\u00f4ng v\u1eabn t\u1ed3n t\u1ea1i trong c\u00e1c c\u00f4ng ty gia c\u00f4ng kim lo\u1ea1i v\u00e0 k\u1ef9 thu\u1eadt ch\u00ednh x\u00e1c ph\u1ee5c v\u1ee5 th\u1ecb tr\u01b0\u1eddng to\u00e0n c\u1ea7u.<\/p>\n<p>C\u00e1c d\u1ecbch v\u1ee5 t\u00e0i ch\u00ednh neo gi\u1eef b\u1ed1i c\u1ea3nh kinh t\u1ebf. \u0110\u01b0\u1eddng ch\u00e2n tr\u1eddi c\u1ee7a Vaduz \u0111\u01b0\u1ee3c t\u00f4 \u0111i\u1ec3m b\u1eb1ng tr\u1ee5 s\u1edf ng\u00e2n h\u00e0ng c\u00f3 ho\u1ea1t \u0111\u1ed9ng \u1ee7y th\u00e1c \u0111\u00e3 tr\u1edf n\u00ean n\u1ed5i b\u1eadt v\u00e0 tai ti\u1ebfng v\u00e0o \u0111\u1ea7u nh\u1eefng n\u0103m 2000. Sau s\u1ef1 gi\u00e1m s\u00e1t qu\u1ed1c t\u1ebf v\u00e0 m\u1ed9t v\u1ee5 vi\u1ec7c thu\u1ebf t\u1ed1n k\u00e9m v\u00e0o n\u0103m 2008, ch\u00ednh ph\u1ee7 \u0111\u00e3 ban h\u00e0nh c\u00e1c bi\u1ec7n ph\u00e1p minh b\u1ea1ch \u0111\u1ec3 ph\u00f9 h\u1ee3p v\u1edbi c\u00e1c ti\u00eau chu\u1ea9n to\u00e0n c\u1ea7u. Ng\u00e0y nay, Liechtenstein duy tr\u00ec m\u1ed9t m\u00f4i tr\u01b0\u1eddng qu\u1ea3n l\u00fd c\u00f3 uy t\u00edn trong khi v\u1eabn gi\u1eef vai tr\u00f2 l\u00e0 m\u1ed9t trung t\u00e2m chuy\u00ean bi\u1ec7t v\u1ec1 qu\u1ea3n l\u00fd t\u00e0i s\u1ea3n v\u00e0 d\u1ecbch v\u1ee5 \u1ee7y th\u00e1c.<\/p>\n<p>Du l\u1ecbch l\u00e0 m\u1ed9t ng\u00e0nh kinh t\u1ebf quan tr\u1ecdng, v\u1edbi l\u01b0\u1ee3ng du kh\u00e1ch h\u00e0ng n\u0103m l\u00ean t\u1edbi 80.000 ng\u01b0\u1eddi. Du kh\u00e1ch b\u1ecb thu h\u00fat b\u1edfi s\u1ef1 k\u1ebft h\u1ee3p gi\u1eefa c\u00e1c ho\u1ea1t \u0111\u1ed9ng tr\u00ean n\u00fai cao v\u00e0 c\u00e1c ho\u1ea1t \u0111\u1ed9ng v\u0103n h\u00f3a c\u1ee7a c\u00f4ng qu\u1ed1c n\u00e0y. C\u00e1c s\u01b0\u1eddn d\u1ed1c tr\u01b0\u1ee3t tuy\u1ebft c\u1ee7a Malbun, n\u1eb1m \u1edf \u0111\u1ed9 cao t\u1eeb 1.600 \u0111\u1ebfn 2.000 m\u00e9t, cung c\u1ea5p \u0111\u01b0\u1eddng tr\u01b0\u1ee3t tuy\u1ebft v\u00e0 v\u00e1n tr\u01b0\u1ee3t tuy\u1ebft; nh\u1eefng con \u0111\u01b0\u1eddng m\u00f2n \u0111i b\u1ed9 \u0111\u01b0\u1eddng d\u00e0i b\u0103ng qua c\u00e1c \u0111\u1ed3ng c\u1ecf cao nguy\u00ean v\u00e0 leo l\u00ean c\u00e1c \u0111\u1ec9nh n\u00fai nh\u01b0 Grauspitz (2.599 m), \u0111i\u1ec3m cao nh\u1ea5t trong danh s\u00e1ch 32 ng\u1ecdn n\u00fai cao tr\u00ean 2.000 m c\u1ee7a Liechtenstein.<\/p>\n<p>B\u1ea3n s\u1eafc v\u0103n h\u00f3a \u0111\u01b0\u1ee3c h\u00ecnh th\u00e0nh b\u1edfi ph\u1ea7n l\u1edbn d\u00e2n s\u1ed1 n\u00f3i ti\u1ebfng Alemannic, trong \u0111\u00f3 92 ph\u1ea7n tr\u0103m coi ti\u1ebfng \u0110\u1ee9c l\u00e0 ng\u00f4n ng\u1eef ch\u00ednh c\u1ee7a h\u1ecd, trong khi c\u00e1c ph\u01b0\u01a1ng ng\u1eef c\u00f3 m\u1ed1i quan h\u1ec7 ch\u1eb7t ch\u1ebd v\u1edbi c\u00e1c d\u1ea1ng ti\u1ebfng Th\u1ee5y S\u0129 v\u00e0 \u00c1o v\u1eabn t\u1ed3n t\u1ea1i trong l\u1eddi n\u00f3i h\u00e0ng ng\u00e0y. Triesenberg duy tr\u00ec m\u1ed9t ph\u01b0\u01a1ng ng\u1eef Walser \u0111\u1eb7c bi\u1ec7t, \u0111\u01b0\u1ee3c th\u00fac \u0111\u1ea9y th\u00f4ng qua c\u00e1c s\u00e1ng ki\u1ebfn \u200b\u200b\u0111\u1ecba ph\u01b0\u01a1ng. C\u01b0 d\u00e2n sinh ra \u1edf n\u01b0\u1edbc ngo\u00e0i, chi\u1ebfm m\u1ed9t ph\u1ea7n ba t\u1ed5ng d\u00e2n s\u1ed1, ch\u1ee7 y\u1ebfu c\u00f3 ngu\u1ed3n g\u1ed1c t\u1eeb \u0110\u1ee9c, \u00c1o v\u00e0 Th\u1ee5y S\u0129, g\u00f3p ph\u1ea7n t\u1ea1o n\u00ean m\u1ed9t m\u00f4i tr\u01b0\u1eddng \u0111a ng\u00f4n ng\u1eef.<\/p>\n<p>C\u00f3 r\u1ea5t nhi\u1ec1u t\u1ed5 ch\u1ee9c v\u1ec1 di s\u1ea3n v\u00e0 h\u1ecdc t\u1eadp. Kunstmuseum Liechtenstein, ho\u00e0n th\u00e0nh v\u00e0o n\u0103m 2000, l\u00e0 m\u1ed9t t\u00f2a nh\u00e0 \u201ch\u1ed9p \u0111en\u201d b\u1eb1ng b\u00ea t\u00f4ng v\u00e0 \u0111\u00e1 bazan, ch\u1ee9a c\u00e1c t\u00e1c ph\u1ea9m hi\u1ec7n \u0111\u1ea1i v\u00e0 \u0111\u01b0\u01a1ng \u0111\u1ea1i t\u1ea1o n\u00ean b\u1ed9 m\u1eb7t c\u00f4ng khai c\u1ee7a b\u1ed9 s\u01b0u t\u1eadp ho\u00e0ng gia. B\u1ea3o t\u00e0ng Qu\u1ed1c gia Liechtenstein \u1edf Vaduz b\u1ea3o t\u1ed3n c\u00e1c hi\u1ec7n v\u1eadt kh\u1ea3o c\u1ed5, v\u0103n h\u00f3a v\u00e0 l\u1ecbch s\u1eed t\u1ef1 nhi\u00ean; c\u00e1c \u0111\u1ecba \u0111i\u1ec3m nh\u1ecf h\u01a1n bao g\u1ed3m m\u1ed9t b\u1ea3o t\u00e0ng v\u1ec1 l\u1ed1i s\u1ed1ng n\u00f4ng th\u00f4n, m\u1ed9t b\u1ea3o t\u00e0ng tr\u01b0\u1ee3t tuy\u1ebft v\u00e0 m\u1ed9t tri\u1ec3n l\u00e3m tem.<\/p>\n<p>C\u01a1 s\u1edf h\u1ea1 t\u1ea7ng giao th\u00f4ng nh\u1ea5n m\u1ea1nh kh\u1ea3 n\u0103ng k\u1ebft n\u1ed1i c\u1ee7a Liechtenstein m\u1eb7c d\u00f9 kh\u00f4ng c\u00f3 s\u00e2n bay. M\u1ed9t tuy\u1ebfn \u0111\u01b0\u1eddng s\u1eaft duy nh\u1ea5t\u2014tuy\u1ebfn Feldkirch\u2013Buchs\u2014\u0111i qua l\u00e3nh th\u1ed5 c\u1ee7a Liechtenstein, \u0111\u01b0\u1ee3c ph\u1ee5c v\u1ee5 b\u1edfi S2 Vorarlberg S-Bahn. B\u1ed1n nh\u00e0 ga (Forst Hilti, Nendeln, Schaan-Vaduz v\u00e0 Schaanwald) k\u1ebft n\u1ed1i v\u1edbi c\u00e1c m\u1ea1ng l\u01b0\u1edbi c\u1ee7a \u00c1o v\u00e0 Th\u1ee5y S\u0129, m\u1eb7c d\u00f9 c\u00e1c d\u1ecbch v\u1ee5 v\u1eabn h\u01b0\u1edbng \u0111\u1ebfn nh\u1eefng ng\u01b0\u1eddi \u0111i l\u00e0m v\u00e0o gi\u1edd cao \u0111i\u1ec3m. M\u1ed9t m\u1ea1ng l\u01b0\u1edbi xe bu\u00fdt \u0111\u01b0\u1ee3c b\u1ea3o tr\u1ee3 t\u1ed1t ho\u1ea1t \u0111\u1ed9ng theo chu k\u1ef3 m\u01b0\u1eddi l\u0103m ph\u00fat, t\u00edch h\u1ee3p v\u1edbi c\u00e1c h\u1ec7 th\u1ed1ng Swiss Postbus v\u00e0 \u00d6BB c\u1ee7a \u00c1o; nh\u1eefng ng\u01b0\u1eddi s\u1edf h\u1eefu Th\u1ebb \u0111i l\u1ea1i Th\u1ee5y S\u0129 \u0111\u01b0\u1ee3c \u0111i l\u1ea1i t\u1ef1 do tr\u00ean Xe bu\u00fdt Liechtenstein.<\/p>\n<p>\u0110\u01b0\u1eddng b\u1ed9 k\u00e9o d\u00e0i kho\u1ea3ng 250 km, v\u1edbi c\u00e1c \u0111\u01b0\u1eddng d\u00e0nh cho xe \u0111\u1ea1p \u0111\u01b0\u1ee3c \u0111\u00e1nh d\u1ea5u k\u00e9o d\u00e0i 90 km. Quy \u0111\u1ecbnh v\u1ec1 t\u1ed1c \u0111\u1ed9 ph\u1ea3n \u00e1nh nhu c\u1ea7u c\u1ea5p thi\u1ebft c\u1ee7a c\u00e1c h\u00e0nh lang h\u1eb9p, quanh co qua c\u00e1c thung l\u0169ng c\u00f3 ng\u01b0\u1eddi \u1edf. C\u00e1c c\u00e2y c\u1ea7u xuy\u00ean bi\u00ean gi\u1edbi t\u1ea1i Balzers v\u00e0 Vaduz k\u1ebft n\u1ed1i v\u1edbi \u0110\u01b0\u1eddng cao t\u1ed1c Th\u1ee5y S\u0129 A13\/E34, t\u1ea1o \u0111i\u1ec1u ki\u1ec7n thu\u1eadn l\u1ee3i cho v\u1eadn chuy\u1ec3n h\u00e0ng h\u00f3a v\u00e0 ph\u01b0\u01a1ng ti\u1ec7n c\u00e1 nh\u00e2n. \u0110i l\u1ea1i b\u1eb1ng xe c\u1ed9 t\u1eeb Feldkirch ho\u1eb7c Buchs cho ph\u00e9p v\u00e0o m\u00e0 kh\u00f4ng ph\u1ea3i tr\u1ea3 ph\u00ed \u0111\u01b0\u1eddng cao t\u1ed1c, nh\u01b0ng c\u00e1c ch\u01b0\u01a1ng tr\u00ecnh thu ph\u00ed c\u1ee7a Th\u1ee5y S\u0129 v\u00e0 \u00c1o \u1ea3nh h\u01b0\u1edfng \u0111\u1ebfn l\u1ef1a ch\u1ecdn tuy\u1ebfn \u0111\u01b0\u1eddng cho c\u1ea3 c\u01b0 d\u00e2n v\u00e0 du kh\u00e1ch.<\/p>\n<p>D\u1ecbch v\u1ee5 ch\u0103m s\u00f3c s\u1ee9c kh\u1ecfe v\u00e0 x\u00e3 h\u1ed9i t\u1eadp trung t\u1ea1i b\u1ec7nh vi\u1ec7n duy nh\u1ea5t c\u1ee7a Vaduz, Liechtensteinisches Landesspital. C\u00e1c t\u1ed5 ch\u1ee9c gi\u00e1o d\u1ee5c cung c\u1ea5p ch\u01b0\u01a1ng tr\u00ecnh gi\u1ea3ng d\u1ea1y \u0111a ng\u00f4n ng\u1eef th\u00f4ng qua c\u00e1c c\u1ea5p ti\u1ec3u h\u1ecdc v\u00e0 trung h\u1ecdc; c\u00e1c nghi\u00ean c\u1ee9u b\u1eadc cao th\u01b0\u1eddng di\u1ec5n ra \u1edf n\u01b0\u1edbc ngo\u00e0i. Th\u01b0 vi\u1ec7n qu\u1ed1c gia t\u1ea1i Vaduz l\u01b0u tr\u1eef h\u1ee3p ph\u00e1p t\u1ea5t c\u1ea3 c\u00e1c \u1ea5n ph\u1ea9m trong n\u01b0\u1edbc v\u00e0 h\u1ed7 tr\u1ee3 nghi\u00ean c\u1ee9u v\u1ec1 c\u00e1c nghi\u00ean c\u1ee9u v\u0103n h\u00f3a v\u00e0 l\u1ecbch s\u1eed.<\/p>\n<p>L\u1ec5 h\u1ed9i nh\u1ea5n m\u1ea1nh tinh th\u1ea7n \u0111o\u00e0n k\u1ebft d\u00e2n t\u1ed9c. M\u1ed7i th\u00e1ng 8, ng\u01b0\u1eddi d\u00e2n t\u1ee5 h\u1ecdp t\u1ea1i L\u00e2u \u0111\u00e0i Vaduz \u0111\u1ec3 k\u1ef7 ni\u1ec7m Ng\u00e0y c\u1ee7a Qu\u1ed1c v\u01b0\u01a1ng. C\u00e1c th\u1ea7n d\u00e2n \u0111\u01b0\u1ee3c m\u1eddi \u0111\u1ebfn khu\u00f4n vi\u00ean c\u1ee7a ho\u00e0ng gia \u0111\u1ec3 ch\u1ee9ng ki\u1ebfn \u200b\u200bc\u00e1c b\u00e0i ph\u00e1t bi\u1ec3u, tham gia v\u00e0o ti\u1ec7c ch\u00fac m\u1eebng chung v\u00e0 n\u1ebfm th\u1eed bia mi\u1ec5n ph\u00ed\u2014m\u1ed9t nghi l\u1ec5 c\u1ee7ng c\u1ed1 l\u00f2ng trung th\u00e0nh v\u1edbi ch\u1ebf \u0111\u1ed9 qu\u00e2n ch\u1ee7 v\u00e0 nh\u1ea5n m\u1ea1nh b\u1ea3n s\u1eafc chung \u0111\u01b0\u1ee3c nu\u00f4i d\u01b0\u1ee1ng qua nhi\u1ec1u th\u1ebf k\u1ef7.<\/p>\n<p>Vi\u1ec7c Liechtenstein b\u1ea3o t\u1ed3n ch\u1ee7 quy\u1ec1n v\u00e0 b\u1ea3n s\u1eafc v\u0103n h\u00f3a gi\u1eefa c\u00e1c n\u01b0\u1edbc l\u00e1ng gi\u1ec1ng l\u1edbn h\u01a1n ch\u1ee9ng t\u1ecf kh\u1ea3 n\u0103ng ph\u1ee5c h\u1ed3i c\u1ee7a qu\u1ed1c gia n\u00e0y. Ch\u1ebf \u0111\u1ed9 qu\u00e2n ch\u1ee7 b\u00e1n l\u1eadp hi\u1ebfn c\u1ee7a Liechtenstein c\u00e2n b\u1eb1ng gi\u1eefa truy\u1ec1n th\u1ed1ng v\u00e0 s\u1ef1 th\u00edch nghi, trong khi n\u1ec1n kinh t\u1ebf c\u1ee7a Liechtenstein k\u1ebft h\u1ee3p s\u1ee9c m\u1ea1nh k\u1ef9 thu\u1eadt ch\u00ednh x\u00e1c v\u1edbi m\u1ed9t l\u0129nh v\u1ef1c t\u00e0i ch\u00ednh \u0111\u01b0\u1ee3c h\u1ed3i sinh. \u0110\u1ecba h\u00ecnh n\u00fai cao c\u1ee7a c\u00f4ng qu\u1ed1c n\u00e0y \u0111\u1ecbnh h\u00ecnh c\u1ea3 kh\u00ed h\u1eadu v\u00e0 l\u1ed1i s\u1ed1ng, cung c\u1ea5p c\u00e1c \u0111\u1ed3ng c\u1ecf, s\u01b0\u1eddn d\u1ed1c v\u00e0 \u0111\u1ec9nh n\u00fai duy tr\u00ec n\u00f4ng nghi\u1ec7p, gi\u1ea3i tr\u00ed v\u00e0 c\u1ea3m gi\u00e1c v\u1ec1 \u0111\u1ecba \u0111i\u1ec3m. Trong m\u1ed9t l\u00e3nh th\u1ed5 nh\u1ecf g\u1ecdn, n\u01a1i kh\u00e1ch du l\u1ecbch n\u00f3i ti\u1ebfng Ph\u00e1p hi\u1ebfm khi \u0111\u1ebfn, c\u01b0 d\u00e2n n\u00f3i ti\u1ebfng \u0110\u1ee9c v\u1eabn duy tr\u00ec c\u00e1c phong t\u1ee5c b\u1eaft ngu\u1ed3n t\u1eeb cu\u1ed9c s\u1ed1ng l\u00e0ng qu\u00ea thung l\u0169ng, s\u1ef1 tu\u00e2n th\u1ee7 t\u00f4n gi\u00e1o v\u00e0 s\u1ef1 tr\u00e2n tr\u1ecdng \u0111\u1ed1i v\u1edbi ph\u1ea9m gi\u00e1 y\u00ean t\u0129nh c\u1ee7a nh\u1eefng ng\u00f4i nh\u00e0 tr\u00ean n\u00fai. S\u1ef1 t\u1ed3n t\u1ea1i c\u1ee7a qu\u1ed1c gia n\u00e0y, h\u01a1n ba th\u1ebf k\u1ef7 k\u1ec3 t\u1eeb khi gi\u00e0nh \u0111\u01b0\u1ee3c ch\u1ee7 quy\u1ec1n, ti\u1ebfp t\u1ee5c ph\u1ea3n \u00e1nh s\u1ef1 qu\u1ea3n l\u00fd c\u00f3 ch\u1eebng m\u1ef1c \u0111\u1ed1i v\u1edbi c\u00e1c ngu\u1ed3n t\u00e0i nguy\u00ean, s\u1ef1 ch\u1ea5p nh\u1eadn tham gia qu\u1ed1c t\u1ebf v\u00e0 cam k\u1ebft b\u1ea3o t\u1ed3n c\u1ea3 di s\u1ea3n v\u00e0 s\u1ef1 \u0111\u1ed5i m\u1edbi.<\/p>","protected":false},"excerpt":{"rendered":"<p>Liechtenstein, ch\u00ednh th\u1ee9c \u0111\u01b0\u1ee3c g\u1ecdi l\u00e0 C\u00f4ng qu\u1ed1c Liechtenstein, l\u00e0 m\u1ed9t qu\u1ed1c gia ch\u00e2u \u00c2u nh\u1ecf n\u1eb1m \u1edf d\u00e3y n\u00fai Alps. Ti\u1ec3u qu\u1ed1c n\u00e0y th\u1ec3 hi\u1ec7n s\u1ef1 k\u1ebft h\u1ee3p th\u00fa v\u1ecb gi\u1eefa ch\u1ebf \u0111\u1ed9 qu\u00e2n ch\u1ee7 c\u0169 v\u00e0 n\u1ec1n d\u00e2n ch\u1ee7 \u0111\u01b0\u01a1ng \u0111\u1ea1i v\u1edbi l\u1ecbch s\u1eed phong ph\u00fa v\u00e0 h\u1ec7 th\u1ed1ng ch\u00ednh tr\u1ecb ri\u00eang bi\u1ec7t. L\u00e0 m\u1ed9t trong hai qu\u1ed1c gia duy nh\u1ea5t kh\u00f4ng gi\u00e1p bi\u1ec3n tr\u00ean th\u1ebf gi\u1edbi, Liechtenstein n\u1eb1m gi\u1eefa \u00c1o v\u00e0 Th\u1ee5y S\u0129; qu\u1ed1c gia c\u00f2n l\u1ea1i l\u00e0 Uzbekistan.<\/p>","protected":false},"author":1,"featured_media":4559,"parent":24078,"menu_order":0,"comment_status":"closed","ping_status":"closed","template":"elementor_theme","meta":{"_eb_attr":"","footnotes":""},"class_list":["post-11538","page","type-page","status-publish","has-post-thumbnail"],"_links":{"self":[{"href":"https:\/\/travelshelper.com\/vi\/wp-json\/wp\/v2\/pages\/11538","targetHints":{"allow":["GET"]}}],"collection":[{"href":"https:\/\/travelshelper.com\/vi\/wp-json\/wp\/v2\/pages"}],"about":[{"href":"https:\/\/travelshelper.com\/vi\/wp-json\/wp\/v2\/types\/page"}],"author":[{"embeddable":true,"href":"https:\/\/travelshelper.com\/vi\/wp-json\/wp\/v2\/users\/1"}],"replies":[{"embeddable":true,"href":"https:\/\/travelshelper.com\/vi\/wp-json\/wp\/v2\/comments?post=11538"}],"version-history":[{"count":0,"href":"https:\/\/travelshelper.com\/vi\/wp-json\/wp\/v2\/pages\/11538\/revisions"}],"up":[{"embeddable":true,"href":"https:\/\/travelshelper.com\/vi\/wp-json\/wp\/v2\/pages\/24078"}],"wp:featuredmedia":[{"embeddable":true,"href":"https:\/\/travelshelper.com\/vi\/wp-json\/wp\/v2\/media\/4559"}],"wp:attachment":[{"href":"https:\/\/travelshelper.com\/vi\/wp-json\/wp\/v2\/media?parent=11538"}],"curies":[{"name":"wp","href":"https:\/\/api.w.org\/{rel}","templated":true}]}}