{"id":10166,"date":"2024-09-09T20:39:46","date_gmt":"2024-09-09T20:39:46","guid":{"rendered":"https:\/\/travelshelper.com\/staging\/?page_id=10166"},"modified":"2026-03-13T21:26:11","modified_gmt":"2026-03-13T21:26:11","slug":"vinh-byron","status":"publish","type":"page","link":"https:\/\/travelshelper.com\/vi\/destinations\/australia-and-oceania\/australia\/byron-bay\/","title":{"rendered":"V\u1ecbnh Byron"},"content":{"rendered":"<p>Ng\u1ecdn h\u1ea3i \u0111\u0103ng Cape Byron n\u1eb1m tr\u00ean m\u1ed9t m\u0169i \u0111\u1ea5t \u1edf m\u0169i b\u1edd bi\u1ec3n ph\u00eda \u0111\u00f4ng c\u1ee7a \u00dac, g\u1ea7n V\u1ecbnh Byron. Th\u1ecb tr\u1ea5n b\u00e3i bi\u1ec3n n\u00e0y c\u00f3 m\u1ed9t th\u1ebf gi\u1edbi ri\u00eang bi\u1ec7t v\u1ec1 t\u00ednh c\u00e1ch: tho\u1ea3i m\u00e1i, ngh\u1ec7 thu\u1eadt v\u00e0 \u0111\u1eb9p nh\u01b0 tranh v\u1ebd. V\u1ecbnh Byron n\u1eb1m \u1edf c\u1ef1c \u0111\u00f4ng b\u1eafc c\u1ee7a New South Wales, tr\u00ean v\u00f9ng \u0111\u1ea5t c\u1ee7a th\u1ed5 d\u00e2n Bundjalung. N\u01a1i n\u00e0y c\u00e1ch Sydney kho\u1ea3ng 772 km v\u1ec1 ph\u00eda b\u1eafc v\u00e0 c\u00e1ch Brisbane 165 km v\u1ec1 ph\u00eda nam. M\u0169i \u0111\u1ea5t (M\u0169i Byron) l\u00e0 \u0111i\u1ec3m c\u1ef1c \u0111\u00f4ng c\u1ee7a l\u1ee5c \u0111\u1ecba \u00dac. M\u1eb7c d\u00f9 d\u00e2n s\u1ed1 th\u01b0\u1eddng tr\u00fa nh\u1ecf (ch\u1ec9 h\u01a1n 6.300 ng\u01b0\u1eddi t\u00ednh \u0111\u1ebfn n\u0103m 2021), Byron n\u1ed5i ti\u1ebfng v\u1edbi nh\u1eefng b\u00e3i bi\u1ec3n, v\u0103n h\u00f3a l\u01b0\u1edbt s\u00f3ng v\u00e0 b\u1ea7u kh\u00f4ng kh\u00ed thay th\u1ebf. N\u01a1i \u0111\u00e2y t\u1eebng l\u00e0 v\u00f9ng \u0111\u1ea5t c\u1ee7a nh\u1eefng ng\u01b0\u1eddi l\u01b0\u1edbt s\u00f3ng v\u00e0 hippie v\u00e0o nh\u1eefng n\u0103m 1960, v\u00e0 di s\u1ea3n \u0111\u00f3 v\u1eabn c\u00f2n t\u1ed3n t\u1ea1i cho \u0111\u1ebfn ng\u00e0y nay v\u1edbi s\u1ef1 nh\u1ea5n m\u1ea1nh m\u1ea1nh m\u1ebd v\u00e0o thi\u00ean nhi\u00ean, yoga v\u00e0 c\u1ed9ng \u0111\u1ed3ng. N\u1ec1n kinh t\u1ebf \u0111\u1ecba ph\u01b0\u01a1ng \u0111\u01b0\u1ee3c th\u00fac \u0111\u1ea9y b\u1edfi du l\u1ecbch, ch\u0103m s\u00f3c s\u1ee9c kh\u1ecfe, qu\u00e1n c\u00e0 ph\u00ea v\u00e0 c\u00e1c ng\u00e0nh c\u00f4ng nghi\u1ec7p s\u00e1ng t\u1ea1o. V\u1edbi kh\u00ed h\u1eadu c\u1eadn nhi\u1ec7t \u0111\u1edbi, Byron c\u00f3 m\u00f9a h\u00e8 \u1ea5m \u00e1p v\u00e0 m\u00f9a \u0111\u00f4ng \u00f4n h\u00f2a, v\u00e0 v\u00f9ng \u0111\u1ea5t n\u1ed9i \u0111\u1ecba t\u01b0\u01a1i t\u1ed1t c\u1ee7a n\u00f3 h\u1ea5p d\u1eabn nh\u01b0 \u0111\u1ea1i d\u01b0\u01a1ng. B\u1ea3n s\u1eafc c\u1ee7a th\u1ecb tr\u1ea5n n\u00e0y l\u00e0 s\u1ef1 k\u1ebft h\u1ee3p gi\u1eefa b\u1ea7u kh\u00f4ng kh\u00ed ph\u00f3ng kho\u00e1ng v\u1edbi n\u00e9t sang tr\u1ecdng, thu h\u00fat c\u1ea3 ngh\u1ec7 s\u0129, kh\u00e1ch du l\u1ecbch ba l\u00f4 v\u00e0 nh\u1eefng du kh\u00e1ch gi\u00e0u c\u00f3.<\/p>\n<p>Byron Bay l\u00e0 m\u1ed9t c\u1ed9ng \u0111\u1ed3ng nh\u1ecf. Cu\u1ed9c \u0111i\u1ec1u tra d\u00e2n s\u1ed1 n\u0103m 2021 \u01b0\u1edbc t\u00ednh d\u00e2n s\u1ed1 c\u1ee7a th\u1ecb tr\u1ea5n v\u00e0o kho\u1ea3ng 6.330 ng\u01b0\u1eddi. Qu\u1eadn Byron r\u1ed9ng l\u1edbn h\u01a1n (bao g\u1ed3m c\u00e1c th\u1ecb tr\u1ea5n l\u00e2n c\u1eadn v\u00e0 c\u00e1c trang tr\u1ea1i v\u00f9ng s\u00e2u v\u00f9ng xa) c\u00f3 nhi\u1ec1u c\u01b0 d\u00e2n h\u01a1n, nh\u01b0ng b\u1ea3n th\u00e2n Byron v\u1eabn d\u01b0\u1edbi 10.000 ng\u01b0\u1eddi. N\u1ec1n kinh t\u1ebf xoay quanh du l\u1ecbch v\u00e0 c\u00e1c d\u1ecbch v\u1ee5 l\u1ed1i s\u1ed1ng: c\u00e1c khu ch\u1ee3 \u0111\u1ea7y m\u00e0u s\u1eafc, qu\u00e1n c\u00e0 ph\u00ea h\u1eefu c\u01a1 v\u00e0 c\u00e1c nh\u00e0 t\u1ed5 ch\u1ee9c s\u1ef1 ki\u1ec7n r\u1ea5t ph\u1ed5 bi\u1ebfn. Byron mang l\u1ea1i c\u1ea3m gi\u00e1c c\u1ee7a m\u1ed9t ng\u00f4i l\u00e0ng h\u01a1n l\u00e0 m\u1ed9t th\u00e0nh ph\u1ed1 - c\u00e1c con ph\u1ed1 c\u00f3 m\u1eb7t ti\u1ec1n c\u1eeda h\u00e0ng xen k\u1ebd v\u1edbi nh\u1eefng c\u00e2y c\u1ecd v\u00e0 v\u00e1n l\u01b0\u1edbt s\u00f3ng. Nhi\u1ec1u du kh\u00e1ch \u0111\u1ebfn b\u1eb1ng \u00f4 t\u00f4 ho\u1eb7c xe bu\u00fdt (s\u00e2n bay l\u1edbn g\u1ea7n nh\u1ea5t trong khu v\u1ef1c l\u00e0 S\u00e2n bay Gold Coast, c\u00e1ch kho\u1ea3ng 45 ph\u00fat v\u1ec1 ph\u00eda b\u1eafc ho\u1eb7c S\u00e2n bay Ballina Byron Gateway c\u00e1ch 20 ph\u00fat v\u1ec1 ph\u00eda t\u00e2y nam). Th\u1ecb tr\u1ea5n n\u1eb1m \u1edf \u0111\u1ed9 cao d\u1ec5 ch\u1ecbu ch\u1ec9 v\u00e0i ch\u1ee5c m\u00e9t so v\u1edbi m\u1ef1c n\u01b0\u1edbc bi\u1ec3n, nh\u01b0ng \u0111\u01b0\u1ee3c bao quanh b\u1edfi nh\u1eefng ng\u1ecdn \u0111\u1ed3i thoai tho\u1ea3i v\u00e0 r\u1eebng nhi\u1ec7t \u0111\u1edbi ngay trong \u0111\u1ea5t li\u1ec1n. T\u00ednh \u0111\u1ebfn n\u0103m 2024, Byron th\u01b0\u1eddng \u0111\u01b0\u1ee3c coi l\u00e0 m\u1ed9t trong nh\u1eefng th\u1ecb tr\u01b0\u1eddng b\u1ea5t \u0111\u1ed9ng s\u1ea3n \u0111\u1eaft \u0111\u1ecf nh\u1ea5t c\u1ee7a \u00dac, ph\u1ea3n \u00e1nh s\u1ef1 mong mu\u1ed1n c\u1ee7a n\u01a1i n\u00e0y nh\u01b0 m\u1ed9t thi\u00ean \u0111\u01b0\u1eddng ven bi\u1ec3n.<\/p>\n<p>V\u1ec1 m\u1eb7t \u0111\u1ecba l\u00fd, V\u1ecbnh Byron n\u1eb1m \u1edf b\u1edd bi\u1ec3n c\u1ef1c b\u1eafc c\u1ee7a New South Wales, ngay c\u1ea1nh bi\u00ean gi\u1edbi Queensland. V\u1ecbnh n\u1eb1m tr\u00ean m\u1ed9t lo\u1ea1t c\u00e1c b\u00e3i bi\u1ec3n xung quanh M\u0169i Byron. B\u00e3i bi\u1ec3n ch\u00ednh n\u1eb1m \u0111\u1ed1i di\u1ec7n v\u1edbi trung t\u00e2m th\u01b0\u01a1ng m\u1ea1i; Wategos v\u00e0 Tallows l\u00e0 nh\u1eefng b\u00e3i bi\u1ec3n l\u01b0\u1edbt s\u00f3ng tuy\u1ec7t \u0111\u1eb9p g\u1ea7n \u0111\u00f3. B\u00e3i bi\u1ec3n Lighthouse bao quanh m\u0169i \u0111\u1ea5t. Ngo\u00e0i kh\u01a1i l\u00e0 Julian Rocks, m\u1ed9t khu b\u1ea3o t\u1ed3n bi\u1ec3n v\u1edbi h\u1ec7 sinh v\u1eadt bi\u1ec3n phong ph\u00fa. V\u00f9ng \u0111\u1ea5t ph\u00eda sau \u1edf ph\u00eda t\u00e2y l\u00e0 r\u1eebng m\u01b0a c\u1eadn nhi\u1ec7t \u0111\u1edbi xanh t\u01b0\u01a1i (m\u1ed9t ph\u1ea7n c\u1ee7a C\u00f4ng vi\u00ean qu\u1ed1c gia Nightcap), v\u1edbi d\u00e3y n\u00fai MacPherson cao t\u1edbi 1.100 m ch\u1ec9 c\u00e1ch \u0111\u1ea5t li\u1ec1n v\u00e0i ch\u1ee5c km. Kh\u00ed h\u1eadu c\u1ee7a Byron l\u00e0 \u00f4n \u0111\u1edbi \u1ea5m \u00e1p \u0111\u1ebfn c\u1eadn nhi\u1ec7t \u0111\u1edbi: m\u00f9a h\u00e8 th\u01b0\u1eddng tr\u00ean 30\u00b0C v\u1edbi \u0111\u1ed9 \u1ea9m cao, trong khi m\u00f9a \u0111\u00f4ng \u00f4n h\u00f2a (hi\u1ebfm khi d\u01b0\u1edbi 10\u00b0C). M\u01b0a r\u01a1i quanh n\u0103m nh\u01b0ng \u0111\u1ea1t \u0111\u1ec9nh v\u00e0o cu\u1ed1i m\u00f9a h\u00e8 (khu v\u1ef1c n\u00e0y c\u00f3 th\u1ec3 b\u1ecb \u1ea3nh h\u01b0\u1edfng b\u1edfi c\u00e1c h\u1ec7 th\u1ed1ng \u00e1p su\u1ea5t th\u1ea5p \u1edf b\u1edd bi\u1ec3n ph\u00eda \u0111\u00f4ng v\u00e0 hi\u1ebfm khi b\u1ecb b\u00e3o). Gi\u00f3 bi\u1ec3n th\u01b0\u1eddng gi\u1eef cho c\u00e1c b\u00e3i bi\u1ec3n c\u00f3 nhi\u1ec7t \u0111\u1ed9 \u00f4n \u0111\u1edbi. Ng\u1ecdn h\u1ea3i \u0111\u0103ng Cape Byron n\u1ed5i ti\u1ebfng (\u0111\u01b0\u1ee3c x\u00e2y d\u1ef1ng v\u00e0o n\u0103m 1901) \u0111\u00e1nh d\u1ea5u m\u0169i c\u1ef1c \u0111\u00f4ng v\u00e0 cung c\u1ea5p t\u1ea7m nh\u00ecn ra Th\u00e1i B\u00ecnh D\u01b0\u01a1ng; trong \u0111i\u1ec1u ki\u1ec7n quang \u0111\u00e3ng, ng\u01b0\u1eddi ta c\u00f3 th\u1ec3 nh\u00ecn th\u1ea5y c\u00e1 voi di c\u01b0 v\u00e0o m\u00f9a \u0111\u00f4ng ho\u1eb7c b\u1edd bi\u1ec3n l\u00f9i v\u1ec1 ph\u00eda b\u1eafc v\u00e0 ph\u00eda nam. C\u1ea3nh quan c\u1ee7a V\u1ecbnh Byron, k\u1ebft h\u1ee3p b\u1edd bi\u1ec3n v\u00e0 r\u1eebng nhi\u1ec7t \u0111\u1edbi, \u0111\u00e3 bi\u1ebfn n\u01a1i \u0111\u00e2y th\u00e0nh m\u00f4 h\u00ecnh du l\u1ecbch sinh th\u00e1i.<\/p>\n<p>L\u00e2u tr\u01b0\u1edbc khi ng\u01b0\u1eddi ch\u00e2u \u00c2u \u0111\u1ebfn, khu v\u1ef1c n\u00e0y \u0111\u00e3 c\u00f3 ng\u01b0\u1eddi Arakwal v\u00e0 Minjungbal c\u1ee7a qu\u1ed1c gia Bundjalung sinh s\u1ed1ng. H\u1ecd g\u1ecdi khu v\u1ef1c n\u00e0y l\u00e0 Cavvanbah (\u201cn\u01a1i g\u1eb7p g\u1ee1\u201d). Thuy\u1ec1n tr\u01b0\u1edfng James Cook \u0111i qua v\u00e0o n\u0103m 1770 v\u00e0 \u0111\u1eb7t t\u00ean cho m\u0169i \u0111\u1ea5t n\u00e0y theo t\u00ean thuy\u1ec1n tr\u01b0\u1edfng h\u1ea3i qu\u00e2n ng\u01b0\u1eddi Anh John Byron, nh\u01b0ng qu\u00e1 tr\u00ecnh \u0111\u1ecbnh c\u01b0 di\u1ec5n ra ch\u1eadm. Ng\u01b0\u1eddi ch\u00e2u \u00c2u l\u1ea7n \u0111\u1ea7u ti\u00ean khai th\u00e1c g\u1ed7 tuy\u1ebft t\u00f9ng v\u00e0o nh\u1eefng n\u0103m 1840 v\u00e0 x\u00e2y d\u1ef1ng m\u1ed9t c\u1ea7u t\u00e0u v\u00e0o n\u0103m 1886 \u0111\u1ec3 v\u1eadn chuy\u1ec3n. Sau \u0111\u00f3 l\u00e0 ch\u0103n nu\u00f4i b\u00f2 s\u1eefa v\u00e0 m\u00eda. Ng\u1ecdn h\u1ea3i \u0111\u0103ng Cape Byron n\u1ed5i ti\u1ebfng \u0111\u01b0\u1ee3c x\u00e2y d\u1ef1ng v\u00e0o n\u0103m 1901 v\u00e0 t\u1ef1 \u0111\u1ed9ng h\u00f3a v\u00e0o n\u0103m 1989, \u0111\u00f3ng vai tr\u00f2 l\u00e0 h\u01b0\u1edbng d\u1eabn quan tr\u1ecdng cho v\u1eadn chuy\u1ec3n ven bi\u1ec3n. Nh\u1eefng n\u0103m 1960 v\u00e0 1970 \u0111\u00e3 mang \u0111\u1ebfn m\u1ed9t l\u00e0n s\u00f3ng kh\u00e1c: nh\u1eefng ng\u01b0\u1eddi l\u01b0\u1edbt s\u00f3ng, sau \u0111\u00f3 l\u00e0 nh\u1eefng ng\u01b0\u1eddi theo ch\u1ee7 ngh\u0129a hippy, b\u1ecb thu h\u00fat b\u1edfi nh\u1eefng con s\u00f3ng v\u00e0 l\u1ed1i s\u1ed1ng kh\u00e1c bi\u1ec7t, \u0111\u00e3 bi\u1ebfn Byron th\u00e0nh m\u1ed9t \u0111i\u1ec3m n\u00f3ng ph\u1ea3n v\u0103n h\u00f3a. C\u00e1c s\u1ef1 ki\u1ec7n nh\u01b0 L\u1ec5 h\u1ed9i \u00e2m nh\u1ea1c Aquarius (g\u1ea7n Nimbin, 1973) \u0111\u00e3 c\u1ee7ng c\u1ed1 danh ti\u1ebfng c\u1ee7a n\u01a1i n\u00e0y nh\u01b0 m\u1ed9t thi\u00ean \u0111\u01b0\u1eddng c\u1ee7a nh\u1eefng ng\u01b0\u1eddi theo ch\u1ee7 ngh\u0129a t\u1ef1 do. K\u1ec3 t\u1eeb nh\u1eefng n\u0103m 1980, du l\u1ecbch \u0111\u00e3 b\u00f9ng n\u1ed5. Byron \u0111\u00e3 hi\u1ec7n \u0111\u1ea1i h\u00f3a nh\u01b0ng v\u1eabn gi\u1eef \u0111\u01b0\u1ee3c n\u00e9t s\u00e1ng t\u1ea1o c\u1ee7a m\u00ecnh. Ng\u00e0y nay, n\u01a1i \u0111\u00e2y k\u1ebft h\u1ee3p n\u00e9t quy\u1ebfn r\u0169 c\u1ee7a th\u1ecb tr\u1ea5n b\u00e3i bi\u1ec3n v\u1edbi qu\u00e1 kh\u1ee9 g\u1eafn li\u1ec1n v\u1edbi c\u1ea3 n\u1ec1n c\u00f4ng nghi\u1ec7p v\u00e0 ch\u1ee7 ngh\u0129a l\u00fd t\u01b0\u1edfng.<\/p>\n<p>B\u1ea3n s\u1eafc \u0111\u1ecba ph\u01b0\u01a1ng c\u1ee7a V\u1ecbnh Byron n\u1ed5i ti\u1ebfng l\u00e0 tho\u1ea3i m\u00e1i v\u00e0 pha tr\u1ed9n. D\u00e2n s\u1ed1 c\u1ee7a n\u01a1i n\u00e0y bao g\u1ed3m s\u1ef1 pha tr\u1ed9n gi\u1eefa ng\u01b0\u1eddi d\u00e2n \u0111\u1ecba ph\u01b0\u01a1ng l\u00e2u n\u0103m, ngh\u1ec7 s\u0129 v\u00e0 ng\u01b0\u1eddi chuy\u1ec3n \u0111\u1ebfn t\u1eeb c\u00e1c th\u00e0nh ph\u1ed1. Ti\u1ebfng Anh \u00dac \u0111\u01b0\u1ee3c m\u1ecdi ng\u01b0\u1eddi n\u00f3i, nh\u01b0ng ti\u1ebfng l\u00f3ng v\u00e0 thu\u1eadt ng\u1eef l\u01b0\u1edbt s\u00f3ng l\u00e0 ph\u1ed5 bi\u1ebfn. B\u1ea1n s\u1ebd nghe m\u1ecdi ng\u01b0\u1eddi n\u00f3i v\u1ec1 &#034;sunrise surf&#034; v\u00e0 &#034;loch&#034; (loch l\u00e0 ti\u1ebfng l\u00f3ng \u0111\u1ecba ph\u01b0\u01a1ng \u0111\u1ec3 ch\u1ec9 c\u1eeda h\u00e0ng r\u01b0\u1ee3u), ho\u1eb7c s\u1eed d\u1ee5ng l\u1eddi ch\u00e0o tho\u1ea3i m\u00e1i &#034;How ya going, mate?&#034; Th\u1ecb tr\u1ea5n c\u00f3 m\u1ed9t b\u1ed1i c\u1ea3nh s\u1ee9c kh\u1ecfe v\u00e0 s\u00e1ng t\u1ea1o m\u1ea1nh m\u1ebd: c\u00e1c ph\u00f2ng t\u1eadp yoga, ng\u01b0\u1eddi ch\u1eefa b\u1ec7nh b\u1eb1ng \u00e2m thanh v\u00e0 c\u00e1c ph\u00f2ng tr\u01b0ng b\u00e0y ngh\u1ec7 thu\u1eadt n\u1eb1m d\u1ecdc c\u00e1c con ph\u1ed1. \u00c2m nh\u1ea1c \u0111\u01b0\u1eddng ph\u1ed1 v\u00e0 c\u00e1c bu\u1ed5i bi\u1ec3u di\u1ec5n tr\u1ef1c ti\u1ebfp di\u1ec5n ra h\u00e0ng \u0111\u00eam t\u1ea1i nhi\u1ec1u qu\u00e1n c\u00e0 ph\u00ea v\u00e0 qu\u00e1n bar. Trang ph\u1ee5c gi\u1ea3n d\u1ecb: d\u00e9p x\u1ecf ng\u00f3n v\u00e0 qu\u1ea7n short \u0111\u01b0\u1ee3c ch\u1ea5p nh\u1eadn t\u1ea1i nh\u00e0 h\u00e0ng c\u0169ng nh\u01b0 v\u00e1y su\u00f4ng. Byron c\u00f3 m\u1ed9t m\u1eb7t cao c\u1ea5p - c\u00e1c c\u1eeda h\u00e0ng thi\u1ebft k\u1ebf v\u00e0 nh\u00e0 h\u00e0ng h\u1eefu c\u01a1 - ph\u1ea3n \u00e1nh s\u1ef1 ph\u1ed5 bi\u1ebfn c\u1ee7a n\u01a1i n\u00e0y \u0111\u1ed1i v\u1edbi kh\u00e1ch du l\u1ecbch, nh\u01b0ng kh\u00f4ng bao gi\u1edd ph\u00f4 tr\u01b0\u01a1ng.<\/p>\n<p>L\u1ec5 h\u1ed9i v\u00e0 ch\u1ee3 nh\u1ea5n m\u1ea1nh b\u1ea3n s\u1eafc c\u1ee7a th\u1ecb tr\u1ea5n. Bluesfest, \u0111\u01b0\u1ee3c t\u1ed5 ch\u1ee9c v\u00e0o m\u1ed7i d\u1ecbp l\u1ec5 Ph\u1ee5c sinh t\u1ea1i Tyagarah g\u1ea7n \u0111\u00f3, thu h\u00fat h\u00e0ng ch\u1ee5c ngh\u00ecn ng\u01b0\u1eddi y\u00eau \u00e2m nh\u1ea1c t\u1eeb kh\u1eafp n\u01a1i tr\u00ean th\u1ebf gi\u1edbi. L\u1ec5 h\u1ed9i Splendour in the Grass (gi\u1eefa m\u00f9a \u0111\u00f4ng) \u0111\u01b0a nh\u1eefng ng\u01b0\u1eddi h\u00e2m m\u1ed9 \u00e2m nh\u1ea1c v\u00e0 ngh\u1ec7 thu\u1eadt thay th\u1ebf \u0111\u1ebfn v\u00f9ng \u0111\u1ea5t xa x\u00f4i ngay b\u00ean ngo\u00e0i Byron. C\u00e1c ch\u1ee3 c\u1ed9ng \u0111\u1ed3ng h\u00e0ng tu\u1ea7n b\u00e1n \u0111\u1ed3 th\u1ee7 c\u00f4ng, pha l\u00ea v\u00e0 th\u1ef1c ph\u1ea9m \u0111\u1ecba ph\u01b0\u01a1ng. V\u0103n h\u00f3a l\u01b0\u1edbt s\u00f3ng chi\u1ebfm \u01b0u th\u1ebf: nh\u1eefng ng\u01b0\u1eddi l\u01b0\u1edbt s\u00f3ng \u1edf m\u1ecdi l\u1ee9a tu\u1ed5i t\u1ee5 t\u1eadp t\u1ea1i c\u00e1c b\u00e3i bi\u1ec3n The Pass v\u00e0 Wategos v\u00e0o l\u00fac b\u00ecnh minh v\u00e0 ho\u00e0ng h\u00f4n. \u0110\u1eddi s\u1ed1ng \u0111\u1ed9ng v\u1eadt \u0111\u01b0\u1ee3c t\u00f4n vinh: ng\u01b0\u1eddi ta th\u01b0\u1eddng th\u1ea5y nh\u1eefng ch\u00fa kangaroo ho\u1eb7c v\u1eb9t lorikeet trong th\u1ecb tr\u1ea5n. T\u00f3m l\u1ea1i, V\u1ecbnh Byron g\u1ea7n gi\u1ed1ng nh\u01b0 m\u1ed9t ng\u00f4i l\u00e0ng ven bi\u1ec3n th\u1ea5m \u0111\u1eabm \u1ea3nh h\u01b0\u1edfng qu\u1ed1c t\u1ebf - m\u1ed9t n\u01a1i m\u00e0 v\u0103n h\u00f3a th\u1ed5 d\u00e2n \u00dac, d\u00f2ng ch\u1ea3y du m\u1ee5c to\u00e0n c\u1ea7u v\u00e0 v\u0103n h\u00f3a b\u00e3i bi\u1ec3n h\u00f2a quy\u1ec7n. Du kh\u00e1ch l\u01b0u \u00fd s\u1ef1 th\u00e2n thi\u1ec7n: nh\u1eefng ng\u01b0\u1eddi b\u00e1n h\u00e0ng v\u00e0 nh\u00e2n vi\u00ean pha ch\u1ebf th\u01b0\u1eddng ch\u00e0o \u0111\u00f3n ng\u01b0\u1eddi l\u1ea1 m\u1ed9t c\u00e1ch n\u1ed3ng nhi\u1ec7t v\u00e0 vi\u1ec7c chia s\u1ebb (m\u1ed9t t\u1ea5m v\u00e1n l\u01b0\u1edbt s\u00f3ng ho\u1eb7c m\u1ed9t \u0111\u0129a th\u1ee9c \u0103n) l\u00e0 \u0111i\u1ec1u t\u1ef1 nhi\u00ean. B\u1ea5t ch\u1ea5p kh\u00e1ch du l\u1ecbch, ng\u01b0\u1eddi d\u00e2n \u0111\u1ecba ph\u01b0\u01a1ng ch\u1ee7 y\u1ebfu v\u1eabn gi\u1eef \u0111\u01b0\u1ee3c t\u00e2m l\u00fd c\u1ee7a th\u1ecb tr\u1ea5n: khi chuy\u1ebfn xe bu\u00fdt cu\u1ed1i c\u00f9ng v\u1ec1 nh\u00e0 kh\u1edfi h\u00e0nh v\u00e0o ban \u0111\u00eam, m\u1ecdi ng\u01b0\u1eddi s\u1ebd t\u00ecm m\u1ed9t ng\u01b0\u1eddi l\u1ea1 ch\u1edf thay v\u00ec b\u1eaft taxi.<\/p>\n<p>\u0110i\u1ec3m thu h\u00fat c\u1ee7a V\u1ecbnh Byron l\u00e0 v\u1ebb \u0111\u1eb9p t\u1ef1 nhi\u00ean v\u00e0 b\u1ea7u kh\u00f4ng kh\u00ed d\u1ec5 ch\u1ecbu. Ng\u1ecdn h\u1ea3i \u0111\u0103ng Cape Byron l\u00e0 m\u1ed9t \u0111i\u1ec3m nh\u1ea5n \u2013 \u0111i b\u1ed9 trong r\u1eebng d\u00e0i 4 km t\u1eeb th\u1ecb tr\u1ea5n l\u00ean ng\u1ecdn h\u1ea3i \u0111\u0103ng, du kh\u00e1ch c\u00f3 th\u1ec3 ng\u1eafm to\u00e0n c\u1ea3nh b\u00e3i bi\u1ec3n v\u00e0 \u0111\u1ea1i d\u01b0\u01a1ng. T\u1eeb b\u1ec7 ng\u1ecdn h\u1ea3i \u0111\u0103ng, du kh\u00e1ch c\u00f3 th\u1ec3 nh\u00ecn v\u1ec1 ph\u00eda \u0111\u00f4ng \u0111\u1ec3 ng\u1eafm b\u00ecnh minh tr\u00ean Th\u00e1i B\u00ecnh D\u01b0\u01a1ng \u2013 n\u1ed5i ti\u1ebfng l\u00e0 b\u00ecnh minh \u0111\u1ea7u ti\u00ean tr\u00ean \u0111\u1ea5t li\u1ec1n \u00dac. C\u00e1c b\u00e3i bi\u1ec3n c\u1ee7a th\u1ecb tr\u1ea5n l\u00e0 nh\u1eefng \u0111i\u1ec3m thu h\u00fat ch\u00ednh: B\u00e3i bi\u1ec3n Main (v\u1edbi b\u00e3i c\u00e1t tr\u1eafng v\u00e0 c\u00f4ng vi\u00ean ven bi\u1ec3n), Wategos (m\u1ed9t v\u1ecbnh c\u00e1t nh\u1ecf \u0111\u1ec3 b\u01a1i l\u1ed9i) v\u00e0 Tallows (n\u01a1i l\u01b0\u1edbt s\u00f3ng v\u00e0 khu b\u1ea3o t\u1ed3n chim). Nhi\u1ec1u du kh\u00e1ch \u0111\u1eb7t chuy\u1ebfn du ngo\u1ea1n ng\u1eafm c\u00e1 voi ho\u1eb7c thu\u00ea thuy\u1ec1n kayak \u0111\u1ec3 l\u1eb7n \u1ed1ng th\u1edf t\u1ea1i Julian Rocks (r\u1ea1n san h\u00f4 g\u1ea7n b\u1edd).<\/p>\n<p>Ngo\u00e0i nh\u1eefng b\u00e3i bi\u1ec3n, Byron Bay Hinterland c\u00f2n c\u00f3 nhi\u1ec1u c\u1ea3nh \u0111\u1eb9p: Th\u00e1c Minyon \u1edf C\u00f4ng vi\u00ean qu\u1ed1c gia Nightcap c\u00f3 th\u1ec3 b\u01a1i trong r\u1eebng, v\u00e0 nh\u1eefng khu r\u1eebng nhi\u1ec7t \u0111\u1edbi g\u1ea7n \u0111\u00f3 r\u1ea3i r\u00e1c nh\u1eefng th\u00e1c n\u01b0\u1edbc v\u00e0 \u0111\u00e0i quan s\u00e1t. C\u00e1c x\u01b0\u1edfng v\u1ebd v\u00e0 khu v\u01b0\u1eddn c\u1ee7a ngh\u1ec7 s\u0129 (nh\u01b0 Crystal Castle) g\u00f3p ph\u1ea7n t\u1ea1o n\u00ean s\u1ee9c h\u1ea5p d\u1eabn. Ch\u1ed7 ngh\u1ec9 ng\u01a1i t\u1ea1i \u0111\u1ecba ph\u01b0\u01a1ng c\u00f3 \u0111\u1ee7 lo\u1ea1i, t\u1eeb nh\u1eefng t\u00fap l\u1ec1u th\u00f4 s\u01a1 tr\u00ean b\u00e3i bi\u1ec3n \u0111\u1ebfn c\u00e1c khu ngh\u1ec9 d\u01b0\u1ee1ng cao c\u1ea5p, nh\u01b0ng ngay c\u1ea3 nh\u1eefng khu ngh\u1ec9 d\u01b0\u1ee1ng cao c\u1ea5p c\u0169ng b\u1ea3o t\u1ed3n c\u1ea3nh quan thi\u00ean nhi\u00ean v\u00e0 thi\u1ebft k\u1ebf th\u00e2n thi\u1ec7n v\u1edbi m\u00f4i tr\u01b0\u1eddng. C\u1ea3nh b\u00ecnh minh h\u00e0ng ng\u00e0y tr\u00ean b\u00e3i bi\u1ec3n l\u00e0 \u0111i\u1ec1u kh\u00f4ng th\u1ec3 b\u1ecf qua \u0111\u1ed1i v\u1edbi nhi\u1ec1u ng\u01b0\u1eddi, th\u01b0\u1eddng c\u00f3 nh\u1eefng ng\u01b0\u1eddi \u0111am m\u00ea yoga v\u00e0 thi\u1ec1n \u0111\u1ecbnh tham d\u1ef1. V\u1ec1 m\u1eb7t x\u00e3 h\u1ed9i, Ch\u1ee3 Boulevard (\u0111\u01b0\u1ee3c t\u1ed5 ch\u1ee9c v\u00e0o Ch\u1ee7 Nh\u1eadt \u0111\u1ea7u ti\u00ean c\u1ee7a m\u1ed7i th\u00e1ng) tr\u01b0ng b\u00e0y c\u00e1c s\u1ea3n ph\u1ea9m th\u1ee7 c\u00f4ng v\u00e0 \u1ea9m th\u1ef1c \u0111\u1ecba ph\u01b0\u01a1ng. Nh\u00ecn chung, nh\u1eefng &#034;\u0111i\u1ec1u ph\u1ea3i l\u00e0m&#034; c\u1ee7a Byron xoay quanh thi\u00ean nhi\u00ean v\u00e0 s\u1ef1 th\u01b0 gi\u00e3n: ng\u1eafm c\u00e1 voi di c\u01b0 (th\u00e1ng 5\u2013th\u00e1ng 10), tham gia m\u1ed9t b\u00e0i h\u1ecdc l\u01b0\u1edbt s\u00f3ng t\u1ea1i The Pass v\u00e0 \u0111i d\u1ea1o tr\u00ean nh\u1eefng con ph\u1ed1 s\u00f4i \u0111\u1ed9ng c\u1ee7a th\u1ecb tr\u1ea5n v\u00e0o l\u00fac ch\u1ea1ng v\u1ea1ng.<\/p>\n<p>C\u00f3 th\u1ec3 \u0111\u1ebfn V\u1ecbnh Byron b\u1eb1ng \u0111\u01b0\u1eddng b\u1ed9 ho\u1eb7c \u0111\u01b0\u1eddng h\u00e0ng kh\u00f4ng. S\u00e2n bay l\u1edbn g\u1ea7n nh\u1ea5t l\u00e0 S\u00e2n bay Gold Coast (OOL), c\u00e1ch kho\u1ea3ng 45 ph\u00fat l\u00e1i xe v\u1ec1 ph\u00eda b\u1eafc (ngay b\u00ean kia bi\u00ean gi\u1edbi Queensland). Byron c\u0169ng c\u00f3 s\u00e2n bay nh\u1ecf ri\u00eang (S\u00e2n bay Ballina Byron Gateway, BNK) c\u00e1ch kho\u1ea3ng 20 km v\u1ec1 ph\u00eda nam, v\u1edbi c\u00e1c chuy\u1ebfn bay t\u1eeb Sydney, Melbourne v\u00e0 Melbourne. B\u1eb1ng \u0111\u01b0\u1eddng b\u1ed9, \u0110\u01b0\u1eddng cao t\u1ed1c Pacific k\u1ebft n\u1ed1i Byron v\u1edbi Brisbane (c\u00e1ch 165 km v\u1ec1 ph\u00eda b\u1eafc) v\u00e0 Sydney (c\u00e1ch 800 km v\u1ec1 ph\u00eda nam). Xe bu\u00fdt \u0111\u01b0\u1eddng d\u00e0i ch\u1ea1y c\u1ea3 hai chi\u1ec1u h\u00e0ng ng\u00e0y ho\u1eb7c b\u1ea1n c\u00f3 th\u1ec3 thu\u00ea \u00f4 t\u00f4.<\/p>\n<p>B\u1ea3n th\u00e2n th\u1ecb tr\u1ea5n r\u1ea5t nh\u1ecf g\u1ecdn. H\u1ea7u h\u1ebft c\u00e1c \u0111i\u1ec3m tham quan (b\u00e3i bi\u1ec3n, c\u1eeda h\u00e0ng) \u0111\u1ec1u n\u1eb1m trong kho\u1ea3ng c\u00e1ch \u0111i b\u1ed9 ho\u1eb7c \u0111i xe \u0111\u1ea1p t\u1eeb trung t\u00e2m Byron. C\u00f3 m\u1ed9t xe bu\u00fdt nh\u1ecf \u0111\u1ecba ph\u01b0\u01a1ng (&#039;BYRON\u2022AT\u2022BUS&#039;) ch\u1ea1y qua th\u1ecb tr\u1ea5n v\u00e0 \u0111\u1ebfn khu v\u1ef1c b\u00e3i bi\u1ec3n Belongil. C\u00f3 d\u1ecbch v\u1ee5 taxi v\u00e0 \u0111i chung xe nh\u01b0ng h\u1ea1n ch\u1ebf. \u0110\u1ec3 kh\u00e1m ph\u00e1 khu v\u1ef1c r\u1ed9ng h\u01a1n (nh\u01b0 v\u00f9ng \u0111\u1ea5t ph\u00eda sau ho\u1eb7c c\u00e1c b\u00e3i bi\u1ec3n xung quanh), m\u1ed9t chi\u1ebfc \u00f4 t\u00f4 l\u00e0 h\u1eefu \u00edch. Ng\u01b0\u1eddi ta l\u00e1i xe \u1edf ph\u00eda b\u00ean tr\u00e1i v\u00e0 kho\u1ea3ng c\u00e1ch tr\u00ean c\u00e1c con \u0111\u01b0\u1eddng n\u00f4ng th\u00f4n n\u00ean \u0111\u01b0\u1ee3c ph\u00e9p c\u00f3 v\u00f9ng \u0111\u1ec7m (\u0111\u1ed9ng v\u1eadt hoang d\u00e3 nh\u01b0 kangaroo c\u00f3 th\u1ec3 xu\u1ea5t hi\u1ec7n tr\u00ean \u0111\u01b0\u1eddng).<\/p>\n<p>Ti\u1ec1n t\u1ec7 h\u1ee3p ph\u00e1p c\u1ee7a \u00dac l\u00e0 \u0110\u00f4 la \u00dac. Th\u1ebb t\u00edn d\u1ee5ng \u0111\u01b0\u1ee3c ch\u1ea5p nh\u1eadn r\u1ed9ng r\u00e3i, nh\u01b0ng h\u00e3y mang theo m\u1ed9t \u00edt ti\u1ec1n m\u1eb7t \u1edf nh\u1eefng v\u00f9ng xa x\u00f4i. T\u1ef7 gi\u00e1 h\u1ed1i \u0111o\u00e1i t\u1ea1i Byron c\u00f3 th\u1ec3 c\u00f3 m\u1ed9t kho\u1ea3n ph\u1ee5 ph\u00ed nh\u1ecf. Nh\u01b0 th\u01b0\u1eddng l\u1ec7 \u1edf \u00dac, h\u00e3y mang theo m\u0169 v\u00e0 kem ch\u1ed1ng n\u1eafng \u2013 ch\u1ec9 s\u1ed1 UV r\u1ea5t m\u1ea1nh d\u01b0\u1edbi \u00e1nh n\u1eafng m\u1eb7t tr\u1eddi m\u00f9a h\u00e8 c\u1ee7a Byron. N\u1ebfu b\u01a1i, h\u00e3y ch\u00fa \u00fd \u0111\u1ebfn c\u1edd c\u1ee9u h\u1ed9 tr\u00ean c\u00e1c b\u00e3i bi\u1ec3n \u0111\u01b0\u1ee3c tu\u1ea7n tra (m\u1ed9t s\u1ed1 b\u00e3i bi\u1ec3n c\u00f3 nh\u1eefng d\u00f2ng n\u01b0\u1edbc xo\u00e1y nguy hi\u1ec3m n\u1ebfu b\u1ea1n \u0111i l\u1ea1c kh\u1ecfi b\u00e3i bi\u1ec3n ch\u00ednh). S\u1ee9a (\u201cstingers\u201d) c\u00f3 th\u1ec3 xu\u1ea5t hi\u1ec7n v\u00e0o m\u00f9a h\u00e8; h\u00e3y ki\u1ec3m tra c\u00e1c c\u1ea3nh b\u00e1o v\u1ec1 s\u1ee9a. Ti\u1ebfng Anh \u0111\u01b0\u1ee3c n\u00f3i \u1edf kh\u1eafp m\u1ecdi n\u01a1i; b\u1ea1n c\u00f3 th\u1ec3 nghe th\u1ea5y nh\u1eefng c\u1ee5m t\u1eeb \u0111\u1ecba ph\u01b0\u01a1ng nh\u01b0 \u201creckon\u201d (c\u00f3 ngh\u0129a l\u00e0 \u201cgi\u1ea3 s\u1eed\u201d) ho\u1eb7c ti\u1ebfng l\u00f3ng c\u1ee7a ng\u01b0\u1eddi \u00dac, nh\u01b0ng ti\u1ebfng Anh chu\u1ea9n c\u1ee7a \u00dac v\u1eabn \u0111\u01b0\u1ee3c hi\u1ec3u.<\/p>\n<p>Ng\u01b0\u1eddi d\u00e2n \u0111\u1ecba ph\u01b0\u01a1ng \u1edf Byron r\u1ea5t tho\u1ea3i m\u00e1i nh\u01b0ng l\u1ecbch s\u1ef1. Nghi th\u1ee9c l\u01b0\u1edbt s\u00f3ng (kh\u00f4ng l\u01b0\u1edbt s\u00f3ng c\u00f9ng ng\u01b0\u1eddi kh\u00e1c) l\u00e0 c\u00f3 th\u1eadt. \u0102n m\u1eb7c gi\u1ea3n d\u1ecb - \u0111\u1ed3 \u0111i bi\u1ec3n \u0111\u01b0\u1ee3c ph\u00e9p m\u1eb7c tr\u00ean ph\u1ed1 ch\u00ednh. Mang theo t\u00fai ho\u1eb7c chai t\u00e1i s\u1eed d\u1ee5ng \u0111\u01b0\u1ee3c \u0111\u00e1nh gi\u00e1 cao v\u00ec Byron c\u00f3 v\u0103n h\u00f3a t\u00e1i ch\u1ebf m\u1ea1nh m\u1ebd. Kh\u00f4ng \u0111\u01b0\u1ee3c boa ti\u1ec1n boa trong nh\u00e0 h\u00e0ng (nh\u00e2n vi\u00ean ph\u1ee5c v\u1ee5 \u0111\u01b0\u1ee3c tr\u1ea3 l\u01b0\u01a1ng c\u00f4ng b\u1eb1ng) - l\u00e0m tr\u00f2n h\u00f3a \u0111\u01a1n ho\u1eb7c \u0111\u1ec3 l\u1ea1i ti\u1ec1n l\u1ebb l\u00e0 ph\u00e9p l\u1ecbch s\u1ef1 khi\u00eam t\u1ed1n n\u1ebfu b\u1ea1n mu\u1ed1n. B\u00e3i \u0111\u1eadu xe trong th\u1ecb tr\u1ea5n c\u00f3 th\u1ec3 khan hi\u1ebfm v\u00e0o nh\u1eefng th\u1eddi \u0111i\u1ec3m \u0111\u00f4ng \u0111\u00fac, v\u00ec v\u1eady h\u00e3y c\u00e2n nh\u1eafc \u0111i b\u1ed9 ho\u1eb7c \u0111\u1ea1p xe. Cu\u1ed1i c\u00f9ng, h\u00e3y nh\u1edb r\u1eb1ng V\u1ecbnh Byron n\u1eb1m tr\u00ean v\u00f9ng \u0111\u1ea5t linh thi\u00eang c\u1ee7a th\u1ed5 d\u00e2n - h\u00e3y ch\u00fa \u00fd \u0111\u1ebfn c\u00e1c \u0111\u1ecba \u0111i\u1ec3m v\u0103n h\u00f3a (nh\u01b0 bi\u1ec3u t\u01b0\u1ee3ng th\u1ed5 d\u00e2n Arakwal trong th\u1ecb tr\u1ea5n) v\u00e0 \u0111\u1ed1i x\u1eed v\u1edbi ch\u00fang m\u1ed9t c\u00e1ch t\u00f4n tr\u1ecdng. V\u1edbi nh\u1ecbp s\u1ed1ng nh\u1eb9 nh\u00e0ng v\u00e0 ng\u01b0\u1eddi d\u00e2n \u0111\u1ecba ph\u01b0\u01a1ng th\u00e2n thi\u1ec7n, vi\u1ec7c gh\u00e9 th\u0103m V\u1ecbnh Byron nh\u00ecn chung mang l\u1ea1i c\u1ea3m gi\u00e1c d\u1ec5 ch\u1ecbu; ch\u1ec9 c\u1ea7n m\u1ed9t n\u1ee5 c\u01b0\u1eddi \u1ea5m \u00e1p v\u00e0 c\u00e1ch c\u01b0 x\u1eed c\u01a1 b\u1ea3n l\u00e0 b\u1ea1n c\u00f3 th\u1ec3 h\u00f2a nh\u1eadp ngay.<\/p>","protected":false},"excerpt":{"rendered":"<p>N\u1eb1m \u1edf g\u00f3c c\u1ef1c \u0111\u00f4ng b\u1eafc c\u1ee7a New South Wales, \u00dac, V\u1ecbnh Byron, \u0111\u01b0\u1ee3c bi\u1ebft \u0111\u1ebfn trong ng\u00f4n ng\u1eef Minjungbal l\u00e0 Cavvanbah, l\u00e0 m\u1ed9t th\u1ecb tr\u1ea5n ven bi\u1ec3n quy\u1ebfn r\u0169. N\u1eb1m s\u00e2u trong v\u00f9ng Bundjalung Country, th\u1ecb tr\u1ea5n nh\u1ecf n\u00e0y l\u00e0 n\u01a1i \u1ea9n n\u00e1u cho nh\u1eefng ng\u01b0\u1eddi t\u00ecm ki\u1ebfm l\u1ed1i s\u1ed1ng tho\u1ea3i m\u00e1i, s\u1ef1 \u0111a d\u1ea1ng v\u0103n h\u00f3a v\u00e0 v\u1ebb \u0111\u1eb9p thi\u00ean nhi\u00ean. V\u1ecbnh Byron, n\u1eb1m c\u00e1ch Sydney 772 km v\u1ec1 ph\u00eda b\u1eafc v\u00e0 c\u00e1ch Brisbane 165 km v\u1ec1 ph\u00eda nam, m\u1edf ra m\u1ed9t s\u1ed1 khung c\u1ea3nh ven bi\u1ec3n ngo\u1ea1n m\u1ee5c nh\u1ea5t c\u1ee7a \u00dac. V\u1ecb tr\u00ed g\u1ea7n M\u0169i Byron, \u0111i\u1ec3m c\u1ef1c \u0111\u00f4ng c\u1ee7a l\u1ee5c \u0111\u1ecba \u00dac, l\u00e0m t\u0103ng th\u00eam s\u1ee9c h\u1ea5p d\u1eabn c\u1ee7a n\u00f3 b\u1eb1ng c\u00e1ch cung c\u1ea5p t\u1ea7m nh\u00ecn tuy\u1ec7t \u0111\u1eb9p v\u00e0 s\u1ef1 li\u00ean quan \u0111\u1eb7c bi\u1ec7t v\u1ec1 m\u1eb7t \u0111\u1ecba l\u00fd.<\/p>","protected":false},"author":1,"featured_media":2790,"parent":9806,"menu_order":0,"comment_status":"closed","ping_status":"closed","template":"elementor_theme","meta":{"_eb_attr":"","footnotes":""},"class_list":["post-10166","page","type-page","status-publish","has-post-thumbnail"],"_links":{"self":[{"href":"https:\/\/travelshelper.com\/vi\/wp-json\/wp\/v2\/pages\/10166","targetHints":{"allow":["GET"]}}],"collection":[{"href":"https:\/\/travelshelper.com\/vi\/wp-json\/wp\/v2\/pages"}],"about":[{"href":"https:\/\/travelshelper.com\/vi\/wp-json\/wp\/v2\/types\/page"}],"author":[{"embeddable":true,"href":"https:\/\/travelshelper.com\/vi\/wp-json\/wp\/v2\/users\/1"}],"replies":[{"embeddable":true,"href":"https:\/\/travelshelper.com\/vi\/wp-json\/wp\/v2\/comments?post=10166"}],"version-history":[{"count":0,"href":"https:\/\/travelshelper.com\/vi\/wp-json\/wp\/v2\/pages\/10166\/revisions"}],"up":[{"embeddable":true,"href":"https:\/\/travelshelper.com\/vi\/wp-json\/wp\/v2\/pages\/9806"}],"wp:featuredmedia":[{"embeddable":true,"href":"https:\/\/travelshelper.com\/vi\/wp-json\/wp\/v2\/media\/2790"}],"wp:attachment":[{"href":"https:\/\/travelshelper.com\/vi\/wp-json\/wp\/v2\/media?parent=10166"}],"curies":[{"name":"wp","href":"https:\/\/api.w.org\/{rel}","templated":true}]}}