{"id":10119,"date":"2024-09-09T19:24:20","date_gmt":"2024-09-09T19:24:20","guid":{"rendered":"https:\/\/travelshelper.com\/staging\/?page_id=10119"},"modified":"2026-03-13T21:44:12","modified_gmt":"2026-03-13T21:44:12","slug":"falls-creek","status":"publish","type":"page","link":"https:\/\/travelshelper.com\/vi\/destinations\/australia-and-oceania\/australia\/falls-creek\/","title":{"rendered":"Falls Creek"},"content":{"rendered":"<p>Falls Creek l\u00e0 m\u1ed9t ng\u00f4i l\u00e0ng nh\u1ecf quanh n\u0103m tr\u00ean d\u00e3y n\u00fai Alpine v\u1edbi m\u1ed9t c\u1ed9ng \u0111\u1ed3ng th\u01b0\u1eddng tr\u00fa r\u1ea5t nh\u1ecf. Tr\u00ean th\u1ef1c t\u1ebf, ch\u1ec9 c\u00f3 kho\u1ea3ng 200 ng\u01b0\u1eddi s\u1ed1ng \u1edf \u0111\u00f3 to\u00e0n th\u1eddi gian v\u00e0o m\u00f9a h\u00e8, nh\u01b0ng con s\u1ed1 n\u00e0y t\u0103ng m\u1ea1nh v\u00e0o m\u1ed7i m\u00f9a \u0111\u00f4ng: khu ngh\u1ec9 d\u01b0\u1ee1ng c\u00f3 th\u1ec3 ti\u1ebfp \u0111\u00f3n kho\u1ea3ng 5.600 c\u01b0 d\u00e2n v\u00e0o m\u00f9a cao \u0111i\u1ec3m. S\u1ef1 gia t\u0103ng n\u00e0y ph\u1ea3n \u00e1nh 4.500 gi\u01b0\u1eddng ngh\u1ec9 d\u01b0\u1ee1ng v\u00e0 nh\u00e0 tr\u1ecd m\u00f9a \u0111\u00f4ng c\u1ee7a ng\u00f4i l\u00e0ng. Do \u0111\u00f3, n\u1ec1n kinh t\u1ebf c\u1ee7a n\u01a1i n\u00e0y g\u1ea7n nh\u01b0 ho\u00e0n to\u00e0n d\u1ef1a v\u00e0o du l\u1ecbch. M\u1ed9t b\u00e1o c\u00e1o c\u1ee7a ch\u00ednh ph\u1ee7 l\u01b0u \u00fd r\u1eb1ng Falls Creek &#034;g\u00f3p ph\u1ea7n \u0111\u00e1ng k\u1ec3 v\u00e0o n\u1ec1n kinh t\u1ebf c\u1ee7a khu v\u1ef1c&#034; v\u00e0 t\u1ea1o ra vi\u1ec7c l\u00e0m theo m\u00f9a \u0111\u00e1ng k\u1ec3. Trong m\u1ed9t n\u0103m \u0111i\u1ec3n h\u00ecnh (tr\u01b0\u1edbc \u0111\u1ea1i d\u1ecbch), t\u1ed5ng doanh thu du l\u1ecbch c\u1ee7a Falls Creek l\u00e0 kho\u1ea3ng 12 tri\u1ec7u \u0111\u00f4 la \u00dac. Ch\u1ec9 c\u00f3 m\u1ed9t l\u01b0\u1ee3ng nh\u1ecf d\u00e2n s\u1ed1 th\u01b0\u1eddng tr\u00fa (bao g\u1ed3m c\u1ea3 h\u1ecdc sinh c\u1ee7a tr\u01b0\u1eddng ti\u1ec3u h\u1ecdc quanh n\u0103m), v\u00ec v\u1eady n\u1ec1n kinh t\u1ebf \u0111\u1ecba ph\u01b0\u01a1ng xoay quanh c\u00e1c nh\u00e0 ngh\u1ec9 tr\u01b0\u1ee3t tuy\u1ebft, nh\u00e0 h\u00e0ng v\u00e0 ch\u1ed7 \u1edf cho thu\u00ea. V\u00e0o th\u1eddi k\u1ef3 cao \u0111i\u1ec3m c\u1ee7a m\u00f9a \u0111\u00f4ng, khu ngh\u1ec9 d\u01b0\u1ee1ng nh\u1ed9n nh\u1ecbp v\u1edbi h\u00e0ng ngh\u00ecn ng\u01b0\u1eddi tr\u01b0\u1ee3t tuy\u1ebft v\u00e0 tr\u01b0\u1ee3t v\u00e1n; v\u00e0o m\u00f9a h\u00e8, n\u01a1i \u0111\u00e2y tr\u1edf n\u00ean y\u00ean t\u0129nh h\u01a1n v\u1edbi nh\u1eefng ng\u01b0\u1eddi \u0111i b\u1ed9 \u0111\u01b0\u1eddng d\u00e0i v\u00e0 \u0111i xe \u0111\u1ea1p leo n\u00fai.<\/p>\n<p>Falls Creek n\u1eb1m s\u00e2u trong d\u00e3y n\u00fai Alps c\u1ee7a Victoria \u1edf \u0111\u00f4ng nam n\u01b0\u1edbc \u00dac. Ng\u00f4i l\u00e0ng n\u1eb1m trong C\u00f4ng vi\u00ean qu\u1ed1c gia Alpine, c\u00e1ch Melbourne kho\u1ea3ng 350 km v\u1ec1 ph\u00eda \u0111\u00f4ng b\u1eafc (kho\u1ea3ng 5 \u0111\u1ebfn 6 gi\u1edd l\u00e1i xe). Ng\u00f4i l\u00e0ng n\u1eb1m tr\u00ean m\u1ed9t cao nguy\u00ean cao kho\u1ea3ng 1.600 m so v\u1edbi m\u1ef1c n\u01b0\u1edbc bi\u1ec3n (\u0111\u1ed9 cao c\u01a1 s\u1edf 1.500 m, \u0111\u1ed9 cao \u0111\u1ec9nh 1.780 m). Th\u1ecb tr\u1ea5n nh\u1ecf g\u1ea7n nh\u1ea5t l\u00e0 Mount Beauty, c\u00e1ch \u0111\u00f3 kho\u1ea3ng 30 km. V\u1ec1 m\u1eb7t \u0111\u1ecba l\u00fd, Falls Creek l\u00e0 m\u1ed9t ph\u1ea7n c\u1ee7a v\u00f9ng Hume thu\u1ed9c Victoria v\u00e0 \u0111\u01b0\u1ee3c bao quanh b\u1edfi nh\u1eefng d\u00e3y n\u00fai hi\u1ec3m tr\u1edf. \u0110\u1ed3ng b\u1eb1ng ph\u1ee7 tuy\u1ebft v\u00e0 r\u1eebng n\u00fai cao bao quanh khu ngh\u1ec9 m\u00e1t. Kh\u00ed h\u1eadu l\u1ea1nh v\u00e0 c\u00f3 tuy\u1ebft trong nhi\u1ec1u th\u00e1ng: \u0111\u01b0\u1ee3c ph\u00e2n lo\u1ea1i l\u00e0 v\u00f9ng \u0111\u1ea1i d\u01b0\u01a1ng\/c\u1eadn c\u1ef1c l\u1ea1nh, v\u1edbi m\u00f9a h\u00e8 ng\u1eafn m\u00e1t m\u1ebb v\u00e0 m\u00f9a \u0111\u00f4ng r\u1ea5t nhi\u1ec1u tuy\u1ebft. Falls Creek c\u00f3 l\u01b0\u1ee3ng tuy\u1ebft r\u01a1i trung b\u00ecnh kho\u1ea3ng b\u1ed1n m\u00e9t m\u1ed7i m\u00f9a \u0111\u00f4ng, th\u01b0\u1eddng m\u1edf c\u1eeda c\u00e1c s\u01b0\u1eddn tr\u01b0\u1ee3t tuy\u1ebft t\u1eeb th\u00e1ng 6 \u0111\u1ebfn th\u00e1ng 9. Nh\u1eefng ng\u00e0y h\u00e8 \u00f4n h\u00f2a, th\u01b0\u1eddng trong xanh v\u00e0 c\u00f3 n\u1eafng, nh\u01b0ng ban \u0111\u00eam v\u1eabn c\u00f3 th\u1ec3 kh\u00e1 m\u00e1t m\u1ebb. T\u00f3m l\u1ea1i, b\u1ed1i c\u1ea3nh c\u1ee7a Falls Creek l\u00e0 m\u00f4i tr\u01b0\u1eddng n\u00fai cao th\u1ef1c s\u1ef1 \u1edf l\u1ee5c \u0111\u1ecba \u00dac, v\u1edbi nh\u1eefng c\u00e1nh r\u1eebng th\u00f4ng v\u00e0 h\u1ed3 \u0111\u00f3ng b\u0103ng nh\u01b0\u1eddng ch\u1ed7 cho nh\u1eefng c\u00e1nh \u0111\u1ed3ng tuy\u1ebft r\u1ed9ng l\u1edbn v\u00e0o m\u00f9a \u0111\u00f4ng.<\/p>\n<p>Ngu\u1ed3n g\u1ed1c c\u1ee7a Falls Creek b\u1eaft ngu\u1ed3n t\u1eeb th\u1eddi k\u1ef3 h\u1eadu chi\u1ebfn v\u00e0o gi\u1eefa th\u1ebf k\u1ef7 20. Sau Th\u1ebf chi\u1ebfn II v\u00e0 vi\u1ec7c x\u00e2y d\u1ef1ng d\u1ef1 \u00e1n th\u1ee7y \u0111i\u1ec7n Kiewa g\u1ea7n \u0111\u00f3, du kh\u00e1ch v\u00e0 qu\u00e2n nh\u00e2n b\u1eaft \u0111\u1ea7u tr\u01b0\u1ee3t tuy\u1ebft \u1edf v\u00f9ng cao. N\u0103m 1948, c\u00e1c k\u1ef9 s\u01b0 \u0111\u00e3 x\u00e2y d\u1ef1ng t\u00fap l\u1ec1u tr\u01b0\u1ee3t tuy\u1ebft th\u00f4 s\u01a1 \u0111\u1ea7u ti\u00ean \u1edf \u0111\u00f3. M\u1ed9t d\u00e2y k\u00e9o \u0111\u01b0\u1ee3c l\u1eafp \u0111\u1eb7t v\u00e0o n\u0103m 1951 v\u00e0 \u0111\u1ebfn n\u0103m 1957, Falls Creek t\u1ef1 h\u00e0o c\u00f3 gh\u1ebf n\u00e2ng \u0111\u1ea7u ti\u00ean c\u1ee7a \u00dac. &#034;Ng\u00f4i l\u00e0ng&#034; ph\u00e1t tri\u1ec3n ch\u1eadm: m\u1ed9t b\u01b0u \u0111i\u1ec7n m\u1edf c\u1eeda v\u00e0o th\u00e1ng 6 n\u0103m 1958, \u0111\u00e1nh d\u1ea5u s\u1ef1 c\u00f4ng nh\u1eadn ch\u00ednh th\u1ee9c c\u1ee7a n\u00f3. Trong nhi\u1ec1u th\u1eadp k\u1ef7 sau \u0111\u00f3, Falls Creek v\u1ec1 c\u01a1 b\u1ea3n l\u00e0 v\u00f9ng ch\u0103n th\u1ea3 gia s\u00fac v\u00e0o m\u00f9a h\u00e8, \u0111\u01b0\u1ee3c s\u1eed d\u1ee5ng \u0111\u1ec3 ch\u0103n th\u1ea3 trong nh\u1eefng th\u00e1ng \u1ea5m \u00e1p. \u0110i\u1ec1u \u0111\u00f3 \u0111\u00e3 thay \u0111\u1ed5i v\u00e0o \u0111\u1ea7u nh\u1eefng n\u0103m 2000 khi vi\u1ec7c ch\u0103n th\u1ea3 cu\u1ed1i c\u00f9ng \u0111\u00e3 b\u1ecb c\u1ea5m \u0111\u1ec3 b\u1ea3o v\u1ec7 m\u00f4i tr\u01b0\u1eddng n\u00fai cao m\u1ecfng manh. K\u1ec3 t\u1eeb \u0111\u00f3, danh ti\u1ebfng c\u1ee7a khu ngh\u1ec9 d\u01b0\u1ee1ng \u0111\u00e3 t\u0103ng l\u00ean. M\u1ed9t b\u01b0\u1edbc ngo\u1eb7t \u0111\u00e1ng k\u1ec3 \u0111\u00e3 \u0111\u1ebfn v\u00e0o n\u0103m 2019, khi c\u00f4ng ty \u0111i\u1ec1u h\u00e0nh tr\u01b0\u1ee3t tuy\u1ebft to\u00e0n c\u1ea7u Vail Resorts (n\u1ed5i ti\u1ebfng v\u1edbi vi\u1ec7c s\u1edf h\u1eefu Perisher \u1edf New South Wales) \u0111\u00e3 mua Falls Creek (c\u00f9ng v\u1edbi Mt. Hotham) v\u1edbi gi\u00e1 kho\u1ea3ng 174 tri\u1ec7u \u0111\u00f4 la \u00dac. Ng\u00e0y nay, m\u1eb7c d\u00f9 Falls Creek c\u00f3 c\u1ea3m gi\u00e1c nh\u01b0 m\u1ed9t ng\u00f4i l\u00e0ng tr\u01b0\u1ee3t tuy\u1ebft hi\u1ec7n \u0111\u1ea1i, m\u1ed9t s\u1ed1 d\u1ea5u t\u00edch ban \u0111\u1ea7u v\u1eabn c\u00f2n (v\u00ed d\u1ee5 nh\u01b0 m\u1ed9t b\u1ea3o t\u00e0ng nh\u1ecf v\u00e0 &#034;l\u1ec1u di s\u1ea3n&#034; b\u00ean d\u01b0\u1edbi s\u01b0\u1eddn d\u1ed1c) g\u1ee3i nh\u1edb \u0111\u1ebfn nh\u1eefng ng\u00e0y \u0111\u1ea7u ti\u00ean c\u1ee7a n\u01a1i n\u00e0y v\u1edbi nh\u1eefng t\u00fap l\u1ec1u v\u00e0 d\u00e2y k\u00e9o.<\/p>\n<p>V\u0103n h\u00f3a c\u1ee7a Falls Creek r\u1ea5t gi\u1ed1ng v\u1edbi m\u1ed9t ng\u00f4i l\u00e0ng tr\u01b0\u1ee3t tuy\u1ebft tr\u00ean n\u00fai cao. Ng\u00f4n ng\u1eef ch\u00ednh l\u00e0 ti\u1ebfng Anh v\u00e0 c\u1ed9ng \u0111\u1ed3ng n\u00e0y ch\u1ee7 y\u1ebfu bao g\u1ed3m ng\u01b0\u1eddi \u00dac (th\u01b0\u1eddng l\u00e0 ng\u01b0\u1eddi Victoria l\u00e0m hu\u1ea5n luy\u1ec7n vi\u00ean tr\u01b0\u1ee3t tuy\u1ebft v\u00e0 nh\u00e2n vi\u00ean khu ngh\u1ec9 d\u01b0\u1ee1ng). L\u1ed1i s\u1ed1ng &#034;l\u01b0\u1eddi tr\u01b0\u1ee3t tuy\u1ebft&#034; \u0111\u01b0\u1ee3c \u0111i\u1ec1u ch\u1ec9nh theo cu\u1ed9c s\u1ed1ng gia \u0111\u00ecnh - ng\u00f4i l\u00e0ng th\u1eadm ch\u00ed c\u00f2n m\u1edf m\u1ed9t tr\u01b0\u1eddng ti\u1ec3u h\u1ecdc quanh n\u0103m. V\u00e0o m\u00f9a \u0111\u00f4ng, nh\u1ecbp \u0111\u1ed9 t\u1eadp trung v\u00e0o n\u00fai, nh\u01b0ng sau khi tr\u1eddi t\u1ed1i, quang c\u1ea3nh tr\u1edf n\u00ean s\u00f4i \u0111\u1ed9ng: trung t\u00e2m l\u00e0ng c\u00f3 c\u00e1c qu\u00e1n bar v\u00e0 m\u1ed9t s\u1ed1 h\u1ed9p \u0111\u00eam \u0111\u1ec3 gi\u1ea3i tr\u00ed cho nh\u1eefng ng\u01b0\u1eddi tr\u01b0\u1ee3t tuy\u1ebft v\u00e0 tr\u01b0\u1ee3t v\u00e1n tr\u00ean tuy\u1ebft. Du kh\u00e1ch th\u01b0\u1eddng c\u1ea3m nh\u1eadn \u0111\u01b0\u1ee3c b\u1ea7u kh\u00f4ng kh\u00ed th\u00e2n thi\u1ec7n, gi\u1ea3n d\u1ecb; ng\u01b0\u1eddi \u00dac b\u1ea3n \u0111\u1ecba h\u00f2a m\u00ecnh v\u00e0o du kh\u00e1ch qu\u1ed1c t\u1ebf \u0111\u1ebfn \u0111\u00e2y \u0111\u1ec3 tr\u01b0\u1ee3t tuy\u1ebft. Truy\u1ec1n th\u1ed1ng c\u1ee7a c\u1ed9ng \u0111\u1ed3ng bao g\u1ed3m c\u00e1c l\u1ec5 k\u1ef7 ni\u1ec7m cu\u1ed1i n\u0103m v\u00e0 c\u00e1c cu\u1ed9c \u0111ua tr\u01b0\u1ee3t tuy\u1ebft. Hai s\u1ef1 ki\u1ec7n \u0111\u1eb7c tr\u01b0ng minh h\u1ecda cho b\u1ea7u kh\u00f4ng kh\u00ed n\u00e0y: Kangaroo Hoppet l\u00e0 cu\u1ed9c thi tr\u01b0\u1ee3t tuy\u1ebft vi\u1ec7t d\u00e3 d\u00e0i 42 km \u0111\u01b0\u1ee3c t\u1ed5 ch\u1ee9c v\u00e0o th\u00e1ng 8 h\u00e0ng n\u0103m, thu h\u00fat h\u00e0ng ngh\u00ecn ng\u01b0\u1eddi tr\u01b0\u1ee3t tuy\u1ebft t\u1eeb \u00dac v\u00e0 n\u01b0\u1edbc ngo\u00e0i. V\u00e0o \u0111\u1ea7u th\u00e1ng 9, khu ngh\u1ec9 d\u01b0\u1ee1ng t\u1ed5 ch\u1ee9c &#034;Stylewars&#034; - m\u1ed9t cu\u1ed9c thi tr\u01b0\u1ee3t v\u00e1n tr\u00ean tuy\u1ebft d\u1ed1c thu h\u00fat nh\u1eefng ng\u01b0\u1eddi tr\u01b0\u1ee3t tuy\u1ebft \u00dac v\u00e0 qu\u1ed1c t\u1ebf \u0111\u1ebfn c\u00e1c c\u00f4ng vi\u00ean \u0111\u1ecba h\u00ecnh c\u1ee7a khu ngh\u1ec9 d\u01b0\u1ee1ng. C\u1ea3 hai s\u1ef1 ki\u1ec7n \u0111\u1ec1u t\u1ea1o n\u00ean b\u1ea7u kh\u00f4ng kh\u00ed l\u1ec5 h\u1ed9i trong l\u00e0ng. V\u00e0o m\u00f9a h\u00e8, b\u1ea7u kh\u00f4ng kh\u00ed thay \u0111\u1ed5i: tr\u1edf n\u00ean r\u1ea5t y\u00ean t\u0129nh khi so s\u00e1nh, du kh\u00e1ch \u0111\u1ed5i v\u00e1n tr\u01b0\u1ee3t tuy\u1ebft l\u1ea5y gi\u00e0y \u0111i b\u1ed9 \u0111\u01b0\u1eddng d\u00e0i v\u00e0 xe \u0111\u1ea1p. Nh\u00ecn chung, Falls Creek gi\u1ed1ng nh\u01b0 m\u1ed9t c\u1ed9ng \u0111\u1ed3ng mi\u1ec1n n\u00fai th\u1ef1c t\u1ebf, v\u1edbi n\u1ec1n v\u0103n h\u00f3a ho\u1ea1t \u0111\u1ed9ng ngo\u00e0i tr\u1eddi v\u00e0 m\u00f9a du l\u1ecbch ng\u1eafn nh\u01b0ng s\u00f4i \u0111\u1ed9ng.<\/p>\n<p>\u0110i\u1ec3m thu h\u00fat ch\u00ednh t\u1ea1i Falls Creek ch\u00ednh l\u00e0 \u0111\u1ecba h\u00ecnh n\u00fai non c\u1ee7a n\u00f3. Khu ngh\u1ec9 d\u01b0\u1ee1ng t\u1ef1 h\u00e0o c\u00f3 kho\u1ea3ng 76 \u0111\u01b0\u1eddng tr\u01b0\u1ee3t tuy\u1ebft \u0111\u01b0\u1ee3c ph\u1ee5c v\u1ee5 b\u1edfi 16 thang m\u00e1y. Nh\u1eefng d\u00e3y d\u1ed1c \u0111\u01b0\u1ee3c ch\u0103m s\u00f3c c\u1ea9n th\u1eadn n\u00e0y (t\u1eeb nh\u1eefng \u0111\u01b0\u1eddng tr\u01b0\u1ee3t nh\u1eb9 nh\u00e0ng d\u00e0nh cho ng\u01b0\u1eddi m\u1edbi b\u1eaft \u0111\u1ea7u \u0111\u1ebfn nh\u1eefng \u0111\u01b0\u1eddng tr\u01b0\u1ee3t \u0111en d\u1ed1c) thu h\u00fat nh\u1eefng ng\u01b0\u1eddi tr\u01b0\u1ee3t tuy\u1ebft \u1edf m\u1ecdi tr\u00ecnh \u0111\u1ed9. V\u00e0o m\u00f9a \u0111\u00f4ng, ch\u1ec9 c\u1ea7n tr\u01b0\u1ee3t tuy\u1ebft ho\u1eb7c tr\u01b0\u1ee3t v\u00e1n tr\u00ean nh\u1eefng \u0111\u01b0\u1eddng tr\u01b0\u1ee3t c\u1ee7a Falls Creek \u2013 bao g\u1ed3m m\u1ed9t \u0111\u01b0\u1eddng m\u00f2n d\u00e0i 3 km c\u00f3 t\u00ean l\u00e0 \u201cWishing Well\u201d \u2013 l\u00e0 tr\u1ea3i nghi\u1ec7m c\u1ed1t l\u00f5i. \u0110\u1ed1i v\u1edbi nhi\u1ec1u du kh\u00e1ch, \u0111\u00e2y ch\u00ednh l\u00e0 t\u1ea5t c\u1ea3 nh\u1eefng g\u00ec Falls Creek mang l\u1ea1i. V\u00e0o nh\u1eefng th\u00e1ng m\u00f9a h\u00e8, nh\u1eefng con d\u1ed1c \u0111\u00f3ng b\u0103ng tan ch\u1ea3y th\u00e0nh m\u1ed9t c\u1ea3nh quan kh\u00e1c: Falls Creek \u0111\u00e3 tr\u1edf n\u00ean n\u1ed5i ti\u1ebfng v\u1edbi c\u00f4ng vi\u00ean xe \u0111\u1ea1p leo n\u00fai \u0111\u01b0\u1ee3c \u0111\u00e1nh gi\u00e1 cao. Khu ngh\u1ec9 d\u01b0\u1ee1ng cung c\u1ea5p h\u00e0ng ch\u1ee5c km \u0111\u01b0\u1eddng m\u00f2n xe \u0111\u1ea1p quanh co qua khu r\u1eebng n\u00fai cao. Tr\u00ean th\u1ef1c t\u1ebf, c\u00e1c t\u1edd r\u01a1i ch\u00ednh th\u1ee9c c\u1ee7a khu ngh\u1ec9 d\u01b0\u1ee1ng g\u1ecdi Falls Creek l\u00e0 \u201cth\u00e1nh \u0111\u1ecba ngo\u00e0i tr\u1eddi\u201d cho c\u00e1c m\u00f4n th\u1ec3 thao m\u00f9a h\u00e8, v\u1edbi c\u00e1c c\u01a1 h\u1ed9i \u0111i b\u1ed9 \u0111\u01b0\u1eddng d\u00e0i, ch\u1ea1y \u0111\u01b0\u1eddng m\u00f2n v\u00e0 \u0111\u1ea1p xe quanh H\u1ed3 Rocky Valley v\u00e0 c\u00e1c d\u00e3y n\u00fai g\u1ea7n \u0111\u00f3. C\u00e1c \u0111i\u1ec3m tham quan kh\u00e1c bao g\u1ed3m c\u00e1c t\u00fap l\u1ec1u c\u1ee7a ng\u01b0\u1eddi ch\u0103n nu\u00f4i gia s\u00fac l\u1ecbch s\u1eed (nh\u01b0 T\u00fap l\u1ec1u Wallace v\u00e0 T\u00fap l\u1ec1u Johanna) \u1edf ch\u00e2n N\u00fai McKay \u2013 t\u00e0n t\u00edch c\u1ee7a th\u1eddi k\u1ef3 ch\u0103n th\u1ea3 gia s\u00fac c\u0169, n\u01a1i du kh\u00e1ch c\u00f3 th\u1ec3 quay ng\u01b0\u1ee3c v\u1ec1 cu\u1ed9c s\u1ed1ng tr\u00ean n\u00fai cao v\u00e0o gi\u1eefa th\u1ebf k\u1ef7 19. Trong ch\u00ednh ng\u00f4i l\u00e0ng, khu ph\u1ee9c h\u1ee3p Falls Creek Alpine Resort \u2013 m\u1ed9t t\u1eadp h\u1ee3p c\u00e1c kh\u00e1ch s\u1ea1n, nh\u00e0 ngh\u1ec9 v\u00e0 c\u1eeda h\u00e0ng tr\u01b0\u1ee3t tuy\u1ebft v\u00e0o\/ra \u2013 th\u01b0\u1eddng l\u00e0 trung t\u00e2m c\u1ee7a c\u00e1c ho\u1ea1t \u0111\u1ed9ng. C\u00e1c \u0111\u01b0\u1eddng m\u00f2n xuy\u00ean qu\u1ed1c gia \u0111\u1ecba ph\u01b0\u01a1ng (65 km \u0111\u01b0\u1eddng v\u00f2ng \u0111\u01b0\u1ee3c ch\u0103m s\u00f3c c\u1ea9n th\u1eadn quanh l\u00e0ng v\u00e0 c\u00e1c \u0111\u1ec9nh n\u00fai g\u1ea7n \u0111\u00f3) \u0111\u1ea1t \u0111\u1eb3ng c\u1ea5p th\u1ebf gi\u1edbi, v\u00ec v\u1eady nhi\u1ec1u du kh\u00e1ch th\u1eed tr\u01b0\u1ee3t tuy\u1ebft xuy\u00ean qu\u1ed1c gia ho\u1eb7c \u0111i gi\u00e0y tuy\u1ebft \u1edf \u0111\u00e2y. T\u00f3m l\u1ea1i, nh\u1eefng \u0111i\u1ec3m tham quan kh\u00f4ng th\u1ec3 b\u1ecf qua c\u1ee7a Falls Creek l\u00e0 c\u00e1c c\u00e1nh \u0111\u1ed3ng tuy\u1ebft ri\u00eang v\u00e0o m\u00f9a \u0111\u00f4ng v\u00e0 c\u00e1c \u0111\u01b0\u1eddng m\u00f2n \u0111i b\u1ed9 \u0111\u01b0\u1eddng d\u00e0i\/\u0111\u1ea1p xe leo n\u00fai v\u00e0o m\u00f9a h\u00e8 \u2013 v\u1ec1 c\u01a1 b\u1ea3n, c\u1ea3nh quan n\u00fai non ch\u00ednh l\u00e0 \u0111i\u1ec3m thu h\u00fat.<\/p>\n<p>\u0110\u1ec3 \u0111\u1ebfn \u0111\u01b0\u1ee3c Falls Creek, b\u1ea1n c\u1ea7n ph\u1ea3i c\u00f3 m\u1ed9t s\u1ed1 k\u1ebf ho\u1ea1ch. S\u00e2n bay l\u1edbn g\u1ea7n nh\u1ea5t l\u00e0 Albury (\u1edf ph\u00eda nam New South Wales, c\u00e1ch \u0111\u00f3 kho\u1ea3ng 130 km), nh\u01b0ng nhi\u1ec1u du kh\u00e1ch bay \u0111\u1ebfn Melbourne (S\u00e2n bay Tullamarine) r\u1ed3i l\u00e1i xe ho\u1eb7c \u0111i xe kh\u00e1ch \u0111\u1ebfn khu ngh\u1ec9 d\u01b0\u1ee1ng. H\u00e0nh tr\u00ecnh \u0111\u01b0\u1eddng b\u1ed9 t\u1eeb Melbourne l\u00e0 kho\u1ea3ng 350 km (kho\u1ea3ng 5\u20136 gi\u1edd l\u00e1i xe) qua \u0110\u01b0\u1eddng cao t\u1ed1c Hume v\u00e0 \u0110\u01b0\u1eddng Alpine. C\u00f3 th\u1ec3 \u0111\u1ebfn ng\u00f4i l\u00e0ng b\u1eb1ng \u0110\u01b0\u1eddng Bogong High Plains t\u1eeb th\u1ecb tr\u1ea5n Mount Beauty. \u0110i\u1ec1u quan tr\u1ecdng l\u00e0 con \u0111\u01b0\u1eddng tr\u00ean n\u00fai cao n\u00e0y m\u1edf c\u1eeda quanh n\u0103m, nh\u01b0ng v\u00e0o m\u00f9a \u0111\u00f4ng, du kh\u00e1ch ph\u1ea3i mang theo v\u00e0 s\u1eed d\u1ee5ng x\u00edch tr\u01b0\u1ee3t tuy\u1ebft trong \u0111i\u1ec1u ki\u1ec7n b\u0103ng gi\u00e1 ho\u1eb7c tuy\u1ebft d\u00e0y. Tr\u00ean th\u1ef1c t\u1ebf, c\u00e1c con \u0111\u01b0\u1eddng trong l\u00e0ng \u1edf Falls Creek ho\u00e0n to\u00e0n kh\u00f4ng c\u00f3 \u00f4 t\u00f4 trong h\u1ea7u h\u1ebft m\u00f9a tr\u01b0\u1ee3t tuy\u1ebft (khu ngh\u1ec9 d\u01b0\u1ee1ng b\u00e1o c\u00e1o r\u1eb1ng v\u00e0o m\u00f9a \u0111\u00f4ng, c\u00e1c con \u0111\u01b0\u1eddng trong l\u00e0ng c\u1ee7a h\u1ecd \u0111\u00e3 \u0111\u00f3ng c\u1eeda \u0111\u1ed1i v\u1edbi c\u00e1c ph\u01b0\u01a1ng ti\u1ec7n trong 93 ng\u00e0y v\u00e0o n\u0103m 2022), ngh\u0129a l\u00e0 m\u1ecdi ng\u01b0\u1eddi \u0111\u1ed7 xe \u1edf ch\u00e2n n\u00fai v\u00e0 tr\u01b0\u1ee3t tuy\u1ebft ho\u1eb7c \u0111i b\u1ed9 v\u00e0o l\u00e0ng. M\u1ed9t xe bu\u00fdt \u0111\u01b0a \u0111\u00f3n mi\u1ec5n ph\u00ed ho\u1ea1t \u0111\u1ed9ng v\u00e0o nh\u1eefng ng\u00e0y b\u0103ng gi\u00e1 \u0111\u1ec3 gi\u00fap \u0111\u01b0a m\u1ecdi ng\u01b0\u1eddi \u0111\u1ebfn c\u00e1c nh\u00e0 ngh\u1ec9. Trong l\u00e0ng, m\u1ecdi th\u1ee9 \u0111\u1ec1u c\u00f3 th\u1ec3 \u0111i b\u1ed9 ho\u1eb7c tr\u01b0\u1ee3t tuy\u1ebft. (\u0110\u00e1ng ch\u00fa \u00fd, v\u00e0o m\u00f9a h\u00e8, c\u1ea3 \u0110\u01b0\u1eddng Bogong High Plains t\u1eeb Omeo v\u00e0 \u0110\u01b0\u1eddng Bogong \u0111\u1ec1u \u0111\u01b0\u1ee3c nh\u1eefng ng\u01b0\u1eddi \u0111i xe \u0111\u1ea1p \u01b0a chu\u1ed9ng, v\u1edbi c\u00e1c s\u1ef1 ki\u1ec7n nh\u01b0 Peaks Challenge th\u01b0\u1eddng ni\u00ean \u0111\u1ed5 xu\u1ed1ng khu v\u1ef1c n\u00e0y.) M\u1eb9o c\u01a1 b\u1ea3n cho du kh\u00e1ch: Falls Creek s\u1eed d\u1ee5ng \u0111\u00f4 la \u00dac v\u00e0 ti\u1ebfng Anh \u0111\u01b0\u1ee3c n\u00f3i \u1edf kh\u1eafp m\u1ecdi n\u01a1i. Quy \u0111\u1ecbnh v\u1ec1 trang ph\u1ee5c v\u00e0o m\u00f9a \u0111\u00f4ng l\u00e0 m\u1eb7c nhi\u1ec1u l\u1edbp qu\u1ea7n \u00e1o ngo\u00e0i tr\u1eddi; v\u00e0o m\u00f9a h\u00e8, tr\u1eddi c\u00f3 th\u1ec3 l\u1ea1nh tr\u00ean \u0111\u1ed3i v\u00e0o ban \u0111\u00eam. An to\u00e0n tr\u00ean n\u00fai theo l\u1ebd th\u01b0\u1eddng \u0111\u01b0\u1ee3c \u00e1p d\u1ee5ng: \u0111i tr\u00ean nh\u1eefng con \u0111\u01b0\u1eddng m\u00f2n \u0111\u01b0\u1ee3c \u0111\u00e1nh d\u1ea5u v\u00e0o m\u00f9a \u0111\u00f4ng, ch\u00fa \u00fd \u0111\u1ebfn nh\u1eefng thay \u0111\u1ed5i c\u1ee7a th\u1eddi ti\u1ebft v\u00e0 v\u00e0o m\u00f9a h\u00e8, h\u00e3y s\u1eed d\u1ee5ng bi\u1ec7n ph\u00e1p b\u1ea3o v\u1ec7 kh\u1ecfi \u00e1nh n\u1eafng m\u1eb7t tr\u1eddi. D\u1ecbch v\u1ee5 di \u0111\u1ed9ng kh\u00f4ng \u1ed5n \u0111\u1ecbnh \u1edf nh\u1eefng \u0111\u1ed9 cao l\u1edbn nh\u1ea5t, v\u00ec v\u1eady h\u00e3y l\u00ean k\u1ebf ho\u1ea1ch tr\u01b0\u1edbc. Nh\u00ecn chung, du kh\u00e1ch n\u00ean bi\u1ebft r\u1eb1ng Falls Creek l\u00e0 m\u1ed9t n\u01a1i xa x\u00f4i v\u00e0 \u1edf \u0111\u1ed9 cao l\u1edbn - n\u00ean d\u00e0nh th\u00eam th\u1eddi gian di chuy\u1ec3n v\u00e0o m\u00f9a \u0111\u00f4ng v\u00e0 chu\u1ea9n b\u1ecb cho \u0111i\u1ec1u ki\u1ec7n th\u1eddi ti\u1ebft l\u1ea1nh gi\u00e1.<\/p>","protected":false},"excerpt":{"rendered":"<p>N\u1eb1m gi\u1eefa d\u00e3y n\u00fai Alps h\u00f9ng v\u0129 c\u1ee7a Victoria, Falls Creek Alpine Resort l\u00e0 n\u01a1i \u1ea9n n\u00e1u t\u1ed1t nh\u1ea5t c\u1ee7a \u00dac cho nh\u1eefng cu\u1ed9c phi\u00eau l\u01b0u tr\u00ean n\u00fai cao. N\u1eb1m \u1edf khu v\u1ef1c Hume c\u1ee7a C\u00f4ng vi\u00ean qu\u1ed1c gia Alpine \u1edf ph\u00eda \u0111\u00f4ng b\u1eafc Victoria, khu ngh\u1ec9 d\u01b0\u1ee1ng n\u00e0y c\u00e1ch Melbourne kho\u1ea3ng 350 km (220 d\u1eb7m); Mount Beauty l\u00e0 th\u1ecb tr\u1ea5n g\u1ea7n nh\u1ea5t, ch\u1ec9 c\u00e1ch 30 km (20 d\u1eb7m). Cao t\u1eeb 1.500 \u0111\u1ebfn 1.830 m\u00e9t (4.921 \u0111\u1ebfn 6.004 feet), \u0111i\u1ec3m cao nh\u1ea5t c\u1ee7a khu ngh\u1ec9 d\u01b0\u1ee1ng l\u00e0 1.780 m\u00e9t (5.840 feet). \u0110\u1ed1i v\u1edbi nh\u1eefng ng\u01b0\u1eddi t\u00ecm ki\u1ebfm nhi\u1ec1u th\u1eed th\u00e1ch theo chi\u1ec1u d\u1ecdc h\u01a1n, \u0111\u1ec9nh n\u00fai l\u00e2n c\u1eadn c\u1ee7a N\u00fai McKay, cao t\u1edbi 1.842 m\u00e9t (6.043 feet), ch\u00e0o \u0111\u00f3n v\u00e0 c\u00f3 th\u1ec3 \u0111\u1ebfn \u0111\u01b0\u1ee3c t\u1eeb khu ngh\u1ec9 d\u01b0\u1ee1ng b\u1eb1ng xe tr\u01b0\u1ee3t tuy\u1ebft.<\/p>","protected":false},"author":1,"featured_media":2902,"parent":9806,"menu_order":0,"comment_status":"closed","ping_status":"closed","template":"elementor_theme","meta":{"_eb_attr":"","footnotes":""},"class_list":["post-10119","page","type-page","status-publish","has-post-thumbnail"],"_links":{"self":[{"href":"https:\/\/travelshelper.com\/vi\/wp-json\/wp\/v2\/pages\/10119","targetHints":{"allow":["GET"]}}],"collection":[{"href":"https:\/\/travelshelper.com\/vi\/wp-json\/wp\/v2\/pages"}],"about":[{"href":"https:\/\/travelshelper.com\/vi\/wp-json\/wp\/v2\/types\/page"}],"author":[{"embeddable":true,"href":"https:\/\/travelshelper.com\/vi\/wp-json\/wp\/v2\/users\/1"}],"replies":[{"embeddable":true,"href":"https:\/\/travelshelper.com\/vi\/wp-json\/wp\/v2\/comments?post=10119"}],"version-history":[{"count":0,"href":"https:\/\/travelshelper.com\/vi\/wp-json\/wp\/v2\/pages\/10119\/revisions"}],"up":[{"embeddable":true,"href":"https:\/\/travelshelper.com\/vi\/wp-json\/wp\/v2\/pages\/9806"}],"wp:featuredmedia":[{"embeddable":true,"href":"https:\/\/travelshelper.com\/vi\/wp-json\/wp\/v2\/media\/2902"}],"wp:attachment":[{"href":"https:\/\/travelshelper.com\/vi\/wp-json\/wp\/v2\/media?parent=10119"}],"curies":[{"name":"wp","href":"https:\/\/api.w.org\/{rel}","templated":true}]}}