{"id":9837,"date":"2024-09-09T10:31:20","date_gmt":"2024-09-09T10:31:20","guid":{"rendered":"https:\/\/travelshelper.com\/staging\/?page_id=9837"},"modified":"2026-03-13T21:37:04","modified_gmt":"2026-03-13T21:37:04","slug":"sidney","status":"publish","type":"page","link":"https:\/\/travelshelper.com\/tr\/destinations\/australia-and-oceania\/australia\/sydney\/","title":{"rendered":"Sidney"},"content":{"rendered":"<p>Sidney, \u00fclkenin en kalabal\u0131k ve tart\u0131\u015fmas\u0131z en \u00fcnl\u00fc \u015fehri olarak Avustralya&#039;n\u0131n do\u011fu k\u0131y\u0131s\u0131 boyunca uzan\u0131r. Haziran 2024&#039;te metropol b\u00f6lgesinde yakla\u015f\u0131k 5,56 milyon ki\u015fi ya\u015f\u0131yordu. Liman \u015eehri olarak bilinen Sidney, devasa do\u011fal liman\u0131 (Port Jackson) ve Pasifik sahilleri etraf\u0131nda uzan\u0131r. \u0130klim \u0131l\u0131man ve denizeldir: yazlar (Aral\u0131k-\u015eubat) ortalama 23 \u00b0C civar\u0131nda y\u00fcksek s\u0131cakl\u0131klarla \u0131l\u0131k ila s\u0131cakt\u0131r, k\u0131\u015flar (Haziran-A\u011fustos) ortalama 18 \u00b0C y\u00fcksek s\u0131cakl\u0131klarla \u0131l\u0131mand\u0131r. \u015eehir, Opera Binas\u0131&#039;n\u0131n beyaz yelkenleri ve Liman K\u00f6pr\u00fcs\u00fc&#039;n\u00fcn kemeri gibi simgesel simgelerle noktalan\u0131r ve m\u00fcrekkep mavisi sular ve engebeli ye\u015filliklerle vurgulan\u0131r. Ger\u00e7ekten de Sidney, kentsel enerjiyi kenarlar\u0131ndaki plajlar ve milli parklarla dengeleyerek genellikle d\u00fcnyan\u0131n en ya\u015fanabilir \u015fehirleri aras\u0131nda yer al\u0131r.<\/p>\n<p>Sidney, Avustralya&#039;n\u0131n en b\u00fcy\u00fck \u015fehridir (B\u00fcy\u00fck Sidney n\u00fcfusu 2024 ortas\u0131 itibar\u0131yla 5,557 milyondur). Ulusal ekonominin b\u00fcy\u00fck bir b\u00f6l\u00fcm\u00fcn\u00fc olu\u015fturur. 2020&#039;de Sidney&#039;in eyaleti - Yeni G\u00fcney Galler - Avustralya&#039;n\u0131n GSY\u0130H&#039;sine en b\u00fcy\u00fck katk\u0131y\u0131 yapan eyaletti. \u015eehrin ekonomisi geli\u015fmi\u015f ve \u00e7e\u015fitlendirilmi\u015ftir: k\u00fcresel finans, y\u00fcksek \u00f6\u011frenim, turizm, film ve teknoloji ba\u015fl\u0131ca sekt\u00f6rlerdir. Sidney, k\u00fcresel finans merkezlerini ve uluslararas\u0131 konferans ve etkinliklere ev sahipli\u011fi yapmas\u0131n\u0131 yans\u0131tan bir &#034;Alfa+&#034; d\u00fcnya \u015fehri olarak s\u0131n\u0131fland\u0131r\u0131lm\u0131\u015ft\u0131r. Teknoloji sekt\u00f6r\u00fc b\u00fcy\u00fcyor (\u00f6zellikle Silicon Harbour, Barangaroo&#039;daki giri\u015fimler) ve uzun s\u00fcredir var olan end\u00fcstriler aras\u0131nda film prod\u00fcksiyonu (Sidney&#039;de Avustralya&#039;n\u0131n &#034;Hollywood&#039;u&#034; var) ve Botany K\u00f6rfezi ve Port Botany&#039;deki liman\/lojistik yer al\u0131yor.<\/p>\n<p>Demografik olarak, Sidney yo\u011fun bir \u015fekilde \u00e7ok k\u00fclt\u00fcrl\u00fcd\u00fcr. Sakinlerin &#039;tan fazlas\u0131 yurtd\u0131\u015f\u0131nda do\u011fmu\u015ftur ve en b\u00fcy\u00fck g\u00f6\u00e7men gruplar\u0131 \u00c7in, Hindistan, Britanya, Vietnam ve Filipinler&#039;dendir. Bu k\u00fclt\u00fcrel doku \u015fehrin mahallelerinde kendini g\u00f6sterir: Harris Park&#039;taki k\u00fc\u00e7\u00fck Hindistan, Haymarket&#039;teki \u00c7in Mahallesi, Lakemba&#039;daki Yunan kafeleri vb. Ayr\u0131ca Sidney&#039;i \u00e7ok dilli bir \u015fehir yapar (Mandarin, Kantonca, Arap\u00e7a ve Vietnamca yayg\u0131n olarak duyulur). Geleneksel koruyucular Gadigal, Dharug ve Eora halklar\u0131d\u0131r ve onlara b\u00fcy\u00fck kamu toplant\u0131lar\u0131nda (Uzla\u015fma G\u00fcn\u00fc etkinlikleri, NAIDOC Haftas\u0131) sayg\u0131 g\u00f6sterilmesi yayg\u0131nd\u0131r.<\/p>\n<p>Sidney, Avustralya&#039;n\u0131n g\u00fcneydo\u011fu k\u0131y\u0131s\u0131nda, Yeni G\u00fcney Galler&#039;de yer al\u0131r. Liman (Sydney Harbour) \u015fehri bir\u00e7ok yar\u0131madaya b\u00f6ler: kuzeyde pitoresk banliy\u00f6ler ve Ku-ring-gai Chase Milli Park\u0131, g\u00fcneyde ise Royal Milli Park\u0131 ve \u00f6tesinde Wollongong bulunur. \u015eehrin bat\u0131s\u0131nda, iki saatlik s\u00fcr\u00fc\u015f mesafesinde bulunan sisli bir kumta\u015f\u0131 platosu olan Mavi Da\u011flar (B\u00fcy\u00fck Ay\u0131r\u0131c\u0131 S\u0131rada\u011flar&#039;\u0131n bir par\u00e7as\u0131) y\u00fckselir; okalipt\u00fcs ormanlar\u0131 ve kanyonlar\u0131yla bilinir. Do\u011fuda, Bondi, Manly ve Palm Beach gibi uzun kumlu plajlar Tasman Denizi&#039;ne bakar. \u0130klim okyanus taraf\u0131ndan \u0131l\u0131ml\u0131la\u015ft\u0131r\u0131l\u0131r ve y\u0131l boyunca orta d\u00fczeyde ya\u011f\u0131\u015f (y\u0131lda yakla\u015f\u0131k 1.150 mm) ve a\u015f\u0131r\u0131 so\u011fuk olmaz. Ancak \u015fehir yaz\u0131n dramatik hava ko\u015fullar\u0131 ya\u015fayabilir: s\u0131cak g\u00fcnlerde orman yang\u0131nlar\u0131 ve k\u0131y\u0131 havzalar\u0131na yo\u011fun ya\u011fmur ya\u011fd\u0131ran f\u0131rt\u0131nalar.<\/p>\n<p>Sidney&#039;in kentsel alan\u0131 yakla\u015f\u0131k 12.368 km\u00b2&#039;dir. Limandan Mavi Da\u011flar&#039;a kadar yakla\u015f\u0131k 50 km kuzey-g\u00fcney ve bat\u0131ya do\u011fru uzan\u0131r. CBD (Merkezi \u0130\u015f B\u00f6lgesi), Sidney Koyu&#039;nda (orijinal \u0130ngiliz yerle\u015fimi) yer al\u0131r. Historic Rocks en eski b\u00f6lgedir, modern g\u00f6kdelenler ise George Caddesi&#039;ni s\u0131ralar. Geceleri, \u015fehrin \u0131\u015f\u0131klar\u0131 k\u0131vr\u0131ml\u0131 liman ve palmiyelerle \u00e7evrili bulvarlar boyunca parlar.<\/p>\n<p>Avustralya yerlileri on binlerce y\u0131ld\u0131r Sidney havzas\u0131nda ya\u015famaktad\u0131r; liman \u00e7evresinde Eora kaya oymalar\u0131 ve \u00e7\u00f6pl\u00fckleri yayg\u0131nd\u0131r. Avrupal\u0131larla ilk temas, Kaptan Cook&#039;un Botany K\u00f6rfezi&#039;ni haritaland\u0131rmas\u0131yla 1770&#039;te ger\u00e7ekle\u015fti. Daha sonra 1788&#039;de Vali Arthur Phillip, Birinci Filo ile geldi ve Sidney&#039;i bir ceza kolonisi olarak kurdu - Avustralya&#039;n\u0131n ilk \u0130ngiliz yerle\u015fimi. \u0130lk \u015fehir, The Rocks b\u00f6lgesi haline gelen \u015feyin temellerini mahkumlar\u0131n in\u015fa etti\u011fi kaba ve do\u011fa\u00e7lamayd\u0131.<\/p>\n<p>19. y\u00fczy\u0131lda Sidney kozmopolit bir s\u00f6m\u00fcrge \u015fehrine d\u00f6n\u00fc\u015ft\u00fc. \u00d6zg\u00fcr bir kasaba oldu (1840&#039;larda h\u00fck\u00fcml\u00fclerin geli\u015fi sona erdi) ve 1850&#039;ler-60&#039;lar aras\u0131ndaki alt\u0131n ak\u0131nlar\u0131 s\u0131ras\u0131nda g\u00f6\u00e7men dalgalar\u0131 g\u00f6rd\u00fc. 1856&#039;da Sidney&#039;de bir \u00fcniversite ve bir\u00e7ok k\u00fclt\u00fcrel kurum vard\u0131. Sidney Liman\u0131 K\u00f6pr\u00fcs\u00fc 1932&#039;de tamamland\u0131 ve suyun \u00f6tesinde banliy\u00f6 geni\u015flemesini te\u015fvik etti. II. D\u00fcnya Sava\u015f\u0131 sonras\u0131 Sidney, Avrupa&#039;dan gelen g\u00f6\u00e7menlerle (\u0130talyanlar, Yunanl\u0131lar, \u0130ngilizler) ve 1980&#039;lerden itibaren b\u00fcy\u00fck Asyal\u0131 g\u00f6\u00e7\u00fcyle \u015fi\u015fti. Bu k\u00fclt\u00fcrel ak\u0131n, \u015fehrin \u00e7e\u015fitlili\u011fine ve Spice Alley (Eastwood) veya Tempe Chicken d\u00fckkanlar\u0131 gibi b\u00f6lgelere yans\u0131yor.<\/p>\n<p>Son on y\u0131llarda, Sidney k\u00fcresel bir \u015fehir olma stat\u00fcs\u00fcn\u00fc benimsedi. 2000 Yaz Olimpiyatlar\u0131&#039;na ev sahipli\u011fi yapt\u0131 (Liman&#039;daki sporcular\u0131n ge\u00e7it t\u00f6reni hala bir simge olmaya devam ediyor), uluslararas\u0131 zirveler d\u00fczenledi ve her y\u0131l 10-14 milyon turisti a\u011f\u0131rlamaya devam ediyor. Tarihi mahalleler varl\u0131\u011f\u0131n\u0131 s\u00fcrd\u00fcr\u00fcyor: Paddington&#039;\u0131n Viktorya ve Art Deco mimarisi, Balmain&#039;in tek tip teraslar\u0131, i\u00e7 bat\u0131n\u0131n sava\u015f sonras\u0131 bloklar\u0131. Hyde Park K\u0131\u015flas\u0131 ve Krali\u00e7e Victoria Binas\u0131 gibi miras alanlar\u0131 Sidney&#039;in katmanl\u0131 ge\u00e7mi\u015fini sergiliyor.<\/p>\n<p>Sidney dinamik ve kozmopolittir. Kent k\u00fclt\u00fcr\u00fc, h\u0131zl\u0131 tempolu i\u015f hayat\u0131 ve plaj-\u015fehir e\u011flencesinin bir kar\u0131\u015f\u0131m\u0131d\u0131r. Hafta i\u00e7i bir sabah, Circular Quay&#039;e giden feribotlarda tak\u0131m elbiseli bankac\u0131lar ve ak\u015famlar\u0131 Bondi dalgalar\u0131ndan d\u00f6nen \u0131slak k\u0131yafetli s\u00f6rf\u00e7\u00fcler g\u00f6r\u00fclebilir. \u015eehrin ki\u015fili\u011fi paradoksal g\u00f6r\u00fcnebilir: banliy\u00f6lerde ger\u00e7ek\u00e7i Avustralya dostlu\u011fu, ancak CBD ve turistik b\u00f6lgelerde uluslararas\u0131 bir zarafet.<\/p>\n<p>G\u00fcnl\u00fck hayatta, Sidneyliler hem i\u015fin hem de e\u011flencenin bilincindedir. \u00c7al\u0131\u015fma saatleri standartt\u0131r (kulelerde 9-5 ofis ortam\u0131), ancak ak\u015famlar genellikle d\u0131\u015far\u0131 ta\u015far. \u0130\u015f g\u00fcn\u00fcn\u00fc suya bakan bir pub&#039;da i\u00e7ki i\u00e7erek sonland\u0131rmak veya Opera Binas\u0131 manzaral\u0131 bir \u00e7at\u0131 kat\u0131nda toplanmak yayg\u0131nd\u0131r. Festival takvimi dolup ta\u015fmaktad\u0131r: Sidney Festivali (Ocak ay\u0131nda sanat festivali), Mardi Gras (\u015eubat ay\u0131 sonlar\u0131nda d\u00fcnyaca \u00fcnl\u00fc LGBT onur y\u00fcr\u00fcy\u00fc\u015f\u00fc), Vivid Sidney (Haziran-Temmuz aylar\u0131nda binalar\u0131 ve limanlar\u0131 ayd\u0131nlatan bir k\u0131\u015f \u0131\u015f\u0131k festivali), Y\u0131lba\u015f\u0131 Gecesi havai fi\u015fekleri (d\u00fcnya \u00e7ap\u0131nda yay\u0131nlan\u0131r) - bu etkinlikler \u015fehre devam eden bir kutlama hissi verir.<\/p>\n<p>Yemek k\u00fclt\u00fcr\u00fc, Sidney ya\u015fam\u0131n\u0131n g\u00fc\u00e7l\u00fc bir par\u00e7as\u0131d\u0131r. Kafeler, d\u00fcz beyaz kahve yudumlayan diz\u00fcst\u00fc bilgisayarl\u0131 insanlarla doludur; restoranlar, l\u00fcks Modern Avustralya&#039;dan (genellikle Yerli \u00e7al\u0131l\u0131k yemeklerini yeniden yorumlayan) plajdaki rahat bal\u0131k ve patates k\u0131zartmas\u0131na kadar \u00e7e\u015fitlilik g\u00f6sterir. Asya mutfaklar\u0131 geli\u015fir: Chinatown (Haymarket) k\u00f6fte ve \u00e7ay sunarken, Chinatown ve Marrickville gibi banliy\u00f6lerde dikkate de\u011fer Tay, Vietnam ve Kore yemekleri vard\u0131r. Ak\u015famlar\u0131, Newtown ve Oxford Street&#039;teki k\u00fc\u00e7\u00fck kul\u00fcplerden canl\u0131 m\u00fczik gelirken, Opera Binas\u0131 program\u0131 k\u00fcresel sanat\u00e7\u0131lar\u0131 kendine \u00e7eker.<\/p>\n<p>Sydney halk\u0131 dost canl\u0131s\u0131 bir mesafeyi korur. Sokaktaki yabanc\u0131lar genellikle merhaba der veya ba\u015flar\u0131n\u0131 sallar, ancak ki\u015fisel alana sayg\u0131 g\u00f6sterilir. Tren veya otob\u00fcs dura\u011f\u0131nda sabah selam\u0131, baristaya h\u0131zl\u0131ca bir &#034;te\u015fekk\u00fcr ederim&#034; - bunlar normaldir. Bir zamanlar bah\u015fi\u015f vermek ho\u015f kar\u015f\u0131lanmazd\u0131, ancak art\u0131k restoranlarda daha fazla kabul g\u00f6r\u00fcyor (iyi hizmet i\u00e7in yakla\u015f\u0131k ). Genel olarak, Sydney&#039;in k\u00fclt\u00fcr\u00fc katmanl\u0131d\u0131r: kli\u015felere tutunmaz. \u015eehir i\u00e7i sokaklar\u0131nda pislik ve grafiti gibi pislikler vard\u0131r, ancak ayn\u0131 zamanda d\u00fcnyaca \u00fcnl\u00fc mimarisinde ve liman feribotlar\u0131nda oldu\u011fu gibi y\u00fcksek cila da vard\u0131r. \u015eehrin m\u00fczikleri sirenleri, mart\u0131lar\u0131, publardan gelen uzak m\u00fczikleri ve dalgalar\u0131 a\u015fan Olimpik boyutlardaki feribotlar\u0131n her zaman var olan sirenlerini bir araya getirir. Bunlar\u0131n hepsinde, Sydney halk\u0131n\u0131n samimiyeti ve \u00e7ok k\u00fclt\u00fcrl\u00fc dayan\u0131kl\u0131l\u0131\u011f\u0131 parlar.<\/p>\n<p>Sidney&#039;in sil\u00fceti ikonlar\u0131yla doludur. Sidney Opera Binas\u0131 (UNESCO D\u00fcnya Miras\u0131 alan\u0131) ve biti\u015fi\u011findeki Sidney Liman\u0131 K\u00f6pr\u00fcs\u00fc g\u00f6r\u00fclmesi gereken yerlerdir. K\u00f6pr\u00fcn\u00fcn yaya yolunda y\u00fcr\u00fcyebilir veya (cesaret edenler i\u00e7in) panoramik manzaralar i\u00e7in bir BridgeClimb turuna kat\u0131labilirsiniz. Yak\u0131nlarda, Circular Quay&#039;deki feribot terminali bir aktivite merkezidir: buradan kalkan feribotlar ziyaret\u00e7ileri Watsons Koyu&#039;na, Manly Plaj\u0131&#039;na ve \u00f6tesine g\u00f6t\u00fcr\u00fcr; liman\u0131n burun u\u00e7urumlar\u0131 ve yelkenli tekneler s\u00fcrekli manzara sunar.<\/p>\n<p>\u015eehir merkezindeki ilgi \u00e7ekici yerler aras\u0131nda tarihi The Rocks b\u00f6lgesi (arnavut kald\u0131r\u0131ml\u0131 sokaklar ve miras publar\u0131), modern Barangaroo Rezervi (eski liman arazisine in\u015fa edilmi\u015f sahil park\u0131) ve Kraliyet Botanik Bah\u00e7esi (Opera Binas\u0131&#039;na biti\u015fik yemye\u015fil bir burun bah\u00e7esi) yer al\u0131r. Liman\u0131n yak\u0131n\u0131nda, g\u00fcl\u00fcmseyen bir y\u00fcz giri\u015fi ve K\u00f6pr\u00fc&#039;n\u00fcn alt\u0131ndan bir manzaras\u0131 olan y\u00fczy\u0131ll\u0131k bir e\u011flence park\u0131 olan Luna Park yer al\u0131r.<\/p>\n<p>Avustralya&#039;n\u0131n en eski do\u011fa park\u0131 olan Royal National Park, Sidney&#039;in hemen g\u00fcneyinde yer al\u0131r ve y\u00fcr\u00fcy\u00fc\u015f ve k\u0131y\u0131 patikalar\u0131 sunar (Royal NP&#039;deki Figure Eight Havuzlar\u0131 \u00fcnl\u00fcd\u00fcr). Sidney&#039;in plajlar\u0131 ba\u015fl\u0131 ba\u015f\u0131na b\u00fcy\u00fck ilgi \u00e7ekici yerlerdir: Bondi, Bronte, Manly ve Cronulla&#039;da s\u00f6rf, y\u00fczme ve k\u0131y\u0131 y\u00fcr\u00fcy\u00fc\u015fleri vard\u0131r. (Bondi&#039;den Bronte&#039;ye y\u00fcr\u00fcy\u00fc\u015f, 6 km&#039;lik bir u\u00e7urum kenar\u0131 patikas\u0131d\u0131r ve etkileyici okyanus manzaralar\u0131 sunar.)<\/p>\n<p>Aile e\u011flencesi i\u00e7in Sidney&#039;de \u00e7ok say\u0131da park ve hayvanat bah\u00e7esi vard\u0131r. Liman\u0131n kuzey k\u0131y\u0131s\u0131nda bulunan Taronga Hayvanat Bah\u00e7esi, ziyaret\u00e7ilerin \u015fehir merkezinin fonunda yerel hayvanlarla (koalalar, kangurular) kar\u015f\u0131la\u015fmas\u0131n\u0131 sa\u011flar. Darling Harbour e\u011flence kompleksleri sunar (SEA LIFE akvaryumu, IMAX sinemas\u0131, Powerhouse Teknoloji M\u00fczesi). Yaz aylar\u0131nda liman adalar\u0131 destinasyon haline gelir: Fort Denison (kano veya feribotla ula\u015f\u0131labilir) bir kafesi olan k\u00fc\u00e7\u00fck bir ada kalesidir ve Cockatoo Adas\u0131 (limanda) tarihi turlara ve festivallere ev sahipli\u011fi yapar.<\/p>\n<p>Sidney k\u00fclt\u00fcrel a\u00e7\u0131dan da zengindir. M\u00fczeleri - New South Wales Sanat Galerisi, Avustralya M\u00fczesi, \u00c7a\u011fda\u015f Sanat M\u00fczesi - ulusal sanat ve do\u011fa tarihi koleksiyonlar\u0131na ev sahipli\u011fi yapar. Sporseverler yak\u0131ndaki stadyumda (ANZ Stadyumu) \u200b\u200bbir Ragbi Ligi veya Ragbi Birli\u011fi ma\u00e7\u0131na kat\u0131labilir veya Sydney Kriket Sahas\u0131&#039;nda kriket izleyebilir; yerel halk\u0131n neredeyse tatil gibi g\u00f6rd\u00fc\u011f\u00fc etkinlikler.<\/p>\n<p>K\u0131saca \u00f6zetlersek, Sidney&#039;in en \u00f6nemli turistik yerleri aras\u0131nda liman manzaralar\u0131 ve mimarisi, k\u0131y\u0131 plajlar\u0131 ve do\u011fa ile \u015fehir hayat\u0131n\u0131n kar\u0131\u015f\u0131m\u0131 yer al\u0131r. Seyahat anketlerine g\u00f6re, Sidney d\u00fcnyan\u0131n en \u00e7ok ziyaret edilen on be\u015f \u015fehri aras\u0131nda yer al\u0131r. Yine de, \u00fcnl\u00fc yerlerin \u00f6tesinde, bir\u00e7ok gezgin daha sakin anlar\u0131 sever: Glebe&#039;de bir jakaranda a\u011fac\u0131n\u0131n alt\u0131nda kahve yudumlamak, Liman&#039;da sisli bir k\u0131\u015f sabah\u0131nda feribotlar\u0131n kaymas\u0131n\u0131 izlemek veya kuzeydeki bir burunda \u015fafak vakti tuz serpintisini hissetmek. Bunlar, Opera Binas\u0131 \u0131\u015f\u0131klar\u0131n\u0131n haf\u0131zalarda kaybolmas\u0131ndan uzun s\u00fcre sonra bile Sidney hayat\u0131n\u0131n kalan dilimleridir.<\/p>\n<p>\u015eehir, \u015fehir merkezinin yakla\u015f\u0131k 8 km g\u00fcneyinde bulunan Sidney (Kingsford Smith) Havaalan\u0131 taraf\u0131ndan hizmet vermektedir. Asya, Kuzey Amerika ve Avrupa&#039;dan uluslararas\u0131 u\u00e7u\u015flar ve i\u00e7 hat ba\u011flant\u0131lar\u0131 da vard\u0131r. Bir tren (Airport Link) ve \u00e7e\u015fitli otob\u00fcsler, havaliman\u0131n\u0131 \u015fehre 15-25 dakikada ba\u011flamaktad\u0131r.<\/p>\n<p>Sydney&#039;in toplu ta\u015f\u0131ma sistemi kapsaml\u0131d\u0131r. CityRail ve Metro trenleri kuzeye do\u011fru kuzey plajlar\u0131na ve g\u00fcneye do\u011fru Illawarra b\u00f6lgesine do\u011fru ilerler ve Central, Town Hall ve di\u011ferlerinde b\u00fcy\u00fck istasyonlar bulunur. Yeni bir hafif rayl\u0131 sistem a\u011f\u0131 Darling Harbour ve i\u00e7 bat\u0131 banliy\u00f6lerini birbirine ba\u011flar. \u00c7ok say\u0131da otob\u00fcs g\u00fczergah\u0131 \u00e7o\u011fu b\u00f6lgeyi kapsar. Liman boyunca uzanan feribotlar manzaral\u0131 banliy\u00f6 rotalar\u0131 sa\u011flar: \u00f6rne\u011fin, Circular Quay&#039;den Manly Beach&#039;e giden feribotlar her 30 dakikada bir \u00e7al\u0131\u015f\u0131r. Taksiler ve ara\u00e7 payla\u015f\u0131m\u0131 mevcuttur ancak yo\u011fun b\u00f6lgelerde maliyetlidir. Sydney&#039;de ara\u00e7 kullanmak trafik nedeniyle yava\u015f olabilir (yo\u011fun saatlerde Harbour Bridge yakla\u015f\u0131m\u0131 gibi ana yollarda b\u00fcy\u00fck gecikmeler g\u00f6r\u00fcl\u00fcr), bu nedenle toplu ta\u015f\u0131ma genellikle daha h\u0131zl\u0131d\u0131r. T\u00fcm trafik sol taraftan akar.<\/p>\n<p>Burada Avustralya para birimi (AUD) kullan\u0131l\u0131r. \u0130ngilizce g\u00fcnl\u00fck dildir, ancak sokakta bir\u00e7ok ba\u015fka dil duyulur. Sidney&#039;de her zaman oldu\u011fu gibi, rahat k\u0131yafetler normdur - \u00e7o\u011fu restoranda \u015f\u0131k-rahatt\u0131r, ancak smokinler de\u011fil. Bah\u015fi\u015f (-15) l\u00fcks restoranlarda gelenekseldir, ancak zorunlu de\u011fildir. Yayg\u0131n nezaket kurallar\u0131 aras\u0131nda yaya ge\u00e7itlerinde beklemek (s\u00fcr\u00fcc\u00fcler d\u0131\u015far\u0131 \u00e7\u0131kt\u0131\u011f\u0131n\u0131zda hemen hemen her zaman durur) ve d\u00fckkan sahiplerine veya s\u00fcr\u00fcc\u00fclere dost\u00e7a bir merhaba ile hitap etmek yer al\u0131r. Sidney&#039;in suyu her yerde musluktan i\u00e7ilebilir.<\/p>\n<p>Sidney, b\u00fcy\u00fck bir \u015fehir i\u00e7in nispeten g\u00fcvenlidir. Turistler, \u00f6zellikle kalabal\u0131k tren istasyonlar\u0131nda veya sahil otoparklar\u0131nda e\u015fyalar\u0131na dikkat etmelidir, \u00e7\u00fcnk\u00fc f\u0131rsat\u00e7\u0131 h\u0131rs\u0131zl\u0131klar meydana gelebilir. G\u00fcne\u015ften korunmak hayati \u00f6nem ta\u015f\u0131r: \u015fehrin enlemi g\u00fc\u00e7l\u00fc bir UV indeksi verir, bu nedenle y\u0131l boyunca g\u00fcne\u015f kremi, \u015fapka ve g\u00fcne\u015f g\u00f6zl\u00fc\u011f\u00fc \u00f6nerilir. Plajlarda su g\u00fcvenli\u011fi \u00f6nemlidir: bir\u00e7ok y\u00fcz\u00fcc\u00fc devriye gezen s\u00f6rf noktalar\u0131nda (Bondi, Manly) kal\u0131r, \u00e7\u00fcnk\u00fc devriye gezmeyen koylarda ak\u0131nt\u0131lar ve gelgitler tehlikeli olabilir. Denizanas\u0131 (yaz aylar\u0131nda mavi \u015fi\u015fe veya kutu denizanas\u0131) Sidney sular\u0131nda bulunur, bu nedenle yerel uyar\u0131lar\u0131 dikkate al\u0131n ve bayraklar aras\u0131nda y\u00fcz\u00fcn. Ormanl\u0131k parklarda (Mavi Da\u011flar gibi), i\u015faretli patikalarda kal\u0131n ve tek ba\u015f\u0131n\u0131za y\u00fcr\u00fcy\u00fc\u015f yap\u0131yorsan\u0131z birine s\u00f6yleyin. Acil servisler m\u00fckemmeldir (000, polis\/ambulans\/itfaiye i\u00e7in kullan\u0131lan numarad\u0131r).<\/p>\n<p>Sydneysiders gururlu ama m\u00fctevaz\u0131d\u0131r. Do\u011frudan g\u00f6z temas\u0131 ve bir g\u00fcl\u00fcmseme \u00e7ok i\u015fe yarar. \u015eehir \u00e7e\u015fitlili\u011fi kutlar: Avustralyal\u0131lar\u0131n tutumlar\u0131 a\u00e7\u0131k s\u00f6zl\u00fc olsa da (baz\u0131lar\u0131 onlara kaba der), toplum i\u00e7inde ba\u011f\u0131rmak ve asi davran\u0131\u015flar ho\u015f kar\u015f\u0131lanmaz. Y\u00fcr\u00fcyen merdivenlerde yol vermek kibarl\u0131kt\u0131r (sa\u011fda dur, sola y\u00fcr\u00fc). Avustralya e\u015fitlik\u00e7i bir toplumdur, bu nedenle i\u015f ortamlar\u0131nda bile ilk isimler kullan\u0131l\u0131r. D\u0131\u015far\u0131da yemek yerken, garsonlar genellikle tabaklar\u0131 sessizce toplar; te\u015fekk\u00fcr olarak dost\u00e7a bir te\u015fekk\u00fcr veya ba\u015f sallama yeterlidir.<\/p>\n<p>Son olarak, resmi tatillerin (Avustralya G\u00fcn\u00fc 26 Ocak, ANZAC G\u00fcn\u00fc 25 Nisan, vb.) a\u00e7\u0131l\u0131\u015f saatlerini etkileyebilece\u011fini unutmay\u0131n. Sidney&#039;in havas\u0131 da mevsimlere g\u00f6re de\u011fi\u015fir: k\u0131\u015flar \u0131l\u0131k ama nemlidir (ara s\u0131ra yo\u011fun ya\u011fmur), yazlar s\u0131cak ve turistlerle doludur. Zaman\u0131nda yap\u0131lan bir ziyaret genellikle botanik bah\u00e7elerinde yabani \u00e7i\u00e7eklerin a\u00e7t\u0131\u011f\u0131 ve \u015fehrin \u0131l\u0131k havas\u0131n\u0131n oldu\u011fu ilkbahar (Eyl\u00fcl-Kas\u0131m) anlam\u0131na gelir.<\/p>","protected":false},"excerpt":{"rendered":"<p>Avustralya \u015fehirleri aras\u0131nda, Yeni G\u00fcney Galler&#039;in ba\u015fkenti olan Sidney, en y\u00fcksek n\u00fcfusa sahiptir. Avustralya&#039;n\u0131n do\u011fu k\u0131y\u0131s\u0131nda yer alan bu enerjik \u015fehir, do\u011fuda Pasifik Okyanusu&#039;ndan bat\u0131da muhte\u015fem Mavi Da\u011flar&#039;a kadar yakla\u015f\u0131k 80 kilometre uzan\u0131r. Kuzeyde ve kuzeybat\u0131da Hawkesbury Nehri ve Ku-ring-gai Chase Milli Park\u0131&#039;ndan, g\u00fcneyde ve g\u00fcneybat\u0131da Royal Milli Park\u0131 ve Macarthur&#039;a kadar \u015fehir yakla\u015f\u0131k 80 kilometre uzunlu\u011fundad\u0131r. 658 banliy\u00f6den olu\u015fan B\u00fcy\u00fck Sidney, 33 yerel y\u00f6netim alan\u0131na ayr\u0131lm\u0131\u015ft\u0131r. N\u00fcfusu \u00e7e\u015fitlidir ve bazen &#034;Sydneysiders&#034; olarak bilinir. Sidney&#039;in Haziran 2023 sonunda 5.450.496 olarak tahmin edilen n\u00fcfusu, eyaletin toplam n\u00fcfusunun yakla\u015f\u0131k &#039;s\u0131n\u0131 temsil eder. \u00dcnl\u00fc sahil \u015feridi ve yemye\u015fil \u00e7evresi nedeniyle \u015fehir sevgiyle &#034;Z\u00fcmr\u00fct \u015eehir&#034; ve &#034;Liman \u015eehri&#034; olarak adland\u0131r\u0131l\u0131r.<\/p>","protected":false},"author":1,"featured_media":4363,"parent":9806,"menu_order":0,"comment_status":"closed","ping_status":"closed","template":"elementor_theme","meta":{"_eb_attr":"","footnotes":""},"class_list":["post-9837","page","type-page","status-publish","has-post-thumbnail"],"_links":{"self":[{"href":"https:\/\/travelshelper.com\/tr\/wp-json\/wp\/v2\/pages\/9837","targetHints":{"allow":["GET"]}}],"collection":[{"href":"https:\/\/travelshelper.com\/tr\/wp-json\/wp\/v2\/pages"}],"about":[{"href":"https:\/\/travelshelper.com\/tr\/wp-json\/wp\/v2\/types\/page"}],"author":[{"embeddable":true,"href":"https:\/\/travelshelper.com\/tr\/wp-json\/wp\/v2\/users\/1"}],"replies":[{"embeddable":true,"href":"https:\/\/travelshelper.com\/tr\/wp-json\/wp\/v2\/comments?post=9837"}],"version-history":[{"count":0,"href":"https:\/\/travelshelper.com\/tr\/wp-json\/wp\/v2\/pages\/9837\/revisions"}],"up":[{"embeddable":true,"href":"https:\/\/travelshelper.com\/tr\/wp-json\/wp\/v2\/pages\/9806"}],"wp:featuredmedia":[{"embeddable":true,"href":"https:\/\/travelshelper.com\/tr\/wp-json\/wp\/v2\/media\/4363"}],"wp:attachment":[{"href":"https:\/\/travelshelper.com\/tr\/wp-json\/wp\/v2\/media?parent=9837"}],"curies":[{"name":"wp","href":"https:\/\/api.w.org\/{rel}","templated":true}]}}