{"id":9831,"date":"2024-09-09T09:48:01","date_gmt":"2024-09-09T09:48:01","guid":{"rendered":"https:\/\/travelshelper.com\/staging\/?page_id=9831"},"modified":"2026-03-13T21:41:29","modified_gmt":"2026-03-13T21:41:29","slug":"perth","status":"publish","type":"page","link":"https:\/\/travelshelper.com\/tr\/destinations\/australia-and-oceania\/australia\/perth\/","title":{"rendered":"Perth"},"content":{"rendered":"<p>Bat\u0131 Avustralya&#039;n\u0131n ba\u015fkenti Perth, Avustralya&#039;n\u0131n bat\u0131 k\u0131y\u0131s\u0131ndaki Swan Nehri&#039;nin a\u011fz\u0131n\u0131n yak\u0131n\u0131nda yer al\u0131r. G\u00fcne\u015fin a\u011fartt\u0131\u011f\u0131 bulvarlar\u0131n ve ho\u015f kokulu okalipt\u00fcs bah\u00e7elerinin \u015fehri, s\u0131cak yazlar ve \u0131l\u0131man k\u0131\u015flar\u0131n oldu\u011fu tropikal e\u011filimli bir iklime sahip Hint Okyanusu boyunca uzan\u0131r. B\u00fcy\u00fck Perth, 2023 itibar\u0131yla 2,3 milyondan fazla insana ev sahipli\u011fi yaparak Avustralya&#039;n\u0131n d\u00f6rd\u00fcnc\u00fc b\u00fcy\u00fck metropol\u00fc olmu\u015ftur. Genellikle d\u00fcnyan\u0131n en izole b\u00fcy\u00fck \u015fehri olarak adland\u0131r\u0131l\u0131r - herhangi bir b\u00fcy\u00fck \u015fehre 2.000 km&#039;den fazla uzakl\u0131ktad\u0131r - bu da Perth&#039;e benzersiz, biraz daha yava\u015f bir tempo kazand\u0131r\u0131r. Merkezi i\u015f b\u00f6lgesinin g\u00f6kdelenleri, do\u011fuda antik Darling Scarp taraf\u0131ndan desteklenen ye\u015fil Swan K\u0131y\u0131 Ovas\u0131&#039;ndan aniden y\u00fckselir. Geni\u015f plajlar (\u00fcnl\u00fc Cottesloe Plaj\u0131 gibi) ve sakin Swan Nehri manzaray\u0131 tan\u0131mlar; Kings Park (geni\u015f bir \u015fehir i\u00e7i botanik bah\u00e7esi) \u015fehir merkezine tam kar\u015f\u0131 geni\u015f \u00e7al\u0131l\u0131k alanlar\u0131 sunar. Perth temiz ve havadar bir \u015fehirdir; neredeyse s\u00fcrekli g\u00fcne\u015f \u0131\u015f\u0131\u011f\u0131 alt\u0131nda bile \u0131\u015f\u0131k kalitesi muhte\u015femdir.<\/p>\n<p>Bug\u00fcn Perth&#039;in metropol n\u00fcfusu 2,3 \u200b\u200bmilyonu a\u015fm\u0131\u015f olup, bu da g\u00f6\u00e7ten ve patlayan ekonomiden gelen g\u00fc\u00e7l\u00fc b\u00fcy\u00fcmeyi yans\u0131tmaktad\u0131r. \u015eehir olduk\u00e7a \u00e7ok k\u00fclt\u00fcrl\u00fcd\u00fcr: sakinlerinin yakla\u015f\u0131k &#039;i yurtd\u0131\u015f\u0131nda do\u011fmu\u015ftur ve \u00f6nemli topluluklar \u0130ngiltere, Hindistan, \u00c7in, Yeni Zelanda ve \u00f6tesindendir. Perth&#039;in ekonomisi madencilik ve kaynaklar (Bat\u0131 Avustralya, \u00fclkenin minerallerinin ve LNG ihracat\u0131n\u0131n b\u00fcy\u00fck bir b\u00f6l\u00fcm\u00fcn\u00fc sa\u011flar) ve profesyonel hizmetler taraf\u0131ndan y\u00f6netilmektedir. Madencilik firmalar\u0131n\u0131n, nakliyenin, finans\u0131n, teknolojinin ve e\u011fitimin genel merkezleri ufukta yer almaktad\u0131r. Perth, d\u00fczenli olarak d\u00fcnyan\u0131n en &#034;ya\u015fanabilir&#034; \u015fehirleri aras\u0131nda yer al\u0131r ve k\u0131smen ki\u015fi ba\u015f\u0131na d\u00fc\u015fen y\u00fcksek GSY\u0130H&#039;si sayesinde bir Alfa k\u00fcresel \u015fehri olarak s\u0131n\u0131fland\u0131r\u0131l\u0131r. Turizm de \u00f6nemlidir: ziyaret\u00e7iler, yak\u0131ndaki Margaret Nehri&#039;nin nehir k\u0131y\u0131s\u0131n\u0131n, plajlar\u0131n\u0131n ve \u015farap imalathanelerinin yan\u0131 s\u0131ra \u015fehrin turistik yerlerinin tad\u0131n\u0131 \u00e7\u0131karmak i\u00e7in ak\u0131n eder.<\/p>\n<p>\u015eehrin kendisi nispeten yay\u0131lm\u0131\u015f durumdad\u0131r (toplamda yakla\u015f\u0131k 6.418 km\u00b2) ve iyi geli\u015fmi\u015f bir toplu ta\u015f\u0131ma sistemi vard\u0131r. Resmi tarihi, Kaptan James Stirling&#039;in burada Swan Nehri Kolonisini kurdu\u011fu 1829 y\u0131l\u0131na dayan\u0131r, ancak Perth&#039;in ger\u00e7ek k\u00f6kenleri bu topraklarda on binlerce y\u0131l s\u00fcren Noongar Aborijin i\u015fgaline kadar uzan\u0131r. Bug\u00fcn \u015fehir, 350&#039;den fazla banliy\u00f6 ile 30 yerel y\u00f6netim alan\u0131na b\u00f6l\u00fcnm\u00fc\u015ft\u00fcr. Perth&#039;in ekonomisi kaynaklar ve hizmetler aras\u0131nda kabaca dengelenmi\u015ftir; eyalet GSY\u0130H&#039;si 2019&#039;da yakla\u015f\u0131k 260 milyar Avustralya dolar\u0131yd\u0131 (Avustralya GSY\u0130H&#039;sinin ,5&#039;i). Ba\u015fl\u0131ca end\u00fcstriler aras\u0131nda demir cevheri, alt\u0131n, al\u00fcmina ve enerjinin yan\u0131 s\u0131ra imalat, finans ve turizm yer almaktad\u0131r.<\/p>\n<p>Perth, Hint Okyanusu&#039;na bakan Avustralya&#039;n\u0131n bat\u0131 ucunda yer al\u0131r. Do\u011fusunda Darling S\u0131rada\u011flar\u0131&#039;n\u0131n (Jarrah ve Marri ormanlar\u0131) engebeli tepeleri bulunur. WA&#039;n\u0131n daha geni\u015f G\u00fcneybat\u0131 b\u00f6lgesi, \u00e7al\u0131l\u0131klar\u0131 ve \u015farap imalathaneleriyle bilinir; kuzeyinde ise geni\u015f, kuru bir savan bulunur. K\u0131y\u0131 konumu Perth&#039;\u00fcn iklimini \u0131l\u0131ml\u0131 hale getirir: yazlar s\u0131cak olabilir (g\u00fcnd\u00fczler 35\u201340 \u00b0C&#039;ye kadar \u00e7\u0131kabilir), ancak deniz meltemleri \u00f6\u011fleden sonralar\u0131n\u0131 genellikle serinletir. K\u0131\u015f\u0131n en d\u00fc\u015f\u00fck s\u0131cakl\u0131klar ortalama 8\u201310 \u00b0C&#039;ye d\u00fc\u015fer. Ya\u011fmur genellikle k\u0131\u015f ve ilkbaharda d\u00fc\u015fer (y\u0131ll\u0131k ya\u011f\u0131\u015f yakla\u015f\u0131k 731 mm). Genellikle Perth&#039;in Kings Park&#039;\u0131ndan g\u00f6r\u00fclen Swan Nehri, Fremantle&#039;de bir limana do\u011fru geni\u015flemeden \u00f6nce \u015fehrin i\u00e7inden ge\u00e7er. Nehrin hemen a\u015fa\u011f\u0131s\u0131ndaki Fremantle, 19. y\u00fczy\u0131ldan kalma binalar\u0131 ve canl\u0131 bir pazar\u0131yla tarihi bir liman hissini korur. Daha i\u00e7 kesimlerde iklim h\u0131zla bu\u011fday tarlalar\u0131na, \u00fcz\u00fcm ba\u011flar\u0131na ve \u00e7al\u0131l\u0131klara yol verir.<\/p>\n<p>Perth&#039;in di\u011fer b\u00fcy\u00fck \u015fehirlerden ayr\u0131lmas\u0131 ona s\u0131n\u0131r alan\u0131 hissi verir. Sidney&#039;e 3.845 km, Brisbane&#039;e 4.238 km ve karadan Avrupa veya Asya&#039;ya daha da uzakt\u0131r. Yine de uzun yaz g\u00fcnleri veren Fas&#039;\u0131n Kazablanka&#039;s\u0131yla hemen hemen ayn\u0131 enlemde yer al\u0131r. Uzakl\u0131\u011f\u0131na ra\u011fmen Perth d\u0131\u015fa d\u00f6n\u00fck hissettirir; liman b\u00fcy\u00fck uluslararas\u0131 ticareti y\u00f6netir ve \u015fehir Asya, Orta Do\u011fu ve hatta Afrika&#039;daki var\u0131\u015f noktalar\u0131na direkt u\u00e7u\u015flar d\u00fczenler.<\/p>\n<p>Perth&#039;in tarihi, Yerli miras\u0131n\u0131 ve s\u00f6m\u00fcrgeci giri\u015fimini harmanlamaktad\u0131r. B\u00f6lge, Boorloo ad\u0131n\u0131 veren Whadjuk Noongar halk\u0131n\u0131n atalar\u0131n\u0131n topraklar\u0131nda yer almaktad\u0131r. Kaptan Stirling \u00f6nderli\u011findeki Avrupal\u0131 \u200b\u200byerle\u015fimciler 1829&#039;da gelerek Swan River Kolonisi&#039;ni kurmu\u015ftur. \u0130lk y\u0131llar zay\u0131ft\u0131, yerle\u015fimciler \u015fehri in\u015fa etmek i\u00e7in tar\u0131ma ve mahk\u00fbm eme\u011fine (1850&#039;den itibaren) g\u00fcveniyorlard\u0131. Perth, 1856&#039;da resmen bir \u015fehir ilan edildi ve 19. y\u00fczy\u0131l\u0131n sonlar\u0131nda Bat\u0131 Avustralya&#039;da alt\u0131n ke\u015fifleriyle serveti \u00f6nemli \u00f6l\u00e7\u00fcde artt\u0131 - bu alt\u0131n h\u00fccumu n\u00fcfus ve servette h\u0131zl\u0131 bir b\u00fcy\u00fcmeyi k\u00f6r\u00fckledi.<\/p>\n<p>20. y\u00fczy\u0131lda Perth istikrarl\u0131 bir \u015fekilde modernle\u015fti. Baraj ve sulama gibi b\u00fcy\u00fck m\u00fchendislik projeleri tar\u0131m arazilerini a\u00e7arken, y\u00fczy\u0131l\u0131n ortalar\u0131nda \u0130ngiltere ve Avrupa&#039;dan gelen g\u00f6\u00e7menler \u015fehre yeni k\u00fclt\u00fcrler a\u015f\u0131lad\u0131. Sava\u015f sonras\u0131 Perth, 1960&#039;lara ve 70&#039;lere kadar, mineral patlamalar\u0131 (\u00f6rne\u011fin Pilbara&#039;daki demir cevheri) ekonomiyi d\u00f6n\u00fc\u015ft\u00fcrene kadar bir \u015fekilde izole kald\u0131. Son on y\u0131llarda Perth, k\u00fcresel olarak ba\u011flant\u0131l\u0131 bir \u015fehre d\u00f6n\u00fc\u015ft\u00fc. 2000 Olimpiyatlar\u0131 yelkencili\u011fi ve 2023 FIFA Kad\u0131nlar D\u00fcnya Kupas\u0131 Finali gibi uluslararas\u0131 etkinliklere ev sahipli\u011fi yapt\u0131. Yine de bir\u00e7ok tarihi mahalle varl\u0131\u011f\u0131n\u0131 s\u00fcrd\u00fcr\u00fcyor - Albany Otoyolu ve Guildford Yolu erken yerle\u015fimci modellerini yans\u0131t\u0131rken, Fremantle&#039;\u0131n liman b\u00f6lgesi mahk\u00fbm d\u00f6nemi duvar i\u015f\u00e7ili\u011fini koruyor. Bug\u00fcn, plaketler ve k\u00fc\u00e7\u00fck m\u00fczeler Noongar miras\u0131n\u0131, erken ke\u015fifleri (Cook&#039;un Botany K\u00f6rfezi&#039;ne \u00e7\u0131k\u0131\u015f\u0131 ve Phillip&#039;in buraya ula\u015fan yolculu\u011fu) ve \u015fehrin Swan boyunca kademeli geni\u015flemesini an\u0131yor.<\/p>\n<p>Perth sakinleri a\u00e7\u0131k hava, k\u00fclt\u00fcr ve rahatl\u0131k ile tan\u0131mlanan bir ya\u015fam tarz\u0131n\u0131n tad\u0131n\u0131 \u00e7\u0131kar\u0131rlar. Ya\u015fam temposu genellikle Do\u011fu ba\u015fkentlerinden daha rahat olarak tan\u0131mlan\u0131r; yo\u011fun saatlerdeki kalabal\u0131\u011f\u0131n \u015fehri fel\u00e7 etti\u011fi nadiren duyulur. Yerliler arkada\u015f canl\u0131s\u0131 ve resmiyetsizdir. Bir kafeye girdi\u011finizde, barista &#034;Merhaba&#034; veya &#034;Merhaba&#034; diyerek selamlamak ve hafta sonu s\u00f6rf\u00fc hakk\u0131nda soru sormak normaldir. Kahve k\u00fclt\u00fcr\u00fc g\u00fc\u00e7l\u00fcd\u00fcr - Perther&#039;lar d\u00fcz beyaz kahvelerini ve avokadolu tostlar\u0131n\u0131 ciddiye al\u0131rlar. Sporlar ayr\u0131ca \u015fehri birle\u015ftirir ve Avustralya Kurall\u0131 Futbolu&#039;na (West Coast Eagles ve Fremantle Dockers gibi AFL tak\u0131mlar\u0131 g\u00fcnl\u00fck sohbetin bir par\u00e7as\u0131d\u0131r) hararetli bir destek sa\u011flar.<\/p>\n<p>\u0130ngilizce g\u00fcnl\u00fck dildir, ancak Perth \u00e7ok dillidir. Bir\u00e7ok aile evde Kantonca, Malayalamca, \u0130talyanca veya Yerli dilleri konu\u015fur. Aborijin k\u00fclt\u00fcr\u00fc gururla kutlan\u0131r; \u00f6rne\u011fin, y\u0131ll\u0131k Perth Festivali (yaz sonu) genellikle Noongar hikayelerini ve sanat\u0131n\u0131 \u00f6ne \u00e7\u0131karan etkinliklere ev sahipli\u011fi yapar. Eyl\u00fcl ay\u0131ndaki Everlasting Kings Park Festivali, WA&#039;n\u0131n e\u015fsiz yabani \u00e7i\u00e7eklerini sergileyen sergiler ve turlarla kalabal\u0131klar\u0131 kendine \u00e7eker. Ba\u015fka yerlerde, Midsumma Festivali ve Onur Y\u00fcr\u00fcy\u00fc\u015f\u00fc Perth&#039;\u00fcn LGBT toplulu\u011funu yans\u0131t\u0131rken, Cottesloe Plaj\u0131&#039;ndaki Deniz Heykeli sergisi (her Ocak) sahili a\u00e7\u0131k hava galerisine d\u00f6n\u00fc\u015ft\u00fcr\u00fcr. Y\u0131l boyunca Elizabeth Quay ve Yagan Meydan\u0131 \u00e7evresinde \u00e7ift\u00e7i pazarlar\u0131ndan Yeni Y\u0131l havai fi\u015feklerine kadar toplumsal, kutlama ruhunu vurgulayan topluluk etkinlikleri vard\u0131r.<\/p>\n<p>Sanat ve gece hayat\u0131, sokak sanat\u0131 \u015feritlerinin m\u00fczik mekanlar\u0131na ve el yap\u0131m\u0131 bira fabrikalar\u0131na \u00e7\u0131kt\u0131\u011f\u0131 Northbridge ve Mount Lawley yak\u0131nlar\u0131nda k\u00fcmelenir. Buna kar\u015f\u0131l\u0131k, banliy\u00f6ler sessizdir: ak\u015famlar arka bah\u00e7ede bir barbek\u00fc veya kumda g\u00fcn bat\u0131m\u0131 y\u00fczmesiyle son bulabilir. Eski ve yeni gelenekler bir arada bulunur: TV&#039;de bir Fremantle FC A\u2011League futbol ma\u00e7\u0131 izlenebilir, ard\u0131ndan yerel bir festivalde didgeridoo m\u00fczi\u011fi dinlemek i\u00e7in d\u0131\u015far\u0131 \u00e7\u0131k\u0131labilir. Perth&#039;in \u015fehir merkezinde, cam g\u00f6kdelenler miras kumta\u015f\u0131n\u0131n (\u00f6rne\u011fin Perth Mint, Town Hall) \u00fczerinde par\u0131ldarken, Kings Park gibi Parrklands antik manzaran\u0131n tefekk\u00fcr\u00fcne davet eder. Genel olarak, Perth&#039;in k\u00fclt\u00fcr\u00fc eklektik ve tela\u015fs\u0131z hissettirir - kozmopolit ama belirgin bir Bat\u0131 Avustralya misafirperverli\u011fi ile.<\/p>\n<p>Perth&#039;e gelen ziyaret\u00e7iler mutlaka g\u00f6r\u00fclmesi gereken bir\u00e7ok yer bulur. Kings Park ve Botanik Bah\u00e7esi, d\u00fcnyan\u0131n en b\u00fcy\u00fck \u015fehir merkezi parklar\u0131ndan biri olan, her zaman favori bir yerdir. A\u011fa\u00e7 tepesi y\u00fcr\u00fcy\u00fc\u015f yolu ve yabani \u00e7i\u00e7ek sergileri, \u015fehrin sil\u00fcetinin ve nehrin panoramik manzaralar\u0131n\u0131 sunar. Hemen a\u015fa\u011f\u0131da, Perth k\u0131y\u0131s\u0131 (G\u00fcney Perth k\u0131y\u0131s\u0131 veya Matilda Koyu), ziyaret\u00e7ilerin Swan Nehri&#039;nde ayaklar\u0131n\u0131 suya sokmalar\u0131na veya yerel sak\u0131z a\u011fa\u00e7lar\u0131n\u0131n alt\u0131nda piknik yapmalar\u0131na olanak tan\u0131r. Turuncu kire\u00e7 ta\u015f\u0131 resifi ve iskelesiyle Cottesloe Plaj\u0131, \u015fehre k\u0131sa bir s\u00fcr\u00fc\u015f mesafesindedir ve y\u00fczme ve g\u00fcn bat\u0131mlar\u0131yla \u00fcnl\u00fcd\u00fcr.<\/p>\n<p>\u015eehrin simge yap\u0131lar\u0131 aras\u0131nda \u00c7an Kulesi (Perth&#039;in tarihi \u00e7anlar\u0131 i\u00e7in heykelsi bir \u00e7an kulesi) ve WA Sanat Galerisi ve WA M\u00fczesi (Boola Bardip) gibi miras yap\u0131lar\u0131 yer al\u0131r. Gurmeler, Fremantle&#039;in Fishermen&#039;s Co-op bal\u0131k pazarlar\u0131n\u0131 ve d\u00fcnyaca \u00fcnl\u00fc Fremantle Hapishanesi turunu (UNESCO D\u00fcnya Miras\u0131 alan\u0131) severler. Yak\u0131nlardaki \u015farap imalathaneleri ve el yap\u0131m\u0131 bira fabrikalar\u0131 da ilgi \u00e7ekicidir. Perth K\u00fclt\u00fcr Merkezi tiyatrolara, galerilere ve y\u0131ll\u0131k Fringe World festivaline ev sahipli\u011fi yapar. Perth&#039;in sahil manzaras\u0131, quokkalar ve \u015fnorkelli y\u00fczme ile \u00fcnl\u00fc a\u00e7\u0131k deniz ka\u00e7ama\u011f\u0131 olan Rottnest Adas\u0131 (feribotla ula\u015f\u0131labilir) ile devam eder.<\/p>\n<p>Macera arayanlar Scarborough Plaj\u0131&#039;nda s\u00f6rf yapabilir, Swan Nehri&#039;nde kano yapabilir veya kentsel \u015febekelerin manzaras\u0131n\u0131 g\u00f6rmek i\u00e7in yakla\u015f\u0131k 100 m y\u00fcksekli\u011findeki King&#039;s Park DNA Kulesi&#039;ne t\u0131rmanabilir. K\u0131\u015f\u0131n, g\u00fcney balinalar\u0131n\u0131n WA sular\u0131na nadiren gelmesi benzersiz bir manzarad\u0131r. Dokunakl\u0131 bir Yerli deneyimi i\u00e7in, Kings Park&#039;taki Nyungar Njookenbooroo Dreaming Trail&#039;i veya WA&#039;n\u0131n Aboriginal sanat koleksiyonunun Sanat Galerisi&#039;ni ziyaret etmek ayd\u0131nlat\u0131c\u0131d\u0131r.<\/p>\n<p>K\u0131sacas\u0131, Perth kentsel ve do\u011fal cazibe merkezlerinin bir kar\u0131\u015f\u0131m\u0131n\u0131 sunar. \u0130ster Perth&#039;in \u00f6\u011fle g\u00f6kku\u015fa\u011f\u0131n\u0131n (bal\u0131k\u00e7\u0131l) alt\u0131nda gezinin, ister g\u00fcn do\u011fumunda nehir kenar\u0131nda ko\u015fun, \u015fehir g\u00fcne\u015fli iklimini ve liman\u0131n\u0131 kullanarak d\u00fcnya standartlar\u0131nda bir a\u00e7\u0131k hava ya\u015fam tarz\u0131 yarat\u0131r. En \u00f6nemli cazibe merkezleri yaln\u0131zca ilgi \u00e7ekici noktalar de\u011fil, ayn\u0131 zamanda yerel karakterin canland\u0131\u011f\u0131 parklar, plajlar, m\u00fczeler ve festivaller gibi topluluk alanlar\u0131d\u0131r.<\/p>\n<p>Perth&#039;in ana havaliman\u0131, k\u00fcresel ve yerel olarak iyi ba\u011flant\u0131lara sahip Perth Havaliman\u0131&#039;d\u0131r (Kingsford Smith Uluslararas\u0131). Asya, Avrupa ve Do\u011fu Eyaletlerinden her g\u00fcn u\u00e7u\u015flar d\u00fczenlenmektedir. Havaliman\u0131ndan \u015fehir merkezine, trenler (Havaliman\u0131 Hatt\u0131) s\u0131k s\u0131k \u015fehir merkezine gitmektedir (Perth CBD&#039;ye yakla\u015f\u0131k 40 dakika). Ayr\u0131ca, \u00f6nemli otoyollar Perth&#039;i di\u011fer WA b\u00f6lgelerine ba\u011flamaktad\u0131r (\u00f6rne\u011fin, Mitchell Freeway kuzeye, sahil banliy\u00f6lerine veya Great Eastern Highway \u00e7\u00f6le do\u011fru).<\/p>\n<p>\u015eehir i\u00e7inde, modern bir tren ve otob\u00fcs a\u011f\u0131 \u00e7o\u011fu alan\u0131 kaps\u0131yor. K\u00fc\u00e7\u00fck \u015fehir merkezi \u015febekesi, \u00f6zellikle Elizabeth Quay, CBD ve Northbridge \u00e7evresinde, y\u00fcr\u00fcyerek gezilebilir. Feribotlar nehri ge\u00e7iyor (G\u00fcney Perth ve Fremantle&#039;a) ve \u00fccretsiz bir CAT otob\u00fcs servisi merkezi alanlar\u0131 \u00e7evreliyor. Sol tarafta s\u00fcr\u00fc\u015f kolayd\u0131r, ancak banliy\u00f6 yay\u0131l\u0131m\u0131 uzun mesafelere yol a\u00e7abilir. Trafik, yo\u011fun saatlerdeki yo\u011fun koridorlar hari\u00e7, genellikle Avustralya&#039;n\u0131n do\u011fu \u015fehirlerinden daha hafiftir. S\u00fcr\u00fcc\u00fcler, Perth&#039;in bir\u00e7ok d\u00f6ner kav\u015fa\u011f\u0131na ve \u015fehrin d\u0131\u015f\u0131nda \u015fafak vakti veya alacakaranl\u0131kta ara s\u0131ra g\u00f6r\u00fclen kanguruya dikkat etmelidir.<\/p>\n<p>Perthers, Avustralya&#039;n\u0131n her yerinde oldu\u011fu gibi Avustralya Dolar\u0131 (AUD) ta\u015f\u0131yor. \u0130ngilizce yeterli, ancak Noongar&#039;da \u015fu gibi birka\u00e7 kelime var: <em>kitap kavanozu<\/em> (arazi) veya <em>kadavra<\/em> (beyaz kakadu) yerel miras\u0131 g\u00f6sterir. Nezaket kurallar\u0131 nazik ve resmiyetsizdir: ki\u015fi genellikle s\u00fcr\u00fcc\u00fclere el sallar, d\u00fckkan sahiplerine &#034;merhaba&#034; der ve trafi\u011fin durmas\u0131 i\u00e7in yaya ge\u00e7itlerinde bekler. Bah\u015fi\u015f beklenmez, ancak restoranlarda veya otellerde iyi hizmet i\u00e7in k\u00fc\u00e7\u00fck bozukluklar takdir edilir. G\u00fcne\u015f y\u0131l boyunca yo\u011fundur; geni\u015f \u015fapkalar ve SPF 50 g\u00fcne\u015f kremi \u00f6nerilir, bulutlu g\u00fcnlerde bile. G\u00fcvenlik a\u00e7\u0131s\u0131ndan, Perth \u00e7ok g\u00fcvenlidir - b\u00fcy\u00fckl\u00fc\u011f\u00fcndeki bir \u015fehir i\u00e7in su\u00e7 oran\u0131 d\u00fc\u015f\u00fckt\u00fcr - ancak kalabal\u0131klarda veya sessiz alanlarda gece ge\u00e7 saatlerde y\u00fcr\u00fcrken e\u015fyalar konusunda yine de sa\u011fduyulu olunmal\u0131d\u0131r. Avustralya&#039;n\u0131n \u00e7o\u011funda oldu\u011fu gibi, vah\u015fi ya\u015fam \u015fehrin uygun yerinde daha az tehlikelidir (ancak \u00e7al\u0131l\u0131klar\u0131n \u00e7evresinde y\u0131lanlara ve \u00f6r\u00fcmceklere dikkat edin).<\/p>\n<p>Perth, eyalet \u00e7ap\u0131nda kutlanan birka\u00e7 resmi tatile ev sahipli\u011fi yapar (\u00f6rne\u011fin Haziran ay\u0131nda Bat\u0131 Avustralya G\u00fcn\u00fc). Bu g\u00fcnlerde bir\u00e7ok i\u015fletme kapan\u0131r veya daha ge\u00e7 a\u00e7\u0131l\u0131r, \u00f6zellikle de k\u00fc\u00e7\u00fck d\u00fckkanlar. Avustralyal\u0131lar m\u00fctevaz\u0131l\u0131klar\u0131yla bilinir: giyim normlar\u0131 yaz\u0131n plaj-rahatt\u0131r (g\u00fcnd\u00fczleri mayo) ancak ba\u015fka yerlerde \u015f\u0131k-rahatt\u0131r (l\u00fcks mekanlara gitmedi\u011finiz s\u00fcrece ceket ve kravat giymenize gerek yoktur). Perth&#039;\u00fcn kuru s\u0131ca\u011f\u0131nda g\u00fcne\u015f kremi ve s\u0131v\u0131 al\u0131m\u0131 kritik \u00f6neme sahiptir; yaz\u0131n \u00f6\u011fle saatlerinde g\u00f6lge aray\u0131n. Son olarak, eski bir \u0130ngiliz kolonisi olmas\u0131 nedeniyle Aborijin k\u00fclt\u00fcr\u00fc resmen kabul edilir: etkinliklerde Welcome to Country konu\u015fmalar\u0131 duyulabilir ve ziyaret\u00e7iler kutsal alanlara sayg\u0131 g\u00f6stermelidir (orada foto\u011fraf \u00e7ekmek genellikle yasakt\u0131r).<\/p>\n<p>Perth, genel olarak eri\u015filebilir bir \u015fehirdir. Var\u0131\u015fta, iklime al\u0131\u015fmak nehir kenar\u0131nda y\u00fcr\u00fcy\u00fc\u015fe \u00e7\u0131kmak veya k\u0131y\u0131da y\u00fczmek kadar basittir. Ortam dost canl\u0131s\u0131d\u0131r ve yerel halk genellikle gizli koylar veya favori kafeler hakk\u0131nda ipu\u00e7lar\u0131 payla\u015fmaya isteklidir. Modern rahatl\u0131k ve do\u011fal g\u00fczelli\u011fin harmanland\u0131\u011f\u0131 Perth, gezginlere hem canl\u0131 bir \u015fehrin ritmini hem de kap\u0131s\u0131n\u0131n \u00f6n\u00fcndeki okyanus ve ormanl\u0131k alan\u0131n huzurunu sunar.<\/p>","protected":false},"excerpt":{"rendered":"<p>Nyungar dilinde Boorloo olarak an\u0131lan Perth, Bat\u0131 Avustralya&#039;n\u0131n ba\u015fkenti ve \u00fclkenin d\u00f6rd\u00fcnc\u00fc en kalabal\u0131k \u015fehridir. 2023&#039;te 2,3 milyondan fazla n\u00fcfusa sahip olan Greater Perth, tarihi, k\u00fclt\u00fcrel ve ekonomik \u00f6neme sahip dinamik bir metropold\u00fcr. Bat\u0131 Avustralya&#039;n\u0131n G\u00fcney Bat\u0131 Kara B\u00f6l\u00fcm\u00fc&#039;nde s\u0131k\u0131\u015fm\u0131\u015f olan Perth&#039;in metropol b\u00f6lgesi, do\u011fudan Darling Scarp ve bat\u0131dan Hint Okyanusu ile \u00e7evrili Swan K\u0131y\u0131 Ovas\u0131 boyunca uzan\u0131r. Swan Nehri \u00fczerindeki bir \u0130ngiliz kolonisi olarak ba\u015flang\u0131c\u0131ndan canl\u0131 bir metropol merkezi olarak bug\u00fcnk\u00fc durumuna kadar, Perth&#039;in b\u00fcy\u00fcmesi ve geli\u015fimi bu al\u0131\u015f\u0131lmad\u0131k topografya taraf\u0131ndan \u015fekillendirilmi\u015ftir.<\/p>","protected":false},"author":1,"featured_media":4621,"parent":9806,"menu_order":0,"comment_status":"closed","ping_status":"closed","template":"elementor_theme","meta":{"_eb_attr":"","footnotes":""},"class_list":["post-9831","page","type-page","status-publish","has-post-thumbnail"],"_links":{"self":[{"href":"https:\/\/travelshelper.com\/tr\/wp-json\/wp\/v2\/pages\/9831","targetHints":{"allow":["GET"]}}],"collection":[{"href":"https:\/\/travelshelper.com\/tr\/wp-json\/wp\/v2\/pages"}],"about":[{"href":"https:\/\/travelshelper.com\/tr\/wp-json\/wp\/v2\/types\/page"}],"author":[{"embeddable":true,"href":"https:\/\/travelshelper.com\/tr\/wp-json\/wp\/v2\/users\/1"}],"replies":[{"embeddable":true,"href":"https:\/\/travelshelper.com\/tr\/wp-json\/wp\/v2\/comments?post=9831"}],"version-history":[{"count":0,"href":"https:\/\/travelshelper.com\/tr\/wp-json\/wp\/v2\/pages\/9831\/revisions"}],"up":[{"embeddable":true,"href":"https:\/\/travelshelper.com\/tr\/wp-json\/wp\/v2\/pages\/9806"}],"wp:featuredmedia":[{"embeddable":true,"href":"https:\/\/travelshelper.com\/tr\/wp-json\/wp\/v2\/media\/4621"}],"wp:attachment":[{"href":"https:\/\/travelshelper.com\/tr\/wp-json\/wp\/v2\/media?parent=9831"}],"curies":[{"name":"wp","href":"https:\/\/api.w.org\/{rel}","templated":true}]}}