{"id":9812,"date":"2024-09-09T00:05:18","date_gmt":"2024-09-09T00:05:18","guid":{"rendered":"https:\/\/travelshelper.com\/staging\/?page_id=9812"},"modified":"2026-03-13T21:42:40","modified_gmt":"2026-03-13T21:42:40","slug":"melbourne","status":"publish","type":"page","link":"https:\/\/travelshelper.com\/tr\/destinations\/australia-and-oceania\/australia\/melbourne\/","title":{"rendered":"Melbourne"},"content":{"rendered":"<p>Melbourne, Avustralya&#039;n\u0131n ikinci b\u00fcy\u00fck \u015fehri ve Victoria&#039;n\u0131n canl\u0131 ba\u015fkentidir. Metropol alan\u0131 yakla\u015f\u0131k 9.993 kilometrekarelik bir alan\u0131 kaplar ve 2023 itibar\u0131yla yakla\u015f\u0131k 5,2 milyon ki\u015fiye ev sahipli\u011fi yapmaktad\u0131r. (N\u00fcfus 2021 say\u0131m\u0131na g\u00f6re yakla\u015f\u0131k 4,9 milyondu, bu nedenle b\u00fcy\u00fcmeye devam ediyor.) Bu, Melbourne&#039;\u00fc Avustralya&#039;n\u0131n (Sidney&#039;den sonra) ikinci en kalabal\u0131k \u015fehri yapar. Demografik olarak, Melbourne dikkat \u00e7ekici derecede \u00e7e\u015fitlidir: d\u00fcnyadaki herhangi bir \u015fehirden daha y\u00fcksek oranda yurtd\u0131\u015f\u0131 do\u011fumlu sakinlere sahiptir. \u0130talya, Yunanistan, Vietnam, Hindistan, \u00c7in ve di\u011fer bir\u00e7ok \u00fclkeden topluluklar burada uzun s\u00fcredir yerle\u015fik yerle\u015fim yerlerine sahiptir ve bu da \u015fehre zengin bir \u00e7ok k\u00fclt\u00fcrl\u00fc yap\u0131 kazand\u0131r\u0131r. \u0130ngilizce ortak dildir, ancak yo\u011fun sokaklar\u0131nda d\u00fczinelerce dil duyacaks\u0131n\u0131z.<\/p>\n<p>Ekonomik olarak Melbourne bir g\u00fc\u00e7 merkezidir. Asya-Pasifik&#039;te \u00f6nde gelen bir finans merkezidir (k\u00fcresel olarak 28. s\u0131rada yer al\u0131r) ve b\u00fcy\u00fck bankalara, pazarlara ve profesyonel hizmetlere ev sahipli\u011fi yapar. \u015eehrin GSY\u0130H&#039;si y\u00fczlerce milyar dolar civar\u0131ndad\u0131r (k\u00fc\u00e7\u00fck \u015fehirlerden \u00e7ok daha b\u00fcy\u00fckt\u00fcr) ve bir\u00e7ok sekt\u00f6r\u00fc kapsar: finans, \u00fcretim, ara\u015ft\u0131rma ve geli\u015ftirme, yarat\u0131c\u0131 end\u00fcstriler, e\u011fitim ve sa\u011fl\u0131k hizmetleri. \u00d6zellikle Melbourne bazen Avustralya&#039;n\u0131n k\u00fclt\u00fcr ba\u015fkenti olarak adland\u0131r\u0131l\u0131r: Avustralya futbolu ve kendine \u00f6zg\u00fc bir resim okulunun do\u011fu\u015funa sebep olmu\u015ftur ve bug\u00fcn b\u00fcy\u00fck bir film, tiyatro ve sanat sahnesine sahiptir. 2014&#039;te birka\u00e7 y\u0131l \u00fcst \u00fcste d\u00fcnyan\u0131n en ya\u015fanabilir \u015fehri se\u00e7ilmi\u015ftir (bu bir ekonomi \u00f6l\u00e7\u00fcs\u00fc oldu\u011fu kadar ya\u015fam kalitesiyle de ilgilidir). Sonu\u00e7: Melbourne&#039;\u00fcn ekonomisi geni\u015f ve karma\u015f\u0131kt\u0131r ve b\u00fcy\u00fckl\u00fc\u011f\u00fcn\u00fc yans\u0131t\u0131r - be\u015f milyondan fazla insana ve muazzam bir i\u015f g\u00fcc\u00fcne ev sahipli\u011fi yapmaktad\u0131r.<\/p>\n<p>Melbourne, Avustralya anakaras\u0131n\u0131n g\u00fcneydo\u011fu k\u0131y\u0131s\u0131nda, Port Phillip K\u00f6rfezi&#039;nin yan\u0131nda yer al\u0131r. \u015eehir merkezi, Yarra Nehri&#039;nin denize akt\u0131\u011f\u0131 k\u00f6rfezin kuzey ucunda yer al\u0131r. Metropol alan\u0131 yakla\u015f\u0131k 10.000 km\u00b2&#039;dir ve do\u011fuda Dandenong S\u0131rada\u011flar\u0131&#039;na ve kuzey ve bat\u0131da bazalt ovalar\u0131na kadar uzan\u0131r. Melbourne&#039;\u00fcn kentsel yay\u0131l\u0131m\u0131, \u015fehrin g\u00fcneyindeki Mornington Yar\u0131madas\u0131&#039;na kadar uzan\u0131r ve k\u0131y\u0131 \u015feridi, banliy\u00f6 parklar\u0131 ve cam gibi k\u00f6rfez kenar\u0131 banliy\u00f6lerinin bir kar\u0131\u015f\u0131m\u0131n\u0131 olu\u015fturur.<\/p>\n<p>\u0130klim \u0131l\u0131man okyanus iklimi olarak s\u0131n\u0131fland\u0131r\u0131l\u0131r (K\u00f6ppen Cfb). Bu, Melbourne&#039;\u00fcn s\u0131cak yazlar\u0131 ve serin k\u0131\u015flar\u0131 oldu\u011fu ve ya\u011fmurun y\u0131l boyunca olduk\u00e7a e\u015fit da\u011f\u0131ld\u0131\u011f\u0131 anlam\u0131na gelir. Ortalama Ocak y\u00fckseklikleri yakla\u015f\u0131k 25 \u00b0C ve Temmuz d\u00fc\u015f\u00fckleri yakla\u015f\u0131k 9\u201310 \u00b0C&#039;dir. Hava \u00fcnl\u00fc bir \u015fekilde de\u011fi\u015fkendir: bir g\u00fcnde g\u00fcne\u015f, bulutlar ve ak\u015fam sa\u011fanak ya\u011f\u0131\u015f olmas\u0131 yayg\u0131nd\u0131r. Genel olarak, \u0131l\u0131man iklim Melbourne&#039;\u00fcn her mevsim ziyaret edilebilece\u011fi anlam\u0131na gelir, ancak daha so\u011fuk aylarda bir \u015femsiye veya ceket getirin ve yaz sonlar\u0131nda s\u0131cak g\u00fcnler bekleyin.<\/p>\n<p>Daha geni\u015f ba\u011flamda, Melbourne Canberra&#039;ya yakla\u015f\u0131k 295 km ve Sidney&#039;e yakla\u015f\u0131k 700 km uzakl\u0131ktad\u0131r. Avustralya&#039;n\u0131n g\u00fcneydo\u011fusunda \u00f6nemli bir konuma sahiptir. Ziyaret\u00e7iler s\u0131kl\u0131kla, \u00e7ok g\u00fcneyde olmas\u0131na ra\u011fmen (yakla\u015f\u0131k 37\u00b050\u2032 G enlemi), Melbourne&#039;\u00fcn ikliminin okyanus ortam\u0131 nedeniyle kuzey yar\u0131mk\u00fcredeki benzer enlemlerden \u00e7ok daha \u0131l\u0131man oldu\u011funu s\u00f6ylerler.<\/p>\n<p>Melbourne, Avrupa standartlar\u0131na g\u00f6re nispeten ge\u00e7 kurulmu\u015ftur. 1835&#039;te, Tazmanya&#039;dan (o zamanlar Van Diemen&#039;s Land olarak adland\u0131r\u0131l\u0131rd\u0131) gelen yerle\u015fimciler Wurundjeri halk\u0131n\u0131n i\u015fgal etti\u011fi topraklarda bir k\u00f6y kurdular. 1837&#039;de \u0130ngiliz Ba\u015fbakan\u0131 William Lamb&#039;\u0131n an\u0131s\u0131na Melbourne ad\u0131n\u0131 ald\u0131 ve resmen Crown Settlement olarak dahil edildi. 1851&#039;de Victoria&#039;da alt\u0131n ke\u015ffi patlay\u0131c\u0131 bir n\u00fcfus patlamas\u0131na neden oldu: binlerce alt\u0131n aray\u0131c\u0131s\u0131 ak\u0131n etti ve yerle\u015fim yerini neredeyse bir gecede \u015fehre d\u00f6n\u00fc\u015ft\u00fcrd\u00fc. 1850&#039;lerin sonlar\u0131na do\u011fru Melbourne&#039;\u00fcn alt\u0131ndan gelen serveti onu d\u00fcnyan\u0131n en b\u00fcy\u00fck ve en zengin \u015fehirlerinden biri yapt\u0131.<\/p>\n<p>1851&#039;de Victoria ayr\u0131 bir koloni ve Melbourne de ba\u015fkenti oldu. \u015eehir, g\u00f6rkemli Viktorya d\u00f6nemi mimarisiyle 19. y\u00fczy\u0131l\u0131n sonlar\u0131nda h\u0131zla b\u00fcy\u00fcd\u00fc. 1901&#039;den 1927&#039;ye kadar Melbourne, Avustralya&#039;n\u0131n federal h\u00fck\u00fcmet merkezi olarak hizmet verdi (Canberra in\u015fa edilmeden \u00f6nce). \u00d6nemli tarihi d\u00f6n\u00fcm noktalar\u0131 aras\u0131nda \u00fclkenin ilk g\u00f6kdeleninin a\u00e7\u0131l\u0131\u015f\u0131 (Collins Caddesi 1889&#039;da y\u00fckseldi), 1956 Olimpiyat Oyunlar\u0131&#039;n\u0131n (G\u00fcney Yar\u0131mk\u00fcre&#039;deki ilk Olimpiyatlar) a\u00e7\u0131l\u0131\u015f ve kapan\u0131\u015f t\u00f6renlerine ev sahipli\u011fi yapmas\u0131 ve Flinders Caddesi Tren \u0130stasyonu (1910) gibi \u00f6nemli simge yap\u0131lar\u0131n in\u015fa edilmesi yer al\u0131r. 20. y\u00fczy\u0131l boyunca Melbourne, \u00e7evredeki bir\u00e7ok kasabay\u0131 da i\u00e7ine alacak \u015fekilde geni\u015fledi ve bug\u00fcn oldu\u011fu gibi geni\u015fleyen bir metropol haline geldi.<\/p>\n<p>K\u00fclt\u00fcrel olarak Melbourne genellikle ge\u00e7it t\u00f6renleri ve festivaller \u015fehri olarak tan\u0131mlan\u0131r. Melbourne Kupas\u0131 (\u00fcnl\u00fc bir at yar\u0131\u015f\u0131) 1861&#039;de ba\u015flad\u0131 ve ulusal bir etkinlik olmaya devam ediyor. Di\u011fer gelenekler aras\u0131nda her Boks G\u00fcn\u00fc&#039;nde MCG kriket Testi ve 1996&#039;da ba\u015flayan Grand Prix yar\u0131\u015f\u0131 yer al\u0131r. Bu etkinlikler, kahvehaneler, Fitzroy sanat b\u00f6lgeleri ve Avustralya kurallar\u0131 futbolu (burada 1858&#039;de do\u011fdu) tarihinin yan\u0131 s\u0131ra, Melbourne&#039;\u00fcn s\u00f6m\u00fcrge k\u00f6kenlerinin nas\u0131l belirgin, yerel bir kentsel k\u00fclt\u00fcre d\u00f6n\u00fc\u015ft\u00fc\u011f\u00fcn\u00fc vurgular.<\/p>\n<p>Melbourne&#039;\u00fcn k\u00fclt\u00fcrel atmosferi metropol ve kozmopolittir. \u0130ngilizce neredeyse herkes taraf\u0131ndan konu\u015fulur, ancak bir\u00e7ok birinci nesil g\u00f6\u00e7men evde miras dillerini kullanmaya devam eder. Sokak adlar\u0131 Melbourne&#039;\u00fcn kar\u0131\u015f\u0131m\u0131n\u0131 ortaya koyar: herhangi bir k\u00f6\u015fede bir \u0130talyan espresso bar\u0131 ve bir Vietnam pho kafesi bulabilirsiniz ve \u015fehir etnik yerle\u015fim yerleriyle doludur (Chinatown, Lonsdale Caddesi&#039;ndeki Greek Precinct, Carlton&#039;daki Italian Quarter, vb.). Restoranlar\u0131n, festivallerin ve k\u00fclt\u00fcrel kurumlar\u0131n \u00e7e\u015fitlili\u011fi bu \u00e7ok k\u00fclt\u00fcrl\u00fcl\u00fc\u011f\u00fc yans\u0131t\u0131r.<\/p>\n<p>Melburnlular (yerlilerin kendilerine verdi\u011fi ad) yarat\u0131c\u0131, &#034;laissez-faire&#034; bir havaya sahip olma e\u011filimindedir. Sokak kafeleri ve grafiti sanat eserleri g\u00fcnl\u00fck hayat\u0131n bir par\u00e7as\u0131d\u0131r. \u015eehir kafe k\u00fclt\u00fcr\u00fcyle \u00fcnl\u00fcd\u00fcr - Melbournelular genellikle hava durumuna bakmaks\u0131z\u0131n kald\u0131r\u0131m masalar\u0131nda d\u00fcz beyazlar veya so\u011fuk biralar e\u015fli\u011finde sohbet ederler. Ya\u015fam\u0131n temposu \u0131l\u0131ml\u0131d\u0131r: Sidney kadar tela\u015fl\u0131 de\u011fil, ancak k\u00fc\u00e7\u00fck bir kasabadan daha enerjiktir. \u0130nsanlar genellikle arkada\u015f canl\u0131s\u0131 ve ilerici olarak kabul edilir. Asl\u0131nda, bir Cond\u00e9 Nast s\u0131ralamas\u0131 bir zamanlar Melbourne&#039;\u00fc d\u00fcnyan\u0131n en arkada\u015f canl\u0131s\u0131 \u015fehirlerinden biri olarak adland\u0131rm\u0131\u015ft\u0131 (Auckland ile berabere).<\/p>\n<p>Takvimde festivaller ve etkinlikler hakim. Neredeyse hi\u00e7 sezon d\u0131\u015f\u0131 yok: Ocak ay\u0131nda Avustralya A\u00e7\u0131k tenisi oynan\u0131yor; sonbaharda Melbourne Fringe Festivali, Yemek ve \u015earap Festivali (Mart civar\u0131) ve Melbourne Kupas\u0131 (at yar\u0131\u015f\u0131) d\u00fczenleniyor; k\u0131\u015f aylar\u0131nda Komedi Festivali ve sanat festivali d\u00fczenleniyor; ilkbaharda Grand Prix ve K\u00fclt\u00fcr Festivali d\u00fczenleniyor. Bir\u00e7ok k\u00fclt\u00fcrel kurum (galeriler, tiyatrolar, canl\u0131 m\u00fczik mekanlar\u0131) y\u0131l boyunca uluslararas\u0131 ve yerel eserler sunuyor. Spor k\u00fclt\u00fcr\u00fc yerel kimli\u011fin \u00f6nemli bir par\u00e7as\u0131 (k\u0131\u015f hafta sonlar\u0131nda Avustralya kurall\u0131 futbol, \u200b\u200byaz\u0131n kriket); Melbourne Kriket Sahas\u0131&#039;nda (MCG) ma\u00e7 izlemek b\u00f6lge sakinleri i\u00e7in neredeyse bir rit\u00fcel.<\/p>\n<p>Al\u0131\u015fveri\u015f ve sanat da g\u00fcnl\u00fck hayata dokunmu\u015ftur. G\u00fcney Yar\u0131mk\u00fcre&#039;deki en b\u00fcy\u00fck a\u00e7\u0131k hava pazar\u0131 olan Queen Victoria Market (Vic Market) yiyecek ve el sanatlar\u0131 i\u00e7in en iyi destinasyondur. St Kilda Road&#039;daki sanat b\u00f6lgesi ve NGV (National Gallery of Victoria), Melbourne&#039;un yarat\u0131c\u0131l\u0131\u011fa verdi\u011fi \u00f6nemi yans\u0131t\u0131r. \u00d6zetle, Melbourne sofistike ve d\u00fcnya \u00e7ap\u0131nda bir \u015fehir gibi hissettirir: yerliler spor, kahve ve sanatlar\u0131yla gurur duyar ve ziyaret\u00e7iler g\u00fc\u00e7l\u00fc bir &#034;\u015fehir havas\u0131&#034; havas\u0131n\u0131 hemen fark eder.<\/p>\n<p>Melbourne \u00e7ok say\u0131da ilgi \u00e7ekici yer sunar. \u015eehrin kalbi, k\u00f6\u015feli binalar ve m\u00fczelerin bulundu\u011fu modern bir meydan olan Federation Square&#039;dir (Fed Square) ve \u015fehrin k\u00fclt\u00fcrel b\u00f6lgesine demir atar. Caddenin kar\u015f\u0131s\u0131nda, ikonik sar\u0131 cephesiyle Flinders Street \u0130stasyonu bulunur; ikisi de g\u00f6r\u00fclmesi gereken kentsel simgelerdir. St Kilda Road&#039;da k\u0131sa bir y\u00fcr\u00fcy\u00fc\u015f veya tramvay yolculu\u011fu mesafesinde \u00f6nemli kurumlar bulunur: Victoria Ulusal Galerisi, Melbourne Sanat Merkezi ve botanik bah\u00e7eleri. Southbank&#039;teki Eureka Kulesi \u00fcnl\u00fcd\u00fcr: 88. Kattaki Skydeck&#039;i (Melbourne G\u00f6zlem G\u00fcvertesi olarak bilinir) \u015fehrin ve koyun 360\u00b0 manzaras\u0131n\u0131 sunar. (230 m y\u00fckseklikte, g\u00fcney yar\u0131mk\u00fcredeki en y\u00fcksek halka a\u00e7\u0131k g\u00f6zetleme noktas\u0131d\u0131r.)<\/p>\n<p>Di\u011fer en iyi \u00e7ekim noktalar\u0131 \u015funlard\u0131r: taze \u00fcr\u00fcnler ve hediyelik e\u015fyalar sat\u0131n alabilece\u011finiz Queen Victoria Market (1878&#039;den kalmad\u0131r ve canl\u0131 bir yer olmaya devam etmektedir); al\u0131\u015fveri\u015f i\u00e7in tarihi Collins Street ve Bourke Street al\u0131\u015fveri\u015f merkezleri; ve \u00fccretsiz etkinliklere ve galerilere ev sahipli\u011fi yapan Federation Square&#039;in \u00e7evresi. \u015eehrin \u00fcnl\u00fc ara sokaklar\u0131 da ilgi \u00e7ekicidir: Hosier Lane gibi yerler sokak sanat\u0131 ve gizli kafeleriyle turistleri cezbeder.<\/p>\n<p>Spor ve e\u011flence de mevcuttur: Melbourne Kriket Sahas\u0131 ve Rod Laver Arena (tenis) turlar\u0131 hayranlar i\u00e7in mevcuttur ve liman\u0131n yan\u0131ndaki Docklands b\u00f6lgesinde modern yemek mekanlar\u0131 ve Melbourne Star g\u00f6zlem tekerle\u011fi vard\u0131r. CBD&#039;nin \u00f6tesine k\u0131sa bir yolculukla St Kilda ve Brighton plajlar\u0131na (plaj kutular\u0131yla birlikte) ve Luna Park&#039;taki gezintilere ula\u015fabilirsiniz. K\u0131rsal alanlar da yak\u0131nd\u0131r - Phillip Adas\u0131 (penguen ge\u00e7idi), Mornington Yar\u0131madas\u0131 (\u015farap evleri ve kapl\u0131calar) ve Great Ocean Road (manzaral\u0131 bir sahil yolu) pop\u00fcler g\u00fcnl\u00fck gezilerdir.<\/p>\n<p>K\u0131saca, bir ziyaret\u00e7inin kontrol listesi genellikle \u015f\u00f6yledir: Federation Square&#039;i ve NGV&#039;yi ziyaret edin; Yarra&#039;da feribota binin; \u015fehrin ara sokaklar\u0131ndaki sokak sanat\u0131n\u0131 g\u00f6r\u00fcn; Queen Victoria Market&#039;te gezinin; Eureka Kulesi&#039;ne \u00e7\u0131k\u0131n; ve zaman\u0131n\u0131z varsa, St Kilda Beach&#039;e k\u0131sa bir gezi yap\u0131n. Bu simgesel deneyimler, \u00e7e\u015fitli mahalleleri ke\u015ffetmenin yan\u0131 s\u0131ra, bir ziyaret\u00e7iye Melbourne&#039;\u00fcn ger\u00e7ek tad\u0131n\u0131 verir.<\/p>\n<p>Melbourne \u00e7ok eri\u015filebilirdir. Melbourne Havaalan\u0131 (Tullamarine) ana uluslararas\u0131 giri\u015f kap\u0131s\u0131d\u0131r (\u00fclkenin ikinci en yo\u011fun havaalan\u0131). Yakla\u015f\u0131k 50 km g\u00fcneyde bulunan Avalon Havaalan\u0131, d\u00fc\u015f\u00fck maliyetli i\u00e7 hatlar ve baz\u0131 Asya u\u00e7u\u015flar\u0131 sunmaktad\u0131r. Her ikisinin de \u015fehre s\u0131k s\u0131k servis ve tren ba\u011flant\u0131lar\u0131 vard\u0131r. Uzun mesafeli trenler ve otob\u00fcsler CBD&#039;deki Southern Cross \u0130stasyonu&#039;na var\u0131r. Melbourne&#039;e giden yollar, \u015fehir \u00e7evre yollar\u0131na birle\u015fen birden fazla otoyolu (Sydney\/Albury&#039;den M1, Canberra&#039;dan M31) i\u00e7erir.<\/p>\n<p>\u015eehir i\u00e7inde toplu ta\u015f\u0131ma yayg\u0131nd\u0131r. Metro tren a\u011f\u0131 (Flinders Street \u0130stasyonu&#039;ndaki son dura\u011f\u0131yla) banliy\u00f6leri kapsar; merkez b\u00f6lgedeki tramvay a\u011f\u0131 d\u00fcnyan\u0131n en b\u00fcy\u00fc\u011f\u00fcd\u00fcr (yakla\u015f\u0131k 250 km ray). Tramvaylar CBD&#039;de serbest bir b\u00f6lge bile i\u015fleterek k\u0131sa yolculuklar\u0131 kolayla\u015ft\u0131r\u0131r. Ayr\u0131ca modern bir otob\u00fcs filosu da vard\u0131r. Melbourne genellikle \u015fehir merkezinde ve banliy\u00f6lerde y\u00fcr\u00fcyerek gidilebilir. Bir\u00e7ok ziyaret\u00e7i merkeze yak\u0131n kalmay\u0131 ve d\u0131\u015f b\u00f6lgeler i\u00e7in tramvay\/taksi kullanmay\u0131 uygun bulmaktad\u0131r.<\/p>\n<p>Melbourne&#039;deki g\u00fcnl\u00fck ya\u015fam uluslararas\u0131 ziyaret\u00e7iler i\u00e7in basittir. Avustralya dolar\u0131 kullan\u0131l\u0131r; kredi kartlar\u0131 ve temass\u0131z \u00f6demeler hemen hemen her yerde kabul edilir. \u0130ngilizce bask\u0131n dildir. ABD&#039;deki gibi bah\u015fi\u015f k\u00fclt\u00fcr\u00fc yoktur, ancak restoranlarda iyi hizmet i\u00e7in k\u00fc\u00e7\u00fck bir bah\u015fi\u015f () b\u0131rakmak takdir edilir. Sosyal nezaket kurallar\u0131 rahatt\u0131r: basit bir el s\u0131k\u0131\u015fma veya &#034;Merhaba&#034; selamlamas\u0131 yeterlidir; insanlar birbirlerine ilk isimleriyle hitap etme e\u011filimindedir. Dost\u00e7a bir not: Melbourne&#039;\u00fcn havas\u0131 tahmin edilemez olabilir, bu nedenle g\u00fcne\u015fli bir g\u00fcnde bile hafif bir ya\u011fmurluk ta\u015f\u0131mak ak\u0131ll\u0131ca olacakt\u0131r. G\u00fcvenlik a\u00e7\u0131s\u0131ndan Melbourne, k\u00fcresel standartlara g\u00f6re g\u00fcvenli bir \u015fehirdir, ancak standart kentsel \u00f6nlemler ge\u00e7erlidir (\u00f6rne\u011fin geceleri lo\u015f \u0131\u015f\u0131kl\u0131 sokaklardan ka\u00e7\u0131n\u0131n). K\u0131sacas\u0131, ziyaret\u00e7iler Melbourne&#039;de gezinmeyi kolay bulacaklard\u0131r; \u0130ngilizce tabelalar, g\u00fcvenilir bir taksi\/\u00e7a\u011fr\u0131 a\u011f\u0131 ve istasyonlarda bulunan net haritalar vard\u0131r. Turistler i\u00e7in bir ipucu: Tren, tramvay ve otob\u00fcslerde sorunsuz seyahat i\u00e7in bir Myki kart\u0131 (yeniden doldurulabilen ula\u015f\u0131m kart\u0131) edinin.<\/p>","protected":false},"excerpt":{"rendered":"<p>Melbourne, Avustralya&#039;n\u0131n Victoria eyaletinin ba\u015fkenti ve en kalabal\u0131k \u015fehridir. Avustralya&#039;n\u0131n en kalabal\u0131k ikinci \u015fehri olup, Sidney&#039;den sonra gelir. Genellikle bazen B\u00fcy\u00fck Melbourne olarak da bilinen 9.993 km\u00b2&#039;lik b\u00fcy\u00fck metropol alan\u0131n\u0131 ifade eden &#034;Melbourne&#034; ad\u0131, \u00f6zellikle yo\u011fun merkezi i\u015f b\u00f6lgesi etraf\u0131nda merkezlenen Melbourne \u015eehri&#039;nin yerel belediyesi i\u00e7in kullan\u0131lsa da, bu kentsel y\u0131\u011f\u0131lma 31 yerel belediyeden olu\u015fmaktad\u0131r. Mornington Yar\u0131madas\u0131&#039;na, Bat\u0131 Gippsland b\u00f6lgelerine, Yarra Vadisi&#039;ne do\u011fru i\u00e7 b\u00f6lgelere, Dandenong S\u0131rada\u011flar\u0131&#039;na ve Macedon S\u0131rada\u011flar\u0131&#039;na ula\u015fan \u015fehir, Port Phillip K\u00f6rfezi&#039;nin kuzey ve do\u011fu k\u0131y\u0131lar\u0131n\u0131n \u00e7o\u011funu kaplar. Avustralya&#039;n\u0131n toplam n\u00fcfusunun &#039;unu olu\u015fturan Melbourne&#039;\u00fcn metropol n\u00fcfusu, 2023 itibar\u0131yla yakla\u015f\u0131k 5,2 milyondu. \u015eehrin sakinleri bazen &#034;Melburnlular&#034; olarak an\u0131l\u0131r.<\/p>","protected":false},"author":1,"featured_media":3672,"parent":9806,"menu_order":0,"comment_status":"closed","ping_status":"closed","template":"elementor_theme","meta":{"_eb_attr":"","footnotes":""},"class_list":["post-9812","page","type-page","status-publish","has-post-thumbnail"],"_links":{"self":[{"href":"https:\/\/travelshelper.com\/tr\/wp-json\/wp\/v2\/pages\/9812","targetHints":{"allow":["GET"]}}],"collection":[{"href":"https:\/\/travelshelper.com\/tr\/wp-json\/wp\/v2\/pages"}],"about":[{"href":"https:\/\/travelshelper.com\/tr\/wp-json\/wp\/v2\/types\/page"}],"author":[{"embeddable":true,"href":"https:\/\/travelshelper.com\/tr\/wp-json\/wp\/v2\/users\/1"}],"replies":[{"embeddable":true,"href":"https:\/\/travelshelper.com\/tr\/wp-json\/wp\/v2\/comments?post=9812"}],"version-history":[{"count":0,"href":"https:\/\/travelshelper.com\/tr\/wp-json\/wp\/v2\/pages\/9812\/revisions"}],"up":[{"embeddable":true,"href":"https:\/\/travelshelper.com\/tr\/wp-json\/wp\/v2\/pages\/9806"}],"wp:featuredmedia":[{"embeddable":true,"href":"https:\/\/travelshelper.com\/tr\/wp-json\/wp\/v2\/media\/3672"}],"wp:attachment":[{"href":"https:\/\/travelshelper.com\/tr\/wp-json\/wp\/v2\/media?parent=9812"}],"curies":[{"name":"wp","href":"https:\/\/api.w.org\/{rel}","templated":true}]}}