{"id":9806,"date":"2024-09-08T23:56:45","date_gmt":"2024-09-08T23:56:45","guid":{"rendered":"https:\/\/travelshelper.com\/staging\/?page_id=9806"},"modified":"2026-03-13T21:28:08","modified_gmt":"2026-03-13T21:28:08","slug":"avustralya","status":"publish","type":"page","link":"https:\/\/travelshelper.com\/tr\/destinations\/australia-and-oceania\/australia\/","title":{"rendered":"Avustralya"},"content":{"rendered":"<p>Avustralya, b\u00fcy\u00fck \u00f6l\u00e7eklerin ve canl\u0131 \u00e7eli\u015fkilerin oldu\u011fu bir yer olan t\u00fcm bir k\u0131taya yay\u0131lm\u0131\u015ft\u0131r. \u015eafak vakti, kumta\u015f\u0131 monoliti Uluru (Ayers Kayas\u0131), Avustralya&#039;n\u0131n kadim tarihine sessiz bir tan\u0131k olarak K\u0131z\u0131l Merkez&#039;de parlar. O erken \u0131\u015f\u0131kta Outback&#039;in u\u00e7suz bucaks\u0131z bo\u015flu\u011fu uzak bir ufka kadar uzan\u0131r ve kayay\u0131 zamans\u0131z g\u00f6sterir. Ger\u00e7ekten de Avustralya geni\u015ftir - yakla\u015f\u0131k 7,69 milyon kilometrekarelik bir alana sahiptir - ancak yakla\u015f\u0131k 28 milyonluk n\u00fcfusu \u00e7o\u011funlukla k\u0131y\u0131larda k\u00fcmelenmi\u015ftir ve i\u00e7 \u00e7\u00f6ller ve \u00e7al\u0131l\u0131klar neredeyse hi\u00e7 ya\u015fanmaz. T\u00fcm b\u00fcy\u00fckl\u00fc\u011f\u00fcne ra\u011fmen, anayasal monar\u015fi alt\u0131nda federal bir parlamenter demokrasi olmaya devam etmektedir ve ekonomisi modern ve zengindir. \u00dclke olduk\u00e7a geli\u015fmi\u015f, y\u00fcksek gelirli bir ekonomiye sahiptir ve s\u00fcrekli olarak k\u00fcresel ya\u015fam kalitesi \u00f6l\u00e7\u00fcmlerinde en \u00fcst s\u0131ralarda yer almaktad\u0131r.<\/p>\n<p>Avustralya&#039;n\u0131n n\u00fcfusu yakla\u015f\u0131k 28 milyondur. Alan olarak d\u00fcnyan\u0131n alt\u0131nc\u0131 b\u00fcy\u00fck \u00fclkesi olmas\u0131na ra\u011fmen, insanlar\u0131n &#039;inden fazlas\u0131 k\u0131y\u0131dan yakla\u015f\u0131k 100 km uzakl\u0131kta ya\u015famaktad\u0131r. Bu, i\u00e7 kesimlerin neredeyse bo\u015f oldu\u011fu ve km\u00b2 ba\u015f\u0131na yaln\u0131zca yakla\u015f\u0131k 3,5 ki\u015filik bir yo\u011funlu\u011fa sahip oldu\u011fu anlam\u0131na gelir; bu, D\u00fcnya&#039;daki en d\u00fc\u015f\u00fck n\u00fcfus yo\u011funluklar\u0131ndan biridir. Ekonomi a\u00e7\u0131s\u0131ndan, Avustralya \u00f6nemli bir k\u00fcresel oyuncudur: kaynaklar ve hizmetler a\u00e7\u0131s\u0131ndan zengindir, ki\u015fi ba\u015f\u0131na d\u00fc\u015fen geliri d\u00fcnyan\u0131n en y\u00fcksekleri aras\u0131ndad\u0131r. \u0130ngilizce birincil dildir (fiili ulusal dil) ve Avustralyal\u0131lar\u0131n yakla\u015f\u0131k &#039;si evde yaln\u0131zca \u0130ngilizce konu\u015fur. Ayr\u0131ca \u00e7ok k\u00fclt\u00fcrl\u00fcd\u00fcr: sakinlerinin yakla\u015f\u0131k &#039;u yurtd\u0131\u015f\u0131nda do\u011fmu\u015ftur ve etnik ve dilsel ge\u00e7mi\u015flerin bir kar\u0131\u015f\u0131m\u0131n\u0131 getirir. Para birimi, \u00fclke \u00e7ap\u0131nda kullan\u0131lan Avustralya Dolar\u0131&#039;d\u0131r (AUD). Ba\u015fkent Canberra&#039;d\u0131r, ancak Sidney ve Melbourne en b\u00fcy\u00fck \u015fehirlerdir (her biri be\u015f milyonu a\u015fan n\u00fcfusa sahiptir). K\u0131sacas\u0131, Avustralya bug\u00fcn modern ve zengindir; yo\u011fun n\u00fcfuslu k\u0131y\u0131 kent merkezlerine kar\u015f\u0131 geni\u015f geli\u015fmemi\u015f alanlar yan yanad\u0131r.<\/p>\n<p>Avustralya, g\u00fcney Pasifik&#039;te Avustralasya k\u0131tas\u0131n\u0131 i\u015fgal eder. Endonezya ve Papua Yeni Gine&#039;nin g\u00fcneyinde yer al\u0131r ve okyanusla \u00e7evrilidir - bat\u0131da Hint Okyanusu, do\u011fuda Pasifik Okyanusu ve g\u00fcneyde G\u00fcney Okyanusu. G\u00fcneyde serin ormanlar\u0131yla Tazmanya adas\u0131 yer al\u0131r. \u00dclkenin arazisi me\u015fhur bir \u015fekilde d\u00fczd\u00fcr: en d\u00fcz ve en kurak yerle\u015fim yeri k\u0131tas\u0131d\u0131r. Avustralya&#039;n\u0131n hi\u00e7bir yeri 2.200 m&#039;den daha y\u00fckse\u011fe \u00e7\u0131kmaz ve sadece do\u011fu kenar\u0131 boyunca (B\u00fcy\u00fck Ay\u0131r\u0131c\u0131 S\u0131rada\u011flar) da\u011flar s\u00fcrekli bir omurga halinde uzan\u0131r. Di\u011fer yerlerde tepeler ve k\u0131y\u0131lar genellikle al\u00e7akt\u0131r. \u0130\u00e7 kesimlerin \u00e7o\u011fu kurakt\u0131r: Avustralya&#039;n\u0131n yakla\u015f\u0131k &#039;i kurak veya yar\u0131 kurak olarak s\u0131n\u0131fland\u0131r\u0131l\u0131r ve bu da onu en kurak yerle\u015fim yeri k\u0131tas\u0131 yapar. \u00dclke genelinde ortalama ya\u011f\u0131\u015f miktar\u0131 y\u0131lda sadece 470 mm&#039;dir. Sonu\u00e7 olarak, \u00e7\u00f6ller merkezde ve bat\u0131da (Outback) hakimdir, kenarlar ise daha \u0131l\u0131man ko\u015fullara sahiptir. Kuzeyde yazlar\u0131 s\u0131cak ve ya\u011f\u0131\u015fl\u0131 muson mevsimi olan tropikal bir iklim vard\u0131r; g\u00fcneyde s\u0131cak yazlar ve serin k\u0131\u015flar ile \u0131l\u0131man bir iklim vard\u0131r. Queensland&#039;da ya\u011fmur ormanlar\u0131 ve tropikal s\u0131cakl\u0131k, Tasmanya&#039;n\u0131n zirvelerinde alpin kar ve merkezde g\u00fcne\u015fte kavrulmu\u015f k\u0131rm\u0131z\u0131 toprak deneyimlenebilir - hepsi tek bir \u00fclke i\u00e7inde.<\/p>\n<p>\u0130nsanlar Avustralya&#039;ya on binlerce y\u0131l \u00f6nce geldiler. Avustralyal\u0131 Aborjinler, Avrupal\u0131larla temasa ge\u00e7ildi\u011finde en az 250 ayr\u0131 dil grubunda avc\u0131l\u0131k ve \u00e7ift\u00e7ilik yap\u0131yorlard\u0131. K\u00fclt\u00fcrleri, d\u00fcnyan\u0131n en eski s\u00fcrekli toplumlar\u0131ndan biridir ve Dreamtime geleneklerini ve sanat\u0131n\u0131 binlerce y\u0131ld\u0131r s\u00fcrd\u00fcrmektedir. Avrupal\u0131 \u200b\u200bke\u015fifler Avustralya&#039;ya 17. y\u00fczy\u0131lda ula\u015ft\u0131 ve \u0130ngiliz Kaptan James Cook 1770&#039;te do\u011fu k\u0131y\u0131s\u0131n\u0131 ele ge\u00e7irdi. \u0130lk kal\u0131c\u0131 Avrupa yerle\u015fimi, 1788&#039;de Sydney Cove&#039;daki \u0130ngiliz ceza kolonisiydi. 19. y\u00fczy\u0131lda, y\u00fcn, alt\u0131na h\u00fccum ve tar\u0131m\u0131n y\u00f6nlendirdi\u011fi ayr\u0131 koloniler (Yeni G\u00fcney Galler, Victoria, Queensland, vb.) b\u00fcy\u00fcd\u00fc ve geni\u015fledi. \u00d6nemli bir d\u00f6n\u00fcm noktas\u0131, alt\u0131 koloninin Avustralya Milletler Toplulu\u011fu&#039;nu olu\u015fturmak \u00fczere federasyon kurdu\u011fu 1 Ocak 1901&#039;de geldi. Oradan Avustralya yava\u015f yava\u015f kendi kendini y\u00f6neten bir ulus haline geldi. (20. y\u00fczy\u0131ldaki d\u00fcnya sava\u015flar\u0131, ekonomik de\u011fi\u015fimler ve g\u00f6\u00e7 dalgalar\u0131 da \u00f6nemli olaylar olmakla birlikte, 1788&#039;deki kurulu\u015f ve 1901&#039;deki federasyon temel tarihler olarak kalmaya devam ediyor.)<\/p>\n<p>Modern Avustralya k\u00fclt\u00fcr\u00fc, engebeli k\u0131rsal miras\u0131n\u0131 kozmopolit \u015fehir ya\u015fam\u0131yla harmanl\u0131yor. Avustralya aksan\u0131yla \u0130ngilizce, fiili ulusal dildir; 2021 n\u00fcfus say\u0131m\u0131nda, insanlar\u0131n yakla\u015f\u0131k &#039;si taraf\u0131ndan evde konu\u015fulan tek dil olarak kaydedilmi\u015ftir. Resmi bir dini yoktur ve Avustralyal\u0131lar gayriresm\u00ee ve rahat olma e\u011filimindedir. \u00dc\u00e7 Avustralyal\u0131dan neredeyse biri yurtd\u0131\u015f\u0131nda do\u011fmu\u015ftur, bu nedenle g\u00f6\u00e7 dalgalar\u0131 toplumu \u00e7ok k\u00fclt\u00fcrl\u00fc hale getirmi\u015ftir (Asya, Avrupa, Orta Do\u011fu ve \u00f6tesinden topluluklar). Spor ve a\u00e7\u0131k hava rekreasyonu g\u00fcnl\u00fck ya\u015fam\u0131n i\u00e7ine i\u015flemi\u015ftir - ister \u015fafak vakti s\u00f6rf yapmak, ister limanda hafta sonu barbek\u00fcleri veya sevilen bir kriket veya Avustralya Kurallar\u0131 futbolu turu olsun. Ayn\u0131 zamanda, Aborjin k\u00fclt\u00fcr\u00fcne dair g\u00fc\u00e7l\u00fc bir fark\u0131ndal\u0131k vard\u0131r: bir\u00e7ok Avustralyal\u0131, Yerli sanat\u0131n\u0131, m\u00fczi\u011fini ve festivallerini kutlar.<\/p>\n<p>Farkl\u0131 b\u00f6lgelerdeki dikkate de\u011fer yerel gelenekler aras\u0131nda k\u0131rsal kasabalarda rodeolar ve yar\u0131\u015flar, k\u0131y\u0131 \u015fehirlerindeki sahil festivalleri ve g\u00fcneydo\u011fudaki y\u00fcksek k\u0131rsal etkinlikler yer al\u0131r. \u00d6rne\u011fin, Byron Bay (a\u015fa\u011f\u0131ya bak\u0131n) alternatif, festival a\u00e7\u0131s\u0131ndan zengin ahlak\u0131yla bilinir ve Brisbane, Ekka tar\u0131m fuar\u0131 ve Riverfire havai fi\u015fekleri gibi canl\u0131 \u015fovlara ev sahipli\u011fi yapar. Alice Springs&#039;te, Camel Cup (bir deve yar\u0131\u015f\u0131) ve Henley-on-Todd (kuru nehir k\u00fcrek yar\u0131\u015f\u0131) gibi ilgin\u00e7 Outback etkinlikleri kalabal\u0131klar\u0131 \u00e7eker. Genel olarak, Avustralyal\u0131lar misafirperverlik ve &#034;arkada\u015fl\u0131k&#034; konusunda bir \u00fcne sahiptir - yabanc\u0131lar d\u00fcz beyaz veya outback kamp ate\u015finin ba\u015f\u0131nda g\u00f6steri\u015fsizce sohbet edebilirler. Hayat k\u0131rsal i\u00e7 kesimlerde daha yava\u015f ve \u015fehirlerde daha yo\u011fun olma e\u011filimindedir, ancak \u00fclke genelinde insanlar genellikle a\u00e7\u0131k, arkada\u015f canl\u0131s\u0131 ve diren\u00e7lidir.<\/p>\n<p>Avustralya&#039;n\u0131n mutlaka g\u00f6r\u00fclmesi gereken yerleri canl\u0131 \u015fehirlerden do\u011fal harikalara kadar uzan\u0131r. Sidney&#039;de Sidney Opera Binas\u0131 ve Liman K\u00f6pr\u00fcs\u00fc sil\u00fceti tan\u0131mlar. Opera Binas\u0131 - 20. y\u00fczy\u0131l mimarisinin bir D\u00fcnya Miras\u0131 \u015faheseri - 1973&#039;te tamamland\u0131 ve uluslararas\u0131 bir simgedir. (K\u00f6pr\u00fc 1932&#039;de tamamland\u0131 ve liman\u0131n panoramik manzaralar\u0131n\u0131 sunan yaya ge\u00e7itleri sunuyor.) K\u0131y\u0131 boyunca, Sidney&#039;in Bondi Plaj\u0131&#039;ndan Byron K\u00f6rfezi&#039;nin s\u00f6rf noktalar\u0131na kadar say\u0131s\u0131z d\u00fcnya standartlar\u0131nda plaj sizi \u00e7a\u011f\u0131r\u0131yor. \u0130\u00e7 kesimlerde, d\u00fcnyan\u0131n en b\u00fcy\u00fck mercan resifi olan B\u00fcy\u00fck Set Resifi, Queensland k\u0131y\u0131s\u0131 boyunca 2.300 km&#039;den fazla uzan\u0131r; 1981&#039;de UNESCO D\u00fcnya Miras\u0131 Alan\u0131 olarak kaydedildi. Orta Avustralya&#039;daki Uluru-Kata Tjuta (devasa k\u0131rm\u0131z\u0131 monolit ve yak\u0131ndaki kubbeler) kutsal ve hayranl\u0131k uyand\u0131r\u0131c\u0131d\u0131r; Uluru, jeolojik ve k\u00fclt\u00fcrel \u00f6nemini vurgulayan bir UNESCO alan\u0131n\u0131n par\u00e7as\u0131d\u0131r. Melbourne&#039;de ara sokak kafeleri ve sanat b\u00f6lgeleri ke\u015ffedilebilirken, Victoria&#039;daki Great Ocean Road s\u00fcr\u00fc\u015f\u00fc muhte\u015fem k\u0131y\u0131 manzaralar\u0131 sunar. Tropiklerin en kuzeyinde, Daintree Ya\u011fmur Orman\u0131 ve \u015felaleleri eski orman manzaralar\u0131 sunar. Ve Avustralyal\u0131lar her yerde vah\u015fi do\u011fay\u0131 kutlar: Kanguru Adas\u0131 (G\u00fcney Avustralya a\u00e7\u0131klar\u0131nda) ve Tazmanya parklar\u0131 benzersiz yaban hayat\u0131n\u0131 ve ormanlar\u0131 ortaya \u00e7\u0131kar\u0131r. Ba\u015fkent Canberra&#039;da, ulusal hazineler Parlamento \u00dc\u00e7geni&#039;ni s\u0131ralar: Parlamento Binas\u0131 (1988&#039;de tamamland\u0131), Avustralya Sava\u015f An\u0131t\u0131, Ulusal Galeri ve Avustralya Ulusal \u00dcniversitesi ziyaret\u00e7ileri \u00e7eker. Genel olarak, \u00fclkenin \u00e7e\u015fitlili\u011fi - \u015fehirlerinin k\u00fclt\u00fcrel ritimlerinden Outback&#039;in durgunlu\u011funa kadar - her gezginin unutulmaz bir \u015fey bulaca\u011f\u0131 anlam\u0131na gelir.<\/p>\n<p>Avustralya&#039;n\u0131n ba\u015fl\u0131ca uluslararas\u0131 kap\u0131lar\u0131 Sidney, Melbourne, Brisbane, Perth ve Adelaide&#039;deki b\u00fcy\u00fck havaalanlar\u0131d\u0131r. \u0130\u00e7 hat u\u00e7u\u015flar\u0131 ve uzun mesafeli otob\u00fcsler veya trenler (Indian-Pacific veya Ghan gibi) \u015fehirleri birbirine ba\u011flar. \u015eehirler i\u00e7inde toplu ta\u015f\u0131ma de\u011fi\u015fir: \u00f6rne\u011fin, Brisbane ve Sidney&#039;de banliy\u00f6 treni ve feribot a\u011flar\u0131 bulunurken, Byron Bay&#039;de yaln\u0131zca b\u00f6lgesel otob\u00fcsler bulunur. Her yerde, ara\u00e7 kullan\u0131m\u0131 yolun sol taraf\u0131ndad\u0131r. Uzak b\u00f6lgeleri ke\u015ffetmenin en iyi yolu arabad\u0131r, ancak mesafeler \u00e7ok uzundur - \u00f6nceden plan yap\u0131n, deponuzu doldurun ve Outback&#039;te su ta\u015f\u0131y\u0131n. Standart Avustralya prizleri (Tip I) ve 230V elektrik kullan\u0131l\u0131r. Ulusal para birimi Avustralya Dolar\u0131&#039;d\u0131r (AUD). \u0130ngilizce evrensel olarak konu\u015fulur ve i\u015f veya resmi ortamlarda Avustralyal\u0131lar genellikle s\u0131k\u0131 bir el s\u0131k\u0131\u015fmayla selamla\u015f\u0131r; rahat ortamlarda ilk isimler ve &#034;arkada\u015f&#034; yayg\u0131nd\u0131r. Bah\u015fi\u015f gerekli de\u011fildir (ola\u011fan\u00fcst\u00fc hizmet i\u00e7in k\u00fc\u00e7\u00fck bir bah\u015fi\u015f takdir edilir, ancak beklenmez). Su g\u00fcvenli\u011fi ve g\u00fcne\u015ften korunma \u00f6nemlidir: G\u00fcney okyanusu serin ve dalgal\u0131 olabilirken, kuzey yaz denizinde denizanas\u0131 (&#034;stinger&#034;) bulunur, bu nedenle yerel tabelalara dikkat edin ve g\u00fcne\u015f kremi kullan\u0131n. Genel olarak Avustralya, d\u00fc\u015f\u00fck su\u00e7 oranlar\u0131yla gezginler i\u00e7in olduk\u00e7a g\u00fcvenlidir, ancak ziyaret\u00e7iler yerel d\u00fczenlemelere (\u00f6rne\u011fin, i\u00e7kili ara\u00e7 kullanma s\u0131n\u0131rlar\u0131 ve yaban hayat\u0131 korumalar\u0131) uymal\u0131d\u0131r. &#034;Merhaba&#034; veya &#034;te\u015fekk\u00fcr ederim&#034; demek, kibarca s\u0131raya girmek ve yayalara yol vermek gibi genel nezaketler takdir edilir. Temel haz\u0131rl\u0131klarla Avustralya&#039;da gezinmek kolayd\u0131r ve ziyaret\u00e7iler bu muazzam ada \u00fclkesinde zengin ve dost\u00e7a bir deneyim ya\u015fayabilirler.<\/p>","protected":false},"excerpt":{"rendered":"<p>Officially the Commonwealth of Australia, Australia is a nation that enthralls with its rich history, dynamic culture, and large landscapes. It includes the mainland of Australia, the island state of Tasmania, and many smaller islands. Australia is a land of contrasts and diversity being the sixth-largest country in the world and the biggest nation by area in Oceania. Characterised by infertile soils, its geographical extent comprises some of the oldest, flattest, driest inhabited areas on Earth.<\/p>","protected":false},"author":1,"featured_media":3758,"parent":24105,"menu_order":0,"comment_status":"closed","ping_status":"closed","template":"elementor_theme","meta":{"_eb_attr":"","footnotes":""},"class_list":["post-9806","page","type-page","status-publish","has-post-thumbnail"],"_links":{"self":[{"href":"https:\/\/travelshelper.com\/tr\/wp-json\/wp\/v2\/pages\/9806","targetHints":{"allow":["GET"]}}],"collection":[{"href":"https:\/\/travelshelper.com\/tr\/wp-json\/wp\/v2\/pages"}],"about":[{"href":"https:\/\/travelshelper.com\/tr\/wp-json\/wp\/v2\/types\/page"}],"author":[{"embeddable":true,"href":"https:\/\/travelshelper.com\/tr\/wp-json\/wp\/v2\/users\/1"}],"replies":[{"embeddable":true,"href":"https:\/\/travelshelper.com\/tr\/wp-json\/wp\/v2\/comments?post=9806"}],"version-history":[{"count":0,"href":"https:\/\/travelshelper.com\/tr\/wp-json\/wp\/v2\/pages\/9806\/revisions"}],"up":[{"embeddable":true,"href":"https:\/\/travelshelper.com\/tr\/wp-json\/wp\/v2\/pages\/24105"}],"wp:featuredmedia":[{"embeddable":true,"href":"https:\/\/travelshelper.com\/tr\/wp-json\/wp\/v2\/media\/3758"}],"wp:attachment":[{"href":"https:\/\/travelshelper.com\/tr\/wp-json\/wp\/v2\/media?parent=9806"}],"curies":[{"name":"wp","href":"https:\/\/api.w.org\/{rel}","templated":true}]}}