{"id":9800,"date":"2024-09-08T23:47:48","date_gmt":"2024-09-08T23:47:48","guid":{"rendered":"https:\/\/travelshelper.com\/staging\/?page_id=9800"},"modified":"2026-03-13T22:57:40","modified_gmt":"2026-03-13T22:57:40","slug":"suva","status":"publish","type":"page","link":"https:\/\/travelshelper.com\/tr\/destinations\/australia-and-oceania\/fiji\/suva\/","title":{"rendered":"Suva"},"content":{"rendered":"<p>Suva, Fiji&#039;nin hem ba\u015fkenti hem de en b\u00fcy\u00fck \u015fehridir. \u00dclkenin en b\u00fcy\u00fck metropol b\u00f6lgesinin merkezi merkezi olarak i\u015flev g\u00f6r\u00fcr ve birincil liman\u0131 olarak faaliyet g\u00f6sterir. Fiji&#039;nin en b\u00fcy\u00fck adas\u0131 olan Viti Levu&#039;nun g\u00fcneydo\u011fu k\u0131y\u0131s\u0131nda bulunan Suva, Merkez B\u00f6l\u00fcm\u00fc&#039;n\u00fcn Rewa Eyaleti&#039;nde yer almaktad\u0131r. Bu \u015fehir, tarihi \u00f6nem ve \u00e7a\u011fda\u015f canl\u0131l\u0131\u011f\u0131n bir kombinasyonunu temsil ederek onu G\u00fcney Pasifik&#039;te \u00f6nemli bir yer haline getirir.<\/p>\n<p>Suva&#039;n\u0131n Fiji&#039;nin ba\u015fkenti olarak belirlenmesi, o d\u00f6nemde ba\u015fl\u0131ca Avrupa s\u00f6m\u00fcrge yerle\u015fimi olan Levuka&#039;dan ta\u015f\u0131nmas\u0131n\u0131n ard\u0131ndan 1877&#039;de ba\u015flad\u0131. Levuka&#039;n\u0131n dik da\u011flar ve deniz aras\u0131nda bulunan co\u011frafi k\u0131s\u0131tlamalar\u0131, geni\u015flemeyi pratik olmaktan \u00e7\u0131kard\u0131. 1882&#039;de y\u00f6netim resmen Suva&#039;ya devredildi ve Fiji&#039;de y\u00f6netim ve kalk\u0131nma merkezi rol\u00fcn\u00fc ba\u015flatt\u0131.<\/p>\n<p>2017 n\u00fcfus say\u0131m\u0131na g\u00f6re Suva&#039;n\u0131n n\u00fcfusu 93.970 olarak kaydedildi. Metropol b\u00f6lgesi, \u00f6zerk banliy\u00f6leriyle birlikte 185.913 n\u00fcfusa sahipti. Kentsel n\u00fcfus, biti\u015fikteki Lami, Nasinu ve Nausori kasabalar\u0131yla bir araya getirildi\u011finde yakla\u015f\u0131k 330.000&#039;e ula\u015farak Fiji&#039;nin toplam n\u00fcfusunun \u00fc\u00e7te birinden fazlas\u0131n\u0131 olu\u015fturuyor. Suva-Nausori koridoru olarak bilinen kentsel kompleks, Suva&#039;n\u0131n Fiji&#039;nin kentsel \u00e7er\u00e7evesi i\u00e7inde merkezi bir merkez olarak \u00f6nemini vurgular.<\/p>\n<p>Suva, Fiji&#039;nin hem siyasi merkezi hem de ekonomik ve k\u00fclt\u00fcrel ba\u015fkenti olarak hizmet vermektedir. \u015eehir, \u00e7ok say\u0131da uluslararas\u0131 \u015firket, ajans ve diplomatik misyonun b\u00f6lgesel merkezlerinin birincil konumu olarak hizmet vermektedir. \u015eehir, canl\u0131 sanat ve performans manzaras\u0131yla \u00f6ne \u00e7\u0131kmakta ve G\u00fcney Pasifik&#039;in moda ba\u015fkenti olarak tan\u0131nmaktad\u0131r. Suva&#039;n\u0131n s\u00f6m\u00fcrge miras\u0131n\u0131 vurgulayan Suva City Carnegie K\u00fct\u00fcphanesi ve h\u00fck\u00fcmet kompleksi gibi tarihi yerler, \u015fehrin k\u00fclt\u00fcrel ortam\u0131n\u0131 zenginle\u015ftirmektedir.<\/p>\n<p>Suva, Laucala Koyu ve Suva Liman\u0131&#039;na biti\u015fik bir liman\u0131 \u00e7evreleyen engebeli bir yar\u0131madada yer almaktad\u0131r. Kuzey ve bat\u0131daki da\u011flar g\u00fcneydo\u011fu ticaret r\u00fczgarlar\u0131n\u0131 keser ve bu da y\u0131l boyunca s\u00fcrekli nemli bir iklime neden olur. Okyanusa yak\u0131n olmas\u0131na ra\u011fmen Suva&#039;n\u0131n k\u0131y\u0131 \u015feridinde mangrov bitki \u00f6rt\u00fcs\u00fc bulunur ve en yak\u0131n plaj Pasifik Liman\u0131&#039;d\u0131r. Belirgin co\u011frafi ba\u011flam Suva&#039;n\u0131n \u00e7ekicili\u011fini ve kimli\u011fini art\u0131r\u0131r.<\/p>\n<p>Suva, a\u011f\u0131rl\u0131kl\u0131 olarak Yerli Fijililer ve Hint-Fijililerden olu\u015fan \u00e7e\u015fitli bir k\u00fclt\u00fcrel kompozisyonla karakterize edilir. \u015eehir, Rotumanlar, Lauanlar, Avrupal\u0131lar ve \u00c7inliler gibi \u00e7e\u015fitli etnik az\u0131nl\u0131klara ev sahipli\u011fi yapar. Suva&#039;daki dil \u00e7e\u015fitlili\u011fi belirgindir; konu\u015fulan bask\u0131n diller \u0130ngilizce, Fiji ve Fiji Hindi&#039;dir.<\/p>\n<p>\u015eehir, G\u00fcney Pasifik \u00dcniversitesi&#039;nin (USP) ana kamp\u00fcs\u00fcne ev sahipli\u011fi yaparak \u00f6nemli bir e\u011fitim merkezi olarak hizmet vermektedir. Bu kurum, \u00e7e\u015fitli Pasifik b\u00f6lgelerinden \u00f6\u011frencileri \u00e7ekerek Suva&#039;n\u0131n k\u00fclt\u00fcrel \u00e7e\u015fitlili\u011fini art\u0131rmaktad\u0131r. Thurston Bah\u00e7eleri&#039;nde bulunan Fiji M\u00fczesi, Fiji&#039;nin kapsaml\u0131 tarihi ve k\u00fclt\u00fcr\u00fcne genel bir bak\u0131\u015f sunarak k\u00fcresel \u00e7apta en b\u00fcy\u00fck Fiji eserleri koleksiyonunu bar\u0131nd\u0131rmaktad\u0131r.<\/p>\n<p>\u015eehre modern bir estetik kazand\u0131ran Suva Central Al\u0131\u015fveri\u015f Merkezi ve TappooCity gibi \u00e7a\u011fda\u015f al\u0131\u015fveri\u015f merkezlerinin ortaya \u00e7\u0131k\u0131\u015f\u0131, Suva&#039;n\u0131n kentsel manzaras\u0131n\u0131n s\u00fcrekli bir evrim halinde oldu\u011funu g\u00f6stermektedir. Bu geli\u015fmelerin Cumming Street gibi geleneksel al\u0131\u015fveri\u015f alanlar\u0131yla b\u00fct\u00fcnle\u015fmesi, tarihi ve \u00e7a\u011fda\u015f unsurlar\u0131n bir araya gelmesini sa\u011flayarak Suva&#039;n\u0131n dinamik ve sofistike bir kentsel merkez stat\u00fcs\u00fcne katk\u0131da bulunmaktad\u0131r.<\/p>","protected":false},"excerpt":{"rendered":"<p>Suva, Fiji&#039;nin hem ba\u015fkenti hem de en b\u00fcy\u00fck \u015fehridir. \u00dclkenin en b\u00fcy\u00fck metropol b\u00f6lgesinin merkezi merkezi olarak i\u015flev g\u00f6r\u00fcr ve birincil liman\u0131 olarak faaliyet g\u00f6sterir. Fiji&#039;nin en b\u00fcy\u00fck adas\u0131 olan Viti Levu&#039;nun g\u00fcneydo\u011fu k\u0131y\u0131s\u0131nda bulunan Suva, Merkez B\u00f6l\u00fcm\u00fc&#039;n\u00fcn Rewa Eyaleti&#039;nde yer almaktad\u0131r. Bu \u015fehir, tarihi \u00f6nem ve \u00e7a\u011fda\u015f canl\u0131l\u0131\u011f\u0131n bir kombinasyonunu temsil ederek onu G\u00fcney Pasifik&#039;te \u00f6nemli bir yer haline getirir.<\/p>","protected":false},"author":1,"featured_media":3855,"parent":9785,"menu_order":0,"comment_status":"closed","ping_status":"closed","template":"elementor_theme","meta":{"_eb_attr":"","footnotes":""},"class_list":["post-9800","page","type-page","status-publish","has-post-thumbnail"],"_links":{"self":[{"href":"https:\/\/travelshelper.com\/tr\/wp-json\/wp\/v2\/pages\/9800","targetHints":{"allow":["GET"]}}],"collection":[{"href":"https:\/\/travelshelper.com\/tr\/wp-json\/wp\/v2\/pages"}],"about":[{"href":"https:\/\/travelshelper.com\/tr\/wp-json\/wp\/v2\/types\/page"}],"author":[{"embeddable":true,"href":"https:\/\/travelshelper.com\/tr\/wp-json\/wp\/v2\/users\/1"}],"replies":[{"embeddable":true,"href":"https:\/\/travelshelper.com\/tr\/wp-json\/wp\/v2\/comments?post=9800"}],"version-history":[{"count":0,"href":"https:\/\/travelshelper.com\/tr\/wp-json\/wp\/v2\/pages\/9800\/revisions"}],"up":[{"embeddable":true,"href":"https:\/\/travelshelper.com\/tr\/wp-json\/wp\/v2\/pages\/9785"}],"wp:featuredmedia":[{"embeddable":true,"href":"https:\/\/travelshelper.com\/tr\/wp-json\/wp\/v2\/media\/3855"}],"wp:attachment":[{"href":"https:\/\/travelshelper.com\/tr\/wp-json\/wp\/v2\/media?parent=9800"}],"curies":[{"name":"wp","href":"https:\/\/api.w.org\/{rel}","templated":true}]}}