{"id":9779,"date":"2024-09-08T23:26:08","date_gmt":"2024-09-08T23:26:08","guid":{"rendered":"https:\/\/travelshelper.com\/staging\/?page_id=9779"},"modified":"2026-03-13T23:07:55","modified_gmt":"2026-03-13T23:07:55","slug":"honiara","status":"publish","type":"page","link":"https:\/\/travelshelper.com\/tr\/destinations\/australia-and-oceania\/solomon-islands\/honiara\/","title":{"rendered":"Honiara"},"content":{"rendered":"<p>Solomon Adalar\u0131&#039;n\u0131n hareketli ba\u015fkenti Honiara, Guadalcanal&#039;\u0131n kuzey k\u0131y\u0131s\u0131nda yer almaktad\u0131r. Solomon Adalar\u0131&#039;n\u0131n ba\u015fl\u0131ca \u015fehri olan Honiara, zengin ge\u00e7mi\u015fi ve \u00e7e\u015fitli k\u00fclt\u00fcr\u00fcyle \u00fcnl\u00fcd\u00fcr. \u015eu anki n\u00fcfusu 92.344&#039;t\u00fcr. Bu enerjik \u015fehir, tarihi de\u011fer ve modern geni\u015flemenin benzersiz bir kar\u0131\u015f\u0131m\u0131yla bir faaliyet kovan\u0131d\u0131r.<\/p>\n<p>Kukum Otoyolu boyunca stratejik bir konumda bulunan Honiara&#039;ya hava ve deniz yoluyla kolayca ula\u015f\u0131labilir. \u0130nsanlar\u0131n ve \u00fcr\u00fcnlerin ak\u0131\u015f\u0131n\u0131 sa\u011flayan \u00f6nemli hem yerel hem de uluslararas\u0131 ula\u015f\u0131m merkezleri aras\u0131nda Honiara Uluslararas\u0131 Havaalan\u0131 ve Point Cruz Deniz Liman\u0131 yer al\u0131r. 1983&#039;te ba\u015fkent b\u00f6lgesi olarak kurulan \u015fehir, 22 kilometrekarelik bir metropol alan\u0131na sahiptir. Honiara art\u0131k Guadalcanal Eyaletinin ba\u015fkentidir ve bir eyaletin \u00f6zerkli\u011fine sahiptir.<\/p>\n<p>B\u00fcy\u00fck tarihi olaylar, \u00f6zellikle II. D\u00fcnya Sava\u015f\u0131, Honiara&#039;n\u0131n tarihini geri d\u00f6n\u00fclmez bir \u015fekilde \u015fekillendirmi\u015ftir. Guadalcanal Harekat\u0131 s\u0131ras\u0131nda, \u00f6zellikle 1942&#039;deki Henderson Field Muharebesi s\u0131ras\u0131nda, \u015fehrin do\u011fuya bakan havaalan\u0131 b\u00f6lgesi hayati bir yerdi. ABD ve Japon birlikleri bu m\u00fccadeleye kat\u0131ld\u0131, birincisi kazand\u0131. M\u00fcttefiklerin zaferiyle sonu\u00e7lanan bir d\u00f6n\u00fcm noktas\u0131 olan bu zafer, sava\u015f\u0131n Pasifik b\u00f6lgesinde \u00e7ok \u00f6nemliydi.<\/p>\n<p>Sava\u015ftan sonra Honiara&#039;n\u0131n rol\u00fc, 1952&#039;de Britanya Solomon Adalar\u0131 Himayesi&#039;nin yeni idari merkezi haline gelmesiyle de\u011fi\u015fti. Birka\u00e7 h\u00fck\u00fcmet binas\u0131n\u0131n in\u015fa edilmesi bu de\u011fi\u015fimi vurgulad\u0131 ve n\u00fcfus art\u0131\u015f\u0131n\u0131 ve belediye geli\u015fimini h\u0131zland\u0131rd\u0131.<\/p>\n<p>Honiara, geni\u015flemesine ra\u011fmen siyasi huzursuzluk ve etnik \u015fiddet de dahil olmak \u00fczere bir\u00e7ok zorlukla kar\u015f\u0131 kar\u015f\u0131ya kald\u0131. 2000&#039;lerin ba\u015f\u0131 ve 1990&#039;lar\u0131n sonu biraz \u00e7alkant\u0131l\u0131yd\u0131. Malaita Kartal G\u00fcc\u00fc (MEF) ve Isatabu \u00d6zg\u00fcrl\u00fck Hareketi (IFM), s\u0131rayla etnik Malaitanlar\u0131 ve Guadalcanal sakinlerini temsil ederek, Haziran 2000&#039;deki darbe giri\u015fiminin ard\u0131ndan \u00f6l\u00fcmc\u00fcl \u00e7at\u0131\u015fmalara girdiler. Ekim 2000&#039;de bir bar\u0131\u015f pakt\u0131 imzalanmas\u0131na ra\u011fmen, Mart 2002&#039;de bir kez daha \u015fiddet patlak verdi ve iki Yeni Zelandal\u0131 diplomat\u0131n yan\u0131 s\u0131ra bir\u00e7ok ba\u015fka ki\u015fi de \u00f6ld\u00fcr\u00fcld\u00fc.<\/p>\n<p>Durum Temmuz 2003&#039;te \u00e7ok daha k\u00f6t\u00fcle\u015fmi\u015fti; bu nedenle Solomon Adalar\u0131 H\u00fck\u00fcmeti, Solomon Adalar\u0131 B\u00f6lgesel Yard\u0131m Misyonu&#039;ndan (RAMSI) bar\u0131\u015f\u0131 yeniden sa\u011flamak i\u00e7in yard\u0131m istedi. Bir dizi Pasifik \u00fclkesi ve misyon lideri olarak Avustralya&#039;n\u0131n yer ald\u0131\u011f\u0131 bu misyon, b\u00f6lgesel istikrar\u0131 yeniden sa\u011flamak i\u00e7in hayati \u00f6nem ta\u015f\u0131yordu.<\/p>\n<p>Snyder Rini&#039;nin Ba\u015fbakan olarak atanmas\u0131n\u0131n ard\u0131ndan Honiara, 2006&#039;da bir ba\u015fka \u00e7alkant\u0131 d\u00f6nemi daha ya\u015fad\u0131. \u0130syanlar \u00e7\u0131kt\u0131, \u00c7in Mahallesi&#039;nin baz\u0131 b\u00f6l\u00fcmleri y\u0131k\u0131ld\u0131 ve yakla\u015f\u0131k 1.000 \u00c7inli sakin evsiz kald\u0131. Turizm, \u015fehir ve adalar i\u00e7in \u00f6nemli bir sekt\u00f6rd\u00fcr; bu nedenle, bu olaylar\u0131n \u00fczerinde b\u00fcy\u00fck etkisi oldu.<\/p>\n<p>Solomon Adalar\u0131&#039;ndaki h\u00fck\u00fcmet binalar\u0131n\u0131n ve kurumlar\u0131n \u00e7o\u011fu Honiara&#039;da yer almaktad\u0131r. Ulusal Parlamento, Solomon Adalar\u0131 Y\u00fcksek \u00d6\u011frenim Koleji ve G\u00fcney Pasifik \u00dcniversitesi&#039;nin Solomon Adalar\u0131 kamp\u00fcs\u00fc de \u015fehirde bulunmaktad\u0131r. \u00d6nemli k\u00fclt\u00fcrel ve ticari \u00e7ekim merkezleri aras\u0131nda ulusal m\u00fcze ve yo\u011fun Honiara Pazar\u0131 da yer almaktad\u0131r.<\/p>\n<p>Do\u011fu Honiara, Orta Honiara ve Bat\u0131 Honiara olmak \u00fczere \u00fc\u00e7 parlamento koltu\u011fu Honiara&#039;n\u0131n \u00fc\u00e7 parlamento se\u00e7im b\u00f6lgesi vard\u0131r: \u00dclke genelinde 10.000&#039;den fazla se\u00e7mene sahip alt\u0131 b\u00f6lge aras\u0131nda, bu koltuklar \u015fehrin siyasi \u00f6nemini yans\u0131t\u0131r.<\/p>\n<p>Bir\u00e7ok ba\u015fka din temsil edilse de Honiara&#039;n\u0131n dini ortam\u0131 esasen Hristiyand\u0131r. \u015eehir, di\u011fer \u015feylerin yan\u0131 s\u0131ra Honiara Roma Katolik Ba\u015fpiskoposlu\u011fu, G\u00fcney Denizleri Evanjelik Kilisesi, Birle\u015fik Kilise, Melanezya Eyalet Kilisesi (Anglikan) ve Yedinci G\u00fcn Adventist Kilisesi&#039;nin genel merkezine ev sahipli\u011fi yapmaktad\u0131r. Bu \u00e7e\u015fitlilik, modern ve geleneksel y\u00f6nleri birle\u015ftiren Solomon Adalar\u0131&#039;n\u0131n daha geni\u015f k\u00fclt\u00fcrel yap\u0131s\u0131n\u0131 yans\u0131t\u0131r.<\/p>","protected":false},"excerpt":{"rendered":"<p>Solomon Adalar\u0131&#039;n\u0131n hareketli ba\u015fkenti Honiara, Guadalcanal&#039;\u0131n kuzey k\u0131y\u0131s\u0131nda yer almaktad\u0131r. Solomon Adalar\u0131&#039;n\u0131n ba\u015fl\u0131ca \u015fehri olan Honiara, zengin ge\u00e7mi\u015fi ve \u00e7e\u015fitli k\u00fclt\u00fcr\u00fcyle \u00fcnl\u00fcd\u00fcr. \u015eu anki n\u00fcfusu 92.344&#039;t\u00fcr. Bu enerjik \u015fehir, tarihi de\u011fer ve modern geni\u015flemenin benzersiz bir kar\u0131\u015f\u0131m\u0131yla bir faaliyet kovan\u0131d\u0131r.<\/p>","protected":false},"author":1,"featured_media":3238,"parent":9773,"menu_order":0,"comment_status":"closed","ping_status":"closed","template":"elementor_theme","meta":{"_eb_attr":"","footnotes":""},"class_list":["post-9779","page","type-page","status-publish","has-post-thumbnail"],"_links":{"self":[{"href":"https:\/\/travelshelper.com\/tr\/wp-json\/wp\/v2\/pages\/9779","targetHints":{"allow":["GET"]}}],"collection":[{"href":"https:\/\/travelshelper.com\/tr\/wp-json\/wp\/v2\/pages"}],"about":[{"href":"https:\/\/travelshelper.com\/tr\/wp-json\/wp\/v2\/types\/page"}],"author":[{"embeddable":true,"href":"https:\/\/travelshelper.com\/tr\/wp-json\/wp\/v2\/users\/1"}],"replies":[{"embeddable":true,"href":"https:\/\/travelshelper.com\/tr\/wp-json\/wp\/v2\/comments?post=9779"}],"version-history":[{"count":0,"href":"https:\/\/travelshelper.com\/tr\/wp-json\/wp\/v2\/pages\/9779\/revisions"}],"up":[{"embeddable":true,"href":"https:\/\/travelshelper.com\/tr\/wp-json\/wp\/v2\/pages\/9773"}],"wp:featuredmedia":[{"embeddable":true,"href":"https:\/\/travelshelper.com\/tr\/wp-json\/wp\/v2\/media\/3238"}],"wp:attachment":[{"href":"https:\/\/travelshelper.com\/tr\/wp-json\/wp\/v2\/media?parent=9779"}],"curies":[{"name":"wp","href":"https:\/\/api.w.org\/{rel}","templated":true}]}}