{"id":9773,"date":"2024-09-08T23:18:28","date_gmt":"2024-09-08T23:18:28","guid":{"rendered":"https:\/\/travelshelper.com\/staging\/?page_id=9773"},"modified":"2026-03-13T23:08:16","modified_gmt":"2026-03-13T23:08:16","slug":"solomon-adalari","status":"publish","type":"page","link":"https:\/\/travelshelper.com\/tr\/destinations\/australia-and-oceania\/solomon-islands\/","title":{"rendered":"Solomon Adalar\u0131"},"content":{"rendered":"<p>Solomon Adalar\u0131, bazen Solomonlar olarak da bilinir, Avustralya&#039;n\u0131n kuzeydo\u011fusundaki Okyanusya&#039;n\u0131n daha b\u00fcy\u00fck b\u00f6lgesinin bir par\u00e7as\u0131 olan Melanezya&#039;n\u0131n kalbinde yer alan g\u00fczel bir \u00fclkedir. Her biri 100 kilometrekareden fazla alana sahip 21 b\u00fcy\u00fck adadan olu\u015fan bu tak\u0131madalar Guadalcanal, Malaita, Makira ve Santa Isabel&#039;i i\u00e7erir. Bu geni\u015f kara k\u00fctlelerinin d\u0131\u015f\u0131nda, Solomon Adalar\u0131 yakla\u015f\u0131k 900 k\u00fc\u00e7\u00fck ada ile \u00e7evrilidir, bu nedenle zengin ve karma\u015f\u0131k bir kara ve deniz dokusu olu\u015fturur. Bat\u0131da Papua Yeni Gine&#039;den, g\u00fcneybat\u0131da Avustralya&#039;ya, g\u00fcneydo\u011fuda Yeni Kaledonya ve Vanuatu&#039;ya, do\u011fuda Fiji, Wallis ve Futuna ve Tuvalu&#039;ya kadar, Solomon Adalar\u0131 co\u011frafi olarak bir\u00e7ok ba\u015fka \u00fclkeye yak\u0131nd\u0131r. Kuzeyde Nauru ve Mikronezya Federe Devletleri.<\/p>\n<p>Toplam y\u00fczey alan\u0131 28.896 kilometrekare (11.157 mil kare) olan Solomon Adalar\u0131, 2023 ortas\u0131 itibar\u0131yla 734.887 n\u00fcfusa sahip olacak. En b\u00fcy\u00fck ada olan Guadalcanal&#039;da bulunan ba\u015fkent Honiara, \u00fclkenin politik ve ekonomik merkezidir. &#034;Solomon Adalar\u0131&#034; ad\u0131, \u015fu anda Papua Yeni Gine&#039;nin bir par\u00e7as\u0131 olan Bougainville \u00d6zerk B\u00f6lgesi&#039;ni i\u00e7eren Solomon Adalar\u0131&#039;n\u0131n t\u00fcm tak\u0131madalar\u0131n\u0131 tan\u0131mlar, ancak Santa Cruz Adalar\u0131 hari\u00e7tir.<\/p>\n<p>M\u00d6 30.000 ile 28.800 y\u0131llar\u0131 aras\u0131nda insanlar bu adalarda ya\u015famaya ba\u015flad\u0131; bir\u00e7ok g\u00f6\u00e7 dalgas\u0131, g\u00fcn\u00fcm\u00fczdeki yerli n\u00fcfusu tan\u0131mlayan genetik kar\u0131\u015f\u0131m\u0131n olu\u015fmas\u0131na yard\u0131mc\u0131 oldu. Bu ilk g\u00f6\u00e7menler aras\u0131nda, adalar\u0131n k\u00fclt\u00fcrel sahnesini tan\u0131mlamaya yard\u0131mc\u0131 olan, benzersiz \u00e7anak \u00e7\u00f6mlek\u00e7ilik ve yelkencilik becerileriyle \u00fcnl\u00fc Lapita halk\u0131 da vard\u0131.<\/p>\n<p>\u0130spanyol k\u00e2\u015fif \u00c1lvaro de Menda\u00f1a, Solomon Adalar\u0131&#039;na Avrupal\u0131lar aras\u0131nda ilk olarak 1568&#039;de geldi. Menda\u00f1a adalara isim vermedi; ke\u015ffi hakk\u0131nda yazan di\u011ferleri adalardan &#034;Solomonlar&#034; olarak bahsetti. Menda\u00f1a 1595&#039;te tekrar adalara gitti, ard\u0131ndan Portekizli denizci Pedro Fernandes de Queir\u00f3s ba\u015fkanl\u0131\u011f\u0131ndaki bir ba\u015fka \u0130spanyol ke\u015fif gezisi 1606&#039;da geldi.<\/p>\n<p>Adalar\u0131n II. D\u00fcnya Sava\u015f\u0131 s\u0131ras\u0131nda \u00e7ok belirgin bir stratejik \u00f6nemi vard\u0131. 1942&#039;den 1945&#039;e kadar s\u00fcren Solomon Adalar\u0131 harek\u00e2t\u0131, M\u00fcttefik kuvvetleri (\u00e7o\u011funlukla Amerika Birle\u015fik Devletleri ve Britanya \u0130mparatorlu\u011fu) ile Japonya \u0130mparatorlu\u011fu aras\u0131nda \u00f6nemli bir \u00e7at\u0131\u015fma dizisiydi. \u00d6zellikle Guadalcanal Muharebesi, \u015fiddetli \u00e7at\u0131\u015fmalar\u0131n adalar\u0131n sava\u015ftaki hayati \u00f6nemini vurgulamas\u0131 nedeniyle Pasifik cephesinde bir d\u00f6n\u00fcm noktas\u0131yd\u0131.<\/p>\n<p>G\u00fcney Solomon Adalar\u0131, Haziran 1893&#039;te HMS Curacoa&#039;n\u0131n Kaptan\u0131 Herbert Gibson y\u00f6netiminde bir \u0130ngiliz himayesi haline geldi. S\u00f6m\u00fcrge d\u00f6nemi burada ba\u015flayacak ve yirminci y\u00fczy\u0131l\u0131n ortalar\u0131na kadar devam edecekti. \u00d6zy\u00f6netime yakla\u015fan \u0130ngiliz h\u00fck\u00fcmeti, resmi ad\u0131n\u0131 1975&#039;te &#034;\u0130ngiliz Solomon Adalar\u0131 Himayesi&#034;nden &#034;Solomon Adalar\u0131&#034;na de\u011fi\u015ftirdi. Bu s\u00fcre\u00e7, adalar\u0131n \u00f6zy\u00f6netim elde etti\u011fi 1976&#039;da doruk noktas\u0131na ula\u015ft\u0131; ard\u0131ndan nihai ba\u011f\u0131ms\u0131zl\u0131k 1978&#039;de geldi. Ba\u011f\u0131ms\u0131z olduktan sonra, ulus &#034;Solomon Adalar\u0131&#034; ad\u0131n\u0131 benimsedi, belirli makaleyi b\u0131rakt\u0131 ve anayasal monar\u015fi olarak tan\u0131nd\u0131.<\/p>\n<p>Solomon Adalar\u0131 bug\u00fcn Charles III&#039;\u00fc krallar\u0131 olarak kabul ediyor; kral, Ba\u015fbakan&#039;\u0131n \u00f6nerileri do\u011frultusunda se\u00e7ilen bir genel vali taraf\u0131ndan yerel olarak tasvir ediliyor. Adalara kendi ulusal kimliklerini verirken, bu politik \u00e7er\u00e7eve onlar\u0131n \u0130ngiliz Tac\u0131&#039;na olan tarihi ba\u011flar\u0131n\u0131 da kabul ediyor. Zengin tarihleri, \u00e7e\u015fitli k\u00fclt\u00fcrleri ve Pasifik Okyanusu&#039;ndaki \u00f6nemli konumlar\u0131ndan yararlanan Solomon Adalar\u0131, hala g\u00fcn\u00fcm\u00fcz zorluklar\u0131 ve f\u0131rsatlar\u0131yla kar\u015f\u0131 kar\u015f\u0131ya.<\/p>","protected":false},"excerpt":{"rendered":"<p>Solomon Adalar\u0131, bazen Solomonlar olarak da bilinir, Avustralya&#039;n\u0131n kuzeydo\u011fusundaki Okyanusya&#039;n\u0131n daha b\u00fcy\u00fck b\u00f6lgesinin bir par\u00e7as\u0131 olan Melanezya&#039;n\u0131n kalbinde yer alan g\u00fczel bir \u00fclkedir. Her biri 100 kilometrekareden fazla alana sahip 21 b\u00fcy\u00fck adadan olu\u015fan bu tak\u0131madalar Guadalcanal, Malaita, Makira ve Santa Isabel&#039;i i\u00e7erir. Bu geni\u015f kara k\u00fctlelerinin d\u0131\u015f\u0131nda, Solomon Adalar\u0131 yakla\u015f\u0131k 900 k\u00fc\u00e7\u00fck ada ile \u00e7evrilidir, bu nedenle zengin ve karma\u015f\u0131k bir kara ve deniz dokusu olu\u015fturur. Bat\u0131da Papua Yeni Gine&#039;den, g\u00fcneybat\u0131da Avustralya&#039;ya, g\u00fcneydo\u011fuda Yeni Kaledonya ve Vanuatu&#039;ya, do\u011fuda Fiji, Wallis ve Futuna ve Tuvalu&#039;ya kadar, Solomon Adalar\u0131 co\u011frafi olarak bir\u00e7ok ba\u015fka \u00fclkeye yak\u0131nd\u0131r. Kuzeyde Nauru ve Mikronezya Federe Devletleri.<\/p>","protected":false},"author":1,"featured_media":2859,"parent":24105,"menu_order":0,"comment_status":"closed","ping_status":"closed","template":"elementor_theme","meta":{"_eb_attr":"","footnotes":""},"class_list":["post-9773","page","type-page","status-publish","has-post-thumbnail"],"_links":{"self":[{"href":"https:\/\/travelshelper.com\/tr\/wp-json\/wp\/v2\/pages\/9773","targetHints":{"allow":["GET"]}}],"collection":[{"href":"https:\/\/travelshelper.com\/tr\/wp-json\/wp\/v2\/pages"}],"about":[{"href":"https:\/\/travelshelper.com\/tr\/wp-json\/wp\/v2\/types\/page"}],"author":[{"embeddable":true,"href":"https:\/\/travelshelper.com\/tr\/wp-json\/wp\/v2\/users\/1"}],"replies":[{"embeddable":true,"href":"https:\/\/travelshelper.com\/tr\/wp-json\/wp\/v2\/comments?post=9773"}],"version-history":[{"count":0,"href":"https:\/\/travelshelper.com\/tr\/wp-json\/wp\/v2\/pages\/9773\/revisions"}],"up":[{"embeddable":true,"href":"https:\/\/travelshelper.com\/tr\/wp-json\/wp\/v2\/pages\/24105"}],"wp:featuredmedia":[{"embeddable":true,"href":"https:\/\/travelshelper.com\/tr\/wp-json\/wp\/v2\/media\/2859"}],"wp:attachment":[{"href":"https:\/\/travelshelper.com\/tr\/wp-json\/wp\/v2\/media?parent=9773"}],"curies":[{"name":"wp","href":"https:\/\/api.w.org\/{rel}","templated":true}]}}