{"id":9692,"date":"2024-09-08T21:38:41","date_gmt":"2024-09-08T21:38:41","guid":{"rendered":"https:\/\/travelshelper.com\/staging\/?page_id=9692"},"modified":"2026-03-13T23:02:05","modified_gmt":"2026-03-13T23:02:05","slug":"yeni-zelanda","status":"publish","type":"page","link":"https:\/\/travelshelper.com\/tr\/destinations\/australia-and-oceania\/new-zealand\/","title":{"rendered":"Yeni Zelanda"},"content":{"rendered":"<p>Maori dilinde Aotearoa olarak adland\u0131r\u0131lan Yeni Zelanda, g\u00fcneybat\u0131 Pasifik Okyanusu&#039;nda bulunan ilgi \u00e7ekici bir ada \u00fclkesidir. Nefes kesen manzaralar\u0131 ve derin k\u00fclt\u00fcrel miras\u0131yla \u00fcnl\u00fcd\u00fcr. \u0130ki ana kara par\u00e7as\u0131ndan olu\u015fan Yeni Zelanda -Kuzey Adas\u0131 (Te Ika-a-M\u0101ui) ve G\u00fcney Adas\u0131 (Te Waipounamu)- ve 700&#039;den fazla k\u00fc\u00e7\u00fck adadan olu\u015fur ve alan bak\u0131m\u0131ndan alt\u0131nc\u0131 b\u00fcy\u00fck ada \u00fclkesidir. Tasman Denizi&#039;nin kar\u015f\u0131s\u0131nda Avustralya&#039;n\u0131n do\u011fusunda ve Yeni Kaledonya, Fiji ve Tonga&#039;n\u0131n g\u00fcneyinde yer al\u0131r ve \u00f6zellikle etkileyici G\u00fcney Alpleri olmak \u00fczere belirgin da\u011f zirveleriyle i\u015faretlenmi\u015f \u00e7e\u015fitli bir manzaraya sahiptir. Bu belirgin co\u011frafya \u00e7o\u011funlukla milyonlarca y\u0131l boyunca araziyi \u015fekillendiren tektonik y\u00fckselme ve volkanik aktiviteden kaynaklanmaktad\u0131r.<\/p>\n<p>Yeni Zelanda&#039;n\u0131n ba\u015fkenti Wellington&#039;dur, ancak Auckland en kalabal\u0131k \u015fehirdir. Bu metropol alanlar\u0131, \u00fclkenin dinamik ve b\u00fcy\u00fcyen kimli\u011fini temsil eden canl\u0131 k\u00fclt\u00fcr ve ticaret merkezleridir. \u00c7a\u011fda\u015f stat\u00fcs\u00fcne ra\u011fmen, Yeni Zelanda insanlar\u0131n ya\u015fad\u0131\u011f\u0131 son b\u00fcy\u00fck kara par\u00e7as\u0131yd\u0131. 1280&#039;den 1350&#039;ye kadar Polinezyal\u0131 denizciler adalara yerle\u015fmeye ba\u015flad\u0131 ve nihayetinde bug\u00fcn Yeni Zelanda&#039;n\u0131n kimli\u011finin temel bir par\u00e7as\u0131 olmaya devam eden benzersiz Maori k\u00fclt\u00fcr\u00fcn\u00fc geli\u015ftirdiler.<\/p>\n<p>Avrupal\u0131lar\u0131n Yeni Zelanda&#039;y\u0131 ke\u015ffi, adalar\u0131 g\u00f6zlemleyen ve belgeleyen ilk Avrupal\u0131 \u200b\u200bolan Hollandal\u0131 macerac\u0131 Abel Tasman ile 1642&#039;de ba\u015flad\u0131. \u0130ngiliz bir ka\u015fif olan Kaptan James Cook, 1769&#039;a kadar Yeni Zelanda&#039;ya gelip haritas\u0131n\u0131 \u00e7\u0131karmad\u0131 ve bu da daha sonraki temaslar\u0131 ve nihai s\u00f6m\u00fcrgele\u015ftirmeyi kolayla\u015ft\u0131rd\u0131. Birle\u015fik Krall\u0131k delegeleri ile M\u0101ori \u015fefleri aras\u0131nda 1840&#039;ta imzalanan Waitangi Antla\u015fmas\u0131, Yeni Zelanda tarihinde \u00f6nemli bir an\u0131 temsil ediyordu. Bu antla\u015fma, \u0130ngiliz egemenli\u011finin temelini olu\u015fturdu ve 1841&#039;de Yeni Zelanda Ta\u00e7 Kolonisi&#039;nin kurulmas\u0131n\u0131 sa\u011flad\u0131. Daha sonra, d\u00f6nem s\u00f6m\u00fcrge y\u00f6netimi ile M\u0101ori kabileleri aras\u0131ndaki anla\u015fmazl\u0131klarla karakterize edildi ve \u00f6nemli M\u0101ori topraklar\u0131n\u0131n yabanc\u0131la\u015ft\u0131r\u0131lmas\u0131na ve el konulmas\u0131na yol a\u00e7t\u0131.<\/p>\n<p>Yeni Zelanda&#039;n\u0131n ba\u011f\u0131ms\u0131zl\u0131\u011fa do\u011fru ilerlemesi kademeliydi. 1907&#039;de hakimiyet stat\u00fcs\u00fcne ula\u015ft\u0131 ve 1947&#039;de tam resmi ba\u011f\u0131ms\u0131zl\u0131\u011f\u0131n\u0131 elde etti, ayn\u0131 zamanda devletin ba\u015f\u0131 olarak \u0130ngiliz monar\u015fisini korudu. \u015eu anda Yeni Zelanda, yakla\u015f\u0131k 5,25 milyonluk bir n\u00fcfusa sahip dinamik ve kozmopolit bir \u00fclkedir. Bask\u0131n n\u00fcfus Avrupa k\u00f6kenlidir ve yerli M\u0101ori en b\u00fcy\u00fck az\u0131nl\u0131k grubunu olu\u015ftururken, yerini Asyal\u0131 ve Pasifik az\u0131nl\u0131klar alm\u0131\u015ft\u0131r. \u00c7e\u015fitlendirilmi\u015f demografik manzara, a\u011f\u0131rl\u0131kl\u0131 olarak M\u0101ori geleneklerinden ve erken d\u00f6nem \u0130ngiliz yerle\u015fimcilerinden kaynaklanan ve artan g\u00f6\u00e7\u00fcn \u00e7a\u011fda\u015f etkilerinden kaynaklanan Yeni Zelanda k\u00fclt\u00fcr\u00fcnde g\u00f6r\u00fclmektedir.<\/p>\n<p>\u00dclke \u00fc\u00e7 resmi dili kabul etmektedir: \u0130ngilizce, Maori ve Yeni Zelanda \u0130\u015faret Dili, \u0130ngilizce bask\u0131n dildir. Geli\u015fmi\u015f bir \u00fclke olan Yeni Zelanda, sosyal ilerlemede lider olmu\u015ftur. Asgari \u00fccreti belirleyen ve kad\u0131nlara oy hakk\u0131 tan\u0131yan ilk \u00fclkedir. \u00dclke, ya\u015fam kalitesi ve insan haklar\u0131 konusunda k\u00fcresel de\u011ferlendirmelerde s\u00fcrekli olarak y\u00fcksek s\u0131ralamalar elde etmektedir ve d\u00fcnya \u00e7ap\u0131nda alg\u0131lanan yolsuzlu\u011fun en d\u00fc\u015f\u00fck seviyelerinden birine sahip olmas\u0131yla tan\u0131nmaktad\u0131r. Yine de, \u00f6zellikle Maori ve Avrupa demografisi aras\u0131ndaki yap\u0131sal farkl\u0131l\u0131klarla m\u00fccadele etmeye devam etmektedir.<\/p>\n<p>1980&#039;lerde Yeni Zelanda, korumac\u0131 bir ekonomiden liberalle\u015ftirilmi\u015f serbest ticaret ekonomisine ge\u00e7i\u015f yaparak \u00f6nemli ekonomik d\u00f6n\u00fc\u015f\u00fcmler g\u00f6rd\u00fc. Hizmet sekt\u00f6r\u00fc ulusal ekonomiye hakimdir ve bunu sanayi sekt\u00f6r\u00fc ve tar\u0131m takip eder. Uluslararas\u0131 turizm hayati bir nakit kayna\u011f\u0131 olarak hizmet eder. Yeni Zelanda, Birle\u015fmi\u015f Milletler, Milletler Toplulu\u011fu, ANZUS ve Asya-Pasifik Ekonomik \u0130\u015fbirli\u011fi gibi \u00e7ok say\u0131da uluslararas\u0131 organizasyonda kat\u0131l\u0131mc\u0131d\u0131r. Avustralya ile payla\u015f\u0131lan belirgin bir &#034;Trans-Tasman&#034; kimli\u011fini kapsayan Amerika Birle\u015fik Devletleri, Birle\u015fik Krall\u0131k ve di\u011fer Pasifik \u00fclkeleriyle dikkat \u00e7ekici derecede g\u00fc\u00e7l\u00fc ba\u011flant\u0131lar s\u00fcrd\u00fcrmektedir.<\/p>\n<p>Yeni Zelanda, tek meclisli bir yasama organ\u0131 ile karakterize edilen bir parlamenter sistem i\u00e7inde i\u015flev g\u00f6r\u00fcr. Y\u00f6netime Ba\u015fbakan Christopher Luxon ba\u015fkanl\u0131k eder. \u00dclkenin h\u00fck\u00fcmdar\u0131 Kral Charles III&#039;t\u00fcr ve yerel olarak Genel Vali Cindy Kiro taraf\u0131ndan temsil edilir. Yeni Zelanda, yerel y\u00f6netim i\u00e7in 11 b\u00f6lgesel konseye ve 67 b\u00f6lgesel otoriteye ayr\u0131lm\u0131\u015ft\u0131r. Yeni Zelanda topraklar\u0131 yaln\u0131zca ana adalar\u0131n\u0131 de\u011fil ayn\u0131 zamanda Tokelau, Cook Adalar\u0131, Niue ve Antarktika&#039;daki Ross Ba\u011f\u0131ml\u0131l\u0131\u011f\u0131n\u0131 da kapsar.<\/p>","protected":false},"excerpt":{"rendered":"<p>Maori dilinde Aotearoa olarak adland\u0131r\u0131lan Yeni Zelanda, g\u00fcneybat\u0131 Pasifik Okyanusu&#039;nda bulunan ilgi \u00e7ekici bir ada \u00fclkesidir. Nefes kesen manzaralar\u0131 ve derin k\u00fclt\u00fcrel miras\u0131yla \u00fcnl\u00fcd\u00fcr. \u0130ki ana kara par\u00e7as\u0131ndan olu\u015fan Yeni Zelanda -Kuzey Adas\u0131 (Te Ika-a-M\u0101ui) ve G\u00fcney Adas\u0131 (Te Waipounamu)- ve 700&#039;den fazla k\u00fc\u00e7\u00fck adadan olu\u015fur ve alan bak\u0131m\u0131ndan alt\u0131nc\u0131 b\u00fcy\u00fck ada \u00fclkesidir. Tasman Denizi&#039;nin kar\u015f\u0131s\u0131nda Avustralya&#039;n\u0131n do\u011fusunda ve Yeni Kaledonya, Fiji ve Tonga&#039;n\u0131n g\u00fcneyinde yer al\u0131r ve \u00f6zellikle etkileyici G\u00fcney Alpleri olmak \u00fczere belirgin da\u011f zirveleriyle i\u015faretlenmi\u015f \u00e7e\u015fitli bir manzaraya sahiptir. Bu belirgin co\u011frafya \u00e7o\u011funlukla milyonlarca y\u0131l boyunca araziyi \u015fekillendiren tektonik y\u00fckselme ve volkanik aktiviteden kaynaklanmaktad\u0131r.<\/p>","protected":false},"author":1,"featured_media":4203,"parent":24105,"menu_order":0,"comment_status":"closed","ping_status":"closed","template":"elementor_theme","meta":{"_eb_attr":"","footnotes":""},"class_list":["post-9692","page","type-page","status-publish","has-post-thumbnail"],"_links":{"self":[{"href":"https:\/\/travelshelper.com\/tr\/wp-json\/wp\/v2\/pages\/9692","targetHints":{"allow":["GET"]}}],"collection":[{"href":"https:\/\/travelshelper.com\/tr\/wp-json\/wp\/v2\/pages"}],"about":[{"href":"https:\/\/travelshelper.com\/tr\/wp-json\/wp\/v2\/types\/page"}],"author":[{"embeddable":true,"href":"https:\/\/travelshelper.com\/tr\/wp-json\/wp\/v2\/users\/1"}],"replies":[{"embeddable":true,"href":"https:\/\/travelshelper.com\/tr\/wp-json\/wp\/v2\/comments?post=9692"}],"version-history":[{"count":0,"href":"https:\/\/travelshelper.com\/tr\/wp-json\/wp\/v2\/pages\/9692\/revisions"}],"up":[{"embeddable":true,"href":"https:\/\/travelshelper.com\/tr\/wp-json\/wp\/v2\/pages\/24105"}],"wp:featuredmedia":[{"embeddable":true,"href":"https:\/\/travelshelper.com\/tr\/wp-json\/wp\/v2\/media\/4203"}],"wp:attachment":[{"href":"https:\/\/travelshelper.com\/tr\/wp-json\/wp\/v2\/media?parent=9692"}],"curies":[{"name":"wp","href":"https:\/\/api.w.org\/{rel}","templated":true}]}}