{"id":9661,"date":"2024-09-08T21:01:07","date_gmt":"2024-09-08T21:01:07","guid":{"rendered":"https:\/\/travelshelper.com\/staging\/?page_id=9661"},"modified":"2026-03-13T23:10:04","modified_gmt":"2026-03-13T23:10:04","slug":"papua-yeni-gine","status":"publish","type":"page","link":"https:\/\/travelshelper.com\/tr\/destinations\/australia-and-oceania\/papua-new-guinea\/","title":{"rendered":"Papua Yeni Gine"},"content":{"rendered":"<p>\u0130lgi \u00e7ekici bir \u00fclke olan Papua Yeni Gine, ayn\u0131 zamanda Ba\u011f\u0131ms\u0131z Papua Yeni Gine Devleti olarak da bilinir ve Okyanusya&#039;da yer al\u0131r. Yeni Gine adas\u0131n\u0131n do\u011fu yar\u0131s\u0131yla birlikte, Avustralya&#039;n\u0131n kuzeyinde, g\u00fcneybat\u0131 Pasifik Okyanusu&#039;nun bir alan\u0131 olan Melanezya&#039;da birka\u00e7 a\u00e7\u0131k deniz adas\u0131n\u0131 kapsar. Papua Yeni Gine&#039;nin stratejik konumu onu birka\u00e7 \u00f6nemli kom\u015fuya yak\u0131n k\u0131lar: g\u00fcneyde Avustralya, do\u011fuda Solomon Adalar\u0131 ve bat\u0131da Endonezya. G\u00fcney k\u0131y\u0131s\u0131ndaki Port Moresby, \u00fclkenin ba\u015fkenti ve siyasetinin ve ticaretinin merkezidir.<\/p>\n<p>D\u00fcnyan\u0131n \u00fc\u00e7\u00fcnc\u00fc b\u00fcy\u00fck ada \u00fclkesi olan Papua Yeni Gine, 462.840 kilometrekare (178.700 mil kare) b\u00fcy\u00fckl\u00fc\u011f\u00fcndedir. Mangrovlardan ve k\u0131y\u0131 plajlar\u0131ndan dik tepelere ve derin ya\u011fmur ormanlar\u0131na kadar bir\u00e7ok ortam bu geni\u015f alan\u0131 tan\u0131mlar. \u00dclkenin topografyas\u0131, \u00e7arp\u0131c\u0131 bir manzara sunmas\u0131n\u0131n yan\u0131 s\u0131ra biyolojik \u00e7e\u015fitlili\u011fi ve k\u00fclt\u00fcrel \u00e7e\u015fitlili\u011fi a\u00e7\u0131s\u0131ndan da \u00f6nemlidir.<\/p>\n<p>\u00d6nemli d\u00fcnya olaylar\u0131 ve s\u00f6m\u00fcrge etkileri PNG&#039;nin \u00fclke olarak tarihini \u015fekillendirmi\u015ftir. 1880&#039;lerde, kuzeyde Alman Yeni Ginesi ve g\u00fcneyde \u0130ngiliz Topraklar\u0131 Papua topraklar\u0131 birbirinden ayr\u0131ld\u0131. Birinci D\u00fcnya Sava\u015f\u0131&#039;n\u0131n ard\u0131ndan, Alman kolonisinden Milletler Cemiyeti misyonu olarak Yeni Gine Topraklar\u0131 kurulduktan sonra t\u00fcm b\u00f6lge Avustralya kontrol\u00fc alt\u0131na girdi. B\u00fcy\u00fck bir sava\u015f alan\u0131 olan \u00fclke, II. D\u00fcnya Sava\u015f\u0131&#039;n\u0131n Yeni Gine harek\u00e2t\u0131 s\u0131ras\u0131nda \u00e7a\u011fda\u015f tarihini etkileyen \u015fiddetli \u00e7at\u0131\u015fmalara tan\u0131k oldu.<\/p>\n<p>1975&#039;te ba\u011f\u0131ms\u0131zl\u0131\u011f\u0131n\u0131 kazand\u0131ktan sonra Papua Yeni Gine, II. Elizabeth d\u00f6neminde bir Milletler Toplulu\u011fu \u00fclkesi oldu. Bu duru\u015f, 2022&#039;deki \u00f6l\u00fcm\u00fcne kadar devam etti ve bu noktada III. Charles onun yerini ald\u0131. S\u00f6m\u00fcrge ge\u00e7mi\u015fi nedeniyle, \u00fclkenin siyasi sistemi ve d\u0131\u015f politikas\u0131, b\u00f6lgesel ve k\u00fcresel olaylarda \u00f6nemli bir kat\u0131l\u0131mc\u0131 olma iste\u011fini g\u00f6stermektedir.<\/p>\n<p>Papua Yeni Gine&#039;nin en dikkat \u00e7ekici \u00f6zelliklerinden biri dil \u00e7e\u015fitlili\u011fidir. \u0130ngilizce de dahil olmak \u00fczere 840 bilinen dil ile bu \u00fclke d\u00fcnyan\u0131n dilsel olarak en \u00e7e\u015fitli \u00fclkesidir. Bu dil \u00e7e\u015fitlili\u011fi hem \u00fclkenin k\u00fclt\u00fcrel \u00e7e\u015fitlili\u011finin hem de yerli halk\u0131n\u0131n azminin kan\u0131t\u0131d\u0131r. \u00c7e\u015fitlilik olmas\u0131na ra\u011fmen, Papua Yeni Gine hala esasen k\u0131rsal bir \u00fclkedir; 2019 itibar\u0131yla n\u00fcfusun sadece ,25&#039;i \u015fehirlerde ikamet ediyordu. Geleneksel k\u00f6ylerde ya\u015famak, n\u00fcfusun \u00e7o\u011funun sosyal yap\u0131lar\u0131 ve kimlikleri i\u00e7in hayati \u00f6nem ta\u015f\u0131yan geleneksel ya\u015fam tarzlar\u0131n\u0131 s\u00fcrd\u00fcrmesine yard\u0131mc\u0131 olur.<\/p>\n<p>N\u00fcfus a\u00e7\u0131s\u0131ndan Papua Yeni Gine, Pasifik ada \u00fclkeleri aras\u0131nda en fazla n\u00fcfusa sahip \u00fclkedir. Aral\u0131k 2022 tahminleri, n\u00fcfusun h\u00fck\u00fcmetin \u00f6nceki 9,4 milyonluk tahmininden 17 milyona yak\u0131n olabilece\u011fini g\u00f6steriyor. Bu fark, b\u00f6ylesine \u00e7e\u015fitli ve karma\u015f\u0131k bir topografyaya sahip bir \u00fclkeyi sayman\u0131n ne kadar zor oldu\u011funu vurguluyor. Kaynak y\u00f6netimi ve kalk\u0131nma, \u00fclkenin n\u00fcfusunun b\u00fcy\u00fcme ve yay\u0131lma bi\u00e7iminden b\u00fcy\u00fck \u00f6l\u00e7\u00fcde etkileniyor.<\/p>\n<p>Papua Yeni Gine&#039;nin hayvan bollu\u011fu da bilinen bir di\u011fer \u00f6zelliktir. Baz\u0131 tahminler, \u00fclkenin \u00e7e\u015fitli ekosistemlerinin ke\u015ffedilmemi\u015f bir\u00e7ok bitki ve hayvan t\u00fcr\u00fcne ev sahipli\u011fi yapt\u0131\u011f\u0131n\u0131 ve bu da onu biyolojik \u00e7al\u0131\u015fma ve koruma programlar\u0131 i\u00e7in arzu edilen bir yer haline getirdi\u011fini s\u00f6yl\u00fcyor. Bu do\u011fal zenginlik hem bir fayda hem de bir sorundur \u00e7\u00fcnk\u00fc ekolojik korumay\u0131 ekonomik b\u00fcy\u00fcmeyle uzla\u015ft\u0131rmak i\u00e7in dikkatli bir y\u00f6netim gerektirir.<\/p>\n<p>Uluslararas\u0131 Para Fonu, Papua Yeni Gine ekonomisini geli\u015fmekte olan olarak de\u011ferlendiriyor. Bireylerin yakla\u015f\u0131k y\u00fczde k\u0131rk\u0131, esasen para sisteminin d\u0131\u015f\u0131nda, ge\u00e7imlik \u00e7ift\u00e7i olarak \u00e7al\u0131\u015f\u0131yor. Papua Yeni Gine Anayasas\u0131, bu geleneksel ya\u015fam bi\u00e7imini \u00f6zellikle kabul edip savunarak, geleneksel k\u00f6ylerin ve topluluklar\u0131n i\u015flevsel sosyal varl\u0131klar olarak de\u011ferini vurgular. Bu anayasal tan\u0131ma, yerli sosyal yap\u0131lar\u0131n her zaman ulusun kimli\u011fini ve y\u00f6netimini tan\u0131mlamadaki \u00f6nemini vurgular.<\/p>\n<p>D\u00fcnya sahnesinde, Papua Yeni Gine \u00e7e\u015fitli b\u00f6lgesel ve uluslararas\u0131 \u00f6rg\u00fctlerde aktif olarak yer almaktad\u0131r. Ba\u015flang\u0131\u00e7ta 1976&#039;dan beri g\u00f6zlemci devlet olan \u00fclke, G\u00fcneydo\u011fu Asya \u00dclkeleri Birli\u011fi&#039;ne (ASEAN) tam \u00fcyelik ba\u015fvurusunda bulunmu\u015ftur. Pasifik Toplulu\u011fu, Pasifik Adalar\u0131 Forumu, Milletler Toplulu\u011fu ve Birle\u015fmi\u015f Milletler taraf\u0131ndan tan\u0131nan tam \u00fcyeler aras\u0131nda yer almaktad\u0131r. Bu ba\u011flar, Papua Yeni Gine&#039;nin b\u00f6lgesel i\u015f birli\u011fine ne kadar ba\u011fl\u0131 oldu\u011funu ve d\u00fcnya meselelerini ne kadar etkilemek istedi\u011fini g\u00f6stermektedir.<\/p>","protected":false},"excerpt":{"rendered":"<p>\u0130lgi \u00e7ekici bir \u00fclke olan Papua Yeni Gine, ayn\u0131 zamanda Ba\u011f\u0131ms\u0131z Papua Yeni Gine Devleti olarak da bilinir ve Okyanusya&#039;da yer al\u0131r. Yeni Gine adas\u0131n\u0131n do\u011fu yar\u0131s\u0131yla birlikte, Avustralya&#039;n\u0131n kuzeyinde, g\u00fcneybat\u0131 Pasifik Okyanusu&#039;nun bir alan\u0131 olan Melanezya&#039;da birka\u00e7 a\u00e7\u0131k deniz adas\u0131n\u0131 kapsar. Papua Yeni Gine&#039;nin stratejik konumu onu birka\u00e7 \u00f6nemli kom\u015fuya yak\u0131n k\u0131lar: g\u00fcneyde Avustralya, do\u011fuda Solomon Adalar\u0131 ve bat\u0131da Endonezya. G\u00fcney k\u0131y\u0131s\u0131ndaki Port Moresby, \u00fclkenin ba\u015fkenti ve siyasetinin ve ticaretinin merkezidir.<\/p>","protected":false},"author":1,"featured_media":3890,"parent":24105,"menu_order":0,"comment_status":"closed","ping_status":"closed","template":"elementor_theme","meta":{"_eb_attr":"","footnotes":""},"class_list":["post-9661","page","type-page","status-publish","has-post-thumbnail"],"_links":{"self":[{"href":"https:\/\/travelshelper.com\/tr\/wp-json\/wp\/v2\/pages\/9661","targetHints":{"allow":["GET"]}}],"collection":[{"href":"https:\/\/travelshelper.com\/tr\/wp-json\/wp\/v2\/pages"}],"about":[{"href":"https:\/\/travelshelper.com\/tr\/wp-json\/wp\/v2\/types\/page"}],"author":[{"embeddable":true,"href":"https:\/\/travelshelper.com\/tr\/wp-json\/wp\/v2\/users\/1"}],"replies":[{"embeddable":true,"href":"https:\/\/travelshelper.com\/tr\/wp-json\/wp\/v2\/comments?post=9661"}],"version-history":[{"count":0,"href":"https:\/\/travelshelper.com\/tr\/wp-json\/wp\/v2\/pages\/9661\/revisions"}],"up":[{"embeddable":true,"href":"https:\/\/travelshelper.com\/tr\/wp-json\/wp\/v2\/pages\/24105"}],"wp:featuredmedia":[{"embeddable":true,"href":"https:\/\/travelshelper.com\/tr\/wp-json\/wp\/v2\/media\/3890"}],"wp:attachment":[{"href":"https:\/\/travelshelper.com\/tr\/wp-json\/wp\/v2\/media?parent=9661"}],"curies":[{"name":"wp","href":"https:\/\/api.w.org\/{rel}","templated":true}]}}