{"id":9641,"date":"2024-09-08T20:35:23","date_gmt":"2024-09-08T20:35:23","guid":{"rendered":"https:\/\/travelshelper.com\/staging\/?page_id=9641"},"modified":"2026-03-13T23:10:46","modified_gmt":"2026-03-13T23:10:46","slug":"palau","status":"publish","type":"page","link":"https:\/\/travelshelper.com\/tr\/destinations\/australia-and-oceania\/palau\/","title":{"rendered":"Palau"},"content":{"rendered":"<p>Palau, resmi olarak Palau Cumhuriyeti olarak bilinir, Okyanusya&#039;n\u0131n Mikronezya alt b\u00f6lgesinde yer alan b\u00fcy\u00fcleyici bir ada \u00fclkesidir ve Bat\u0131 Pasifik Okyanusu&#039;nda yer al\u0131r. Yakla\u015f\u0131k 340 adadan olu\u015fan bu b\u00fcy\u00fcleyici cumhuriyet, Mikronezya Federe Devletleri&#039;nin alanlar\u0131yla Caroline Adalar\u0131&#039;n\u0131n bat\u0131 zincirini kapsayan \u00e7arp\u0131c\u0131 bir tak\u0131mada olu\u015fturur. Palau k\u00fc\u00e7\u00fck olmas\u0131na ra\u011fmen do\u011fal g\u00fczellik, tarih ve k\u00fclt\u00fcrle dolu bir \u00fclkedir.<\/p>\n<p>466 kilometrekare (180 mil kare) y\u00fcz\u00f6l\u00e7\u00fcm\u00fcyle Palau, d\u00fcnyan\u0131n d\u00f6rd\u00fcnc\u00fc en k\u00fc\u00e7\u00fck \u00fclkesidir. Kara k\u00fctlesi olarak k\u00fc\u00e7\u00fck olsa da adalar, tertemiz plajlardan zengin tropikal ormanlara ve canl\u0131 mercan resiflerine kadar \u00e7e\u015fitli manzaralara sahiptir. Ayn\u0131 ad\u0131 ta\u015f\u0131yan Koror, \u00fclkenin en kalabal\u0131k adas\u0131 ve en b\u00fcy\u00fck \u015fehrinin bulundu\u011fu yerdir. Melekeok Eyaleti i\u00e7inde, ba\u015fkent Ngerulmud, en b\u00fcy\u00fck ada olan Babeldaob&#039;dad\u0131r. Palau&#039;nun stratejik konumu, onu \u00e7ok say\u0131da uluslararas\u0131 deniz s\u0131n\u0131r\u0131na yak\u0131n hale getirir; bunlar\u0131 do\u011fuda Mikronezya Federe Devletleri, g\u00fcneyde Endonezya ve kuzeybat\u0131da Filipinler ile payla\u015f\u0131r.<\/p>\n<p>Palau&#039;nun topografyas\u0131 kadar zengin ve \u00e7e\u015fitli bir tarihi vard\u0131r. Ba\u015flang\u0131\u00e7ta yakla\u015f\u0131k 3.000 y\u0131l \u00f6nce Deniz G\u00fcneydo\u011fu Asya&#039;s\u0131ndan gelen g\u00f6\u00e7menler taraf\u0131ndan kolonile\u015ftirilen Palau&#039;nun kendine \u00f6zg\u00fc k\u00fclt\u00fcrel dokusu bu erken topluluktan kaynaklanm\u0131\u015ft\u0131r. Samar&#039;da Filipin k\u0131y\u0131lar\u0131na ula\u015fan gemi kazas\u0131 ge\u00e7irmi\u015f Palaulular\u0131n hikayelerine dayanarak adalar\u0131 kaydeden Bohemyal\u0131 misyoner Paul Klein&#039;\u0131n \u00e7al\u0131\u015fmalar\u0131 sayesinde, ilk olarak bir Avrupa haritas\u0131nda ortaya \u00e7\u0131km\u0131\u015flard\u0131r.<\/p>\n<p>Palau, 1885&#039;te \u0130spanyol Do\u011fu Hint Adalar\u0131&#039;na kat\u0131ld\u0131 ve bu sayede Avrupa etkisi ba\u015flad\u0131. Ancak Alman-\u0130spanyol Antla\u015fmas\u0131 uyar\u0131nca, Almanya 1898&#039;deki \u0130spanyol-Amerikan Sava\u015f\u0131&#039;ndaki yenilgisinden sonra adalar\u0131 \u0130spanya&#039;dan sat\u0131n ald\u0131. Bu s\u00fcre boyunca Alman Yeni Ginesi&#039;ne verildiler. Milletler Cemiyeti&#039;nin G\u00fcney Denizleri Mandas\u0131 uyar\u0131nca, adalar I. D\u00fcnya Sava\u015f\u0131&#039;n\u0131n ard\u0131ndan Japon y\u00f6netimine ge\u00e7ti.<\/p>\n<p>Mariana ve Palau Adalar\u0131 harek\u00e2t\u0131n\u0131n bir par\u00e7as\u0131 olarak Amerikan ve Japon kuvvetleri aras\u0131ndaki yo\u011fun \u00e7at\u0131\u015fmalarla, II. D\u00fcnya Sava\u015f\u0131 Palau&#039;ya ciddi bir \u00e7eki\u015fme getirdi. Palau, 1947&#039;de \u0130kinci D\u00fcnya Sava\u015f\u0131 s\u0131ras\u0131nda Amerika Birle\u015fik Devletleri taraf\u0131ndan y\u00f6netilen Pasifik Adalar\u0131 G\u00fcven B\u00f6lgesi&#039;ne kat\u0131ld\u0131. Palau, 1978 referandumunda Mikronezya Federe Devletleri&#039;ne kat\u0131lmamay\u0131 se\u00e7ti, bu nedenle 1994&#039;te Amerika Birle\u015fik Devletleri ile \u00d6zg\u00fcr Ortakl\u0131k Anla\u015fmas\u0131 kapsam\u0131nda kendi kaderini tayin etme y\u00f6n\u00fcnde belirgin bir kayma ile tam egemenli\u011fe kavu\u015ftu.<\/p>\n<p>Palau bug\u00fcn Amerika Birle\u015fik Devletleri ile serbest ili\u015fki i\u00e7inde bir ba\u015fkanl\u0131k cumhuriyeti olarak y\u00f6netiliyor. Bu ba\u011flant\u0131, Amerika Birle\u015fik Devletleri&#039;nin savunma, para ve sosyal hizmet eri\u015fimi sa\u011flamas\u0131n\u0131 garanti alt\u0131na al\u0131yor ve bu nedenle istikrarl\u0131 bir siyasi ortam yarat\u0131yor. \u0130ki meclisli Palau Ulusal Kongresi, yasama yetkisine sahip ve bu nedenle \u00fclkenin politikalar\u0131n\u0131 olu\u015fturmada olduk\u00e7a \u00f6nemli.<\/p>\n<p>Palau ekonomik olarak \u00e7o\u011funlukla bal\u0131k\u00e7\u0131l\u0131\u011fa, ge\u00e7imlik tar\u0131ma ve turizme ba\u011fl\u0131d\u0131r. Adalar\u0131n\u0131n nefes kesici do\u011fal g\u00fczelli\u011fi (d\u00fcnya standartlar\u0131nda dal\u0131\u015f alanlar\u0131 dahil) her yerden turist \u00e7ekmektedir. Palau ekonomisini s\u00fcrd\u00fcrmede k\u00fcresel ittifaklar\u0131n de\u011ferini yans\u0131tan gayri safi milli has\u0131las\u0131n\u0131n (GSY\u0130H) \u00f6nemli bir k\u0131sm\u0131 d\u0131\u015f yard\u0131mlardan gelmektedir. Resmi para birimi ABD dolar\u0131d\u0131r, bu nedenle Amerikan ekonomisiyle olan ba\u011flar\u0131 g\u00fc\u00e7lendirir.<\/p>\n<p>Palau k\u00fclt\u00fcr\u00fcnde Mikronezya, Melanezya, Asya ve Bat\u0131 unsurlar\u0131 bol miktarda bulunur. Mikronezya, Melanezya ve Avustronezya k\u00f6kenli etnik Palaulular n\u00fcfusun \u00e7o\u011funlu\u011funu olu\u015fturur. \u00dclkenin dil sahnesi de bu k\u00fclt\u00fcr \u00e7e\u015fitlili\u011fini yans\u0131t\u0131r. Resmen \u0130ngilizce ve Palauan, Avustronezya dil ailesinin bir par\u00e7as\u0131d\u0131r. B\u00f6lgesel diller olarak tan\u0131nanlar aras\u0131nda Japonca, Sonsorolese ve Tobian da bulunur ve bu nedenle \u00fclkenin kozmopolit karakterini vurgular.<\/p>","protected":false},"excerpt":{"rendered":"<p>Palau, resmi olarak Palau Cumhuriyeti olarak bilinir, Okyanusya&#039;n\u0131n Mikronezya alt b\u00f6lgesinde yer alan b\u00fcy\u00fcleyici bir ada \u00fclkesidir ve Bat\u0131 Pasifik Okyanusu&#039;nda yer al\u0131r. Yakla\u015f\u0131k 340 adadan olu\u015fan bu b\u00fcy\u00fcleyici cumhuriyet, Mikronezya Federe Devletleri&#039;nin alanlar\u0131yla Caroline Adalar\u0131&#039;n\u0131n bat\u0131 zincirini kapsayan \u00e7arp\u0131c\u0131 bir tak\u0131mada olu\u015fturur. Palau k\u00fc\u00e7\u00fck olmas\u0131na ra\u011fmen do\u011fal g\u00fczellik, tarih ve k\u00fclt\u00fcrle dolu bir \u00fclkedir.<\/p>","protected":false},"author":1,"featured_media":3589,"parent":24105,"menu_order":0,"comment_status":"closed","ping_status":"closed","template":"elementor_theme","meta":{"_eb_attr":"","footnotes":""},"class_list":["post-9641","page","type-page","status-publish","has-post-thumbnail"],"_links":{"self":[{"href":"https:\/\/travelshelper.com\/tr\/wp-json\/wp\/v2\/pages\/9641","targetHints":{"allow":["GET"]}}],"collection":[{"href":"https:\/\/travelshelper.com\/tr\/wp-json\/wp\/v2\/pages"}],"about":[{"href":"https:\/\/travelshelper.com\/tr\/wp-json\/wp\/v2\/types\/page"}],"author":[{"embeddable":true,"href":"https:\/\/travelshelper.com\/tr\/wp-json\/wp\/v2\/users\/1"}],"replies":[{"embeddable":true,"href":"https:\/\/travelshelper.com\/tr\/wp-json\/wp\/v2\/comments?post=9641"}],"version-history":[{"count":0,"href":"https:\/\/travelshelper.com\/tr\/wp-json\/wp\/v2\/pages\/9641\/revisions"}],"up":[{"embeddable":true,"href":"https:\/\/travelshelper.com\/tr\/wp-json\/wp\/v2\/pages\/24105"}],"wp:featuredmedia":[{"embeddable":true,"href":"https:\/\/travelshelper.com\/tr\/wp-json\/wp\/v2\/media\/3589"}],"wp:attachment":[{"href":"https:\/\/travelshelper.com\/tr\/wp-json\/wp\/v2\/media?parent=9641"}],"curies":[{"name":"wp","href":"https:\/\/api.w.org\/{rel}","templated":true}]}}