{"id":9611,"date":"2024-09-08T19:59:37","date_gmt":"2024-09-08T19:59:37","guid":{"rendered":"https:\/\/travelshelper.com\/staging\/?page_id=9611"},"modified":"2026-03-13T22:56:56","modified_gmt":"2026-03-13T22:56:56","slug":"marshall-adalari","status":"publish","type":"page","link":"https:\/\/travelshelper.com\/tr\/destinations\/australia-and-oceania\/marshall-islands\/","title":{"rendered":"Marshall Adalar\u0131"},"content":{"rendered":"<p>Marshall Adalar\u0131, Marshallese dilinde \u1e42aje\u1e37 olarak an\u0131l\u0131r, resmi olarak Marshall Adalar\u0131 Cumhuriyeti (Aolep\u0101n Aor\u014dkin \u1e42aje\u1e37) olarak bilinir, Kuzeybat\u0131 Pasifik Okyanusu&#039;nun Mikronezya b\u00f6lgesinde bulunan egemen bir ada \u00fclkesidir. Uluslararas\u0131 Tarih \u00c7izgisi&#039;nin bat\u0131s\u0131nda ve ekvatorun kuzeyinde yer alan Marshall Adalar\u0131, zengin bir tarihe ve benzersiz co\u011frafi \u00f6zelliklere sahip kendine \u00f6zg\u00fc bir \u00fclkedir. \u00dclke, do\u011fuda Ratak ve bat\u0131da Ralik olmak \u00fczere iki ada zincirine kategorize edilmi\u015f 29 mercan atol\u00fcnden ve be\u015f adadan olu\u015fur. \u00d6zellikle, \u00fclkenin topraklar\u0131n\u0131n ,87&#039;si sudan olu\u015fmaktad\u0131r ve bu da onu en y\u00fcksek su-kara oran\u0131na sahip egemen devlet yapmaktad\u0131r.<\/p>\n<p>Marshall Adalar\u0131&#039;n\u0131n \u00e7ok say\u0131da b\u00f6lge ve \u00fclkeyle deniz s\u0131n\u0131rlar\u0131 vard\u0131r: Kuzeyde Wake Adas\u0131, g\u00fcneydo\u011fuda Kiribati, g\u00fcneyde Nauru ve bat\u0131da Mikronezya Federe Devletleri. Ba\u015fkent ve en b\u00fcy\u00fck \u015fehir olan Majuro, \u00fclke n\u00fcfusunun yakla\u015f\u0131k y\u00fczde ellisine ev sahipli\u011fi yaparak politik ve ekonomik merkez i\u015flevi g\u00f6rmektedir.<\/p>\n<p>Marshall Adalar\u0131&#039;n\u0131n tarihi, temel olarak M\u00d6 2. biny\u0131l kadar erken bir tarihte adalara ula\u015fan Avustronezya g\u00f6\u00e7\u00fcne dayanmaktad\u0131r. \u0130lk g\u00f6\u00e7menler, Hindistan cevizi, b\u00fcy\u00fck batakl\u0131k tarosu ve ekmek meyvesi gibi G\u00fcneydo\u011fu Asya mahsullerini ve evcille\u015ftirilmi\u015f k\u00fcmes hayvanlar\u0131n\u0131 getirerek adalar\u0131 kal\u0131c\u0131 olarak ya\u015fanabilir hale getirdiler. Birka\u00e7 \u0130spanyol ke\u015fif gezisi 16. y\u00fczy\u0131l\u0131n ortalar\u0131nda adalara ula\u015ft\u0131; ancak \u0130spanyol kalyonlar\u0131 genellikle daha kuzeyde bir Pasifik yolu izleyerek Marshall Adalar\u0131&#039;n\u0131 atlatt\u0131lar.<\/p>\n<p>Adalar, 1788&#039;de b\u00f6lgeyi ke\u015ffeden \u0130ngiliz kaptan John Marshall&#039;\u0131n onuruna isimlendirilmi\u015ftir. 1850&#039;lerde, Amerikan Protestan misyonerler ve Bat\u0131l\u0131 ticari \u00e7\u0131karlar b\u00f6lgeye gelmeye ba\u015flam\u0131\u015f ve bu da \u00f6nemli bir yabanc\u0131 etkisinin ba\u015flad\u0131\u011f\u0131n\u0131 g\u00f6stermektedir. 1870&#039;lerde ve 1880&#039;lerde, Alman kopra t\u00fcccarlar\u0131 ekonomiye hakim olmu\u015f ve bunun sonucunda Alman \u0130mparatorlu\u011fu 1885&#039;te Marshall Adalar\u0131&#039;n\u0131 bir himaye b\u00f6lgesi olarak ilhak etmi\u015ftir. I. D\u00fcnya Sava\u015f\u0131 s\u0131ras\u0131nda, Japon \u0130mparatorlu\u011fu adalar\u0131 i\u015fgal etmi\u015f ve adalar sava\u015ftan sonra Japon G\u00fcney Denizleri Mandas\u0131&#039;n\u0131n bir par\u00e7as\u0131 haline gelmi\u015ftir. II. D\u00fcnya Sava\u015f\u0131&#039;n\u0131n ard\u0131ndan, Amerika Birle\u015fik Devletleri yetkiyi ele ge\u00e7irmi\u015f ve adalar\u0131 Pasifik Adalar\u0131 G\u00fcven B\u00f6lgesi&#039;nin bir par\u00e7as\u0131 olarak y\u00f6netmi\u015ftir. 1946&#039;dan 1958&#039;e kadar, Amerika Birle\u015fik Devletleri Bikini Atol\u00fc ve Enewetak Atol\u00fc&#039;nde 67 n\u00fckleer deneme ger\u00e7ekle\u015ftirmi\u015f ve bu da adalar \u00fczerinde derin bir etki yaratm\u0131\u015ft\u0131r.<\/p>\n<p>\u00d6zy\u00f6netim aray\u0131\u015f\u0131, Pasifik adalar\u0131 i\u00e7in \u00f6zerkli\u011fi art\u0131rmay\u0131 ama\u00e7layan Mikronezya Kongresi&#039;nin 1965&#039;te kurulmas\u0131yla ba\u015flad\u0131. May\u0131s 1979&#039;da, Birle\u015fik Devletler Marshall Adalar\u0131&#039;n\u0131n anayasas\u0131n\u0131 ve ba\u015fkan\u0131 Amata Kabua&#039;y\u0131 kabul ederek \u00fclkeye ba\u011f\u0131ms\u0131zl\u0131k verdi. Savunma, mali destek ve Federal \u0130leti\u015fim Komisyonu ve Birle\u015fik Devletler Posta Servisi gibi ABD kurumlar\u0131na eri\u015fim sa\u011flayan Birle\u015fik Devletler ile Serbest Ortakl\u0131k Anla\u015fmas\u0131 kapsam\u0131nda tam egemenlik elde edildi. Marshall Adalar\u0131, 1983&#039;ten beri Pasifik Toplulu\u011fu&#039;nun bir \u00fcyesidir ve 1991&#039;de Birle\u015fmi\u015f Milletler \u00fcyesi olmu\u015ftur.<\/p>\n<p>Marshall Adalar\u0131 ekonomisi a\u011f\u0131rl\u0131kl\u0131 olarak hizmet odakl\u0131d\u0131r, bal\u0131k\u00e7\u0131l\u0131k ve tar\u0131mla desteklenir ve ABD&#039;den gelen \u00f6nemli mali yard\u0131m GSY\u0130H&#039;sinin \u00f6nemli bir b\u00f6l\u00fcm\u00fcn\u00fc olu\u015fturur. Ba\u015flang\u0131\u00e7ta 2023&#039;te sonu\u00e7lanmas\u0131 planlanan Serbest Dernek Anla\u015fmas\u0131 taraf\u0131ndan sa\u011flanan mali yard\u0131m 20 y\u0131l daha uzat\u0131ld\u0131. \u00dclke, para birimi olarak ABD dolar\u0131n\u0131 kullan\u0131yor ve 2018&#039;de yasal para olarak yeni bir kripto para birimi uygulama niyetini a\u00e7\u0131klad\u0131.<\/p>\n<p>Marshall Adalar\u0131&#039;n\u0131n n\u00fcfusu, esas olarak Marshall k\u00f6kenli bireylerden ve Amerika Birle\u015fik Devletleri, \u00c7in, Filipinler ve di\u011fer Pasifik adalar\u0131ndan gelen k\u00fc\u00e7\u00fck g\u00f6\u00e7men topluluklar\u0131ndan olu\u015fur. Marshall dili ve \u0130ngilizce, \u00fclkenin k\u00fclt\u00fcrel miras\u0131n\u0131 ve tarihi ba\u011flant\u0131lar\u0131n\u0131 temsil eden resmi diller olarak hizmet eder. Din, k\u00fclt\u00fcr\u00fcn ayr\u0131lmaz bir par\u00e7as\u0131d\u0131r ve halk\u0131n neredeyse tamam\u0131 bir t\u00fcr inan\u00e7 sistemine ba\u011fl\u0131d\u0131r. Bask\u0131n ba\u011fl\u0131l\u0131klar, Marshall Adalar\u0131&#039;ndaki United Church of Christ - Congregational veya Assemblies of God&#039;d\u0131r.<\/p>","protected":false},"excerpt":{"rendered":"<p>Marshall Adalar\u0131, Marshallese dilinde \u1e42aje\u1e37 olarak an\u0131l\u0131r, resmi olarak Marshall Adalar\u0131 Cumhuriyeti (Aolep\u0101n Aor\u014dkin \u1e42aje\u1e37) olarak bilinir, Kuzeybat\u0131 Pasifik Okyanusu&#039;nun Mikronezya b\u00f6lgesinde bulunan egemen bir ada \u00fclkesidir. Uluslararas\u0131 Tarih \u00c7izgisi&#039;nin bat\u0131s\u0131nda ve ekvatorun kuzeyinde yer alan Marshall Adalar\u0131, zengin bir tarihe ve benzersiz co\u011frafi \u00f6zelliklere sahip kendine \u00f6zg\u00fc bir \u00fclkedir. \u00dclke, do\u011fuda Ratak ve bat\u0131da Ralik olmak \u00fczere iki ada zincirine kategorize edilmi\u015f 29 mercan atol\u00fcnden ve be\u015f adadan olu\u015fur. \u00d6zellikle, \u00fclkenin topraklar\u0131n\u0131n ,87&#039;si sudan olu\u015fmaktad\u0131r ve bu da onu en y\u00fcksek su-kara oran\u0131na sahip egemen devlet yapmaktad\u0131r.<\/p>","protected":false},"author":1,"featured_media":3354,"parent":24105,"menu_order":0,"comment_status":"closed","ping_status":"closed","template":"elementor_theme","meta":{"_eb_attr":"","footnotes":""},"class_list":["post-9611","page","type-page","status-publish","has-post-thumbnail"],"_links":{"self":[{"href":"https:\/\/travelshelper.com\/tr\/wp-json\/wp\/v2\/pages\/9611","targetHints":{"allow":["GET"]}}],"collection":[{"href":"https:\/\/travelshelper.com\/tr\/wp-json\/wp\/v2\/pages"}],"about":[{"href":"https:\/\/travelshelper.com\/tr\/wp-json\/wp\/v2\/types\/page"}],"author":[{"embeddable":true,"href":"https:\/\/travelshelper.com\/tr\/wp-json\/wp\/v2\/users\/1"}],"replies":[{"embeddable":true,"href":"https:\/\/travelshelper.com\/tr\/wp-json\/wp\/v2\/comments?post=9611"}],"version-history":[{"count":0,"href":"https:\/\/travelshelper.com\/tr\/wp-json\/wp\/v2\/pages\/9611\/revisions"}],"up":[{"embeddable":true,"href":"https:\/\/travelshelper.com\/tr\/wp-json\/wp\/v2\/pages\/24105"}],"wp:featuredmedia":[{"embeddable":true,"href":"https:\/\/travelshelper.com\/tr\/wp-json\/wp\/v2\/media\/3354"}],"wp:attachment":[{"href":"https:\/\/travelshelper.com\/tr\/wp-json\/wp\/v2\/media?parent=9611"}],"curies":[{"name":"wp","href":"https:\/\/api.w.org\/{rel}","templated":true}]}}