{"id":9583,"date":"2024-09-08T19:33:00","date_gmt":"2024-09-08T19:33:00","guid":{"rendered":"https:\/\/travelshelper.com\/staging\/?page_id=9583"},"modified":"2026-03-13T23:17:37","modified_gmt":"2026-03-13T23:17:37","slug":"vanuatu","status":"publish","type":"page","link":"https:\/\/travelshelper.com\/tr\/destinations\/australia-and-oceania\/vanuatu\/","title":{"rendered":"Vanuatu"},"content":{"rendered":"<p>Resmen Vanuatu Cumhuriyeti olarak bilinen Vanuatu, G\u00fcney Pasifik Okyanusu&#039;nda, Melanezya&#039;n\u0131n merkezi b\u00f6lgesinde yer alan ilgi \u00e7ekici bir ada \u00fclkesidir. Kuzey Avustralya&#039;n\u0131n 1.750 kilometre (1.090 mil) do\u011fusunda, Yeni Kaledonya&#039;n\u0131n 540 kilometre (340 mil) kuzeydo\u011fusunda, Yeni Gine&#039;nin do\u011fusunda, Solomon Adalar\u0131&#039;n\u0131n g\u00fcneydo\u011fusunda ve Fiji&#039;nin bat\u0131s\u0131nda, volkanik ba\u015flang\u0131c\u0131yla bilinen bu tak\u0131mada yer almaktad\u0131r. Vanuatu&#039;nun benzersiz co\u011frafi konumu, k\u00fclt\u00fcrel etkilerin bir araya gelmesine yol a\u00e7m\u0131\u015f ve onu \u00f6nemli bir Pasifik \u00fclkesi olarak tan\u0131mlam\u0131\u015ft\u0131r.<\/p>\n<p>Vanuatu&#039;nun tarihi, binlerce y\u0131l \u00f6nce adalara ilk yerle\u015fen Melanezyal\u0131 halkla s\u0131k\u0131 s\u0131k\u0131ya i\u00e7 i\u00e7edir. \u0130lk g\u00f6\u00e7menler, zaman i\u00e7inde varl\u0131\u011f\u0131n\u0131 s\u00fcrd\u00fcren geli\u015fmi\u015f k\u00fclt\u00fcrel gelenekler ve diller getirmi\u015flerdir. Avrupal\u0131lar\u0131n Vanuatu ile ilk temas\u0131, 1606 y\u0131l\u0131nda Portekizli denizci Fernandes de Queir\u00f3s&#039;un \u00f6nderli\u011finde en b\u00fcy\u00fck ada olan Esp\u00edritu Santo&#039;ya do\u011fru yola \u00e7\u0131kan \u0130spanyol bir ke\u015fif gezisiyle ger\u00e7ekle\u015fmi\u015ftir. Adan\u0131n cazibesinden ve f\u0131rsatlar\u0131ndan ilham alan Queir\u00f3s, s\u00f6m\u00fcrgeci \u0130spanyol Do\u011fu Hint Adalar\u0131&#039;n\u0131n bir par\u00e7as\u0131 olarak tak\u0131madalar \u00fczerindeki \u0130spanya egemenli\u011fini talep etmi\u015f ve b\u00f6ylece La Austrialia del Esp\u00edritu Santo ad\u0131n\u0131 vermi\u015ftir. \u00d6nemli s\u00f6m\u00fcrge faaliyetlerinin ortaya \u00e7\u0131kmas\u0131 y\u00fczy\u0131llar alsa da, bu b\u00f6lgeyle Avrupal\u0131 \u200b\u200betkile\u015fiminin ba\u015flang\u0131c\u0131 olmu\u015ftur.<\/p>\n<p>19. y\u00fczy\u0131l\u0131n sonlar\u0131nda, Avrupa&#039;n\u0131n Pasifik adalar\u0131yla (Vanuatu dahil) etkile\u015fimi art\u0131yordu. Fransa ve Birle\u015fik Krall\u0131k, 1880&#039;lerde tak\u0131madalar\u0131n topraklar\u0131n\u0131 talep etmi\u015fti. \u00c7\u0131karlar\u0131n bulu\u015fmas\u0131, her iki ulusun da adalar\u0131 Yeni Hebridler olarak bilinen bir \u0130ngiliz-Frans\u0131z kondominyumu alt\u0131nda ortakla\u015fa izlemeyi kabul etmesiyle 1906&#039;da benzersiz bir s\u00f6m\u00fcrge \u00e7er\u00e7evesi \u00fcretti. Her biri benzersiz dilleri, hukuk sistemleri ve idari teknikleriyle ay\u0131rt edilen iki farkl\u0131 s\u00f6m\u00fcrge g\u00fcc\u00fc i\u015fbirli\u011fi yapmak zorunda oldu\u011fundan, bu d\u00fczenleme s\u00f6m\u00fcrge tarihinde \u00f6ne \u00e7\u0131kmaktad\u0131r. Kondominyumlar d\u00f6nemi, sonunda Vanuatu&#039;nun modern siyasi sahnesinin temelini olu\u015fturan karma\u015f\u0131k ve genellikle tart\u0131\u015fmal\u0131 bir y\u00f6netim yap\u0131s\u0131 sergiledi.<\/p>\n<p>Vanuatu da bu kural\u0131n bir istisnas\u0131 olmad\u0131\u011f\u0131 i\u00e7in, 20. y\u00fczy\u0131l\u0131n ortalar\u0131 k\u00fcresel olarak ya\u015fanan b\u00fcy\u00fck bir \u00e7alkant\u0131 ve de\u011fi\u015fim d\u00f6nemiydi. Ulusal kimli\u011fe dair artan fark\u0131ndal\u0131k ve g\u00fc\u00e7l\u00fc bir \u00f6zy\u00f6netim arzusuyla y\u00f6nlendirilen bir ba\u011f\u0131ms\u0131zl\u0131k hareketi 1970&#039;lerde ortaya \u00e7\u0131kt\u0131. Adal\u0131lar\u0131n ileti\u015fim ve i\u015fbirli\u011fi yoluyla \u00f6zg\u00fcrl\u00fck kazanma kararl\u0131l\u0131\u011f\u0131n\u0131 vurgulayan hareket a\u00e7\u0131k\u00e7a \u015fiddet i\u00e7ermeyen g\u00f6sterilere ve m\u00fczakerelere yo\u011funla\u015ft\u0131. Y\u0131llar s\u00fcren \u00e7al\u0131\u015fmalar\u0131n ard\u0131ndan, bu \u00e7abalar 1980&#039;de ger\u00e7ekle\u015fti ve Vanuatu Cumhuriyeti ortaya \u00e7\u0131kt\u0131. Ba\u011f\u0131ms\u0131zl\u0131\u011fa do\u011fru de\u011fi\u015fim olduk\u00e7a do\u011fal bir \u015fekilde ger\u00e7ekle\u015fti ve bu yeni \u00fclkenin d\u00fcnya sahnesinde h\u0131zla profilini olu\u015fturmas\u0131n\u0131 sa\u011flad\u0131.<\/p>\n<p>Vanuatu, ba\u011f\u0131ms\u0131zl\u0131\u011f\u0131n\u0131 kazand\u0131\u011f\u0131ndan beri d\u00fcnya toplulu\u011fuyla metodik bir \u015fekilde etkile\u015fime girmi\u015f ve birka\u00e7 \u00f6nemli gruba \u00fcye olmu\u015ftur. Birle\u015fmi\u015f Milletler&#039;e kat\u0131larak \u00fclke, d\u00fcnya bar\u0131\u015f\u0131na ve grup projelerine olan ba\u011fl\u0131l\u0131\u011f\u0131n\u0131 kan\u0131tlam\u0131\u015ft\u0131r. Milletler Toplulu\u011fu&#039;nun bir par\u00e7as\u0131 olan Vanuatu, ortak k\u00fclt\u00fcrel ve tarihi ge\u00e7mi\u015flerini kullanarak di\u011fer eski \u0130ngiliz kolonileriyle g\u00fc\u00e7l\u00fc ba\u011flar s\u00fcrd\u00fcrmektedir. Organisation internationale de la Francophonie&#039;deki \u00fcyeli\u011fi, Frans\u0131z s\u00f6m\u00fcrgecili\u011fiyle olan tarihi ba\u011flar\u0131n\u0131 ve Frans\u0131z dili ve k\u00fclt\u00fcr\u00fcn\u00fcn devam eden etkisini de g\u00f6stermektedir. Vanuatu, Pasifik Adalar\u0131 \u00fclkeleri aras\u0131nda i\u015f birli\u011fini ve kalk\u0131nmay\u0131 te\u015fvik etmeyi ama\u00e7layan b\u00f6lgesel bir kurulu\u015f olan Pasifik Adalar\u0131 Forumu&#039;nun bir \u00fcyesidir.<\/p>\n<p>Vanuatu&#039;nun \u00f6zellikle dikkat \u00e7ekici bir \u00f6zelli\u011fi, b\u00fcy\u00fck k\u00fclt\u00fcrel \u00e7e\u015fitlili\u011fidir. 100&#039;den fazla yerli dile sahip olan \u00fclke, d\u00fcnyan\u0131n dilsel a\u00e7\u0131dan en \u00e7e\u015fitli uluslar\u0131 aras\u0131ndad\u0131r. Hem antik m\u00fczik ve dans hem de benzersiz ayinler ve t\u00f6renler de dahil olmak \u00fczere dinamik bir k\u00fclt\u00fcrel uygulama yelpazesi, dilsel \u00e7e\u015fitlili\u011fi vurgular. Zengin ya\u011fmur ormanlar\u0131, tertemiz plajlar ve bir dizi muhte\u015fem ortama ve \u00e7e\u015fitli ekosistemlere katk\u0131da bulunan aktif yanarda\u011flarla, \u00fclkenin do\u011fal g\u00fczelli\u011fi g\u00fc\u00e7l\u00fc bir dava olu\u015fturur.<\/p>\n<p>Vanuatu&#039;nun ekonomisi esas olarak a\u00e7\u0131k deniz finansal hizmetleri, turizm ve tar\u0131m etraf\u0131nda \u015fekillenmi\u015ftir. Zengin volkanik toprak, kahve, kakao ve hindistan cevizi gibi \u00e7e\u015fitli \u00fcr\u00fcnlerin yeti\u015ftirilmesini kolayla\u015ft\u0131r\u0131r; bunlar\u0131n hepsi \u00f6nemli ihracatlard\u0131r. Adalar\u0131n muhte\u015fem do\u011fal g\u00fczelli\u011fine, \u00e7e\u015fitli k\u00fclt\u00fcrel miras\u0131na ve hem macera hem de e\u011flence olana\u011f\u0131na \u00e7ekilen ziyaret\u00e7iler, seyahat sekt\u00f6r\u00fcndeki b\u00fcy\u00fcmeyi y\u00f6nlendirmektedir.<\/p>","protected":false},"excerpt":{"rendered":"<p>Resmen Vanuatu Cumhuriyeti olarak bilinen Vanuatu, G\u00fcney Pasifik Okyanusu&#039;nda, Melanezya&#039;n\u0131n merkezi b\u00f6lgesinde yer alan ilgi \u00e7ekici bir ada \u00fclkesidir. Kuzey Avustralya&#039;n\u0131n 1.750 kilometre (1.090 mil) do\u011fusunda, Yeni Kaledonya&#039;n\u0131n 540 kilometre (340 mil) kuzeydo\u011fusunda, Yeni Gine&#039;nin do\u011fusunda, Solomon Adalar\u0131&#039;n\u0131n g\u00fcneydo\u011fusunda ve Fiji&#039;nin bat\u0131s\u0131nda, volkanik ba\u015flang\u0131c\u0131yla bilinen bu tak\u0131mada yer almaktad\u0131r. Vanuatu&#039;nun benzersiz co\u011frafi konumu, k\u00fclt\u00fcrel etkilerin bir araya gelmesine yol a\u00e7m\u0131\u015f ve onu \u00f6nemli bir Pasifik \u00fclkesi olarak tan\u0131mlam\u0131\u015ft\u0131r.<\/p>","protected":false},"author":1,"featured_media":4267,"parent":24105,"menu_order":0,"comment_status":"closed","ping_status":"closed","template":"elementor_theme","meta":{"_eb_attr":"","footnotes":""},"class_list":["post-9583","page","type-page","status-publish","has-post-thumbnail"],"_links":{"self":[{"href":"https:\/\/travelshelper.com\/tr\/wp-json\/wp\/v2\/pages\/9583","targetHints":{"allow":["GET"]}}],"collection":[{"href":"https:\/\/travelshelper.com\/tr\/wp-json\/wp\/v2\/pages"}],"about":[{"href":"https:\/\/travelshelper.com\/tr\/wp-json\/wp\/v2\/types\/page"}],"author":[{"embeddable":true,"href":"https:\/\/travelshelper.com\/tr\/wp-json\/wp\/v2\/users\/1"}],"replies":[{"embeddable":true,"href":"https:\/\/travelshelper.com\/tr\/wp-json\/wp\/v2\/comments?post=9583"}],"version-history":[{"count":0,"href":"https:\/\/travelshelper.com\/tr\/wp-json\/wp\/v2\/pages\/9583\/revisions"}],"up":[{"embeddable":true,"href":"https:\/\/travelshelper.com\/tr\/wp-json\/wp\/v2\/pages\/24105"}],"wp:featuredmedia":[{"embeddable":true,"href":"https:\/\/travelshelper.com\/tr\/wp-json\/wp\/v2\/media\/4267"}],"wp:attachment":[{"href":"https:\/\/travelshelper.com\/tr\/wp-json\/wp\/v2\/media?parent=9583"}],"curies":[{"name":"wp","href":"https:\/\/api.w.org\/{rel}","templated":true}]}}