{"id":9577,"date":"2024-09-08T19:25:43","date_gmt":"2024-09-08T19:25:43","guid":{"rendered":"https:\/\/travelshelper.com\/staging\/?page_id=9577"},"modified":"2026-03-13T23:08:33","modified_gmt":"2026-03-13T23:08:33","slug":"apia","status":"publish","type":"page","link":"https:\/\/travelshelper.com\/tr\/destinations\/australia-and-oceania\/samoa\/apia\/","title":{"rendered":"Apia"},"content":{"rendered":"<p>Samoa&#039;n\u0131n ikinci b\u00fcy\u00fck adas\u0131nda, merkezi kuzey k\u0131y\u0131s\u0131nda yer alan enerjik ba\u015fkent Apia, k\u00fclt\u00fcrel miras ve modern geli\u015fimin \u00f6zel bir kar\u0131\u015f\u0131m\u0131d\u0131r. Tuamasaga siyasi b\u00f6lgesine ba\u011fl\u0131 olan Apia, Samoa&#039;n\u0131n siyasi, ekonomik ve k\u00fclt\u00fcrel merkezidir ve oradaki tek \u015fehirdir. Bu giri\u015f, \u015fehri karakterize eden topografya, iklim, altyap\u0131 ve Pasifik aktivite merkezine bakmaktad\u0131r.<\/p>\n<p>2021 n\u00fcfus say\u0131m\u0131na g\u00f6re n\u00fcfusu yakla\u015f\u0131k 35.974 olan Apia&#039;n\u0131n fiziksel s\u0131n\u0131rlar\u0131 do\u011fuda Letogo k\u00f6y\u00fcnden bat\u0131da Vaitele k\u00f6y\u00fcn\u00fcn sanayi b\u00f6lgesine kadar uzan\u0131yor. Vaisigano Nehri&#039;nin a\u011fz\u0131ndaki do\u011fal bir limana stratejik olarak yerle\u015ftirilen \u015fehir, g\u00fcneyde g\u00f6rkemli bir \u015fekilde y\u00fckselen, se\u00e7kin yazar Robert Louis Stevenson&#039;\u0131n son dinlenme yeri olan Mount Vaea ile muhte\u015fem bir fon sunuyor. Nehrin her iki yakas\u0131nda g\u00fcneye uzanan iki b\u00fcy\u00fck s\u0131rt, \u015fehrin sil\u00fcetini belirliyor; adan\u0131n kuzeyden g\u00fcneye uzanan birka\u00e7 ana caddesinden biri olan Cross Island Road da dahil olmak \u00fczere yollar bu s\u0131rtlar boyunca uzan\u0131yor.<\/p>\n<p>Apia, K\u00f6ppen iklim s\u0131n\u0131fland\u0131rmas\u0131na g\u00f6re &#034;Af&#034; olarak s\u0131n\u0131fland\u0131r\u0131l\u0131r ve tropikal bir ya\u011fmur orman\u0131 ortam\u0131na sahiptir. Y\u0131l boyunca ortalama yakla\u015f\u0131k 26\u00b0C (79\u00b0F) olan tutarl\u0131 s\u0131cakl\u0131klar bu ortam\u0131 tan\u0131mlar. \u015eehirde belirgin bir \u0131slak ve kuru mevsim vard\u0131r; Temmuz ve A\u011fustos, ya\u011f\u0131\u015f ortalamas\u0131 yakla\u015f\u0131k 80 milimetre oldu\u011funda en kurak aylard\u0131r. Buna kar\u015f\u0131l\u0131k, en ya\u011f\u0131\u015fl\u0131 d\u00f6nem Aral\u0131k&#039;tan Mart&#039;a kadar s\u00fcrer ve ayl\u0131k ya\u011f\u0131\u015f genellikle 300 mililitreyi a\u015far. Apia&#039;n\u0131n tropikal ortam\u0131 iklimini tan\u0131mlamaz; bunun yerine, ticaret r\u00fczgarlar\u0131 ve sporad\u0131k siklonlar onu \u015fekillendirir ve bu nedenle belirgin hava desenleri \u00fcretir. \u015eehir, y\u0131ll\u0131k yakla\u015f\u0131k 3.000 mililitre ya\u011fmur al\u0131r ve bu da zengin ekosistemleri ve g\u00fcr bitkileri destekler.<\/p>\n<p>Samoa&#039;n\u0131n d\u0131\u015f ticareti i\u00e7in hayati \u00f6nem ta\u015f\u0131yan Apia Liman\u0131, \u00fclkenin en b\u00fcy\u00fck ve en yo\u011fun liman\u0131d\u0131r. Tokelau ve Amerikan Samoa&#039;ya ba\u011flanan feribotlar\u0131n yan\u0131 s\u0131ra LPG gaz\u0131, yak\u0131t ithalat\u0131 ve konteyner gemilerine de uygundur. Bu yo\u011fun liman, Apia&#039;n\u0131n insanlar ve ticaret i\u00e7in bir kap\u0131 olarak \u00f6nemini vurgular ve bu nedenle k\u00fclt\u00fcrel etkile\u015fimi ve ekonomik kalk\u0131nmay\u0131 m\u00fcmk\u00fcn k\u0131lar.<\/p>\n<p>\u015eehrin ula\u015f\u0131m altyap\u0131s\u0131 olduk\u00e7a geli\u015fmi\u015ftir ve tipik olarak iyi bak\u0131ml\u0131 kapsaml\u0131 bir yol sistemine sahiptir. Asfaltlanmam\u0131\u015f yollar daha az d\u00fczenli trafi\u011fe hizmet ederken, ana yollar\u0131n \u00e7o\u011fu asfaltlanm\u0131\u015ft\u0131r. B\u00f6lgesel standartlara uygun olarak, ara\u00e7lar Eyl\u00fcl 2009&#039;dan beri yolun sol taraf\u0131nda seyretmektedir. Samoa h\u00fck\u00fcmeti, 2012&#039;de Apia Kentsel Alan\u0131&#039;n\u0131 \u00e7evreleyen ana yollarda \u00f6nemli bir revizyona ba\u015flad\u0131 ve artan trafik y\u00fcklerini kar\u015f\u0131lamak i\u00e7in \u00f6nemli otoyollar\u0131 kademeli olarak geni\u015fletti.<\/p>\n<p>Apia, demir yolu veya tramvay olmamas\u0131na ra\u011fmen b\u00fcy\u00fck, \u00f6zelle\u015ftirilmi\u015f bir otob\u00fcs ve taksi a\u011f\u0131yla hizmet veriyor. \u015eehir i\u00e7inde, y\u00fcr\u00fcmek hala pop\u00fcler bir ula\u015f\u0131m bi\u00e7imi; insanlar rutin olarak k\u0131sa mesafeleri y\u00fcr\u00fcyerek kat ediyor. Motosikletler ve bisikletler biraz nadir olsa da, araba sahipli\u011findeki art\u0131\u015f trafik s\u0131k\u0131\u015f\u0131kl\u0131\u011f\u0131na ve dolay\u0131s\u0131yla yol altyap\u0131s\u0131na b\u00fcy\u00fck harcamalara neden oldu.<\/p>\n<p>Samoa&#039;n\u0131n ana yabanc\u0131 giri\u015fi, Apia&#039;n\u0131n k\u0131rk dakika bat\u0131s\u0131ndaki Faleolo Uluslararas\u0131 Havaalan\u0131&#039;d\u0131r. Polynesian Airlines ve Talofa Airways gibi b\u00fcy\u00fck yerel ta\u015f\u0131y\u0131c\u0131lar Samoa&#039;ya daha geni\u015f Pasifik b\u00f6lgesine ve \u00f6tesine hizmet vermektedir. Fagali&#039;nin daha k\u00fc\u00e7\u00fck havaalan\u0131 olan Fagali&#039;i Havaalan\u0131 da tarihsel olarak Amerikan Samoa&#039;s\u0131ndaki Pago Pago&#039;ya i\u00e7 hat u\u00e7u\u015flar\u0131n\u0131 ve baz\u0131 uluslararas\u0131 rotalar\u0131 m\u00fcmk\u00fcn k\u0131lm\u0131\u015ft\u0131r, dolay\u0131s\u0131yla hem yerliler hem de ziyaret\u00e7iler i\u00e7in ba\u011flant\u0131y\u0131 iyile\u015ftirmi\u015ftir.<\/p>","protected":false},"excerpt":{"rendered":"<p>Samoa&#039;n\u0131n ikinci b\u00fcy\u00fck adas\u0131nda, merkezi kuzey k\u0131y\u0131s\u0131nda yer alan enerjik ba\u015fkent Apia, k\u00fclt\u00fcrel miras ve modern geli\u015fimin \u00f6zel bir kar\u0131\u015f\u0131m\u0131d\u0131r. Tuamasaga siyasi b\u00f6lgesine ba\u011fl\u0131 olan Apia, Samoa&#039;n\u0131n siyasi, ekonomik ve k\u00fclt\u00fcrel merkezidir ve oradaki tek \u015fehirdir. Bu giri\u015f, \u015fehri karakterize eden topografya, iklim, altyap\u0131 ve Pasifik aktivite merkezine bakmaktad\u0131r.<\/p>","protected":false},"author":1,"featured_media":4230,"parent":9568,"menu_order":0,"comment_status":"closed","ping_status":"closed","template":"elementor_theme","meta":{"_eb_attr":"","footnotes":""},"class_list":["post-9577","page","type-page","status-publish","has-post-thumbnail"],"_links":{"self":[{"href":"https:\/\/travelshelper.com\/tr\/wp-json\/wp\/v2\/pages\/9577","targetHints":{"allow":["GET"]}}],"collection":[{"href":"https:\/\/travelshelper.com\/tr\/wp-json\/wp\/v2\/pages"}],"about":[{"href":"https:\/\/travelshelper.com\/tr\/wp-json\/wp\/v2\/types\/page"}],"author":[{"embeddable":true,"href":"https:\/\/travelshelper.com\/tr\/wp-json\/wp\/v2\/users\/1"}],"replies":[{"embeddable":true,"href":"https:\/\/travelshelper.com\/tr\/wp-json\/wp\/v2\/comments?post=9577"}],"version-history":[{"count":0,"href":"https:\/\/travelshelper.com\/tr\/wp-json\/wp\/v2\/pages\/9577\/revisions"}],"up":[{"embeddable":true,"href":"https:\/\/travelshelper.com\/tr\/wp-json\/wp\/v2\/pages\/9568"}],"wp:featuredmedia":[{"embeddable":true,"href":"https:\/\/travelshelper.com\/tr\/wp-json\/wp\/v2\/media\/4230"}],"wp:attachment":[{"href":"https:\/\/travelshelper.com\/tr\/wp-json\/wp\/v2\/media?parent=9577"}],"curies":[{"name":"wp","href":"https:\/\/api.w.org\/{rel}","templated":true}]}}