{"id":9568,"date":"2024-09-08T19:18:21","date_gmt":"2024-09-08T19:18:21","guid":{"rendered":"https:\/\/travelshelper.com\/staging\/?page_id=9568"},"modified":"2026-03-13T23:09:26","modified_gmt":"2026-03-13T23:09:26","slug":"samoa","status":"publish","type":"page","link":"https:\/\/travelshelper.com\/tr\/destinations\/australia-and-oceania\/samoa\/","title":{"rendered":"Samoa"},"content":{"rendered":"<p>Resmen Ba\u011f\u0131ms\u0131z Samoa Devleti olan Samoa, zengin bir tarihe, k\u00fclt\u00fcre ve do\u011fal g\u00fczelli\u011fe sahip b\u00fcy\u00fcleyici bir Polinezya ada \u00fclkesidir. Pasifik Okyanusu co\u011frafi y\u00f6nelimini yans\u0131tan \u00fclke, 1997&#039;ye kadar Bat\u0131 Samoa olarak biliniyordu. Manono ve Apolima adl\u0131 iki k\u00fc\u00e7\u00fck yerle\u015fim adas\u0131yla birlikte bu ada \u00fclkesi, iki ana adadan olu\u015fur: Savai&#039;i ve Upolu; \u00f6zellikle Aleipata Adalar\u0131\u2014Nu&#039;utele, Nu&#039;ulua, Fanuatapu ve Namua olmak \u00fczere birka\u00e7 \u0131ss\u0131z ada. Pasifik&#039;te stratejik bir konuma sahip olan Samoa, Amerikan Samoas\u0131&#039;n\u0131n 64 km bat\u0131s\u0131nda ve Tonga, Fiji, Wallis ve Futuna gibi di\u011fer Pasifik adalar\u0131n\u0131n yak\u0131n\u0131nda yer al\u0131r ve tarihi ve k\u00fclt\u00fcrel birle\u015fme noktas\u0131 merkezi olarak hizmet eder.<\/p>\n<p>Samoa&#039;n\u0131n merkezi, \u00e7a\u011fda\u015f h\u00fck\u00fcmetin antik k\u00fclt\u00fcrle harmanland\u0131\u011f\u0131 ba\u015fkent Apia&#039;d\u0131r. Yakla\u015f\u0131k 3.500 y\u0131l \u00f6nce, yelkencilikteki becerileriyle bilinen Lapita halk\u0131, Samoa Adalar\u0131&#039;n\u0131 ilk bulan ve i\u015fgal edenlerdi. Zamana ve d\u0131\u015f etkilere dayanm\u0131\u015f olan Samoa dili ve k\u00fclt\u00fcrel kimli\u011fi i\u00e7in temelleri atmalar\u0131, onlar\u0131 anlamam\u0131za yard\u0131mc\u0131 olur.<\/p>\n<p>Her biri kendi k\u00fclt\u00fcrel ve anayasal temeline sahip 11 idari b\u00f6l\u00fcm\u00fcyle Samoa, birle\u015fik bir parlamenter demokrasi olarak i\u015flev g\u00f6rmektedir. Samoa&#039;n\u0131n Milletler Toplulu\u011fu&#039;nun egemen bir devlet \u00fcyesi olarak ba\u011f\u0131ms\u0131zl\u0131\u011fa giden yolu, onun azminin ve \u00f6zerkli\u011finin kan\u0131t\u0131d\u0131r. 1899&#039;dan 1915&#039;e kadar bir Alman kolonisiydi; daha sonra, 1 Ocak 1962&#039;de ba\u011f\u0131ms\u0131zl\u0131\u011f\u0131n\u0131 kazanana kadar ortak \u0130ngiliz ve Yeni Zelanda kontrol\u00fc alt\u0131ndayd\u0131. Samoa&#039;n\u0131n h\u00fck\u00fcmet ve sosyal sistemleri bu s\u00f6m\u00fcrgeci etki miras\u0131n\u0131 yans\u0131t\u0131r, ancak kendi k\u00fclt\u00fcrel karakterini korumu\u015ftur.<\/p>\n<p>Fa\u02bba S\u0101moa olarak bilinen geleneksel Samoa ya\u015fam bi\u00e7imi, sosyal ve politik alanlarda hala b\u00fcy\u00fck bir etkiye sahiptir. 3.000 y\u0131ldan uzun bir s\u00fcredir tasarlanan k\u00fclt\u00fcrel \u00e7er\u00e7evesi aile, sayg\u0131 ve toplulu\u011fu vurgular. Fa\u02bba S\u0101moa, onlarca y\u0131ll\u0131k Avrupa etkisine ra\u011fmen geleneklerini, sosyal kurumlar\u0131n\u0131 ve dilini korumu\u015ftur. Samoa kimli\u011finin temel ta\u015flar\u0131, &#034;matai&#039;ye esas olarak unvanlar vermek i\u00e7in yap\u0131lan kasvetli bir rit\u00fcel olan ava t\u00f6reni&#034; ve incecik dokunmu\u015f &#034;ie toga&#034; yap\u0131m\u0131 gibi k\u00fclt\u00fcrel geleneklerdir.<\/p>\n<p>Tanr\u0131lar, yarat\u0131l\u0131\u015f hikayeleri ve Tagaloa ve sava\u015f tanr\u0131\u00e7as\u0131 Nafanua gibi efsanevi ki\u015filer a\u00e7\u0131s\u0131ndan zengin olan Samoa mitolojisi, Samoa halk\u0131n\u0131n misyonerler taraf\u0131ndan benimsenip getirildi\u011fi Hristiyanl\u0131kla birlikte, bu hikayeler bir arada var olur. Eski inan\u00e7lar ve uygulamalar, \u00f6zellikle Fa\u02bba S\u0101moa ile ilgili olarak hala geli\u015fse de, bug\u00fcn Samoal\u0131lar\u0131n yakla\u015f\u0131k &#039;i kendini Hristiyan olarak tan\u0131ml\u0131yor.<\/p>\n<p>Samoa toplumu, ortak ya\u015famla bilinir; geleneksel a\u00e7\u0131k konutlar veya fale, bu ya\u015fam bi\u00e7imini en iyi \u015fekilde yans\u0131t\u0131r. Duvarlar\u0131 olmayan bu binalar, hindistan cevizi palmiyesi yapraklar\u0131 kullan\u0131larak izolasyon ve \u00e7evre korumas\u0131 yarat\u0131r. G\u00fc\u00e7l\u00fc sasa ve fa&#039;ataupati danslar\u0131, Samoa halk\u0131n\u0131n canl\u0131 k\u00fclt\u00fcrel ifadesini tasvir ederken, bir hikaye anlatan Samoa siva dans\u0131n\u0131n yumu\u015fak hareketleri, kutlamalar\u0131n\u0131 sergiler ve topluluk toplant\u0131lar\u0131, yuvarlanan matlar\u0131n veya tahta davullar\u0131n ritmiyle birlikte bu danslar etraf\u0131nda d\u00f6ner.<\/p>\n<p>Adan\u0131n zengin k\u00fclt\u00fcrel miras\u0131n\u0131n bir di\u011fer kan\u0131t\u0131 da geleneksel Samoa in\u015faat\u00e7\u0131lar\u0131 olan Tufuga fai fale&#039;nin in\u015faattaki ustal\u0131\u011f\u0131d\u0131r. Bu in\u015faat\u00e7\u0131lar ayr\u0131ca Samoa k\u00fclt\u00fcrel sanat formlar\u0131n\u0131n daha b\u00fcy\u00fck dokusunun yarat\u0131lmas\u0131na yard\u0131mc\u0131 olurlar.<\/p>","protected":false},"excerpt":{"rendered":"<p>Resmen Ba\u011f\u0131ms\u0131z Samoa Devleti olan Samoa, zengin bir tarihe, k\u00fclt\u00fcre ve do\u011fal g\u00fczelli\u011fe sahip b\u00fcy\u00fcleyici bir Polinezya ada \u00fclkesidir. Pasifik Okyanusu co\u011frafi y\u00f6nelimini yans\u0131tan \u00fclke, 1997&#039;ye kadar Bat\u0131 Samoa olarak biliniyordu. Manono ve Apolima adl\u0131 iki k\u00fc\u00e7\u00fck yerle\u015fim adas\u0131yla birlikte bu ada \u00fclkesi, iki ana adadan olu\u015fur: Savai&#039;i ve Upolu; \u00f6zellikle Aleipata Adalar\u0131\u2014Nu&#039;utele, Nu&#039;ulua, Fanuatapu ve Namua olmak \u00fczere birka\u00e7 \u0131ss\u0131z ada. Pasifik&#039;te stratejik bir konuma sahip olan Samoa, Amerikan Samoas\u0131&#039;n\u0131n 64 km bat\u0131s\u0131nda ve Tonga, Fiji, Wallis ve Futuna gibi di\u011fer Pasifik adalar\u0131n\u0131n yak\u0131n\u0131nda yer al\u0131r ve tarihi ve k\u00fclt\u00fcrel birle\u015fme noktas\u0131 merkezi olarak hizmet eder.<\/p>","protected":false},"author":1,"featured_media":3536,"parent":24105,"menu_order":0,"comment_status":"closed","ping_status":"closed","template":"elementor_theme","meta":{"_eb_attr":"","footnotes":""},"class_list":["post-9568","page","type-page","status-publish","has-post-thumbnail"],"_links":{"self":[{"href":"https:\/\/travelshelper.com\/tr\/wp-json\/wp\/v2\/pages\/9568","targetHints":{"allow":["GET"]}}],"collection":[{"href":"https:\/\/travelshelper.com\/tr\/wp-json\/wp\/v2\/pages"}],"about":[{"href":"https:\/\/travelshelper.com\/tr\/wp-json\/wp\/v2\/types\/page"}],"author":[{"embeddable":true,"href":"https:\/\/travelshelper.com\/tr\/wp-json\/wp\/v2\/users\/1"}],"replies":[{"embeddable":true,"href":"https:\/\/travelshelper.com\/tr\/wp-json\/wp\/v2\/comments?post=9568"}],"version-history":[{"count":0,"href":"https:\/\/travelshelper.com\/tr\/wp-json\/wp\/v2\/pages\/9568\/revisions"}],"up":[{"embeddable":true,"href":"https:\/\/travelshelper.com\/tr\/wp-json\/wp\/v2\/pages\/24105"}],"wp:featuredmedia":[{"embeddable":true,"href":"https:\/\/travelshelper.com\/tr\/wp-json\/wp\/v2\/media\/3536"}],"wp:attachment":[{"href":"https:\/\/travelshelper.com\/tr\/wp-json\/wp\/v2\/media?parent=9568"}],"curies":[{"name":"wp","href":"https:\/\/api.w.org\/{rel}","templated":true}]}}