{"id":9534,"date":"2024-09-08T17:58:51","date_gmt":"2024-09-08T17:58:51","guid":{"rendered":"https:\/\/travelshelper.com\/staging\/?page_id=9534"},"modified":"2026-03-13T23:07:31","modified_gmt":"2026-03-13T23:07:31","slug":"tonga","status":"publish","type":"page","link":"https:\/\/travelshelper.com\/tr\/destinations\/australia-and-oceania\/tonga\/","title":{"rendered":"Tonga"},"content":{"rendered":"<p>Okyanusya&#039;n\u0131n bir alt b\u00f6lgesi olan Polinezya&#039;n\u0131n ortas\u0131nda yer alan Tonga, resmen Tonga Krall\u0131\u011f\u0131 olarak bilinen ilgin\u00e7 bir ada \u00fclkesidir. Tonga g\u00fczel ve zengin bir k\u00fclt\u00fcrel mirasa sahiptir. Sadece 45&#039;i yerle\u015fim yeri olan 171 adadan olu\u015fan bu ada \u00fclkesi, G\u00fcney Pasifik Okyanusu boyunca b\u00fcy\u00fck bir mesafeye uzan\u0131r. Tonga&#039;n\u0131n toplam y\u00fczey alan\u0131 yaln\u0131zca yakla\u015f\u0131k 750.000 kilometrekaredir (290.000 mil kare), ancak adalar\u0131 inan\u0131lmaz bir 700.000 kilometrekare (270.000 mil kare) alana da\u011f\u0131lm\u0131\u015ft\u0131r. 2021 itibar\u0131yla Tonga&#039;n\u0131n 104.494 vatanda\u015f\u0131n\u0131n yaln\u0131zca yakla\u015f\u0131k &#039;i ana ada Tongatapu&#039;da ya\u015famaktad\u0131r.<\/p>\n<p>Co\u011frafi olarak Tonga, kuzeyden g\u00fcneye yakla\u015f\u0131k 800 kilometre (500 mil) uzanan tekil bir tak\u0131madad\u0131r. Kom\u015fular\u0131 aras\u0131nda Wallis ve Futuna (Fransa), kuzeybat\u0131da Fiji, kuzeydo\u011fuda Samoa, bat\u0131da Vanuatu ve Yeni Kaledonya (Fransa), do\u011fuda Niue ve g\u00fcneybat\u0131da Kermadec (Yeni Zelanda) bulunur. Yeni Zelanda&#039;n\u0131n Kuzey Adas\u0131&#039;ndan yakla\u015f\u0131k 1.800 kilometre (1.100 mil) uzakl\u0131kta olan Tonga, Pasifik&#039;in karma\u015f\u0131k jeopolitik arazisinin \u00f6nemli bir par\u00e7as\u0131d\u0131r.<\/p>\n<p>Tonga&#039;n\u0131n topografyas\u0131 kadar ilgi \u00e7ekici olan bir di\u011fer \u015fey de tarihidir. Polinezyal\u0131 g\u00f6\u00e7menlerden olu\u015fan bir grup olan Lapita uygarl\u0131\u011f\u0131, yakla\u015f\u0131k 2.500 y\u0131l \u00f6nce adalara ilk yerle\u015fen ve gelecekteki Tonga halk\u0131 i\u00e7in temelleri haz\u0131rlayan ki\u015filerdi. Bu g\u00f6\u00e7menler, giderek belirgin bir etnik kimlik, dil ve k\u00fclt\u00fcr yaratarak G\u00fcney Pasifik&#039;te olduk\u00e7a belirgin hale geldiler. Tu\u02bbi Tonga \u0130mparatorlu\u011fu olarak bilinen ilk Tonga kral\u0131 \u02bbAho\u02bbeitu, Tonga&#039;n\u0131n s\u00f6m\u00fcrgele\u015ftirildi\u011fi ve yay\u0131ld\u0131\u011f\u0131 bu d\u00f6nemde h\u00fck\u00fcm s\u00fcrd\u00fc.<\/p>\n<p>\u02bbAho\u02bbeitu ve halefleri d\u00f6neminde Tonga, Pasifik \u00fczerinde geni\u015f bir etkiye sahip bir talassokrasi ve b\u00f6lgesel bir g\u00fc\u00e7 haline geldi. Bat\u0131da Solomon Adalar\u0131&#039;n\u0131n baz\u0131 k\u0131s\u0131mlar\u0131ndan ve Yeni Kaledonya ile Fiji&#039;nin tamam\u0131ndan do\u011fuda Samoa, Niue ve hatta g\u00fcn\u00fcm\u00fcz Frans\u0131z Polinezyas\u0131&#039;n\u0131n baz\u0131 k\u0131s\u0131mlar\u0131na kadar, Tu\u02bbi Tonga \u0130mparatorlu\u011fu \u00f6nemli bir b\u00f6lgeyi boyunduruk alt\u0131na ald\u0131 ve y\u00f6netti. \u0130mparatorluk, 13. y\u00fczy\u0131ldaki Samoa isyan\u0131ndan ve adalar\u0131n 1616&#039;da Avrupal\u0131lar taraf\u0131ndan ke\u015ffedilmesinden uzun s\u00fcre sonra da devam eden ekonomik, etnik ve k\u00fclt\u00fcrel etkisiyle tan\u0131nd\u0131.<\/p>\n<p>Tonga&#039;n\u0131n s\u00f6m\u00fcrgeci g\u00fc\u00e7lerle olan benzersiz ili\u015fkisi modern tarihini tan\u0131mlar. 1900&#039;den 1970&#039;e kadar Tonga, Dostluk Antla\u015fmas\u0131 kapsam\u0131nda Britanya taraf\u0131ndan korunan bir devletti. Tonga egemenli\u011fini hi\u00e7bir zaman yabanc\u0131 bir \u00fclkeye vermemi\u015f olsa da, Birle\u015fik Krall\u0131k bu d\u00f6nemde d\u0131\u015f politikas\u0131n\u0131 denetledi. Egemenli\u011fe olan bu amans\u0131z ba\u011fl\u0131l\u0131k, Tonga halk\u0131n\u0131n \u00f6zg\u00fcrl\u00fcklerini koruma iradesinin kan\u0131t\u0131d\u0131r.<\/p>\n<p>Tonga, 2010 y\u0131l\u0131nda geleneksel mutlak monar\u015fiden yar\u0131 anayasal monar\u015fiye ge\u00e7erek modern h\u00fck\u00fcmete do\u011fru \u00f6nemli bir ad\u0131m att\u0131. Bu de\u011fi\u015fim, k\u0131smen \u00fclke i\u00e7in ilk k\u0131smi temsili se\u00e7imlerin yolunu a\u00e7an yasama reformlar\u0131 sayesinde ger\u00e7ekle\u015fti. Bu siyasi evrim, Tonga&#039;n\u0131n modernizmi mirasla dengeleme konusundaki devam eden ba\u011fl\u0131l\u0131\u011f\u0131n\u0131 ve b\u00f6ylece yirmi birinci y\u00fczy\u0131lda h\u00fck\u00fcmet sistemlerinin alaka d\u00fczeyini ve i\u015flevselli\u011fini korudu\u011funu g\u00f6stermektedir.<\/p>\n<p>Tonga&#039;n\u0131n d\u00fcnya \u00e7ap\u0131ndaki varl\u0131\u011f\u0131, \u00e7e\u015fitli \u00f6nemli gruplardaki \u00fcyelikleriyle g\u00f6sterilir. Birle\u015fmi\u015f Milletler, Pasifik Adalar\u0131 Forumu, K\u00fc\u00e7\u00fck Ada Devletleri \u0130ttifak\u0131 ve Milletler Toplulu\u011fu&#039;nun bir par\u00e7as\u0131d\u0131r. Bu ittifaklar, Tonga&#039;n\u0131n b\u00f6lgesel ve k\u00fcresel meselelere kat\u0131l\u0131m\u0131n\u0131 ve k\u00fc\u00e7\u00fck ada \u00fclkelerinin kar\u015f\u0131la\u015ft\u0131\u011f\u0131 belirli zorluklar\u0131 ele alma konusundaki kararl\u0131l\u0131\u011f\u0131n\u0131 g\u00f6sterir.<\/p>","protected":false},"excerpt":{"rendered":"<p>Okyanusya&#039;n\u0131n bir alt b\u00f6lgesi olan Polinezya&#039;n\u0131n ortas\u0131nda yer alan Tonga, resmen Tonga Krall\u0131\u011f\u0131 olarak bilinen ilgin\u00e7 bir ada \u00fclkesidir. Tonga g\u00fczel ve zengin bir k\u00fclt\u00fcrel mirasa sahiptir. Sadece 45&#039;i yerle\u015fim yeri olan 171 adadan olu\u015fan bu ada \u00fclkesi, G\u00fcney Pasifik Okyanusu boyunca b\u00fcy\u00fck bir mesafeye uzan\u0131r. Tonga&#039;n\u0131n toplam y\u00fczey alan\u0131 yaln\u0131zca yakla\u015f\u0131k 750.000 kilometrekaredir (290.000 mil kare), ancak adalar\u0131 inan\u0131lmaz bir 700.000 kilometrekare (270.000 mil kare) alana da\u011f\u0131lm\u0131\u015ft\u0131r. 2021 itibar\u0131yla Tonga&#039;n\u0131n 104.494 vatanda\u015f\u0131n\u0131n yaln\u0131zca yakla\u015f\u0131k &#039;i ana ada Tongatapu&#039;da ya\u015famaktad\u0131r.<\/p>","protected":false},"author":1,"featured_media":4050,"parent":24105,"menu_order":0,"comment_status":"closed","ping_status":"closed","template":"elementor_theme","meta":{"_eb_attr":"","footnotes":""},"class_list":["post-9534","page","type-page","status-publish","has-post-thumbnail"],"_links":{"self":[{"href":"https:\/\/travelshelper.com\/tr\/wp-json\/wp\/v2\/pages\/9534","targetHints":{"allow":["GET"]}}],"collection":[{"href":"https:\/\/travelshelper.com\/tr\/wp-json\/wp\/v2\/pages"}],"about":[{"href":"https:\/\/travelshelper.com\/tr\/wp-json\/wp\/v2\/types\/page"}],"author":[{"embeddable":true,"href":"https:\/\/travelshelper.com\/tr\/wp-json\/wp\/v2\/users\/1"}],"replies":[{"embeddable":true,"href":"https:\/\/travelshelper.com\/tr\/wp-json\/wp\/v2\/comments?post=9534"}],"version-history":[{"count":0,"href":"https:\/\/travelshelper.com\/tr\/wp-json\/wp\/v2\/pages\/9534\/revisions"}],"up":[{"embeddable":true,"href":"https:\/\/travelshelper.com\/tr\/wp-json\/wp\/v2\/pages\/24105"}],"wp:featuredmedia":[{"embeddable":true,"href":"https:\/\/travelshelper.com\/tr\/wp-json\/wp\/v2\/media\/4050"}],"wp:attachment":[{"href":"https:\/\/travelshelper.com\/tr\/wp-json\/wp\/v2\/media?parent=9534"}],"curies":[{"name":"wp","href":"https:\/\/api.w.org\/{rel}","templated":true}]}}