{"id":9522,"date":"2024-09-08T17:33:25","date_gmt":"2024-09-08T17:33:25","guid":{"rendered":"https:\/\/travelshelper.com\/staging\/?page_id=9522"},"modified":"2026-03-13T12:41:08","modified_gmt":"2026-03-13T12:41:08","slug":"antigua-ve-barbuda","status":"publish","type":"page","link":"https:\/\/travelshelper.com\/tr\/destinations\/north-america\/antigua-and-barbuda\/","title":{"rendered":"Antigua ve Barbuda"},"content":{"rendered":"<p>Antigua ve Barbuda, \u00e7ok say\u0131da k\u00fc\u00e7\u00fck adadan olu\u015fan, 440 kilometrekarelik bir alan\u0131 kaplayan, do\u011fuda Atlas Okyanusu ile bat\u0131da Karayip Denizi aras\u0131nda konumlanm\u0131\u015f, ba\u015fl\u0131ca kentsel merkezi St. John&#039;s ile All Saints ve Bolans&#039;\u0131, g\u00fcneyde English Harbour&#039;a kadar uzanan dar bir s\u00fcrekli yerle\u015fim koridorunda bar\u0131nd\u0131ran iki ana adadan (Antigua ve Barbuda) olu\u015fan kompakt bir \u00fclkedir.<\/p>\n<p>Antigua ve Barbuda&#039;daki arazi \u00e7o\u011funlukla d\u00fc\u015f\u00fck rak\u0131mda kal\u0131r, volkanik \u00e7alkant\u0131lardan \u00e7ok eski kire\u00e7ta\u015f\u0131 yataklar\u0131 taraf\u0131ndan \u015fekillendirilir, ancak volkanik faaliyetin kal\u0131nt\u0131lar\u0131yla noktalan\u0131r. Antigua&#039;daki Shekerley Da\u011flar\u0131, 402 metreye kadar y\u00fckselen bir krater kal\u0131nt\u0131s\u0131 olan Boggy Peak&#039;te (2016&#039;ya kadar Mt. Obama) zirveye ula\u015f\u0131rken, Barbuda&#039;n\u0131n en y\u00fcksek rak\u0131mlar\u0131 Highlands olarak bilinen m\u00fctevaz\u0131 bir s\u0131rt\u0131 takip eder. Her iki adadaki k\u0131y\u0131 \u015feritleri, dalga hareketini yumu\u015fatan ancak denizcilerden dikkatli olmalar\u0131n\u0131 gerektiren resifler ve s\u0131\u011fl\u0131klarla \u00e7evrili koylar, kumlu k\u0131y\u0131lar, k\u0131y\u0131 lag\u00fcnleri ve do\u011fal limanlar\u0131n d\u00fczensiz konturlar\u0131na ayr\u0131l\u0131r. Y\u00fczey suyu, mevsimsel ya\u011f\u0131\u015flar\u0131n \u00f6tesinde k\u0131tt\u0131r ve yeralt\u0131 akiferleri yaln\u0131zca asgari d\u00fczeyde i\u00e7ilebilir su verimi sa\u011flar. Benzer bir litolojik anlat\u0131, Antigua&#039;n\u0131n yakla\u015f\u0131k 40 kilometre g\u00fcneybat\u0131s\u0131nda yer alan ve kaya \u00e7\u0131k\u0131nt\u0131lar\u0131n\u0131n tehlikeli resiflerin \u00fczerinde belirgin bir \u015fekilde \u00e7\u0131k\u0131nt\u0131 yapt\u0131\u011f\u0131 \u00e7orak bir adac\u0131k olan Redonda&#039;ya da uzan\u0131yor.<\/p>\n<p>\u0130klim ko\u015fullar\u0131, Antigua&#039;n\u0131n g\u00fcneybat\u0131 kadran\u0131nda muson tipi ya\u011f\u0131\u015flarla serpi\u015ftirilmi\u015f tropikal savan kategorisine girer. Y\u0131ll\u0131k ya\u011f\u0131\u015f ortalamas\u0131 990 milimetre civar\u0131ndad\u0131r, ancak da\u011f\u0131l\u0131m\u0131 belirgin mevsimselli\u011fi yans\u0131t\u0131r ve en y\u00fcksek ya\u011f\u0131\u015f Eyl\u00fcl ve Kas\u0131m aylar\u0131 aras\u0131nda ger\u00e7ekle\u015fir. S\u0131cakl\u0131klar Aral\u0131k-\u015eubat aral\u0131\u011f\u0131nda yakla\u015f\u0131k 23 ila 29 santigrat derece aras\u0131nda ve y\u0131l\u0131n geri kalan\u0131nda yakla\u015f\u0131k 25 ila 30 santigrat derece aras\u0131nda dalgalan\u0131r. Nem seviyeleri \u0131l\u0131ml\u0131 kal\u0131r, ancak tekrarlayan kurakl\u0131k d\u00f6nemleri kuru mevsimi noktalar. Kas\u0131rgalar en \u015fiddetli meteorolojik tehlikeyi sunar: Eyl\u00fcl 2017&#039;de, 5. kategori bir sistem olan Irma Kas\u0131rgas\u0131, Barbuda&#039;daki hemen hemen her yap\u0131ya zarar vererek yakla\u015f\u0131k 1.800 sakinin Antigua&#039;ya tahliye edilmesine ve yakla\u015f\u0131k y\u00fcz milyon ABD dolar\u0131n\u0131n \u00fczerinde oldu\u011fu tahmin edilen yeniden in\u015fa maliyetlerinin gerekli olmas\u0131na neden oldu. Altyap\u0131 kay\u0131plar\u0131 su temini, elektrik \u015febekeleri, ileti\u015fim sistemleri ve at\u0131k y\u00f6netim tesislerini kapsad\u0131\u011f\u0131ndan, yetkililer restorasyon \u00e7al\u0131\u015fmalar\u0131n\u0131n alt\u0131 ay\u0131 a\u015faca\u011f\u0131n\u0131 kabul etmek zorunda kald\u0131.<\/p>\n<p>Biyoco\u011frafik olarak, Antigua ve Barbuda Leeward Adalar\u0131 nemli orman ve kurak \u00e7al\u0131l\u0131k ekob\u00f6lgeleri i\u00e7inde yer almaktad\u0131r. Deniz s\u0131n\u0131rlar\u0131 bat\u0131da Anguilla, Saint Barth\u00e9lemy ve Saint Kitts ve Nevis, g\u00fcneybat\u0131da Montserrat ve g\u00fcneyde Guadeloupe ile birle\u015fmektedir. Korunan alanlar aras\u0131nda Barbuda&#039;daki Codrington Lag\u00fcn\u00fc (K\u00fc\u00e7\u00fck Antiller&#039;deki en b\u00fcy\u00fck i\u00e7 su k\u00fctlelerinden biri) ve Antigua genelinde k\u0131y\u0131 sulak alanlar\u0131n\u0131 ve kuru orman ya\u015fam alanlar\u0131n\u0131 koruyan bir do\u011fal rezervler a\u011f\u0131 yer almaktad\u0131r. B\u00f6lgedeki en y\u00fcksek n\u00fcfus yo\u011funlu\u011funa ra\u011fmen, 2020 itibar\u0131yla kara alan\u0131n\u0131n yakla\u015f\u0131k be\u015fte biri orman \u00f6rt\u00fcs\u00fc alt\u0131nda kalm\u0131\u015ft\u0131r; 1990&#039;daki 10.000 hektardan yakla\u015f\u0131k 8.120 hektara d\u00fc\u015fm\u00fc\u015ft\u00fcr ve bu durum kalk\u0131nma ve de\u011fi\u015fen arazi kullan\u0131m modellerinden kaynaklanan bask\u0131lar\u0131 yans\u0131tmaktad\u0131r. Y\u00fckselen deniz seviyeleri ve de\u011fi\u015fen ya\u011f\u0131\u015f rejimleri \u00e7evresel stresi daha da art\u0131rmaktad\u0131r.<\/p>\n<p>Bu adalardaki insan yerle\u015fimi en az be\u015f bin y\u0131la kadar uzan\u0131yor. Arkeolojik kan\u0131tlar, avc\u0131-toplay\u0131c\u0131 gruplar\u0131n M\u00d6 3000 civar\u0131nda, muhtemelen Orinoco Havzas\u0131&#039;ndan oyma kanolarla geldiklerini ve \u015fimdiki Venezuela&#039;dan gelen Seramik d\u00f6nemi Arawak topluluklar\u0131n\u0131n onlar\u0131 takip etti\u011fini g\u00f6steriyor. Avrupal\u0131lar\u0131n kat\u0131l\u0131m\u0131, Kristof Kolomb&#039;un Antigua&#039;y\u0131 haritaland\u0131rmas\u0131yla 1493&#039;te ba\u015flad\u0131 ve bu, sonunda kal\u0131c\u0131 bir k\u00f6k salamayan 1520&#039;de \u0130spanyol yerle\u015fim giri\u015fimini te\u015fvik etti. Edward Warner&#039;\u0131n ilk kal\u0131c\u0131 \u0130ngiliz dayana\u011f\u0131n\u0131 kurmak i\u00e7in k\u00fc\u00e7\u00fck bir \u0130ngiliz birli\u011fine liderlik etti\u011fi 1632&#039;ye kadar resmi bir koloni yoktu. \u0130dari olarak, Barbuda, 17. y\u00fczy\u0131l\u0131n sonlar\u0131ndan 1860&#039;lara kadar Codrington ailesinin m\u00fclkiyet kontrol\u00fc alt\u0131na girdi; Antigua&#039;n\u0131n toplumsal d\u00fczeni ise ta\u015f\u0131n\u0131r k\u00f6lelikten 1834&#039;teki \u00f6zg\u00fcrle\u015fmeye do\u011fru evrildi ve ard\u0131ndan yerel \u00f6zerklik kademeli olarak geni\u015fledi. Britanya ile ba\u011flar\u0131 koparmaya y\u00f6nelik erken bir \u00e7aba, Antigua&#039;y\u0131 ba\u011f\u0131ms\u0131z bir krall\u0131k ilan etmeyi arzulayan Prens Klaas&#039;\u0131n liderli\u011finde 1728&#039;de ortaya \u00e7\u0131kt\u0131, ancak siyasi oy hakk\u0131 yirminci y\u00fczy\u0131l\u0131n ortalar\u0131na kadar uzak kald\u0131. \u0130lk demokratik se\u00e7imler 1951&#039;de topland\u0131 ve tam egemenlik 1 Kas\u0131m 1981&#039;de geldi ve 1960&#039;larda i\u00e7 \u00f6zy\u00f6netimle ba\u015flayan anayasal ge\u00e7i\u015f tamamland\u0131.<\/p>\n<p>Ba\u011f\u0131ms\u0131zl\u0131k sonras\u0131 y\u00f6netim, etkisi 1960&#039;tan 2004&#039;e kadar s\u00fcren ve Baldwin Spencer ba\u015fbakanl\u0131\u011f\u0131 devralana kadar sadece k\u0131sa bir s\u00fcre alternatif y\u00f6netim taraf\u0131ndan kesintiye u\u011frayan Bird ailesinin bask\u0131nl\u0131\u011f\u0131na tan\u0131k oldu. 2014&#039;ten beri \u0130\u015f\u00e7i Partisi parlamento \u00e7o\u011funlu\u011funu elinde tutarken, Birle\u015fik \u0130lerici Parti ba\u015fl\u0131ca muhalefet olarak i\u015flev g\u00f6r\u00fcyor. Antigua ve Barbuda, Milletler Toplulu\u011fu&#039;ndaki \u00fcyeli\u011fini s\u00fcrd\u00fcr\u00fcyor ve devlet ba\u015fkan\u0131 olarak III. Charles ile anayasal monar\u015fi olarak faaliyet g\u00f6steriyor ve yerel olarak bir Genel Vali taraf\u0131ndan temsil ediliyor. \u00dcniter bir devlet olan Antigua alt\u0131 pari\u015fe ayr\u0131l\u0131rken, Barbuda i\u00e7 i\u015flerini 1976&#039;da kurulan Barbuda Konseyi arac\u0131l\u0131\u011f\u0131yla y\u00f6netiyor. Ulusal yasama organ\u0131 iki meclisli bir organdan olu\u015fuyor: \u00dcyeleri halk oylamas\u0131yla g\u00f6reve gelen Temsilciler Meclisi ve \u00fcyelerini Genel Valinin atad\u0131\u011f\u0131 Senato.<\/p>\n<p>Demografik g\u00f6stergeler, 2011 say\u0131m\u0131ndan bu yana neredeyse d\u00f6rtte birlik bir art\u0131\u015f\u0131 yans\u0131tan, 2025 ortas\u0131 itibar\u0131yla yakla\u015f\u0131k 105.182&#039;lik m\u00fctevaz\u0131 bir n\u00fcfusun alt\u0131n\u0131 \u00e7iziyor. Hayati istatistikler, 2008 ile 2020 aras\u0131nda y\u0131lda ortalama 1.188 canl\u0131 do\u011fum oldu\u011funu, bunun her yedi saatte bir do\u011fuma e\u015fde\u011fer oldu\u011funu ve 2022 itibar\u0131yla kad\u0131n ba\u015f\u0131na 1,6 \u00e7ocuk toplam do\u011furganl\u0131k oran\u0131n\u0131n k\u00fc\u00e7\u00fck eyalet Karayip ortalamas\u0131n\u0131n alt\u0131nda oldu\u011funu ortaya koyuyor. 2011&#039;den itibaren medeni durum verileri, on be\u015f ya\u015f ve \u00fczeri sakinlerin be\u015fte \u00fc\u00e7\u00fcnden fazlas\u0131n\u0131n hi\u00e7 evlenmedi\u011fini, geri kalan\u0131n\u0131n ise azalan oranda evli, bo\u015fanm\u0131\u015f veya ayr\u0131lm\u0131\u015f ve dul ki\u015filerden olu\u015ftu\u011funu g\u00f6steriyor. G\u00f6\u00e7, n\u00fcfus art\u0131\u015f\u0131n\u0131n ba\u015fl\u0131ca itici g\u00fcc\u00fcn\u00fc olu\u015fturuyor ve yabanc\u0131 do\u011fumlu sakinlerin oransal olarak y\u00fcksek bir pay\u0131na katk\u0131da bulunuyor. Etnik olarak, n\u00fcfus a\u011f\u0131rl\u0131kl\u0131 olarak Afrika k\u00f6kenli olmaya devam ediyor ve \u00f6nemli az\u0131nl\u0131klar aras\u0131nda Avrupa, Hispanik ve Hint k\u00f6kenliler bulunuyor. Hristiyanl\u0131k, esas olarak Protestan mezhepleri arac\u0131l\u0131\u011f\u0131yla yayg\u0131n olup, yerel Antiguan ve Barbuda Kreol\u00fc en yayg\u0131n ev dili olarak hizmet vermektedir.<\/p>\n<p>Ekonomik \u00e7\u0131kt\u0131, Antigua ve Barbuda&#039;y\u0131 Karayipler&#039;in y\u00fcksek gelirli \u00fclkeleri aras\u0131na yerle\u015ftiriyor ve hizmet sekt\u00f6rleri (\u00f6zellikle turizm) gayri safi yurti\u00e7i has\u0131lan\u0131n yar\u0131s\u0131ndan fazlas\u0131n\u0131 olu\u015fturuyor. Adalar, l\u00fcks konaklamaya y\u00f6nelik bir m\u00fc\u015fteri kitlesine hitap ediyor: Antigua, ince taneli plajlar\u0131n geni\u015f \u00e7evresinden yararlanan be\u015f y\u0131ld\u0131zl\u0131 tatil k\u00f6ylerinin yo\u011funlu\u011funa sahipken, Barbuda s\u0131n\u0131rl\u0131 ziyaret\u00e7i altyap\u0131s\u0131na sahip bozulmam\u0131\u015f k\u0131y\u0131 alanlar\u0131 sunuyor. Yirmi birinci y\u00fczy\u0131l\u0131n ba\u015f\u0131ndan bu yana orta pazar turizm segmentleri aras\u0131ndaki talepteki dalgalanmalar gelir b\u00fcy\u00fcmesini k\u0131s\u0131tlad\u0131 ve mali kaynaklar\u0131 zorlad\u0131. Buna kar\u015f\u0131l\u0131k, politika \u00f6nlemleri 2019&#039;da s\u0131f\u0131r y\u00fczde ki\u015fisel gelir vergisi oran\u0131 ve y\u00fcksek net de\u011fere sahip bireylerden sermaye \u00e7ekmek i\u00e7in yat\u0131r\u0131m yoluyla vatanda\u015fl\u0131k giri\u015fimleri getirdi. Yat\u0131r\u0131m bankac\u0131l\u0131\u011f\u0131 ve a\u00e7\u0131k deniz operasyonlar\u0131 da dahil olmak \u00fczere finansal hizmetler de ekonominin temel bir aya\u011f\u0131n\u0131 olu\u015fturuyor ve b\u00fcy\u00fck uluslararas\u0131 bankalar\u0131n \u015fubelerine ev sahipli\u011fi yapmak i\u00e7in izin verici d\u00fczenleyici \u00e7er\u00e7evelerden yararlan\u0131yor. Antigua ve Barbuda, Do\u011fu Karayipler&#039;deki tek h\u00fck\u00fcmet havac\u0131l\u0131k bile\u015feni olan bir hava kuvveti bulundurmaktad\u0131r ve Do\u011fu Karayip Devletleri \u00d6rg\u00fct\u00fc, B\u00f6lgesel G\u00fcvenlik Sistemi, CARICOM, Birle\u015fmi\u015f Milletler ve D\u00fcnya Ticaret \u00d6rg\u00fct\u00fc&#039;ne \u00fcyelik yoluyla b\u00f6lgesel g\u00fcvenli\u011fe kat\u0131lmaktad\u0131r.<\/p>\n<p>K\u00fclt\u00fcrel ya\u015fam hem Afro-Karayip miras\u0131n\u0131 hem de s\u00f6m\u00fcrge miraslar\u0131n\u0131 yans\u0131t\u0131r. Kriket yayg\u0131n bir ilgi g\u00f6r\u00fcr ve adalar sporun en b\u00fcy\u00fck fig\u00fcrleri aras\u0131nda tan\u0131nan sporcular yeti\u015ftirmi\u015ftir. Mutfak kal\u0131plar\u0131 b\u00fcy\u00fck \u00f6l\u00e7\u00fcde Avrupa k\u00f6kenlerinden t\u00fcremi\u015ftir -\u00f6zellikle \u0130ngiliz ve Portekiz etkileri- yerli ve Afrika&#039;dan getirilen malzemelerle a\u015f\u0131lanm\u0131\u015ft\u0131r. Polenta benzeri bir m\u0131s\u0131r unu preparat\u0131 olan ve biberli g\u00fcve\u00e7 e\u015fli\u011finde servis edilen ulusal yemekler, bu senteze i\u015faret ederken tuzlu bal\u0131k, Barbuda \u0131stakozu ve baharatl\u0131 pirin\u00e7 yerel lezzet profillerini daha da \u00f6rneklendirir. Tatl\u0131 ikramlar aras\u0131nda Hindistan cevizi \u015fekerli kekler, f\u0131st\u0131k gevre\u011fi ve b\u00f6lgesel bir fudge \u00e7e\u015fidi, ha\u015flanm\u0131\u015f tamarind ve yerel ahududu re\u00e7elleri bulunur. Tatl\u0131l\u0131\u011f\u0131 ve sululu\u011fuyla takdir edilen Antigua siyah ananas\u0131 meyve salatalar\u0131nda ve \u015fekerlemelerde g\u00f6r\u00fcl\u00fcr. Sabah yemekleri genellikle alt\u0131n rengi kabu\u011fundaki dekoratif k\u0131vr\u0131mlarla \u00f6ne \u00e7\u0131kan domuz ya\u011f\u0131yla zenginle\u015ftirilmi\u015f bir somun olan Antigua Pazar ekme\u011fiyle ba\u015flar ve Paskalya&#039;da yerel olarak &#034;\u00e7\u00f6rek ve peynir&#034; olarak bilinen kuru \u00fcz\u00fcml\u00fc \u00e7\u00f6rekler, baharat ve tatl\u0131l\u0131\u011f\u0131 geleneksel bir \u015fekilde bir araya getirir.<\/p>\n<p>Turist hareketlili\u011fi, esas olarak Kuzey Amerika&#039;dan American Airlines, Delta, JetBlue ve United, Kanada&#039;n\u0131n Air Canada ve Sunwing&#039;i ve British Airways ve Virgin Atlantic arac\u0131l\u0131\u011f\u0131yla Avrupa ba\u011flant\u0131lar\u0131n\u0131 bar\u0131nd\u0131ran St. John&#039;s yak\u0131nlar\u0131ndaki V. C. Bird Uluslararas\u0131 Havaalan\u0131 \u00fczerinden gelir. B\u00f6lgesel havayollar\u0131 Antigua&#039;y\u0131 kom\u015fu adalarla ba\u011flarken, feribot seferleri Montserrat&#039;a ve d\u00fczensiz seferlerle Guadeloupe&#039;ye charter operat\u00f6rleri arac\u0131l\u0131\u011f\u0131yla ba\u011flan\u0131r. Yolcu gemileri ziyaret\u00e7i ak\u0131\u015f\u0131na daha fazla katk\u0131da bulunur ve \u00f6zel yatlar tak\u0131madalar\u0131n marinalar\u0131n\u0131 s\u0131k s\u0131k ziyaret eder. Adalar\u0131n i\u00e7inde, kiral\u0131k ara\u00e7lar ve organize turlar ba\u015fl\u0131ca ula\u015f\u0131m ara\u00e7lar\u0131d\u0131r. Belirlenmi\u015f rotalara kar\u015f\u0131l\u0131k gelen say\u0131sal rozetlerle tan\u0131mlanabilen bir minib\u00fcs a\u011f\u0131, sabit zaman \u00e7izelgeleri olmadan ucuz ula\u015f\u0131m sa\u011flar, on ila on be\u015f dakikal\u0131k aral\u0131klarla \u00e7al\u0131\u015f\u0131r ve yolcular\u0131n talep \u00fczerine inmesine izin verir.<\/p>\n<p>Co\u011frafya, tarih ve toplumun karma\u015f\u0131k etkile\u015fimi sayesinde Antigua ve Barbuda, z\u0131tl\u0131klar \u00fczerine bir \u00e7al\u0131\u015fma sunuyor: m\u00fctevaz\u0131 kara k\u00fctlesi ancak \u00e7e\u015fitli fizyografi; mevsimsel u\u00e7 noktalarla yumu\u015fat\u0131lm\u0131\u015f tropikal iklim; s\u00f6m\u00fcrge miraslar\u0131, kurtulu\u015f sonras\u0131 kendi kaderini tayin etmeyle i\u00e7 i\u00e7e ge\u00e7mi\u015f; ve turizm ve finans \u00fczerine kurulu, \u00e7evresel k\u0131r\u0131lganl\u0131k ve \u00f6zerklik \u00fczerine siyasi tart\u0131\u015fmalarla yumu\u015fat\u0131lm\u0131\u015f bir ekonomi. \u00dclkenin iklimsel tehlikeler ve demografik de\u011fi\u015fimler aras\u0131nda kalk\u0131nmay\u0131 s\u00fcrd\u00fcrme kapasitesi, \u00f6n\u00fcm\u00fczdeki on y\u0131llarda yolunu \u015fekillendirmeye devam ediyor.<\/p>","protected":false},"excerpt":{"rendered":"<p>B\u00fcy\u00fcleyici bir egemen ada \u00fclkesi olan Antigua ve Barbuda, Karayipler&#039;in kalbinde yer almaktad\u0131r. K\u00fc\u00e7\u00fck Antiller&#039;den biri olan bu \u00fclke, Atlantik ve Karayip okyanuslar\u0131n\u0131n birle\u015fti\u011fi noktada muhte\u015fem bir konuma sahiptir. \u00c7arp\u0131c\u0131 manzaras\u0131, zengin tarihi ve canl\u0131 k\u00fclt\u00fcr\u00fc nedeniyle hem ziyaret\u00e7iler hem de tarih\u00e7iler Antigua ve Barbuda&#039;da b\u00fcy\u00fck bir b\u00fcy\u00fc bulurlar.<\/p>","protected":false},"author":1,"featured_media":3594,"parent":24084,"menu_order":0,"comment_status":"closed","ping_status":"closed","template":"elementor_theme","meta":{"_eb_attr":"","footnotes":""},"class_list":["post-9522","page","type-page","status-publish","has-post-thumbnail"],"_links":{"self":[{"href":"https:\/\/travelshelper.com\/tr\/wp-json\/wp\/v2\/pages\/9522","targetHints":{"allow":["GET"]}}],"collection":[{"href":"https:\/\/travelshelper.com\/tr\/wp-json\/wp\/v2\/pages"}],"about":[{"href":"https:\/\/travelshelper.com\/tr\/wp-json\/wp\/v2\/types\/page"}],"author":[{"embeddable":true,"href":"https:\/\/travelshelper.com\/tr\/wp-json\/wp\/v2\/users\/1"}],"replies":[{"embeddable":true,"href":"https:\/\/travelshelper.com\/tr\/wp-json\/wp\/v2\/comments?post=9522"}],"version-history":[{"count":0,"href":"https:\/\/travelshelper.com\/tr\/wp-json\/wp\/v2\/pages\/9522\/revisions"}],"up":[{"embeddable":true,"href":"https:\/\/travelshelper.com\/tr\/wp-json\/wp\/v2\/pages\/24084"}],"wp:featuredmedia":[{"embeddable":true,"href":"https:\/\/travelshelper.com\/tr\/wp-json\/wp\/v2\/media\/3594"}],"wp:attachment":[{"href":"https:\/\/travelshelper.com\/tr\/wp-json\/wp\/v2\/media?parent=9522"}],"curies":[{"name":"wp","href":"https:\/\/api.w.org\/{rel}","templated":true}]}}