{"id":9509,"date":"2024-09-08T15:02:14","date_gmt":"2024-09-08T15:02:14","guid":{"rendered":"https:\/\/travelshelper.com\/staging\/?page_id=9509"},"modified":"2026-03-13T13:05:38","modified_gmt":"2026-03-13T13:05:38","slug":"barbados","status":"publish","type":"page","link":"https:\/\/travelshelper.com\/tr\/destinations\/north-america\/barbados\/","title":{"rendered":"Barbados"},"content":{"rendered":"<p>Barbados, bug\u00fcn Atlas Okyanusu&#039;nda ince bir hilal \u015feklinde duruyor, en geni\u015f yeri otuz d\u00f6rt kilometre, 439 kilometrekarelik bir alan\u0131 kapl\u0131yor ve yakla\u015f\u0131k 287.000 ki\u015filik bir n\u00fcfusa ev sahipli\u011fi yap\u0131yor (2019), Karayipler&#039;in masmavi sular\u0131n\u0131n G\u00fcney Amerika tektonik geni\u015fli\u011fine \u00e7arpt\u0131\u011f\u0131, K\u00fc\u00e7\u00fck Antiller&#039;in en do\u011fu ucunda yer al\u0131yor.<\/p>\n<p>1511&#039;de \u0130spanyol haritas\u0131nda ilk kez g\u00f6r\u00fcnmesinden, 16. y\u00fczy\u0131l\u0131n ortalar\u0131nda Portekiz i\u015fgali s\u0131ras\u0131nda, May\u0131s 1625&#039;te Zeytin \u00c7i\u00e7e\u011fi&#039;nin kader dolu geli\u015fine kadar -\u0130ngiltere aday\u0131 Kral James I i\u00e7in talep etti\u011finde- ve iki y\u0131l sonra kal\u0131c\u0131 yerle\u015fimcilerin g\u00f6nderilmesine kadar, Barbados, imparatorluk tasar\u0131mlar\u0131n\u0131n gelgitleri ve y\u00fczy\u0131llar boyunca al\u00e7ak ovalar\u0131nda \u015feker kam\u0131\u015f\u0131 yeti\u015ftirmek i\u00e7in Afrika esaretini s\u00f6m\u00fcren plantasyon ekonomilerinin zorluklar\u0131 taraf\u0131ndan \u015fekillendirildi. Bundan sonra, ilk olarak 1833&#039;teki \u0130ngiliz k\u00f6lelik kald\u0131rma yasas\u0131yla a\u015famal\u0131 olarak uygulanan \u00f6zg\u00fcrle\u015fme, k\u00f6leli\u011fin kal\u0131nt\u0131lar\u0131 toplumsal geleneklerde kalmas\u0131na ra\u011fmen, toplumsal bir yeniden yap\u0131lanmaya yol a\u00e7t\u0131.<\/p>\n<p>Barbados, 30 Kas\u0131m 1966&#039;da siyasi ba\u011f\u0131ms\u0131zl\u0131\u011f\u0131n\u0131 kazanmas\u0131n\u0131n arifesinde, Krali\u00e7e II. Elizabeth&#039;in t\u00f6rensel ba\u015fkan\u0131 oldu\u011fu ayr\u0131 bir Milletler Toplulu\u011fu krall\u0131\u011f\u0131na d\u00f6n\u00fc\u015fm\u00fc\u015ft\u00fc; ve 2021&#039;in ayn\u0131 takvim g\u00fcn\u00fcnde, Milletler Toplulu\u011fu i\u00e7inde cumhuriyet\u00e7i bir \u00e7er\u00e7eve benimseyerek, monar\u015fi yerine bir ba\u015fkan koyarak, ancak ortak tarih ve i\u015f birli\u011fi ba\u011flar\u0131n\u0131 koruyarak anayasal seyrini tamamlad\u0131.<\/p>\n<p>Co\u011frafi olarak, adan\u0131n tutumu bat\u0131da hafif bir rahatlamad\u0131r - mercan teraslar\u0131n\u0131n resif halkas\u0131n\u0131n alt\u0131nda denize do\u011fru e\u011fimli oldu\u011fu yer - ve kuzeydo\u011fudaki \u0130sko\u00e7ya B\u00f6lgesi&#039;ne do\u011fru daha engebeli bir t\u0131rman\u0131\u015ft\u0131r; burada a\u015f\u0131nm\u0131\u015f kire\u00e7ta\u015flar\u0131 binlerce y\u0131ll\u0131k \u00e7\u00f6z\u00fclmeyi anlatan ma\u011faralar ve vadiler olu\u015fturmu\u015ftur. Bu b\u00f6lgenin tepesinde, Bajan topografyas\u0131n\u0131n zirvesi olan 340 metreye kadar y\u00fckselen Mount Hillaby yer al\u0131r. Orada, tektonik birikimin tabakal\u0131 kayd\u0131n\u0131 ay\u0131rt etmek m\u00fcmk\u00fcnd\u00fcr, \u00e7\u00fcnk\u00fc Barbados, Karayip Plakas\u0131&#039;n\u0131n alt\u0131na dalarken G\u00fcney Amerika Plakas\u0131&#039;ndan kaz\u0131nan tortular \u00fczerinde durur ve aday\u0131 bin y\u0131lda yakla\u015f\u0131k yirmi be\u015f milimetre oran\u0131nda y\u00fckseltir. Daha do\u011fuda bulunan Kanarya Adalar\u0131&#039;ndan ad\u0131n\u0131 alan e\u011fimli Pico Teneriffe burnu, bu daha derin g\u00fc\u00e7lerin jeolojik bir habercisi olarak Atlantik&#039;e do\u011fru uzan\u0131r.<\/p>\n<p>\u0130klimsel olarak ada ikili bir ritim ya\u015far: Haziran&#039;dan Aral\u0131k&#039;a kadar olan nemli mevsim, y\u0131lda 1.000 ila 2.300 milimetre aras\u0131nda ya\u011f\u0131\u015f birikebilir ve Aral\u0131k&#039;tan May\u0131s&#039;a kadar olan daha kuru bir aral\u0131k, g\u00fcnd\u00fcz termalleri 21 ila 31 santigrat derece aras\u0131nda seyreder. Saatte on iki ila on alt\u0131 kilometre h\u0131zla devam eden alize r\u00fczgarlar\u0131, muson desenli nemi yumu\u015fatarak, Barbados&#039;a meteorologlar\u0131n tropikal muson iklimi olarak adland\u0131rd\u0131\u011f\u0131 bir \u00fcn kazand\u0131ran bir \u0131l\u0131ml\u0131l\u0131k sa\u011flar, ancak s\u00fcrekli esintileri daha bo\u011fucu ekvatoral b\u00f6lgelerden farkl\u0131 bir karakter kazand\u0131r\u0131r.<\/p>\n<p>Sismik sars\u0131nt\u0131lar ve toprak kaymalar\u0131, seyrek de olsa, adan\u0131n dinamik temeline tan\u0131kl\u0131k ediyor; kas\u0131rgalar da ara s\u0131ra m\u00fcdahale ediyor, ancak Barbados ana siklon yolunun \u00f6tesinde yer al\u0131yor. Y\u0131k\u0131c\u0131 bir kas\u0131rga ortalamas\u0131, Eyl\u00fcl 1955&#039;te Kas\u0131rga Janet&#039;in felaketli ziyaretiyle kan\u0131tland\u0131\u011f\u0131 gibi, yirmi alt\u0131 y\u0131lda yaln\u0131zca bir kez tekrar ediyor; daha yak\u0131n zamanda, Tropikal F\u0131rt\u0131na Tomas, Ekim 2010&#039;da k\u0131y\u0131ya vurarak k\u00fc\u00e7\u00fck bir hasara yol a\u00e7t\u0131.<\/p>\n<p>Demografik olarak, 2010 ulusal n\u00fcfus say\u0131m\u0131nda 277.821 ki\u015fi kaydedildi; yakla\u015f\u0131k 144.800 kad\u0131n ve 133.000 erkek; bunlar\u0131n neredeyse hepsi Afrika k\u00f6kenliydi ve y\u00fczy\u0131llard\u0131r s\u00fcren zorunlu g\u00f6\u00e7\u00fc yans\u0131t\u0131yordu. 2020&#039;de seksen y\u0131l olan ya\u015fam beklentisi, k\u00fcresel olarak en y\u00fcksekler aras\u0131nda yer al\u0131yor ve Barbadoslu kad\u0131nlar ortalama seksen \u00fc\u00e7 y\u0131la ula\u015f\u0131rken erkekler yetmi\u015f dokuza yakla\u015f\u0131yor. Bu uzun \u00f6m\u00fcrle birlikte, \u00fclke halk sa\u011fl\u0131\u011f\u0131 \u00f6nlemlerinin ve halk\u0131n\u0131n dayan\u0131kl\u0131l\u0131\u011f\u0131n\u0131n bir kan\u0131t\u0131 olarak, d\u00fcnyan\u0131n ki\u015fi ba\u015f\u0131na d\u00fc\u015fen en y\u00fcksek y\u00fcz ya\u015f \u00fcst\u00fc oranlar\u0131ndan birine sahip. Do\u011furganl\u0131k ve \u00f6l\u00fcm oran\u0131 rakamlar\u0131, kaba do\u011fum oran\u0131n\u0131 binde 12,23, \u00f6l\u00fcm oran\u0131n\u0131 binde 8,39 ve bebek \u00f6l\u00fcm oran\u0131n\u0131, 2021 itibar\u0131yla, uluslararas\u0131 kurulu\u015flar taraf\u0131ndan yak\u0131ndan izlenen bir istatistik olarak, bin canl\u0131 do\u011fumda sadece on birin biraz \u00fczerinde g\u00f6steriyor.<\/p>\n<p>Bir zamanlar tek k\u00fclt\u00fcrl\u00fc \u015feker \u00fcretimine dayanan Barbados ekonomisi, karma bir hizmet, offshore finans, hafif \u00fcretim ve turizm sistemine d\u00f6n\u00fc\u015fm\u00fc\u015ft\u00fcr. Ki\u015fi ba\u015f\u0131na d\u00fc\u015fen GSY\u0130H, onu k\u00fcresel finans kurulu\u015flar\u0131 taraf\u0131ndan belirlenen seksen \u00fc\u00e7 y\u00fcksek gelirli ekonomi aras\u0131nda d\u00fcnya \u00e7ap\u0131nda elli ikinci s\u0131raya yerle\u015ftirmektedir. Ancak bu refah\u0131n alt\u0131nda zorluk cepleri yatmaktad\u0131r: Karayip Kalk\u0131nma Bankas\u0131 ile yap\u0131lan 2012 tarihli bir \u00e7al\u0131\u015fmaya g\u00f6re, be\u015f Bajan&#039;dan biri yoksulluk s\u0131n\u0131r\u0131n\u0131n alt\u0131nda ya\u015famakta ve neredeyse onda biri her g\u00fcn yeterli beslenmeyi sa\u011flayamamaktad\u0131r. Ancak yenilik, ifadesini bulur; Barbados, 2024 K\u00fcresel Yenilik Endeksi&#039;nde yetmi\u015f yedinci s\u0131raya ula\u015fm\u0131\u015ft\u0131r.<\/p>\n<p>K\u00fclt\u00fcrel ya\u015fam senkretik yo\u011funlukla at\u0131yor. &#034;Barbadoslu&#034;nun on sekizinci y\u00fczy\u0131ldaki k\u0131saltmas\u0131ndan t\u00fcretilen &#034;Bajan&#034; terimi, hem milliyeti hem de kimli\u011fi ifade ediyor ve miraslar\u0131 Bat\u0131 Afrika, Portekiz, Do\u011fu Hindistan, Creole ve \u0130ngiliz ipliklerini \u00f6ren adal\u0131lar aras\u0131nda gurur g\u00f6stergesi. Her yaz, Temmuz ay\u0131n\u0131n ba\u015flar\u0131nda ba\u015flay\u0131p A\u011fustos ay\u0131n\u0131n ilk Pazartesi g\u00fcn\u00fc -Kadooment G\u00fcn\u00fc- doru\u011fa ula\u015fan Mahsul Biti\u015f festivali, son \u015feker kam\u0131\u015f\u0131 hasad\u0131n\u0131 onurland\u0131ran on sekizinci y\u00fczy\u0131l ayinini yeniden canland\u0131r\u0131yor. Haftalarca s\u00fcren m\u00fczik yar\u0131\u015fmalar\u0131 ve kalipso ve soka g\u00f6sterileri boyunca, topluluk bir zamanlar tarlalarda en a\u011f\u0131r y\u00fckleri ta\u015f\u0131yan i\u015f\u00e7ilere bi\u00e7ilen Mahsul Kral\u0131 ve Krali\u00e7esi&#039;ni ta\u00e7land\u0131r\u0131yor. Pirin\u00e7 ezgileri ve davullar\u0131n u\u011fultusu aras\u0131nda, Barbados&#039;un ge\u00e7mi\u015fi ar\u015fivden \u00e7\u0131kar\u0131l\u0131yor ve maskeli balo ve melodide cismani bir bi\u00e7im al\u0131yor.<\/p>\n<p>Gastronomi de bu \u00e7ok k\u00fclt\u00fcrl\u00fc soyun izlerini ta\u015f\u0131r. U\u00e7an bal\u0131k ve ac\u0131 soslu ulusal yemek olan cou-cou, daha ince \u00f6\u011f\u00fct\u00fclm\u00fc\u015f m\u0131s\u0131r ununu, yerel otlar\u0131n bir kar\u0131\u015f\u0131m\u0131nda marine edilmi\u015f adan\u0131n sembolik bal\u0131\u011f\u0131yla birle\u015ftirir ve biberli soslarla birlikte sunulur. Puding ve souse (baharatl\u0131 tatl\u0131 patatesli sirkeli domuz eti) ortak masalarda belirir ve eski k\u0131rsal mutfaklar\u0131 hat\u0131rlat\u0131r. Tur\u015fu salatal\u0131k, bal\u0131k k\u00f6ftesi, k\u0131zarana kadar k\u0131zart\u0131lm\u0131\u015f &#034;f\u0131r\u0131nlar&#034; ve \u00e7\u0131t\u0131r yaprakl\u0131 salatalar, \u0130sko\u00e7 biberlerinden yap\u0131lan ac\u0131 soslarla ta\u00e7land\u0131r\u0131lan \u00e7o\u011fu yeme\u011fe e\u015flik eder.<\/p>\n<p>Burada dam\u0131t\u0131lan i\u00e7kiler d\u00fcnya \u00e7ap\u0131nda \u00fcne kavu\u015fmu\u015ftur. K\u00f6keni 1703 tarihli bir tapuya dayanan Mount Gay Rum, d\u00fcnyan\u0131n en eski mevcut rom \u00fcreticisi olma ayr\u0131cal\u0131\u011f\u0131n\u0131 iddia ediyor. K\u00f6m\u00fcrle\u015fmi\u015f me\u015fe f\u0131\u00e7\u0131larda olgunla\u015ft\u0131r\u0131lan kehribar renkli ifadeleri, y\u00fczy\u0131llard\u0131r s\u00fcren dam\u0131tma uzmanl\u0131\u011f\u0131n\u0131 anlat\u0131yor. Malibu&#039;nun hindistan cevizi aromal\u0131 tatl\u0131l\u0131\u011f\u0131 olan Cockspur Rum ve Banks Brewery&#039;nin soluk lager ve kehribar biras\u0131, adan\u0131n \u00e7e\u015fitli bira yap\u0131m geleneklerini temsil ederken, Tiger Malt \u0131l\u0131ml\u0131 damak zevkine sahip ki\u015filer i\u00e7in alkols\u00fcz bir malt i\u00e7ece\u011fi sunuyor. Daha yak\u0131n zamanda, Speightstown&#039;\u0131n 10 Saints biras\u0131, Mount Gay&#039;in \u00d6zel Rezerv f\u0131\u00e7\u0131lar\u0131nda doksan g\u00fcn boyunca sessizce olgunla\u015ft\u0131r\u0131ld\u0131 ve 2009&#039;daki ilk \u00e7\u0131k\u0131\u015f\u0131ndan bu yana CARICOM pazarlar\u0131nda m\u00fctevaz\u0131 bir takip\u00e7i kitlesi kazand\u0131.<\/p>\n<p>S\u00fcr\u00fcc\u00fcler, her iki ki\u015fi i\u00e7in yakla\u015f\u0131k bir tane olan kay\u0131tl\u0131 ara\u00e7 filosuyla rotalar\u0131 payla\u015farak, soldaki k\u0131vr\u0131ml\u0131 yollardan ge\u00e7erler. Trafik, bir yolcuyu Saint Philip&#039;teki Six Cross Roads&#039;tan Saint Lucy&#039;deki North Point&#039;e kadar g\u00fcneydo\u011fu kesiminde mahsur b\u0131rakabilir; \u00f6\u011fle g\u00fcne\u015fi tampon tampon \u00e7izgilerde parlad\u0131\u011f\u0131nda bir bu\u00e7uk saat s\u00fcrebilen, yakla\u015f\u0131k k\u0131rk kilometrelik bir yolculuk. Kav\u015faklarda, d\u00f6ner kav\u015faklar en \u00fcst seviyededir; on sekizinci y\u00fczy\u0131l isyanc\u0131s\u0131 Bussa&#039;n\u0131n Kurtulu\u015f Heykeli, Bridgetown&#039;\u0131n do\u011fusundaki b\u00f6yle bir daireyi i\u015fgal eder, varl\u0131\u011f\u0131 \u00f6zg\u00fcrl\u00fc\u011f\u00fcn bedeli \u00fczerine sessiz bir s\u00f6ylevdir.<\/p>\n<p>Toplu ta\u015f\u0131ma ara\u00e7lar\u0131 \u00f6zel otomobilleri tamamlar. \u00d6zel olarak i\u015fletilen &#034;ZR&#039;ler&#034; -do\u011fa manzaral\u0131 yollarda ayakta yolcular\u0131 a\u011f\u0131rlayan minib\u00fcsler- ve k\u00fc\u00e7\u00fck sar\u0131 &#034;minib\u00fcsler&#034;, sabit zaman \u00e7izelgelerine ve rotalara uyan g\u00f6k mavisi ula\u015f\u0131m panolu otob\u00fcslerle kar\u0131\u015f\u0131r. 3,50 Bds$&#039;l\u0131k bir \u00fccret, bunlardan herhangi birinde ge\u00e7i\u015f sat\u0131n al\u0131r; \u00fcniformal\u0131 okul \u00e7ocuklar\u0131 h\u00fck\u00fcmet otob\u00fcslerinde \u00fccretsiz ve ZR&#039;lerde 2,50 Bds$&#039;a biner. Para, \u00f6zel operat\u00f6rler taraf\u0131ndan verilirken, h\u00fck\u00fcmet ara\u00e7lar\u0131 k\u00fc\u00e7\u00fck madeni paralar yerine makbuz verir; terminaller ve depolar Bridgetown, Speightstown, Oistins ve Mangrove&#039;da noktalan\u0131r, her merkez adan\u0131n dola\u015f\u0131m sisteminde bir d\u00fc\u011f\u00fcmd\u00fcr.<\/p>\n<p>S\u00fcrd\u00fcr\u00fclebilirli\u011fin pe\u015finde olan Barbados, Temmuz 2020&#039;de otuz \u00fc\u00e7 adet BYD elektrikli otob\u00fcs sat\u0131n alarak ya\u015flanan dizel filosunu tamamlad\u0131 ve h\u00fck\u00fcmetin 2030 y\u0131l\u0131na kadar fosil yak\u0131tlar\u0131 ortadan kald\u0131rma hedefini ilerletti. Ziyaret\u00e7ilere hizmet vermek isteyen oteller, genellikle yerel simge yap\u0131lara servisler g\u00f6nderiyor ve \u00e7okuluslu zincirlerin par\u00e7as\u0131 olmayan k\u00fc\u00e7\u00fck ara\u00e7 kiralama acenteleri, rahat\u00e7a ke\u015ffetmek isteyenlere kendi kendine s\u00fcr\u00fc\u015f se\u00e7enekleri sunuyor.<\/p>\n<p>Adan\u0131n tek hava kap\u0131s\u0131 olan Grantley Adams Uluslararas\u0131 Havaalan\u0131, Karayip ticaretinin g\u00fcney merkezi olarak i\u015flev g\u00f6rerek Barbados&#039;un Avrupa, Kuzey Amerika ve \u00f6tesiyle ba\u011flant\u0131s\u0131n\u0131 vurgular. 2003 ile 2006 y\u0131llar\u0131 aras\u0131nda 100 milyon ABD dolar\u0131 tutar\u0131ndaki bir y\u00fckseltme kapasitesini art\u0131rd\u0131 ve 2023&#039;te eski Concorde terminali modernize edilmi\u015f bir kalk\u0131\u015f pavyonuna d\u00f6n\u00fc\u015ft\u00fcr\u00fclmeye ba\u015fland\u0131. Ba\u015fbakan Mia Mottley, Aral\u0131k 2023&#039;te havaliman\u0131 iyile\u015ftirmeleri i\u00e7in ek 300 milyon ABD dolar\u0131 tutar\u0131nda m\u00fczakereler duyurdu ve bu da artan bir verim gelece\u011finin habercisi oldu.<\/p>\n<p>Deniz eri\u015fimi, konteyner ve kruvaziyer operasyonlar\u0131 bir zamanlar Barbados Liman Otoritesi olarak bilinen yeniden olu\u015fturulmu\u015f otorite olan Barbados Port Inc. taraf\u0131ndan y\u00f6netilen Bridgetown liman\u0131nda yo\u011funla\u015f\u0131r. R\u0131ht\u0131mlar\u0131 her s\u0131n\u0131ftan gemiyi kabul ederek adan\u0131n deniz yoluyla ticaret ve e\u011flence i\u00e7in bir ba\u011flant\u0131 noktas\u0131 rol\u00fcn\u00fc g\u00fc\u00e7lendirir.<\/p>\n<p>Bir\u00e7ok adadan sadece biri olmas\u0131na ra\u011fmen, Barbados kesintisiz s\u00f6m\u00fcrge ge\u00e7mi\u015fiyle - &#034;Bimshire&#034; ve &#034;K\u00fc\u00e7\u00fck Britanya&#034; lakaplar\u0131n\u0131 hak ediyor - ve volkanik bir burundan ziyade mercan yap\u0131l\u0131 bir arazi yap\u0131s\u0131 olarak jeolojik karakteriyle kendini farkl\u0131la\u015ft\u0131r\u0131yor. En yak\u0131n kom\u015fular\u0131 olan Saint Lucia ve Saint Vincent yakla\u015f\u0131k 168 kilometre bat\u0131da yer al\u0131yor, engebeli zirveleri ufuk \u00e7izgisini delerken, Barbados&#039;un d\u00fczle\u015fmi\u015f konturlar\u0131 resif kal\u0131nt\u0131lar\u0131ndan ve tortu birikiminden bahsediyor.<\/p>\n<p>On bir b\u00f6lge bu m\u00fctevaz\u0131 b\u00f6lgeyi d\u00f6rt gayriresmi b\u00f6lgeye ay\u0131r\u0131r. Saint Michael, Bridgetown&#039;a ve n\u00fcfusun \u00fc\u00e7te birine, k\u0131y\u0131daki Careenage&#039;e ve tarihi garnizon b\u00f6lgelerine ev sahipli\u011fi yapar; Mount Gay&#039;in dam\u0131t\u0131mevi ve Kensington Oval&#039;in kriket sahalar\u0131n\u0131n yan\u0131 s\u0131ra adan\u0131n s\u00f6m\u00fcrge anlat\u0131s\u0131na kap\u0131lar sunar. Bat\u0131da, Saint James, Saint Peter ve Saint Lucy en korunakl\u0131 plajlar\u0131 sunarken, Holetown ve Speightstown aileler ve balay\u0131 \u00e7iftleri i\u00e7in bir konukevi ve tatil k\u00f6y\u00fc koridoru sa\u011flar. G\u00fcneyde, Christ Church en yo\u011fun gece hayat\u0131na ev sahipli\u011fi yapar; Rockley&#039;den Oistins&#039;e ve Silver Sands&#039;e kadar uzanan sahili barlar ve restoranlarla doludur; do\u011fusundaki engebeli Sainte Philip sahili ise dramatik s\u00f6rfe ilgi duyanlara hitap eder. Orta do\u011fudaki Saint Andrew, Saint George, Saint John, Saint Joseph ve Saint Thomas b\u00f6lgeleri b\u00fcy\u00fck \u00f6l\u00e7\u00fcde geli\u015fmemi\u015f durumda; yemye\u015fil bah\u00e7eleri, plantasyon arazileri ve Harrison Ma\u011faras\u0131&#039;ndaki yer alt\u0131 ma\u011faralar\u0131, Barbados&#039;un i\u00e7 kesimleriyle samimi bir kar\u015f\u0131la\u015fma sa\u011fl\u0131yor.<\/p>\n<p>Uzaktaki adac\u0131klar -bir zamanlar karantina istasyonu olan ve \u015fimdi Bridgetown liman\u0131n\u0131n geni\u015flemesiyle ele ge\u00e7irilen Pelican Adas\u0131 ve gelgit s\u0131ras\u0131nda y\u00fcr\u00fcyerek ula\u015f\u0131labilen bir \u00e7imenlik olan Culpepper Adas\u0131- k\u00fc\u00e7\u00fck merak nesneleri olarak duruyor; \u00e7orak manzaralar\u0131, ana adan\u0131n ekili tarlalar\u0131na ve hareketli sokaklar\u0131na tezat olu\u015fturuyor.<\/p>\n<p>Barbados, y\u00fczy\u0131llar boyunca mercan temellerini ve imparatorluk miras\u0131n\u0131 kullanarak hem geleneklere dayal\u0131 hem de yenili\u011fe a\u00e7\u0131k bir toplum olu\u015fturmu\u015ftur. Okyanus r\u00fczgar\u0131n\u0131n hem an\u0131y\u0131 hem de vaadi e\u015fit \u00f6l\u00e7\u00fcde ta\u015f\u0131d\u0131\u011f\u0131 bu yerde, ziyaret\u00e7iler kolay romantizme direnen, s\u0131rlar\u0131n\u0131 tarih, jeoloji ve k\u00fclt\u00fcr\u00fcn sab\u0131rl\u0131 birikimiyle m\u00fctevaz\u0131 bir g\u00fczellik sahnesinde ortaya koyan bir ada bulurlar.<\/p>","protected":false},"excerpt":{"rendered":"<p>Bat\u0131 Hint Adalar\u0131&#039;n\u0131n K\u00fc\u00e7\u00fck Antiller&#039;inde bulunan Barbados b\u00fcy\u00fcleyici bir ada \u00fclkesidir. Karayip adalar\u0131n\u0131n en do\u011fusu olan ve Karayipler&#039;de sakl\u0131 olan ada, Kuzey Amerika&#039;n\u0131n yan\u0131nda ve G\u00fcney Amerika&#039;n\u0131n kuzeyindedir. Barbados&#039;un G\u00fcney Amerika ve Karayip levhalar\u0131n\u0131n kenar\u0131ndaki co\u011frafi konumu, kendine \u00f6zg\u00fc jeolojisini a\u00e7\u0131klamaya yard\u0131mc\u0131 olur. Adan\u0131n ba\u015fkenti ve en b\u00fcy\u00fck \u015fehri olan Bridgetown, bir i\u015f ve k\u00fclt\u00fcr yuvas\u0131d\u0131r.<\/p>","protected":false},"author":1,"featured_media":3142,"parent":24084,"menu_order":0,"comment_status":"closed","ping_status":"closed","template":"elementor_theme","meta":{"_eb_attr":"","footnotes":""},"class_list":["post-9509","page","type-page","status-publish","has-post-thumbnail"],"_links":{"self":[{"href":"https:\/\/travelshelper.com\/tr\/wp-json\/wp\/v2\/pages\/9509","targetHints":{"allow":["GET"]}}],"collection":[{"href":"https:\/\/travelshelper.com\/tr\/wp-json\/wp\/v2\/pages"}],"about":[{"href":"https:\/\/travelshelper.com\/tr\/wp-json\/wp\/v2\/types\/page"}],"author":[{"embeddable":true,"href":"https:\/\/travelshelper.com\/tr\/wp-json\/wp\/v2\/users\/1"}],"replies":[{"embeddable":true,"href":"https:\/\/travelshelper.com\/tr\/wp-json\/wp\/v2\/comments?post=9509"}],"version-history":[{"count":0,"href":"https:\/\/travelshelper.com\/tr\/wp-json\/wp\/v2\/pages\/9509\/revisions"}],"up":[{"embeddable":true,"href":"https:\/\/travelshelper.com\/tr\/wp-json\/wp\/v2\/pages\/24084"}],"wp:featuredmedia":[{"embeddable":true,"href":"https:\/\/travelshelper.com\/tr\/wp-json\/wp\/v2\/media\/3142"}],"wp:attachment":[{"href":"https:\/\/travelshelper.com\/tr\/wp-json\/wp\/v2\/media?parent=9509"}],"curies":[{"name":"wp","href":"https:\/\/api.w.org\/{rel}","templated":true}]}}