{"id":9484,"date":"2024-09-08T13:46:30","date_gmt":"2024-09-08T13:46:30","guid":{"rendered":"https:\/\/travelshelper.com\/staging\/?page_id=9484"},"modified":"2026-03-13T13:06:29","modified_gmt":"2026-03-13T13:06:29","slug":"bahamalar","status":"publish","type":"page","link":"https:\/\/travelshelper.com\/tr\/destinations\/north-america\/bahamas\/","title":{"rendered":"Bahamalar"},"content":{"rendered":"<p>Bahamalar Toplulu\u011fu, kristal berrakl\u0131\u011f\u0131ndaki denizler ve r\u00fczg\u00e2rl\u0131 adac\u0131klar diyar\u0131n\u0131 kaplar, 10.010 kilometrekarelik kara par\u00e7as\u0131 yakla\u015f\u0131k 800 kilometrelik Atlantik geni\u015fli\u011fine serpi\u015ftirilmi\u015ftir. Y\u00fczde 90&#039;\u0131 Afrika atalar\u0131na dayanan 400.000&#039;den biraz fazla sakini, b\u00fcy\u00fck \u00f6l\u00e7\u00fcde 30 yerle\u015fimli adada k\u00fcmelenmi\u015ftir ve New Providence&#039;\u0131n Nassau&#039;su hem siyasi sinir merkezi hem de ana u\u011frak liman\u0131 olarak hizmet vermektedir. 20\u00b0 ve 28\u00b0 kuzey enlemleri ile 72\u00b0 ila 80\u00b0 bat\u0131 boylamlar\u0131 aras\u0131nda yer alan \u00fclke, 470.000 kilometrekarelik deniz alan\u0131n\u0131 omuzlamaktad\u0131r ve modern s\u0131n\u0131rlamalara kadar talep edilmeyen ve haritas\u0131 \u00e7\u0131kar\u0131lmam\u0131\u015f sulara do\u011fru hafif\u00e7e dalgalanan k\u0131y\u0131 \u015feritlerinin \u00e7ok \u00f6tesine uzanmaktad\u0131r.<\/p>\n<p>Avrupa haritalar\u0131 k\u0131y\u0131lar\u0131na isimler yazd\u0131rmadan y\u00fczy\u0131llar \u00f6nce, tak\u0131madalar Arawakanca konu\u015fan Lucayanlara ev sahipli\u011fi yap\u0131yordu. K\u00f6yleri \u00e7am korular\u0131 ve mangrov ormanlar\u0131 aras\u0131nda uzan\u0131yordu. Ekim 1492&#039;de, \u0130spanyol komisyonu alt\u0131ndaki bir Cenevizli denizci, art\u0131k San Salvador olarak bilinen aday\u0131 g\u00f6rd\u00fc ve b\u00f6ylece &#034;Yeni D\u00fcnya&#034; olarak adland\u0131r\u0131lan yerdeki ilk Avrupa ayak izini belirledi. Bir nesil i\u00e7inde, \u0130spanyol yetkililer neredeyse t\u00fcm yerli halk\u0131 yerlerinden etti ve onlar\u0131 bask\u0131 alt\u0131nda Hispaniola&#039;ya ta\u015f\u0131d\u0131. B\u00f6ylece 1513&#039;te Bahama adalar\u0131 b\u00fcy\u00fck \u00f6l\u00e7\u00fcde bo\u015f kald\u0131. Bermuda&#039;dan Eleutheran Macerac\u0131lar\u0131 adl\u0131 bir grup \u0130ngiliz yerle\u015fimci, Eleuthera&#039;n\u0131n hareket eden kumullar\u0131n\u0131 dini muhalifler i\u00e7in bir s\u0131\u011f\u0131nak olarak talep edene kadar 1649&#039;u bekledi. 1783&#039;ten sonra k\u00f6lele\u015ftirilmi\u015f i\u015fg\u00fcc\u00fc ve plantasyon hibeleri getiren Amerikan Sad\u0131klar&#039;\u0131n geli\u015fiyle birlikte, bu adalar\u0131n kal\u0131c\u0131l\u0131\u011f\u0131, 1834&#039;teki \u00f6zg\u00fcrle\u015fmeye kadar s\u00fcrecek demografik ve tar\u0131msal temelleri olu\u015fturdu. 1818 ile o tarih aras\u0131nda adalar, s\u0131\u011f\u0131nak olarak \u00fcnlendi: yasad\u0131\u015f\u0131 k\u00f6le gemilerinden kurtulan Afrikal\u0131lar, Kuzey Amerikal\u0131 ka\u00e7aklar ve Florida Seminolleri bu k\u0131y\u0131larda s\u0131\u011f\u0131nma buldular; \u00f6yle ki yabanc\u0131 kaptanlar Bahama sular\u0131nda seyrederken k\u00f6lelik iddias\u0131nda bulunmay\u0131 b\u0131rakt\u0131lar.<\/p>\n<p>1718&#039;den itibaren \u0130ngiliz tac\u0131n\u0131n g\u00f6zetimi alt\u0131nda, adalar korsanl\u0131\u011f\u0131 bast\u0131rmak i\u00e7in deniz savunmalar\u0131 olu\u015fturdu ve 1973&#039;e kadar koloni stat\u00fcs\u00fcn\u00fc \u00fcstlendi. O y\u0131l, Sir Lynden Pindling liderli\u011findeki liderlik, tak\u0131madalar\u0131 bir Milletler Toplulu\u011fu \u00fclkesi olarak ba\u011f\u0131ms\u0131zl\u0131\u011fa y\u00f6nlendirdi, Charles III&#039;\u00fc h\u00fck\u00fcmdar olarak korudu ve bir genel valiyi kraliyet vekili olarak atad\u0131. \u0130ngiliz parlamento gelene\u011finden yararlanan siyasi \u00e7er\u00e7eve, o zamandan beri ki\u015fi ba\u015f\u0131na d\u00fc\u015fen gayri safi yurti\u00e7i has\u0131las\u0131 Amerika&#039;da on d\u00f6rd\u00fcnc\u00fc s\u0131rada yer alan bir ulusun evrimini denetledi. Ekonomik \u00e7\u0131kt\u0131n\u0131n s\u0131ras\u0131yla yakla\u015f\u0131k ve &#039;ini olu\u015fturan turizm ve a\u00e7\u0131k deniz finans\u0131, ulusal gelirleri destekler: on dolardan yedisi ziyaret\u00e7i harcamalar\u0131ndan, var\u0131\u015flar\u0131n yakla\u015f\u0131k d\u00f6rtte \u00fc\u00e7\u00fc yolcu gemisiyle gelirken, finansal hizmetler \u015fa\u015f\u0131rt\u0131c\u0131 toplamlar\u0131 y\u00f6netir - tahmini 13,7 trilyon ABD dolar\u0131 \u00f6zel servet ve Bahamalar yarg\u0131 yetkisi alt\u0131nda korunan 12 trilyon ABD dolar\u0131 kurumsal holding.<\/p>\n<p>Jeofizik k\u00f6kenleri, Pangaea par\u00e7alar\u0131n\u0131n Atlantik ak\u0131nt\u0131lar\u0131 \u00fczerinde s\u00fcr\u00fcklendi\u011fi erken Mezozoik&#039;e kadar uzan\u0131r; sonraki \u00e7a\u011flar, Pleistosen deniz seviyesi sal\u0131n\u0131mlar\u0131 yoluyla modern tak\u0131madalar\u0131 \u015fekillendirdi. Bug\u00fcn, yakla\u015f\u0131k 700 ada ve 2.400 adac\u0131ktan en b\u00fcy\u00fc\u011f\u00fc olan Andros Adas\u0131, geni\u015f mangrov \u00e7al\u0131l\u0131klar\u0131n\u0131n yan\u0131 s\u0131ra \u00fc\u00e7 karasal ekob\u00f6lgeyi tan\u0131mlayan etek \u00e7am mozai\u011fi ve kuru ormanlar sunmaktad\u0131r. Kara y\u00fczeyinin yar\u0131s\u0131 orman \u00f6rt\u00fcs\u00fc ta\u015f\u0131maktad\u0131r ve 1990&#039;dan beri statik kalm\u0131\u015ft\u0131r, neredeyse tamam\u0131 do\u011fal yenilenme alt\u0131nda ve \u00e7o\u011funlukla kamu y\u00f6netimi alt\u0131ndad\u0131r. Arazinin kendisi nadiren 20 metre y\u00fcksekli\u011fi a\u015far; Cat Adas\u0131&#039;ndaki Mount Alvernia, adalar\u0131n genel d\u00fcz profilini ifade eden 64 metrelik bir tepede durmaktad\u0131r.<\/p>\n<p>\u0130klimsel ritimler tropikal bir savan rejimine uymaktad\u0131r: en so\u011fuk ve en s\u0131cak aylar aras\u0131nda s\u0131cakl\u0131klar sadece 7 \u00b0C de\u011fi\u015firken, r\u00fczgarl\u0131 bir K\u00f6rfez Ak\u0131nt\u0131s\u0131 mevsimsel a\u015f\u0131r\u0131l\u0131klar\u0131 yumu\u015fat\u0131r. Ya\u011f\u0131\u015f, g\u00fcne\u015fin tepe noktas\u0131na ula\u015fmas\u0131yla y\u0131l ortas\u0131nda zirveye ula\u015f\u0131r, ancak k\u0131\u015f\u0131n \u00e7ekilmesiyle birlikte kuruluk hakimdir. Nadir kutup havas\u0131 istilalar\u0131 gece termometrelerini 10 \u00b0C&#039;nin alt\u0131na d\u00fc\u015f\u00fcrd\u00fc, ancak meteorolojik kay\u0131t tutma ba\u015flad\u0131\u011f\u0131ndan beri, Bahama resiflerine asla don \u00e7\u00f6kmedi. 19 Ocak 1977&#039;de tek bir kar ya\u011f\u0131\u015f\u0131 -karla kar\u0131\u015f\u0131k ya\u011fmur- Freeport&#039;un \u00fczerine s\u00fcr\u00fcklendi, Bahamalar&#039;\u0131n imzas\u0131 olan g\u00f6ky\u00fcz\u00fcn\u00fcn mavi-ye\u015fil fonunda ge\u00e7ici bir g\u00f6steri. G\u00fcne\u015f y\u0131lda 3.000 saatten fazla h\u00fck\u00fcm s\u00fcr\u00fcyor ve kakt\u00fcslerle noktal\u0131 \u00e7al\u0131l\u0131klar ve g\u00fcne\u015ften kavrulmu\u015f d\u00fczl\u00fckler ortaya \u00e7\u0131k\u0131yor.<\/p>\n<p>Ancak f\u0131rt\u0131nal\u0131 Atlantik kendi dramlar\u0131n\u0131 dayat\u0131r: Kas\u0131rga Andrew 1992&#039;de kuzeydeki adac\u0131klar\u0131 tarad\u0131; Floyd 1999&#039;da do\u011fu k\u0131y\u0131lar\u0131n\u0131 s\u0131y\u0131rd\u0131; ve Eyl\u00fcl 2019&#039;da Kas\u0131rga Dorian, Grand Bahama ve Great Abaco&#039;yu 5. kategori yo\u011funlukta vurdu, 298 km\/s h\u0131zla esen r\u00fczgarlar\u0131 ve 350 km\/s&#039;ye kadar \u00e7\u0131kan r\u00fczgarlar\u0131 s\u00fcrd\u00fcrd\u00fc ve b\u00f6ylece \u00fclkenin en a\u011f\u0131r meteorolojik kayd\u0131n\u0131 olu\u015fturdu. 1960&#039;tan bu yana yar\u0131m santigrat derecelik bir art\u0131\u015fla kan\u0131tlanan iklim bozulmalar\u0131, artan oynakl\u0131k vaat ediyor: modeller, sanayi \u00f6ncesi k\u0131staslar\u0131n 2 \u00b0C \u00fczerinde k\u00fcresel bir art\u0131\u015f\u0131n, bu s\u0131n\u0131rlar i\u00e7inde a\u015f\u0131r\u0131 ya\u011f\u0131\u015f olaylar\u0131n\u0131 d\u00f6rt kat\u0131na \u00e7\u0131karabilece\u011fini \u00f6ne s\u00fcr\u00fcyor. Kara k\u00fctlesinin en az y\u00fczde 80&#039;inin on metre y\u00fcksekli\u011fin alt\u0131nda olmas\u0131yla, deniz seviyesindeki y\u00fckselme projeksiyonlar\u0131 k\u0131y\u0131 topluluklar\u0131, altyap\u0131 ve ekosistemler i\u00e7in derin zorluklara i\u015faret ediyor.<\/p>\n<p>Enerji altyap\u0131s\u0131 ithal petrole ba\u011fl\u0131 kalmaya devam ediyor ve 2023&#039;te yakla\u015f\u0131k 2,94 milyon ton sera gaz\u0131 \u00fcretiyor; h\u00fck\u00fcmetin 2033&#039;e kadar elektri\u011fin &#039;unu g\u00fcne\u015f enerjisi tesislerinden elde etme hedefi, yenilenebilir kapasiteye do\u011fru ortaya \u00e7\u0131kan bir de\u011fi\u015fime i\u015faret ediyor. Uluslararas\u0131 i\u015f birli\u011fine ba\u011fl\u0131 olarak, taahh\u00fctler emisyonlar\u0131 2030&#039;a kadar oran\u0131nda azaltmay\u0131 hedefliyor; bu hedef, e\u011fer ger\u00e7ekle\u015ftirilirse, ekonomik b\u00fcy\u00fcmeyi \u00e7evre y\u00f6netimiyle birle\u015ftirecek.<\/p>\n<p>Tak\u0131madalar boyunca ula\u015f\u0131m yollar\u0131, deniz yollar\u0131n\u0131 ve hava yollar\u0131n\u0131 i\u00e7 i\u00e7e ge\u00e7iriyor: 1.620 kilometrelik asfalt otoyollar New Providence, Grand Bahama ve di\u011fer ba\u015fl\u0131ca adalar\u0131 birbirine ba\u011flarken, altm\u0131\u015f bir havaalan\u0131 uzak topluluklar\u0131 birbirine ba\u011fl\u0131yor; bunlar\u0131n aras\u0131nda Nassau yak\u0131nlar\u0131ndaki Lynden Pindling Uluslararas\u0131 Havaliman\u0131, Freeport&#039;taki Grand Bahama Uluslararas\u0131 Havaliman\u0131 ve Abaco&#039;nun Marsh Harbour&#039;\u0131ndaki Leonard M. Thompson Uluslararas\u0131 Havaliman\u0131 yer al\u0131yor. Deniz ta\u015f\u0131tlar\u0131, pistlerin ula\u015famad\u0131\u011f\u0131 yerlerde ticaret ve yolcu seyahatini s\u00fcrd\u00fcrerek adalar aras\u0131 ba\u011flant\u0131 i\u00e7in vazge\u00e7ilmez olmaya devam ediyor.<\/p>\n<p>Demografik olarak, Bahamalar m\u00fctevaz\u0131 bir b\u00fcy\u00fcme g\u00f6steriyor. 2018 n\u00fcfus say\u0131m\u0131na g\u00f6re, sakinlerin ,2&#039;si 15-64 ya\u015f aral\u0131\u011f\u0131nda, ,9&#039;u 15 ya\u015f\u0131n alt\u0131nda ve %6,9&#039;u 65 ya\u015f\u0131n \u00fcst\u00fcnde yer al\u0131yordu. Do\u011fum ve \u00f6l\u00fcm oranlar\u0131 s\u0131ras\u0131yla 1.000&#039;de 17,81 ve 9,35 iken, net g\u00f6\u00e7 1.000&#039;de -2,13 g\u00f6\u00e7men ile hafif bir g\u00f6\u00e7e neden oldu. Ya\u015fam beklentisi ortalamas\u0131 69,87 y\u0131l (kad\u0131nlar i\u00e7in 73,49 ve erkekler i\u00e7in 66,32) ve toplam do\u011furganl\u0131k oran\u0131 kad\u0131n ba\u015f\u0131na iki \u00e7ocu\u011fa yak\u0131n. En yo\u011fun yerle\u015fim topraklar\u0131 New Providence ve Grand Bahama&#039;da k\u00fcmeleniyor; Eleuthera, Cat Adas\u0131, San Salvador, Exuma ve Bimini tak\u0131madalar\u0131 gibi di\u011fer yerle\u015fim adalar\u0131 daha k\u00fc\u00e7\u00fck ama canl\u0131 topluluklara sahip.<\/p>\n<p>K\u00fclt\u00fcrel yap\u0131, \u0130ngiliz s\u00f6m\u00fcrge miras\u0131n\u0131, Afrika miras\u0131n\u0131 ve Amerikan etkisini i\u00e7 i\u00e7e ge\u00e7irerek dini ba\u011fl\u0131l\u0131kta, halk uygulamalar\u0131nda ve sanatsal ifadede kendini g\u00f6sterir. \u0130ngilizce, ortak dil olarak hizmet eder; Baptistler, d\u00fcnyan\u0131n en y\u00fcksek kilise\/insan oran\u0131na sahip oldu\u011fu bilinen bir co\u011frafyada en b\u00fcy\u00fck tek mezhebi olu\u015fturur. Afrika k\u00f6kenli bir halk b\u00fcy\u00fcs\u00fc sistemi olan Obeah, Bahama yasalar\u0131na g\u00f6re yasaklanm\u0131\u015f olmas\u0131na ra\u011fmen aile adas\u0131 b\u00f6lgelerinde gizlice varl\u0131\u011f\u0131n\u0131 s\u00fcrd\u00fcrmektedir. Zanaatkarlar, palmiye yapra\u011f\u0131 &#034;saman\u0131n\u0131&#034; ihracat i\u00e7in \u015fapka ve \u00e7antalara d\u00f6n\u00fc\u015ft\u00fcr\u00fcr, dokumalar\u0131 nesiller boyunca aktar\u0131lan geleneksel teknikleri yans\u0131t\u0131r.<\/p>\n<p>Takvimde bayram ritimleri vurgulan\u0131yor. Boks G\u00fcn\u00fc ve Yeni Y\u0131l G\u00fcn\u00fc, Nassau sokaklar\u0131n\u0131 Junkanoo ile ate\u015fliyor; her mevsim yeniden tasarlanan vurmal\u0131 \u00e7alg\u0131lar, pirin\u00e7 ve krep ka\u011f\u0131d\u0131ndan yap\u0131lm\u0131\u015f k\u0131yafetlerden olu\u015fan bir g\u00f6steri; kurtulu\u015f ve ulusal bayramlar ise ada d\u0131\u015f\u0131ndaki yerle\u015fim yerlerinde daha k\u00fc\u00e7\u00fck \u00f6l\u00e7ekli alaylar\u0131 te\u015fvik ediyor. Regattalar, denizcileri i\u015f teknelerinde bir araya getiriyor, denizcilik rekabetini k\u0131y\u0131 \u015feridi \u015fenlikleriyle birle\u015ftiriyor ve mutfak kutlamalar\u0131 yerel \u00fcr\u00fcnleri onurland\u0131r\u0131yor: Gregory Kasabas\u0131&#039;n\u0131n Ananas Festivali, Andros&#039;un Yenge\u00e7 Festivali ve ada genelinde deniz kabu\u011fu, kaya \u0131stakozu ve guava anmalar\u0131. Hikaye anlatma seanslar\u0131 atalardan kalma gelenekleri hat\u0131rlat\u0131yor: Andros&#039;un lusca ve chickcharney&#039;i, Exuma&#039;n\u0131n Pretty Molly&#039;si ve Bimini&#039;nin \u00fcnl\u00fc Kay\u0131p Atlantis \u015eehri, ulusal hayal g\u00fcc\u00fcn\u00fc destekleyen bir efsaneler panteonu olu\u015fturuyor.<\/p>\n<p>Edebiyat, haf\u0131za ve de\u011fi\u015fimin bu birle\u015fiminden do\u011far. \u015eairler ve d\u00fczyaz\u0131 yazarlar\u0131 (aralar\u0131nda Susan Wallace da vard\u0131r) kimlik, modernitenin atalardan kalma geleneklere m\u00fcdahalesi ve do\u011fal g\u00fczelli\u011fin kal\u0131c\u0131 cazibesiyle bo\u011fu\u015fan anlat\u0131lar olu\u015ftururlar. Eserleri sosyoekonomik de\u011fi\u015fimlere, sanatta ve \u00f6z alg\u0131da rafine olma aray\u0131\u015f\u0131na ve gelenek \u00f6zlemi ile kozmopolit b\u00fct\u00fcnle\u015fmeye do\u011fru itme aras\u0131ndaki gerilime tan\u0131kl\u0131k eder.<\/p>\n<p>Y\u00f6netim yap\u0131lar\u0131, gelir, \u015firket veya sermaye kazanc\u0131 vergilerinden muaf bir vergilendirme \u015femas\u0131yla ekonomik canl\u0131l\u0131\u011f\u0131 s\u00fcrd\u00fcr\u00fcr; devlet hazineleri gelirlerini \u00e7o\u011funlukla ithalat vergilerinden, katma de\u011fer vergisinden, lisans \u00fccretlerinden ve m\u00fclk de\u011ferlendirmelerinden elde eder. \u0130\u015fverenler ve \u00e7al\u0131\u015fanlar aras\u0131nda payla\u015f\u0131lan bordro katk\u0131lar\u0131 sosyal sigortay\u0131 finanse ederken, resmi rakamlar vergi gelirini 2010 itibar\u0131yla GSY\u0130H&#039;n\u0131n ,2&#039;si olarak kaydeder. Bahama dolar\u0131n\u0131n ABD&#039;li muadiliyle olan e\u015fitli\u011fi finansal istikrar\u0131 destekler, ticareti ve yat\u0131r\u0131m\u0131 kolayla\u015ft\u0131r\u0131r.<\/p>\n<p>Bilim ve politika \u00e7evresel cephelerde de kesi\u015fir. Orman Manzaras\u0131 B\u00fct\u00fcnl\u00fc\u011f\u00fc Endeksi puanlar\u0131 Bahama ekosistemlerini orta derecede y\u00fcksek olarak derecelendirir, ancak korunan alanlarda birincil orman bulunmamas\u0131 koruma stratejilerine olan ihtiyac\u0131 vurgular. S\u0131cakl\u0131k ve ya\u011f\u0131\u015f de\u011fi\u015fimleriyle mod\u00fcle edilen hastal\u0131k bula\u015fma kal\u0131plar\u0131, arbovir\u00fcsler daha s\u0131cak, daha nemli ko\u015fullar alt\u0131nda daha uzun yay\u0131lma pencereleri bulabilece\u011finden, daha fazla halk sa\u011fl\u0131\u011f\u0131 hususu ortaya koyar.<\/p>\n<p>B\u00f6ylece, Bahamalar Toplulu\u011fu bir kar\u015f\u0131tl\u0131k ve s\u00fcreklilik tablosu sunar: kadim jeolojik s\u00fcre\u00e7ler ve insan g\u00f6\u00e7leriyle \u015fekillenmi\u015f bir ulus; kas\u0131rga ve s\u0131ca\u011f\u0131n kaprislerine kar\u015f\u0131 dayan\u0131kl\u0131; g\u00fcne\u015f arayanlar\u0131 ve sermayeyi ayn\u0131 \u015fekilde \u00e7eken denizlerle desteklenmi\u015f; hem b\u00fcy\u00fck hem de k\u00fc\u00e7\u00fck adalar aras\u0131nda toplulu\u011fu birbirine ba\u011flayan k\u00fclt\u00fcrel rit\u00fcellerle canland\u0131r\u0131lm\u0131\u015ft\u0131r. Akuamarin ve g\u00f6ky\u00fcz\u00fcn\u00fcn sonsuz ufuklar\u0131n\u0131n alt\u0131nda, halk\u0131 zorunluluktan ve kutlamadan do\u011fan gelenekleri s\u00fcrd\u00fcr\u00fcr, \u00fclkelerini \u00e7evresel, sosyal ve ekonomik gelgitlerin gelgitlerine her zaman dikkat ederek tarihin ak\u0131nt\u0131lar\u0131 aras\u0131nda y\u00f6nlendirir.<\/p>","protected":false},"excerpt":{"rendered":"<p>Resmen Bahamalar Toplulu\u011fu olan, Atlas Okyanusu&#039;ndaki bu b\u00fcy\u00fcleyici ada \u00fclkesi Lucayan Tak\u0131madalar\u0131&#039;n\u0131n bir par\u00e7as\u0131d\u0131r. 3.000&#039;den fazla ada, koy ve adac\u0131kla, bu tak\u0131mada \u00fclkesi \u00f6nemli bir co\u011frafi da\u011f\u0131l\u0131mla ay\u0131rt edilir. Lucayan Tak\u0131madalar\u0131&#039;n\u0131n kara k\u00fctlesinin &#039;si bu alandan, n\u00fcfusunun ise &#039;i bu alandan olu\u015fur. Bahamalar, Turks ve Caicos Adalar\u0131&#039;na yak\u0131nd\u0131r ve K\u00fcba&#039;n\u0131n kuzeyinde, Hispaniola&#039;n\u0131n kuzeybat\u0131s\u0131nda, Dominik Cumhuriyeti ve Haiti aras\u0131nda yer al\u0131r. Florida&#039;n\u0131n g\u00fcneydo\u011fusunda ve Florida Keys&#039;in do\u011fusunda yer al\u0131r. New Providence Adas\u0131&#039;nda bulunan ba\u015fkent Nassau, bu ada \u00fclkesinin merkezi merkezidir. Geni\u015f deniz alan\u0131n\u0131 vurgulayan Kraliyet Bahamalar Savunma Kuvvetleri, \u00fclkenin topraklar\u0131n\u0131 yakla\u015f\u0131k 470.000 km\u00b2 (180.000 mil kare) olarak tan\u0131mlamaktad\u0131r.<\/p>","protected":false},"author":1,"featured_media":4263,"parent":24084,"menu_order":0,"comment_status":"closed","ping_status":"closed","template":"elementor_theme","meta":{"_eb_attr":"","footnotes":""},"class_list":["post-9484","page","type-page","status-publish","has-post-thumbnail"],"_links":{"self":[{"href":"https:\/\/travelshelper.com\/tr\/wp-json\/wp\/v2\/pages\/9484","targetHints":{"allow":["GET"]}}],"collection":[{"href":"https:\/\/travelshelper.com\/tr\/wp-json\/wp\/v2\/pages"}],"about":[{"href":"https:\/\/travelshelper.com\/tr\/wp-json\/wp\/v2\/types\/page"}],"author":[{"embeddable":true,"href":"https:\/\/travelshelper.com\/tr\/wp-json\/wp\/v2\/users\/1"}],"replies":[{"embeddable":true,"href":"https:\/\/travelshelper.com\/tr\/wp-json\/wp\/v2\/comments?post=9484"}],"version-history":[{"count":0,"href":"https:\/\/travelshelper.com\/tr\/wp-json\/wp\/v2\/pages\/9484\/revisions"}],"up":[{"embeddable":true,"href":"https:\/\/travelshelper.com\/tr\/wp-json\/wp\/v2\/pages\/24084"}],"wp:featuredmedia":[{"embeddable":true,"href":"https:\/\/travelshelper.com\/tr\/wp-json\/wp\/v2\/media\/4263"}],"wp:attachment":[{"href":"https:\/\/travelshelper.com\/tr\/wp-json\/wp\/v2\/media?parent=9484"}],"curies":[{"name":"wp","href":"https:\/\/api.w.org\/{rel}","templated":true}]}}