{"id":9438,"date":"2024-09-08T11:53:45","date_gmt":"2024-09-08T11:53:45","guid":{"rendered":"https:\/\/travelshelper.com\/staging\/?page_id=9438"},"modified":"2026-03-13T13:05:13","modified_gmt":"2026-03-13T13:05:13","slug":"belize","status":"publish","type":"page","link":"https:\/\/travelshelper.com\/tr\/destinations\/north-america\/belize\/","title":{"rendered":"Belize"},"content":{"rendered":"<p>2022 say\u0131m\u0131na g\u00f6re 397.483 n\u00fcfusa sahip bir \u00fclke olan Belize, Orta Amerika&#039;n\u0131n kuzeydo\u011fu k\u0131y\u0131s\u0131nda 22.970 kilometrekarelik bir alana yay\u0131lm\u0131\u015ft\u0131r. Kuzeyde Meksika&#039;n\u0131n Quintana Roo eyaleti, bat\u0131da ve g\u00fcneyde Guatemala&#039;n\u0131n Pet\u00e9n ve Izabal departmanlar\u0131 ile s\u0131n\u0131r kom\u015fusu olan ve g\u00fcneydo\u011fuda Honduras boyunca bir deniz s\u0131n\u0131r\u0131 bulunan Karayip Denizi ile \u00e7evrili olan bu \u00fclke, Amerikan ve Karayip d\u00fcnyalar\u0131 aras\u0131nda stratejik bir ba\u011flant\u0131 noktas\u0131 i\u015fgal eder ve Orta Amerika k\u0131sta\u011f\u0131nda tek Milletler Toplulu\u011fu alan\u0131 olarak durmaktad\u0131r.<\/p>\n<p>Avrupal\u0131 \u200b\u200bgemiler on alt\u0131nc\u0131 y\u00fczy\u0131l\u0131n ba\u015flar\u0131nda k\u0131y\u0131lar\u0131n\u0131 \u00e7evrelemeden \u00e7ok \u00f6nce, ova ormanlar\u0131 ve kire\u00e7ta\u015f\u0131 tepeleri, t\u00f6ren merkezleri yakla\u015f\u0131k olarak MS 1200&#039;e kadar geli\u015fen M\u00d6 1500 ile MS 300 aras\u0131nda Maya \u015fehir devletlerinin y\u00fckseli\u015fine tan\u0131kl\u0131k etti. Kristof Kolomb&#039;un 1502-04&#039;teki seferinin geli\u015fi, aral\u0131kl\u0131 \u0130spanyol talep sahiplerinin habercisiydi, ancak 1638&#039;de gelen \u0130ngiliz yerle\u015fimciler, yaln\u0131zca 1798&#039;deki St. George&#039;s Caye \u00e7at\u0131\u015fmas\u0131ndan sonra \u0130spanyol zorluklar\u0131na dayanabilen bir s\u00f6m\u00fcrge varl\u0131\u011f\u0131n\u0131n temellerini att\u0131lar. \u0130ngiliz Tac\u0131, kontrol\u00fcn\u00fc 1862&#039;de resmile\u015ftirdi ve Belize, 21 Eyl\u00fcl 1981&#039;de egemen stat\u00fcs\u00fcne kavu\u015ftu ve bir genel vali arac\u0131l\u0131\u011f\u0131yla \u0130ngiliz monar\u015fisini devlet ba\u015fkan\u0131 olarak tutmay\u0131 se\u00e7ti.<\/p>\n<p>\u00dclkenin arazisi hem \u00e7e\u015fitli hem de al\u0131\u015f\u0131lmad\u0131k derecede zengindir: Kuzeyden g\u00fcneye yakla\u015f\u0131k 280 kilometre ve do\u011fudan bat\u0131ya yakla\u015f\u0131k 100 kilometre uzanan, s\u0131n\u0131rlar\u0131 boyunca Hondo ve Sarstoon nehirlerinin k\u0131vr\u0131ml\u0131 yollar\u0131 taraf\u0131ndan \u00e7er\u00e7evelenen, neredeyse e\u015fkenar d\u00f6rtgen bir kara par\u00e7as\u0131. Kuzey kesimi, mangrov \u00e7al\u0131l\u0131klar\u0131yla noktalanm\u0131\u015f d\u00fcz, batakl\u0131kl\u0131 k\u0131y\u0131 ovalar\u0131ndan olu\u015furken, g\u00fcney, Doyle&#039;s Delight gibi zirvelerin 1.124 metreye y\u00fckseldi\u011fi Maya Da\u011flar\u0131&#039;na do\u011fru y\u00fckselir. Bu u\u00e7lar aras\u0131nda, \u00f6zellikle kuzey i\u00e7 kesimlerinde yayg\u0131n olan say\u0131s\u0131z lag\u00fcn, biti\u015fik kara par\u00e7as\u0131n\u0131 yakla\u015f\u0131k 21.400 kilometrekareye d\u00fc\u015f\u00fcrerek Belize&#039;yi b\u00f6lgedeki en az yo\u011fun n\u00fcfuslu b\u00f6lge olarak i\u015faretler.<\/p>\n<p>386 kilometrelik k\u0131y\u0131 \u015feridi boyunca, d\u00fcnyan\u0131n en uzun ikinci bariyer resifi k\u0131y\u0131ya paralel uzan\u0131r ve mercan adalar\u0131, deniz \u00e7ay\u0131r\u0131 yataklar\u0131 ve mangrov k\u00f6kleri Mezoamerikan Biyolojik Koridoru i\u00e7inde kritik d\u00fc\u011f\u00fcmler olarak hizmet veren ola\u011fan\u00fcst\u00fc bir deniz alemini s\u00fcrd\u00fcr\u00fcr. Geni\u015f yaprakl\u0131, her dem ye\u015fil ovalardan daha y\u00fcksek rak\u0131mlardaki subtropikal \u00e7am ormanlar\u0131na kadar uzanan karasal ormanlar, endemik bitki \u00f6rt\u00fcs\u00fc ve faunay\u0131 bar\u0131nd\u0131r\u0131rken, jaguarlar, tapirler ve \u00e7ok say\u0131da ku\u015f t\u00fcr\u00fc g\u00f6lgelik boyunca dola\u015f\u0131r. Bu ekolojik zenginlik, Belize&#039;yi koruma \u00e7abalar\u0131n\u0131n \u00f6n saflar\u0131na yerle\u015ftirir, hatta ada yap\u0131s\u0131 ve engebeli i\u00e7 k\u0131s\u0131mlar\u0131 bir zamanlar onu Meksika&#039;ya ge\u00e7meye \u00e7al\u0131\u015fan uyu\u015fturucu ka\u00e7ak\u00e7\u0131lar\u0131 i\u00e7in bir kanal haline getirmi\u015f olsa bile.<\/p>\n<p>\u0130klimsel olarak Belize, kabaca May\u0131s&#039;tan Kas\u0131m&#039;a kadar s\u00fcren nem y\u00fckl\u00fc bir mevsim ile Aral\u0131k&#039;tan Nisan&#039;a kadar nispeten kurak bir d\u00f6nem aras\u0131nda belirgin bir sal\u0131n\u0131m ya\u015far. K\u0131y\u0131 b\u00f6lgeleri, Ocak ay\u0131nda 24 \u00b0C&#039;den Temmuz ay\u0131nda 27 \u00b0C&#039;ye kadar ortalama ayl\u0131k s\u0131cakl\u0131klar kaydeder, Karayipler&#039;den esen kuzeydo\u011fu ticaret r\u00fczgarlar\u0131 taraf\u0131ndan yumu\u015fat\u0131l\u0131r; i\u00e7 kesimlerdeki ovalar biraz daha s\u0131cak bir e\u011filim g\u00f6sterirken, Mountain Pine Ridge&#039;in y\u00fcksek yaylalar\u0131 fark edilir derecede daha so\u011fuk ko\u015fullar\u0131n tad\u0131n\u0131 \u00e7\u0131kar\u0131r. Ya\u011f\u0131\u015flar keskin bir \u015fekilde de\u011fi\u015fir - kuzey ovalar\u0131nda y\u0131lda yakla\u015f\u0131k 1.350 milimetreden en g\u00fcneyde 4.500 milimetrenin \u00fczerine kadar - ana ya\u011fmur d\u00f6ng\u00fcs\u00fcn\u00fc noktalayan yaz ortas\u0131nda k\u0131sa bir &#034;k\u00fc\u00e7\u00fck kuru&#034; ara oyunla.<\/p>\n<p>Belize&#039;nin demografisi karma\u015f\u0131k bir miras dokusunu yans\u0131t\u0131r: Kuzey ve bat\u0131da Maya soyundan gelenler bask\u0131nd\u0131r, Afro-Amerikan geleneklerini ta\u015f\u0131yan Garifuna topluluklar\u0131 Karayip k\u0131y\u0131lar\u0131n\u0131 doldurur ve Creole, Mestizo ve Avrupa-Mennonit yerle\u015fim yerleri ulusal dokuya dokunur. 1980&#039;lerden bu yana ger\u00e7ekle\u015fen istikrarl\u0131 demografik de\u011fi\u015fim, g\u00f6\u00e7 ve y\u00fcksek do\u011fum oranlar\u0131yla desteklenen Hispanik-Mestizo sakinlerinin say\u0131sal \u00fcst\u00fcnl\u00fc\u011fe kavu\u015fmas\u0131na tan\u0131k olurken, Creole&#039;lar \u00f6nemli say\u0131larda Amerika Birle\u015fik Devletleri&#039;ne ta\u015f\u0131nd\u0131. G\u00fcn\u00fcm\u00fczde \u00e7ok dillilik ola\u011fan bir durumdur: \u0130ngilizce resmi dil olarak h\u00fck\u00fcm s\u00fcrmektedir, ancak Creole ve \u0130spanyolca g\u00fcnl\u00fck ya\u015fama n\u00fcfuz eder ve Maya leh\u00e7eleri ve Garifuna diliyle tamamlan\u0131r.<\/p>\n<p>Ekonomik faaliyet tar\u0131m ve tar\u0131msal sanayide sabitlenmi\u015f durumda, s\u00f6m\u00fcrgeci kal\u0131plar\u0131 yans\u0131tan \u015feker kam\u0131\u015f\u0131 ihracat gelirlerinin neredeyse yar\u0131s\u0131n\u0131 olu\u015fturuyor ve muzlar k\u0131rsal istihdam\u0131n ba\u015fl\u0131ca kayna\u011f\u0131 olarak hizmet ediyor. Papaya, Belize&#039;nin en b\u00fcy\u00fck \u00fc\u00e7 k\u00fcresel ihracat\u0131 aras\u0131nda yer al\u0131rken, end\u00fcstriyel mineraller, ham petrol (2017 itibar\u0131yla g\u00fcnde yakla\u015f\u0131k 2.000 varil \u00fcretiyor) ve petrol m\u00fctevaz\u0131 ama \u00e7e\u015fitli bir portf\u00f6ye katk\u0131da bulunuyor. Turizm ve in\u015faat, \u00fclkenin k\u0131r\u0131lgan ama g\u00f6rkemli ekosistemleri taraf\u0131ndan h\u0131zland\u0131r\u0131larak son on y\u0131llarda y\u00fckseldi; k\u0131y\u0131 tatil k\u00f6yleri, nehir raftingi giri\u015fimleri ve arkeolojik kal\u0131nt\u0131lara rehberli y\u00fcr\u00fcy\u00fc\u015fler, h\u00fck\u00fcmetin tar\u0131mdan beri \u00f6ncelik verdi\u011fi bir ekoturizm pazar\u0131na hitap ediyor.<\/p>\n<p>ABD dolar\u0131na sabitlenmi\u015f para birimi ve liberal banka d\u00fczenlemeleri, ne yaz\u0131k ki Belize&#039;yi kara para aklamaya kar\u015f\u0131 savunmas\u0131z hale getirdi; bu da ABD&#039;nin 2014&#039;te &#034;b\u00fcy\u00fck kara para aklama \u00fclkesi&#034; olarak belirlenmesine yol a\u00e7an bir zaaf. Vergi uyumlulu\u011funu ve harcama kontrol\u00fcn\u00fc hedefleyen kar\u015f\u0131 \u00f6nlemler \u00f6nerildi, ancak altyap\u0131 a\u00e7\u0131klar\u0131 (en belirgin \u015fekilde y\u00fcksek elektrik maliyetleri ve az geli\u015fmi\u015f ula\u015f\u0131m a\u011flar\u0131) rekabeti etkilemeye devam ediyor. Ba\u015fl\u0131ca ticaret ortaklar\u0131 aras\u0131nda Amerika Birle\u015fik Devletleri, Meksika, Birle\u015fik Krall\u0131k, Avrupa Birli\u011fi ve CARICOM \u00fclkeleri yer al\u0131yor.<\/p>\n<p>Belize&#039;nin sosyok\u00fclt\u00fcrel ritimleri, St. George&#039;s Caye Muharebesi ve Ba\u011f\u0131ms\u0131zl\u0131k G\u00fcn\u00fc&#039;n\u00fc anan y\u0131ll\u0131k Eyl\u00fcl Kutlamalar\u0131 s\u0131ras\u0131nda en canl\u0131 \u015fekilde ortaya \u00e7\u0131karken, punta m\u00fczi\u011finin senkoplu nabz\u0131 Karayip k\u0131y\u0131s\u0131 boyunca Garifuna kimli\u011fini vurgular. Aile yemekleri genellikle hindistan cevizi s\u00fct\u00fcnde pi\u015firilmi\u015f pirin\u00e7 ve fasulye, ha\u015flanm\u0131\u015f tavuk, tamales ve escabeche&#039;ye odaklan\u0131r, kahvalt\u0131da k\u0131zarm\u0131\u015f jack&#039;ler veya un tortillalar\u0131 ve Garifuna mutfa\u011f\u0131n\u0131n temelleri aras\u0131nda ereba (manyok ekme\u011fi) bulunur. Kentsel lokantalar ve yol kenar\u0131 tezgahlar\u0131 bu yemekleri eri\u015filebilir fiyatlarla sunar, ancak b\u00f6lgesel farkl\u0131l\u0131klar hakimdir: Maya topluluklar\u0131 m\u0131s\u0131r, fasulye ve kabakla beslenirken, g\u00fcney b\u00f6lgeleri ya\u011fmur orman\u0131 meyveleri ve tatl\u0131 su bal\u0131klar\u0131yla ziyafet \u00e7eker.<\/p>\n<p>2012&#039;deki turizm istatistikleri, yar\u0131s\u0131ndan fazlas\u0131 Amerika Birle\u015fik Devletleri&#039;nden olmak \u00fczere yakla\u015f\u0131k 918.000 ziyaret\u00e7i kaydetti ve 1,3 milyar dolar\u0131n \u00fczerinde gelir elde etti. K\u00fcresel salg\u0131n\u0131n kesintiye u\u011framas\u0131n\u0131n ard\u0131ndan Belize, a\u015f\u0131lanm\u0131\u015f gezginlerin test yapt\u0131rmadan giri\u015fine izin veren ilk Karayip \u00fclkesi oldu ve deniz ve kara maceralar\u0131 i\u00e7in g\u00fcvenli bir liman olarak \u00fcn\u00fcn\u00fc peki\u015ftirdi. Mercan zirveleri aras\u0131nda t\u00fcpl\u00fc dal\u0131\u015f, gizli su yollar\u0131nda kayak ge\u00e7i\u015fleri ve ya\u011fmurla \u00f6rt\u00fcl\u00fc zirvelerin \u00fczerinden u\u00e7u\u015flar, do\u011fan\u0131n \u00e7ok y\u00f6nl\u00fc ifadeleriyle samimi bir birlik arayanlar\u0131 b\u00fcy\u00fcl\u00fcyor.<\/p>\n<p>Bu k\u00fclt\u00fcrel ak\u0131mlar aras\u0131nda, 1958&#039;den beri kurulan ve sakinleri tar\u0131msal \u00f6zerklik ve e\u011fitim muafiyetleri sa\u011flayan anla\u015fmalar kapsam\u0131nda Avrupa ve Kuzey Amerika&#039;dan g\u00f6\u00e7 eden Mennonite yerle\u015fimleri \u00f6ne \u00e7\u0131k\u0131yor. Muhafazakar giyim ve Almanca k\u00f6kenli leh\u00e7eleriyle ay\u0131rt edilebilen topluluklar\u0131, s\u00fct \u00fcr\u00fcnleri, k\u00fcmes hayvanlar\u0131 ve tah\u0131l \u00fcretimini ilerletmi\u015f ve Belize&#039;nin ekonomik mozai\u011fine benzersiz bir tar\u0131msal dinamizm enjekte etmi\u015ftir. Mennonite&#039;lerin marangozluk ve mekanikteki zanaatkarl\u0131klar\u0131 da k\u0131rsal ge\u00e7im kaynaklar\u0131n\u0131 desteklemi\u015ftir.<\/p>\n<p>Belize, toplu olarak z\u0131tl\u0131klar \u00fczerine bir \u00e7al\u0131\u015fma sunar: sisli yayla s\u0131rtlar\u0131n\u0131n g\u00fcne\u015f \u0131\u015f\u0131\u011f\u0131 alan mercan adalar\u0131yla birle\u015fti\u011fi; y\u00fczy\u0131llard\u0131r var olan Maya kal\u0131nt\u0131lar\u0131n\u0131n \u0130ngilizce okullar\u0131n\u0131n aras\u0131nda dola\u015ft\u0131\u011f\u0131; \u015feker tarlalar\u0131na dayanan bir ekonominin art\u0131k eko-giri\u015fimcileri davet etti\u011fi; d\u00f6rt y\u00fcz binin alt\u0131nda m\u00fctevaz\u0131 bir n\u00fcfusun do\u011fal miras\u0131 korumaya y\u00f6nelik b\u00fcy\u00fck bir ba\u011fl\u0131l\u0131\u011f\u0131 s\u00fcrd\u00fcrd\u00fc\u011f\u00fc yer. Bu i\u00e7 i\u00e7e ge\u00e7mi\u015f anlat\u0131lar\u0131n ortas\u0131nda, \u00fclke karakterini dayan\u0131kl\u0131 gelenekler, dilsel \u00e7o\u011fulculuk ve halk\u0131n\u0131 hem bar\u0131nd\u0131ran hem de zorlayan bir co\u011frafya arac\u0131l\u0131\u011f\u0131yla ortaya koyar; her yola, her resif, her k\u00f6ye derinlemesine g\u00f6zlem yapmaya ve sayg\u0131yla kar\u015f\u0131l\u0131k vermeye haz\u0131r bir \u015fekilde yakla\u015fmaya y\u00f6nelik bir te\u015fvik.<\/p>","protected":false},"excerpt":{"rendered":"<p>With 397,484 people as of 2022 spread across 22,970 square kilometers of various terrain, Belize sits on the northeastern coast of Central America. This country presents an interesting place for research given its unique geography and long history.<\/p>","protected":false},"author":1,"featured_media":4052,"parent":24084,"menu_order":0,"comment_status":"closed","ping_status":"closed","template":"elementor_theme","meta":{"_eb_attr":"","footnotes":""},"class_list":["post-9438","page","type-page","status-publish","has-post-thumbnail"],"_links":{"self":[{"href":"https:\/\/travelshelper.com\/tr\/wp-json\/wp\/v2\/pages\/9438","targetHints":{"allow":["GET"]}}],"collection":[{"href":"https:\/\/travelshelper.com\/tr\/wp-json\/wp\/v2\/pages"}],"about":[{"href":"https:\/\/travelshelper.com\/tr\/wp-json\/wp\/v2\/types\/page"}],"author":[{"embeddable":true,"href":"https:\/\/travelshelper.com\/tr\/wp-json\/wp\/v2\/users\/1"}],"replies":[{"embeddable":true,"href":"https:\/\/travelshelper.com\/tr\/wp-json\/wp\/v2\/comments?post=9438"}],"version-history":[{"count":0,"href":"https:\/\/travelshelper.com\/tr\/wp-json\/wp\/v2\/pages\/9438\/revisions"}],"up":[{"embeddable":true,"href":"https:\/\/travelshelper.com\/tr\/wp-json\/wp\/v2\/pages\/24084"}],"wp:featuredmedia":[{"embeddable":true,"href":"https:\/\/travelshelper.com\/tr\/wp-json\/wp\/v2\/media\/4052"}],"wp:attachment":[{"href":"https:\/\/travelshelper.com\/tr\/wp-json\/wp\/v2\/media?parent=9438"}],"curies":[{"name":"wp","href":"https:\/\/api.w.org\/{rel}","templated":true}]}}