{"id":9322,"date":"2024-09-07T22:08:37","date_gmt":"2024-09-07T22:08:37","guid":{"rendered":"https:\/\/travelshelper.com\/staging\/?page_id=9322"},"modified":"2026-03-13T14:03:09","modified_gmt":"2026-03-13T14:03:09","slug":"kanada","status":"publish","type":"page","link":"https:\/\/travelshelper.com\/tr\/destinations\/north-america\/canada\/","title":{"rendered":"Kanada"},"content":{"rendered":"<p>Kanada, hem enginlik hem de yak\u0131nl\u0131k konusunda bir \u00e7al\u0131\u015fma olarak kendini hemen sunar: Atlantik&#039;ten Pasifik&#039;e kadar uzanan ve Arktik&#039;e do\u011fru uzanan 9.984.670 kilometrekarelik bir alanla, toplam alan bak\u0131m\u0131ndan d\u00fcnyan\u0131n ikinci b\u00fcy\u00fck \u00fclkesi unvan\u0131n\u0131 talep eder ve 243.042 kilometrelik kesintisiz bir k\u0131y\u0131 \u015feridine sahiptir. 41 milyondan fazla ki\u015fiye ev sahipli\u011fi yapan on eyalet ve \u00fc\u00e7 b\u00f6lge, yo\u011fun kentle\u015fmi\u015f koridorlardan, boreal ormanlar\u0131n\u0131n veya Arktik tundras\u0131n\u0131n sessizli\u011finin ilkel g\u00f6r\u00fcnd\u00fc\u011f\u00fc kadar seyrek yerle\u015fim alanlar\u0131na kadar uzan\u0131r. Ottawa federal ba\u015fkent olarak faaliyet g\u00f6sterirken, Toronto, Montr\u00e9al ve Vancouver, her biri benzersiz k\u00fclt\u00fcrel ritimlerle atan en kalabal\u0131k \u00fc\u00e7 metropol merkezi olarak durmaktad\u0131r. Buras\u0131, co\u011frafi u\u00e7lar\u0131n ve demografik kar\u015f\u0131tl\u0131klar\u0131n tek bir ulusal tablo olu\u015fturdu\u011fu bir \u00fclkedir.<\/p>\n<p>Kanada&#039;n\u0131n s\u0131n\u0131rlar\u0131 e\u015fsiz bir jeopolitik tuval olu\u015fturur: D\u00fcnyan\u0131n en uzun kara s\u0131n\u0131r\u0131\u20148.891 kilometre\u2014onu Amerika Birle\u015fik Devletleri ile birle\u015ftirir, deniz s\u0131n\u0131rlar\u0131 ise onu bir yandan Fransa&#039;n\u0131n Saint Pierre ve Miquelon&#039;una, di\u011fer yandan da Hans Adas\u0131 civar\u0131ndaki Gr\u00f6nland&#039;a (ve dolay\u0131s\u0131yla Danimarka&#039;ya) ba\u011flar. Ellesmere Adas\u0131&#039;n\u0131n ucunda, Kuzey Kutbu&#039;na sadece 817 kilometre uzakl\u0131kta, 82,5\u00b0K&#039;de bulunan D\u00fcnya&#039;n\u0131n en kuzeydeki yerle\u015fim yeri olan CFS Alert yer al\u0131r. Enlem u\u00e7lar\u0131 83\u00b06\u203241\u2033K&#039;deki Cape Columbia&#039;dan 41\u00b040\u203253\u2033K&#039;deki Erie G\u00f6l\u00fc&#039;ndeki Middle Island&#039;a kadar uzan\u0131r; boylamsal geni\u015flik 52\u00b037\u2032B&#039;deki Newfoundland&#039;daki Cape Spear&#039;dan 141\u00b0B&#039;deki Yukon&#039;daki Mount St. Elias&#039;a kadar uzan\u0131r. Bu rakamlar, s\u0131radan haritac\u0131l\u0131k bilgisi olmaktan \u00f6teye ge\u00e7iyor ve deniz geni\u015flikleri, Arktik buzullar\u0131 ve k\u0131tasal kalbin kesi\u015fti\u011fi noktada olu\u015fan ulusal kimli\u011fin temelini olu\u015fturuyor.<\/p>\n<p>Tekd\u00fcze ulusal kaplamas\u0131n\u0131n alt\u0131nda yedi ayr\u0131 fizyografik b\u00f6lge bulunur: kayal\u0131k Kanada Kalkan\u0131, verimli i\u00e7 ovalar, B\u00fcy\u00fck G\u00f6ller-St. Lawrence Ovalar\u0131, antik Apala\u015flar, y\u00fckselen Bat\u0131 Kordilleras\u0131, d\u00fcz Hudson K\u00f6rfezi Ovalar\u0131 ve labirent gibi Arktik Tak\u0131madalar\u0131. Kuzey ormanlar\u0131ndan olu\u015fan bir \u00f6rt\u00fc g\u00fcney i\u00e7 k\u0131sm\u0131n\u0131n \u00e7o\u011funu kaplarken, buzullar Rocky Da\u011flar\u0131, K\u0131y\u0131 Da\u011flar\u0131 ve Arktik Kordilleras\u0131 aras\u0131nda varl\u0131\u011f\u0131n\u0131 s\u00fcrd\u00fcrmektedir. \u0130ki milyondan fazla g\u00f6l\u2014563&#039;\u00fc 100 kilometrekareden b\u00fcy\u00fck\u2014gezegenin tatl\u0131 su kaynaklar\u0131n\u0131n aslan pay\u0131n\u0131 bar\u0131nd\u0131r\u0131r. Depremler Bat\u0131 K\u0131y\u0131s\u0131&#039;n\u0131n baz\u0131 b\u00f6l\u00fcmlerini sarsar ve volkanik alanlar k\u0131ta kenar\u0131n\u0131 s\u00fcrekli de\u011fi\u015fen jeolojik bir goblenin hat\u0131rlat\u0131c\u0131lar\u0131 olarak b\u00f6ler.<\/p>\n<p>Mevsimler dramatik farkl\u0131l\u0131klarla ortaya \u00e7\u0131kar: i\u00e7 b\u00f6lgelerdeki eyaletler Ocak ay\u0131nda g\u00fcnd\u00fczleri yakla\u015f\u0131k -15 \u00b0C&#039;ye yak\u0131n s\u0131cakl\u0131klar kaydederken, \u0131s\u0131r\u0131c\u0131 r\u00fczgar so\u011fuklar\u0131 alt\u0131nda -40 \u00b0C&#039;nin alt\u0131na d\u00fc\u015febilir ve kar genellikle y\u0131l\u0131n alt\u0131 ay\u0131 dayan\u0131r (baz\u0131 kuzey b\u00f6lgeleri buz kabuklar\u0131n\u0131 asla kaybetmez). K\u0131y\u0131 Britanya Kolombiyas\u0131, Pasifik ya\u011fmurlar\u0131yla \u0131slanan \u0131l\u0131man k\u0131\u015flar\u0131n tad\u0131n\u0131 \u00e7\u0131kar\u0131rken, k\u0131y\u0131dan k\u0131y\u0131ya yaz s\u0131cakl\u0131klar\u0131 20 ila 30 \u00b0C aras\u0131nda de\u011fi\u015fir ve korunakl\u0131 i\u00e7 havzalarda zaman zaman 40 \u00b0C&#039;ye ula\u015f\u0131r. Geni\u015f iklimsel e\u011fim, Vancouver&#039;\u0131n sisle \u00f6rt\u00fcl\u00fc sedirleri ve Nunavut&#039;un tundra bozk\u0131rlar\u0131 kadar farkl\u0131 ortamlar sunar ve her biri hem yaban hayat\u0131ndan hem de yerle\u015fimcilerden uyarlanabilir stratejiler talep eder.<\/p>\n<p>Bu iklimsel ikilik bask\u0131 alt\u0131na giriyor: Kanada&#039;n\u0131n kuzey b\u00f6lgeleri k\u00fcresel oran\u0131n \u00fc\u00e7 kat\u0131 h\u0131zla \u0131s\u0131n\u0131yor ve 1948&#039;den bu yana y\u0131ll\u0131k kara s\u0131cakl\u0131klar\u0131na yakla\u015f\u0131k 1,7 \u00b0C ekledi (b\u00f6lgesel de\u011fi\u015fiklikler 1,1 ile 2,3 \u00b0C aras\u0131nda de\u011fi\u015fiyor). Bir zamanlar kal\u0131c\u0131 olarak g\u00f6r\u00fclen permafrost, altyap\u0131y\u0131 ve karbon a\u00e7\u0131s\u0131ndan zengin topraklar\u0131 istikrars\u0131zla\u015ft\u0131r\u0131yor, tehlikeye at\u0131yor. S\u0131n\u0131r \u00f6tesi end\u00fcstriyel emisyonlardan kaynaklanan asit birikimi, su yollar\u0131n\u0131 bozdu, orman b\u00fcy\u00fcmesini engelledi ve belirli b\u00f6lgelerde tar\u0131msal verimi zorlad\u0131. Ulusal sera gaz\u0131 \u00e7\u0131kt\u0131lar\u0131 1990 ile 2022 aras\u0131nda ,5 oran\u0131nda artt\u0131 ve Kanada&#039;y\u0131 karbon ayak izini azaltma zorunlulu\u011fuyla bo\u011fu\u015furken bile k\u00fcresel olarak daha b\u00fcy\u00fck emisyon yapanlar aras\u0131na yerle\u015ftirdi.<\/p>\n<p>G\u00fcn\u00fcm\u00fczde Kanada olarak bilinen yerdeki insan varl\u0131\u011f\u0131, yerli toplumlar\u0131n karma\u015f\u0131k yaprak d\u00f6ken orman, boreal ve Arktik k\u0131y\u0131 k\u00fclt\u00fcrleri yeti\u015ftirdi\u011fi binlerce y\u0131l \u00f6ncesine dayan\u0131r. Avrupal\u0131larla temas, Frans\u0131z ve \u0130ngiliz denizcilerin Atlantik k\u0131y\u0131lar\u0131n\u0131 haritaland\u0131rmas\u0131yla 16. y\u00fczy\u0131lda ba\u015flad\u0131; \u00e7at\u0131\u015fma, Fransa&#039;n\u0131n 1763&#039;te Kuzey Amerika topraklar\u0131n\u0131n \u00e7o\u011funu devretmesiyle sonu\u00e7land\u0131. \u0130ngiliz Kuzey Amerika kolonileri, 1867&#039;de d\u00f6rt eyaletten olu\u015fan federal bir egemenlik alt\u0131nda birle\u015ferek, yerli topluluklar\u0131 yerinden edecek ve s\u00f6m\u00fcrgeci ba\u011fl\u0131l\u0131ktan yasal \u00f6zerkli\u011fe do\u011fru kademeli bir ge\u00e7i\u015fi ba\u015flatacak bir geni\u015fleme ba\u015flatt\u0131. 1931 Westminster T\u00fcz\u00fc\u011f\u00fc ve 1982 Kanada Yasas\u0131 gibi kilometre ta\u015flar\u0131, Birle\u015fik Krall\u0131k&#039;\u0131n yasama yetkisini sona erdirerek egemenli\u011fi onaylad\u0131.<\/p>\n<p>Kanada&#039;n\u0131n siyasi mimarisi, ba\u015fbakan\u0131n Avam Kamaras\u0131&#039;n\u0131n g\u00fcveni arac\u0131l\u0131\u011f\u0131yla iktidar\u0131 elinde tuttu\u011fu Westminster tarz\u0131 parlamenter demokrasi ve anayasal monar\u015fiye ba\u011fl\u0131d\u0131r. Federal yarg\u0131 yetkisi i\u00e7inde hem \u0130ngilizce hem de Frans\u0131zca resmi olup, y\u00fczy\u0131llard\u0131r s\u00fcregelen dil miras\u0131n\u0131 yans\u0131t\u0131r. \u00dclkenin Commonwealth alan\u0131na dahil edilmesi, \u015feffafl\u0131k, ya\u015fam kalitesi, ekonomik rekabet g\u00fcc\u00fc ve insan haklar\u0131 korumas\u0131 i\u00e7in y\u00fcksek puanlar \u00e7a\u011fda\u015f y\u00f6netim g\u00fc\u00e7lerini kan\u0131tlarken, tarihi ba\u011flar\u0131n\u0131 vurgular. G\u00f6\u00e7menlik dokusu, Kanada&#039;y\u0131 d\u00fcnyan\u0131n etnik a\u00e7\u0131dan en \u00e7e\u015fitli toplumlar\u0131ndan biri haline getirirken, Amerika Birle\u015fik Devletleri ile kom\u015fuluk ittifak\u0131 ve rekabeti, Kanada tarihini, ticaretini ve k\u00fclt\u00fcr\u00fcn\u00fc silinmez bir \u015fekilde \u015fekillendirmi\u015ftir.<\/p>\n<p>Ekonomik canl\u0131l\u0131k, bol miktarda do\u011fal kaynak ve entegre ticaret a\u011flar\u0131ndan kaynaklan\u0131r. Yakla\u015f\u0131k 2,221 trilyon ABD dolar\u0131 nominal GSY\u0130H ile -d\u00fcnya \u00e7ap\u0131nda dokuzuncu s\u0131rada yer alan- Kanada, gezegendeki en y\u00fcksek ki\u015fi ba\u015f\u0131na d\u00fc\u015fen gelirlerden birini s\u00fcrd\u00fcr\u00fcyor. Mal ve hizmet ticareti 2021&#039;de 2,016 trilyon ABD dolar\u0131na ula\u015ft\u0131: 637 milyar ABD dolar\u0131 tutar\u0131ndaki ihracat, 391 milyar ABD dolar\u0131 ABD&#039;den kaynaklanan ithalatla neredeyse ayn\u0131yd\u0131. 1.500&#039;den fazla halka a\u00e7\u0131k \u015firkete sahip Toronto Borsas\u0131, 2 trilyon ABD dolar\u0131n\u0131 a\u015fan bir piyasa de\u011ferine sahip. Kendini orta g\u00fc\u00e7 olarak tan\u0131mlayan \u00fclke, d\u0131\u015f politikas\u0131n\u0131 bar\u0131\u015f\u0131 koruma, kalk\u0131nma yard\u0131m\u0131 ve \u00e7ok tarafl\u0131 forumlara y\u00f6nlendiriyor ve Birle\u015fmi\u015f Milletler&#039;den G7 zirvelerine kadar \u00e7e\u015fitli alanlarda payla\u015f\u0131lan de\u011ferleri dile getiriyor.<\/p>\n<p>Kanada&#039;n\u0131n k\u00fclt\u00fcrel dokusu, Yerli temelleri, Frans\u0131z ve \u0130ngiliz s\u00f6m\u00fcrge miraslar\u0131 ve Afrika, Asya ve Karayipler&#039;den gelen 20. ve 21. y\u00fczy\u0131l g\u00f6\u00e7 dalgalar\u0131n\u0131 i\u00e7 i\u00e7e ge\u00e7iriyor. Anayasal g\u00fcvenceler, \u00e7ok k\u00fclt\u00fcrl\u00fc entegrasyon ve insan haklar\u0131na sayg\u0131 \u00fczerine kurulu bir toplumu zorunlu k\u0131l\u0131yor. Resmi \u00e7ok k\u00fclt\u00fcrl\u00fcl\u00fck politikas\u0131, ulusu b\u00f6lgesel alt k\u00fclt\u00fcrlerin bir mozai\u011fi olarak ay\u0131r\u0131yor; Quebec, ulusal kimlik \u00e7e\u015fitlili\u011fi kucaklasa bile belirgin bir Frankofon ethosunu koruyor. Cape Breton&#039;un Gal miras\u0131ndan Akadian ve \u0130nuit sanat\u0131na kadar b\u00f6lgesel halk gelenekleri, yerelliklere kal\u0131c\u0131 bir karakter kazand\u0131r\u0131yor, ancak hepsi kapsay\u0131c\u0131 bir vatanda\u015fl\u0131k duygusuna katk\u0131da bulunuyor.<\/p>\n<p>Kamu politikas\u0131 toplumsal normlarda kendini g\u00f6sterir: evrensel sa\u011fl\u0131k kapsam\u0131, ilerici vergilendirme, s\u0131k\u0131 silah d\u00fczenlemesi, idam cezas\u0131n\u0131n kald\u0131r\u0131lmas\u0131, proaktif yoksulluk azaltma ve kad\u0131nlar\u0131n \u00fcreme haklar\u0131n\u0131n, LGBT haklar\u0131n\u0131n, \u00f6tanazi ve esrar\u0131n yasal olarak tan\u0131nmas\u0131. Bu \u00f6nlemler bar\u0131\u015f\u0131 koruma misyonlar\u0131, \u00fcnl\u00fc bir ulusal park a\u011f\u0131 ve Haklar ve \u00d6zg\u00fcrl\u00fckler \u015eart\u0131 i\u00e7in sa\u011flam destekle uyumludur. Kanadal\u0131lar ihra\u00e7 edilebilir kamu mallar\u0131yla gurur duyarlar: e\u015fitlik, s\u00fcrd\u00fcr\u00fclebilir arazi y\u00f6netimi ve tek tarafl\u0131 iddiadan ziyade i\u015fbirlik\u00e7i kat\u0131l\u0131m \u00fczerine kurulu bir diplomasi.<\/p>\n<p>Kanada&#039;y\u0131 ba\u015ftan sona ge\u00e7mek zaman ve dayan\u0131kl\u0131l\u0131k s\u0131n\u0131rlar\u0131n\u0131 test eder; Trans-Kanada Otoyolu, St. John&#039;s ve Victoria aras\u0131nda yakla\u015f\u0131k 8.000 km&#039;lik bir mesafeyi kaplar; Kahire&#039;den Cape Town&#039;a ve Napolyon&#039;un Paris-Moskova y\u00fcr\u00fcy\u00fc\u015f\u00fcn\u00fcn \u00fc\u00e7 kat\u0131ndan fazlas\u0131na denk gelir. Toronto&#039;dan Vancouver&#039;a direkt bir u\u00e7u\u015f bile d\u00f6rt saatten fazla s\u00fcrer, k\u0131ta \u00f6l\u00e7e\u011finin bir kan\u0131t\u0131d\u0131r. Bu t\u00fcr mesafeler panoptik ke\u015ffi haftalarca s\u00fcren bir giri\u015fim haline getirir, ancak ayn\u0131 zamanda gezginleri \u00e7evre ve k\u00fclt\u00fcrde kaleidoskopik de\u011fi\u015fimlerle \u00f6d\u00fcllendirir, her yol veya pist b\u00f6l\u00fcm\u00fc ulusal karakterin yeni y\u00f6nlerini ortaya \u00e7\u0131kar\u0131r.<\/p>\n<p>New Brunswick, Newfoundland ve Labrador, Nova Scotia ve Prens Edward Adas\u0131&#039;n\u0131 kapsayan Atlantik Kanada, Kanada&#039;n\u0131n en eski Avrupa yerle\u015fim izini ta\u015f\u0131maktad\u0131r. Yerli Mi&#039;kmaq, Innu ve Nunatsiavut topluluklar\u0131, Acadian, Highland Scottish ve Loyalist miraslar\u0131yla bir arada ya\u015famaktad\u0131r. Engebeli k\u0131y\u0131 \u015feritleri, s\u00f6m\u00fcrge ta\u015f cephelerinin deniz \u00fcr\u00fcnleri a\u00e7\u0131s\u0131ndan zengin pazarlar\u0131n \u00fczerinde n\u00f6bet tuttu\u011fu Halifax ve St. John&#039;s gibi tarihi limanlar sunar. Bu b\u00f6lgenin istiridye kazma ve \u0131stakoz tuzaklar\u0131yla \u00e7er\u00e7evelenen mutfa\u011f\u0131, tuzla p\u00fcsk\u00fcrt\u00fclm\u00fc\u015f r\u00fczgarlardan ve tarihi gelgitlerden al\u0131nan bir otantiklikle yank\u0131lan\u0131r.<\/p>\n<p>Quebec ikili bir kimli\u011fe sahiptir: St. Lawrence Nehri boyunca yo\u011fun n\u00fcfuslu bir Frankofon \u015feridi, hala \u0130nuit ve Cree gelenekleri taraf\u0131ndan \u015fekillendirilmi\u015f geni\u015f bir kuzey hinterland\u0131na biti\u015fiktir. Laurentianlar, Kuzey Amerika s\u0131n\u0131rlar\u0131 i\u00e7inde Alp cazibesine i\u015faret ederken, Qu\u00e9bec \u015eehri (Eski Kenti bir D\u00fcnya Miras\u0131 alan\u0131d\u0131r) \u00fcnl\u00fc bir k\u0131\u015f karnaval\u0131na ev sahipli\u011fi yapar. Montr\u00e9al, Frans\u0131z-\u0130ngiliz mimari palimpsesti ve k\u00fcresel sanat ba\u015fkentlerini yans\u0131tan festivalleriyle k\u00fclt\u00fcrel bir motor g\u00f6revi g\u00f6r\u00fcr. Nehir vadisi k\u00f6yleri, bal\u0131k\u00e7\u0131 limanlar\u0131, ak\u00e7aa\u011fa\u00e7 korular\u0131 ve kayak pistleri d\u0131\u015far\u0131ya do\u011fru geni\u015fler ve s\u0131n\u0131r\u0131 \u00e7a\u011fr\u0131\u015ft\u0131ran orman ve tundra alemlerinde doru\u011fa ula\u015f\u0131r.<\/p>\n<p>Ontario&#039;nun g\u00fcney \u00fc\u00e7te biri, Toronto&#039;nun kozmopolit yay\u0131l\u0131m\u0131 ve Ottawa&#039;n\u0131n g\u00f6rkemli kurumlar\u0131 taraf\u0131ndan demirlenen n\u00fcfus ve end\u00fcstriyi yo\u011funla\u015ft\u0131r\u0131r. Turistler, \u015felalelerin g\u00f6steri ve jeoloji aras\u0131nda y\u00fcce bir s\u0131n\u0131r \u00e7izdi\u011fi Niagara \u015eelaleleri&#039;ne do\u011fru y\u00f6nelir. Muskoka&#039;n\u0131n g\u00f6lleri ve ormanlar\u0131 yazl\u0131k ev hayat\u0131n\u0131 \u00e7a\u011f\u0131r\u0131rken, geni\u015f kuzey b\u00f6lgeleri kereste ve madencilik kasabalar\u0131 taraf\u0131ndan hafif\u00e7e tutulmaktad\u0131r. Ontario, geni\u015f alanlar\u0131nda hem Kanada&#039;n\u0131n d\u0131\u015f g\u00f6r\u00fcnt\u00fcs\u00fcn\u00fc hem de vah\u015fi do\u011fan\u0131n hala f\u0131s\u0131ldad\u0131\u011f\u0131 gizli i\u00e7 b\u00f6lgeleri kapsar.<\/p>\n<p>Prairies boyunca -Alberta, Manitoba ve Saskatchewan- sonsuz ufuklar, b\u00fcy\u00fcleyici bir a\u00e7\u0131kl\u0131k hissi uyand\u0131r\u0131yor. Banff ve Jasper Milli Parklar\u0131&#039;n\u0131n t\u0131rt\u0131kl\u0131 zirveleri ve buzul sular\u0131n\u0131 ortaya \u00e7\u0131kard\u0131\u011f\u0131 Rockies&#039;in eteklerine biti\u015fik alt\u0131n bu\u011fday tarlalar\u0131. Calgary ve Edmonton&#039;dan Winnipeg ve Regina&#039;ya kadar kent merkezleri, dinamik gen\u00e7 n\u00fcfuslar\u0131 yans\u0131tan k\u00fclt\u00fcrel mekanlar, festivaller ve restoranlar in\u015fa ederek h\u0131zla b\u00fcy\u00fcme ya\u015fad\u0131. Bu eyaletler, kaynak \u00e7\u0131karman\u0131n yan\u0131 s\u0131ra tar\u0131msal g\u00fcc\u00fc de s\u00fcrd\u00fcr\u00fcyor, g\u00f6ky\u00fcz\u00fc bulut manzaralar\u0131 ve kuzey \u0131\u015f\u0131klar\u0131 i\u00e7in bir tuval.<\/p>\n<p>Pasifik K\u0131y\u0131s\u0131&#039;nda, Britanya Kolombiyas\u0131, Vancouver&#039;\u0131n camla \u00f6rt\u00fcl\u00fc ufuk \u00e7izgisinden gelenleri kar\u015f\u0131lar; burada \u015fehir s\u0131n\u0131rlar\u0131 i\u00e7inde karla kapl\u0131 zirveler belirir. Victoria, bak\u0131ml\u0131 bah\u00e7elerin ortas\u0131nda zarif bir \u015fehir hayat\u0131 sunar ve Okanagan Vadisi, \u0131l\u0131k g\u00f6ky\u00fcz\u00fcn\u00fcn alt\u0131nda \u00fcz\u00fcm ba\u011flar\u0131 ve meyve bah\u00e7eleri sunar. \u00d6tesinde fiyortlar, ya\u011fmur ormanlar\u0131 ve da\u011f ge\u00e7itleri uzan\u0131r; helikopterli kayaktan kano yolculuklar\u0131na kadar her \u015feyin fonu. K\u0131y\u0131 k\u0131\u015flar\u0131 \u0131l\u0131k ama \u00e7iseleyen kal\u0131r ve \u0131l\u0131man ya\u011fmur ormanlar\u0131n\u0131 modern \u015fehir hayat\u0131yla harmanlayan bir ortam yarat\u0131r.<\/p>\n<p>Kuzey Kanada\u2014Yukon, Kuzeybat\u0131 Topraklar\u0131 ve Nunavut\u2014\u00fclke topraklar\u0131n\u0131n yakla\u015f\u0131k &#039;\u0131n\u0131 kaplar ancak n\u00fcfusunun yaln\u0131zca bir k\u0131sm\u0131n\u0131 besler. Dawson City, gece yar\u0131s\u0131 g\u00fcne\u015fi alt\u0131nda ya\u015fayan bir m\u00fcze olan 1898&#039;den kalma alt\u0131n h\u00fccumu ma\u011faza vitrinlerini korur. Iqaluit&#039;in \u0130nuit etkisindeki mimarisi Arktik zorunluluklar\u0131na hitap ederken, permafrost ve kutup gecesi bu alemin ham g\u00fcc\u00fcn\u00fc teyit eder. Yaban hayat\u0131 geli\u015fir: \u00e7orak toprakl\u0131 ren geyikleri, misk \u00f6k\u00fczleri ve g\u00f6\u00e7men ku\u015flar, konfederasyonun kendisinden daha eski d\u00f6ng\u00fclerde tundra denizlerini ge\u00e7erler.<\/p>\n<p>Kentsel vurgular, aralar\u0131nda Ottawa&#039;n\u0131n parlamento b\u00f6lgesinin Calgary&#039;nin izdiham ruhuyla tezat olu\u015fturdu\u011fu, Kanada&#039;n\u0131n yakla\u015f\u0131k yetmi\u015f \u015fehrinden olu\u015fan mozai\u011fini kapsar. Halifax&#039;\u0131n Citadel Tepesi, d\u00fcnyan\u0131n ikinci b\u00fcy\u00fck do\u011fal liman\u0131na bakar ve Montr\u00e9al&#039;in k\u00fclt\u00fcrel festivalleri Avrupa ba\u015fkentlerininkilerle yar\u0131\u015f\u0131r. Qu\u00e9bec \u015eehri&#039;nin 1608&#039;deki kurulu\u015fu surlar\u0131na R\u00f6nesans yank\u0131lar\u0131 katarken, Toronto&#039;nun CN Kulesi modern h\u0131rs\u0131 \u00f6rneklendirir. Vancouver, ufuk \u00e7izgisini k\u0131y\u0131 zirveleriyle ta\u00e7land\u0131r\u0131r; Whitehorse, Yukon&#039;un kalbindeki Alaska Otoyolu&#039;na h\u00fckmeder; Winnipeg, Frans\u0131z-Kanadal\u0131 ve \u0130lk Milletler miras\u0131n\u0131n The Forks&#039;ta birle\u015fti\u011fi k\u0131tan\u0131n merkezinde yer al\u0131r.<\/p>\n<p>Do\u011fal ve k\u00fclt\u00fcrel hazineler metropol s\u0131n\u0131rlar\u0131n\u0131n \u00e7ok \u00f6tesine yay\u0131lm\u0131\u015ft\u0131r. UNESCO D\u00fcnya Miras\u0131 tan\u0131mlar\u0131 haritay\u0131 vurgular, ulusal ve eyalet parklar\u0131 simgesel manzaralar\u0131 korur. Dawson City&#039;nin Klondike kal\u0131nt\u0131lar\u0131, K\u00f6rfez Adalar\u0131&#039;n\u0131n sakin yerle\u015fim yerleri, Okanagan&#039;\u0131n g\u00fcne\u015fte kavrulmu\u015f \u00fcz\u00fcm ba\u011flar\u0131, Banff&#039;\u0131n Lake Louise ve Jasper&#039;\u0131n buz alanlar\u0131 uluslararas\u0131 \u00fcne sahip simge yap\u0131lar\u0131 olu\u015fturur. \u00c7ay\u0131rlarda Writing-on-Stone Park, kumta\u015f\u0131 tepecikleri aras\u0131nda yerli kaya sanat\u0131na ev sahipli\u011fi yapar; Niagara Yar\u0131madas\u0131, \u00e7a\u011flayan sular\u0131 ba\u011fc\u0131l\u0131k ovalar\u0131yla birle\u015ftirir; Algonquin Eyalet Park\u0131, antik ormanlarda kano yapmay\u0131 \u00f6d\u00fcllendirir. Her site, Kanada&#039;n\u0131n epik \u015fiirine bir k\u0131ta ekler.<\/p>\n<p>Kanada, t\u00fcm seyahati boyunca sadeli\u011fi reddeden bir ulusu ortaya koyuyor. Geni\u015f \u00f6l\u00e7e\u011fi, yo\u011funluk ve bo\u015fluk, antik geleneklerin keskin \u015fehirlilikle bir arada var olmas\u0131 paradokslar\u0131 yarat\u0131yor. Gezginler, yontulmu\u015f zirvelerde jeolojik d\u00f6nemleri, parlamento salonlar\u0131ndaki sosyopolitik evrimi ve \u00e7ok dilli sokaklardaki k\u00fclt\u00fcrel diyaloglar\u0131 ke\u015ffediyor. Her fiyortta, ormanda ve Parlamento Odas\u0131nda, Kanada&#039;n\u0131n dayan\u0131kl\u0131 ruhu ve katmanl\u0131 miras\u0131 ortaya \u00e7\u0131k\u0131yor; dald\u0131rma, d\u00fc\u015f\u00fcnme ve ka\u00e7\u0131n\u0131lmaz olarak hayranl\u0131\u011f\u0131 davet eden sonsuz bir anlat\u0131.<\/p>","protected":false},"excerpt":{"rendered":"<p>Kuzey Amerika&#039;da bulunan Kanada, geni\u015f manzaralar\u0131 ve \u00e7e\u015fitli k\u00fclt\u00fcrel miras\u0131yla tan\u0131n\u0131r. Toplam y\u00fcz\u00f6l\u00e7\u00fcm\u00fc bak\u0131m\u0131ndan d\u00fcnyan\u0131n ikinci b\u00fcy\u00fck \u00fclkesi olan Kanada, do\u011fuda Atlas Okyanusu&#039;ndan bat\u0131da Pasifik Okyanusu&#039;na kadar uzan\u0131r ve kuzeye do\u011fru Arktik Okyanusu&#039;na kadar uzan\u0131r. D\u00fcnyan\u0131n en uzun k\u0131y\u0131 \u015feridi, do\u011fal g\u00fczellik ve ekolojik \u00e7e\u015fitlili\u011fin \u00f6zel bir f\u00fczyonunu sa\u011flamak i\u00e7in bu devasa kara k\u00fctlesini dengeler. D\u00fcnyan\u0131n en uzun uluslararas\u0131 kara s\u0131n\u0131r\u0131 olan \u00fclkenin g\u00fcney s\u0131n\u0131r\u0131, Amerika Birle\u015fik Devletleri ile olan s\u0131n\u0131r\u0131, iki \u00fclke aras\u0131ndaki uzun s\u00fcreli ili\u015fkiyi yans\u0131t\u0131r.<\/p>","protected":false},"author":1,"featured_media":2967,"parent":24084,"menu_order":0,"comment_status":"closed","ping_status":"closed","template":"elementor_theme","meta":{"_eb_attr":"","footnotes":""},"class_list":["post-9322","page","type-page","status-publish","has-post-thumbnail"],"_links":{"self":[{"href":"https:\/\/travelshelper.com\/tr\/wp-json\/wp\/v2\/pages\/9322","targetHints":{"allow":["GET"]}}],"collection":[{"href":"https:\/\/travelshelper.com\/tr\/wp-json\/wp\/v2\/pages"}],"about":[{"href":"https:\/\/travelshelper.com\/tr\/wp-json\/wp\/v2\/types\/page"}],"author":[{"embeddable":true,"href":"https:\/\/travelshelper.com\/tr\/wp-json\/wp\/v2\/users\/1"}],"replies":[{"embeddable":true,"href":"https:\/\/travelshelper.com\/tr\/wp-json\/wp\/v2\/comments?post=9322"}],"version-history":[{"count":0,"href":"https:\/\/travelshelper.com\/tr\/wp-json\/wp\/v2\/pages\/9322\/revisions"}],"up":[{"embeddable":true,"href":"https:\/\/travelshelper.com\/tr\/wp-json\/wp\/v2\/pages\/24084"}],"wp:featuredmedia":[{"embeddable":true,"href":"https:\/\/travelshelper.com\/tr\/wp-json\/wp\/v2\/media\/2967"}],"wp:attachment":[{"href":"https:\/\/travelshelper.com\/tr\/wp-json\/wp\/v2\/media?parent=9322"}],"curies":[{"name":"wp","href":"https:\/\/api.w.org\/{rel}","templated":true}]}}