{"id":9282,"date":"2024-09-07T20:34:39","date_gmt":"2024-09-07T20:34:39","guid":{"rendered":"https:\/\/travelshelper.com\/staging\/?page_id=9282"},"modified":"2026-03-13T15:01:15","modified_gmt":"2026-03-13T15:01:15","slug":"kosta-rika","status":"publish","type":"page","link":"https:\/\/travelshelper.com\/tr\/destinations\/north-america\/costa-rica\/","title":{"rendered":"Kosta Rika"},"content":{"rendered":"<p>Elli bin kilometrekarelik bir alana sahip olmas\u0131na ra\u011fmen ekolojik ve k\u00fclt\u00fcrel \u00e7e\u015fitlilikle dolu bir \u00fclke olan Kosta Rika, yemye\u015fil arazisinde sadece be\u015f milyondan biraz fazla n\u00fcfusu bar\u0131nd\u0131r\u0131yor; ancak, sadece San Jos\u00e9&#039;de, \u00fc\u00e7 y\u00fcz elli binden fazla ruh g\u00fcnl\u00fck olarak kentsel ya\u015fam\u0131n ritimlerinde bir araya gelirken, yakla\u015f\u0131k iki milyon ki\u015fi daha geni\u015f metropol kucaklamas\u0131nda ya\u015f\u0131yor. Kuzeyde Nikaragua&#039;n\u0131n dalgal\u0131 tepeleri ile g\u00fcneydo\u011fuda Panama&#039;n\u0131n tropikal ovalar\u0131 aras\u0131nda konumlanm\u0131\u015f ve s\u0131ras\u0131yla do\u011fu ve bat\u0131da Karayipler ve Pasifik k\u0131y\u0131lar\u0131yla \u00e7evrili olan bu ince cumhuriyet, hem k\u0131ta kav\u015fa\u011f\u0131na hem de ada egemenli\u011fine h\u00fckmediyor ve deniz alan\u0131n\u0131 Ekvador s\u0131n\u0131r\u0131n\u0131n g\u00fcneye do\u011fru kayd\u0131\u011f\u0131 Cocos Adas\u0131&#039;na kadar geni\u015fletiyor. E\u011fitim alan\u0131ndaki ba\u015far\u0131lar\u0131yla takdir edilen bir i\u015fg\u00fcc\u00fc taraf\u0131ndan finanse edilen istikrarl\u0131 bir ba\u015fkanl\u0131k demokrasisi olan Kosta Rika (e\u011fitim, kamu fonlar\u0131n\u0131n yakla\u015f\u0131k y\u00fczde yedisini al\u0131rken, k\u00fcresel ortalama y\u00fczde d\u00f6rtten biraz fazla) tar\u0131msal bir ekonomiden, vergi avantajl\u0131 Serbest Ticaret B\u00f6lgeleri taraf\u0131ndan desteklenen finans, ila\u00e7, kurumsal hizmetler ve ekoturizm mozai\u011fine d\u00f6n\u00fc\u015ft\u00fc.<\/p>\n<p>Bu incecik giri\u015f b\u00f6l\u00fcm\u00fcnde Kosta Rika&#039;n\u0131n tekilli\u011finin \u00f6z\u00fc yat\u0131yor: 1949&#039;da k\u0131sa bir i\u00e7 \u00e7at\u0131\u015fman\u0131n ard\u0131ndan ordusunu kald\u0131ran ve bunun yerine insan geli\u015fimine, \u00e7evre y\u00f6netimine ve sosyal uyuma yat\u0131r\u0131m yapmay\u0131 se\u00e7en bir \u00fclke. O zamandan beri kom\u015fular\u0131 aras\u0131nda al\u0131\u015f\u0131lmad\u0131k bir yol \u00e7izdi: silahl\u0131 kuvvetlerden ka\u00e7\u0131nd\u0131, anayasal demokrasiyi besledi ve insan refah\u0131n\u0131 neredeyse kutsal bir d\u00fczeye y\u00fckseltti. \u0130nsan Geli\u015fimi Endeksi onu d\u00fcnyan\u0131n en iyi altm\u0131\u015f \u00fclkesi aras\u0131na yerle\u015ftirirken, Latin Amerika&#039;da be\u015finci s\u0131rada yer al\u0131yor ve hem geli\u015fme hem de e\u015fitlikte benzer gelirlere sahip \u00fclkeleri geride b\u0131rak\u0131yor. \u00c7e\u015fitli endeksler taraf\u0131ndan en mutlu \u00fclke ilan edilen vatanda\u015flar\u0131, &#034;Pura Vida&#034; ifadesini bir \u00e7\u0131kartma slogan\u0131 olarak de\u011fil, ya\u015fanm\u0131\u015f bir felsefe, ba\u015fka yerlerde yayg\u0131n olan bask\u0131lardan etkilenmemi\u015f g\u00fcnl\u00fck ne\u015fenin bir kan\u0131t\u0131 olarak benimsiyor.<\/p>\n<p>Alt k\u0131tan\u0131n nabz\u0131 genellikle da\u011flar\u0131n y\u00fckseldi\u011fi yerlerde yava\u015flar ve Kosta Rika&#039;n\u0131n kalbinde, yanarda\u011flarla \u00e7evrili \u015fehirlerin ve kahve yeti\u015ftirilen yaylalar\u0131n geni\u015f bir be\u015fi\u011fi olan Orta Vadi a\u00e7\u0131l\u0131r. Burada, San Jos\u00e9 uzak bir ba\u015fkent olarak de\u011fil, ulusal kimli\u011fin potas\u0131 olarak h\u00fck\u00fcm s\u00fcrer: a\u011fa\u00e7larla \u00e7evrili caddelerin, s\u00f6m\u00fcrge d\u00f6nemi tiyatrolar\u0131n\u0131n ve cumhuriyetin \u0130spanyol kolonisinden modern devlete do\u011fru olan y\u00f6r\u00fcngesini \u00e7izen m\u00fczelerin yay\u0131ld\u0131\u011f\u0131 bir yer. Alajuela, Cartago\u2014bir zamanlar ulusal merkez\u2014Heredia ve San Ram\u00f3n, vadiye hakim olan d\u00f6rt \u015fehri tamamlar ve her biri kendi miras\u0131n\u0131 ta\u015f\u0131r: Cartago&#039;nun barok bazilikas\u0131, Alajuela&#039;n\u0131n havaalan\u0131 giri\u015fleri, Heredia&#039;n\u0131n kahve tarlalar\u0131, San Ram\u00f3n&#039;un tar\u0131m fuarlar\u0131. Bu kentsel merkezlerin \u00f6tesinde, topraklar, kuru ormanlar\u0131n sessizce kakt\u00fcslerle dolu ovalara ve s\u00f6rf \u015feritli k\u0131y\u0131lara yol verdi\u011fi Guanacaste b\u00f6lgesinde Pasifik&#039;e do\u011fru a\u00e7\u0131l\u0131r; Karayipler yakas\u0131ndaki Lim\u00f3n&#039;a do\u011fru, Afro-Karayip ritimlerinin ve dillerinin \u00fclkenin heterojen k\u00f6klerini g\u00f6sterdi\u011fi yere; ve Arenal&#039;\u0131n m\u00fckemmel konisinin s\u0131cak su kaynaklar\u0131na ve bulut ormanlar\u0131na h\u00fckmetti\u011fi da\u011fl\u0131k Kuzey&#039;e do\u011fru.<\/p>\n<p>Cerro Chirrip\u00f3&#039;nun \u00fc\u00e7 bin sekiz y\u00fcz on dokuz metresinde zirveye ula\u015fan y\u00fcksek bir arazi olan Kosta Rika, ayn\u0131 zamanda Iraz\u00fa Yanarda\u011f\u0131&#039;n\u0131n y\u00fckselen zirvesine ev sahipli\u011fi yaparken, Arenal G\u00f6l\u00fc tektonik dramadan do\u011fan sakin bir y\u00fczey boyunca g\u00f6ky\u00fcz\u00fcn\u00fc yans\u0131t\u0131r. Ad\u0131 ge\u00e7en on d\u00f6rt yanarda\u011f\u0131n yar\u0131s\u0131 son \u00fc\u00e7 \u00e7eyrek y\u00fczy\u0131l i\u00e7inde harekete ge\u00e7ti ve her patlama d\u00fcnyan\u0131n tuvaline yeni konturlar kaz\u0131d\u0131. \u00dclkenin kesinlikle tropikal olan iklimi, y\u0131l\u0131 kuru ve ya\u011f\u0131\u015fl\u0131 mevsimler aras\u0131nda b\u00f6ler - Aral\u0131k&#039;\u0131n serin sabahlar\u0131ndan Nisan&#039;\u0131n g\u00fcne\u015fli \u00f6\u011flenlerine, ard\u0131ndan Kas\u0131m&#039;\u0131n \u00e7ekilmesine kadar devam eden ya\u011fmurlara. Ancak bu t\u00fcr ikilikler n\u00fcans\u0131 ele verir: mevsim d\u0131\u015f\u0131 sa\u011fanak ya\u011f\u0131\u015flar kurak aylar\u0131 noktalamakta ve ya\u011f\u0131\u015fl\u0131 mevsimde, ge\u00e7ici g\u00fcne\u015f \u0131\u015f\u0131nlar\u0131 ya\u011fmurlu g\u00f6ky\u00fcz\u00fcne g\u00f6kku\u015fa\u011f\u0131 \u00e7izmektedir.<\/p>\n<p>Kosta Rika&#039;n\u0131n topografyas\u0131 ve tarihi y\u00f6r\u00fcngesi, ekonomik canl\u0131l\u0131\u011f\u0131 Orta Vadi&#039;ye y\u00f6nlendirmi\u015ftir, ancak ger\u00e7ek zenginli\u011fi, topraklar\u0131n\u0131n yakla\u015f\u0131k y\u00fczde yirmi yedisinin ulusal parklar ve rezervler olarak ayr\u0131lmas\u0131nda yatmaktad\u0131r; bu, d\u00fcnyadaki en b\u00fcy\u00fck korunan arazi oran\u0131d\u0131r. Bu kutsal alanlar i\u00e7inde, k\u00fcresel arazinin yaln\u0131zca y\u00fczde 0,03&#039;\u00fc, Monteverde&#039;nin bulut ormanlar\u0131ndaki muhte\u015fem quetzallerden Tortuguero&#039;nun siyah kumlu plajlar\u0131nda yuvalayan deri s\u0131rtl\u0131 kaplumba\u011falara kadar t\u00fcm t\u00fcrlerin neredeyse y\u00fczde be\u015fini bar\u0131nd\u0131rmaktad\u0131r. Manuel Antonio&#039;nun orman yama\u00e7lar\u0131 denize do\u011fru uzan\u0131rken, Corcovado&#039;nun uzak vah\u015fi do\u011fas\u0131 tapirlere, jaguarlara ve k\u0131z\u0131l makavlara ev sahipli\u011fi yapmaktad\u0131r; Mezoamerikan ve G\u00fcney Amerika k\u00fclt\u00fcrlerinin Nicoya Yar\u0131madas\u0131&#039;nda bulu\u015ftu\u011fu ve bu k\u0131y\u0131lara \u0130spanyol \u00f6ncesi damgas\u0131n\u0131 vurdu\u011fu antik \u00e7a\u011flar\u0131n yank\u0131lar\u0131.<\/p>\n<p>Conquistadorlar on alt\u0131nc\u0131 y\u00fczy\u0131lda gelmeden \u00e7ok \u00f6nce, \u015fefler bu k\u0131y\u0131lar boyunca alt\u0131n, seramik ve tuz ticareti yapm\u0131\u015flard\u0131; \u0130spanyol tac\u0131 kolonisini \u00e7evre stat\u00fcs\u00fcne indirerek yaln\u0131zca seyrek yerle\u015fimlere izin verdi. 1821&#039;de ba\u011f\u0131ms\u0131zl\u0131\u011fa kavu\u015fan Kosta Rika, \u00f6nce Agust\u00edn de Iturbide&#039;nin Meksika \u0130mparatorlu\u011fu&#039;nun bir par\u00e7as\u0131 olarak ve ard\u0131ndan ge\u00e7ici bir Orta Amerika federasyonu i\u00e7inde, sonunda 1847&#039;de tam egemenli\u011fini ilan etti. Bunu kahve ihracat\u0131, yabanc\u0131 demir yolu giri\u015fimleri ve okuryazarl\u0131k ve medeni kurumlar\u0131 tohumlayan bir kahve elitinin kademeli y\u00fckseli\u015fiyle i\u015faretlenen bir y\u00fczy\u0131l izledi. Ancak ger\u00e7ek kopu\u015f 1948&#039;de, on bir g\u00fcnl\u00fck bir se\u00e7im krizinin i\u00e7 sava\u015fa d\u00f6n\u00fc\u015fmesiyle geldi; bunun sonucu orduyu yasaklayan, kaynaklar\u0131 okullara ve hastanelere y\u00f6nlendiren ve ulusa modern bar\u0131\u015f ahlak\u0131n\u0131 miras b\u0131rakan bir anayasa ortaya \u00e7\u0131kard\u0131.<\/p>\n<p>Bu karardan bu yana ge\u00e7en elli y\u0131lda Kosta Rika g\u00fc\u00e7l\u00fc bir demokrasi in\u015fa etti. \u00d6zg\u00fcr bas\u0131n\u0131 k\u00fcresel olarak en \u00f6zg\u00fcrler aras\u0131nda yer al\u0131yor, se\u00e7im s\u00fcre\u00e7leri her zaman \u015feffaf ve yarg\u0131dan ba\u011f\u0131ms\u0131z g\u00f6zlemcilere kadar kurumlar\u0131 kamuoyunun g\u00fcvenini kazan\u0131yor. Bu g\u00fcven, \u00fclkenin k\u00fcresel endekslerdeki s\u00fcrekli performans\u0131n\u0131n temelini olu\u015fturuyor: bas\u0131n \u00f6zg\u00fcrl\u00fc\u011f\u00fcnde ilk yirmi be\u015f s\u0131ralamas\u0131, y\u00f6netim \u00f6nlemlerinde y\u00fcksek puanlar ve vatanda\u015flar\u0131n \u00f6znel refah\u0131 i\u00e7in s\u00fcrekli \u00f6vg\u00fc. Di\u011fer Orta Amerika \u00fclkeleri siyasi \u015fiddet ve ekonomik t\u00fcrb\u00fclanslar aras\u0131nda sendelerken, Kosta Rika istikrar\u0131n\u0131 korudu ve y\u00fcksek teknoloji parklar\u0131na ve ila\u00e7 k\u00fcmelerine yabanc\u0131 yat\u0131r\u0131m \u00e7ekti.<\/p>\n<p>Ancak refah, Kosta Rika&#039;y\u0131 \u00e7evresel k\u0131r\u0131lganl\u0131\u011fa kar\u015f\u0131 ba\u011f\u0131\u015f\u0131k k\u0131lmad\u0131. Y\u00fckselen s\u0131cakl\u0131klar y\u00fcksek rak\u0131ml\u0131 ekosistemleri zorlarken, deniz seviyesinin y\u00fckselmesi her iki k\u0131y\u0131ya da yay\u0131l\u0131yor. De\u011fi\u015fen ya\u011f\u0131\u015f d\u00fczenleri Tarraz\u00fa&#039;nun kahve hasatlar\u0131n\u0131 ve Lim\u00f3n&#039;un muz plantasyonlar\u0131n\u0131 tehdit ediyor; seller, heyelanlar, siklonlar ve kurakl\u0131klar art\u0131k bir zamanlar tahmin edilebilir mevsimselli\u011fi noktal\u0131yor. Be\u015f Kosta Rikal\u0131dan neredeyse d\u00f6rd\u00fc bu t\u00fcr tehlikelere giderek daha fazla maruz kalan b\u00f6lgelerde ya\u015f\u0131yor ve ulusal GSY\u0130H&#039;n\u0131n benzer bir pay\u0131 iklimsel de\u011fi\u015fimlere kar\u015f\u0131 savunmas\u0131z sekt\u00f6rlere ba\u011fl\u0131. H\u00fck\u00fcmetin tepkisi, y\u00fczy\u0131l\u0131n ortas\u0131na kadar net s\u0131f\u0131r emisyon hedefleyen iddial\u0131 karbonsuzla\u015ft\u0131rma politikalar\u0131n\u0131 ve yenilenebilir enerjiye neredeyse evrensel bir ba\u011f\u0131ml\u0131l\u0131\u011f\u0131 i\u00e7eriyordu - elektri\u011fin y\u00fczde doksan be\u015fi art\u0131k sudan, jeotermal \u0131s\u0131dan, r\u00fczgardan, g\u00fcne\u015f radyasyonundan ve biyok\u00fctleden geliyor. Ancak 2024 y\u0131l\u0131nda kurakl\u0131k nedeniyle uygulanan karne uygulamas\u0131, hala hidrolojik d\u00f6ng\u00fclere ba\u011fl\u0131 olan bir sistemin k\u0131r\u0131lganl\u0131\u011f\u0131n\u0131 ortaya koydu.<\/p>\n<p>Toplumun konturlar\u0131 \u00e7evresini yans\u0131t\u0131r: doksan be\u015f y\u0131ld\u0131r etnik kimli\u011fi ilk kez sayan 2022 n\u00fcfus say\u0131m\u0131 verileri, melez, Afro-Karayipli, Yerli, \u00c7inli ve di\u011fer k\u00f6kenlerden olu\u015fan topluluklar\u0131n yan\u0131 s\u0131ra \u00e7ok say\u0131da beyaz ve mestizo kaydeder. Chibcha ve Nahuatl etkilerinin miras\u0131 arkeolojik alanlarda ve halk geleneklerinde devam ederken, Lim\u00f3n&#039;un Afro-Kosta Rika n\u00fcfusu, on dokuzuncu y\u00fczy\u0131l Jamaikal\u0131 i\u015f\u00e7i g\u00f6\u00e7lerinden do\u011fan \u0130ngilizce tabanl\u0131 bir kreol\u00fc korur. \u0130spanyol dili ve Katolik ayinleri bask\u0131nd\u0131r - s\u00f6m\u00fcrge d\u00f6neminin yank\u0131lar\u0131 - ancak \u00fclkenin k\u00fclt\u00fcrel dokusu, Afrika, Asya ve Amerika&#039;dan gelen iplikleri mutfa\u011f\u0131na, m\u00fczi\u011fine ve g\u00fcnl\u00fck ya\u015fam\u0131na \u00f6rm\u00fc\u015ft\u00fcr.<\/p>\n<p>Marimba m\u00fczi\u011fi kasaba meydanlar\u0131nda yank\u0131lan\u0131yor; soca, salsa, cumbia ve bachata dans pistlerini canland\u0131r\u0131yor, ancak ilgin\u00e7 bir \u015fekilde gen\u00e7ler yerine ya\u015fl\u0131 nesiller aras\u0131nda. Gitar halk danslar\u0131n\u0131n her yerde bulunan bir arkada\u015f\u0131 olmaya devam ediyor, ancak ah\u015fap tu\u015flar\u0131 ve yank\u0131lanan ton odalar\u0131yla marimba ulusal enstr\u00fcman olarak duruyor; melodileri Kosta Rika kimli\u011finin sesli bir amblemi. Sanatlara y\u00f6nelik kurumsal destek, g\u00f6rsel ve sahne sanatlar\u0131, m\u00fczik, miras ve k\u00fct\u00fcphaneleri denetleyen b\u00f6l\u00fcmlere ayr\u0131lm\u0131\u015f K\u00fclt\u00fcr, Gen\u00e7lik ve Spor Bakanl\u0131\u011f\u0131&#039;ndan geliyor; Ulusal Senfoni ve Gen\u00e7lik Orkestralar\u0131 k\u00fclt\u00fcr ve gen\u00e7lik kat\u0131l\u0131m\u0131n\u0131n sinerjisini \u00f6rnekliyor.<\/p>\n<p>Kosta Rika, tabakta katmanl\u0131 tarihlerden bahseden yemekler sunuyor: \u0130spanyollar\u0131n getirdi\u011fi tah\u0131llar ve etlerle birlikte yerli tamales; daha sonra Karayip ve Afrika etkileri baharatlarda ve g\u00fcve\u00e7lerde kendini g\u00f6steriyor. Pirin\u00e7 ve fasulye -gallo pinto- ulusal kahvalt\u0131y\u0131 olu\u015ftururken, casados \u200b\u200betleri, muzlar\u0131 ve salatalar\u0131 \u00f6\u011fle yeme\u011fine d\u00f6n\u00fc\u015ft\u00fcr\u00fcyor. Sokak kenar\u0131ndaki sodalar taze ceviche ve empanada servis ediyor ve k\u0131y\u0131 kasabalar\u0131 tuzlu su ve g\u00fcne\u015f tad\u0131nda hindistan ceviziyle tatland\u0131r\u0131lm\u0131\u015f deniz \u00fcr\u00fcnleri sunuyor. Her tarif, g\u00f6\u00e7 ve adaptasyonun yank\u0131lar\u0131n\u0131, temel lezzetlerinden vazge\u00e7meden yeni malzemeleri ve yeni insanlar\u0131 kar\u015f\u0131layan bir toplumun yank\u0131lar\u0131n\u0131 ta\u015f\u0131yor.<\/p>\n<p>Turistler art\u0131k National Geographic&#039;in d\u00fcnyan\u0131n en mutlu \u00fclkesi olarak \u00f6vd\u00fc\u011f\u00fc \u00fclkeye ak\u0131n ediyor, &#034;Pura Vida&#034; hem selamlama hem de mantra i\u015flevi g\u00f6r\u00fcyor, basit zevklerin (g\u00fcne\u015fin \u0131s\u0131tt\u0131\u011f\u0131 plajlar, sisli bulut ormanlar\u0131, u\u00e7an bir k\u0131z\u0131l makav\u0131n g\u00f6r\u00fcnt\u00fcs\u00fc) modern hayat\u0131n y\u00fcklerinden daha a\u011f\u0131r bast\u0131\u011f\u0131n\u0131 hat\u0131rlat\u0131yor. Cahuita&#039;n\u0131n mercan resiflerinden Chirrip\u00f3&#039;nun r\u00fczgarla a\u015f\u0131nm\u0131\u015f zirvesine; Cocos Adas\u0131&#039;n\u0131n uzakl\u0131\u011f\u0131ndan Corcovado&#039;nun yemye\u015fil koridorlar\u0131na kadar, Kosta Rika geleneksel turizmin \u00f6tesine ge\u00e7en bir g\u00fczergah sunuyor. Camino de Costa Rica gibi rotalar Atlantik&#039;ten Pasifik&#039;e kadar k\u0131sta\u011f\u0131 ge\u00e7erken, Camino del Cielo y Colibr\u00edes&#039;ten ge\u00e7en s\u00fcr\u00fc\u015fler da\u011f s\u0131rtlar\u0131 boyunca ku\u015f g\u00f6sterilerini ortaya koyuyor.<\/p>\n<p>Ancak \u00fclkenin en b\u00fcy\u00fck arma\u011fan\u0131, insanlar, y\u00f6netim ve do\u011fa aras\u0131ndaki uyuma olan ba\u011fl\u0131l\u0131\u011f\u0131d\u0131r; bu, i\u00e7 \u00e7at\u0131\u015fman\u0131n ard\u0131ndan sa\u011flanan, silahlar\u0131n kald\u0131r\u0131lmas\u0131yla kutsanm\u0131\u015f ve nesiller boyu vicdanl\u0131 bir y\u00f6netimle s\u00fcrd\u00fcr\u00fclen bir dengedir. Kara k\u00fctlesi olarak k\u00fc\u00e7\u00fck ama vizyon olarak geni\u015f bir cumhuriyettir: demokrasi, kalk\u0131nma ve biyolojik \u00e7e\u015fitlili\u011fin bir arada var oldu\u011fu canl\u0131 bir laboratuvard\u0131r. Kosta Rika&#039;da hayat, silah seslerinden ziyade ku\u015f c\u0131v\u0131lt\u0131lar\u0131n\u0131n ritmi ve nehirlerin ak\u0131\u015f\u0131yla \u00f6l\u00e7\u00fclen insan \u00f6l\u00e7e\u011finde ilerler; bu, ger\u00e7ek g\u00fcvenli\u011fin siperlerde de\u011fil, okullarda, hastanelerde ve vah\u015fi do\u011fan\u0131n korunmas\u0131nda bulundu\u011funun a\u00e7\u0131k bir kan\u0131t\u0131d\u0131r. Ve mevsimlerin geli\u015fip s\u00f6nmesi aras\u0131nda, vatanda\u015flar\u0131 Pura Vida&#039;n\u0131n basit inanc\u0131n\u0131 -saf ya\u015fam- her g\u00fcn teyit etmeye devam eder ve bunu yaparken s\u0131n\u0131rlar\u0131n\u0131n \u00f6tesinde ilham veren bir yol \u00e7izerler.<\/p>","protected":false},"excerpt":{"rendered":"<p>Resmi olarak Kosta Rika Cumhuriyeti olarak bilinen Kosta Rika, Kuzey Amerika&#039;n\u0131n Orta Amerika b\u00f6lgesinde yer alan b\u00fcy\u00fcleyici bir \u00fclkedir. &#034;Zengin Sahil&#034; anlam\u0131na gelen ismi, \u00fclkenin bol miktarda do\u011fal g\u00fczelli\u011fini ve kaynaklar\u0131n\u0131 yans\u0131t\u0131r. Kuzeyde Nikaragua, kuzeydo\u011fuda Karayip Denizi, g\u00fcneydo\u011fuda Panama ve g\u00fcneybat\u0131da Pasifik Okyanusu ile s\u0131n\u0131r kom\u015fusu olan Kosta Rika, Cocos Adas\u0131&#039;n\u0131n g\u00fcneyinde Ekvador ile deniz s\u0131n\u0131r\u0131n\u0131 da payla\u015fmaktad\u0131r. Bu co\u011frafi konum, Kosta Rika&#039;ya \u00e7e\u015fitli ekosistemler ve d\u00fcnyan\u0131n d\u00f6rt bir yan\u0131ndan do\u011fa tutkunlar\u0131n\u0131 \u00e7eken zengin bir biyolojik \u00e7e\u015fitlilik kazand\u0131rm\u0131\u015ft\u0131r.<\/p>","protected":false},"author":1,"featured_media":4241,"parent":24084,"menu_order":0,"comment_status":"closed","ping_status":"closed","template":"elementor_theme","meta":{"_eb_attr":"","footnotes":""},"class_list":["post-9282","page","type-page","status-publish","has-post-thumbnail"],"_links":{"self":[{"href":"https:\/\/travelshelper.com\/tr\/wp-json\/wp\/v2\/pages\/9282","targetHints":{"allow":["GET"]}}],"collection":[{"href":"https:\/\/travelshelper.com\/tr\/wp-json\/wp\/v2\/pages"}],"about":[{"href":"https:\/\/travelshelper.com\/tr\/wp-json\/wp\/v2\/types\/page"}],"author":[{"embeddable":true,"href":"https:\/\/travelshelper.com\/tr\/wp-json\/wp\/v2\/users\/1"}],"replies":[{"embeddable":true,"href":"https:\/\/travelshelper.com\/tr\/wp-json\/wp\/v2\/comments?post=9282"}],"version-history":[{"count":0,"href":"https:\/\/travelshelper.com\/tr\/wp-json\/wp\/v2\/pages\/9282\/revisions"}],"up":[{"embeddable":true,"href":"https:\/\/travelshelper.com\/tr\/wp-json\/wp\/v2\/pages\/24084"}],"wp:featuredmedia":[{"embeddable":true,"href":"https:\/\/travelshelper.com\/tr\/wp-json\/wp\/v2\/media\/4241"}],"wp:attachment":[{"href":"https:\/\/travelshelper.com\/tr\/wp-json\/wp\/v2\/media?parent=9282"}],"curies":[{"name":"wp","href":"https:\/\/api.w.org\/{rel}","templated":true}]}}