{"id":9276,"date":"2024-09-07T20:23:27","date_gmt":"2024-09-07T20:23:27","guid":{"rendered":"https:\/\/travelshelper.com\/staging\/?page_id=9276"},"modified":"2026-03-13T15:44:11","modified_gmt":"2026-03-13T15:44:11","slug":"barakoa","status":"publish","type":"page","link":"https:\/\/travelshelper.com\/tr\/destinations\/north-america\/cuba\/baracoa\/","title":{"rendered":"Barakoa"},"content":{"rendered":"<p>Guant\u00e1namo Eyaletinde K\u00fcba&#039;n\u0131n en do\u011fu ucunda bulunan Baracoa, yakla\u015f\u0131k 977 kilometrekarelik bir alan\u0131 kaplar ve 78.056 ki\u015filik bir n\u00fcfusu bar\u0131nd\u0131r\u0131r. Honey K\u00f6rfezi&#039;nin hafif dalgalar\u0131n\u0131n onu adan\u0131n \u00e7o\u011fundan izole eden yemye\u015fil bir da\u011f bariyeriyle bulu\u015ftu\u011fu yerde yer al\u0131r. 15 A\u011fustos 1511&#039;de fatih Diego Vel\u00e1zquez de Cu\u00e9llar taraf\u0131ndan kurulan \u015fehir, K\u00fcba&#039;n\u0131n ilk \u0130spanyol yerle\u015fim yeri ve orijinal ba\u015fkenti olma ayr\u0131cal\u0131\u011f\u0131na sahiptir; bu nedenle lakab\u0131 Ciudad Primada&#039;d\u0131r. Kasaban\u0131n orijinal ad\u0131 olan Nuestra Senora de la Asunci\u00f3n de Baracoa, olu\u015fumunu belirleyen inan\u00e7 ve imparatorlu\u011fun i\u00e7 i\u00e7e ge\u00e7mesini korurken, ad\u0131n\u0131n t\u00fcretildi\u011fi Ta\u00edno terimi &#034;denizin varl\u0131\u011f\u0131na&#034; i\u015faret eder. Kas\u0131m 1492&#039;deki ilk temastan g\u00fcn\u00fcm\u00fcze, Baracoa&#039;n\u0131n \u00f6z\u00fc okyanus ve da\u011f\u0131n birle\u015fiminde kristalle\u015fmi\u015ftir.<\/p>\n<p>K\u0131y\u0131 \u015feridi Columbus&#039;un karavellerini durdururken bile, Sierra del Purial de dahil olmak \u00fczere \u00e7evredeki zirveler hem bar\u0131nak hem de inziva sa\u011flayan do\u011fal bir siper olu\u015fturuyordu. K\u00fcba&#039;n\u0131n nemli ormanlar\u0131n\u0131n nemli kucaklamas\u0131 ve g\u00f6rkemli K\u00fcba \u00e7am\u0131 ormanlar\u0131, adaya tek karasal ba\u011f\u0131n 1960&#039;larda oyulmu\u015f k\u0131vr\u0131ml\u0131 otoyol La Farola oldu\u011fu s\u0131rtlar\u0131 \u00f6rt\u00fcyor. Bu m\u00fchendislik harikas\u0131 Baracoa&#039;y\u0131 Guantanamo&#039;ya ba\u011flamadan \u00f6nce, kasaban\u0131n giri\u015f kap\u0131lar\u0131 r\u00fczgara ve denize do\u011fru uzan\u0131yordu ve ticaret gizli kanallardan ge\u00e7iyordu. On yedinci y\u00fczy\u0131ldan itibaren k\u00f6rfeze giren yabanc\u0131 gemiler \u015feker, rom ve ka\u00e7ak kakao ticareti yap\u0131yor, ta\u015f duvarlar\u0131 bu gizli al\u0131\u015fveri\u015fleri anlatmak i\u00e7in ayakta kalan Matach\u00edn ve La Punta gibi kalelerin bak\u0131\u015flar\u0131 alt\u0131nda s\u0131\u011f\u0131nak buluyorlard\u0131.<\/p>\n<p>Avrupa hastal\u0131klar\u0131 taraf\u0131ndan neredeyse yok edilen Ta\u00edno varl\u0131\u011f\u0131 haf\u0131zada ve mitlerde varl\u0131\u011f\u0131n\u0131 s\u00fcrd\u00fcr\u00fcyor. Hispaniola&#039;dan ka\u00e7an ve bu k\u0131y\u0131da direni\u015fi toplayan \u015fef Hatuey, hem Parque Independencia&#039;y\u0131 s\u00fcsleyen heykelde hem de onu kaz\u0131k \u00f6n\u00fcnde meydan okuyan, ezenlerinin kurtulu\u015fu yerine cehennem ate\u015fini tercih eden yerel hayal g\u00fcc\u00fcnde kutsall\u0131\u011f\u0131n\u0131 koruyor. Bu an\u0131t, duvarlar\u0131 bir zamanlar ilk piskoposlara bar\u0131nak sa\u011flayan ve \u015fimdi belediye ofisleri ve tur operat\u00f6rlerinin \u00fczerinde n\u00f6bet tutan Baracoa&#039;n\u0131n orijinal kilisesinin restore edilmi\u015f kabu\u011fuyla \u00e7evrili meydana bak\u0131yor. Ge\u00e7mi\u015f ve \u015fimdinin bu t\u00fcr kar\u015f\u0131tl\u0131klar\u0131, dar sokaklar\u0131n m\u00fctevaz\u0131 konutlar aras\u0131nda k\u0131vr\u0131ld\u0131\u011f\u0131 ve zaman\u0131n ne silebildi\u011fi ne de g\u00f6rkemli bir \u015fekilde restore edebildi\u011fi s\u00f6m\u00fcrge duvarc\u0131l\u0131\u011f\u0131n\u0131n anl\u0131k g\u00f6r\u00fcnt\u00fclerini sunan eski \u015fehir boyunca ortaya \u00e7\u0131k\u0131yor.<\/p>\n<p>Kristof Kolomb bu koyu &#034;d\u00fcnyan\u0131n en g\u00fczel yeri&#034; olarak nitelendirmi\u015f ve kumlar\u0131na bir ha\u00e7 -Cruz de la Parra- \u00e7akmak i\u00e7in durmu\u015ftur. Yerel keresteden yap\u0131lm\u0131\u015f ancak efsanenin a\u011f\u0131rl\u0131\u011f\u0131n\u0131 ta\u015f\u0131yan bu amblem, ah\u015fap kollar\u0131n\u0131n sayg\u0131l\u0131 bir merakla sergilendi\u011fi e\u015f-katedralde varl\u0131\u011f\u0131n\u0131 s\u00fcrd\u00fcrmektedir. Kilisenin arkas\u0131nda, alacakaranl\u0131kta amfibilerin coqui benzeri korosu tonozlu nefte yank\u0131lanarak, Kolomb&#039;un seyir defterinin yank\u0131lar\u0131n\u0131 canl\u0131 bir tan\u0131kl\u0131\u011fa d\u00f6n\u00fc\u015ft\u00fcr\u00fcr. Ak\u015famlar\u0131, malecon, yerlilerin bal\u0131k\u00e7\u0131lar\u0131n a\u011flar\u0131n\u0131 \u00e7ekmesini izlemek veya sadece durgun havadaki s\u0131\u00e7ramay\u0131 hissetmek i\u00e7in ta\u015f korkuluklara yasland\u0131\u011f\u0131 Havana&#039;n\u0131n \u00fcnl\u00fc gezinti yoluna daha m\u00fctevaz\u0131 bir kar\u015f\u0131l\u0131k sunar.<\/p>\n<p>R\u00edo Yumuri, R\u00edo Miel, R\u00edo Duaba ve R\u00edo Toa&#039;n\u0131n dalgal\u0131 raflar\u0131, kakaonun kraliyet palmiyelerinin alt\u0131nda geli\u015fti\u011fi ovalar\u0131 sular. Bu g\u00f6lgeli alt katmanda Theobroma kakaosu, K\u00fcba&#039;n\u0131n ba\u015fl\u0131ca \u00e7ikolata end\u00fcstrisinin temelini olu\u015fturan \u00e7ekirdekleri verir. Finca Duaba gibi g\u00f6rkemli m\u00fclkler, \u00e7ekirde\u011fin \u00e7i\u00e7ekten sofraya yolculu\u011funu izleyen turlar d\u00fczenlerken, yol kenar\u0131ndaki b\u00fcfeler, rendelenmi\u015f hindistan cevizi, \u015feker ve tropikal meyve par\u00e7alar\u0131ndan olu\u015fan tatl\u0131 bir paket olan cucurucho rulolar\u0131 satar. Alacakaranl\u0131kta, kavrulmu\u015f kakaonun kokusu dar sokaklardan ge\u00e7erek \u00e7ikolatal\u0131 kahve veya romla dolu gece yolculuklar\u0131 vaat eder.<\/p>\n<p>On dokuzuncu y\u00fczy\u0131l\u0131n ortalar\u0131nda, devrimden ka\u00e7an Saint-Domingue&#039;den gelen g\u00f6\u00e7menler tepelere kahve ve baston getirdiler. Bu \u00e7ift\u00e7iler, hala k\u00fc\u00e7\u00fck \u00e7iftliklerin ve g\u00f6lgelik koruluklar\u0131n mozai\u011fini \u015fekillendiren tar\u0131msal ormanc\u0131l\u0131k uygulamalar\u0131n\u0131 a\u015f\u0131lad\u0131lar. Ayn\u0131 zamanda b\u00f6lgenin izolasyonu, onu ba\u011f\u0131ms\u0131zl\u0131k sava\u015f\u00e7\u0131lar\u0131 i\u00e7in bir tiyatro haline getirdi; hem Antonio Maceo hem de Jos\u00e9 Mart\u00ed, plajlar\u0131na ayak bast\u0131, gizlice yapt\u0131klar\u0131 \u00e7\u0131karmalar Baracoa&#039;y\u0131 K\u00fcba&#039;n\u0131n egemenlik m\u00fccadelesine dahil etti. Bu b\u00f6l\u00fcmlere ait an\u0131tlar gizli kalmaya devam ediyor, ancak etkili: El Castillo&#039;nun alt\u0131ndaki m\u00fctevaz\u0131 bir an\u0131t mezar, \u015fimdi bir butik otel olarak yeniden do\u011fuyor, ayak sesleri ta\u015flar\u0131nda hafif\u00e7e yank\u0131lanan vatanseverleri an\u0131yor.<\/p>\n<p>La Farola&#039;n\u0131n in\u015fas\u0131, kasaban\u0131n K\u00fcba&#039;n\u0131n geri kalan\u0131yla ba\u011flar\u0131n\u0131 d\u00f6n\u00fc\u015ft\u00fcren bir d\u00f6n\u00fcm noktas\u0131yd\u0131. Dik u\u00e7urumlar\u0131n \u00fczerinden ge\u00e7en on bir k\u00f6pr\u00fcden olu\u015fan ve deniz seviyesinden yakla\u015f\u0131k 600 metre y\u00fcksekli\u011fe t\u0131rmanan yol, devrim d\u00f6neminin teknik cesaretini temsil ediyor. Ancak bug\u00fcn bile virajlar\u0131 dikkatli bir tempo gerektiriyor ve yolcular\u0131 bulutlarla kapl\u0131 vadilerin ve ye\u015fim pusunda bulan\u0131kla\u015fan s\u0131rtlar\u0131n manzaralar\u0131yla \u00f6d\u00fcllendiriyor. Santiago de Cuba&#039;dan otob\u00fcs yolculuklar\u0131 d\u00f6rt saat s\u00fcr\u00fcyor; Gustavo Rizo Havaalan\u0131&#039;ndan Havana&#039;dan u\u00e7u\u015flar bunu ikiye d\u00fc\u015f\u00fcr\u00fcyor, ancak her iki var\u0131\u015f \u015fekli de bir ge\u00e7i\u015f duygusunu koruyor: ova \u015feker ovalar\u0131ndan adan\u0131n en tenha yerle\u015fim yerine.<\/p>\n<p>Buradaki turizm, b\u00fcy\u00fck \u00f6l\u00e7\u00fcde k\u00fc\u00e7\u00fck oteller ve casas particulares ile s\u0131n\u0131rl\u0131, tasar\u0131m gere\u011fi samimidir. Hotel Porto Santo ve Villa Maguana, manzaray\u0131 engellemeden sabah \u0131\u015f\u0131\u011f\u0131n\u0131 yakalayan pastel tonlarda boyanm\u0131\u015f al\u00e7ak cepheleriyle koy kenar\u0131ndaki arsalar\u0131 i\u015fgal eder. Kafelerle \u00e7evrili park\u0131n hemen \u00f6tesinde, Flan de Queso g\u00fcn bat\u0131m\u0131nda i\u00e7ki i\u00e7mek i\u00e7in \u00f6zenle se\u00e7ilmi\u015f bir ortam sunarken, Casa de la Trova ge\u00e7 saatlere kadar son ve bolero ile doludur. Ak\u015famlar\u0131 merakl\u0131 ziyaret\u00e7ileri, kasaban\u0131n y\u00fcz ad\u0131m yukar\u0131s\u0131nda konumlanm\u0131\u015f gece kul\u00fcb\u00fcne \u00e7ekebilir; burada rom kokteylleri ve kola kar\u0131\u015ft\u0131r\u0131c\u0131lar\u0131 \u00e7\u0131plak ampul dizileri alt\u0131nda dansa ge\u00e7i\u015fi kolayla\u015ft\u0131r\u0131r.<\/p>\n<p>Do\u011fal tablo yenilebilir lezzetlerin \u00f6tesine uzan\u0131yor. 575 metreye kadar y\u00fckselen bir masa da\u011f\u0131 olan El Yunque, bat\u0131ya do\u011fru on kilometre uzakl\u0131kta duruyor ve zirvesine yaln\u0131zca endemik e\u011frelti otlar\u0131 ve palmiyelerden olu\u015fan bir duvar hal\u0131s\u0131 boyunca rehberli y\u00fcr\u00fcy\u00fc\u015fle ula\u015f\u0131labiliyor. Sadece K\u00fcbal\u0131lara \u00f6zel campismo&#039;dan ba\u015flayan bu t\u0131rman\u0131\u015f hem dayan\u0131kl\u0131l\u0131k hem de tevazu gerektiriyor, ancak Karayipler&#039;in do\u011fu k\u0131y\u0131s\u0131n\u0131n 360 derecelik bir g\u00f6r\u00fcn\u00fcm\u00fcn\u00fc sa\u011fl\u0131yor. Kuzeyde, Alejandro de Humboldt Milli Park\u0131, polymita salyangozlar\u0131n\u0131n ve minik orman kurba\u011falar\u0131n\u0131n yay\u0131lan orkideler ve kar\u0131nca t\u00fcyl\u00fc a\u011fa\u00e7larla alan\u0131 payla\u015ft\u0131\u011f\u0131 daha da zengin bir biyolojik \u00e7e\u015fitlilikle sizi \u00e7a\u011f\u0131r\u0131yor. Eri\u015fim yollar\u0131 haf\u0131za \u015feridi kadar dar, ancak kiral\u0131k bir muhaf\u0131z veya organize bir grup turunun fiyat\u0131, filtresiz vah\u015fi do\u011fan\u0131n getirilerini geri getiriyor.<\/p>\n<p>\u015eelaleler b\u00f6lgenin hidrolojik bollu\u011funu i\u015faretler. R\u00edo Toa, palmiyelerle \u00e7evrili bir havuza d\u00f6k\u00fclen 17 metrelik ye\u015fim rengi su perdesi olan &#039;el Saltadero&#039;ya ev sahipli\u011fi yapar. Daha yukar\u0131da, Arroyo del Infierno, Karayipler&#039;in en y\u00fcksek \u015felalesi olarak kabul edilen ve gezegenin en iyi yirmi su kayd\u0131ra\u011f\u0131 aras\u0131nda yer alan 305 metrelik bir ini\u015f olan Salto Fino&#039;da d\u00fc\u015fer. Yumuri vadisi boyunca yap\u0131lan tekne gezileri, k\u0131rsal k\u00f6ylerin ve kakao tarlalar\u0131n\u0131n g\u00f6r\u00fcnt\u00fclerini sunarken, nehir kenar\u0131 piknikleri, k\u0131y\u0131 \u015feridinin El Yunque&#039;nin dikkatli sil\u00fcetinin alt\u0131nda k\u0131vr\u0131ld\u0131\u011f\u0131 Playa de Miel gibi siyah kumlu koylarda bir dal\u0131\u015fla sonlanabilir.<\/p>\n<p>Demografik konturlar seyrek yerle\u015fimli bir araziyi yans\u0131t\u0131r. Kilometrekareye yakla\u015f\u0131k seksen sakini olan Baracoa, kentsel merkezlerle keskin bir tezat olu\u015fturan k\u0131rsal bir ritmi korur. \u00c7ok say\u0131da k\u00f6y (Nibuj\u00f3n, Boca de Yumur\u00ed, Sabanilla, Jaragua bunlar\u0131n aras\u0131ndad\u0131r) i\u00e7 b\u00f6lgeleri noktalamaktad\u0131r, konut k\u00fcmeleri toprak yollarla birbirine ba\u011flanm\u0131\u015f ve toplum kiliseleriyle desteklenmi\u015ftir. K\u00f6yl\u00fclerin muz, kahve \u00e7uvallar\u0131 ve el yap\u0131m\u0131 palmiye yapra\u011f\u0131 \u015fapkalar\u0131 takas etti\u011fi tamarind a\u011fa\u00e7lar\u0131n\u0131n alt\u0131nda mevsimlik pazarlar belirir. Bu al\u0131\u015fveri\u015flerde, toprak ve ge\u00e7im kayna\u011f\u0131 aras\u0131ndaki ba\u011f, kitle turizminin homojenle\u015ftirici ak\u0131mlar\u0131ndan etkilenmeden elle tutulur bir \u015fekilde kal\u0131r.<\/p>\n<p>Belediyenin ula\u015f\u0131m arterleri, Baracoa&#039;dan Pinar del R\u00edo&#039;ya kadar uzanan adan\u0131n omurgas\u0131 olan Carretera Central&#039;da son bulur. Muz, hindistan cevizi ve kakao ta\u015f\u0131yan y\u00fck kamyonlar\u0131, k\u00f6yl\u00fcler de\u011fi\u015fen bulut g\u00f6lgelerinin alt\u0131nda ke\u00e7ileri g\u00fcderken yol kenar\u0131ndaki kul\u00fcbelerin \u00f6n\u00fcnden ge\u00e7er. Geceleri, otoyolun omuzlar\u0131 farlarla dolar ve Baracoa&#039;n\u0131n K\u00fcba&#039;n\u0131n daha geni\u015f anlat\u0131s\u0131na olan kal\u0131c\u0131 ba\u011flar\u0131n\u0131 do\u011frulayan \u0131\u015f\u0131kl\u0131 bir ipli\u011fi izler.<\/p>\n<p>Dini mimari ve askeri kal\u0131nt\u0131lar kent \u00e7ekirde\u011fi boyunca i\u00e7 i\u00e7e ge\u00e7mi\u015ftir. Nuestra Senora de la Asunci\u00f3n E\u015f Katedrali, Cruz de la Parra&#039;n\u0131n k\u00fcpelerinin sayg\u0131 duyulan kal\u0131nt\u0131lar\u0131n\u0131 bar\u0131nd\u0131r\u0131r; bu ayr\u0131nt\u0131, ha\u00e7\u0131n bile\u015fik tarihini ele verir ve efsanenin kolektif haf\u0131zadaki dayana\u011f\u0131 \u00fczerine d\u00fc\u015f\u00fcnmeye davet eder. Belediye m\u00fczesine d\u00f6n\u00fc\u015ft\u00fcr\u00fclen Fort Matach\u00edn, \u0130spanyol-s\u00f6m\u00fcrge kal\u0131nt\u0131lar\u0131na ve deniz eserlerine ev sahipli\u011fi yaparken, Fuerte La Punta art\u0131k masalar\u0131 sakin bir koya bakan bir restorana ev sahipli\u011fi yapmaktad\u0131r. Bunlar\u0131n \u00f6tesinde, El Castillo\u2014Hotel El Castillo olarak yeniden do\u011fmu\u015f\u2014dik bir yamac\u0131n tepesinde yer al\u0131r; bur\u00e7lar\u0131, stratejik bak\u0131\u015f a\u00e7\u0131s\u0131n\u0131 \u015fiirsel dinginlikle birle\u015ftiren panoramik manzaralar sunar.<\/p>\n<p>Z\u0131t karakterli plajlar Baracoa&#039;n\u0131n \u00e7evresini \u00e7evreler. Kuzeyde, Playa Duaba ve Playa Maguana tenha koylara \u00e7ekilir, burada Karayipler&#039;in akuamarin geni\u015fli\u011fi soluk kumlara \u00e7arpar ve yaln\u0131z bir restoran g\u00fcn\u00fcn taze av\u0131n\u0131 servis eder. G\u00fcneydo\u011fuda, Playa Blanca, kasaban\u0131n m\u00fctevaz\u0131 tela\u015f\u0131ndan sessiz bir mola sa\u011flayan, palmiye g\u00f6lgeleriyle kapl\u0131 beyaz kumlar olan bici-taksi ile on iki kilometre uzan\u0131r. Playa de Miel&#039;de, siyah volkanik tanecikler k\u0131y\u0131 \u015feridine dram katar, renkleri vaatlerle yald\u0131zlanm\u0131\u015f bir g\u00f6ky\u00fcz\u00fcn\u00fcn alt\u0131nda g\u00fcn do\u011fumunda yo\u011funla\u015f\u0131r.<\/p>\n<p>Yerel gastronomi hem miras\u0131 hem de hasad\u0131 onurland\u0131r\u0131r. Cucurucho, tatland\u0131r\u0131lm\u0131\u015f hindistan cevizini guava ve ananas par\u00e7alar\u0131yla birle\u015ftiren palmiye yapra\u011f\u0131 konisiyle yarat\u0131c\u0131l\u0131\u011f\u0131n bir simgesi olarak ortaya \u00e7\u0131kar, her \u0131s\u0131r\u0131k tropikal yank\u0131n\u0131n bir mozai\u011fidir. Kendi yapra\u011f\u0131nda buharda pi\u015firilmi\u015f bir muz eti demeti olan Bac\u00e1n, \u00e7ikolata y\u00fckl\u00fc churrolara ni\u015fastal\u0131 bir kar\u015f\u0131 nokta sunarken, b\u00f6lgesel olarak yeti\u015ftirilen \u00e7ekirdeklerden dam\u0131t\u0131lm\u0131\u015f s\u0131cak kakao fincanlar\u0131 \u00f6\u011fle pazarlar\u0131n\u0131 vurgular. Nehirler taraf\u0131ndan ta\u015f\u0131nan, palmiyelerle g\u00f6lgelenen, insan \u00f6zeniyle i\u00e7 i\u00e7e ge\u00e7mi\u015f bu kakaonun soyu, her yuduma jeolojik ve k\u00fclt\u00fcrel derinlik katar.<\/p>\n<p>\u015eafak vaktinden sonra oyalananlar i\u00e7in Casa de la Flana, me\u015fe a\u011fa\u00e7lar\u0131n\u0131n g\u00f6lgesinde m\u00fc\u015fterileri son patrones&#039;e y\u00f6nlendiren geleneksel gitar ve tres ile canlan\u0131yor. Ak\u015fam vakti, Playa de Miel&#039;deki stadyum, oyuncular\u0131n ulusal ba\u011fl\u0131l\u0131\u011f\u0131n yank\u0131lar\u0131nda kumlu temel \u00e7izgileri takip etti\u011fi, beyzbol ma\u00e7lar\u0131na ev sahipli\u011fi yap\u0131yor. Bu t\u00fcr k\u00fc\u00e7\u00fck ama yank\u0131l\u0131 anlar, Baracoa&#039;n\u0131n \u00f6z\u00fcn\u00fc yakal\u0131yor: zaman\u0131n da\u011f akarsular\u0131na ve palmiye g\u00f6lgeli kahve a\u011fa\u00e7lar\u0131na g\u00f6re hareket etti\u011fi, tarihin mercan \u015feritli sokaklarda akt\u0131\u011f\u0131 ve uzaklardaki \u015felalelerin merakl\u0131lar\u0131 ileriye \u00e7a\u011f\u0131rd\u0131\u011f\u0131 bir yer.<\/p>\n<p>Baracoa&#039;da ge\u00e7mi\u015f, meydanlar ve plantasyonlar, ta\u015f kaleler ve g\u00f6lgeli r\u0131ht\u0131mlar aras\u0131nda akan canl\u0131 bir ak\u0131nt\u0131 olarak kal\u0131r. Co\u011frafyan\u0131n hem izolasyonu hem de daveti dikte etti\u011fi, d\u0131\u015far\u0131dan gelenlerin \u00e7ikolatay\u0131 kayna\u011f\u0131nda tatmak, antik zirvelere t\u0131rmanmak, Columbus&#039;un asla gitmeyece\u011fine inand\u0131\u011f\u0131 kurba\u011falar\u0131 alacakaranl\u0131kta dinlemek i\u00e7in hevesle geldi\u011fi bir yerdir. Burada, d\u00fcnyan\u0131n en do\u011fudaki K\u00fcba ufku, ye\u015fil ve mavi katmanlar halinde a\u00e7\u0131l\u0131r, her manzara be\u015f y\u00fczy\u0131ldan uzun s\u00fcredir bu Ciudad Primada&#039;y\u0131 \u015fekillendiren deniz, g\u00f6ky\u00fcz\u00fc ve da\u011flar\u0131n ince etkile\u015fiminin bir kan\u0131t\u0131d\u0131r.<\/p>","protected":false},"excerpt":{"rendered":"<p>Resmen Nuestra Senora de la Asunci\u00f3n de Baracoa olan Baracoa, K\u00fcba&#039;n\u0131n do\u011fu ucuna yak\u0131n Guant\u00e1namo Eyaletinde bir belediye ve \u015fehirdir. &#034;Ciudad Primada&#034; veya &#034;\u0130lk \u015eehir&#034; olarak bilinen, K\u00fcba tarihinde \u00f6nemli bir yerdir \u00e7\u00fcnk\u00fc adadaki ilk ba\u015fkent ve en eski \u0130spanyol kasabas\u0131d\u0131r. Amiral Kristof Kolomb, Yeni D\u00fcnya&#039;ya yapt\u0131\u011f\u0131 ilk ke\u015fif gezisi s\u0131ras\u0131nda 27 Kas\u0131m 1492&#039;de \u015fehri ziyaret etti. Daha sonra, 15 A\u011fustos 1511&#039;de \u0130spanyol bir macerac\u0131 olan Diego Vel\u00e1zquez de Cu\u00e9llar \u015fehri yaratt\u0131. K\u0131y\u0131 konumunu yans\u0131tan &#034;Baracoa&#034; isminin, &#034;denizin varl\u0131\u011f\u0131&#034; anlam\u0131na gelen yerli Arauaca dilinden geldi\u011fi s\u00f6ylenir.<\/p>","protected":false},"author":1,"featured_media":2732,"parent":9209,"menu_order":0,"comment_status":"closed","ping_status":"closed","template":"elementor_theme","meta":{"_eb_attr":"","footnotes":""},"class_list":["post-9276","page","type-page","status-publish","has-post-thumbnail"],"_links":{"self":[{"href":"https:\/\/travelshelper.com\/tr\/wp-json\/wp\/v2\/pages\/9276","targetHints":{"allow":["GET"]}}],"collection":[{"href":"https:\/\/travelshelper.com\/tr\/wp-json\/wp\/v2\/pages"}],"about":[{"href":"https:\/\/travelshelper.com\/tr\/wp-json\/wp\/v2\/types\/page"}],"author":[{"embeddable":true,"href":"https:\/\/travelshelper.com\/tr\/wp-json\/wp\/v2\/users\/1"}],"replies":[{"embeddable":true,"href":"https:\/\/travelshelper.com\/tr\/wp-json\/wp\/v2\/comments?post=9276"}],"version-history":[{"count":0,"href":"https:\/\/travelshelper.com\/tr\/wp-json\/wp\/v2\/pages\/9276\/revisions"}],"up":[{"embeddable":true,"href":"https:\/\/travelshelper.com\/tr\/wp-json\/wp\/v2\/pages\/9209"}],"wp:featuredmedia":[{"embeddable":true,"href":"https:\/\/travelshelper.com\/tr\/wp-json\/wp\/v2\/media\/2732"}],"wp:attachment":[{"href":"https:\/\/travelshelper.com\/tr\/wp-json\/wp\/v2\/media?parent=9276"}],"curies":[{"name":"wp","href":"https:\/\/api.w.org\/{rel}","templated":true}]}}