{"id":9270,"date":"2024-09-07T20:16:52","date_gmt":"2024-09-07T20:16:52","guid":{"rendered":"https:\/\/travelshelper.com\/staging\/?page_id=9270"},"modified":"2026-03-13T15:35:22","modified_gmt":"2026-03-13T15:35:22","slug":"kayo-guillermo","status":"publish","type":"page","link":"https:\/\/travelshelper.com\/tr\/destinations\/north-america\/cuba\/cayo-guillermo\/","title":{"rendered":"Kayo Guillermo"},"content":{"rendered":"<p>Cayo Guillermo, Atlas Okyanusu&#039;nun dalgal\u0131 dalgalar\u0131 ile Bah\u00eda de Perros olarak bilinen sakin koy aras\u0131nda konumlanm\u0131\u015f, Jardines del Rey tak\u0131madalar\u0131 i\u00e7inde ince bir ada olarak K\u00fcba&#039;n\u0131n kuzey k\u0131y\u0131s\u0131n\u0131n \u00f6n saflar\u0131nda yer al\u0131r. Yerle\u015fik toplulu\u011fu m\u00fctevaz\u0131d\u0131r -\u00e7o\u011funlukla Mor\u00f3n veya Ciego de \u00c1vila&#039;dan g\u00fcnl\u00fck olarak ge\u00e7en otel personelinden olu\u015fur- ve bat\u0131daki m\u00fccevheri Playa Pilar dahil olmak \u00fczere yakla\u015f\u0131k be\u015f kilometrelik k\u0131y\u0131 \u015feridine sahip bu k\u0131y\u0131 b\u00f6lgesi i\u00e7in kapsaml\u0131 bir n\u00fcfus say\u0131m\u0131 kaydedilmemi\u015ftir. R\u00fczgarla \u015fekillendirilmi\u015f kumullarla fildi\u015fi rengine boyanm\u0131\u015f kesintisiz bir kum \u015feridi, Ciego de \u00c1vila Eyaleti&#039;nin Mor\u00f3n belediyesi alt\u0131nda y\u00f6netilen bir ada b\u00f6lgesini \u00e7er\u00e7eveler. Erken tarihinin \u00e7o\u011funda g\u00f6z ard\u0131 edilen ada, \u015fimdi geli\u015fen bir turizm sekt\u00f6r\u00fcn\u00fc destekliyor ve ziyaret\u00e7ileri e\u015fit \u00f6l\u00e7\u00fcde kristal sular\u0131na ve f\u0131s\u0131lt\u0131 kadar sessiz ufuklar\u0131na \u00e7ekiyor.<\/p>\n<p>Bir tatil beldesine d\u00f6n\u00fc\u015fmesinden \u00e7ok \u00f6nce, Cayo Guillermo ge\u00e7im kaynaklar\u0131 deniz ve orman kaynaklar\u0131 etraf\u0131nda d\u00f6nen dayan\u0131kl\u0131 k\u0131y\u0131 sakinleri i\u00e7in bir s\u0131\u011f\u0131nakt\u0131. Yeni kurulan y\u0131llarda, k\u00fc\u00e7\u00fck bal\u0131k\u00e7\u0131 gruplar\u0131 kumlar\u0131n\u0131n \u00fczerine basit bar\u0131naklar kurarak, \u015fafak vakti a\u011flar\u0131n\u0131 \u00e7ekiyorlard\u0131; di\u011ferleri i\u00e7 kesimlerde sert a\u011fa\u00e7 keserek, satmak \u00fczere anakaraya geri ta\u015f\u0131d\u0131klar\u0131 k\u00f6m\u00fcr \u00fcretiyorlard\u0131. 1960&#039;lara gelindi\u011finde, spor bal\u0131k\u00e7\u0131l\u0131\u011f\u0131 merakl\u0131lar\u0131 aras\u0131nda, bu \u00e7evredeki sular\u0131n k\u0131l\u0131\u00e7 bal\u0131\u011f\u0131 ve marlinlerle dolu oldu\u011fu ve a\u00e7\u0131k denizde kupa avlar\u0131 aray\u0131\u015f\u0131na \u00e7\u0131kan bir grup derin deniz bal\u0131k\u00e7\u0131s\u0131n\u0131n ortaya \u00e7\u0131kt\u0131\u011f\u0131 haberi yay\u0131lm\u0131\u015ft\u0131. Ekvator g\u00fcne\u015finin kavurdu\u011fu bir ufukta ger\u00e7ekle\u015ftirdikleri ke\u015fif gezileri, adac\u0131\u011f\u0131 yeni bir \u00fcne kavu\u015fturdu; ancak manzara, yaln\u0131zca mavi enginlikte yaln\u0131z bir kruvaz\u00f6r\u00fcn sil\u00fcetiyle noktalanan ilkel durgunlu\u011funu korudu.<\/p>\n<p>Adan\u0131n turizme ilk giri\u015fi, 1993 y\u0131l\u0131nda ilk tatil kompleksinin a\u00e7\u0131l\u0131\u015f\u0131yla ger\u00e7ekle\u015fti; bu, d\u00f6nemin ele\u015ftirmenlerinin daha sonra &#034;turist apartheid&#039;i&#034; olarak adland\u0131raca\u011f\u0131 bir d\u00f6nemdi \u00e7\u00fcnk\u00fc K\u00fcba vatanda\u015flar\u0131, hizmet rollerinde istihdam edilmedik\u00e7e veya \u00f6zel muafiyet verilmedik\u00e7e bu s\u0131n\u0131rlardan men edilmi\u015fti. Bir servis tekneleri a\u011f\u0131 ve resmi izinler, eri\u015fimi d\u00fczenleyerek yaln\u0131zca uluslararas\u0131 ziyaret\u00e7ilere y\u00f6nelik bir yerle\u015fim b\u00f6lgesini korudu. Bu t\u00fcr bir ayr\u0131mc\u0131l\u0131k, politika reformlar\u0131n\u0131n yasa\u011f\u0131 kald\u0131rd\u0131\u011f\u0131 yirmi birinci y\u00fczy\u0131l\u0131n \u015fafa\u011f\u0131na kadar devam etti; 2001 y\u0131l\u0131na gelindi\u011finde motorlu ta\u015f\u0131t sahibi yerel sakinler, ge\u00e7idi ge\u00e7mekte ve Playa Pilar&#039;\u0131n kumlar\u0131nda yerlerini talep etmekte \u00f6zg\u00fcrd\u00fc. Adan\u0131n tenha bir inzivadan daha kapsay\u0131c\u0131 bir destinasyona d\u00f6n\u00fc\u015f\u00fcm\u00fc, K\u00fcba&#039;n\u0131n e\u011flence ve ekonomik a\u00e7\u0131l\u0131ma yakla\u015f\u0131m\u0131ndaki daha geni\u015f \u00e7apl\u0131 de\u011fi\u015fimlerin sembol\u00fc olmaya devam ediyor.<\/p>\n<p>Cayo Guillermo&#039;nun \u00fczerinde her \u015fafak vakti, g\u00fcnl\u00fck yolcular\u0131n sessiz bir balesine i\u015faret eder: Mor\u00f3n ve Ciego de \u00c1vila&#039;dan otel personelini ta\u015f\u0131yan otob\u00fcsler, motorlar\u0131n yumu\u015fak u\u011fultusu ve \u015fafak vakti ayd\u0131nlanm\u0131\u015f kahvalt\u0131 vaadiyle haber verilerek ge\u00e7itten ge\u00e7er. Genellikle yemye\u015fil ovalar ve tar\u0131msal i\u015fletmelerle karakterize edilen yak\u0131n kasabalardan gelen bu erkekler ve kad\u0131nlar, yerel canl\u0131l\u0131\u011f\u0131n alt ak\u0131nt\u0131s\u0131na katk\u0131da bulunurlar. Adan\u0131n on otel i\u015fletmesini korurlar - bunlar\u0131n aras\u0131nda Cayo Guillermo Resort Kempinski, Gran Muthu Imperial, Gran Muthu Rainbow Hotel, Grand Muthu Cayo Guillermo, Hotel Camino del Mar (eskiden Melia Cayo Guillermo), Hotel Vigia (bir zamanlar Sol Cayo Guillermo), Iberostar Daiquiri, Iberostar Selection Playa Pilar, Islazul Villa Gregorio ve Starfish Cayo Guillermo (eskiden Villa Cojimar) bulunur. Rutinleri, i\u015f programlar\u0131yla s\u0131n\u0131rl\u0131 olsa da, adan\u0131n anakara ritimlerine ba\u011fl\u0131 kalmas\u0131n\u0131 sa\u011flar.<\/p>\n<p>Bu kumlu cennete ula\u015f\u0131m hem hava hem de kara yoluyla kolayla\u015ft\u0131r\u0131lm\u0131\u015ft\u0131r. Aeropuerto Jardines del Rey (IATA: CCC; ICAO: MUCC), misafirleri k\u0131y\u0131 sulak alanlar\u0131n\u0131n d\u00fcz geni\u015fli\u011fi boyunca ta\u015f\u0131yan servislerin bulundu\u011fu, on kilometreden biraz daha uzak olan modern bir terminale inen tarifeli u\u00e7u\u015flar sunmaktad\u0131r. Turkuaz s\u0131\u011f sular boyunca uzanan bir ge\u00e7it, \u00f6nce adac\u0131\u011f\u0131 kom\u015fusu Cayo Coco ile birle\u015ftirir, ard\u0131ndan Cayo Guillermo&#039;da doru\u011fa ula\u015fan daha k\u0131sa bir alana ayr\u0131l\u0131r. Yolcular, yol boyunca mangrov k\u0131y\u0131lar\u0131n\u0131 ve tuzla beslenen g\u00f6letleri inceler, sakin y\u00fczeyleri yaln\u0131zca ara s\u0131ra s\u0131\u00e7rayan bir tarponun s\u0131\u00e7ramas\u0131 veya bir ibis kanad\u0131n\u0131n kaymas\u0131yla bozulur. Bu atardamar, aday\u0131 \u00fclkeye ba\u011flar ve eri\u015filebilirli\u011fi, deniz havas\u0131n\u0131n son perdesini soyman\u0131n do\u011furdu\u011fu bir beklenti duygusuyla birle\u015ftirir.<\/p>\n<p>Ad\u0131 kraliyet bah\u00e7elerini \u00e7a\u011fr\u0131\u015ft\u0131ran Jardines del Rey tak\u0131madalar\u0131, K\u00fcba&#039;n\u0131n en dinamik \u015fekilde geli\u015fen turizm s\u0131n\u0131rlar\u0131 aras\u0131nda yer al\u0131yor ve ana plan\u0131 birden fazla anahtarda yirmi binden fazla oday\u0131 hedefliyor. B\u00f6lge halihaz\u0131rda \u00f6zel yatlara ve dal\u0131\u015f gezilerine ev sahipli\u011fi yapan deniz \u00fcslerine, kruvaziyer tekneleri i\u00e7in modern liman tesislerine ve kom\u015fu adalardaki korunan rezervler i\u00e7inde eko-turizm giri\u015fimlerine ev sahipli\u011fi yap\u0131yor. Uzun vadeli projeksiyonlar, k\u0131y\u0131 ormanlar\u0131 boyunca geni\u015fletilmi\u015f patika a\u011flar\u0131, ku\u015f g\u00f6zlemcili\u011fi i\u00e7in g\u00f6zlem kuleleri ve endemik bitki ve hayvanlar\u0131 sergileyen yorumlay\u0131c\u0131 merkezler \u00f6ng\u00f6r\u00fcyor. Bu geli\u015fimsel itici g\u00fcc\u00fcn alt\u0131nda dikkatli bir h\u0131rs yat\u0131yor: iddial\u0131 altyap\u0131y\u0131, adan\u0131n ilk ziyaret\u00e7ilerinin bal\u0131k ve yakacak odun aray\u0131\u015f\u0131na ayak bast\u0131\u011f\u0131 zamandan beri \u00e7ok az de\u011fi\u015fen manzaralar\u0131n korunmas\u0131yla dengelemek.<\/p>\n<p>\u0130ncecik iki \u015feritli bir yol, k\u00f6kenini Ciego de \u00c1vila Eyaletinin kuzeyindeki Turiguan\u00f3&#039;ya dayand\u0131r\u0131yor. Par\u0131ldayan lag\u00fcnleriyle \u00fcnl\u00fc bir b\u00f6lge olan bu b\u00f6lge, b\u00f6lgenin k\u0131rsal manzaralar\u0131na de\u011fer veren bal\u0131k\u00e7\u0131lar aras\u0131nda alabal\u0131k avc\u0131l\u0131\u011f\u0131n\u0131n bir k\u00fclt haline geldi\u011fi bir yer. Ana kara kenar\u0131ndan, kald\u0131r\u0131m denize do\u011fru uzan\u0131yor, gelgit d\u00fczl\u00fckleri ve tuz tavalar\u0131 aras\u0131ndan ge\u00e7ip kanal\u0131n \u00fczerindeki ge\u00e7idin al\u00e7ak kemerine ula\u015fmadan \u00f6nce t\u0131rman\u0131yor. Bu koridor boyunca, hindistancevizi a\u011fa\u00e7lar\u0131 beyaz kumlu plajlar\u0131n g\u00f6r\u00fcnt\u00fclerini \u00e7er\u00e7eveliyor; \u00f6tesinde, okyanus k\u0131y\u0131dan hemen a\u00e7\u0131kta bulunan resiflerin \u00fczerine k\u00f6p\u00fcren danteller d\u00f6k\u00fcyor. Yolculuk, g\u00f6zleri de\u011fi\u015fen manzaralara y\u00f6neltiyor: bir an, su ku\u015flar\u0131yla dolu sazl\u0131klarla \u00e7evrili sulak alanlar; bir sonraki an, mercan s\u0131rtlar\u0131yla katlanm\u0131\u015f, par\u0131ldayan suyun a\u00e7\u0131k bir alan\u0131.<\/p>\n<p>\u00d6l\u00e7ek olarak k\u00fc\u00e7\u00fck olsa da, ada, samimi butik pansiyonlardan geni\u015f, her \u015fey dahil komplekslere kadar her tercihe hitap edecek \u015fekilde tasarlanm\u0131\u015f bir dizi otel olana\u011f\u0131na sahiptir. Yapay g\u00f6ller g\u00f6ky\u00fcz\u00fcn\u00fcn tonunu yans\u0131t\u0131r, sakin y\u00fczeyleri su jetleri veya yemye\u015fil adac\u0131klar aras\u0131nda kayan ara s\u0131ra \u00f6rdeklerle k\u0131r\u0131l\u0131r. Baz\u0131lar\u0131 swim-up barlarla \u00e7evrili, di\u011ferleri palmiye korular\u0131yla \u00e7evrili y\u00fczme havuzlar\u0131, g\u00fcne\u015fin amans\u0131z bak\u0131\u015flar\u0131 alt\u0131nda ferahl\u0131k sunar. G\u00fcn boyu s\u00fcren programlar, a\u00e7\u0131k hava teraslar\u0131nda dans derslerinden denize bakan g\u00fcn bat\u0131m\u0131 yoga seanslar\u0131na kadar uzan\u0131r; geceleri, gitar veya vurmal\u0131 \u00e7alg\u0131lar\u0131n t\u0131n\u0131lar\u0131 \u0131l\u0131k esintiyle ta\u015f\u0131n\u0131r ve s\u00fcslenmi\u015f kanopilerin alt\u0131nda canl\u0131 m\u00fczik \u00e7al\u0131n\u0131r. T\u00fcm bu \u00f6zellikler, insan elleriyle hafif\u00e7e dokunulmu\u015f bir manzaraya kusursuz bir \u015fekilde entegre olur, b\u00f6ylece en ayr\u0131nt\u0131l\u0131 tatil yeri bile\u015fenleri bile de\u011fi\u015fmez bir tropikal \u00e7er\u00e7eve i\u00e7inde katlanm\u0131\u015f gibi g\u00f6r\u00fcn\u00fcr.<\/p>\n<p>Cayo Guillermo&#039;daki k\u0131y\u0131 \u015feritleri, kum, r\u00fczgar ve suyun etkile\u015fimiyle tan\u0131mlan\u0131r. Adan\u0131n yama\u00e7lar\u0131 boyunca be\u015f kilometrelik plajlar uzan\u0131r, ancak hi\u00e7biri en bat\u0131 ucundaki Playa Pilar kadar sayg\u0131 uyand\u0131rmaz. Burada, kumullar on alt\u0131 metreye ula\u015fan y\u00fcksekliklerde zirve yapar, dik yama\u00e7lar\u0131 alize r\u00fczgarlar\u0131 taraf\u0131ndan fildi\u015fi kumundan olu\u015fan dalgal\u0131 teraslara d\u00f6n\u00fc\u015ft\u00fcr\u00fcl\u00fcr. Bu do\u011fal surlar ile su kenar\u0131 aras\u0131nda dar bir koridor uzan\u0131r, burada Atlantik soluk turkuazdan kobalta kadar uzanan bir spektrumda kendini a\u00e7\u0131\u011fa \u00e7\u0131kar\u0131r. G\u00fcn do\u011fumunda \u0131\u015f\u0131k kumdaki dalgalanmalar\u0131n \u00fczerinden ge\u00e7erek her bir kumulun e\u011frili\u011fini izleyen filigran g\u00f6lgeler olu\u015fturur; daha sonra, \u00f6\u011fle vakti par\u0131lt\u0131s\u0131 alt\u0131nda k\u0131y\u0131 d\u00f6v\u00fclm\u00fc\u015f bir g\u00fcm\u00fc\u015f levha gibi parlar.<\/p>\n<p>Playa Pilar&#039;\u0131n \u00fcn\u00fc yaln\u0131zca yontulmu\u015f konturlar\u0131na de\u011fil, ayn\u0131 zamanda yak\u0131nlardaki mercan olu\u015fumlar\u0131 aras\u0131nda hayatla titre\u015fen sular\u0131n\u0131n kristal berrakl\u0131\u011f\u0131na da dayan\u0131r. K\u0131y\u0131 resifleri, plaja s\u0131\u011f bir mesafede uzan\u0131r ve mercan ba\u015flar\u0131 su alt\u0131 katedralleri gibi dizilmi\u015ftir. \u015enorkelli y\u00fcz\u00fcc\u00fcler bu geni\u015fli\u011fin \u00fczerinde s\u00fcz\u00fcl\u00fcr, kaya b\u00fcy\u00fckl\u00fc\u011f\u00fcndeki mercanlar\u0131n aras\u0131nda h\u0131zla ilerleyen papa\u011fan bal\u0131klar\u0131na ve \u00e7izgilerini yelpazeleyen ba\u015f\u00e7avu\u015f s\u00fcr\u00fclerine bakarlar. Sular \u00e7ekildi\u011finde ortaya \u00e7\u0131kan gelgit havuzlar\u0131, g\u00fcne\u015fte kavrulmu\u015f kayaya tutunan deniz y\u0131ld\u0131zlar\u0131n\u0131 ortaya \u00e7\u0131kar\u0131r; s\u00f6rf \u00e7ekildi\u011finde, geride karideslerin ve gen\u00e7 kabuklular\u0131n ka\u00e7t\u0131\u011f\u0131 minik ma\u011faralar b\u0131rak\u0131r. Deniz alemiyle b\u00f6ylesine samimi kar\u015f\u0131la\u015fmalar, adan\u0131n hem rafine bir inziva hem de do\u011fal bir s\u0131\u011f\u0131nak olarak ikili kimli\u011fini vurgular.<\/p>\n<p>Cayo Guillermo&#039;nun deniz alt\u0131 alemi, sakin g\u00fcnlerde yirmi metrenin \u00f6tesine uzanan g\u00f6r\u00fc\u015f mesafesi sunarak geni\u015f bir akvaryumla kar\u015f\u0131la\u015ft\u0131r\u0131lmay\u0131 hak ediyor. Ge\u00e7idin yak\u0131n\u0131nda bulunan dal\u0131\u015f merkezleri, gorgonianlar\u0131n ve deniz yelpazelerinin ak\u0131nt\u0131yla salland\u0131\u011f\u0131 d\u00fc\u015f\u00fc\u015f duvarlar\u0131na rehberli geziler sa\u011flarken, ileri seviye dal\u0131\u015flar, grup ve mercan bal\u0131klar\u0131n\u0131n yank\u0131land\u0131\u011f\u0131 daha derin zirveleri ke\u015ffeder. Acemiler i\u00e7in e\u011fitim kurslar\u0131, k\u0131r\u0131lgan resif yap\u0131lar\u0131 \u00fczerinde kald\u0131rma kuvveti kontrol\u00fcn\u00fc vurgulayarak, su alt\u0131 ke\u015ffine yeni ba\u015flayanlar aras\u0131nda bir y\u00f6neticilik k\u00fclt\u00fcr\u00fc te\u015fvik eder. Gece dal\u0131\u015flar\u0131 alternatif bir evreni ortaya \u00e7\u0131kar\u0131r: \u0131stakozlar \u00e7atlaklardan \u00e7\u0131kar, ahtapotlar av aramak i\u00e7in dola\u015f\u0131r ve biyol\u00fcminesans planktonlar bir me\u015fale \u0131\u015f\u0131\u011f\u0131nda y\u0131ld\u0131z patlamalar\u0131 gibi u\u00e7u\u015fur. Y\u00fczeyin alt\u0131ndaki her an, ada, g\u00fcne\u015f \u0131\u015f\u0131\u011f\u0131yla ayd\u0131nlanan dalgalar\u0131n dans etti\u011fi kadar canl\u0131 bir y\u00f6n\u00fc ortaya \u00e7\u0131kar\u0131r.<\/p>\n<p>Adan\u0131n k\u00fclt\u00fcrel yank\u0131s\u0131 do\u011fal zenginliklerinin \u00f6tesine uzan\u0131r ve Ernest Hemingway&#039;in son d\u00f6nem gezginli\u011finin izlerini ta\u015f\u0131r. Playa Pilar, ad\u0131n\u0131 yazar\u0131n y\u00f6netti\u011fi ve son roman\u0131 Islands in the Stream&#039;in doruk noktas\u0131 olan sahnelerini tam da bu adan\u0131n sular\u0131na ta\u015f\u0131yan kabinli kruvaz\u00f6rden al\u0131r. Ziyaret\u00e7iler, yazar\u0131n miras\u0131n\u0131n yank\u0131s\u0131 gibi uzay\u0131p giden ticaret r\u00fczgarlar\u0131n\u0131n palmiyeleri hareketlendirdi\u011fi, kahraman\u0131n\u0131n kay\u0131p ve kurtulu\u015fla y\u00fczle\u015fti\u011fi ayn\u0131 kumlar\u0131n \u00fczerinde durabilirler. Bu t\u00fcr edebi ba\u011flar, ki\u015finin yer takdirini derinle\u015ftirir ve insan anlat\u0131s\u0131 ile temel co\u011frafyan\u0131n etkile\u015fimi \u00fczerine d\u00fc\u015f\u00fcnmeye davet eder. Yazar ile \u00e7evre aras\u0131ndaki bu alanda, tarih elle tutulur bir varl\u0131k kazan\u0131r; sahildeki her ad\u0131m, hikayeli bir ge\u00e7mi\u015fe ince bir sayg\u0131 duru\u015fudur.<\/p>\n<p>K\u00f6m\u00fcr dumanl\u0131 kul\u00fcbelerden ve katranla \u0131slanm\u0131\u015f a\u011flardan modern otellere ve cilal\u0131 dal\u0131\u015f gemilerine kadar \u00f6l\u00e7\u00fcl\u00fc ilerlemede Cayo Guillermo, yaln\u0131zl\u0131ktan ve tuzlu havadan do\u011fan bir \u00f6z\u00fc korumu\u015ftur. Turistler bo\u015f zaman aray\u0131\u015f\u0131yla gelirler - verandalarda bacaklar\u0131n\u0131 uzatarak dinlenmek, sazdan daml\u0131 palapalar\u0131n alt\u0131nda tropikal kokteyller - ancak g\u00fcne\u015ften \u00f6p\u00fclm\u00fc\u015f bir tenden daha fazlas\u0131yla ayr\u0131l\u0131rlar. Yanlar\u0131nda g\u00f6ky\u00fcz\u00fcne do\u011fru y\u00fckselen kumullar\u0131n izlenimlerini, alacakaranl\u0131ktaki dalgalar\u0131n k\u0131s\u0131k k\u00fckremesini ve denizin kendisi kadar zamans\u0131z bir deniz d\u00fcnyas\u0131yla sessiz bir birliktelik anlar\u0131n\u0131 g\u00f6t\u00fcr\u00fcrler. \u00c7evresel safl\u0131\u011f\u0131n ve \u00f6zenle haz\u0131rlanm\u0131\u015f misafirperverli\u011fin bu birle\u015fiminde, ada en derin niteli\u011fini ortaya koyar: hem yak\u0131n hem de tarifsiz bir \u015fekilde a\u015fk\u0131n bir co\u011frafyada ya\u015famaya davet.<\/p>\n<p>B\u00f6ylece Cayo Guillermo, yirmi birinci y\u00fczy\u0131l turizminin taleplerinin ekolojik incelikle bir arada var oldu\u011fu nazik d\u00f6n\u00fc\u015f\u00fcm sanat\u0131n\u0131n bir kan\u0131t\u0131 olarak varl\u0131\u011f\u0131n\u0131 s\u00fcrd\u00fcr\u00fcyor. Mercan ve kumda bir \u015fiir gibi duruyor, r\u00fczgarlar ve gelgitlerle yaz\u0131lm\u0131\u015f, k\u0131y\u0131lar\u0131na kendi dizelerini yazacak her yeni gezginin ayak izlerini bekliyor.<\/p>","protected":false},"excerpt":{"rendered":"<p>Cayo Guillermo, K\u00fcba&#039;n\u0131n kuzey k\u0131y\u0131s\u0131nda bulunan Jardines del Rey tak\u0131madalar\u0131 i\u00e7inde \u00f6nemli bir adad\u0131r. Bu g\u00fczel ada, Atlas Okyanusu ile K\u00f6pekler K\u00f6rfezi (Bahia de Perros) aras\u0131nda yer almaktad\u0131r. Ciego de \u00c1vila Eyaleti&#039;nde bulunan Cayo Guillermo, \u00f6nemli do\u011fal g\u00fczelli\u011fi ve k\u00fclt\u00fcrel \u00f6nemiyle bilinen bir b\u00f6lge olan Mor\u00f3n belediyesinin yetki alan\u0131na girmektedir.<\/p>","protected":false},"author":1,"featured_media":4644,"parent":9209,"menu_order":0,"comment_status":"closed","ping_status":"closed","template":"elementor_theme","meta":{"_eb_attr":"","footnotes":""},"class_list":["post-9270","page","type-page","status-publish","has-post-thumbnail"],"_links":{"self":[{"href":"https:\/\/travelshelper.com\/tr\/wp-json\/wp\/v2\/pages\/9270","targetHints":{"allow":["GET"]}}],"collection":[{"href":"https:\/\/travelshelper.com\/tr\/wp-json\/wp\/v2\/pages"}],"about":[{"href":"https:\/\/travelshelper.com\/tr\/wp-json\/wp\/v2\/types\/page"}],"author":[{"embeddable":true,"href":"https:\/\/travelshelper.com\/tr\/wp-json\/wp\/v2\/users\/1"}],"replies":[{"embeddable":true,"href":"https:\/\/travelshelper.com\/tr\/wp-json\/wp\/v2\/comments?post=9270"}],"version-history":[{"count":0,"href":"https:\/\/travelshelper.com\/tr\/wp-json\/wp\/v2\/pages\/9270\/revisions"}],"up":[{"embeddable":true,"href":"https:\/\/travelshelper.com\/tr\/wp-json\/wp\/v2\/pages\/9209"}],"wp:featuredmedia":[{"embeddable":true,"href":"https:\/\/travelshelper.com\/tr\/wp-json\/wp\/v2\/media\/4644"}],"wp:attachment":[{"href":"https:\/\/travelshelper.com\/tr\/wp-json\/wp\/v2\/media?parent=9270"}],"curies":[{"name":"wp","href":"https:\/\/api.w.org\/{rel}","templated":true}]}}