{"id":9251,"date":"2024-09-07T19:45:12","date_gmt":"2024-09-07T19:45:12","guid":{"rendered":"https:\/\/travelshelper.com\/staging\/?page_id=9251"},"modified":"2026-03-13T15:26:03","modified_gmt":"2026-03-13T15:26:03","slug":"santiago-de-cuba","status":"publish","type":"page","link":"https:\/\/travelshelper.com\/tr\/destinations\/north-america\/cuba\/santiago-de-cuba\/","title":{"rendered":"Santiago de Cuba"},"content":{"rendered":"<p>Santiago de Cuba, hem \u00f6l\u00e7ek hem de \u00f6nem a\u00e7\u0131s\u0131ndan K\u00fcba&#039;n\u0131n ikinci \u015fehri olarak \u00f6ne \u00e7\u0131k\u0131yor, belediye s\u0131n\u0131rlar\u0131 1.023,8 kilometrekareden fazla ve yar\u0131m milyondan fazla sakini kaps\u0131yor. Havana&#039;n\u0131n yakla\u015f\u0131k 870 kilometre g\u00fcneydo\u011fusunda, Karayip Denizi&#039;ne a\u00e7\u0131lan geni\u015f bir koyda yer alan Santiago de Cuba Eyaletinin ba\u015fkenti olarak hizmet veriyor. 507.167 ki\u015filik n\u00fcfusu, ona hem tarihi hem de dinamik bir kentsel canl\u0131l\u0131k kazand\u0131r\u0131yor. Adan\u0131n ba\u015fl\u0131ca do\u011fu liman\u0131 olmaya devam ediyor. \u015eehrin karma\u015f\u0131k arazisi Sierra Maestra&#039;dan k\u0131y\u0131 sokaklar\u0131na do\u011fru iniyor.<\/p>\n<p>25 Temmuz 1515&#039;te kurulan Santiago de Cuba, Diego Vel\u00e1zquez de Cu\u00e9llar taraf\u0131ndan kurulan yedinci yerle\u015fim yeri oldu. Bir y\u0131l i\u00e7inde \u00e7\u0131kan yang\u0131n, ah\u015fap k\u00f6y\u00fcn\u00fc k\u00fcle \u00e7evirdi, ancak yeniden in\u015fa hemen ba\u015flad\u0131 ve y\u00fczy\u0131llar boyunca karakterini tan\u0131mlayacak bir dayan\u0131kl\u0131l\u0131k kazand\u0131rd\u0131. Bu yeni karakoldan, Juan de Grijalba ve Hern\u00e1n Cort\u00e9s&#039;in bayraklar\u0131 alt\u0131nda Meksika k\u0131y\u0131lar\u0131na do\u011fru seferler ba\u015flad\u0131 ve 1538&#039;de Hernando de Soto, Florida&#039;ya bir ke\u015fif gezisi d\u00fczenledi. 1528&#039;de \u015fehir, geli\u015fen s\u00f6m\u00fcrge stat\u00fcs\u00fcn\u00fcn dini vasiyeti olan ilk katedraline sahipti. 1522 ile 1589 aras\u0131nda, Havana&#039;n\u0131n y\u00fckseli\u015fine boyun e\u011fen ancak kentsel morfolojisinde silinmez bir iz b\u0131rakan bir stat\u00fc olan K\u00fcba&#039;n\u0131n \u0130spanyol kolonisinin ba\u015fkenti unvan\u0131n\u0131 elinde tuttu.<\/p>\n<p>Santiago de Cuba&#039;n\u0131n a\u00e7\u0131ld\u0131\u011f\u0131 koy, onu Avrupa donanmalar\u0131 i\u00e7in g\u00f6zde bir \u00f6d\u00fcl haline getirmi\u015ftir. Frans\u0131z korsanlar, kurulu\u015fundan sadece \u00fc\u00e7 nesil sonra, 1553&#039;te depolar\u0131n\u0131 ya\u011fmalam\u0131\u015f ve \u0130ngiliz ya\u011fmac\u0131lar 1603&#039;te sald\u0131r\u0131y\u0131 tekrarlam\u0131\u015ft\u0131r. Christopher Myngs&#039;in 1662&#039;deki sald\u0131r\u0131s\u0131 daha fazla y\u0131k\u0131ma yol a\u00e7m\u0131\u015f, ancak her bask\u0131n \u015fehrin yenilenme kapasitesine tan\u0131kl\u0131k etmi\u015ftir. Zamanla, h\u0131rpalanm\u0131\u015f surlar yerini m\u00fcstahkem kalelere b\u0131rakm\u0131\u015ft\u0131r. R\u00f6nesans askeri tasar\u0131m\u0131ndan esinlenen g\u00f6rkemli Castillo de San Pedro de la Roca, t\u00fcr\u00fcn\u00fcn en eksiksiz \u0130spanyol-Amerikan kalesi olarak varl\u0131\u011f\u0131n\u0131 s\u00fcrd\u00fcrmektedir ve \u015fimdi UNESCO D\u00fcnya Miras\u0131 Alan\u0131 olarak parlamaktad\u0131r.<\/p>\n<p>Santiago&#039;nun n\u00fcfusunun konturlar\u0131 on sekizinci y\u00fczy\u0131l\u0131n sonlar\u0131nda ve on dokuzuncu y\u00fczy\u0131l\u0131n ba\u015flar\u0131nda belirgin \u015fekilde de\u011fi\u015fti. Saint-Domingue&#039;den gelen g\u00f6\u00e7men dalgalar\u0131 -etnik Frans\u0131zlar, \u00f6zg\u00fcr renkli insanlar ve \u00f6zg\u00fcr b\u0131rak\u0131lm\u0131\u015f Afrikal\u0131 erkekler- Haiti&#039;deki s\u00f6m\u00fcrge ayaklanmas\u0131n\u0131n sonuca ula\u015fmas\u0131yla 1803&#039;te adaya geldi. K\u00fcba o zamanlar k\u00f6lelik ba\u011flar\u0131n\u0131 s\u00fcrd\u00fcrse de, geli\u015fen s\u00f6m\u00fcrge politikas\u0131 yaln\u0131zca beyaz m\u00fcltecilere, renkli kad\u0131nlara, \u00e7ocuklara ve sad\u0131k hizmetkarlara karaya \u00e7\u0131kma izni verdi ve renkli erkekleri on \u00fc\u00e7 y\u0131ldan fazla s\u00fcre a\u00e7\u0131k denizde g\u00f6zalt\u0131na ald\u0131 ve derhal s\u0131n\u0131r d\u0131\u015f\u0131 etti. Baz\u0131 Frans\u0131z askerleri Charleston veya New Orleans&#039;a \u00e7ekildi, ancak kalanlar Santiago&#039;nun k\u00fclt\u00fcrel dokusunu zenginle\u015ftirerek \u0130ber, Afrika ve Frans\u0131z ak\u0131mlar\u0131n\u0131 eklektik bir b\u00fct\u00fcn halinde birle\u015ftirdi.<\/p>\n<p>Napolyon&#039;un kuvvetleri 1809&#039;da Pireneleri ge\u00e7tikten sonra, bir ferman Frans\u0131z vatanda\u015flar\u0131n\u0131 K\u00fcba&#039;dan kovdu ve bir\u00e7o\u011funu sanatsal ve mutfak geleneklerinin yerel adetlerle i\u00e7 i\u00e7e ge\u00e7ti\u011fi New Orleans&#039;a g\u00f6nderdi. Yine de, Santiago de Cuba&#039;da o k\u0131sa m\u00fclteci d\u00f6neminin miras\u0131 kreol leh\u00e7elerinde, mimari geli\u015fmelerde ve hem Afrika ritimleri hem de Galya nakaratlar\u0131yla yank\u0131lanan m\u00fczik formlar\u0131n\u0131n benimsenmesinde varl\u0131\u011f\u0131n\u0131 s\u00fcrd\u00fcrd\u00fc. Yeniden k\u00f6leli\u011fe zorlanan \u00e7ocuklar ve kad\u0131nlar i\u00e7in, \u00f6zg\u00fcrl\u00fc\u011f\u00fcn hat\u0131ras\u0131 gizli toplant\u0131larda ve daha sonra \u015fehrin \u015fark\u0131 ve dansla belirgin sevincini besleyecek olan bast\u0131r\u0131lm\u0131\u015f rit\u00fcellerde devam etti.<\/p>\n<p>\u0130spanyol-Amerikan Sava\u015f\u0131&#039;nda Santiago ku\u015fatmas\u0131, 1 Temmuz 1898&#039;de San Juan Tepesi&#039;nde Birle\u015fik Devletler g\u00fc\u00e7lerinin \u0130spanyol taburlar\u0131n\u0131 bozguna u\u011fratt\u0131\u011f\u0131 bir ba\u015fka d\u00f6n\u00fc\u015ft\u00fcr\u00fcc\u00fc b\u00f6l\u00fcm\u00fc i\u015faret etti. General William Rufus Shafter&#039;\u0131n ku\u015fatmas\u0131 \u015fehri tuza\u011fa d\u00fc\u015f\u00fcr\u00fcrken, Amiral William T. Sampson iki g\u00fcn sonra limanda \u0130spanyol Atlantik filosunu parampar\u00e7a etti. K\u00fcba \u00f6zg\u00fcrl\u00fc\u011f\u00fcn\u00fc ilan etmi\u015f olsa da, Amerikan birlikleri birka\u00e7 y\u0131l orada kald\u0131 ve uzun s\u00fcreli varl\u0131klar\u0131 \u015feker ekonomisinin devaml\u0131l\u0131\u011f\u0131n\u0131 sa\u011flad\u0131. Top ate\u015finin yank\u0131lar\u0131 kayboldu, ancak K\u00fcba egemenli\u011finin yap\u0131s\u0131 yeni emperyal h\u0131rslar\u0131n alt\u0131nda yeniden \u015fekillendi.<\/p>\n<p>Santa Ifigenia Mezarl\u0131\u011f\u0131, yaz\u0131lar\u0131 ba\u011f\u0131ms\u0131z bir cumhuriyet hayalini kristalle\u015ftiren \u015fair ve vatansever Jos\u00e9 Mart\u00ed&#039;ye sonsuz huzur bah\u015feder. Ta\u015f ve mermerden sade bir an\u0131t olan mozolesi, adaletle ba\u011fl\u0131 bir ulus vizyonuna sayg\u0131 duyan hac\u0131lar\u0131 kendine \u00e7eker. Yak\u0131nlarda, kentsel h\u00fccreleri gen\u00e7 K\u00fcbal\u0131lar\u0131 Batista rejimine kar\u015f\u0131 harekete ge\u00e7iren Santiago&#039;lu gizli lider Frank Pa\u00eds&#039;in k\u00fclleri yatmaktad\u0131r. Fidel Castro&#039;nun isyanc\u0131 \u00e7etesi 26 Temmuz 1953&#039;te Moncada K\u0131\u015flas\u0131&#039;na sald\u0131rd\u0131\u011f\u0131nda, Pa\u00eds sempati duyan \u00f6\u011frencileri ve i\u015f\u00e7ileri bir araya getirerek yeralt\u0131 haber b\u00fcltenlerini ve silah depolar\u0131n\u0131 belirleyici olacak bir direni\u015fe d\u00f6n\u00fc\u015ft\u00fcrd\u00fc. 1957&#039;de ihanete u\u011fray\u0131p katledilen Mart\u00ed&#039;nin yan\u0131na defnedilmesi, \u015fehrin devrimin potas\u0131 rol\u00fcn\u00fc vurgulayan bir \u015fehit oldu.<\/p>\n<p>1 Ocak 1959&#039;un \u015fafa\u011f\u0131nda Castro, Santiago belediye binas\u0131n\u0131n balkonundan zaferini ilan etti, sesi barikatlar ve entrikalar ta\u015f\u0131yan sokaklarda yank\u0131land\u0131. Teatro Heredia, k\u00fclt\u00fcrel bir d\u00f6n\u00fcm noktas\u0131 olarak duruyor, cephesi Oriente eyaletindeki gerilla komutanl\u0131\u011f\u0131 ayaklanmada etkili olan Juan Almeida Bosque&#039;nin bir duvar portresiyle s\u00fcslenmi\u015f. Tiyatro, her sezon Santiago&#039;nun K\u00fcba&#039;n\u0131n sanatsal kalbi kimli\u011fini yeniden teyit ederek dramatik ve m\u00fczikal performanslar sergilemeye devam ediyor.<\/p>\n<p>A\u015fk\u0131n dizelerin i\u00e7 sava\u015f \u00f6ncesi \u015fairi Jos\u00e9 Mar\u00eda Heredia&#039;n\u0131n ruhlar\u0131 \u015fehrin lirik ruhu \u00fczerinde dola\u015f\u0131yor. Tropikal g\u00fcne\u015fler alt\u0131nda do\u011fan, \u00f6zg\u00fcrl\u00fc\u011fe yazd\u0131\u011f\u0131 ilk \u00f6vg\u00fcler Mart\u00ed&#039;nin kendi \u00f6zg\u00fcrl\u00fck diyalekti\u011fini \u00f6nceden haber veriyordu. Ayn\u0131 ad\u0131 ta\u015f\u0131yan Teatro Heredia bu soyu an\u0131yor, sahnesi Santiago&#039;nun y\u00fczy\u0131llard\u0131r s\u00fcregelen anlat\u0131s\u0131ndan yararlanan yeni sesler i\u00e7in bir platform.<\/p>\n<p>Facundo Bacardi Masso, 1862&#039;de romla \u00f6zde\u015fle\u015fecek markay\u0131 burada, \u015fehrin iskelesinde kurdu. Orijinal dam\u0131t\u0131mevi art\u0131k bir m\u00fczeye ev sahipli\u011fi yap\u0131yor ve ziyaret\u00e7iler burada ailenin sanat koleksiyonuyla kar\u015f\u0131la\u015f\u0131yor ve Bacardi&#039;nin k\u00fc\u00e7\u00fck \u00f6l\u00e7ekli zanaatkarl\u0131ktan k\u00fcresel i\u015fletmeye d\u00f6n\u00fc\u015f\u00fcm\u00fcn\u00fc izliyor. Kristal s\u00fcrahiler ve bak\u0131r imbikler, Santiago&#039;nun k\u00fclt\u00fcrel ekonomisine \u00f6zg\u00fc bir i\u00e7ki ve zarafet ikilisi olan tuvaller ve heykellerin aras\u0131nda duruyor.<\/p>\n<p>M\u00fczik, Santiago sokaklar\u0131nda hayat damar\u0131 olarak akar. Compay Segundo, Ibrahim Ferrer, Eliades Ochoa ve \u00d1ico Saquito&#039;ya ev sahipli\u011fi yapan bu yer, salsan\u0131n do\u011fdu\u011fu t\u00fcr olan d\u00fcnyaya bir o\u011ful miras b\u0131rakt\u0131. Conga davullar\u0131 ve trompeta \u00e7inileri\u2014pentatonik pirin\u00e7 sesi\u2014her Temmuz Karnaval\u0131 duyurur ve toplu kutlamay\u0131 zorlayan ritimlerle Lent&#039;ten \u00f6nce gelir. Castro, Karnaval\u0131n \u015fenli\u011fi s\u0131ras\u0131nda Moncada ile y\u00fczle\u015fmek i\u00e7in \u015fehir kap\u0131lar\u0131ndan i\u00e7eri s\u00fcz\u00fcl\u00fcrken davullar yakla\u015f\u0131m\u0131n\u0131 maskeliyordu. \u015eehrin karnaval gelene\u011fi b\u00f6ylece \u015fenli\u011fi devrimle, haf\u0131zay\u0131 kalp at\u0131\u015f\u0131yla i\u00e7 i\u00e7e ge\u00e7iriyor.<\/p>\n<p>Santer\u00eda, Yoruba tanr\u0131lar\u0131n\u0131n begonvil asmalar\u0131n\u0131n alt\u0131ndaki tap\u0131naklarda dua edildi\u011fi Santiago&#039;da g\u00fc\u00e7l\u00fc bir takip\u00e7i kitlesi bulur. Haiti miras\u0131n\u0131n izleri olan Vod\u00fan ayinleri, Bat\u0131 Afrika ve Katolik ikonografisini harmanlayan senkretik t\u00f6renlerde varl\u0131\u011f\u0131n\u0131 s\u00fcrd\u00fcr\u00fcr. M\u00fctevaz\u0131 avlularda, adanm\u0131\u015flar Oricha&#039;ya \u00e7i\u00e7ekler ve \u015fekerlenmi\u015f meyveler sunar, dualar\u0131 f\u0131s\u0131ldanan s\u0131rlar gibi h\u0131\u015f\u0131rdayan palmiyeler taraf\u0131ndan yukar\u0131 ta\u015f\u0131n\u0131r. Buradaki dini yap\u0131, s\u00f6m\u00fcrge katmanlar\u0131ndan ve g\u00f6\u00e7men ak\u0131n\u0131ndan do\u011fan bir ho\u015fg\u00f6r\u00fc olan \u00e7oklu\u011fu kabul eder.<\/p>\n<p>\u015eehrin mimarisi bir d\u00f6nemler galerisi sunar: Dar sokaklar\u0131 \u00e7er\u00e7eveleyen barok kiliseler, g\u00f6lgeli meydanlar\u0131 koruyan neoklasik revaklar ve d\u00f6vme demir balkonlarla vurgulanan pastel cepheler. Dik yama\u00e7larda titreyen bu balkonlar, pi\u015fmi\u015f toprak \u00e7at\u0131lar\u0131n ve ormanl\u0131k tepelerin manzaras\u0131n\u0131 sunar; in\u015fa edilmi\u015f form ve Sierra Maestra&#039;n\u0131n ye\u015filli\u011finin bir etkile\u015fimi. S\u0131n\u0131rlar\u0131 i\u00e7inde \u0130spanya&#039;n\u0131n Amerika&#039;daki en eski yap\u0131lar\u0131n\u0131n kal\u0131nt\u0131lar\u0131 yer al\u0131r: K\u00fcba&#039;daki ilk katedral ve Yeni D\u00fcnya&#039;da ilk bak\u0131r\u0131n \u00e7\u0131kar\u0131ld\u0131\u011f\u0131 El Cobre&#039;deki maden sahas\u0131.<\/p>\n<p>Bir otoyol \u015feridi\u2014Carretera Central\u2014\u015fehir ana arterlerinden ge\u00e7er ve yak\u0131nda Havana&#039;y\u0131 A1 otoyolunun g\u00fcney k\u0131sm\u0131 \u00fczerinden Santiago&#039;ya ba\u011flayacakt\u0131r. \u0130syanc\u0131 generalin ad\u0131n\u0131 ta\u015f\u0131yan Antonio Maceo Havaalan\u0131, Kuzey Amerika ve Karayipler&#039;e hizmet veren ta\u015f\u0131y\u0131c\u0131lar\u0131n yan\u0131 s\u0131ra Havana&#039;dan Port-au-Prince ve Santo Domingo&#039;ya u\u00e7u\u015flar\u0131 birbirine ba\u011flar. Kentsel b\u00f6lgelerde, Metrobus yolcular\u0131 yirmi kilometreden uzun olmayan rotalar boyunca ta\u015f\u0131rken, Omnibus Metropolitanos k\u0131rk kilometre uzakl\u0131ktaki uydu kasabalara hizmet verir.<\/p>\n<p>Ferrocarriles de Cuba&#039;n\u0131n raylar\u0131, liman\u0131n biti\u015fi\u011finde 1997&#039;de tamamlanan modern bir yeniden yap\u0131lanma olan General Sen\u00e9n Casas istasyonunda birle\u015fiyor. Buradan trenler aday\u0131 ge\u00e7erek Havana&#039;n\u0131n Merkez Tren \u0130stasyonu&#039;na do\u011fru gidiyor, \u00e7elik tekerlekleri yemye\u015fil illerde hem kargo hem de beklenti ta\u015f\u0131yor. ASTRO \u015fehirleraras\u0131 otob\u00fcsleri bu a\u011f\u0131 tamaml\u0131yor ve otoyollar\u0131 planl\u0131 seferlerle birbirine ba\u011fl\u0131yor.<\/p>\n<p>1987&#039;de UNESCO Biyosfer Rezervi olarak belirlenen Baconao Park\u0131, \u015fehrin do\u011fusunda k\u0131y\u0131 lag\u00fcnleri, tropikal orman ve da\u011fl\u0131k arazinin bir mozai\u011fi olarak uzan\u0131yor. Koruluklar\u0131nda ve bah\u00e7elerinde, yerel ku\u015f sesleri \u015fafa\u011f\u0131 m\u00fcjdelerken, tatl\u0131 su kaynaklar\u0131 kadim bir \u0131srarla \u00e7a\u011f\u0131ld\u0131yor. Park\u0131n yaz\u0131t\u0131, insan faaliyeti ve do\u011fal sistemler aras\u0131ndaki dengeyi kabul ediyor; bu denge, kentsel yo\u011funlu\u011fun ve yemye\u015fil manzaralar\u0131n bir arada var oldu\u011fu Santiago&#039;nun ritimlerinde yans\u0131t\u0131l\u0131yor.<\/p>\n<p>Santiago de Cuba&#039;daki iklim, belirgin \u0131slak veya kuru mevsimler olmadan nemli s\u0131cakl\u0131\u011f\u0131n hakim oldu\u011fu tropikal bir savan d\u00fczenine uymaktad\u0131r. Karayipler&#039;den esen ticaret r\u00fczgarlar\u0131 nemi dengeler, ancak ya\u011fmurlar \u00e7ok az uyar\u0131yla gelebilir ve g\u00fcne\u015f kendini yeniden g\u00f6stermeden \u00f6nce \u015fehri ani patlamalarla vaftiz edebilir. Sokaklar ekvatoral g\u00fcne\u015fler alt\u0131nda parl\u0131yor; geceler y\u0131ld\u0131zlarla dolu kadife bir perdeyi a\u015fa\u011f\u0131 \u00e7ekiyor, uzaklardaki titremeleri koyun karanl\u0131k sular\u0131na yans\u0131yor.<\/p>\n<p>En eski s\u00f6m\u00fcrge duvarlar\u0131ndan Karnaval davullar\u0131na kadar, Santiago de Cuba tarih ve k\u00fclt\u00fcrlerin bir palimpsesti olarak ortaya \u00e7\u0131k\u0131yor. \u0130spanyol fethinin damgas\u0131n\u0131 ve Afrikal\u0131 ve Frans\u0131zlar\u0131n geli\u015flerinin, devrimci co\u015fkunun ve sanatsal zaferin izlerini ta\u015f\u0131yor. Tepeleri ve sokaklar\u0131, meydanlar\u0131 ve limanlar\u0131, o\u011ful, rom ve \u015fiirde yank\u0131lanan hikayeler bar\u0131nd\u0131r\u0131yor. Her bak\u0131r \u00e7at\u0131da ve g\u00f6lgeli galeride, \u015fehir ayn\u0131 anda hem kadim hem de s\u00fcrekli yenilenen bir kimlik ortaya koyuyor\u2014yerin ve insanlar\u0131n inat\u00e7\u0131l\u0131\u011f\u0131n\u0131n bir kan\u0131t\u0131.<\/p>","protected":false},"excerpt":{"rendered":"<p>Adan\u0131n g\u00fcneydo\u011fu b\u00f6lgesinde bulunan Santiago de Cuba, K\u00fcba&#039;n\u0131n ikinci b\u00fcy\u00fck \u015fehridir ve Santiago de Cuba Eyaletinin ba\u015fkenti olarak hizmet vermektedir. Uzun zamand\u0131r K\u00fcba tarihi ve k\u00fclt\u00fcr\u00fcn\u00fcn bir dire\u011fi olan bu \u015fehir, Havana&#039;n\u0131n yakla\u015f\u0131k 870 kilometre (540 mil) g\u00fcneydo\u011fusundad\u0131r. Karayip Denizi ve Sierra Maestra da\u011flar\u0131 aras\u0131nda s\u0131k\u0131\u015fm\u0131\u015f olan Santiago de Cuba, zengin tarihi \u00f6nem, etnik \u00e7e\u015fitlilik ve do\u011fal g\u00fczellik dokusunu kutlayan bir \u015fehirdir.<\/p>","protected":false},"author":1,"featured_media":3597,"parent":9209,"menu_order":0,"comment_status":"closed","ping_status":"closed","template":"elementor_theme","meta":{"_eb_attr":"","footnotes":""},"class_list":["post-9251","page","type-page","status-publish","has-post-thumbnail"],"_links":{"self":[{"href":"https:\/\/travelshelper.com\/tr\/wp-json\/wp\/v2\/pages\/9251","targetHints":{"allow":["GET"]}}],"collection":[{"href":"https:\/\/travelshelper.com\/tr\/wp-json\/wp\/v2\/pages"}],"about":[{"href":"https:\/\/travelshelper.com\/tr\/wp-json\/wp\/v2\/types\/page"}],"author":[{"embeddable":true,"href":"https:\/\/travelshelper.com\/tr\/wp-json\/wp\/v2\/users\/1"}],"replies":[{"embeddable":true,"href":"https:\/\/travelshelper.com\/tr\/wp-json\/wp\/v2\/comments?post=9251"}],"version-history":[{"count":0,"href":"https:\/\/travelshelper.com\/tr\/wp-json\/wp\/v2\/pages\/9251\/revisions"}],"up":[{"embeddable":true,"href":"https:\/\/travelshelper.com\/tr\/wp-json\/wp\/v2\/pages\/9209"}],"wp:featuredmedia":[{"embeddable":true,"href":"https:\/\/travelshelper.com\/tr\/wp-json\/wp\/v2\/media\/3597"}],"wp:attachment":[{"href":"https:\/\/travelshelper.com\/tr\/wp-json\/wp\/v2\/media?parent=9251"}],"curies":[{"name":"wp","href":"https:\/\/api.w.org\/{rel}","templated":true}]}}