{"id":9209,"date":"2024-09-07T18:24:27","date_gmt":"2024-09-07T18:24:27","guid":{"rendered":"https:\/\/travelshelper.com\/staging\/?page_id=9209"},"modified":"2026-03-13T15:44:24","modified_gmt":"2026-03-13T15:44:24","slug":"kuba","status":"publish","type":"page","link":"https:\/\/travelshelper.com\/tr\/destinations\/north-america\/cuba\/","title":{"rendered":"K\u00fcba"},"content":{"rendered":"<p>K\u00fcba, Karayip Denizi, Meksika K\u00f6rfezi ve Atlas Okyanusu&#039;nun birle\u015fti\u011fi noktada kendini g\u00f6sterir; yakla\u015f\u0131k 110.000 kilometrekarelik bir alan\u0131 kaplayan ve yakla\u015f\u0131k on milyon insana ev sahipli\u011fi yapan bir tak\u0131madad\u0131r. Ana kara k\u00fctlesi, kuzeydeki d\u00fcz ovalardan ve engebeli ovalardan g\u00fcneydo\u011fudaki Sierra Maestra zirvelerine kadar 1.200 kilometreden fazla uzan\u0131r ve yakla\u015f\u0131k iki bin metre y\u00fckseklikte Pico Turquino ile ta\u00e7land\u0131r\u0131lm\u0131\u015ft\u0131r. Adan\u0131n atan kalbi Havana, hem Karayipler&#039;deki en b\u00fcy\u00fck ada hem de d\u00fcnyadaki on yedinci en b\u00fcy\u00fck ada olan bu \u00fclkeye ba\u015fkanl\u0131k eder. Meksika&#039;n\u0131n Yucat\u00e1n&#039;\u0131n\u0131n do\u011fusunda, Florida ve Bahamalar&#039;\u0131n g\u00fcneyinde, Hispaniola&#039;n\u0131n bat\u0131s\u0131nda ve Jamaika&#039;n\u0131n kuzeyinde konumlanan K\u00fcba&#039;n\u0131n co\u011frafyas\u0131 hem ba\u011flant\u0131 hem de izolasyon sa\u011flar. Bu ada cumhuriyetinde, bin y\u0131llar\u0131n izi -\u00f6nce Guanahatabey ve Ta\u00edno&#039;nun, sonra \u0130spanyol s\u00f6m\u00fcrgecilerin ve devrimci vizyonerlerin- silinmez bir \u015fekilde kal\u0131r.<\/p>\n<p>Avrupal\u0131lar\u0131n geli\u015finden \u00f6nce geli\u015fen Ta\u00edno ve Guanahatabey k\u00fclt\u00fcrleri arac\u0131l\u0131\u011f\u0131yla insan yerle\u015fiminin ilk y\u00fczy\u0131llar\u0131ndan itibaren K\u00fcba, topra\u011f\u0131, toplumu ve ruhunda dalga dalga yay\u0131lan d\u00f6n\u00fc\u015f\u00fcm d\u00f6ng\u00fclerine katland\u0131. On be\u015finci y\u00fczy\u0131lda \u0130spanyol ka\u015fifler b\u00f6lgeyi talep ederek, bu tak\u0131madalar\u0131n kaderini transatlantik k\u00f6le ticaretiyle i\u00e7 i\u00e7e ge\u00e7iren y\u00fczy\u0131llarca s\u00fcren s\u00f6m\u00fcrge y\u00f6netimini ba\u015flatt\u0131lar; k\u00f6leli\u011fin 1886&#039;da kald\u0131r\u0131lmas\u0131na kadar kesintisiz bir ili\u015fki. 1898&#039;deki \u0130spanyol-Amerikan Sava\u015f\u0131, do\u011frudan \u0130ber y\u00f6netiminin sonunu m\u00fcjdeledi, ancak 1902&#039;de resmi ba\u011f\u0131ms\u0131zl\u0131kla sonu\u00e7lanan bir ABD i\u015fgali ve vesayeti d\u00f6nemini ba\u015flatt\u0131. Cumhuriyetin a\u00e7\u0131l\u0131\u015f on y\u0131llar\u0131 iyimserlikle yank\u0131land\u0131; 1940&#039;taki ilerici bir anayasa sosyal adalet ve medeni \u00f6zg\u00fcrl\u00fckleri hedefliyordu. Yine de, 1952&#039;deki bir askeri darbe Fulgencio Batista&#039;n\u0131n diktat\u00f6rl\u00fc\u011f\u00fcn\u00fc kurana kadar siyasi karga\u015fa artt\u0131.<\/p>\n<p>Batista rejiminin a\u015f\u0131r\u0131l\u0131klar\u0131 ve bask\u0131lar\u0131, Ocak 1959&#039;daki doruk noktas\u0131ndaki zaferi Fidel Castro&#039;yu yeni do\u011fan bir sosyalist devletin d\u00fcmenine oturtan K\u00fcba Devrimi&#039;ni ate\u015fledi. Castro&#039;nun idaresi alt\u0131nda K\u00fcba, Sovyet blo\u011fuyla ayn\u0131 \u00e7izgideydi, planl\u0131 ekonomisi merkezi kontrol ve kapsaml\u0131 Sovyet yard\u0131m\u0131 taraf\u0131ndan \u015fekillendirildi - gizlili\u011fi kald\u0131r\u0131lm\u0131\u015f istihbarata g\u00f6re 1980&#039;lerin ortalar\u0131nda yakla\u015f\u0131k otuz \u00fc\u00e7 milyar ABD dolar\u0131. K\u00fcba&#039;n\u0131n So\u011fuk Sava\u015f sahnesindeki rol\u00fc, adan\u0131n s\u00fcper g\u00fc\u00e7ler aras\u0131ndaki en yak\u0131n \u00e7at\u0131\u015fma tiyatrosu haline geldi\u011fi 1962 f\u00fcze krizi s\u0131ras\u0131nda zirveye ula\u015ft\u0131. Sonraki on y\u0131llarda Havana, Afrika&#039;daki yeni Marksist h\u00fck\u00fcmetlere askeri, t\u0131bbi ve altyap\u0131sal dayan\u0131\u015fmay\u0131 geni\u015fletti ve ada i\u00e7eride akut k\u0131tl\u0131klarla kar\u015f\u0131 kar\u015f\u0131ya kal\u0131rken bile k\u00fcresel bir devrimci a\u011f olu\u015fturdu.<\/p>\n<p>Sovyetlerin 1991&#039;deki \u00e7\u00f6k\u00fc\u015f\u00fc, enerji k\u0131tl\u0131\u011f\u0131, tar\u0131msal gerileme ve kentsel zorluklarla karakterize edilen ekonomik bir felaket olan K\u00fcba&#039;n\u0131n &#034;\u00d6zel D\u00f6nemi&#034;ni h\u0131zland\u0131rd\u0131. Turizm, sonunda \u015feker, t\u00fct\u00fcn ve kahve ihracat\u0131n\u0131 geride b\u0131rakarak hayati ancak e\u015fitsiz bir gelir motoru olarak ortaya \u00e7\u0131kt\u0131. Bu arada, sosyal g\u00f6stergeler beklenmedik \u015fekilde g\u00fc\u00e7l\u00fc kald\u0131: okuryazarl\u0131k y\u00fckseldi, bebek \u00f6l\u00fcmleri b\u00f6lgesel normlar\u0131n alt\u0131na d\u00fc\u015ft\u00fc ve ya\u015fam beklentisi daha zengin kom\u015fularla ayn\u0131 seviyeye geldi. Evrensel sa\u011fl\u0131k hizmeti ve \u00fccretsiz e\u011fitim -devrimci politikan\u0131n temel ta\u015flar\u0131- kronik ekipman k\u0131tl\u0131\u011f\u0131na, d\u00fc\u015f\u00fck t\u0131bbi maa\u015flara ve aral\u0131kl\u0131 ila\u00e7 eksikli\u011fine ra\u011fmen devam etti. 2008&#039;de, neredeyse yar\u0131m y\u00fczy\u0131ll\u0131k tek adam y\u00f6netiminin ard\u0131ndan, Fidel Castro ba\u015fkanl\u0131\u011f\u0131 karde\u015fi Ra\u00fal&#039;a devretti; Ra\u00fal da 2018&#039;de g\u00f6revi Miguel D\u00edaz-Canel&#039;e devretti ve D\u00edaz-Canel, 2021&#039;de Kom\u00fcnist Parti&#039;nin Birinci Sekreteri olarak iktidar\u0131 sa\u011flamla\u015ft\u0131rd\u0131.<\/p>\n<p>K\u00fcba&#039;n\u0131n siyasi mimarisi, Kom\u00fcnist Parti&#039;nin \u00fcst\u00fcnl\u00fc\u011f\u00fcn\u00fc anayasas\u0131nda kutsalla\u015ft\u0131r\u0131yor. Muhalif sesler resmi bir kanal bulam\u0131yor; kat\u0131 sans\u00fcr ve ba\u011f\u0131ms\u0131z gazetecili\u011fin bast\u0131r\u0131lmas\u0131, insan haklar\u0131 g\u00f6zlemcilerini aday\u0131 bas\u0131n \u00f6zg\u00fcrl\u00fc\u011f\u00fc a\u00e7\u0131s\u0131ndan en k\u0131s\u0131tlay\u0131c\u0131 yerlerden biri olarak de\u011ferlendirmeye y\u00f6neltiyor. Yine de K\u00fcba toplumu k\u00fclt\u00fcrel canl\u0131l\u0131kla yank\u0131lan\u0131yor: Afro-K\u00fcba m\u00fczi\u011fi ve dans\u0131 her mahallede geli\u015fiyor; sanat\u00e7\u0131lar, dans\u00e7\u0131lar ve sporcular, k\u00f6kenlerini devrim sonras\u0131 okuryazarl\u0131k ve k\u00fclt\u00fcrel kampanyalara dayand\u0131ran devlet destekli programlardan \u00e7\u0131k\u0131yor. Havana&#039;n\u0131n barok kiliseleri\u2014Basilica de San Francisco ve Castillo del Pr\u00edncipe&#039;nin surlu kalesi\u2014capitol binas\u0131 ve Habana Libre gibi orta y\u00fczy\u0131l kuleleri gibi modernist an\u0131tlar\u0131n yan\u0131nda duruyor. Kentsel doku b\u00f6ylece s\u00f6m\u00fcrgeci barok, cumhuriyet\u00e7i ihti\u015fam ve Sovyet etkisindeki i\u015flevselcilik aras\u0131nda bir diyalo\u011fu anlat\u0131rken, son on y\u0131llarda \u00e7a\u011fda\u015f k\u00fcresel tasar\u0131ma selam veren yeni cam ve \u00e7elik oteller g\u00f6r\u00fcld\u00fc.<\/p>\n<p>Adan\u0131n fiziksel hatlar\u0131 iklimini ve savunmas\u0131zl\u0131\u011f\u0131n\u0131 \u015fekillendirir. Yenge\u00e7 D\u00f6nencesi&#039;nin g\u00fcneyinde, K\u00fcba tropikal s\u0131cakl\u0131\u011f\u0131n tad\u0131n\u0131 \u00e7\u0131kar\u0131r, kuzeydo\u011fudan esen alize r\u00fczgarlar\u0131 s\u0131cakl\u0131\u011f\u0131 yumu\u015fat\u0131r ve Karayip ak\u0131nt\u0131s\u0131 hafif\u00e7e \u0131s\u0131nan sular getirir. Ocak ay\u0131nda ortalama s\u0131cakl\u0131klar 21 \u00b0C civar\u0131nda seyreder; Temmuz ay\u0131nda yakla\u015f\u0131k 27 \u00b0C&#039;ye y\u00fckselir. Ya\u011f\u0131\u015f, kuru mevsim (Kas\u0131m&#039;dan Nisan&#039;a) ile Atlantik f\u0131rt\u0131nalar\u0131n\u0131n rutin hale geldi\u011fi May\u0131s&#039;tan Ekim&#039;e kadar olan nemli aylar aras\u0131nda dalgalan\u0131r. Eyl\u00fcl ve Ekim aylar\u0131 kas\u0131rga sezonunun zirvesi olarak s\u0131ralan\u0131r ve bu ger\u00e7ek, Eyl\u00fcl 2017&#039;de Kas\u0131rga Irma&#039;n\u0131n gazab\u0131yla vurgulan\u0131r: 260 km\/s&#039;yi a\u015fan r\u00fczgarlar Camag\u00fcey Tak\u0131madalar\u0131&#039;n\u0131 par\u00e7alad\u0131, kuzey k\u0131y\u0131lar\u0131n\u0131n \u00e7o\u011funda elektri\u011fi kesti ve yayg\u0131n tahliyeyi gerektiren yap\u0131sal hasara yol a\u00e7t\u0131. Y\u0131k\u0131lan binalar ve sular alt\u0131nda kalan sokaklar aras\u0131nda Havana&#039;da yedi olmak \u00fczere on \u00f6l\u00fcm bildirildi. Ba\u015fkentin Varadero&#039;dan kuzey k\u0131y\u0131lar\u0131ndaki koylara kadar uzanan turistik b\u00f6lgeleri, h\u00fck\u00fcmetin yo\u011fun sezon ba\u015flamadan \u00f6nce onarmaya yemin etti\u011fi yaralarla doluydu; bu \u00f6zlem, turizmin ekonomik a\u00e7\u0131dan ne kadar merkezi oldu\u011funun kan\u0131t\u0131yd\u0131.<\/p>\n<p>\u0130klim de\u011fi\u015fikli\u011fi, y\u00fckselen denizler, de\u011fi\u015fen ya\u011f\u0131\u015flar ve yo\u011funla\u015fan f\u0131rt\u0131nalarla bu riskleri daha da art\u0131r\u0131yor ve tar\u0131m, ormanc\u0131l\u0131k ve turizmi tehdit ediyor. Bu sekt\u00f6rler \u00f6ng\u00f6r\u00fclebilir ya\u011f\u0131\u015flara ve k\u0131y\u0131 istikrar\u0131na ba\u011fl\u0131. Su g\u00fcvenli\u011fi istikrars\u0131z; daha s\u0131cak s\u0131cakl\u0131klar, n\u00fcfus aras\u0131nda kardiyovask\u00fcler, solunum ve viral rahats\u0131zl\u0131klar\u0131n g\u00f6r\u00fclme s\u0131kl\u0131\u011f\u0131n\u0131 art\u0131rabilir. Buna kar\u015f\u0131l\u0131k, yetkililer yenilenebilir enerji giri\u015fimlerini ve f\u0131rt\u0131na dalgas\u0131n\u0131 tamponlamak i\u00e7in mangrov restorasyonu gibi ekosistem tabanl\u0131 adaptasyonlar\u0131 benimsedi.<\/p>\n<p>K\u00fcba ekonomisi devlet egemenli\u011fini temsil ediyor: i\u015f g\u00fcc\u00fcn\u00fcn d\u00f6rtte \u00fc\u00e7\u00fcnden fazlas\u0131, gayri safi yurti\u00e7i has\u0131lan\u0131n yakla\u015f\u0131k y\u00fczde seksenini h\u00fck\u00fcmet harcamalar\u0131 yoluyla emen kamu sekt\u00f6r\u00fcnde \u00e7al\u0131\u015f\u0131yor. 2010&#039;lar\u0131n ba\u015f\u0131ndan bu yana, m\u00fctevaz\u0131 piyasa reformlar\u0131 \u00f6zel sekt\u00f6r b\u00fcy\u00fcmesini ba\u015flatt\u0131 ve istihdam paylar\u0131n\u0131 2000&#039;lerin ortalar\u0131na kadar y\u00fczde yirmi civar\u0131na \u00e7\u0131kard\u0131. K\u00fcbal\u0131lar\u0131 i\u015fe alan firmalar \u00fccretleri devlet bordrolar\u0131 arac\u0131l\u0131\u011f\u0131yla K\u00fcba pesosu olarak g\u00f6nderiyor; asgari ayl\u0131k \u00fccret 2.100 pesoya (kabaca seksen bir ABD dolar\u0131) yak\u0131n, medyanlar ise 4.000 pesoya (yakla\u015f\u0131k y\u00fcz elli be\u015f dolar) yak\u0131n. Turizm geliri, vas\u0131fl\u0131 i\u015fg\u00fcc\u00fc ihracat\u0131 ve para transferleri ekonomiyi destekliyor, ancak K\u00fcbal\u0131lar\u0131n y\u00fczde seksen sekizinden fazlas\u0131 K\u00fcba \u0130nsan Haklar\u0131 G\u00f6zlemevi&#039;nin a\u015f\u0131r\u0131 yoksulluk olarak tan\u0131mlad\u0131\u011f\u0131 ko\u015fullarda ge\u00e7iniyor; bu, diyet \u00e7e\u015fitlili\u011fini s\u0131n\u0131rlayan ve mikro besin eksikliklerini art\u0131ran karneyle \u015fekillenen bir ger\u00e7eklik.<\/p>\n<p>K\u00fcba mutfa\u011f\u0131 \u0130ber ve Karayip geleneklerinin bir f\u00fczyonunu yans\u0131t\u0131r: sar\u0131msak, kimyon, kekik ve defne yapra\u011f\u0131 hafif soslarda yava\u015f\u00e7a pi\u015firilen etlere lezzet katar; siyah fasulye ve pirin\u00e7\u2014moros y cristianos\u2014muzlara ve taze ekmeklere e\u015flik eder; domates soslu k\u0131y\u0131lm\u0131\u015f dana eti olan ropa vieja, atalardan kalma \u0130spanyol g\u00fcve\u00e7lerini \u00e7a\u011fr\u0131\u015ft\u0131r\u0131r. Yine de g\u0131da k\u0131tl\u0131\u011f\u0131 ve karne g\u00fcnl\u00fck hayat\u0131n \u00e7o\u011funu belirler, devletin karnesi uluslararas\u0131 ajanslar taraf\u0131ndan belirlenen beslenme standartlar\u0131n\u0131 kar\u015f\u0131lamaya nadiren yetecek kadar m\u00fctevaz\u0131 porsiyonlar verir. Yine de, her yerde bulunan sokak suyu k\u0131tl\u0131\u011f\u0131n ortas\u0131nda bollu\u011fun sembol\u00fc olarak durur\u2014turistlerin Malec\u00f3n gezinti yollar\u0131nda veya yol kenar\u0131ndaki kafelerde yudumlad\u0131\u011f\u0131 bardaklara s\u0131k\u0131\u015ft\u0131r\u0131lm\u0131\u015f guava, mango ve guan\u00e1bana.<\/p>\n<p>K\u00fcba&#039;n\u0131n insan mozai\u011fi, Havana&#039;n\u0131n s\u00fcsl\u00fc cephelerinin \u00f6tesinde kendini en canl\u0131 \u015fekilde g\u00f6sterir. Vi\u00f1ales Vadisi&#039;nde, yemye\u015fil ovalar\u0131 noktalayan kire\u00e7ta\u015f\u0131 mogotlar\u0131n\u0131n alt\u0131nda t\u00fct\u00fcn yeti\u015ftirme gelenekleri devam ediyor; dama tahtas\u0131 desenleriyle d\u00fczenlenmi\u015f tarlalar, UNESCO&#039;nun 1999&#039;da k\u00fclt\u00fcrel bir manzara olarak tan\u0131mas\u0131n\u0131 sa\u011flayan y\u00fczy\u0131llard\u0131r uygulanan tar\u0131m y\u00f6ntemlerini yans\u0131t\u0131yor. Bir zamanlar devrimci gerillalar i\u00e7in patikalar olan Sierra Maestra yama\u00e7lar\u0131, art\u0131k bozulmam\u0131\u015f vah\u015fi do\u011fa ve panoramik manzaralar arayan korkusuz da\u011fc\u0131lar\u0131 davet ediyor. A\u00e7\u0131k denizde, mercan resifleri, Domuzlar K\u00f6rfezi&#039;nde deniz ya\u015fam\u0131yla doludur - ironik bir \u015fekilde 1961&#039;deki ba\u015far\u0131s\u0131z i\u015fgalden sonra adland\u0131r\u0131lm\u0131\u015f ancak bug\u00fcn dal\u0131\u015f f\u0131rsatlar\u0131yla kutlan\u0131yor - ve tarihin bat\u0131k gemilerinin yerini kaleydoskopik bal\u0131klara ve kaplumba\u011falara b\u0131rakt\u0131\u011f\u0131 Jardines de la Reina tak\u0131madalar\u0131nda.<\/p>\n<p>K\u00fcba misafirperverli\u011fi, bir zamanlar &#034;turizm apartheid&#039;i&#034; olarak adland\u0131r\u0131lan ayr\u0131lm\u0131\u015f alanlar olan tatil beldelerinin \u00f6tesine ge\u00e7er ve \u00f6zel avlulara ve otantik al\u0131\u015fveri\u015fe a\u00e7\u0131lan kap\u0131lara sahip aile i\u015fletmesi cennetler olan casas particulares&#039;te geli\u015fir. Ta\u015fra kasabalar\u0131nda, meydanlar yerel tarihlerini yerli k\u00f6klerinden devrimci ayaklanmalara kadar anlatan belediye m\u00fczelerine ev sahipli\u011fi yaparken, k\u00fclt\u00fcr merkezleri adan\u0131n kendisi kadar eski ritimlere g\u00f6re atan Afro-K\u00fcba dans performanslar\u0131 sergiler. Geceleri, Tropicana&#039;n\u0131n g\u00f6z al\u0131c\u0131 rev\u00fcleri 1950&#039;lerin ihti\u015fam\u0131n\u0131n izlerini korur - masa servisi, s\u00fcsl\u00fc kost\u00fcmler ve canl\u0131 trompetler - kalabal\u0131k ba\u011flant\u0131l\u0131 impresaryolar\u0131n sallanan palmiyelerin alt\u0131nda Havana&#039;n\u0131n se\u00e7kinleriyle kayna\u015ft\u0131\u011f\u0131 bir d\u00f6nemi \u00e7a\u011fr\u0131\u015ft\u0131r\u0131r.<\/p>\n<p>Havana sokaklar\u0131nda alacakaranl\u0131kta dola\u015fmak, zaman\u0131n kendisini kat etmektir: Eski Havana&#039;n\u0131n pastel duvarlar\u0131 s\u00f6m\u00fcrge barok ve neoklasik h\u0131rsa tan\u0131kl\u0131k eder; yak\u0131ndaki Focsa ve di\u011fer orta y\u00fczy\u0131l kuleleri devrimle kesintiye u\u011fram\u0131\u015f modernite \u00f6zlemlerine i\u015faret eder. Ge\u00e7mi\u015f bir \u00e7a\u011fdan kalma arabalar geni\u015f caddeler boyunca ilerler; t\u00fcccarlar tahta arabalarla tropikal meyveler satar; son ve rumba ezgileri kemerli ge\u00e7itlerde s\u00fcz\u00fcl\u00fcr. Burada, her Arnavut kald\u0131r\u0131m\u0131 ve s\u00fctunlu ge\u00e7it katmanl\u0131 tarihlerle yank\u0131lan\u0131r.<\/p>\n<p>Ancak \u00e7a\u011fda\u015f ziyaret\u00e7i kartpostal manzaralar\u0131n\u0131n \u00f6tesine ge\u00e7melidir. K\u0131rsalda, k\u00e2r odakl\u0131 pazarlarda \u00e7ift\u00e7ilerle yap\u0131lan sohbetler k\u0131tl\u0131k ortas\u0131nda diren\u00e7li giri\u015fimcili\u011fi ortaya koyar. Uzak mahallelerde, yerel kul\u00fcpler K\u00fcba reggae ve rap&#039;iyle nab\u0131z atarak geleneksel temeller \u00fczerinde yeni m\u00fczik anlat\u0131lar\u0131 olu\u015fturur. Playa Para\u00edso ve Saturno Ma\u011faras\u0131&#039;nda, kristal sular hem dinlenmeye hem de ke\u015ffe davet ederken, Zapata Batakl\u0131\u011f\u0131 ve El Nicho \u015eelaleleri, plastiklerin ve g\u00fcr\u00fclt\u00fcn\u00fcn nadiren n\u00fcfuz etti\u011fi yerler olan biyolojik \u00e7e\u015fitlili\u011fin do\u011fal katedralleri olarak ortaya \u00e7\u0131kar.<\/p>\n<p>K\u00fcba&#039;n\u0131n mimari kaleydoskopu\u2014s\u00f6m\u00fcrge kaleleri ve kiliseleri, cumhuriyet\u00e7i ba\u015fkentler ve oteller, Sovyet etkisindeki apartman bloklar\u0131 ve \u0131\u015f\u0131ldayan yeni tatil k\u00f6yleri\u2014adan\u0131n ideolojik ve estetik de\u011fi\u015fimlerini haritaland\u0131r\u0131r. Ancak tu\u011fla ve har\u00e7lar\u0131n \u00f6tesinde geleneklerin canl\u0131 bir mimarisi vard\u0131r: toplumsal okuryazarl\u0131k \u00e7evreleri, devlet destekli spor okullar\u0131, d\u00fcnya standartlar\u0131nda dans\u00e7\u0131lar yeti\u015ftiren bale akademileri ve yurt i\u00e7inde veya yurt d\u0131\u015f\u0131nda e\u011fitim alm\u0131\u015f doktorlar\u0131n her vatanda\u015fa bakt\u0131\u011f\u0131 \u00fccretsiz sa\u011fl\u0131k klinikleri.<\/p>\n<p>Bu \u00e7ok y\u00f6nl\u00fc ulus, kolay nitelendirmelere meydan okuyor. Ayn\u0131 anda hem okuryazarl\u0131k hem de sa\u011fl\u0131k alan\u0131nda toplumsal ba\u015far\u0131lar\u0131n bir i\u015fareti, So\u011fuk Sava\u015f jeopoliti\u011finin bir potas\u0131, kal\u0131c\u0131 k\u00fclt\u00fcrel senkretizmin bir alan\u0131 ve hem nefes kesici g\u00fczelli\u011fin hem de s\u00fcrekli zorluklar\u0131n bir manzaras\u0131. K\u00fcba ile kar\u015f\u0131la\u015fmak, onun \u00e7eli\u015fkilerini uzla\u015ft\u0131rmakt\u0131r; hem g\u00fcnl\u00fck hayatta kalman\u0131n s\u0131radanl\u0131\u011f\u0131na hem de fetih, devrim ve ambargoyu inatla ve zarafetle atlatm\u0131\u015f bir halk\u0131n ola\u011fan\u00fcst\u00fc canl\u0131l\u0131\u011f\u0131na tan\u0131k olmakt\u0131r. Her valle, malec\u00f3n ve kafede, her klasik konserde ve k\u00f6yl\u00fc tarlas\u0131nda, ne statik ne de monolitik olan, daha ziyade tarih, k\u00fclt\u00fcr ve \u00f6zlem ipliklerinden \u00f6r\u00fclm\u00fc\u015f dinamik bir goblen olan bir hikaye alg\u0131lan\u0131r.<\/p>\n<p>Tatil beldesinin \u00f6tesinde bir dal\u0131\u015f arayan gezginler i\u00e7in \u00f6d\u00fcller \u00e7ok \u00e7e\u015fitlidir: \u015eafak vakti Vi\u00f1ales&#039;in kehribar \u0131\u015f\u0131\u011f\u0131; Che Guevara&#039;n\u0131n t\u00fcrbesinin sessiz sayg\u0131s\u0131; bir mahalle rumbas\u0131n\u0131n canl\u0131l\u0131\u011f\u0131; sisle kapl\u0131 bir Sierra Maestra patikas\u0131n\u0131n sessizli\u011fi. Yine de sab\u0131r ve sayg\u0131 esast\u0131r\u2014\u00e7eli\u015fkilere a\u00e7\u0131kl\u0131k, kartpostal\u0131n ard\u0131ndaki ger\u00e7eklere tan\u0131kl\u0131k etme iste\u011fi. K\u00fcba s\u0131rlar\u0131n\u0131 ilk bak\u0131\u015fta vermez; ziyaret\u00e7inin bakmas\u0131n\u0131, dinlemesini ve \u00f6\u011frenmesini talep eder. Bunu yaparken, yaln\u0131zca bir ada \u00fclkesini de\u011fil, ayn\u0131 zamanda insan dayan\u0131kl\u0131l\u0131\u011f\u0131n\u0131n, yarat\u0131c\u0131l\u0131\u011f\u0131n\u0131n ve inanc\u0131n\u0131n bir potas\u0131n\u0131 da g\u00f6r\u00fcrs\u00fcn\u00fcz\u2014tarihin ak\u0131nt\u0131lar\u0131n\u0131n bug\u00fcn\u00fcn gelgitlerini \u015fekillendirmeye devam etti\u011fi bir yer.<\/p>","protected":false},"excerpt":{"rendered":"<p>10 milyondan fazla n\u00fcfusuyla K\u00fcba\u2014resmi olarak K\u00fcba Cumhuriyeti olarak bilinir\u2014Karayipler&#039;deki \u00fc\u00e7\u00fcnc\u00fc en kalabal\u0131k \u00fclkedir. Atlantik, Meksika K\u00f6rfezi ve Kuzey Karayip Denizleri&#039;nin birle\u015fti\u011fi noktada bulunan K\u00fcba, kara k\u00fctlesi bak\u0131m\u0131ndan Karayipler&#039;deki en b\u00fcy\u00fck adad\u0131r. Di\u011fer bir\u00e7ok k\u00fc\u00e7\u00fck ada, adac\u0131k ve koyla birlikte \u00fclkenin toplam ada say\u0131s\u0131 4.195&#039;i a\u015fmaktad\u0131r. K\u00fcba&#039;n\u0131n ana adas\u0131 Isla de la Juventud&#039;dur. Meksika&#039;n\u0131n Yucat\u00e1n Yar\u0131madas\u0131&#039;n\u0131n do\u011fusunda, Florida ve Bahamalar&#039;\u0131n g\u00fcneyinde, Haiti ve Dominik Cumhuriyeti&#039;ni i\u00e7eren Hispaniola&#039;n\u0131n bat\u0131s\u0131nda ve Jamaika ve Cayman Adalar\u0131&#039;n\u0131n kuzeyinde K\u00fcba stratejik olarak yer almaktad\u0131r. \u00dclkenin en b\u00fcy\u00fck \u015fehri ve siyasi ve k\u00fclt\u00fcrel faaliyetlerin merkezi ba\u015fkent Havana&#039;d\u0131r.<\/p>","protected":false},"author":1,"featured_media":4949,"parent":24084,"menu_order":0,"comment_status":"closed","ping_status":"closed","template":"elementor_theme","meta":{"_eb_attr":"","footnotes":""},"class_list":["post-9209","page","type-page","status-publish","has-post-thumbnail"],"_links":{"self":[{"href":"https:\/\/travelshelper.com\/tr\/wp-json\/wp\/v2\/pages\/9209","targetHints":{"allow":["GET"]}}],"collection":[{"href":"https:\/\/travelshelper.com\/tr\/wp-json\/wp\/v2\/pages"}],"about":[{"href":"https:\/\/travelshelper.com\/tr\/wp-json\/wp\/v2\/types\/page"}],"author":[{"embeddable":true,"href":"https:\/\/travelshelper.com\/tr\/wp-json\/wp\/v2\/users\/1"}],"replies":[{"embeddable":true,"href":"https:\/\/travelshelper.com\/tr\/wp-json\/wp\/v2\/comments?post=9209"}],"version-history":[{"count":0,"href":"https:\/\/travelshelper.com\/tr\/wp-json\/wp\/v2\/pages\/9209\/revisions"}],"up":[{"embeddable":true,"href":"https:\/\/travelshelper.com\/tr\/wp-json\/wp\/v2\/pages\/24084"}],"wp:featuredmedia":[{"embeddable":true,"href":"https:\/\/travelshelper.com\/tr\/wp-json\/wp\/v2\/media\/4949"}],"wp:attachment":[{"href":"https:\/\/travelshelper.com\/tr\/wp-json\/wp\/v2\/media?parent=9209"}],"curies":[{"name":"wp","href":"https:\/\/api.w.org\/{rel}","templated":true}]}}