{"id":9194,"date":"2024-09-07T17:03:29","date_gmt":"2024-09-07T17:03:29","guid":{"rendered":"https:\/\/travelshelper.com\/staging\/?page_id=9194"},"modified":"2026-03-13T15:14:19","modified_gmt":"2026-03-13T15:14:19","slug":"dominika","status":"publish","type":"page","link":"https:\/\/travelshelper.com\/tr\/destinations\/north-america\/dominica\/","title":{"rendered":"Dominika"},"content":{"rendered":"<p>Dominika, 750 kilometrekarelik kompakt bir egemen cumhuriyet olarak Karayip Denizi&#039;nden y\u00fckselir, 2011 n\u00fcfus say\u0131m\u0131na g\u00f6re 71.293 sakini vard\u0131r, ancak bu m\u00fctevaz\u0131 \u00f6l\u00e7ek, volkanik zirvelerin, yemye\u015fil vadilerin ve binlerce y\u0131ll\u0131k insan ge\u00e7i\u015fiyle olu\u015fturulmu\u015f bir k\u00fclt\u00fcr\u00fcn ola\u011fan\u00fcst\u00fc bir dokusunu gizler. Kuzeybat\u0131s\u0131nda Guadeloupe&#039;nin Frans\u0131z deniza\u015f\u0131r\u0131 b\u00f6l\u00fcmleri ile g\u00fcney-g\u00fcneydo\u011fusunda Martinik aras\u0131nda yer alan adan\u0131n bat\u0131 k\u0131y\u0131s\u0131, yakla\u015f\u0131k 14.725 ki\u015finin ya\u015fad\u0131\u011f\u0131 bir yerle\u015fim yeri olan ba\u015fkent Roseau&#039;yu bar\u0131nd\u0131r\u0131rken, daha kuzeydeki Portsmouth 4.167 ki\u015fiye ev sahipli\u011fi yapmaktad\u0131r. 1.447 metrede bulutlar\u0131 delen Morne Diablotins, i\u00e7 k\u0131s\u0131mlara h\u00fckmeder; bu y\u00fcksekliklere tek bir bak\u0131\u015f adan\u0131n topo\u011frafik dram\u0131n\u0131 aktar\u0131r. U\u00e7tan uca k\u0131rk yedi kilometre ve yirmi alt\u0131 kilometre geni\u015fli\u011finde olan Dominika, da\u011fl\u0131k bir alemin ihti\u015fam\u0131n\u0131 bir\u00e7ok kent merkezinden daha k\u00fc\u00e7\u00fck bir alana yo\u011funla\u015ft\u0131r\u0131r.<\/p>\n<p>Arawak denizcileri be\u015finci y\u00fczy\u0131lda ilk kez k\u0131y\u0131lar\u0131na \u00e7\u0131kt\u0131klar\u0131nda, yo\u011fun ormanlar kesintisiz uzan\u0131yor olmal\u0131yd\u0131; on be\u015finci y\u00fczy\u0131lda Kalinago, bu ilk yerle\u015fimcileri denize do\u011fru iterek, nehir koridorlar\u0131na ve k\u0131y\u0131 b\u00f6lgelerine iyi uyum sa\u011flam\u0131\u015f bir toplum olu\u015fturmu\u015ftu. 3 Kas\u0131m 1493&#039;te karaya \u00e7\u0131kan Kristof Kolomb, transatlantik haritalar\u0131n\u0131n ak\u0131\u015f\u0131nda bu yerli anlat\u0131lar\u0131 g\u00f6z ard\u0131 etti. Avrupal\u0131lar\u0131n rekabeti iki y\u00fczy\u0131l boyunca s\u00fcrd\u00fc: Frans\u0131z \u00e7ift\u00e7iler, 1690&#039;larda Bat\u0131 Afrikal\u0131 esirleri kahve tarlalar\u0131nda \u00e7al\u0131\u015fmak \u00fczere tan\u0131tt\u0131lar, ancak Britanya 1763&#039;te kontrol\u00fc ele ge\u00e7irdi. \u0130ngiliz y\u00f6netimi alt\u0131nda, adan\u0131n dili de\u011fi\u015fti; siyasi kaderi nihayet 1978&#039;de cumhuriyet\u00e7i oldu, \u00f6zy\u00f6netim kristalle\u015fti ve \u00f6zg\u00fcr do\u011fmu\u015f Dominiklileri Milletler Toplulu\u011fu&#039;na ve bir dizi uluslararas\u0131 kurulu\u015fa dahil etti.<\/p>\n<p>Volkanizma, modern Dominika&#039;n\u0131n mimar\u0131 olmaya devam ediyor ve onu K\u00fc\u00e7\u00fck Antiller&#039;in en genci yap\u0131yor. F\u00fcmeroller Morne Trois Pitons yak\u0131nlar\u0131nda t\u0131sl\u0131yor ve d\u00fcnyan\u0131n ikinci b\u00fcy\u00fck s\u0131cak su kayna\u011f\u0131 olan Kaynayan G\u00f6l&#039;de f\u0131\u015fk\u0131ran yeralt\u0131 suyunu besliyor. Kaynayan buhar ve k\u00f6p\u00fcren derinliklerin oldu\u011fu, ba\u015fka bir d\u00fcnyadan f\u0131rlam\u0131\u015f bir havza. Ya\u011fmur ormanlar\u0131, ba\u015fka hi\u00e7bir yerde bulunmayan t\u00fcrleri gizleyen \u015felalelerle noktalanan dik yama\u00e7lardan a\u015fa\u011f\u0131 do\u011fru ak\u0131yor. Yine de r\u00fczg\u00e2r alt\u0131 kenar\u0131nda, \u00e7al\u0131l\u0131klar daha kuru g\u00f6ky\u00fcz\u00fcn\u00fcn alt\u0131nda varl\u0131\u011f\u0131n\u0131 s\u00fcrd\u00fcr\u00fcyor ve bu da adan\u0131n iklimsel kar\u015f\u0131tl\u0131klar\u0131n\u0131n kan\u0131t\u0131. \u0130ki ekob\u00f6lge -nemli ormanlar ve kurak \u00e7al\u0131l\u0131klar- kom\u015fu adalarda nesli t\u00fckenmi\u015f kal\u0131nt\u0131lar\u0131 da i\u00e7eren bir dizi bitki \u00f6rt\u00fcs\u00fcn\u00fc destekliyor. Bunlar aras\u0131nda sisserou papa\u011fan\u0131 2.100 fit y\u00fckseklikte uzak kanopilerde t\u00fcner; mor t\u00fcyleri ulusal bayra\u011f\u0131 s\u00fcsl\u00fcyor ve mor rengi ta\u015f\u0131yan sadece iki egemen bayraktan birini i\u015faret ediyor.<\/p>\n<p>\u0130nsan yerle\u015fimi bu da\u011fl\u0131k kalenin kenar\u0131n\u0131 sar\u0131yor. Roseau ve Portsmouth k\u0131y\u0131 merkezlerini olu\u015fturuyor; aralar\u0131nda, k\u0131vr\u0131ml\u0131 otoyollar nehir vadilerini ve u\u00e7urum k\u0131y\u0131lar\u0131n\u0131 takip ediyor. 2010&#039;lar\u0131n ba\u015flar\u0131nda, Edward Oliver Leblanc ve Dr. Nicholas Liverpool ana yollar\u0131 yabanc\u0131 yard\u0131mlarla yeniden in\u015fa edildi ve ormanl\u0131k yama\u00e7lar\u0131 dola\u015f\u0131rken bile izolasyonu azaltt\u0131. \u00d6zel minib\u00fcsler g\u00fcnl\u00fck ula\u015f\u0131m\u0131n damarlar\u0131n\u0131 dolduruyor. Douglas-Charles ve Canefield adl\u0131 iki u\u00e7ak pisti, Dominika&#039;y\u0131 Miami ve Newark&#039;a ba\u011fl\u0131yor; ilki m\u00fctevaz\u0131 jetleri kabul etmek i\u00e7in 2010&#039;da uzat\u0131ld\u0131; Wesley&#039;de 2026&#039;da tamamlanmas\u0131 planlanan \u00fc\u00e7\u00fcnc\u00fc bir havaalan\u0131 y\u00fckseliyor.<\/p>\n<p>Adan\u0131n kas\u0131rgalara kar\u015f\u0131 savunmas\u0131zl\u0131\u011f\u0131 kolektif haf\u0131zas\u0131nda b\u00fcy\u00fck bir yer tutar. A\u011fustos 1979&#039;da, 4. kategori bir f\u0131rt\u0131na olan David Kas\u0131rgas\u0131, altyap\u0131y\u0131 ve hasatlar\u0131 yerle bir etti. Dean, 2007&#039;de daha zay\u0131f bir f\u0131rt\u0131na olarak geldi, ancak ya\u011fmur kaynakl\u0131 heyelanlar can ald\u0131 ve muz bah\u00e7elerini yerle bir etti. 2015&#039;e gelindi\u011finde, Tropikal F\u0131rt\u0131na Erika&#039;n\u0131n \u015fi\u015fen nehirleri ve toprak kaymalar\u0131 kitlesel tahliyelere yol a\u00e7arak y\u0131ll\u0131k GSY\u0130H&#039;n\u0131n y\u00fczde 90&#039;\u0131na e\u015fit hasara neden oldu. \u0130ki y\u0131l sonra, 5. kategori \u00f6fkesini getiren Maria, GSY\u0130H&#039;n\u0131n y\u00fczde 226&#039;s\u0131 kadar kayba yol a\u00e7t\u0131; bu felaketten kurtulman\u0131n zor oldu\u011fu kan\u0131tland\u0131.<\/p>\n<p>Ekonomik ya\u015fam bir zamanlar muz etraf\u0131nda d\u00f6n\u00fcyordu ve 2000&#039;lerin ba\u015f\u0131nda i\u015f\u00e7ilerin neredeyse \u00fc\u00e7te birini me\u015fgul ediyordu. Dalgalanan hava ko\u015fullar\u0131 ve k\u00fcresel fiyatland\u0131rma k\u0131sa s\u00fcrede bu tek k\u00fclt\u00fcr\u00fc g\u00fcvencesiz hale getirdi. Tercihli tarifeler 2009&#039;da a\u015f\u0131nd\u0131ktan sonra yetkililer kahve, pa\u00e7uli, aloe vera, kesme \u00e7i\u00e7ekler, mango, guava, papayaya y\u00f6neldi ve bir ekoturizm ekonomisi canland\u0131rmaya \u00e7al\u0131\u015ft\u0131. B\u00fcy\u00fcme on y\u0131l\u0131n ortas\u0131nda yeniden ba\u015flad\u0131, 2005&#039;te y\u00fczde \u00fc\u00e7\u00fcn \u00fczerine \u00e7\u0131kt\u0131 ve 2006&#039;da y\u00fczde d\u00f6rde ula\u015ft\u0131; bu b\u00fcy\u00fcme in\u015faat, hizmetler ve yeni turizmle desteklendi. Yine de ki\u015fi ba\u015f\u0131na d\u00fc\u015fen GSY\u0130H Do\u011fu Karayipler&#039;deki en d\u00fc\u015f\u00fck seviyelerden biri olmaya devam etti ve IMF devam eden kamu borcu bask\u0131lar\u0131n\u0131 ve finans sekt\u00f6r\u00fc a\u00e7\u0131klar\u0131n\u0131 kaydetti.<\/p>\n<p>Do\u011fa temelli turizm adan\u0131n kartviziti olarak ortaya \u00e7\u0131kt\u0131. Kaynayan G\u00f6l&#039;\u00fcn k\u00fck\u00fcrtl\u00fc pusu, sisle kapl\u0131 Z\u00fcmr\u00fct Havuzu, Titou&#039;daki z\u00fcmr\u00fct ge\u00e7it ve 4 Nisan 1995&#039;te UNESCO miras alan\u0131 olarak kaydedilen Morne Trois Pitons Milli Park\u0131&#039;n\u0131n dalgal\u0131 s\u0131rtlar\u0131, ilkel kar\u015f\u0131la\u015fmalar arayanlar\u0131 davet ediyor. Calibishie&#039;nin soluk kumlar\u0131 al\u0131\u015f\u0131lmad\u0131k bir k\u0131y\u0131 \u015feridi ertelemesi sunuyor. T\u00fcpl\u00fc dalg\u0131\u00e7lar su alt\u0131 menfezlerini ara\u015ft\u0131r\u0131rken, \u015fnorkelli y\u00fcz\u00fcc\u00fcler Roseau&#039;nun g\u00fcneyindeki Champagne&#039;in k\u00f6p\u00fcren resifleri aras\u0131nda veya ak\u0131nt\u0131lar\u0131n volkanik bir burun etraf\u0131nda d\u00f6nd\u00fc\u011f\u00fc Scotts Head&#039;de oyalan\u0131yorlar. Roseau&#039;daki yolcu gemisi r\u0131ht\u0131mlar\u0131 istikrarl\u0131 bir ziyaret\u00e7i ak\u0131\u015f\u0131 sa\u011flad\u0131, ancak 2008&#039;de Dominika sadece 55.800 var\u0131\u015f ald\u0131; yak\u0131ndaki Haiti&#039;nin say\u0131s\u0131n\u0131n yar\u0131s\u0131.<\/p>\n<p>Vah\u015fi do\u011fan\u0131n ortas\u0131nda, insan k\u00fclt\u00fcr\u00fc tamamlay\u0131c\u0131 bir canl\u0131l\u0131k sergiler. Karayip gelene\u011finin miras\u00e7\u0131lar\u0131 olan Kalinago, do\u011fuya do\u011fru 15 kilometrekarelik bir alanda ya\u015far ve y\u00f6netimlerini se\u00e7ilmi\u015f \u015fefler arac\u0131l\u0131\u011f\u0131yla korur. Kalinago Barana Aut\u00ea&#039;de, yeniden in\u015fa edilmi\u015f bir k\u00f6y, m\u00fctevaz\u0131 bir giri\u015f \u00fccreti kar\u015f\u0131l\u0131\u011f\u0131nda ve y\u00fckselen orman\u0131n g\u00f6lgesinde kano yap\u0131m\u0131, manyok i\u015fleme, sepet \u00f6rme ve bitkisel bilginin zanaat g\u00f6sterilerini \u00e7er\u00e7eveler. Yak\u0131nlarda, Katliam Nehri, \u0130ngiliz yerle\u015fimcilerin St. Kitts&#039;teki k\u00f6yl\u00fcleri katletti\u011fi ve hayatta kalanlar\u0131n Dominika&#039;n\u0131n g\u00f6receli s\u0131\u011f\u0131na\u011f\u0131na s\u00fcr\u00fcld\u00fc\u011f\u00fc daha karanl\u0131k bir b\u00f6l\u00fcm\u00fc anmaktad\u0131r.<\/p>\n<p>M\u00fczik ve dans ulusal takvimi canland\u0131r\u0131r. Ba\u011f\u0131ms\u0131zl\u0131k G\u00fcn\u00fc olan 3 Kas\u0131m&#039;da Roseau davul, ilahi ve kreol k\u0131yafetli dans\u00e7\u0131larla yank\u0131lan\u0131r. 1997&#039;den beri Creole in the Park ve World Creole Music Festival gibi festivaller f\u00fczyon t\u00fcrlerini kutlad\u0131: 1973&#039;te Gordon Henderson&#039;\u0131n toplulu\u011fu Exile One alt\u0131nda do\u011fan &#034;Cadence-lypso&#034;, Haiti, Afro-K\u00fcba, Avrupa ve Afrika ritimlerinin yarat\u0131c\u0131 bir kav\u015fa\u011f\u0131n\u0131 i\u015faret etti; adan\u0131n akordeonla y\u00f6nlendirilen halk m\u00fczi\u011fi jing ping, k\u00f6y meydanlar\u0131nda yank\u0131lan\u0131yor. WCK ve Triple Kay gibi gruplar arac\u0131l\u0131\u011f\u0131yla m\u00fczikal bir ak\u0131\u015fkanl\u0131k, eski yank\u0131lar\u0131 taze bir ifadeye ta\u015f\u0131yor.<\/p>\n<p>Edebiyat da Dominika&#039;n\u0131n izlerini ta\u015f\u0131r. Roseau&#039;da do\u011fan Jean Rhys, par\u00e7alanm\u0131\u015f kreol miras\u0131n\u0131, daha sonra Phyllis Shand Allfrey&#039;nin Orchid House&#039;u ile birlikte okunan, plantasyon \u00e7evrelerinde ger\u00e7ek\u00e7i bir \u015fekilde ge\u00e7en Wide Sargasso Sea&#039;de resmetti. Film ekipleri de adan\u0131n vah\u015fi otantikli\u011fini arad\u0131; Pirates of the Caribbean: Dead Man&#039;s Chest ve At World&#039;s End, k\u0131y\u0131 \u015feritlerini kurgusal Pelegosto olarak g\u00f6sterdi ve sel\u00fcloitte ormanl\u0131k u\u00e7urumlar\u0131 ve gizli koylar\u0131 yakalad\u0131.<\/p>\n<p>Mutfak uygulamalar\u0131, tarihi ve manzaray\u0131 g\u00fcnl\u00fck beslenmeye ba\u011flar. Roseau&#039;da sabah, kurutulmu\u015f morina bal\u0131\u011f\u0131 ve parlak ac\u0131 sosla e\u015fle\u015ftirilmi\u015f k\u0131zarm\u0131\u015f hamur olan tuzlu bal\u0131k ve &#034;f\u0131r\u0131n yemekleri&#034; ile ba\u015flar; sokak sat\u0131c\u0131lar\u0131 bu temel yiyecekleri k\u0131zarm\u0131\u015f tavuk, bal\u0131k ve meyve ve yo\u011furtlu smoothielerle birlikte sunar. Yo\u011funla\u015ft\u0131r\u0131lm\u0131\u015f s\u00fctle tatland\u0131r\u0131lm\u0131\u015f m\u0131s\u0131r unu lapas\u0131 daha yumu\u015fak bir \u015fafak yeme\u011fi sunarken, k\u0131zarm\u0131\u015f ekmek \u00fczerindeki yumurtalar \u0130ngiliz etkisine selam verir. Sar\u0131msak, zencefil, so\u011fan ve otlarla k\u0131zart\u0131lm\u0131\u015f dana veya tavuk g\u00fcve\u00e7leri, pirin\u00e7 ve bezelye, muz veya tannia gibi k\u00f6k sebzelerle servis edilir. K\u00f6fte ve k\u0131y\u0131lm\u0131\u015f erzakla s\u00fcslenmi\u015f doyurucu bal\u0131k sular\u0131, k\u0131y\u0131 bereketinin miras\u0131n\u0131 hat\u0131rlat\u0131r.<\/p>\n<p>Efor sarf etmeye meyilli olanlar i\u00e7in, patikalar i\u00e7 k\u0131s\u0131mlar\u0131 Middle Ham Falls&#039;tan Valley of Desolation&#039;a ve oradan da Boiling Lake&#039;e do\u011fru, sekiz saatlik zorlu bir gidi\u015f-d\u00f6n\u00fc\u015f yolculu\u011fu \u015feklinde s\u00fcsl\u00fcyor. Y\u00fcr\u00fcy\u00fc\u015f\u00e7\u00fcler, tenha havuzlarda veya gayzer \u00e7ukurlar\u0131yla dolu vadilerde emeklerinin kar\u015f\u0131l\u0131\u011f\u0131n\u0131 al\u0131yor. Macerac\u0131lar, nefes kesici manzaralarla \u00e7er\u00e7evelenmi\u015f kanyon ge\u00e7i\u015flerinde bisiklete binebilir, zip-line yapabilir veya dikey kaya y\u00fczeylerine t\u0131rmanabilir. Deniz kaplumba\u011falar\u0131, Hawksbill, Leatherback ve Green kaplumba\u011falar\u0131n\u0131n Mangrove K\u00f6rfezi&#039;nden Portsmouth&#039;a kadar olan plajlarda yuvalad\u0131\u011f\u0131 Nisan ve Ekim aylar\u0131 aras\u0131nda atalar\u0131n\u0131n \u00e7a\u011fr\u0131lar\u0131na kulak veriyor ve korumal\u0131 g\u00f6zlem noktalar\u0131ndan izleniyor.<\/p>\n<p>Dominika&#039;n\u0131n tatil k\u00f6yleri, adan\u0131n termal kaynaklar\u0131 kadar canland\u0131r\u0131c\u0131 spa uygulamalar\u0131yla s\u0131\u011f\u0131naklar\u0131 geni\u015fletiyor. Laudat&#039;ta, k\u00fc\u00e7\u00fck kul\u00fcbeler, bir ba\u015fka sabah t\u0131rman\u0131\u015f\u0131ndan \u00f6nce dinlenme olana\u011f\u0131 sunarak \u00e7a\u011flayan akarsular\u0131n \u00fczerinde konumlan\u0131yor. Scotts Head&#039;de dik burun, adan\u0131n jeopolitik i\u00e7 i\u00e7e ge\u00e7mi\u015fli\u011finin bir hat\u0131rlat\u0131c\u0131s\u0131 olan Karayip Denizi&#039;nin Martinik&#039;e do\u011fru uzanan geni\u015f manzaralar\u0131n\u0131 sunuyor.<\/p>\n<p>Y\u00fczy\u0131llarca s\u00fcren \u00e7alkant\u0131lardan sonra -Arawak oca\u011f\u0131ndan s\u00f6m\u00fcrge plantasyonuna, k\u00f6le isyan\u0131ndan ba\u011f\u0131ms\u0131z demokrasiye- Dominika kendine \u00f6zg\u00fc bir ruhu korumu\u015ftur. K\u0131y\u0131 kasabalar\u0131 ve da\u011f\u0131n\u0131k i\u00e7 b\u00f6lgelerdeki \u00e7iftlik evlerine da\u011f\u0131lm\u0131\u015f halk\u0131, toplumsal ba\u011flar\u0131 b\u00fcy\u00fcyen bireyselliklerle dengeleyen bir ritmi temsil eder. Burada, ate\u015f ve suyun, orman ve kayan\u0131n bu potas\u0131nda, her bir unsur kal\u0131c\u0131 bir anlat\u0131y\u0131 \u015fekillendirir: \u00f6l\u00e7ek olarak k\u00fc\u00e7\u00fck ama karakter olarak geni\u015f bir ulusun, hala b\u00f6l\u00fcmlerini buhar y\u00fckl\u00fc \u015fafaklarda ve alacakaranl\u0131\u011f\u0131n papa\u011fan \u00e7a\u011fr\u0131lar\u0131nda yazan.<\/p>","protected":false},"excerpt":{"rendered":"<p>Resmi olarak Dominika Toplulu\u011fu olarak an\u0131lan Dominika, Karayip Denizi&#039;nde bulunan bir ada \u00fclkesidir. K\u00fc\u00e7\u00fck Antiller tak\u0131madalar\u0131n\u0131n Windward Adalar\u0131 zincirinde bulunan bu ada, zengin manzaralar\u0131 ve dinamik k\u00fclt\u00fcr\u00fcyle dikkat \u00e7ekmektedir. Dominika&#039;n\u0131n ba\u015fkenti olan Roseau, adan\u0131n bat\u0131 taraf\u0131nda yer almakta olup Karayip Denizi&#039;nin g\u00fczel bir manzaras\u0131n\u0131 sunmaktad\u0131r. Ada, kuzeybat\u0131daki Guadeloupe ve g\u00fcney-g\u00fcneydo\u011fudaki Martinik olmak \u00fczere Frans\u0131z deniza\u015f\u0131r\u0131 b\u00f6lgelerine en yak\u0131n olan\u0131d\u0131r ve her ikisi de Avrupa Birli\u011fi&#039;nin ayr\u0131lmaz bile\u015fenleridir.<\/p>","protected":false},"author":1,"featured_media":3180,"parent":24084,"menu_order":0,"comment_status":"closed","ping_status":"closed","template":"elementor_theme","meta":{"_eb_attr":"","footnotes":""},"class_list":["post-9194","page","type-page","status-publish","has-post-thumbnail"],"_links":{"self":[{"href":"https:\/\/travelshelper.com\/tr\/wp-json\/wp\/v2\/pages\/9194","targetHints":{"allow":["GET"]}}],"collection":[{"href":"https:\/\/travelshelper.com\/tr\/wp-json\/wp\/v2\/pages"}],"about":[{"href":"https:\/\/travelshelper.com\/tr\/wp-json\/wp\/v2\/types\/page"}],"author":[{"embeddable":true,"href":"https:\/\/travelshelper.com\/tr\/wp-json\/wp\/v2\/users\/1"}],"replies":[{"embeddable":true,"href":"https:\/\/travelshelper.com\/tr\/wp-json\/wp\/v2\/comments?post=9194"}],"version-history":[{"count":0,"href":"https:\/\/travelshelper.com\/tr\/wp-json\/wp\/v2\/pages\/9194\/revisions"}],"up":[{"embeddable":true,"href":"https:\/\/travelshelper.com\/tr\/wp-json\/wp\/v2\/pages\/24084"}],"wp:featuredmedia":[{"embeddable":true,"href":"https:\/\/travelshelper.com\/tr\/wp-json\/wp\/v2\/media\/3180"}],"wp:attachment":[{"href":"https:\/\/travelshelper.com\/tr\/wp-json\/wp\/v2\/media?parent=9194"}],"curies":[{"name":"wp","href":"https:\/\/api.w.org\/{rel}","templated":true}]}}