{"id":9187,"date":"2024-09-07T16:46:44","date_gmt":"2024-09-07T16:46:44","guid":{"rendered":"https:\/\/travelshelper.com\/staging\/?page_id=9187"},"modified":"2026-03-13T16:13:12","modified_gmt":"2026-03-13T16:13:12","slug":"boca-chica","status":"publish","type":"page","link":"https:\/\/travelshelper.com\/tr\/destinations\/north-america\/dominican-republic\/boca-chica\/","title":{"rendered":"Boca Chica"},"content":{"rendered":"<p>167.040 ki\u015fiye ev sahipli\u011fi yapan Boca Chica belediyesi (104.951 \u015fehir sakini ve 62.089 k\u0131rsal kesim sakini) Dominik Cumhuriyeti&#039;nin g\u00fcneydo\u011fu k\u0131y\u0131s\u0131nda, Santo Domingo de Guzm\u00e1n&#039;\u0131n yakla\u015f\u0131k otuz kilometre do\u011fusunda yer al\u0131r; sular\u0131 ince beyaz kumlara \u00e7arparak, y\u00fczy\u0131l ortalar\u0131nda yap\u0131lan tarama \u00e7al\u0131\u015fmalar\u0131yla \u015fekillendirilmi\u015f ve Atlantik dalgalar\u0131n\u0131 sapt\u0131ran do\u011fal ta\u015ftan bir dalgak\u0131ranla korunan iki k\u00fc\u00e7\u00fck aday\u0131 bar\u0131nd\u0131r\u0131r. Ayn\u0131 anda, Panama&#039;n\u0131n Pasifik yakas\u0131nda, Pedregal Nehri&#039;nin a\u011fz\u0131nda, Inter-American Otoyolu&#039;nun yirmi sekiz kilometre g\u00fcneyinde ve David&#039;den elli kilometre uzakl\u0131kta, Golfo de Chiriqu\u00ed deniz koruma alan\u0131na ve mercan kapl\u0131 adalar tak\u0131my\u0131ld\u0131z\u0131na a\u00e7\u0131lan bir kap\u0131 g\u00f6revi g\u00f6ren ba\u015fka bir Boca Chica yer al\u0131r. Her yerin ortak bir ad\u0131 var ama Karayip ya\u015fam\u0131n\u0131n farkl\u0131 b\u00f6l\u00fcmlerini yans\u0131t\u0131yor: Biri \u015feker plantasyonu h\u0131rslar\u0131 ve otokratik ihti\u015famla do\u011fmu\u015f, di\u011feri ise \u00f6ks\u00fcz bal\u0131k\u00e7\u0131 koylar\u0131 ve el de\u011fmemi\u015f manzaralarla \u015fekillenmi\u015f; co\u011frafya, tarih ve insan \u00e7abas\u0131, g\u00fcne\u015fli k\u0131y\u0131lar\u0131n ve durgun gelgitlerin iki paralel anlat\u0131s\u0131na ba\u011flan\u0131yor.<\/p>\n<p>1779&#039;da Tu\u011fgeneral Don Isidro Peralta y Rojas y\u00f6netiminde San Jos\u00e9 de los Llanos ad\u0131yla kurulu\u015fundan itibaren, Dominik Boca Chica erken varl\u0131\u011f\u0131n\u0131 tan\u0131mlayan bir tar\u0131msal goblen \u00f6rd\u00fc. \u015eeker kam\u0131\u015f\u0131 tarlalar\u0131 i\u00e7 kesimlere do\u011fru uzan\u0131yordu, ye\u015fil yapraklar\u0131 1900&#039;lerin ba\u015f\u0131na kadar tropik g\u00fcne\u015fin alt\u0131nda sallan\u0131yordu. Ta ki giri\u015fimci Juan Bautista Vicini Burgos siyasi n\u00fcfuzunu kullanarak manzaray\u0131 modern bir plantasyon arazisine d\u00f6n\u00fc\u015ft\u00fcrene kadar. 1916&#039;da devlet m\u00fcdahalesi ger\u00e7ekle\u015fti ve yeni kurulan \u015feker \u015firketi de\u011firmen in\u015faat\u0131 ve i\u015f\u00e7i konutlar\u0131 arac\u0131l\u0131\u011f\u0131yla geli\u015fimi h\u0131zland\u0131rd\u0131 ve 1926&#039;da Santo Domingo&#039;ya asfalt bir otoyolla sonu\u00e7lanan altyap\u0131sal temelleri att\u0131. Bu t\u00fcr ba\u011flant\u0131lar Boca Chica&#039;y\u0131 tenha bir mezradan ba\u015fkentin uydusu haline getirdi ve k\u00f6yl\u00fcler ile \u015fehir sakinleri aras\u0131ndaki hem fiziksel hem de sosyal mesafeyi daraltt\u0131.<\/p>\n<p>Siyasi co\u011frafya, diktat\u00f6r Rafael Le\u00f3nidas Trujillo&#039;nun belediyeyi San Pedro de Macor\u00eds&#039;ten ay\u0131r\u0131p Ulusal B\u00f6lge&#039;ye atamas\u0131yla Kas\u0131m 1932&#039;de yeniden de\u011fi\u015fti. Sonraki on y\u0131l Boca Chica&#039;n\u0131n ulusal \u00f6neme y\u00fckseli\u015fine tan\u0131k oldu: Trujillo g\u00f6rkemli bir otel olan Hotel Hamaca&#039;y\u0131 hizmete soktu; Art Deco \u00e7izgileri ve sahil teraslar\u0131 se\u00e7kin ailelere ayr\u0131lm\u0131\u015f bir e\u011flence d\u00f6nemini m\u00fcjdeliyordu. Sadece \u00f6zel araba veya otomobille ula\u015f\u0131labilen k\u0131y\u0131 boyunca yazl\u0131k villalar t\u00fcredi ve kasabaya ayr\u0131cal\u0131kl\u0131 bir hava katt\u0131. Yine de ayn\u0131 otel, g\u00f6revden al\u0131nan K\u00fcbal\u0131 g\u00fc\u00e7l\u00fc adam Fulgencio Batista&#039;n\u0131n duvarlar\u0131 aras\u0131nda s\u0131\u011f\u0131nak bulmas\u0131yla tarihi bir \u00f6nem kazand\u0131 ve b\u00f6lgenin jeopolitik yank\u0131s\u0131n\u0131 sadece \u015feker ve kumdan \u00f6teye ta\u015f\u0131d\u0131.<\/p>\n<p>Trujillo&#039;nun 1961&#039;de suikasta u\u011framas\u0131 ayr\u0131cal\u0131k kap\u0131lar\u0131n\u0131 aralad\u0131 ve bug\u00fcne kadar aristokrasinin tekelinde olan plaja geni\u015f \u00e7apl\u0131 bir halk eri\u015fimi sa\u011flad\u0131. Toplu ta\u015f\u0131ma otob\u00fcsleri ve taksiler k\u0131sa s\u00fcrede kalabal\u0131klar\u0131 Santo Domingo&#039;dan ta\u015f\u0131d\u0131, k\u0131y\u0131 \u015feritleri kristal s\u0131\u011fl\u0131klara ve ge\u00e7ici dinlenme vaadine \u00e7ekilen kalabal\u0131klarla doldu. Ziyaret\u00e7iler, yumu\u015fak bir deniz taban\u0131 e\u011fimi sayesinde onlarca metre boyunca bel hizas\u0131ndan daha derin olmayan su buldular; yak\u0131nlarda, yeralt\u0131 Brujuelas Nehri&#039;nden gelen tatl\u0131 su dalgalara s\u0131zarak tuzu tatl\u0131yla yumu\u015fatt\u0131. Bu demokratikle\u015fmenin ortas\u0131nda, Hamaca oteli ba\u015flang\u0131\u00e7taki ihti\u015fam\u0131n\u0131n \u00f6tesinde, 1979&#039;da Kas\u0131rga David&#039;in \u00f6fkesi kap\u0131lar\u0131n\u0131 kapatana ve y\u0131llarca s\u00fcren terk edilmi\u015flik ve yerel ekonomik gerilemeyi ba\u015flatana kadar zaman\u0131n etkisinden uzak kald\u0131.<\/p>\n<p>Yeniden do\u011fu\u015f d\u00fczensiz bir \u015fekilde geldi. Uzun zamand\u0131r solmu\u015f hayallerin bir kal\u0131nt\u0131s\u0131 olan Hotel Hamaca&#039;n\u0131n terk edilmi\u015f silueti sonunda canland\u0131r\u0131ld\u0131 ve odalar\u0131 hem halka a\u00e7\u0131k manzaraya hem de \u00f6zel turizm b\u00f6lgelerine yak\u0131nl\u0131k arayan konuklara yeniden a\u00e7\u0131ld\u0131. Belediye ilgi \u00e7ekici yerlerini \u00e7e\u015fitlendirdi: Los Pinos, limanda taranan tortulardan olu\u015fan kumlu bir adac\u0131k olarak ortaya \u00e7\u0131kt\u0131 ve g\u00fcn\u00fcbirlik gezginleri g\u00fcne\u015fle y\u0131kanm\u0131\u015f bir yaln\u0131zl\u0131kta oyalanmaya davet etti; mangrov koylar\u0131yla filizlenen La Matica ve La Piedra, g\u00f6\u00e7men ve yerle\u015fik ku\u015flar i\u00e7in ku\u015f koruma alanlar\u0131 haline geldi. \u0130ki k\u00fc\u00e7\u00fck marina, \u015fnorkelli resiflere ve bal\u0131k tutma alanlar\u0131na giden teknelere ev sahipli\u011fi yaparken, do\u011fal dalgak\u0131ran, ani dalgalanmalardan korkmadan \u015fnorkelli y\u00fczme veya deniz kaya\u011f\u0131 denemek isteyen acemiler i\u00e7in ideal olan sakin sular\u0131 garantiledi.<\/p>\n<p>\u015eehir ve plaj simbiyoz halinde i\u015fliyor. K\u0131y\u0131 boyunca, a\u00e7\u0131k hava terasl\u0131 restoranlar g\u00fcnl\u00fck yakalanm\u0131\u015f k\u0131zarm\u0131\u015f hamur i\u015fleri ve \u0131zgara bal\u0131klar sunarken, pizza tezgahlar\u0131 alacakaranl\u0131k saatlerini aromatik hamur ve k\u00f6p\u00fcren peynirle dolduruyor. Sat\u0131c\u0131lar hediyelik e\u015fyalar, deniz kabu\u011fu kolyeler, has\u0131r \u015fapkalar ve Karayipler&#039;den kopar\u0131lm\u0131\u015f biblolarla dolu arabalar\u0131 itiyor. Barlar \u015fafaktan gece ge\u00e7 saatlere kadar y\u00fcksek sesli merengue ve bachata ritimleriyle nab\u0131z at\u0131yor, ziyaret\u00e7ileri durgun siestalardan gece e\u011flencelerine y\u00f6nlendiriyor. Ak\u015fam oldu\u011funda, neon fenerler m\u00fc\u015fterilerin sallanan palmiyelerin alt\u0131nda salland\u0131\u011f\u0131 parti mekanlar\u0131n\u0131 \u00e7er\u00e7eveliyor, m\u00fczi\u011fin baslar\u0131 dalgalanan gelgiti yans\u0131t\u0131yor.<\/p>\n<p>Bu k\u0131y\u0131 mekan\u0131na pratik ge\u00e7i\u015f hala basittir. Kuzey Amerika veya Kanada kap\u0131lar\u0131ndan, gezginler Punta Cana veya Las Am\u00e9ricas havaalanlar\u0131na b\u00fct\u00e7eli u\u00e7u\u015flar ayarlayabilir, ard\u0131ndan taksiyle Boca Chica&#039;ya sabit bir \u00fccret kar\u015f\u0131l\u0131\u011f\u0131nda transfer edebilirler; bu genellikle kapsaml\u0131 tur d\u00fczenlemeleri i\u00e7inde paketlenir. Porto Riko&#039;dan gelen denizciler Santo Domingo&#039;ya feribotla gidebilir, ard\u0131ndan karayoluyla sahile ge\u00e7ebilirler. Tesis i\u00e7inde, y\u00fcr\u00fcy\u00fc\u015f yerel ya\u015famla yak\u0131nl\u0131k sunarken, motorlu tekne kiralamalar\u0131 adac\u0131klara ve \u015fnorkelli y\u00fczme alanlar\u0131na h\u0131zl\u0131 eri\u015fim sa\u011flar. Rehberli g\u00fcvenli\u011fi tercih edenler i\u00e7in, Santo Domingo&#039;nun Koloni \u015eehri komutas\u0131na taksiler sabit \u00fccretler sunar; tek y\u00f6n k\u0131rk dolar, gidi\u015f d\u00f6n\u00fc\u015f yetmi\u015f dolar; asgari pazarl\u0131k ve kap\u0131dan kap\u0131ya kolayl\u0131k.<\/p>\n<p>\u015eehrin tam i\u00e7inde, merkezi bir park sosyal tiyatro olarak ortaya \u00e7\u0131k\u0131yor. Yerliler ferforje banklarda toplan\u0131yor, k\u00f6kleri korkuluklar\u0131n \u00fczerinden akan banyan a\u011fa\u00e7lar\u0131n\u0131n alt\u0131nda sohbet ediyorlar. Sokak k\u00f6\u015felerindeki kafeler, sabah\u0131n erken saatlerinde esen r\u00fczgarlarla buharla\u015fan porselen fincanlar\u0131nda caf\u00e9 con leche ve ev yap\u0131m\u0131 pastalar sunuyor. G\u00fcnl\u00fck ritimler, tropikal meyve satan sat\u0131c\u0131lar\u0131n ritminde ve yak\u0131ndaki bir \u00e7e\u015fmenin mermer y\u00fczeylerinde kayan \u00e7ocuklar\u0131n kahkahalar\u0131nda kay\u0131t alt\u0131na al\u0131n\u0131yor. Bu sokaklarda dola\u015fmak, topluluk ba\u011flar\u0131n\u0131n y\u00fckseltti\u011fi g\u00fcnl\u00fck anlara tan\u0131k olmak demektir; herhangi bir su aktivitesi kadar ilgi \u00e7ekici bir deneyim.<\/p>\n<p>Suda yap\u0131lan maceralar bir\u00e7ok ki\u015fiyi Boca Chica&#039;n\u0131n yumu\u015fak k\u0131y\u0131 \u015feridine \u00e7eker. \u015enorkelli y\u00fczme, mercan bommileri aras\u0131nda h\u0131zla hareket eden papa\u011fan bal\u0131klar\u0131n\u0131 ve wrasse&#039;leri ortaya \u00e7\u0131kar\u0131r; t\u00fcpl\u00fc dalg\u0131\u00e7lar, kendilerini su alt\u0131ndaki ma\u011faralara ve resif duvarlar\u0131na dald\u0131rarak yerel operat\u00f6rler arac\u0131l\u0131\u011f\u0131yla \u00f6zel geziler ayarlayabilir. Spor bal\u0131k\u00e7\u0131lar\u0131, marlin, ton bal\u0131\u011f\u0131 ve dorado i\u00e7in tekneler kiralar, makaralar\u0131 s\u0131\u00e7rayan sularda k\u0131r\u0131lan g\u00fcne\u015f \u0131\u015f\u0131nlar\u0131n\u0131n alt\u0131nda \u015fark\u0131 s\u00f6yler. Ticaret makineleri -su taksileri- makul \u00fccretler kar\u015f\u0131l\u0131\u011f\u0131nda tam g\u00fcnl\u00fck turlar sunar: tekne ba\u015f\u0131na y\u00fcz dolarl\u0131k bir fiyat, g\u00fcvertesini dolduracak kadar grup i\u00e7in balina izleme, plaj atlama ve \u015fnorkelli y\u00fczme sa\u011flar; ki\u015fi ba\u015f\u0131 \u00fccretler yirmi dolara yak\u0131n seyreder ve h\u0131zl\u0131 \u0130spanyolcada y\u00f6netilen eko-turlara giri\u015f hakk\u0131 sa\u011flar.<\/p>\n<p>G\u00fcnl\u00fck ya\u015fam ticarete kadar uzan\u0131r. Duarte Caddesi, yerli ve yabanc\u0131 yapraklar sunan k\u00fc\u00e7\u00fck bir puro ma\u011fazas\u0131na ev sahipli\u011fi yapar; her iki g\u00fcnde bir, William ad\u0131nda bir purocu, m\u00fc\u015fterilerin iste\u011fine g\u00f6re \u00f6zel purolar yapar. Biri park\u0131n iki yan\u0131nda, di\u011feri Be Live Hamaca tatil k\u00f6y\u00fcn\u00fcn yan\u0131nda bulunan iki s\u00fcpermarket, bakkaliye ve temel ihtiya\u00e7 malzemeleri tedarik ederken, eczaneler ve posta hizmetleri temel i\u015flevleri yerine getirir. Hat\u0131ra e\u015fya tezgahlar\u0131 yan sokaklarda s\u0131ralan\u0131r, sahipleri hediyelik e\u015fyalar konusunda pazarl\u0131\u011fa a\u00e7\u0131kt\u0131r ancak ila\u00e7lar ve yiyecekler konusunda kararl\u0131d\u0131r. Pazarl\u0131k, s\u0131radan bir sat\u0131n alman\u0131n \u00f6tesinde bir etkile\u015fim duygusu a\u015f\u0131layarak, geleneksel g\u00f6rg\u00fc kural\u0131 olmaya devam eder.<\/p>\n<p>Gastronomik se\u00e7enekler bol miktarda. Sahil lokantalar\u0131 bal\u0131k, deniz \u00fcr\u00fcnleri paellalar\u0131 ve empanadalardan olu\u015fan ho\u015f kokulu g\u00fcve\u00e7ler sergiliyor, aromalar\u0131 tuzlu havayla kar\u0131\u015f\u0131yor. Sokak sat\u0131c\u0131lar\u0131 k\u00f6m\u00fcr \u0131zgaralar\u0131yla kumlar\u0131n etraf\u0131nda dola\u015f\u0131yor, \u00f6\u011fle yeme\u011fi yiyenler i\u00e7in tavuk ve domuz eti \u015fi\u015fliyor. K\u00fcreselle\u015fmenin bilindik bir simgesi olan Burger King, yerel yemeklerin yan\u0131nda n\u00f6bet tutuyor ve Amerikan temel g\u0131dalar\u0131na olan istekleri kar\u015f\u0131l\u0131yor. Dominik lezzetine dalmak isteyenler i\u00e7in baharatlar\u0131n, k\u0131zartma ya\u011flar\u0131n\u0131n ve tropikal meyvelerin kar\u0131\u015f\u0131m\u0131, masmavi deniz kadar canl\u0131 bir palet olu\u015fturuyor.<\/p>\n<p>Bar\u0131naklar m\u00fctevaz\u0131 konaklama yerlerinden her \u015fey dahil yerle\u015fim yerlerine kadar \u00e7e\u015fitlilik g\u00f6sterir. K\u00fc\u00e7\u00fck aile i\u015fletmesi oteller \u015fehir merkezine yak\u0131n k\u00fcmelenir ve ula\u015f\u0131labilir fiyatlarla temel odalar sunar. Daha do\u011fuda, bir zamanlar Hilton markal\u0131 ve \u015fimdi Be Live taraf\u0131ndan i\u015fletilen iki sahil tesisi, misafirlere \u00f6zel kumlar sunar ve olanaklar\u0131 kusursuz konfor isteyen tatilcilere y\u00f6neliktir. Bu kompleksler havuzlar, barlar ve e\u011flence programlar\u0131 i\u00e7erir ve halk plaj\u0131n\u0131n i\u00e7ten samimiyetine alternatif bir evren yarat\u0131r.<\/p>\n<p>Y\u00fczlerce kilometre g\u00fcneybat\u0131da, Panama Boca Chica farkl\u0131 bir tarih yaz\u0131yor. Kasaba, marlin ve ton bal\u0131\u011f\u0131 stoklar\u0131 i\u00e7in spor bal\u0131k\u00e7\u0131l\u0131\u011f\u0131 uzmanlar\u0131 aras\u0131nda sayg\u0131 duyulan bir alan olan Parque Nacional Marino Golfo de Chiriqu\u00ed&#039;nin bat\u0131 k\u0131y\u0131s\u0131nda yer al\u0131yor. Coiba Ulusal Deniz Park\u0131, a\u015f\u0131r\u0131 avlanmaya direnen ekolojik bir kale i\u00e7inde k\u00f6pekbal\u0131klar\u0131, manta vatozlar\u0131 ve balinalara ev sahipli\u011fi yapan mercan bah\u00e7eleriyle tekneyle gidilebilecek bir mesafede yer al\u0131yor. Islas Ladrones, Secas ve Paridas, Orta Amerika&#039;n\u0131n ba\u015fka hi\u00e7bir yerinde e\u015fi benzeri olmayan berrak su arayan dalg\u0131\u00e7lar i\u00e7in basamak ta\u015flar\u0131 gibi a\u00e7\u0131k denizde da\u011f\u0131lm\u0131\u015f durumda.<\/p>\n<p>Bu tropikal karakola eri\u015fim, Pedregal Nehri&#039;nin a\u011fz\u0131nda sonlanan tek bir yol boyunca a\u00e7\u0131l\u0131r. Ya\u011fmurlu mevsimde, bu asfalt \u015ferit bir zamanlar \u015fiddetli su ak\u0131nt\u0131s\u0131 alt\u0131nda b\u00fck\u00fcl\u00fcrd\u00fc, ancak son yenilemeler d\u00f6rt tekerlekli ara\u00e7lar aras\u0131nda bile yolculu\u011fu kolayla\u015ft\u0131rd\u0131. Ziyaret\u00e7iler, bu son yakla\u015f\u0131m\u0131 mangrov ormanlar\u0131 ve ac\u0131 sular\u0131n kar\u015f\u0131s\u0131ndaki kom\u015fusu Isla Boca Brava&#039;n\u0131n uzak siluetiyle \u00e7er\u00e7evelenmi\u015f bulurlar. Y\u00fcksek katl\u0131 yap\u0131lar\u0131n yoklu\u011fu bir izolasyon duygusunu korur; ufuk \u00e7izgisini delecek hi\u00e7bir otel kulesi yoktur, karanl\u0131\u011f\u0131 b\u00f6len hi\u00e7bir neon \u0131\u015f\u0131k \u015feridi yoktur. Bunun yerine, ah\u015faptan yap\u0131lm\u0131\u015f kul\u00fcbeler ve pastel boyal\u0131 evler, dayan\u0131ks\u0131z \u00e7itlerin \u00fczerinden deniz ya\u015fam\u0131na dair bak\u0131\u015flar sunar.<\/p>\n<p>K\u0131y\u0131dan tekneyle on dakikal\u0131k mesafedeki Isla Saino, b\u00f6lgenin bozulmam\u0131\u015f \u00f6z\u00fcn\u00fcn bir mikrokozmosu olarak hizmet veriyor. G\u00fcn\u00fcbirlik gezi yapanlar yirmili ya\u015flardaki tek kum \u015feridini istila ediyor, ancak geceyi ge\u00e7irenler sadece dalgalar ve hindistancevizi a\u011fa\u00e7lar\u0131ndaki r\u00fczgarla noktalanan yaln\u0131zl\u0131kla uyanabiliyor. \u0130skeledeki t\u00fcpl\u00fc dal\u0131\u015f k\u0131yafetleri, papa\u011fan bal\u0131klar\u0131 ve lagoslarla benekli zirveler aras\u0131nda \u00f6zel olarak tasarlanm\u0131\u015f dal\u0131\u015flar i\u00e7in talepleri davet ediyor. Gone Fishing gibi \u015firketler, marlinlerin ton bal\u0131\u011f\u0131 s\u00fcr\u00fclerini takip etmek i\u00e7in sudan \u00e7\u0131kt\u0131\u011f\u0131 a\u00e7\u0131k deniz resiflerine derin deniz gezileri sa\u011fl\u0131yor; k\u00fc\u00e7\u00fck gruplar i\u00e7in yap\u0131land\u0131r\u0131lm\u0131\u015f tekneleri, bu kiralamalar daha b\u00fcy\u00fck filolarda olmayan bir samimiyet sa\u011fl\u0131yor.<\/p>\n<p>Spor bal\u0131k\u00e7\u0131l\u0131\u011f\u0131n\u0131n \u00f6tesinde, tur operat\u00f6rleri kombine g\u00fczergahlar i\u00e7in su taksileri d\u00fczenler: sezonda balina izleme, ormanl\u0131k adac\u0131klara ziyaretler ve s\u0131\u011f resiflerde \u015fnorkelli y\u00fczme. Tekne ba\u015f\u0131na y\u00fcz dolarl\u0131k tam g\u00fcnl\u00fck rezervasyon, ailelere veya k\u00fc\u00e7\u00fck gruplara uygundur, m\u00fcmk\u00fcn oldu\u011funda iki dilli rehberler sunar ancak a\u011f\u0131rl\u0131kl\u0131 olarak yerel \u0130spanyolca dilinde yap\u0131l\u0131r - h\u0131zl\u0131 \u00fcns\u00fczleri atalar\u0131n\u0131n denizcilik hikayelerini ta\u015f\u0131r. \u0130spanyolcada \u00e7ok az bilgisi olanlar jestlerin ve sabr\u0131n yeterli oldu\u011funu, g\u00fcn do\u011fumuna kar\u015f\u0131 sudan \u00e7\u0131kan orkalar\u0131n manzaralar\u0131 ve ba\u015flar\u0131n\u0131n \u00fczerinde d\u00f6nen fregat ku\u015flar\u0131n\u0131n g\u00fcr\u00fclt\u00fcs\u00fcyle \u00f6d\u00fcllendirildi\u011fini g\u00f6r\u00fcrler.<\/p>\n<p>\u015eehirde, pazar \u015fafak vakti kuruluyor. Bal\u0131k\u00e7\u0131lar horoz bal\u0131\u011f\u0131, mercan ve cavalli avlar\u0131n\u0131 bo\u015falt\u0131yor; \u00e7ift\u00e7iler yak\u0131ndaki plantasyonlardan hasat edilen kavun ve papayalarla geliyor. El dokumas\u0131 hamak ve sepetlerden olu\u015fan tezgahlar, nesiller boyunca aktar\u0131lan yerel teknikleri yans\u0131tan i\u015f\u00e7ilikleriyle sahil yolunu s\u00fcsl\u00fcyor. En az \u00fc\u00e7 lokanta, men\u00fcleri tahtalara karalanm\u0131\u015f, sabit \u0131zgaralar yerine g\u00fcnl\u00fck av hacimlerine g\u00f6re belirlenen fiyatlara sahip, hindistan cevizi-pirin\u00e7 ve taze ceviche tabaklar\u0131 sunuyor.<\/p>\n<p>Gece, siyah kadife sular\u0131na iner ve kasaba yumu\u015fak bir s\u00fckunete b\u00fcr\u00fcn\u00fcr. Yerliler a\u011flar\u0131n\u0131 tamir ederken ve tekne motorlar\u0131n\u0131 onar\u0131rken fener \u0131\u015f\u0131\u011f\u0131 r\u0131ht\u0131ma d\u00f6k\u00fcl\u00fcr, dizel kokusu okyanus spreyiyle kar\u0131\u015f\u0131r. Ba\u015fka yerlerde, gezginler kaz\u0131klar \u00fczerine t\u00fcnemi\u015f a\u00e7\u0131k hava bungalovlar\u0131nda dinlenir, gece dalgalar\u0131n\u0131n senfonisiyle uyu\u015furlar. Ufukta hi\u00e7bir mega otel hakim de\u011fildir; bunun yerine, sade misafirperverlik her yap\u0131ya n\u00fcfuz eder ve eksik l\u00fcksleri a\u015fan bir konuk ve ev sahibi aras\u0131nda bir ba\u011f olu\u015fturur.<\/p>\n<p>Bu ikili co\u011frafyalarda, Boca Chica z\u0131tl\u0131klar\u0131n bir incelemesi olarak ortaya \u00e7\u0131k\u0131yor: biri \u015feker zenginli\u011fi ve otokratik vizyonla \u015fekillenmi\u015f, di\u011feri gelgit ritimleri ve bal\u0131k\u00e7\u0131l\u0131k gelenekleriyle \u015fekillenmi\u015f. Her ikisi de insan azminin kan\u0131tlar\u0131n\u0131 ta\u015f\u0131yor: mangrovlar\u0131n aras\u0131ndan oyulmu\u015f yollar, llanos&#039;lara yerle\u015ftirilmi\u015f plantasyonlar, g\u00fcc\u00fc i\u015faret etmek i\u00e7in dikilmi\u015f otel cepheleri, yerel keresteyle in\u015fa edilmi\u015f evler. Her ikisi de bir dal\u0131\u015f vaat ediyor: biri Dominikli hafta soncular\u0131n ne\u015feli g\u00fcr\u00fclt\u00fcs\u00fcne; di\u011feri ise y\u00fckselen g\u00fcne\u015fin alt\u0131nda dorado oltalar\u0131 atarak ge\u00e7irilen sessiz sabahlara. Her iki enkarnasyonda da isim, insanlar\u0131 yenilenme, dinlenme ve ayd\u0131nlanma aray\u0131\u015f\u0131nda k\u0131y\u0131lara \u00e7eken unsurlar olan g\u00fcne\u015fli su ve kum vaadini \u00e7a\u011fr\u0131\u015ft\u0131r\u0131yor.<\/p>","protected":false},"excerpt":{"rendered":"<p>Boca Chica, Dominik Cumhuriyeti&#039;nin Santo Domingo eyaletinde bulunan ilgi \u00e7ekici bir belediyedir. 2022 n\u00fcfus say\u0131m\u0131na g\u00f6re, n\u00fcfusu 167.040&#039;t\u0131r ve \u015fehirde 104.951, k\u0131rsal alanlarda ise 62.089 ki\u015fi bulunmaktad\u0131r. Bu dinamik k\u00f6y, tarih ve do\u011fal g\u00fczellik a\u00e7\u0131s\u0131ndan zengin olmas\u0131n\u0131n yan\u0131 s\u0131ra bir aktivite ve k\u00fclt\u00fcr merkezi olarak da hizmet vermektedir.<\/p>","protected":false},"author":1,"featured_media":3348,"parent":9128,"menu_order":0,"comment_status":"closed","ping_status":"closed","template":"elementor_theme","meta":{"_eb_attr":"","footnotes":""},"class_list":["post-9187","page","type-page","status-publish","has-post-thumbnail"],"_links":{"self":[{"href":"https:\/\/travelshelper.com\/tr\/wp-json\/wp\/v2\/pages\/9187","targetHints":{"allow":["GET"]}}],"collection":[{"href":"https:\/\/travelshelper.com\/tr\/wp-json\/wp\/v2\/pages"}],"about":[{"href":"https:\/\/travelshelper.com\/tr\/wp-json\/wp\/v2\/types\/page"}],"author":[{"embeddable":true,"href":"https:\/\/travelshelper.com\/tr\/wp-json\/wp\/v2\/users\/1"}],"replies":[{"embeddable":true,"href":"https:\/\/travelshelper.com\/tr\/wp-json\/wp\/v2\/comments?post=9187"}],"version-history":[{"count":0,"href":"https:\/\/travelshelper.com\/tr\/wp-json\/wp\/v2\/pages\/9187\/revisions"}],"up":[{"embeddable":true,"href":"https:\/\/travelshelper.com\/tr\/wp-json\/wp\/v2\/pages\/9128"}],"wp:featuredmedia":[{"embeddable":true,"href":"https:\/\/travelshelper.com\/tr\/wp-json\/wp\/v2\/media\/3348"}],"wp:attachment":[{"href":"https:\/\/travelshelper.com\/tr\/wp-json\/wp\/v2\/media?parent=9187"}],"curies":[{"name":"wp","href":"https:\/\/api.w.org\/{rel}","templated":true}]}}