{"id":9146,"date":"2024-09-07T14:47:02","date_gmt":"2024-09-07T14:47:02","guid":{"rendered":"https:\/\/travelshelper.com\/staging\/?page_id=9146"},"modified":"2026-03-13T16:03:47","modified_gmt":"2026-03-13T16:03:47","slug":"puerto-plata","status":"publish","type":"page","link":"https:\/\/travelshelper.com\/tr\/destinations\/north-america\/dominican-republic\/puerto-plata\/","title":{"rendered":"Puerto Plata"},"content":{"rendered":"<p>San Felipe de Puerto Plata, Dominik Cumhuriyeti&#039;nin kuzey k\u0131y\u0131s\u0131ndaki ba\u015fl\u0131ca liman ve eyalet ba\u015fkenti olarak konumlan\u0131yor, kentsel dokusu Pico Isabel de Torres&#039;in 793 metrelik zirvesinin alt\u0131nda do\u011fal bir liman\u0131n etraf\u0131nda \u015fekilleniyor. Kal\u0131c\u0131 bir canl\u0131l\u0131\u011fa sahip olan bu \u015fehir, y\u00fcz binden fazla tatil beldesi yata\u011f\u0131n\u0131 ve b\u00f6lgenin \u00f6nc\u00fc hava tramvay\u0131n\u0131 destekliyor. Sahil \u015feridi do\u011fuda Playa Dorada ve Costa Dorada ile \u00e7evrilidir. Puerto Plata, tarih, ticaret ve e\u011flencenin birle\u015fti\u011fi bir yer olarak ortaya \u00e7\u0131k\u0131yor.<\/p>\n<p>\u0130spanyol s\u00f6m\u00fcrgecilerin on alt\u0131nc\u0131 y\u00fczy\u0131l\u0131n ba\u015flar\u0131nda k\u0131y\u0131lar\u0131na ilk ayak bast\u0131klar\u0131 andan itibaren Puerto Plata h\u0131rs ve zorluk ak\u0131mlar\u0131 taraf\u0131ndan \u015fekillendirildi. O d\u00f6nemde yerle\u015fim, Santo Domingo&#039;nun ba\u015fl\u0131ca deniz \u00e7\u0131k\u0131\u015f\u0131 olarak hizmet etti ve Avrupa ile Yeni D\u00fcnya aras\u0131nda mal ve fikir ak\u0131\u015f\u0131n\u0131 kolayla\u015ft\u0131rd\u0131. Yine de 1605&#039;te, III. Philip&#039;in bir kraliyet ferman\u0131, yetkililerin \u0130ngiliz korsanlar\u0131n\u0131n sald\u0131r\u0131lar\u0131n\u0131 savu\u015fturmak i\u00e7in kasabay\u0131 yerle bir etmesiyle ge\u00e7ici sonunu m\u00fcjdeledi. Bir y\u00fczy\u0131l boyunca koy sessiz kald\u0131, depolar\u0131 terk edildi ve sokaklar\u0131 \u00e7al\u0131larla kapland\u0131, ta ki Kanarya Adalar\u0131&#039;ndan gelen \u00e7ift\u00e7iler basit \u00e7iftlikler ve tarlalarla topra\u011fa yeni bir hayat verene kadar. \u0130nsanl\u0131\u011f\u0131n bu d\u00f6n\u00fc\u015f\u00fc bir\u00e7ok r\u00f6nesans\u0131n ilkiydi, \u00e7\u00fcnk\u00fc sonraki b\u00f6l\u00fcmlerinde Puerto Plata, adan\u0131n kendi \u00e7alkant\u0131l\u0131 ge\u00e7mi\u015fini yans\u0131tan ritimlerle i\u015fgal, y\u0131k\u0131m ve yeniden do\u011fu\u015fa katlanacakt\u0131.<\/p>\n<p>Co\u011frafi olarak, \u015fehrin konturlar\u0131 ani topografya ile tan\u0131mlanm\u0131\u015ft\u0131r. Kuzeyde, Atlantik&#039;in huzursuz gelgitleri, bir zamanlar \u0130spanyol kalyonlar\u0131n\u0131 koruyan koruyucu kollar\u0131 olan bir koya \u00e7arpar. G\u00fcneyde, Isabel de Torres&#039;in yama\u00e7lar\u0131 keskin bir \u015fekilde y\u00fckselir ve yerle\u015fime, hemen hemen tamam\u0131 a\u015fa\u011f\u0131daki r\u0131ht\u0131mlardan g\u00f6r\u00fclebilen hakim bir bak\u0131\u015f a\u00e7\u0131s\u0131 sa\u011flar. Cordillera Septentrional&#039;\u0131n bir uzant\u0131s\u0131 olan bu da\u011f, deniz seviyesinden yakla\u015f\u0131k sekiz y\u00fcz metre y\u00fckseklikte y\u00fckselir ve tepesi, daha \u00f6nce Kolomb&#039;un \u015fafak vakti zirvesini \u00f6rten \u0131\u015f\u0131kl\u0131 \u00f6rt\u00fcye atfen ona Monte de Plata veya G\u00fcm\u00fc\u015f Da\u011f ad\u0131n\u0131 vermesine ilham veren sislerle \u00f6rt\u00fcl\u00fcd\u00fcr. G\u00fcn\u00fcm\u00fczde ziyaret\u00e7iler, 1975&#039;te a\u00e7\u0131l\u0131\u015f\u0131 yap\u0131lan, on \u00fc\u00e7 dakikal\u0131k gidi\u015f-d\u00f6n\u00fc\u015f yolculu\u011fuyla on yedi yolcuyu panoramik manzaralar boyunca ta\u015f\u0131yan ve onlar\u0131 yedi d\u00f6n\u00fcml\u00fck alanda alt\u0131 y\u00fcz t\u00fcr flora bar\u0131nd\u0131ran tropikal bir botanik bah\u00e7esine b\u0131rakan m\u00fctevaz\u0131 bir tren olan teleferikle t\u0131rman\u0131rlar.<\/p>\n<p>S\u00f6m\u00fcrgeci miras\u0131n\u0131n yank\u0131lar\u0131 Puerto Plata&#039;n\u0131n kentsel dokusuna dokunmu\u015f durumda. 1577&#039;de tamamlanan ve Kral II. Philip&#039;in ad\u0131n\u0131 ta\u015f\u0131yan San Felipe Kalesi, k\u0131y\u0131 \u015feridinin \u00fczerinde n\u00f6bet tutuyor; kal\u0131n duvarlar\u0131 ve d\u00fczensiz bur\u00e7lar\u0131 \u015fehrin sava\u015f\u00e7\u0131 k\u00f6kenlerine dair kal\u0131c\u0131 bir kan\u0131t. Tarihi \u00e7ekirde\u011fin i\u00e7inde, Viktorya d\u00f6nemi cephelerinin yumu\u015fak simetrisi, Dominik Restorasyon Sava\u015f\u0131&#039;n\u0131n ard\u0131ndan gelen on dokuzuncu y\u00fczy\u0131l Avrupal\u0131lar\u0131n\u0131n h\u0131rslar\u0131n\u0131 ortaya koyuyor. Frans\u0131z, \u0130talyan, Alman ve \u0130ngiliz g\u00f6\u00e7menler, Karayip hafifli\u011fini Avrupa s\u00fcslemesiyle harmanlayan yerel bir \u00fcslup yaratarak ah\u015fap oymal\u0131 balkonlar ve kafesli verandalar getirdiler. Stilistik evrimin daha ileri katmanlar\u0131, yirminci y\u00fczy\u0131l\u0131n ba\u015flar\u0131nda Amerikan i\u015fgali alt\u0131nda geldi; \u00e7imento bloklu in\u015faat, hala siyasi kahramanlar\u0131n ve yerel de\u011ferli ki\u015filerin adlar\u0131n\u0131n verildi\u011fi sokaklar\u0131 s\u0131ralayan aerodinamik binalar\u0131n \u00f6n\u00fcn\u00fc a\u00e7t\u0131.<\/p>\n<p>Bu ana caddeler k\u00fclt\u00fcrel canl\u0131l\u0131kla doludur. K\u0131\u015f sonlar\u0131nda karnaval alaylar\u0131, maskeleri Ta\u00edno tanr\u0131lar\u0131n\u0131 \u00e7a\u011fr\u0131\u015ft\u0131ran, \u0130spanyol g\u00f6steri\u015fine ve Afrika ritmine selam \u00e7akan kurdelelerle \u00f6rt\u00fcl\u00fc Taim\u00e1scaro \u015feytanlar\u0131yla caddeleri canland\u0131r\u0131r. Boyal\u0131 \u015famand\u0131ralar ve deniz kabu\u011fu boynuzlar\u0131n\u0131 saran dans\u00e7\u0131lardan olu\u015fan ge\u00e7it t\u00f6renleri, Jetty&#039;den her ara soka\u011fa kadar uzanan bir kutlamada bir araya gelir ve on dokuzuncu y\u00fczy\u0131la dayanan kesintisiz bir gelene\u011fi i\u015faret eder. \u015eenlik her y\u0131l, Viktorya d\u00f6nemine ait al\u0131nl\u0131klara kar\u015f\u0131 yank\u0131lanan davullar ve ilahilerle atalar\u0131n\u0131n kimli\u011fini korumakla g\u00f6revli sembolik bir h\u00fck\u00fcmdar olan Kral Momo&#039;yu ta\u00e7land\u0131r\u0131r.<\/p>\n<p>Tarihi b\u00f6lgenin \u00f6tesinde, deniz ticareti kesintisiz ak\u0131yor. L\u00fcks yolcu gemileri, Carnival Cruise Line taraf\u0131ndan 2015 y\u0131l\u0131nda a\u00e7\u0131lan seksen be\u015f milyon dolarl\u0131k terminal Amber Cove&#039;a yana\u015f\u0131rken, Aral\u0131k 2021&#039;de a\u00e7\u0131lan yak\u0131nlardaki Taino Bay kruvaziyer terminali, \u015fehrin merkezine daha yak\u0131n bir eri\u015fim arayan gemilere hizmet veriyor. Genel kargo gemileri, g\u00fcmr\u00fcks\u00fcz b\u00f6lgelere yana\u015farak uzak pazarlara muz, \u015feker, rom ve tekstil \u00fcr\u00fcnleri y\u00fckl\u00fcyor. Yerel su \u00fcr\u00fcnleri yeti\u015ftiricili\u011fi ve k\u00fc\u00e7\u00fck zanaatkar bal\u0131k\u00e7\u0131l\u0131k da mahalle pazarlar\u0131n\u0131 ayakta tutuyor; bal\u0131k\u00e7\u0131lar \u015fafak vakti amberjack ve lagos bal\u0131\u011f\u0131 \u00e7ekiyor, sandallar\u0131 k\u0131y\u0131dan uzaktaki kayal\u0131k bir \u00e7\u0131k\u0131nt\u0131 olan Isla Isabel&#039;in sil\u00fcetine \u00e7arp\u0131yor.<\/p>\n<p>Limandan k\u0131y\u0131ya do\u011fru, kristal turkuaz sular alt\u0131n rengi kumlar\u0131n uzand\u0131\u011f\u0131 be\u015fi\u011fi olu\u015fturur; Playa Dorada ve Costa Dorada bunlar\u0131n ba\u015f\u0131nda gelir. Sabah\u0131n ilk \u0131\u015f\u0131klar\u0131nda, k\u0131y\u0131 \u015feridinin bu k\u0131vr\u0131mlar\u0131 ekvatoral s\u0131cakl\u0131\u011fa doymu\u015f g\u00fcne\u015fin alt\u0131nda par\u0131ldar; ay do\u011fdu\u011funda ise Kolomb&#039;un g\u00fcm\u00fc\u015fe dair ilk izlenimlerini hat\u0131rlatan yans\u0131malarla \u0131\u015f\u0131ldar. \u0130\u00e7 kesimlerde, Cofres\u00ed Plaj\u0131 resiflerinin ortas\u0131nda yer alan yirmi yedi milyon dolarl\u0131k bir macera park\u0131 olan Ocean World bulunur. Burada bir yat liman\u0131 on dokuz tutsak yunusa ev sahipli\u011fi yaparken, Malaya kaplanlar\u0131 sim\u00fcle edilmi\u015f orman a\u00e7\u0131kl\u0131klar\u0131nda dola\u015f\u0131r ve tropikal ku\u015flar, Karayip iktiyofaunas\u0131n\u0131n kaleydoskopunu yakalayan bal\u0131k fanuslar\u0131n\u0131n \u00fczerinde daireler \u00e7izer. Aileler ve deniz bilimcileri i\u00e7in park, g\u00f6steri ve e\u011fitimin bir birle\u015fimini temsil eder; karanl\u0131k k\u00f6\u015feleri ziyaret\u00e7ilere de\u011fi\u015fen k\u0131y\u0131 ekosistemleri i\u00e7indeki t\u00fcrlerin birbirine ba\u011f\u0131ml\u0131l\u0131\u011f\u0131n\u0131 hat\u0131rlat\u0131r.<\/p>\n<p>Puerto Plata eyaletinin tepeleri ve ovalar\u0131 aras\u0131ndaki su yollar\u0131, isimleri \u015fiir gibi okunan nehir ve akarsu a\u011f\u0131 \u00e7izer: Cam\u00fa del Norte, San Marcos, Corozo, Mu\u00f1oz ve Maim\u00f3n. Her biri, okyanusa teslim olmadan \u00f6nce \u015feker kam\u0131\u015f\u0131 tarlalar\u0131 ve narenciye bah\u00e7eleri aras\u0131nda dola\u015f\u0131r. Daha k\u00fc\u00e7\u00fck akarsular olan F\u00fa, Blanco, Caballo ve Culebra, muz ve kahvenin k\u00f6k sald\u0131\u011f\u0131 yemye\u015fil vadileri besler ve hasatlar\u0131, ekonominin temelini olu\u015fturan yerel tar\u0131m i\u015fletmelerini besler. B\u00f6lgenin tropikal muson iklimi iki mevsime i\u015faret eder: \u0131l\u0131ml\u0131 ya\u011fmurlarla i\u015faretlenen bo\u011fucu bir yaz ve Hispaniolan yaylalar\u0131ndan sa\u011fanak ya\u011f\u0131\u015flar ve taze esintiler getiren kuzeyden gelen so\u011fuk cephelerle haber verilen bir k\u0131\u015f. Bu meteorolojik ritimler, ekim d\u00f6ng\u00fclerini ve festival takvimlerini ayn\u0131 \u015fekilde belirler ve Karayipler&#039;in sal\u0131n\u0131mlar\u0131yla tezat olu\u015fturan \u00f6l\u00e7\u00fcl\u00fc bir tempoyu davet eder.<\/p>\n<p>\u015eehrin ekonomik portf\u00f6y\u00fcnde turizm en \u00fcst s\u0131rada yer al\u0131yor, ancak yard\u0131mc\u0131 end\u00fcstrilerden olu\u015fan bir tak\u0131my\u0131ld\u0131z, yerle\u015fik ge\u00e7im kaynaklar\u0131n\u0131 s\u00fcrd\u00fcr\u00fcyor. Tekstil ve hafif imalat, banliy\u00f6 arazilerini i\u015fgal ederken, k\u00f6rfez boyunca uzanan tersaneler k\u0131y\u0131 rotalar\u0131nda sefer yapan gemileri \u015fekillendiriyor ve elden ge\u00e7iriyor. La Union yak\u0131nlar\u0131ndaki bir g\u00fcmr\u00fcks\u00fcz b\u00f6lge, eyalet genelinde in\u015faat ve t\u00fcketim mallar\u0131 sekt\u00f6rlerini destekleyen ithalatlar\u0131 y\u00f6nlendiriyor. Dahas\u0131, San Felipe&#039;nin yakla\u015f\u0131k on be\u015f kilometre do\u011fusunda bulunan Gregorio Luper\u00f3n Uluslararas\u0131 Havaalan\u0131, var\u0131\u015f noktas\u0131n\u0131 on \u00fc\u00e7 yolcu ve \u00fc\u00e7 kargo ta\u015f\u0131y\u0131c\u0131s\u0131na ba\u011flayarak, ayn\u0131 \u00e7eviklikle avantaj arayan yolcular\u0131 ve bozulabilir ihracatlar\u0131 i\u00e7eri al\u0131yor.<\/p>\n<p>M\u00fczeler \u015fehrin k\u00fclt\u00fcrel miras\u0131n\u0131 korur. \u0130spanyol mimar Mar\u00edn Gallart y Cant\u00fa taraf\u0131ndan tasarlanan zarif bir 1918 malikanesi olan Villa Bentz&#039;de Museo del \u00c1mbar Dominicano yer al\u0131r. Aldo Costa&#039;n\u0131n aile k\u00fclt\u00fcr \u015firketi taraf\u0131ndan 1982&#039;de kuruldu\u011fundan beri m\u00fcze, tarih \u00f6ncesi b\u00f6cekleri ve bitki par\u00e7alar\u0131n\u0131 alt\u0131n berrakl\u0131\u011f\u0131nda saklayan kehribar ta\u015flar olan e\u015fsiz bir fosille\u015fmi\u015f re\u00e7ine koleksiyonu sergilemektedir. Her sergi, derin zaman\u0131n ve Karayipler&#039;in biyolojik \u00e7e\u015fitlili\u011fini \u015fekillendiren ekolojik de\u011fi\u015fimlerin tefekk\u00fcr\u00fcn\u00fc davet eder.<\/p>\n<p>Daha az resmi, ancak daha az \u00e7a\u011fr\u0131\u015f\u0131ml\u0131 olmayan, Zona Colonial&#039;\u0131n Casas Victorianas&#039;lar\u0131d\u0131r. 1879&#039;dan itibaren in\u015fa edilen bu ah\u015fap konutlar, dantelli kafes i\u015f\u00e7ili\u011fi ve tropikal iklimlere uygun y\u00fcksek tavanlara sahiptir, oranlar\u0131 zanaatkarl\u0131\u011f\u0131n ve s\u00fcslemenin \u00f6zlemin g\u00f6stergesi oldu\u011fu bir \u00e7a\u011f\u0131 yans\u0131t\u0131r. Bu konutlar\u0131n ortas\u0131nda, Gine K\u00f6pr\u00fcs\u00fc, bir kanal havzas\u0131n\u0131n \u00fczerinden ge\u00e7en tek a\u00e7\u0131kl\u0131kl\u0131 bir ge\u00e7it sunar, hafif\u00e7e kemerli formu on dokuzuncu y\u00fczy\u0131l demir i\u015f\u00e7ili\u011finin sinirli e\u011frilerini hat\u0131rlat\u0131r.<\/p>\n<p>\u015eehrin g\u00fcneyinde, 1879&#039;da d\u00f6k\u00fclm\u00fc\u015f bir demir deniz feneri, Dor s\u00fctunlu bir duvar kaidesinden ufuk \u00e7izgisini delmektedir. K\u0131rk iki metre y\u00fcksekli\u011finde olan deniz feneri, denizcileri k\u00f6rfezin yakla\u015f\u0131m\u0131n\u0131 koruyan s\u0131\u011f resifler konusunda uyarmaktad\u0131r. Milenyumun ba\u015f\u0131nda, korozyon yap\u0131y\u0131 tehlikeli harabelere indirgemi\u015f ve 2000 y\u0131l\u0131nda D\u00fcnya An\u0131tlar G\u00f6zlemevi&#039;nde yer almas\u0131n\u0131 sa\u011flam\u0131\u015ft\u0131r. American Express ile yap\u0131lan bir ortakl\u0131k, 2004&#039;te tamamlanan titiz bir restorasyonu finanse etmi\u015f ve bu restorasyon, deniz fenerini eski \u00f6nemine kavu\u015fturmu\u015f ve \u00e7evredeki tarihi b\u00f6lgenin yeniden canland\u0131r\u0131lmas\u0131n\u0131 te\u015fvik etmi\u015ftir.<\/p>\n<p>Puerto Plata&#039;n\u0131n anlat\u0131s\u0131, tekrarlanan y\u0131k\u0131m ve yenilenme d\u00f6ng\u00fclerinden ayr\u0131lamaz. On sekizinci y\u00fczy\u0131l\u0131n sonundaki Yar\u0131 Sava\u015f s\u0131ras\u0131nda, Birle\u015fik Devletler Deniz Piyadeleri, Sandwich adl\u0131 bir Frans\u0131z korsan\u0131n\u0131 ele ge\u00e7irdikten sonra Fortaleza San Felipe&#039;nin toplar\u0131n\u0131 delerek limana \u00e7\u0131kt\u0131. 1863&#039;te \u015fehir, Dominik Restorasyon Sava\u015f\u0131 s\u0131ras\u0131nda yak\u0131ld\u0131, ancak sakinleri iki y\u0131l sonra k\u00fcllerinden yeniden do\u011fdu ve Avrupa tasar\u0131m\u0131n\u0131 yerel yarat\u0131c\u0131l\u0131kla birle\u015ftiren yeni yap\u0131lar in\u015fa etti. B\u00f6ylesi bir inat\u00e7\u0131l\u0131k belki de en dokunakl\u0131 sembol\u00fcn\u00fc, Rio de Janeiro&#039;nun Kurtar\u0131c\u0131 \u0130sa heykelinin k\u00fc\u00e7\u00fck bir kopyas\u0131n\u0131n, zamana veya gelgite boyun e\u011fmeyi reddeden bir metropole bakan yemye\u015fil bah\u00e7elere h\u00fckmetti\u011fi Pico Isabel de Torres&#039;in tepesinde bulur.<\/p>\n<p>\u015eehrin etraf\u0131ndaki plajlar, bir zamanlar bu sularda hazine arayan yerli kanocular\u0131n ve korsanlar\u0131n hikayelerini f\u0131s\u0131ld\u0131yor. La Poza del Castillo&#039;da, yabanc\u0131 istiridyeler su alt\u0131ndaki seramiklere tutunurken, Cofres\u00ed koylar\u0131nda bal\u0131k\u00e7\u0131lar, gizli hazineleri her fatihin g\u00f6z\u00fcnden ka\u00e7an yerel bir korsan\u0131n efsanelerini an\u0131msat\u0131yor. Long Beach, Marapic\u00e1, Maim\u00f3n ve Bergant\u00edn&#039;in her biri kendine \u00f6zg\u00fc bir karaktere sahip - baz\u0131lar\u0131 \u015fnorkelli y\u00fcz\u00fcc\u00fcler i\u00e7in sakin mercan resifleri sunarken, di\u011ferleri Atlantik&#039;in g\u00fcc\u00fcyle kabaran s\u00f6rf yap\u0131labilir dalgalar sunuyor. Ziyaret\u00e7iler deniz kabuklar\u0131 ve odun topluyor, alacakaranl\u0131k kumlar\u0131n \u00fczerine inerken merengue ve bachata sesleri mart\u0131lar\u0131n \u00e7\u0131\u011fl\u0131klar\u0131yla kar\u0131\u015f\u0131yor.<\/p>\n<p>Ula\u015f\u0131m arterleri bu farkl\u0131 diyarlar\u0131 birle\u015ftiriyor. Don Jos\u00e9 Ginebra otoyolu San Marcos&#039;tan Piedra Candela ve El Cruce&#039;den ge\u00e7erek teleferi\u011fin baz istasyonuna giden asfaltl\u0131 yoku\u015fa t\u0131rman\u0131yor. Oradan, elektrikli-hidrolik bir sistem yolcular\u0131 cam duvarl\u0131 kabinlerde g\u00f6ky\u00fcz\u00fcne do\u011fru ta\u015f\u0131yor ve neredeyse sekiz dakika kesintisiz bir g\u00f6steri sunuyor. \u00d6nemli anlarda, botanik bah\u00e7esinin orkidelerinin kentsel yay\u0131lma k\u00fcmelerine kar\u015f\u0131 yan yana durdu\u011funu g\u00f6r\u00fcyorsunuz, bu da do\u011fan\u0131n ve k\u00fclt\u00fcr\u00fcn bu \u015fehrin panoramas\u0131n\u0131n her karesinde bir arada var oldu\u011funu hat\u0131rlat\u0131yor.<\/p>\n<p>Alacakaranl\u0131k derinle\u015ftik\u00e7e, sahil daha yumu\u015fak bir renk al\u0131r. San Felipe Kalesi kehribar rengi bir \u0131\u015f\u0131kla y\u0131kan\u0131r, siperleri gelgitte dans eden g\u00f6lgeler yans\u0131t\u0131r. M\u00fc\u015fterilerin so\u011fuk Presidente biralar\u0131 yudumlad\u0131\u011f\u0131 \u00e7at\u0131 tavernalar\u0131ndan m\u00fczik y\u00fckselir ve \u0131zgara bal\u0131k aromas\u0131 tuz ve zakkumla kar\u0131\u015f\u0131r. Otel lobileri \u00e7ok dilli aksanlarla yank\u0131lan\u0131r: Amber M\u00fczesi&#039;ni gezen Frans\u0131z aileler, Amber Koyu&#039;ndan gemiye binen Kanadal\u0131 emekliler ve atalar\u0131n\u0131n ayak izlerini takip eden merakl\u0131 Dominikliler. Hepsinin aras\u0131ndan, Puerto Plata kendine \u00f6zg\u00fc kimli\u011fini ortaya koyar: imparatorluk ve s\u00fcrg\u00fcn\u00fcn miraslar\u0131n\u0131n tek bir g\u00f6ksel tonozun alt\u0131nda birle\u015fti\u011fi bir yer.<\/p>\n<p>Katmanlar\u0131n\u0131n dolulu\u011fuyla\u2014tarihi, mimari, ekolojik ve ticari\u2014Puerto Plata, dura\u011fan bir kal\u0131nt\u0131 olarak de\u011fil, ya\u015fayan bir palimpsest olarak duruyor. Her sokak k\u00f6\u015fesi ve k\u0131y\u0131 \u015feridi koyu, ge\u00e7mi\u015fteki \u00e7alkant\u0131lar\u0131n ve zaferlerin kan\u0131tlar\u0131n\u0131 bar\u0131nd\u0131r\u0131yor ve n\u00fcanslara duyarl\u0131 g\u00f6zlere sahip olanlara bir davet sunuyor. Deneyimli gezginlere, s\u00f6m\u00fcrgecilik \u00e7abalar\u0131n\u0131n bilginlerine ve g\u00fcne\u015fli k\u0131y\u0131lar\u0131n tutkunlar\u0131na, \u015fehir tan\u0131d\u0131k ufuklar aras\u0131nda ke\u015fif vaat ederek bir kar\u015f\u0131lama jesti sunuyor. Atlantik ve da\u011flar\u0131n bulu\u015ftu\u011fu bu yerde, Puerto Plata, dayan\u0131kl\u0131l\u0131\u011f\u0131n ve yeniden icat etmenin bir kan\u0131t\u0131 olarak varl\u0131\u011f\u0131n\u0131 s\u00fcrd\u00fcr\u00fcyor.<\/p>","protected":false},"excerpt":{"rendered":"<p>Puerto Plata, resmen San Felipe de Puerto Plata (Frans\u0131zca: Port-de-Plate) olarak adland\u0131r\u0131lan, Dominik Cumhuriyeti&#039;nde \u00f6nemli bir k\u0131y\u0131 \u015fehridir ve Puerto Plata eyaletinin merkezi olarak hizmet vermektedir. Bu dinamik \u015fehir, k\u00fcresel turistler i\u00e7in \u00e7e\u015fitli cazibe merkezleri ve hizmetler de dahil olmak \u00fczere \u00f6nemli bir ticari liman ve \u00f6nemli bir turizm merkezi olarak hizmet vermektedir.<\/p>","protected":false},"author":1,"featured_media":3255,"parent":9128,"menu_order":0,"comment_status":"closed","ping_status":"closed","template":"elementor_theme","meta":{"_eb_attr":"","footnotes":""},"class_list":["post-9146","page","type-page","status-publish","has-post-thumbnail"],"_links":{"self":[{"href":"https:\/\/travelshelper.com\/tr\/wp-json\/wp\/v2\/pages\/9146","targetHints":{"allow":["GET"]}}],"collection":[{"href":"https:\/\/travelshelper.com\/tr\/wp-json\/wp\/v2\/pages"}],"about":[{"href":"https:\/\/travelshelper.com\/tr\/wp-json\/wp\/v2\/types\/page"}],"author":[{"embeddable":true,"href":"https:\/\/travelshelper.com\/tr\/wp-json\/wp\/v2\/users\/1"}],"replies":[{"embeddable":true,"href":"https:\/\/travelshelper.com\/tr\/wp-json\/wp\/v2\/comments?post=9146"}],"version-history":[{"count":0,"href":"https:\/\/travelshelper.com\/tr\/wp-json\/wp\/v2\/pages\/9146\/revisions"}],"up":[{"embeddable":true,"href":"https:\/\/travelshelper.com\/tr\/wp-json\/wp\/v2\/pages\/9128"}],"wp:featuredmedia":[{"embeddable":true,"href":"https:\/\/travelshelper.com\/tr\/wp-json\/wp\/v2\/media\/3255"}],"wp:attachment":[{"href":"https:\/\/travelshelper.com\/tr\/wp-json\/wp\/v2\/media?parent=9146"}],"curies":[{"name":"wp","href":"https:\/\/api.w.org\/{rel}","templated":true}]}}