{"id":9128,"date":"2024-09-07T12:43:35","date_gmt":"2024-09-07T12:43:35","guid":{"rendered":"https:\/\/travelshelper.com\/staging\/?page_id=9128"},"modified":"2026-03-13T16:08:11","modified_gmt":"2026-03-13T16:08:11","slug":"dominik-cumhuriyeti","status":"publish","type":"page","link":"https:\/\/travelshelper.com\/tr\/destinations\/north-america\/dominican-republic\/","title":{"rendered":"Dominik Cumhuriyeti"},"content":{"rendered":"<p>Dominik Cumhuriyeti, Karayip Denizi&#039;nin B\u00fcy\u00fck Antiller&#039;inde 48.671 kilometrekarelik bir alana yay\u0131lm\u0131\u015f olan Hispaniola&#039;n\u0131n do\u011fudaki be\u015f sekizde birini kaplar. 2024&#039;te yakla\u015f\u0131k 11,4 milyonluk bir n\u00fcfusa sahip olan ve bunlar\u0131n yakla\u015f\u0131k 3,6 milyonunun Santo Domingo metropol b\u00f6lgesinde ya\u015fad\u0131\u011f\u0131 \u00fclke, s\u0131ras\u0131yla K\u00fcba ve Haiti&#039;den sonra Antiller&#039;deki ikinci en b\u00fcy\u00fck kara k\u00fctlesine ve ikinci en b\u00fcy\u00fck n\u00fcfusa sahiptir. Kuzeyde Atlantik, g\u00fcneyde Karayipler, bat\u0131da Haiti ve do\u011fuda Porto Riko&#039;nun deniz s\u0131n\u0131r\u0131yla \u00e7evrili olan bu \u00fclkenin iki denizin birle\u015fti\u011fi noktadaki konumu, tarihini, \u00e7evresini ve k\u00fclt\u00fcrel karakterini \u015fekillendirmi\u015ftir.<\/p>\n<p>Avrupal\u0131lar\u0131n geli\u015finden \u00f6nceki y\u00fczy\u0131llarda, Ta\u00edno&#039;nun be\u015f \u015fefli\u011fi, Hispaniola&#039;n\u0131n verimli ovalar\u0131 ve ormanl\u0131k tepeleri boyunca mevsimsel g\u00f6\u00e7ler, k\u0131y\u0131 bal\u0131k\u00e7\u0131 kamplar\u0131 ve i\u00e7 kesimlerde manyok plantasyonlar\u0131 kurmu\u015ftu. Kristof Kolomb 1492&#039;de bu topraklar\u0131 Kastilya i\u00e7in talep etmek \u00fczere karaya \u00e7\u0131kt\u0131\u011f\u0131nda, temizlenmi\u015f yollarla birbirine ba\u011flanan sazdan \u00e7at\u0131l\u0131 evlerden olu\u015fan k\u00f6ylerle kar\u015f\u0131la\u015ft\u0131; bunlar, toplumsal hiyerar\u015fi ve rit\u00fcel g\u00f6zlemle desteklenen bir toplumun i\u015faretleriydi. Sonraki on y\u0131llarda Santo Domingo, Amerika&#039;daki ilk kal\u0131c\u0131 Avrupa dayana\u011f\u0131 olarak ortaya \u00e7\u0131kt\u0131; ta\u015f kaleleri ve kilise yap\u0131lar\u0131 yeni bir imparatorluk \u00e7a\u011f\u0131n\u0131 simgeliyordu. Bir as\u0131rdan biraz fazla bir s\u00fcre i\u00e7inde, imparatorluk rekabetleri Hispaniola&#039;y\u0131 b\u00f6ld\u00fc; 1697&#039;de bat\u0131daki \u00fc\u00e7te birlik k\u0131s\u0131m Fransa&#039;ya aitti ve 1804&#039;te bu b\u00f6lge Haiti olarak ba\u011f\u0131ms\u0131zl\u0131\u011f\u0131n\u0131 ilan etti.<\/p>\n<p>Dominik halk\u0131 o zamandan beri kendi kaderini tayin etme m\u00fccadeleleri atlatt\u0131. Kas\u0131m 1821&#039;de \u0130spanya&#039;dan k\u0131sa bir ba\u011f\u0131ms\u0131zl\u0131k ilan\u0131, 1822&#039;de Haiti&#039;nin ilhak\u0131na yol a\u00e7t\u0131. Yirmi iki y\u0131ll\u0131k bir aradan sonra, \u015eubat 1844&#039;te Dominik vatanseverler Ba\u011f\u0131ms\u0131zl\u0131k Sava\u015f\u0131&#039;nda silah ve kararl\u0131l\u0131kla egemenli\u011fi geri ald\u0131lar. Bunu onlarca y\u0131l s\u00fcren i\u00e7 \u00e7eki\u015fmeler izledi: i\u00e7 sava\u015flar, Haiti&#039;nin ak\u0131nlar\u0131 ve \u0130spanyol y\u00f6netimine ge\u00e7ici bir geri d\u00f6n\u00fc\u015f. Bu, 1863-1865 Restorasyon Sava\u015f\u0131&#039;ndan sonra s\u00f6m\u00fcrge g\u00fc\u00e7lerinin kovulmas\u0131 ile sonu\u00e7land\u0131. Yirminci y\u00fczy\u0131l, otuz y\u0131ll\u0131k diktat\u00f6rl\u00fc\u011f\u00fc 1961&#039;deki suikast\u0131yla sona eren Rafael Trujillo&#039;nun otoriter saltanat\u0131na tan\u0131k oldu. Juan Bosch&#039;un 1962&#039;de se\u00e7ilmesi birka\u00e7 ay i\u00e7inde bozuldu ve 1965&#039;teki bir i\u00e7 \u00e7at\u0131\u015fma Joaqu\u00edn Balaguer&#039;in uzun ba\u015fkanl\u0131klar\u0131n\u0131 ba\u015flatt\u0131. 1978&#039;den itibaren se\u00e7im s\u00fcre\u00e7leri g\u00fc\u00e7lenerek \u00fclkeyi temsili y\u00f6netime do\u011fru y\u00f6nlendirdi.<\/p>\n<p>Ekonomik olarak Dominik Cumhuriyeti, b\u00f6lgenin en b\u00fcy\u00fck gayri safi yurt i\u00e7i has\u0131las\u0131na ve Latin Amerika&#039;n\u0131n yedinci en b\u00fcy\u00fc\u011f\u00fcne sahip olarak Karayipler&#039;in g\u00fc\u00e7 merkezi haline geldi. 1992 ile 2018 y\u0131llar\u0131 aras\u0131nda \u00e7eyrek as\u0131rdan fazla bir s\u00fcre boyunca, reel GSY\u0130H&#039;si y\u0131ll\u0131k ortalama %5,3 oran\u0131nda artt\u0131; bu Bat\u0131 Yar\u0131mk\u00fcre&#039;nin en h\u0131zl\u0131 geni\u015flemesiydi. 2014&#039;te %7,3 ve 2015&#039;te %7,0&#039;l\u0131k zirveler, in\u015faat, hafif imalat, turizm ve mineral \u00e7\u0131karma ile ilerleyen dinamik bir dalgalanmay\u0131 vurgulad\u0131. Engebeli merkezi yaylalar\u0131n i\u00e7inde, yaln\u0131zca 2015&#039;te otuz bir metrik ton verim sa\u011flayan, d\u00fcnyan\u0131n en iyi \u00fc\u00e7 \u00e7\u0131kt\u0131s\u0131 aras\u0131nda yer alan Pueblo Viejo alt\u0131n madeni yer almaktad\u0131r.<\/p>\n<p>Turizm, Dominik Cumhuriyeti&#039;nin kartviziti haline geldi. Y\u0131l be y\u0131l, ziyaret\u00e7i say\u0131s\u0131 bak\u0131m\u0131ndan di\u011fer t\u00fcm Karayip destinasyonlar\u0131n\u0131 geride b\u0131rak\u0131yor. K\u0131y\u0131 \u015feridi, turkuaz sularla \u00e7evrili beyaz kumlu plajlar sunuyor, ancak \u00fclkenin topografyas\u0131 k\u0131y\u0131dan \u00e7ok \u00f6telere uzan\u0131yor. S\u0131n\u0131rlar\u0131 i\u00e7erisinde Bat\u0131 Hint Adalar\u0131&#039;n\u0131n en y\u00fcksek zirveleri y\u00fckseliyor: 3.098 metre y\u00fckseklikteki Pico Duarte, La Pelona, \u200b\u200bLa Rucilla ve Pico Yaque ile \u00e7evrili - her t\u00fcrl\u00fc tekd\u00fcze al\u00e7ak ada fikrini parampar\u00e7a eden zirveler. Yoku\u015f a\u015fa\u011f\u0131, \u015feker kam\u0131\u015f\u0131 ve kahve \u00fcretiminin be\u015fi\u011fi olan Cibao Vadisi gibi verimli havzalar uzan\u0131yor, Santiago ve La Vega \u015fehirleri muz bah\u00e7eleri ve t\u00fct\u00fcn tarlalar\u0131n\u0131n ortas\u0131nda yer al\u0131yor. Buna kar\u015f\u0131l\u0131k, Enriquillo Havzas\u0131 deniz seviyesinden k\u0131rk be\u015f metre a\u015fa\u011f\u0131da yer al\u0131yor - Karayipler&#039;in en dip noktas\u0131 - tuzlu sular\u0131 ya\u011fmur orman\u0131ndan \u00e7ok \u00e7\u00f6le benzeyen bir manzaray\u0131 yans\u0131t\u0131yor. Ba\u015fl\u0131calar\u0131 Yaque del Norte ve Yaque del Sur olan yemye\u015fil nehirler, araziyi par\u00e7alara ay\u0131r\u0131yor, derin vadiler olu\u015fturuyor ve da\u011flardan k\u0131y\u0131ya kadar tar\u0131m\u0131n s\u00fcrd\u00fcr\u00fclmesini sa\u011fl\u0131yor.<\/p>\n<p>Bu mozaikte \u00e7ok say\u0131da ekob\u00f6lge \u00f6r\u00fcl\u00fcd\u00fcr. Nemli geni\u015f yaprakl\u0131 ormanlar r\u00fczgara kar\u015f\u0131 yama\u00e7lar\u0131 \u00f6rterken, \u00e7am ormanlar\u0131 daha so\u011fuk havaya maruz kalan s\u0131rt \u00e7izgilerine tutunur. Ovalarda, mangrov \u00e7al\u0131l\u0131klar\u0131 k\u0131y\u0131 lag\u00fcnlerini \u00e7evreler. Enriquillo G\u00f6l\u00fc \u00e7evresindeki g\u00fcne\u015fte kavrulmu\u015f g\u00fcneybat\u0131 kesimlerinde kuru ormanlar ve kurak \u00e7al\u0131l\u0131klar hakimdir. Bu kadar \u00e7e\u015fitli ya\u015fam alanlar\u0131n\u0131n ortas\u0131nda hayvansal ve bitkisel \u00e7e\u015fitlilik geli\u015fir; endemik ku\u015flar ceiba a\u011fa\u00e7lar\u0131 aras\u0131nda u\u00e7u\u015fur ve orkideler kire\u00e7ta\u015f\u0131 \u00e7\u0131k\u0131nt\u0131lar\u0131n\u0131 kaplar.<\/p>\n<p>\u0130klim bu karma\u015f\u0131kl\u0131\u011f\u0131 yans\u0131t\u0131r. Ortalama y\u0131ll\u0131k s\u0131cakl\u0131klar 26 \u00b0C civar\u0131nda seyreder, ancak y\u00fckseklik c\u0131vay\u0131 18 \u00b0C&#039;ye kadar d\u00fc\u015f\u00fcrebilir veya korunakl\u0131 vadilerde 40 \u00b0C&#039;nin \u00fczerine \u00e7\u0131karabilir. Ya\u011f\u0131\u015f desenleri keskin bir \u015fekilde farkl\u0131l\u0131k g\u00f6sterir: kuzey k\u0131y\u0131s\u0131 ya\u011fmurlar\u0131n\u0131 Kas\u0131m&#039;dan Ocak&#039;a kadar al\u0131rken, adan\u0131n geri kalan\u0131 en \u00e7ok ya\u011f\u0131\u015f\u0131 May\u0131s&#039;tan Kas\u0131m&#039;a kadar g\u00f6r\u00fcr. Tropikal siklonlar Haziran ve Ekim aylar\u0131 aras\u0131nda \u00fclkeye gelir ve g\u00fc\u00e7leri g\u00fcney k\u0131y\u0131s\u0131nda zirve yapar. 1998&#039;deki Georges Kas\u0131rgas\u0131 karaya vuran son b\u00fcy\u00fck f\u0131rt\u0131na olmaya devam etse de, tehdit yap\u0131 y\u00f6netmeliklerini ve afet m\u00fcdahale stratejilerini \u015fekillendirmeye devam ediyor.<\/p>\n<p>B\u00f6ylesi do\u011fal zenginliklerin ortas\u0131nda, kentsel geli\u015fim h\u0131zla artt\u0131. H\u0131zl\u0131 transit hatlar\u0131 art\u0131k Karayipler ve Orta Amerika&#039;n\u0131n en kapsaml\u0131 h\u0131zl\u0131 tren a\u011f\u0131 olan Metro&#039;su olan Santo Domingo&#039;yu kaps\u0131yor. Birlikte 27 kilometreyi a\u015fan iki hat, y\u0131lda altm\u0131\u015f milyondan fazla yolcu ta\u015f\u0131yarak ana caddelerdeki t\u0131kan\u0131kl\u0131\u011f\u0131 hafifletiyor. DR-1, DR-2 ve DR-3 numaral\u0131 ulusal otoyollar, ba\u015fkentten kuzeye, g\u00fcneybat\u0131ya ve do\u011fuya do\u011fru yay\u0131l\u0131yor ve daha k\u00fc\u00e7\u00fck kasabalara ula\u015fan ba\u011flant\u0131 yollar\u0131 ve alternatif rotalar bulunuyor. Son zamanlardaki \u00fccretli yollar, Saman\u00e1 Yar\u0131madas\u0131&#039;na seyahat s\u00fcrelerini iki saatin alt\u0131na d\u00fc\u015f\u00fcrerek Jarabacoa ve Constanza gibi yemye\u015fil b\u00f6lgeleri ekoturizme a\u00e7t\u0131. Yine de, bir\u00e7ok ikincil yol asfaltlanmay\u0131 bekliyor ve k\u0131rsal ba\u011flant\u0131 devam eden bir zorluk olmaya devam ediyor.<\/p>\n<p>Bu modern altyap\u0131, demografik profili y\u00fczy\u0131l\u0131n ortas\u0131ndan bu yana keskin bir \u015fekilde d\u00f6n\u00fc\u015fen bir toplumu destekliyor. 1950&#039;de 2,38 milyonluk bir n\u00fcfusa sahip olan \u00fclke bug\u00fcn 11 milyonun \u00fczerine \u00e7\u0131kt\u0131. Dominiklilerin \u00fc\u00e7te biri on be\u015f ya\u015f\u0131n alt\u0131ndayken, altm\u0131\u015f be\u015f ya\u015f\u0131n \u00fcst\u00fcndekiler y\u00fczde alt\u0131y\u0131 olu\u015fturuyor ve bu da yirmili ya\u015flar\u0131n sonlar\u0131nda bir ortalama ya\u015f anlam\u0131na geliyor. \u00dclkede kad\u0131nlardan biraz daha fazla erkek ya\u015f\u0131yor ve y\u0131ll\u0131k yakla\u015f\u0131k y\u00fczde 1,5&#039;lik bir b\u00fcy\u00fcme oran\u0131 kentle\u015fmeyi ve konut taleplerini y\u00f6nlendiriyor. Hem gelen hem de giden g\u00f6\u00e7 daha fazla etki yarat\u0131yor: ba\u015fta Amerika Birle\u015fik Devletleri olmak \u00fczere \u00f6nemli bir diasporadan gelen para transferleri Dominikli hanelere ak\u0131yor, Haiti&#039;den gelen d\u00fczensiz g\u00f6\u00e7 ise vatanda\u015fl\u0131k, \u00e7al\u0131\u015fma haklar\u0131 ve ulusal kimlik konusunda tart\u0131\u015fmalar\u0131 tetikledi.<\/p>\n<p>K\u00fclt\u00fcrel olarak Dominik Cumhuriyeti, Avrupa, Afrika ve Ta\u00edno geleneklerinin bir araya gelmesiyle olu\u015fmu\u015ftur. \u0130berya yasal kodlar\u0131 ve toplumsal gelenekleri s\u00f6m\u00fcrge d\u00f6nemlerinde kendini dayatm\u0131\u015f ve dil, mimari ve y\u00f6netimde varl\u0131\u011f\u0131n\u0131 s\u00fcrd\u00fcren kurumlar \u00fcretmi\u015ftir. Afrika miraslar\u0131 en \u00e7ok merengue ve bachata ritimlerinde, muz ve fasulye gibi mutfak temel g\u0131dalar\u0131nda ve Katolik rit\u00fcelini ata inan\u00e7lar\u0131yla harmanlayan manevi uygulamalarda belirgindir. Ta\u00edno miras\u0131 yer adlar\u0131nda ve botanik bilgisinde varl\u0131\u011f\u0131n\u0131 s\u00fcrd\u00fcrmektedir; manyok, t\u00fct\u00fcn ve yam yerel isimlendirmeyi korumaktad\u0131r. Bu senkretizm, hem ge\u00e7mi\u015fi hem de bug\u00fcn\u00fc yans\u0131tan festivaller, karnaval ge\u00e7it t\u00f6renleri ve el sanatlar\u0131 ile i\u015faretlenmi\u015f dinamik bir k\u00fclt\u00fcrel doku ortaya \u00e7\u0131karm\u0131\u015ft\u0131r.<\/p>\n<p>\u00dclkenin koruma ve s\u00fcrd\u00fcr\u00fclebilir turizme olan ba\u011fl\u0131l\u0131\u011f\u0131 son y\u0131llarda artm\u0131\u015ft\u0131r. Ulusal parklar Sierra de Bahoruco&#039;daki su havzalar\u0131n\u0131 ve Los Haitises&#039;in sular alt\u0131nda kalm\u0131\u015f lag\u00fcnlerini korurken, geli\u015fen bir ekoturizm sekt\u00f6r\u00fc y\u00fcr\u00fcy\u00fc\u015f\u00e7\u00fcleri, ku\u015f g\u00f6zlemcilerini ve g\u00f6lgelik y\u00fcr\u00fcy\u00fc\u015f\u00e7\u00fclerini iyi bilinen tatil yerlerinden uzaktaki manzaralar\u0131 tatmaya davet ediyor. Pico Duarte gibi zirveler da\u011fc\u0131lara meydan okurken, Bah\u00eda de las \u00c1guilas gibi k\u0131y\u0131 b\u00f6lgeleri bozulmam\u0131\u015f plajlar\u0131 ve mercan resiflerini sergiliyor. Orta Cordillera&#039;daki i\u00e7 kesimlerdeki k\u00f6yler (aralar\u0131nda Constanza da var) turizm dolarlar\u0131n\u0131 do\u011frudan k\u0131rsal ailelere aktaran ev konaklama programlar\u0131n\u0131 uyarlad\u0131.<\/p>\n<p>Santo Domingo&#039;nun S\u00f6m\u00fcrge B\u00f6lgesi&#039;ndeki kentsel yenileme, \u00fclkenin Amerika&#039;daki tarihi \u00f6nceli\u011fini vurgulad\u0131. Orada, Catedral Primada de Am\u00e9rica, Alc\u00e1zar de Col\u00f3n ve Monasterio de San Francisco, on be\u015finci y\u00fczy\u0131l h\u0131rs\u0131n\u0131n ya\u015fayan kal\u0131nt\u0131lar\u0131 olarak duruyor, cepheleri UNESCO taraf\u0131ndan orijinal ta\u015f i\u015f\u00e7ili\u011fini ve oyma motifleri yans\u0131tacak \u015fekilde restore edildi. Bu b\u00f6lgeler, akademik sempozyumlara ve sanat sergilerine ev sahipli\u011fi yaparak, ulusun miras\u0131n\u0131n plajlar\u0131n ve da\u011flar\u0131n \u00f6tesine, Bat\u0131 Yar\u0131mk\u00fcre&#039;nin Avrupa destan\u0131ndaki temel rol\u00fcne kadar uzand\u0131\u011f\u0131n\u0131 yeniden teyit ediyor.<\/p>\n<p>Misafirperverlik projelerinin geni\u015flemesi\u2014Cap Cana&#039;n\u0131n marinalar\u0131, San Souci Liman\u0131&#039;n\u0131n kruvaziyer terminalleri, Casa de Campo&#039;nun golf sahalar\u0131 ve Hard Rock Hotel &amp; Casino&#039;nun e\u011flence kompleksi\u2014yat\u0131r\u0131mc\u0131lar\u0131n ziyaret\u00e7i art\u0131\u015f\u0131na olan g\u00fcvenini g\u00f6steriyor. Ancak yetkililer, kitle turizmi stratejilerini at\u0131k bertaraf\u0131 ve geri d\u00f6n\u00fc\u015f\u00fcm\u00fcyle ilgili d\u00fczenlemelerle yumu\u015fatt\u0131lar; son on y\u0131lda Dominik Cumhuriyeti, kaynakta ay\u0131rma ve modern depolama alan\u0131 tasar\u0131mlar\u0131 uygulayarak kat\u0131 at\u0131k y\u00f6netimi programlar\u0131nda b\u00f6lgesel bir lider haline geldi. Mevzuat art\u0131k b\u00fcy\u00fck geli\u015fmeler i\u00e7in \u00e7evresel etki de\u011ferlendirmelerini zorunlu k\u0131l\u0131yor ve bu da do\u011fal sermayenin ekonomik geni\u015flemeyle birlikte y\u00f6netilmesi gerekti\u011fi anlay\u0131\u015f\u0131n\u0131 yans\u0131t\u0131yor.<\/p>\n<p>\u00dcretimde, serbest ticaret b\u00f6lgeleri tekstil, elektronik montaj ve t\u0131bbi cihaz \u00fcretimine yo\u011funla\u015farak Kuzey Amerika pazarlar\u0131yla ikili anla\u015fmalar kapsam\u0131ndaki tercihli tarifelerden faydalan\u0131r. Telekom\u00fcnikasyon altyap\u0131s\u0131 (fiber optik a\u011flar ve h\u00fccresel kapsama) ve Bolsa de Valores de la Rep\u00fablica Dominicana arac\u0131l\u0131\u011f\u0131yla ortaya \u00e7\u0131kan bir sermaye piyasas\u0131, gayri safi yurti\u00e7i has\u0131lan\u0131n neredeyse y\u00fczde altm\u0131\u015f\u0131na katk\u0131da bulunan hizmet sekt\u00f6r\u00fcn\u00fc destekler. Finansal kat\u0131l\u0131m \u00e7abalar\u0131, zorluklar devam ederken bile gelir e\u015fitsizli\u011fini azaltmay\u0131 ama\u00e7lar: i\u015fsizlik nispeten y\u00fcksek kalmaya devam ediyor ve servet da\u011f\u0131l\u0131m\u0131ndaki e\u015fitsizlikler e\u011fitim ve sa\u011fl\u0131k e\u015fitli\u011fini hedefleyen sosyal programlar\u0131 te\u015fvik ediyor.<\/p>\n<p>Tar\u0131m, \u015feker kam\u0131\u015f\u0131 ve muz yeti\u015ftiricili\u011findeki yerini korusa da kahve ve kakaodan elde edilen ihracat gelirinin pay\u0131 emek yo\u011fun end\u00fcstriler lehine azald\u0131. Alt\u0131n\u0131n \u00f6tesinde madencilik -boksit, mermer ve tuz- genellikle yerel topluluklar\u0131n telif haklar\u0131 ve ekoturizm tazminat\u0131 i\u00e7in pazarl\u0131k yapt\u0131\u011f\u0131 uzak b\u00f6lgelerde ihracat gelirlerine katk\u0131da bulunur. Bal\u0131k\u00e7\u0131l\u0131k, birincil avlar aras\u0131nda karides ve dikenli \u0131stakoz bulunan deniz kaynaklar\u0131n\u0131 kullan\u0131r ve stok yenilenmesini sa\u011flamak i\u00e7in tasarlanm\u0131\u015f kotalara tabidir.<\/p>\n<p>Taino \u015fefliklerinden \u00e7a\u011fda\u015f cumhuriyetlere, \u00f6nc\u00fc Avrupa kalelerinden dinamik kentsel merkezlere kadar uzanan yay\u0131na bak\u0131ld\u0131\u011f\u0131nda, Dominik Cumhuriyeti katmanl\u0131 kar\u015f\u0131tl\u0131klardan olu\u015fan bir ulus ortaya koyuyor. Plantasyonlarla dolu ovalar\u0131n \u00fczerinde da\u011flar y\u00fckseliyor; s\u00f6m\u00fcrge ta\u015f i\u015f\u00e7ili\u011fi neon kumarhane tabelalar\u0131na biti\u015fik; ulusal otoyollar bulut orman\u0131 rezervlerinden ge\u00e7iyor. Halk\u0131, \u00e7ok say\u0131da atadan gelen gelenek ve mutfaklara sahip ve giri\u015fimci bir \u015fevkle modernitede yol al\u0131yor. Se\u00e7ici gezginler i\u00e7in buras\u0131, her manzaran\u0131n -ister Bayahibe&#039;nin romlu esintisi ister Jarabacoa&#039;n\u0131n r\u00fczgarla f\u0131r\u00e7alanm\u0131\u015f tepeleri olsun- deniz, ta\u015f ve g\u00f6ky\u00fcz\u00fcn\u00fcn \u015fekillendirdi\u011fi y\u00fczy\u0131llard\u0131r s\u00fcren insan \u00e7abas\u0131yla yank\u0131land\u0131\u011f\u0131 bir ke\u015fif alan\u0131. \u00d6zetle, Dominik Cumhuriyeti bug\u00fcn hem Amerika&#039;n\u0131n en eski Avrupa miras\u0131n\u0131n koruyucusu hem de Karayip canl\u0131l\u0131\u011f\u0131n\u0131n \u00f6rne\u011fi olarak duruyor; hikayesi da\u011flar\u0131na kaz\u0131nm\u0131\u015f, nehirlerinden ak\u0131p ge\u00e7iyor ve halk\u0131n\u0131n seslerinde ta\u015f\u0131n\u0131yor.<\/p>","protected":false},"excerpt":{"rendered":"<p>Karayip Denizi&#039;ndeki B\u00fcy\u00fck Antiller&#039;deki Hispaniola adas\u0131nda bulunan Dominik Cumhuriyeti&#039;nin n\u00fcfusu 2024 y\u0131l\u0131 itibar\u0131yla 11,4 milyonun \u00fczerindedir. 48.671 kilometrekare (18.792 mil kare) alan\u0131 kaplayan Dominik Cumhuriyeti, hem alan hem de n\u00fcfus bak\u0131m\u0131ndan Antiller&#039;in ikinci b\u00fcy\u00fck \u00fclkesidir ve kara alan\u0131 bak\u0131m\u0131ndan yaln\u0131zca K\u00fcba&#039;dan sonra gelir.<\/p>","protected":false},"author":1,"featured_media":3613,"parent":24084,"menu_order":0,"comment_status":"closed","ping_status":"closed","template":"elementor_theme","meta":{"_eb_attr":"","footnotes":""},"class_list":["post-9128","page","type-page","status-publish","has-post-thumbnail"],"_links":{"self":[{"href":"https:\/\/travelshelper.com\/tr\/wp-json\/wp\/v2\/pages\/9128","targetHints":{"allow":["GET"]}}],"collection":[{"href":"https:\/\/travelshelper.com\/tr\/wp-json\/wp\/v2\/pages"}],"about":[{"href":"https:\/\/travelshelper.com\/tr\/wp-json\/wp\/v2\/types\/page"}],"author":[{"embeddable":true,"href":"https:\/\/travelshelper.com\/tr\/wp-json\/wp\/v2\/users\/1"}],"replies":[{"embeddable":true,"href":"https:\/\/travelshelper.com\/tr\/wp-json\/wp\/v2\/comments?post=9128"}],"version-history":[{"count":0,"href":"https:\/\/travelshelper.com\/tr\/wp-json\/wp\/v2\/pages\/9128\/revisions"}],"up":[{"embeddable":true,"href":"https:\/\/travelshelper.com\/tr\/wp-json\/wp\/v2\/pages\/24084"}],"wp:featuredmedia":[{"embeddable":true,"href":"https:\/\/travelshelper.com\/tr\/wp-json\/wp\/v2\/media\/3613"}],"wp:attachment":[{"href":"https:\/\/travelshelper.com\/tr\/wp-json\/wp\/v2\/media?parent=9128"}],"curies":[{"name":"wp","href":"https:\/\/api.w.org\/{rel}","templated":true}]}}