{"id":9116,"date":"2024-09-07T12:13:02","date_gmt":"2024-09-07T12:13:02","guid":{"rendered":"https:\/\/travelshelper.com\/staging\/?page_id=9116"},"modified":"2026-03-13T16:29:43","modified_gmt":"2026-03-13T16:29:43","slug":"san-salvador","status":"publish","type":"page","link":"https:\/\/travelshelper.com\/tr\/destinations\/north-america\/el-salvador\/san-salvador\/","title":{"rendered":"San Salvador"},"content":{"rendered":"<p>El Salvador&#039;un atan kalbi San Salvador, volkanik n\u00f6bet\u00e7ilerle \u00e7evrili bir havzan\u0131n i\u00e7inde yer al\u0131r ve deniz seviyesinden ortalama 659 metre y\u00fckseklikte bulunur; belediye s\u0131n\u0131rlar\u0131 i\u00e7indeki 525.990 n\u00fcfusu, \u00fclkenin merkezi yaylalar\u0131nda yakla\u015f\u0131k 600 kilometrekarelik bir alana yay\u0131lm\u0131\u015f 2.404.097 ki\u015filik bir metropol toplulu\u011funa katk\u0131da bulunur; bu da\u011flar siyasi emirlerin, k\u00fclt\u00fcrel ak\u0131mlar\u0131n, akademik u\u011fra\u015flar\u0131n ve finansal al\u0131\u015fveri\u015flerin birle\u015fti\u011fi yerdir.<\/p>\n<p>Sabah\u0131n erken saatlerinde, Boquer\u00f3n yanarda\u011f\u0131n\u0131n dik yama\u00e7lar\u0131 El Picacho ve B\u00e1lsamo s\u0131rada\u011flar\u0131n\u0131n s\u0131rtlar\u0131na uzayan g\u00f6lgeler d\u00fc\u015f\u00fcrd\u00fc\u011f\u00fcnde, San Salvador hem bir tarih potas\u0131 hem de geli\u015fen bir metropol olarak kendini g\u00f6sterir. Acelhuate ve San Antonio gibi nehirler taraf\u0131ndan par\u00e7alanm\u0131\u015f ve vadiye Pipil lakab\u0131n\u0131 kazand\u0131ran sismik olaylarla yaralanm\u0131\u015f arazisi, hi\u00e7bir planlamac\u0131n\u0131n inkar edemeyece\u011fi bir \u0131srarla kentsel b\u00fcy\u00fcmeyi \u015fekillendirmi\u015ftir. Zirvesi 1.931 metrede ufuk \u00e7izgisini delen Cerro El Picacho&#039;nun y\u00fckselen yama\u00e7lar\u0131ndan, 596 metreye yak\u0131n al\u00e7ak kesimlere kadar, \u015fehrin konturlar\u0131 hem manzaralar\u0131 c\u00f6mert hem de talepleri titiz bir \u00e7evreden bahseder. Ta\u015f ocaklar\u0131n\u0131n kal\u0131nt\u0131lar\u0131 ve ge\u00e7mi\u015f patlamalar\u0131n kal\u0131nt\u0131lar\u0131, meydanlar\u0131n ta\u015flar\u0131nda ve s\u00f6m\u00fcrge duvarlar\u0131n\u0131n harc\u0131nda varl\u0131\u011f\u0131n\u0131 s\u00fcrd\u00fcrmektedir.<\/p>\n<p>Ate\u015f ve ta\u015f\u0131n bu be\u015fi\u011finde, y\u00f6netim yap\u0131lar\u0131 y\u00fckseliyor: Bakanlar Kurulu, Yasama Meclisi, Y\u00fcksek Mahkeme ve ba\u015fkanl\u0131k konutu, her biri Barok s\u00fcslemelerinin Neoklasik s\u00fctunlarla ve R\u00f6nesans R\u00f6nesans\u0131 kabartmalar\u0131yla i\u00e7 i\u00e7e ge\u00e7ti\u011fi alanlar\u0131 i\u015fgal ediyor. M\u00fchendis Jos\u00e9 Emilio Alcaine&#039;in y\u00f6netimi alt\u0131nda 1905 ve 1911 y\u0131llar\u0131 aras\u0131nda tasarlanan Ulusal Saray, her biri kendi paletinde y\u00fczen d\u00f6rt ana odada anlat\u0131s\u0131n\u0131 ortaya koyuyor; 101 ara oda ise diplomatik rit\u00fcelleri ve devlet adaml\u0131\u011f\u0131n\u0131n a\u011f\u0131rl\u0131\u011f\u0131n\u0131 f\u0131s\u0131ld\u0131yor. Almanya ve \u0130talya&#039;dan ithal edilen granit ve bronz, yirminci y\u00fczy\u0131l\u0131n ba\u015flar\u0131ndaki se\u00e7kinlerin h\u0131rslar\u0131n\u0131n bir kan\u0131t\u0131 olan g\u00fc\u00e7 ve protokol\u00fcn yap\u0131sal s\u00f6zl\u00fc\u011f\u00fcn\u00fc olu\u015fturuyor.<\/p>\n<p>\u00c7ok uzakta olmayan Metropolitan Katedrali, hem ayin gelene\u011fini hem de yirminci y\u00fczy\u0131l \u015fehitli\u011fini onurland\u0131r\u0131yor. Sade Modernist cephesinin alt\u0131nda, 1980&#039;deki suikast g\u00fcn\u00fc ba\u011fl\u0131l\u0131\u011f\u0131 siyasetle kesi\u015fen Ba\u015fpiskopos \u00d3scar Romero&#039;nun mezar\u0131 yer al\u0131yor. Hac\u0131lar, \u00f6\u011fle vakti ayd\u0131nl\u0131\u011f\u0131n\u0131 ciddi sayg\u0131 havuzlar\u0131na filtreleyen vitray kemerlerin alt\u0131nda durarak lahitinin \u00f6n\u00fcnden ge\u00e7iyorlar. Katedralin \u00f6n\u00fcndeki meydan trajediye ve zafere tan\u0131kl\u0131k ediyordu: 31 Mart 1980&#039;de \u015fiddetle g\u00f6lgelenen bir cenaze alay\u0131 ve bundan birka\u00e7 y\u0131l sonra, 1992&#039;deki bar\u0131\u015f anla\u015fmalar\u0131n\u0131 kutlayan ne\u015feli cemaat. Fernando Llort&#039;un seramik duvar resmi, Aral\u0131k 2012&#039;de aniden kald\u0131r\u0131l\u0131ncaya kadar d\u0131\u015f cepheyi canland\u0131r\u0131yordu; bu eylem, haf\u0131za ve belediye otoritesi hakk\u0131ndaki tart\u0131\u015fmalar\u0131 yeniden alevlendirdi.<\/p>\n<p>Birka\u00e7 blok \u00f6tede, Teatro Nacional sanatsal \u00f6zlemin bir b\u00f6lgesi olarak duruyor. 1917&#039;de a\u00e7\u0131l\u0131\u015f\u0131 yap\u0131lan ve Daniel Beylard&#039;\u0131n Frans\u0131z R\u00f6nesans\u0131 anlay\u0131\u015f\u0131yla \u015fekillendirilen yap\u0131n\u0131n tonozlu kubbesi ve kristal avizesi be\u015f y\u00fcz ki\u015filik bir oditoryuma ba\u015fkanl\u0131k ediyor. \u00dc\u00e7 katl\u0131 balkonlar, Ba\u015fkanl\u0131k Locas\u0131 ile ta\u00e7land\u0131r\u0131l\u0131yor; devlet tan\u0131kl\u0131\u011f\u0131n\u0131n bir b\u00f6lgesi. Rokoko ve Art Nouveau filigran\u0131yla i\u015flenmi\u015f B\u00fcy\u00fck Fuaye ve Oda Salonu, tropikal esintilerin Calle Delgado&#039;dan i\u00e7 \u00e7ekti\u011fi gecelere kadar k\u00fclt\u00fcrel e\u011flenceler sunan dramalara, operalara ve resitallere ev sahipli\u011fi yap\u0131yor. Tiyatronun 1979&#039;da Ulusal An\u0131t olarak belirlenmesi, hem kal\u0131nt\u0131 hem de ya\u015fayan sahne rol\u00fcn\u00fc teyit ediyor.<\/p>\n<p>\u0130nan\u00e7 ve y\u00f6netim an\u0131tlar\u0131n\u0131n \u00f6tesinde, \u015fehrin atardamarlar\u0131 ticaret ve anma etkinlikleriyle at\u0131yor. Son zamanlarda ne\u015feli gezinti yerlerini te\u015fvik etmek i\u00e7in yayala\u015ft\u0131r\u0131lan Avenida Arce, hala 1900&#039;l\u00fc y\u0131llardan kalma Madrid&#039;den kalma antika sokak lambalar\u0131n\u0131 korurken, geni\u015fletilmi\u015f kald\u0131r\u0131mlar\u0131nda art\u0131k tekerlekli sandalye eri\u015fimi i\u00e7in rampalar bulunuyor. Kav\u015faklarda, plakalar Orta Amerika&#039;n\u0131n ilk federal ba\u015fkan\u0131 Manuel Jos\u00e9 Arce&#039;yi an\u0131msat\u0131yor ve yoldan ge\u00e7enlere devrimin ve cumhuriyet\u00e7i deneyin bir zamanlar bu caddelerde nab\u0131z gibi att\u0131\u011f\u0131n\u0131 hat\u0131rlat\u0131yor. Plazas Barrios, Libertad ve Moraz\u00e1n, kentsel amfi tiyatrolar olarak i\u015flev g\u00f6r\u00fcyor: ilkinde Gerardo Barrios&#039;un atl\u0131 bronz heykeli, ikincisinde y\u00fcz\u00fcnc\u00fc y\u0131l dikilita\u015f\u0131n\u0131n tepesinde duran bir \u00d6zg\u00fcrl\u00fck Mele\u011fi, \u00fc\u00e7\u00fcnc\u00fcs\u00fcnde Francisco Moraz\u00e1n&#039;\u0131n mermer y\u00fcz\u00fc var ve her meydan siyasi mitinglere, dini alaylara ve ulusal festivallere ev sahipli\u011fi yap\u0131yor.<\/p>\n<p>Birka\u00e7 blok do\u011fuda, neoklasik revak ve bah\u00e7eleriyle Casa Due\u00f1as, kahve zenginli\u011finin ve diplomatik sadakatlerin izlerini ta\u015f\u0131r. Onlarca y\u0131l boyunca, mesleki bir ek bina ve en son restorasyon aday\u0131 olmadan \u00f6nce, Meksika ve Amerikan el\u00e7iliklerini a\u011f\u0131rlad\u0131, Richard Nixon&#039;dan Lyndon B. Johnson&#039;a kadar ileri gelenleri bar\u0131nd\u0131rd\u0131. 1985&#039;te K\u00fclt\u00fcrel Varl\u0131k ilan edilen s\u0131val\u0131 yap\u0131s\u0131, yerel haf\u0131zan\u0131n bir deposu olarak yeniden canland\u0131r\u0131lmay\u0131 bekliyor; \u015fu anda ufuk \u00e7izgisini noktalayan g\u00f6kdelenlere bir kar\u015f\u0131 nokta.<\/p>\n<p>K\u00fclt\u00fcrel depolar, 1883&#039;te kurulan Museo Nacional de Antropolog\u00eda&#039;ya kadar uzan\u0131yor. Burada arkeolojik buluntular ve tar\u0131msal kal\u0131nt\u0131lar, Salvadorlular\u0131 ve ziyaret\u00e7ileri binlerce y\u0131ll\u0131k insan yerle\u015fimini d\u00fc\u015f\u00fcnmeye davet eden el sanatlar\u0131 \u00fcr\u00fcnleriyle bir arada bulunuyor. Yak\u0131nlarda, 2003&#039;te a\u00e7\u0131lan Museo de Arte de El Salvador, \u00fclkenin sanatsal e\u011frisini on dokuzuncu y\u00fczy\u0131l halk tasvirlerinden \u00e7a\u011fda\u015f soyutlamaya \u00e7er\u00e7eveliyor. Ge\u00e7ici sergiler, Picasso, Rembrandt ve Dal\u00ed&#039;yi bu salonlara \u00e7a\u011f\u0131rarak yerel yarat\u0131c\u0131lar ve uluslararas\u0131 ustalar aras\u0131nda diyaloglar yarat\u0131yor. Gen\u00e7 zihinler i\u00e7in, Parque Cuscatl\u00e1n&#039;a biti\u015fik Tin Mar\u00edn \u00c7ocuk M\u00fczesi, bir u\u00e7ak kabini, market maketi ve kozmosu eri\u015filebilir hale getiren bir planetaryum arac\u0131l\u0131\u011f\u0131yla etkile\u015fimli \u00f6\u011frenmeyi d\u00fczenliyor.<\/p>\n<p>San Salvador&#039;un iklimi ekvatoral s\u0131cakl\u0131\u011f\u0131 y\u00fcksek rak\u0131mla birle\u015ftirir. Kas\u0131m&#039;dan \u015eubat&#039;a kadar s\u00fcren kuru mevsim esintileri g\u00fcnd\u00fcz ortalamalar\u0131n\u0131 22,2 \u00b0C&#039;ye d\u00fc\u015f\u00fcr\u00fcrken, Nisan ve May\u0131s aylar\u0131 ortalama 32,2 \u00b0C&#039;lik maksimumlara ula\u015f\u0131r, \u00f6\u011fleden sonralar\u0131 \u015fafak vakti kaybolan konvektif f\u0131rt\u0131nalarla dalgalan\u0131r. Rekor u\u00e7 noktalar -\u00fcst e\u015fikte 38,5 \u00b0C, alt e\u015fikte 8,2 \u00b0C- 658 metre rak\u0131ma e\u015flik eden g\u00fcnl\u00fck geni\u015fli\u011fin kan\u0131t\u0131d\u0131r. Regosol, latosol ve andosol toprak katmanlar\u0131 andezitik ve bazaltik ana kayadan t\u00fcremi\u015ftir, yama\u00e7lardaki bitki \u00f6rt\u00fcs\u00fcn\u00fc \u015fekillendirir ve parklarda ve bulvar orta \u015feritlerinde kentsel ye\u015fillendirme \u00e7abalar\u0131na bilgi verir.<\/p>\n<p>Su yollar\u0131 beton kanallar\u0131n alt\u0131ndan \u00e7ekilirken bile hidroloji \u015fehrin anlat\u0131s\u0131n\u0131 \u015fekillendiriyor. Bir zamanlar on dokuzuncu y\u00fczy\u0131l\u0131n sonu ve yirminci y\u00fczy\u0131l\u0131n ba\u015f\u0131nda hayati bir kaynak olan Acelhuate Nehri art\u0131k kentsel at\u0131klar\u0131n i\u00e7inden ak\u0131yor. Ilopango G\u00f6l\u00fc&#039;n\u00fcn kalderas\u0131ndan inen akarsular aral\u0131kl\u0131 olarak g\u00f6r\u00fcn\u00fcyor, berrakl\u0131klar\u0131 silt ve tortuyla donukla\u015f\u0131yor. Belediye s\u0131n\u0131r\u0131n\u0131n hemen \u00f6tesinde yer alan Ilopango, \u00fclkenin en b\u00fcy\u00fck do\u011fal rezervuar\u0131n\u0131 i\u015faret ediyor - 1880&#039;de son kez patlayan bir kalderan\u0131n i\u00e7inde hapsedilmi\u015f 72 kilometrekarelik yayla suyu. Kuzey ufkunda, Lempa Nehri&#039;nin barajlanmas\u0131yla \u015fekillendirilen Cerr\u00f3n Grande Rezervuar\u0131, sakin y\u00fczeyi yaratt\u0131\u011f\u0131 yer de\u011fi\u015ftirmeyi yalanlasa bile elektrik \u00fcretiyor.<\/p>\n<p>Ula\u015f\u0131m altyap\u0131s\u0131 \u015fehir merkezinden d\u00fczenli sokak ve cadde \u015febekeleri halinde yay\u0131l\u0131r. Do\u011fu-bat\u0131 koridorlar\u0131 g\u00fcneyde \u00e7ift, kuzeyde tek sokak numaralar\u0131 ta\u015f\u0131r; kuzey-g\u00fcney bulvarlar\u0131 ters bir pariteyi takip eder. Pan-Amerikan Otoyolu (CA-1) metropol\u00fc ikiye b\u00f6lerek Bulevar Arturo Castellanos&#039;a kar\u0131\u015f\u0131rken, RN-5 ve RN-21 Antiguo Cuscatl\u00e1n ve Santa Tecla&#039;ya ba\u011flant\u0131lar olu\u015fturur. Ana yollarda, 60 km\/s h\u0131z limitleri otoyollarda 90 km\/s&#039;ye d\u00fc\u015fer; tarihi sekt\u00f6rlerdeki daha dar \u015feritler 40 km\/s \u00fcst s\u0131n\u0131r\u0131n\u0131 zorunlu k\u0131lar. \u00c7o\u011funlukla sar\u0131ya boyanm\u0131\u015f Toyota Corolla&#039;lardan olu\u015fan taksiler, metreyle s\u0131n\u0131rland\u0131r\u0131lmam\u0131\u015f ancak b\u00f6lgelere g\u00f6re ayarlanm\u0131\u015f sabit \u00fccretlerle var\u0131\u015f noktalar\u0131na gider.<\/p>\n<p>Toplu ta\u015f\u0131ma, \u00f6zel olarak i\u015fletilen otob\u00fcsler ve belediye taraf\u0131ndan y\u00f6netilen hatlar a\u011f\u0131 \u00fczerinde g\u00fcnl\u00fck yakla\u015f\u0131k iki y\u00fcz bin yolcu ta\u015f\u0131yor. 2013 y\u0131l\u0131nda Inter-American Development Bank&#039;tan al\u0131nan elli milyon dolarl\u0131k krediyle desteklenen bir kamu-\u00f6zel sekt\u00f6r giri\u015fimi olarak ba\u015flat\u0131lan SITRAMSS sistemi, San Martin&#039;den Soyapango ve Antiguo Cuscatl\u00e1n&#039;dan Santa Tecla&#039;ya giden rotalar boyunca trafik ak\u0131\u015f\u0131n\u0131 uyumlu hale getirmeyi ama\u00e7l\u0131yordu; on dakikal\u0131k aral\u0131klarla 160 yolcu kapasiteli otob\u00fcsler kent merkezinden ge\u00e7erek \u00f6\u011fleden \u00f6nce yakla\u015f\u0131k yirmi bin yolcuyu ta\u015f\u0131yordu. Ya\u015fl\u0131lar, hamile anneler ve engelli ki\u015filere ayr\u0131lm\u0131\u015f \u00fccretsiz bir hizmet, Orta Amerika&#039;da benzersiz olmaya devam ediyor ve \u015fehrin kapsay\u0131c\u0131 hareketlili\u011fe olan ba\u011fl\u0131l\u0131\u011f\u0131n\u0131 yeniden teyit ediyor.<\/p>\n<p>Bir zamanlar faaliyette olmayan demir yolu hizmeti, 2007 y\u0131l\u0131nda FENADESAL ad\u0131 alt\u0131nda yeniden canland\u0131 ve 2013 y\u0131l\u0131nda ask\u0131ya al\u0131nana kadar San Salvador&#039;u Apopa&#039;ya ba\u011flad\u0131. Nejapa ve Cuscatancingo&#039;ya yeniden ba\u011flanma planlar\u0131 ask\u0131ya al\u0131n\u0131rken, yenilenmi\u015f 1960&#039;lardan kalma vagonlarda yap\u0131lan miras gezileri yolcular\u0131 daha \u00f6nceki bir d\u00f6nemin ritmini deneyimlemeye davet ediyor.<\/p>\n<p>Havadan eri\u015fim 1980&#039;de Ilopango&#039;dan, gelecekteki geni\u015flemeye uygun d\u00fcz arazide 40 kilometre g\u00fcneyde bulunan Monse\u00f1or \u00d3scar Arnulfo Romero Uluslararas\u0131 Havaalan\u0131&#039;na kayd\u0131r\u0131ld\u0131. 2008&#039;de terminallerinden iki milyondan fazla yolcu ge\u00e7ti ve Orta Amerika&#039;n\u0131n en yo\u011fun \u00fc\u00e7\u00fcnc\u00fc havaliman\u0131 oldu; askeri ve charter operasyonlar\u0131 i\u00e7in yeniden d\u00fczenlenen Ilopango havaliman\u0131, 2009&#039;da yeniden a\u00e7\u0131ld\u0131 ve \u015fimdi y\u0131ll\u0131k bir hava g\u00f6sterisine ev sahipli\u011fi yap\u0131yor.<\/p>\n<p>Demografik olarak, San Salvador ,3&#039;l\u00fck mestizo \u00e7o\u011funlu\u011funu, ,8&#039;lik \u0130spanyol, Frans\u0131z ve Alman atalar\u0131n\u0131 soyadlar\u0131nda ve s\u00f6m\u00fcrge yap\u0131lar\u0131n\u0131n tonozlu salonlar\u0131nda s\u00fcrd\u00fcren beyaz bir az\u0131nl\u0131kla birlikte yans\u0131t\u0131r. \u0130spanyolca lingua franca olarak hakimdir, \u0130ngilizce ise medya etkileri ve g\u00f6\u00e7menlerin geri d\u00f6n\u00fc\u015fleri sayesinde ivme kazan\u0131r. 2015 i\u00e7in tahmini n\u00fcfus rakamlar\u0131 belediyede 257.754&#039;t\u00fcr - ulusal toplam\u0131n %4&#039;\u00fc - ve metropol b\u00f6lgesinde 1.767.102&#039;dir - El Salvador n\u00fcfusunun ,4&#039;\u00fc - \u015fehrin orant\u0131s\u0131z a\u011f\u0131rl\u0131\u011f\u0131n\u0131 vurgular.<\/p>\n<p>Ekonomik olarak, metropol b\u00f6lgesi \u00fclkenin topraklar\u0131n\u0131n yaln\u0131zca %3&#039;\u00fcn\u00fc kaps\u0131yor ancak kamu ve \u00f6zel yat\u0131r\u0131mlar\u0131n yakla\u015f\u0131k &#039;ini \u00e7ekiyor. Hizmetler, \u00f6zel e\u011fitim, bankac\u0131l\u0131k, \u015firket merkezleri ve hafif imalat, mali omurgas\u0131n\u0131 olu\u015ftururken, yurt d\u0131\u015f\u0131ndan gelen para transferleri hane halk\u0131 gelirlerini s\u00fcrd\u00fcrmede end\u00fcstriyel \u00e7\u0131kt\u0131y\u0131 geride b\u0131rak\u0131yor. 2001&#039;de ABD dolar\u0131n\u0131n benimsenmesi, yabanc\u0131 sermayeye bir a\u00e7\u0131l\u0131m sinyali verdi, yat\u0131r\u0131mc\u0131lar i\u00e7in para birimi d\u00f6n\u00fc\u015f\u00fcm\u00fcn\u00fc ortadan kald\u0131rd\u0131 ancak para politikas\u0131n\u0131 d\u0131\u015f oranlara ba\u011flad\u0131.<\/p>\n<p>Tarihi \u015fehir merkezinde\u2014bir zamanlar on alt\u0131nc\u0131 y\u00fczy\u0131ldan itibaren s\u00f6m\u00fcrge y\u00f6netiminin merkezi\u2014depremler \u0130spanyol d\u00f6nemi yap\u0131lar\u0131n\u0131 defalarca sildi ve tan\u0131kl\u0131k edecek on dokuzuncu y\u00fczy\u0131l sonu ve yirminci y\u00fczy\u0131l ba\u015f\u0131 mimarisinin ara ceplerini b\u0131rakt\u0131. Belediye Ba\u015fkan\u0131 Norman Quijano d\u00f6neminde, merkezi rahats\u0131z edici otob\u00fcs \u015feritlerinden korumak i\u00e7in toplu ta\u015f\u0131ma arterleri yeniden y\u00f6nlendirildi; sokak sat\u0131c\u0131lar\u0131 belirlenmi\u015f pazarlara ta\u015f\u0131nd\u0131; ve cephelerin ve kamusal ayd\u0131nlatman\u0131n sempatik restorasyonu, temel festivallerin, askeri ge\u00e7it t\u00f6renlerinin ve A\u011fustos ay\u0131nda \u0130lahi Kurtar\u0131c\u0131 bayram\u0131n\u0131n ger\u00e7ekle\u015fti\u011fi meydanlar\u0131 yeniden canland\u0131rmay\u0131 ama\u00e7l\u0131yordu.<\/p>\n<p>G\u00fcn\u00fcm\u00fczde, depreme dayan\u0131kl\u0131 tasar\u0131mlara sahip y\u00fcksek apartman daireleri, sismik tarihin art\u0131k \u00f6zlemleri s\u0131n\u0131rlamayaca\u011f\u0131na dair ihtiyatl\u0131 bir iyimserli\u011fi temsil eden al\u00e7ak modernist ofislerin yan\u0131nda y\u00fckseliyor. San Benito, Escal\u00f3n, San Francisco ve Santa Elena gibi mahallelerde, a\u011fa\u00e7larla \u00e7evrili caddeler l\u00fcks otellere, butiklere ve el\u00e7iliklere ev sahipli\u011fi yap\u0131yor ve y\u00fcksekteki bak\u0131\u015f a\u00e7\u0131lar\u0131 a\u015fa\u011f\u0131daki vadinin panoramalar\u0131n\u0131 sunuyor. Parklar, havuzlar ve spor salonlar\u0131 bulunan kapal\u0131 siteler orta s\u0131n\u0131f ailelere hitap ederken, gecekondu mahalleleri \u015fehrin \u00e7evresinde k\u00fcmelenerek kal\u0131c\u0131 e\u015fitsizliklere tan\u0131kl\u0131k ediyor.<\/p>\n<p>\u00d6\u011fleden sonraki g\u00f6k g\u00fcr\u00fclt\u00fcl\u00fc f\u0131rt\u0131nalar yerini a\u00e7\u0131k g\u00f6ky\u00fcz\u00fcne b\u0131rak\u0131rken, \u015fehrin sil\u00fceti Boquer\u00f3n&#039;un kararm\u0131\u015f konisine ve Ilopango&#039;nun kenar\u0131n\u0131n t\u0131rt\u0131kl\u0131 tepesine d\u00f6n\u00fc\u015f\u00fcyor. Sokak lambalar\u0131 Prado caddeleri boyunca canlan\u0131yor ve katedralin \u00e7anlar\u0131 \u00e7ivit mavisi bir fonda \u00e7al\u0131yor. Bu saatlerde, San Salvador&#039;un ikilikleri -modernlik ve gelenek, refah ve yoksulluk, huzur ve karga\u015fa- hem yanarda\u011fdan hem de vadiden miras al\u0131nan bir ritimde hizalan\u0131yor. Ard\u0131\u015f\u0131k patlamalar, depremler ve insanl\u0131k ini\u015f \u00e7\u0131k\u0131\u015flar\u0131 boyunca \u015fehir, karakterini bazalt ve politikada, mermer meydanlarda ve kalabal\u0131k mercados&#039;larda olu\u015fturmu\u015ftur. Anlat\u0131s\u0131 dura\u011fan bir an\u0131t olarak de\u011fil, her g\u00fcn trafi\u011fin ritminde, sokak sat\u0131c\u0131lar\u0131n\u0131n ba\u011f\u0131r\u0131\u015flar\u0131nda, mahkeme salonlar\u0131n\u0131n ciddiyetinde ve katedral s\u0131ralar\u0131n\u0131n sessiz sayg\u0131s\u0131nda yaz\u0131lan canl\u0131 bir el yazmas\u0131 olarak varl\u0131\u011f\u0131n\u0131 s\u00fcrd\u00fcr\u00fcyor. Burada, bu yayla potas\u0131nda, El Salvador&#039;un ge\u00e7mi\u015fi ve bug\u00fcn\u00fc bir araya gelerek hen\u00fcz yaz\u0131lmam\u0131\u015f b\u00f6l\u00fcmleri \u015fekillendirmeye haz\u0131rlan\u0131yor.<\/p>","protected":false},"excerpt":{"rendered":"<p>San Salvador, El Salvador&#039;un ba\u015fkenti ve en b\u00fcy\u00fck \u015fehridir ve ayn\u0131 zamanda ad\u0131n\u0131 ald\u0131\u011f\u0131 departmand\u0131r. Bununla birlikte, \u00fclkenin en b\u00fcy\u00fck aglomerasyonudur ve El Salvador&#039;un politik, k\u00fclt\u00fcrel, e\u011fitimsel ve finansal merkezi olarak i\u015flev g\u00f6rmektedir. 2024 itibar\u0131yla, San Salvador Belediyesi&#039;nin n\u00fcfusu 525.990 iken, ba\u015fkenti ve di\u011fer 13 belediyeyi kapsayan San Salvador Metropol Alan\u0131&#039;n\u0131n toplam n\u00fcfusu 2.404.097&#039;dir. Kentsel b\u00f6lgenin n\u00fcfusu 1.600.000&#039;dir.<\/p>","protected":false},"author":1,"featured_media":4217,"parent":9069,"menu_order":0,"comment_status":"closed","ping_status":"closed","template":"elementor_theme","meta":{"_eb_attr":"","footnotes":""},"class_list":["post-9116","page","type-page","status-publish","has-post-thumbnail"],"_links":{"self":[{"href":"https:\/\/travelshelper.com\/tr\/wp-json\/wp\/v2\/pages\/9116","targetHints":{"allow":["GET"]}}],"collection":[{"href":"https:\/\/travelshelper.com\/tr\/wp-json\/wp\/v2\/pages"}],"about":[{"href":"https:\/\/travelshelper.com\/tr\/wp-json\/wp\/v2\/types\/page"}],"author":[{"embeddable":true,"href":"https:\/\/travelshelper.com\/tr\/wp-json\/wp\/v2\/users\/1"}],"replies":[{"embeddable":true,"href":"https:\/\/travelshelper.com\/tr\/wp-json\/wp\/v2\/comments?post=9116"}],"version-history":[{"count":0,"href":"https:\/\/travelshelper.com\/tr\/wp-json\/wp\/v2\/pages\/9116\/revisions"}],"up":[{"embeddable":true,"href":"https:\/\/travelshelper.com\/tr\/wp-json\/wp\/v2\/pages\/9069"}],"wp:featuredmedia":[{"embeddable":true,"href":"https:\/\/travelshelper.com\/tr\/wp-json\/wp\/v2\/media\/4217"}],"wp:attachment":[{"href":"https:\/\/travelshelper.com\/tr\/wp-json\/wp\/v2\/media?parent=9116"}],"curies":[{"name":"wp","href":"https:\/\/api.w.org\/{rel}","templated":true}]}}