{"id":9104,"date":"2024-09-07T11:31:28","date_gmt":"2024-09-07T11:31:28","guid":{"rendered":"https:\/\/travelshelper.com\/staging\/?page_id=9104"},"modified":"2026-03-13T16:30:12","modified_gmt":"2026-03-13T16:30:12","slug":"la-palma","status":"publish","type":"page","link":"https:\/\/travelshelper.com\/tr\/destinations\/north-america\/el-salvador\/la-palma\/","title":{"rendered":"La Palma"},"content":{"rendered":"<p>La Palma, kuzey El Salvador&#039;un sisli yaylalar\u0131ndan, m\u00fctevaz\u0131 boyutlar\u0131 \u00fclkenin k\u00fclt\u00fcrel ve politik dokusunda b\u00fcy\u00fck bir yank\u0131 uyand\u0131ran bir yerle\u015fim yeri olarak ortaya \u00e7\u0131k\u0131yor. Cerro El Pital s\u0131rada\u011flar\u0131n\u0131n dalgal\u0131 dikenleri aras\u0131nda yakla\u015f\u0131k 135,6 kilometrekarelik bir alan\u0131 kaplayan La Palma, hayatlar\u0131 serin esintiler ve yemye\u015fil ormanlar \u00e7a\u011f\u0131ran y\u00fcksekliklerde ge\u00e7en yakla\u015f\u0131k 24.000 ki\u015filik bir toplulu\u011fa (yakla\u015f\u0131k 2006) ev sahipli\u011fi yap\u0131yor. Honduras s\u0131n\u0131r\u0131na yak\u0131n bir yerde konumlanan idari s\u0131n\u0131rlar\u0131 (kuzeyde San Ignacio&#039;ya ve g\u00fcneyde Agua Caliente&#039;ye kadar uzan\u0131yor, do\u011fuda San Fernando, San Francisco Moraz\u00e1n ve La Reina&#039;n\u0131n geni\u015f belediyeleriyle \u00e7evrili ve bat\u0131da Metap\u00e1n ve Cital\u00e1 taraf\u0131ndan duvarla \u00e7evrilmi\u015f) Lempa Nehri&#039;nin k\u0131vr\u0131ml\u0131 rotas\u0131yla \u015fekillenmi\u015ftir. Tropikal ovalarda nadiren g\u00f6r\u00fclen \u0131l\u0131man bir iklime sahip olan bu da\u011fl\u0131k b\u00f6lge, hem zanaatkarlar\u0131n yarat\u0131c\u0131l\u0131\u011f\u0131yla hem de El Salvador&#039;un modern tarihindeki \u00f6nemli anlarla e\u015f anlaml\u0131 hale gelmi\u015ftir.<\/p>\n<p>La Palma&#039;n\u0131n k\u00f6kenleri, Palmita olarak bilinen k\u00fc\u00e7\u00fck bir mezran\u0131n Nonuapa Nehri&#039;nin e\u015fsiz ak\u0131\u015f\u0131n\u0131n yan\u0131nda k\u00f6k sald\u0131\u011f\u0131 s\u00f6m\u00fcrge d\u00f6nemine kadar uzan\u0131r. 1882&#039;de bir sel bu erken yerle\u015fim yerlerini sular alt\u0131nda b\u0131rakt\u0131 ve hayatta kalanlar\u0131 daha y\u00fcksek bir zeminde yeni bir yer a\u00e7maya zorlad\u0131. Bu kolektif kararl\u0131l\u0131k eylemi, 1959&#039;da Los Horcones, Los Planes, Las Granadillas, El Gramal, San Jos\u00e9 Sacar\u00e9, El T\u00fanel, El Aguacatal ve San Josecalera kantonlar\u0131n\u0131 tek bir belediye yarg\u0131 yetkisi alt\u0131nda birle\u015ftiren yasama kararnamesi arac\u0131l\u0131\u011f\u0131yla belediye stat\u00fcs\u00fcne y\u00fckselecek olan kasaban\u0131n tohumlar\u0131n\u0131 att\u0131. Palmita&#039;n\u0131n k\u0131r\u0131lgan mezras\u0131ndan tam te\u015fekk\u00fcll\u00fc bir belediyeye ge\u00e7i\u015f, sakinlerinin do\u011fan\u0131n kaprisleri aras\u0131nda d\u00fczeni sa\u011flama kapasitesini vurgulad\u0131.<\/p>\n<p>Ancak La Palma&#039;n\u0131n \u00fcn\u00fc co\u011frafi marjinalli\u011fi a\u015ft\u0131\u011f\u0131 yer El Salvador \u0130\u00e7 Sava\u015f\u0131&#039;n\u0131n potas\u0131ndayd\u0131. 1980&#039;den itibaren engebeli arazi isyanc\u0131 g\u00fc\u00e7lerin ideolojik kanallar\u0131n\u0131 bar\u0131nd\u0131rd\u0131. Vadiler ve s\u0131rt \u00e7izgileri gerilla doktrininin derslikleri haline geldi ve ormanl\u0131k yama\u00e7lar h\u00fck\u00fcmet birlikleri ilerledi\u011finde hem s\u0131\u011f\u0131nak hem de sava\u015f alan\u0131 olarak hizmet etti. B\u00f6ylece belediye ikili bir kimli\u011fe b\u00fcr\u00fcnd\u00fc: devrimci d\u00fc\u015f\u00fcncenin kulu\u00e7ka makinesi ve silahl\u0131 \u00e7at\u0131\u015fma tiyatrosu. \u00d6nemi, 15 Ekim 1984&#039;te Ba\u015fkan Jos\u00e9 Napole\u00f3n Duarte&#039;nin La Palma s\u0131n\u0131rlar\u0131 i\u00e7inde Frente Farabundo Mart\u00ed para la Liberaci\u00f3n Nacional liderleriyle gizlice bir araya gelerek Chapultepec Bar\u0131\u015f Anla\u015fmalar\u0131&#039;yla sonu\u00e7lanacak m\u00fczakereleri ba\u015flatmas\u0131yla belirginle\u015fti. \u015eiddeti azaltabilece\u011fi umuduyla y\u00fckselen bu ge\u00e7ici diyalog eyleminde La Palma paradoksal bir simyay\u0131 temsil ediyordu: Bir \u00e7eki\u015fme yeri, uzla\u015fman\u0131n pota haline d\u00f6n\u00fc\u015fm\u00fc\u015ft\u00fc.<\/p>\n<p>Bir zamanlar gerilla kamplar\u0131n\u0131 gizleyen topografya art\u0131k geli\u015fen bir zanaatkar ekonomisini destekliyor. Bug\u00fcn, La Palma sakinlerinin yakla\u015f\u0131k d\u00f6rtte \u00fc\u00e7\u00fc ge\u00e7imini el sanatlar\u0131ndan ve \u015f\u00f6hretlerinden etkilenen ziyaret\u00e7i s\u00fcr\u00fclerinden sa\u011fl\u0131yor. 1970&#039;lerin ba\u015flar\u0131nda, vizyon sahibi sanat\u00e7\u0131 Fernando Llort, El Salvador&#039;da benzersiz bir zanaatkar end\u00fcstrisi haline gelecek olan \u015feyi h\u0131zland\u0131ran, yerli motifleri modernist geometriyle birle\u015ftiren yerel bir estetik tan\u0131tt\u0131. At\u00f6lyeler kasaban\u0131n alt\u0131 kentsel b\u00f6lgesinde \u00e7i\u00e7ek a\u00e7t\u0131 ve seksen yedi k\u0131rsal caser\u00edo&#039;ya yay\u0131ld\u0131 ve sonunda yakla\u015f\u0131k y\u00fcz zanaat tesisine ula\u015ft\u0131; bunlar\u0131n yar\u0131s\u0131 elle boyanm\u0131\u015f seramiklerden karma\u015f\u0131k bir \u015fekilde dokunmu\u015f tekstillere kadar uzanan mallar\u0131 ihra\u00e7 etmekle me\u015fguld\u00fc. Llort&#039;un soyunun karma\u015f\u0131k desenleri, hem yerel pazarlara hem de yurtd\u0131\u015f\u0131ndaki galerilere La Palma&#039;n\u0131n belirgin izini ta\u015f\u0131yan nesneler sa\u011fl\u0131yor. K\u0131smen k\u00fclt\u00fcrel turizmle desteklenen bu giri\u015fimlerden elde edilen gelir, art\u0131k belediyenin mali istikrar\u0131n\u0131 destekliyor ve el sanatlar\u0131n\u0131n nadiren \u00f6ncelik kazand\u0131\u011f\u0131 daha geni\u015f ulusal ekonomiden keskin bir \u015fekilde ayr\u0131\u015f\u0131yor.<\/p>\n<p>La Palma i\u015f g\u00fcc\u00fcn\u00fcn geri kalan d\u00f6rtte biri, eri\u015filebilir yama\u00e7lara tutunan topraklara ve kahve plantasyonlar\u0131na y\u00f6neliyor. Sebzeler, m\u0131s\u0131r ve fasulyeler alt arazileri kaplarken, kahve \u00e7al\u0131l\u0131klar\u0131 (1988&#039;de \u00fclkenin ihracat gelirlerinin yar\u0131s\u0131ndan fazlas\u0131na h\u00fckmediyordu) art\u0131k azalan bir gelir kayna\u011f\u0131 ve uluslararas\u0131 rekabet nedeniyle 2004&#039;te ihracat gelirlerinin ancak y\u00fczde yedisini sa\u011fl\u0131yor. Ancak kahve bah\u00e7eleri k\u00fc\u00e7\u00fclse bile, bir zamanlar bask\u0131n olan bir end\u00fcstrinin kal\u0131nt\u0131lar\u0131 olarak varl\u0131\u011f\u0131n\u0131 s\u00fcrd\u00fcr\u00fcyor ve manzaray\u0131, kahve kirazlar\u0131 z\u00fcmr\u00fct g\u00f6lgeli\u011fe kar\u015f\u0131 k\u0131zaran d\u00fczg\u00fcn s\u0131ralar halindeki herdem ye\u015fil \u00e7al\u0131larla noktal\u0131yor.<\/p>\n<p>La Palma, insan giri\u015fimlerinin \u00f6tesinde, ke\u015ffetmeye de\u011fer bir dizi do\u011fal cazibe merkezini kapsar. \u015eehir merkezinden on \u00fc\u00e7 kilometrelik bir s\u00fcr\u00fc\u015f, yakla\u015f\u0131k 2.400 metrelik bir rak\u0131m\u0131n yaln\u0131zca on iki santigrat derece ortalama bir s\u0131cakl\u0131\u011f\u0131 m\u00fcjdeledi\u011fi Miramundo Orman\u0131&#039;na \u00e7\u0131kar. Burada, bulutlarla \u00f6p\u00fc\u015fen \u00e7amlar ve me\u015feler, tefekk\u00fcrl\u00fc gezintilere davet eden patikalar\u0131n \u00fczerinde n\u00f6bet tutar. Vadi taban\u0131na do\u011fru inerken, deniz seviyesinden 1.010 metre y\u00fckseklikte San Ignacio ile kar\u015f\u0131la\u015f\u0131rs\u0131n\u0131z; m\u00fctevaz\u0131 otelleri ve rehberli gezileri, hem b\u00f6lgenin serin iklimini hem de nehir cazibesini tatmaya niyetli gezginleri a\u011f\u0131rlayan bir k\u00f6yd\u00fcr. Kuzeye do\u011fru k\u0131sa bir yolculuk, Cital\u00e1 kasabas\u0131n\u0131n yayla manzaralar\u0131na dingin bir kontrast sunarak k\u0131y\u0131lar\u0131nda bir n\u00f6bet\u00e7i gibi t\u00fcnedi\u011fi Lempa Nehri&#039;nin yata\u011f\u0131na g\u00f6t\u00fcr\u00fcr.<\/p>\n<p>Da\u011f yollar\u0131 boyunca Las Pilas, iklimi Miramundo&#039;dan bile daha d\u00fc\u015f\u00fck olan bir yerle\u015fim yeri olarak ortaya \u00e7\u0131k\u0131yor ve yerel yeti\u015ftiricilere marul ve lahana gibi yaprakl\u0131 temel g\u0131dalar\u0131n yan\u0131 s\u0131ra b\u00f6\u011f\u00fcrtlen, \u00e7ilek ve \u015feftali i\u00e7in ideal ko\u015fullar sunuyor. Bu meyve bah\u00e7elerinin ve tarlalar\u0131n bereketi, tar\u0131m uygulamalar\u0131n\u0131n y\u00fckseklik kaynakl\u0131 mikro iklimlere uyum sa\u011flama yetene\u011fini yans\u0131t\u0131yor ve La Palma&#039;dan Las Pilas&#039;a giden patika hem do\u011fal g\u00fczellikler hem de y\u00fcksek rak\u0131ml\u0131 bir tar\u0131m hayat\u0131na dair bir bak\u0131\u015f sunuyor.<\/p>\n<p>\u00dclkeler aras\u0131ndaki s\u0131n\u0131rda, San Ignacio&#039;nun d\u00f6rt kilometre \u00f6tesinde, Cayahuanca Ta\u015f\u0131 deniz seviyesinden yakla\u015f\u0131k 1.550 metre y\u00fcksektedir. Salvador-Honduras s\u0131n\u0131r\u0131n\u0131 belirleyen bu \u00e7\u0131k\u0131nt\u0131, her iki \u00fclkenin z\u00fcmr\u00fct s\u0131rtlar\u0131n\u0131n panoramik manzaralar\u0131n\u0131 sunar. Kutsal Hafta boyunca, yerel aileler ve hac\u0131lar kayan\u0131n ince bir \u00e7izgisiyle b\u00f6l\u00fcnm\u00fc\u015f bir ufukta alacakaranl\u0131\u011f\u0131n ini\u015fine tan\u0131kl\u0131k etmek i\u00e7in geni\u015f y\u00fczeyinde toplan\u0131rlar - dini t\u00f6renlerin \u00f6tesinde devam eden, ulusal b\u00f6l\u00fcnmeleri a\u015fan ortak bir k\u00fclt\u00fcrel miras\u0131n sembol\u00fc olan y\u0131ll\u0131k bir toplumsal bulu\u015fma ayini.<\/p>\n<p>Salvador topraklar\u0131ndaki en y\u00fcksek zirve olan Cerro El Pital, La Palma&#039;dan yakla\u015f\u0131k on iki kilometre uzakl\u0131ktad\u0131r. 2.730 metrede bulut katman\u0131n\u0131 deler ve y\u0131ll\u0131k ortalama s\u0131cakl\u0131\u011f\u0131 on santigrat derece olan bir ormana h\u00fckmeder. Da\u011f\u0131n serin kucaklamas\u0131 zaman zaman uzun s\u00fcredir burada ya\u015fayanlar\u0131 bile hayrete d\u00fc\u015f\u00fcren olaylara yol a\u00e7ar: 13 Nisan 2004&#039;te beklenmedik bir don ve par\u00e7al\u0131 buz \u00f6rt\u00fcleri \u00e7\u00f6kt\u00fc ve bu enlemlerde nadir g\u00f6r\u00fclen bir meteorolojik olay\u0131 a\u00e7\u0131klamak i\u00e7in \u015fa\u015fk\u0131nl\u0131kla &#034;nevada&#034; diye hayk\u0131r\u0131\u015flara ve yerel bilgilere ge\u00e7ici bir ba\u015fvuruya neden oldu. Bu t\u00fcr anlar, da\u011f havas\u0131n\u0131n kaprislili\u011fini ve ayaklar\u0131n\u0131n dibinde ya\u015fayanlara a\u015f\u0131lad\u0131\u011f\u0131 tevazuyu vurgular.<\/p>\n<p>\u0130dari olarak, La Palma&#039;n\u0131n sekiz kantonu ve onlara e\u015flik eden yetmi\u015f k\u00fcsur caser\u00edo, belediyenin alt\u0131 kentsel il\u00e7eden olu\u015fan daha sa\u011flam \u00e7ekirde\u011fini olu\u015fturmak i\u00e7in birbirine ba\u011flanan bir k\u0131rsal yerle\u015fim dokusu olu\u015fturur. N\u00fcfus say\u0131m\u0131 kay\u0131tlar\u0131, 1956 ortalar\u0131nda 5.337 ki\u015fiden (2.780 erkek ve 2.957 kad\u0131n aras\u0131nda neredeyse e\u015fit olarak b\u00f6l\u00fcnm\u00fc\u015f) 2006&#039;da yakla\u015f\u0131k 24.000 ki\u015filik bir toplulu\u011fa ula\u015fan bir toplulu\u011fu g\u00f6stermektedir; bu, hem do\u011fal art\u0131\u015f\u0131n hem de kentsel ve k\u0131rsal ya\u015fam bi\u00e7imlerini tek bir b\u00f6lgesel kimli\u011fe kayna\u015ft\u0131ran g\u00f6\u00e7 ak\u0131\u015flar\u0131n\u0131n bir kan\u0131t\u0131d\u0131r.<\/p>\n<p>Bu ortamda, zanaatkar at\u00f6lyeleri yaln\u0131zca ekonomik motorlar olarak de\u011fil, ayn\u0131 zamanda yerel sembolizmden, dini ikonografiden ve bulut orman\u0131n\u0131n canl\u0131 bitki \u00f6rt\u00fcs\u00fc ve hayvanlar\u0131ndan t\u00fcretilen motifleri ileten k\u00fclt\u00fcrel haf\u0131zan\u0131n depolar\u0131 olarak hizmet ediyor. Her boyal\u0131 tabak, her oyulmu\u015f heykelcik, nehir k\u0131y\u0131s\u0131ndaki palmiyelerin dokular\u0131n\u0131, tropikal ku\u015flar\u0131n t\u00fcylerini ve volkanik zirvelerin konturlar\u0131n\u0131 minyat\u00fcr olarak ta\u015f\u0131yor ve halefi La Palma&#039;n\u0131n sa\u011flaml\u0131\u011f\u0131n\u0131 kutlarken Palmita&#039;n\u0131n kay\u0131p nehir k\u0131y\u0131s\u0131n\u0131 hat\u0131rlat\u0131yor.<\/p>\n<p>Silah seslerine ve gizli strateji oturumlar\u0131na tan\u0131kl\u0131k eden ayn\u0131 yama\u00e7lar\u0131n, sanat ve ticaret i\u00e7in tuvallere d\u00f6n\u00fc\u015ft\u00fcr\u00fcld\u00fc\u011f\u00fcn\u00fc d\u00fc\u015f\u00fcnmekte fayda var. Bir zamanlar sava\u015f\u00e7\u0131lar\u0131n ge\u00e7ti\u011fi gerilla patikalar\u0131, art\u0131k cepheleri Llort&#039;un \u00f6nc\u00fcl\u00fc\u011f\u00fcn\u00fc yapt\u0131\u011f\u0131 naif tarzda duvar resimleriyle kapl\u0131 kerpi\u00e7 kapl\u0131 st\u00fcdyolar\u0131n \u00f6n\u00fcnden ge\u00e7iyor. Ziyaret\u00e7iler burada, zanaatkarlar\u0131n ah\u015fap \u00fczerine gesso gerdi\u011fini, do\u011fal pigmentleri \u00f6\u011f\u00fctt\u00fc\u011f\u00fcn\u00fc veya seramik tabaklara geometrik desenler \u00e7izdi\u011fini, yerel gelenek ile k\u00fcresel pazarlar aras\u0131nda ba\u011flant\u0131lar kurdu\u011funu g\u00f6rebilirler. Zanaatkarl\u0131k ve \u00e7at\u0131\u015fma -insan \u00e7abas\u0131n\u0131n iki y\u00f6n\u00fc- La Palma&#039;da bir araya gelmi\u015f, b\u00f6ylece zorluklar\u0131n verdi\u011fi dayan\u0131kl\u0131l\u0131k ruhu, bug\u00fcn kasabay\u0131 tan\u0131mlayan yarat\u0131c\u0131 d\u00fcrt\u00fcden ayr\u0131lamaz hale gelmi\u015ftir.<\/p>\n<p>\u015eafak El Pital&#039;in \u00fczerinde g\u00fcl ve alt\u0131n iplik\u00e7ikleriyle sisleri ayd\u0131nlat\u0131rken, La Palma El Salvador&#039;un daha geni\u015f anlat\u0131s\u0131n\u0131n bir mikrokozmosu olarak duruyor: do\u011fal g\u00fczelli\u011fin \u00e7alkant\u0131l\u0131 bir ge\u00e7mi\u015fle bir arada var oldu\u011fu, k\u00fclt\u00fcrel ifadenin zorluklardan ortaya \u00e7\u0131kt\u0131\u011f\u0131 ve payla\u015f\u0131lan tarihle g\u00fc\u00e7lenen topluluk ba\u011flar\u0131n\u0131n yenilenmeye do\u011fru bir yol \u00e7izdi\u011fi bir toprak. Serin da\u011f havas\u0131, ge\u00e7mi\u015fteki sava\u015flar\u0131n ve hen\u00fcz \u00e7izilmemi\u015f f\u0131r\u00e7a darbelerinin, bir zamanlar bu g\u00f6klerin alt\u0131nda yap\u0131lan antla\u015fma g\u00f6r\u00fc\u015fmelerinin ve \u015fimdi kasaban\u0131n kaderini \u015fekillendiren zanaatkarlar\u0131n f\u0131s\u0131lt\u0131lar\u0131n\u0131 ta\u015f\u0131yor. Bu yayla belediyesine giden gezgin i\u00e7in kar\u015f\u0131la\u015fma, yaln\u0131zca do\u011fal manzaralar\u0131 g\u00f6zlemlemenin \u00f6tesine ge\u00e7iyor; her zanaat\u0131n, her ekili alan\u0131n ve her yosunlu patikan\u0131n bir d\u00f6n\u00fc\u015f\u00fcm ve inat\u00e7\u0131l\u0131k hikayesi anlatt\u0131\u011f\u0131 canl\u0131 bir tarih\u00e7eye dalma haline geliyor.<\/p>\n<p>Son tahlilde, La Palma ne statik bir kal\u0131nt\u0131 ne de ulusal haf\u0131zan\u0131n temizlenmi\u015f bir m\u00fczesi olarak kendini g\u00f6sterir, daha ziyade tarih ve sanat\u0131n s\u00fcrekli diyalog halinde oldu\u011fu dinamik bir yerle\u015fim yeri olarak ortaya \u00e7\u0131kar. K\u00f6kenlerini bir nehir kenar\u0131 k\u00f6y\u00fcnden siyasi bir anla\u015fman\u0131n potas\u0131na ve oradan da zanaatkar m\u00fckemmelli\u011finin bir i\u015faretine kadar takip ederek, devam eden bir s\u00fcreklilik fark edilir; sel bask\u0131n\u0131 g\u00f6\u00e7\u00fcn\u00fc, i\u00e7 \u00e7at\u0131\u015fmay\u0131 ve insan deneyiminin \u00e7amurundan g\u00fczellik yaratmaya y\u00f6nelik toplumsal \u00f6zlemi bir araya getiren bir anlat\u0131. La Palma, El Salvador&#039;un hikayesindeki b\u00f6l\u00fcm\u00fcn\u00fc yazmaya devam etti\u011fi yer, nehrin ve s\u0131rt\u0131n yank\u0131s\u0131 aras\u0131nda, bu yama\u00e7lard\u0131r.<\/p>","protected":false},"excerpt":{"rendered":"<p>El Salvador&#039;un Chalatenango b\u00f6l\u00fcm\u00fcnde bulunan manzaral\u0131 bir belediye olan La Palma, bu Orta Amerika \u00fclkesinin zengin tarihi ve k\u00fclt\u00fcrel miras\u0131na \u00f6rnek te\u015fkil ediyor. 135,60 kilometrekarelik bir alan\u0131 kaplayan La Palma, do\u011fal g\u00fczelli\u011fi ve dinamik zanaatkar toplulu\u011fuyla dikkat \u00e7eken engebeli bir b\u00f6lgede yer al\u0131yor. 2006 y\u0131l\u0131nda bu belediyenin n\u00fcfusu 24.000&#039;in \u00fczerindeydi ve kentsel ve k\u0131rsal ya\u015fam tarzlar\u0131n\u0131n canl\u0131 bir kombinasyonunu sergiliyordu.<\/p>","protected":false},"author":1,"featured_media":3498,"parent":9069,"menu_order":0,"comment_status":"closed","ping_status":"closed","template":"elementor_theme","meta":{"_eb_attr":"","footnotes":""},"class_list":["post-9104","page","type-page","status-publish","has-post-thumbnail"],"_links":{"self":[{"href":"https:\/\/travelshelper.com\/tr\/wp-json\/wp\/v2\/pages\/9104","targetHints":{"allow":["GET"]}}],"collection":[{"href":"https:\/\/travelshelper.com\/tr\/wp-json\/wp\/v2\/pages"}],"about":[{"href":"https:\/\/travelshelper.com\/tr\/wp-json\/wp\/v2\/types\/page"}],"author":[{"embeddable":true,"href":"https:\/\/travelshelper.com\/tr\/wp-json\/wp\/v2\/users\/1"}],"replies":[{"embeddable":true,"href":"https:\/\/travelshelper.com\/tr\/wp-json\/wp\/v2\/comments?post=9104"}],"version-history":[{"count":0,"href":"https:\/\/travelshelper.com\/tr\/wp-json\/wp\/v2\/pages\/9104\/revisions"}],"up":[{"embeddable":true,"href":"https:\/\/travelshelper.com\/tr\/wp-json\/wp\/v2\/pages\/9069"}],"wp:featuredmedia":[{"embeddable":true,"href":"https:\/\/travelshelper.com\/tr\/wp-json\/wp\/v2\/media\/3498"}],"wp:attachment":[{"href":"https:\/\/travelshelper.com\/tr\/wp-json\/wp\/v2\/media?parent=9104"}],"curies":[{"name":"wp","href":"https:\/\/api.w.org\/{rel}","templated":true}]}}