{"id":9069,"date":"2024-09-07T10:45:07","date_gmt":"2024-09-07T10:45:07","guid":{"rendered":"https:\/\/travelshelper.com\/staging\/?page_id=9069"},"modified":"2026-03-13T16:30:26","modified_gmt":"2026-03-13T16:30:26","slug":"el-salvador","status":"publish","type":"page","link":"https:\/\/travelshelper.com\/tr\/destinations\/north-america\/el-salvador\/","title":{"rendered":"El Salvador"},"content":{"rendered":"<p>El Salvador, El Salvador Cumhuriyeti, 13\u00b0 ve 15\u00b0 K enlemleri ile 87\u00b0 ve 91\u00b0 B boylamlar\u0131 aras\u0131nda Orta Amerika&#039;n\u0131n ince bir \u015feridini kaplar ve yakla\u015f\u0131k 21.041 km\u00b2&#039;lik bir alan\u0131 kaplar ve 2024 y\u0131l\u0131 n\u00fcfusu alt\u0131 milyon olarak tahmin edilmektedir. Kuzeybat\u0131s\u0131nda Guatemala, kuzeydo\u011fusunda Honduras ve g\u00fcneyinde Pasifik Okyanusu ile \u00e7evrili olan bu kompakt cumhuriyet, sevgiyle &#034;Amerika&#039;n\u0131n Tom Thumb&#039;u&#034; olarak adland\u0131r\u0131l\u0131r ve ba\u015fkenti ve en kalabal\u0131k \u015fehri San Salvador&#039;dur. El Salvador&#039;un arazisi m\u00fctevaz\u0131 boyutuna ra\u011fmen k\u0131y\u0131 ovalar\u0131ndan volkanik yaylalara do\u011fru y\u00fckselir, insan dokusu Kolomb \u00f6ncesi miraslar\u0131 s\u00f6m\u00fcrgeci \u00e7alkant\u0131larla \u00f6rer ve geli\u015fen ekonomisi tar\u0131msal k\u00f6kleri ortaya \u00e7\u0131kan end\u00fcstriyel ve hizmet sekt\u00f6rleriyle dengeler.<\/p>\n<p>Avrupa gemileri Pasifik ufkunu yar\u0131p ge\u00e7meden \u00e7ok \u00f6nce, ard\u0131\u015f\u0131k Mezoamerikan medeniyetleri ayak izlerini b\u0131rakt\u0131. M\u00d6 birinci biny\u0131l civar\u0131nda Olmek varl\u0131\u011f\u0131n\u0131n arkeolojik kal\u0131nt\u0131lar\u0131 erken toplumsal karma\u015f\u0131kl\u0131\u011fa dair ipu\u00e7lar\u0131 verirken, sonraki Maya yerle\u015fimleri tepeler aras\u0131nda mimari ve ikonografik izler b\u0131rakt\u0131. Pipil-Nahuatl konu\u015fan Cuzcatlec&#039;ler b\u00f6lgesel \u00f6neme sahip oldu\u011funda, rit\u00fcel meydanlar\u0131 ve tar\u0131msal yeniliklerle i\u015faretlenmi\u015f dinamik bir k\u00fclt\u00fcrel ortam \u015fekillenmi\u015fti. Bu yerli siyasal yap\u0131lar, \u0130spanyol fatihlerin Guatemala&#039;dan i\u00e7 kesimlere do\u011fru bask\u0131 yaparak \u00fc\u00e7 y\u00fczy\u0131l boyunca s\u00fcrecek s\u00f6m\u00fcrge yap\u0131lar\u0131 dayatt\u0131\u011f\u0131 on alt\u0131nc\u0131 y\u00fczy\u0131l\u0131n ba\u015flang\u0131c\u0131na kadar zengin bir \u015fekilde birbirine ba\u011fl\u0131 ticaret ve inan\u00e7 a\u011flar\u0131n\u0131 s\u00fcrd\u00fcrd\u00fc.<\/p>\n<p>\u0130spanyol tac\u0131n\u0131n Orta Amerika \u00fczerindeki hakimiyeti, El Salvador topraklar\u0131n\u0131n Mexico City&#039;den y\u00f6netildi\u011fi ancak bir dereceye kadar eyalet \u00f6zerkli\u011fini korudu\u011fu Guatemala Genel Kaptanl\u0131\u011f\u0131&#039;n\u0131n kurulmas\u0131yla 1609&#039;da belirginle\u015fti. Bu \u00e7er\u00e7evede, yerel toprak sahipleri servetlerini \u00e7ivit ve kakao yeti\u015ftiricili\u011finde yo\u011funla\u015ft\u0131rarak, ba\u015flang\u0131\u00e7ta s\u00f6m\u00fcrgeci se\u00e7kinler taraf\u0131ndan ele ge\u00e7irilen yerli temel \u00fcr\u00fcnlere ba\u011fl\u0131 bir ekonomi geli\u015ftirdiler. Meksika Ba\u011f\u0131ms\u0131zl\u0131k Sava\u015f\u0131 ve 1821&#039;de Yeni \u0130spanya&#039;n\u0131n \u00e7\u00f6k\u00fc\u015f\u00fcyle \u200b\u200bEl Salvador, 1823&#039;te Orta Amerika Federal Cumhuriyeti&#039;ne \u00fcyelik iddias\u0131nda bulunmadan \u00f6nce k\u0131sa s\u00fcren Birinci Meksika \u0130mparatorlu\u011fu&#039;na kat\u0131ld\u0131. Egemen bir devlet olarak stat\u00fcs\u00fc, federasyonun 1841&#039;de da\u011f\u0131lmas\u0131n\u0131n ard\u0131ndan ortaya \u00e7\u0131kt\u0131; Orta Amerika B\u00fcy\u00fck Cumhuriyeti ile daha sonraki bir deney (1896-1898), b\u00f6lgenin huzursuz e\u011filimlerini hakl\u0131 \u00e7\u0131karacakt\u0131.<\/p>\n<p>On dokuzuncu y\u00fczy\u0131l\u0131n sonu ve yirminci y\u00fczy\u0131l\u0131n ba\u015flar\u0131nda, sosyoekonomik e\u015fitsizlikler toprak m\u00fclkiyeti ve siyasi n\u00fcfuzun yerle\u015fik hiyerar\u015filerine d\u00f6n\u00fc\u015ft\u00fc. Bir plantasyon oligar\u015fisi kahve ihracat\u0131n\u0131 tekeline ald\u0131 -1900&#039;lerin ba\u015f\u0131nda d\u00f6viz gelirlerinin \u015fa\u015f\u0131rt\u0131c\u0131 bir y\u00fczde doksan\u0131n\u0131 olu\u015fturuyordu- k\u0131rsal kesimdeki sakinlerin \u00e7o\u011funlu\u011fu ise marjinal m\u00fclklerle ge\u00e7imini sa\u011fl\u0131yordu. Periyodik isyanlar ve darbeler, Salvador \u0130\u00e7 Sava\u015f\u0131&#039;nda (1979-1992) doruk noktas\u0131na ula\u015fan bir otoriter y\u00f6netimler alay\u0131n\u0131 noktalad\u0131. Bu on iki y\u0131ll\u0131k \u00e7at\u0131\u015fma, Amerika Birle\u015fik Devletleri destekli bir askeri h\u00fck\u00fcmeti sol g\u00f6r\u00fc\u015fl\u00fc gerillalardan olu\u015fan bir koalisyona kar\u015f\u0131 kar\u015f\u0131ya getirdi; Chapultepec Bar\u0131\u015f Anla\u015fmalar\u0131 uyar\u0131nca sonu\u00e7lanmas\u0131yla \u00e7ok partili bir anayasal cumhuriyet kurulmu\u015ftu. D\u00fc\u015fmanl\u0131klar s\u0131ras\u0131nda ve sonras\u0131nda, yakla\u015f\u0131k bir milyon Salvadorlu Amerika Birle\u015fik Devletleri&#039;ne ula\u015ft\u0131 ve 2008&#039;e kadar oradaki alt\u0131nc\u0131 b\u00fcy\u00fck g\u00f6\u00e7men toplulu\u011funu olu\u015fturdu.<\/p>\n<p>Bar\u0131\u015f sonras\u0131 d\u00f6nemde ekonomik ya\u015fam, kahvenin eski hakimiyetinin \u00f6tesinde bir \u00e7e\u015fitlendirme aray\u0131\u015f\u0131ndayd\u0131. Kolon (El Salvador&#039;un 1892&#039;den beri kulland\u0131\u011f\u0131 para birimi) 2001&#039;de ABD dolar\u0131 ile de\u011fi\u015ftirildi ve Kuzey Amerika pazarlar\u0131yla daha s\u0131k\u0131 finansal ba\u011flar kuruldu. \u00dcretim ve hizmet end\u00fcstrilerini geni\u015fletme giri\u015fimleri, serbestle\u015ftirilmi\u015f ticaret politikalar\u0131na e\u015flik etti ve 2019&#039;a kadar gelir e\u015fitsizli\u011finde m\u00fctevaz\u0131 azalmalar sa\u011flayarak kom\u015fu \u00fclkeler aras\u0131nda en d\u00fc\u015f\u00fck seviyeye geldi. Bununla birlikte, 2021 tarihli kar\u015f\u0131la\u015ft\u0131rmal\u0131 bir \u00e7al\u0131\u015fma, \u00fclkenin ekonomisini i\u015f karma\u015f\u0131kl\u0131\u011f\u0131 a\u00e7\u0131s\u0131ndan en az karma\u015f\u0131k olanlar aras\u0131nda s\u0131ralad\u0131 ve bu, artan kazan\u0131mlar aras\u0131nda bile devam eden zorluklar\u0131n bir hat\u0131rlat\u0131c\u0131s\u0131yd\u0131.<\/p>\n<p>Topo\u011frafik olarak El Salvador karakterini volkanik s\u00fcre\u00e7lerden al\u0131r. Pasifik Ate\u015f \u00c7emberi&#039;ne demirlemi\u015f olan \u00fclke, bir\u00e7o\u011fu aktif veya potansiyel olarak aktif olan yirmiden fazla volkana ev sahipli\u011fi yapar. Ilamatepec (Santa Anna Volkan\u0131) deniz seviyesinden 2.384 metre y\u00fcksektedir, Chaparrastique (San Miguel Volkan\u0131) ise en y\u00fcksek patlama s\u0131kl\u0131\u011f\u0131n\u0131 sergiler. Paralel da\u011f s\u0131ralar\u0131 merkezi bir platoyu \u00e7evreler, yama\u00e7lar\u0131 Pasifik&#039;e akan ve tek gezilebilir su yolu olan Rio Lempa ile birlikte \u00fc\u00e7 y\u00fczden fazla nehir taraf\u0131ndan kesilir. Bu y\u00fcksek arazilerin aras\u0131na serpi\u015ftirilmi\u015f, \u015fiddetli patlamalar\u0131n kal\u0131nt\u0131lar\u0131 olan Ilopango ve Coatepeque gibi krater g\u00f6lleri, \u015fimdi bal\u0131k\u00e7\u0131l\u0131\u011f\u0131 ve turizmi ayn\u0131 \u015fekilde s\u00fcrd\u00fcren ve hidroelektrik \u00fcretimini destekleyen Cerr\u00f3n Grande gibi yapay rezervuarlar vard\u0131r.<\/p>\n<p>\u0130klimsel olarak, ikiye ayr\u0131lm\u0131\u015f bir rejim hakimdir: May\u0131s&#039;tan Ekim&#039;e kadar s\u00fcren ya\u011f\u0131\u015fl\u0131 mevsim, invierno, da\u011fl\u0131k r\u00fczgar alt\u0131 yama\u00e7lara y\u0131lda iki bin milimetreye kadar ya\u011fmur getirirken, kurak mevsim, verano, Honduras ge\u00e7i\u015fiyle nemden ar\u0131nd\u0131r\u0131lm\u0131\u015f kuzeydo\u011fu ticaret r\u00fczgarlar\u0131n\u0131n etkisi alt\u0131nda Kas\u0131m&#039;dan Nisan&#039;a kadar uzar. S\u0131cakl\u0131k dalgalanmalar\u0131 takvimden \u00e7ok rak\u0131ma ba\u011fl\u0131d\u0131r: k\u0131y\u0131 ovalar\u0131 ortalama 25 \u00b0C ile 29 \u00b0C aras\u0131ndad\u0131r; merkezi plato merkezleri 23 \u00b0C civar\u0131ndad\u0131r; ve daha y\u00fcksek rak\u0131mlar tek haneli gecelere do\u011fru al\u00e7al\u0131r. San Salvador&#039;un kendisi, yakla\u015f\u0131k yedi y\u00fcz metrelik orta rak\u0131m\u0131n\u0131n kan\u0131t\u0131 olarak 6 \u00b0C ile 38 \u00b0C aras\u0131nda de\u011fi\u015fen u\u00e7 de\u011ferler kaydeder.<\/p>\n<p>Son y\u0131llarda turizm, 2019 y\u0131l\u0131nda GSY\u0130H&#039;n\u0131n y\u00fczde 11&#039;i olan 2,97 milyar ABD dolar\u0131 katk\u0131da bulunarak hayati bir sekt\u00f6r olarak ortaya \u00e7\u0131kt\u0131. El Tunco, El Sunzal ve La Costa del Sol gibi plajlar, tutarl\u0131 Pasifik dalgalar\u0131ndan ho\u015flanan s\u00f6rf\u00e7\u00fcleri kendine \u00e7ekiyor; Santa Ana ve Izalco&#039;ya do\u011fru volkanik t\u0131rman\u0131\u015flar, panoramik krater manzaralar\u0131yla y\u00fcr\u00fcy\u00fc\u015f\u00e7\u00fclere meydan okuyor; ve genellikle Orta Amerika&#039;daki Pompei&#039;ye benzetilen Joya de Cer\u00e9n ve Tazumal gibi arkeolojik alanlar, \u0130spanyol \u00f6ncesi ya\u015fam\u0131 d\u00fc\u015f\u00fcnmeye davet ediyor. Arnavut kald\u0131r\u0131ml\u0131 sokaklar\u0131yla Suchitoto&#039;dan Apaneca&#039;n\u0131n kahve \u00fclkesi manzaralar\u0131na kadar s\u00f6m\u00fcrge kasabalar\u0131, zanaatkar mallar sunarken mimari miras\u0131n par\u00e7alar\u0131n\u0131 koruyor. Ekoturizm ni\u015fleri, ku\u015f kolonilerinin geli\u015fti\u011fi ve bal\u0131k\u00e7\u0131 k\u00f6ylerinin k\u00f6kl\u00fc ritimlerini korudu\u011fu Montecristo Bulut Orman\u0131, Bosque El Imposible ve bir dizi adada (Olomega, Meanguera, Conchagua) bol miktarda bulunmaktad\u0131r.<\/p>\n<p>Kamu altyap\u0131s\u0131 kar\u0131\u015f\u0131k talihlere tan\u0131k oldu. Kuzey Carolina \u00dcniversitesi&#039;nin 2015 tarihli bir ara\u015ft\u0131rmas\u0131, El Salvador&#039;u e\u015fit su temini ve sanitasyon eri\u015fiminde en b\u00fcy\u00fck k\u00fcresel ilerlemeyi elde etti\u011fi i\u00e7in \u00f6vd\u00fc, ancak nehirlerin kirlenmesi ve tekel tarz\u0131 kamu hizmeti \u00e7\u00f6z\u00fclmemi\u015f s\u0131k\u0131nt\u0131lar\u0131n sinyalini veriyor. COVID-19 salg\u0131n\u0131 ortas\u0131nda, b\u00fcy\u00fck bir kongre merkezinin Latin Amerika&#039;n\u0131n en b\u00fcy\u00fc\u011f\u00fc olan Hospital El Salvador&#039;a d\u00f6n\u00fc\u015ft\u00fcr\u00fclmesi hem stratejik bir tepki hem de kal\u0131c\u0131 bir sa\u011fl\u0131k yat\u0131r\u0131m\u0131 anlam\u0131na geliyordu. 22 Haziran 2020&#039;de a\u00e7\u0131l\u0131\u015f\u0131 yap\u0131lan tesis \u015fu anda yakla\u015f\u0131k 75 milyon ABD dolar\u0131na mal olan binin \u00fczerinde yo\u011fun bak\u0131m yata\u011f\u0131, kapsaml\u0131 radyoloji ve kan bankas\u0131 hizmetleri ve entegre bir morg sunuyor.<\/p>\n<p>Ba\u011flant\u0131, ba\u015fkentin yakla\u015f\u0131k k\u0131rk kilometre g\u00fcneydo\u011fusunda bulunan Monse\u00f1or \u00d3scar Arnulfo Romero Uluslararas\u0131 Havaalan\u0131&#039;na kadar uzan\u0131yor. Ziyaret\u00e7iler bu pistlerden, var\u0131\u015flar\u0131n\u0131n anlat\u0131sal s\u0131n\u0131rlar\u0131 i\u00e7inde kalsalar da, bile\u015fik n\u00fcfusu yerli Pipil, \u0130spanyol yerle\u015fimciler ve k\u00f6lele\u015ftirilmi\u015f Afrikal\u0131lar aras\u0131nda y\u00fczy\u0131llard\u0131r s\u00fcren kayna\u015fmay\u0131 yans\u0131tan bir \u00fclkeye do\u011fru yola \u00e7\u0131k\u0131yorlar. 1960&#039;lardan bu yana k\u0131rsal-kentsel g\u00f6\u00e7, El Salvador&#039;u k\u0131ta Amerika&#039;s\u0131n\u0131n en yo\u011fun n\u00fcfuslu eyaleti haline getirmi\u015ftir; San Salvador yakla\u015f\u0131k 2,1 milyon n\u00fcfusa ula\u015f\u0131rken bile halk\u0131n\u0131n yakla\u015f\u0131k y\u00fczde k\u0131rk ikisi hala k\u0131rsal topluluklarda ya\u015famaktad\u0131r.<\/p>\n<p>K\u00fclt\u00fcrel ifade edebiyatta, sanatta ve \u015fark\u0131da geli\u015fir. Francisco Gavidia&#039;dan Roque Dalton&#039;a, Claudia Lars&#039;tan Manlio Argueta&#039;ya kadar yazarlar toplumsal m\u00fccadeleye ve efsanevi haf\u0131zaya ses vermi\u015flerdir. Camilo Minero, Carlos Ca\u00f1as ve Studio Lenca olarak bilinen kolektif gibi ressamlar tuvallere spektral renk ve tarihsel yans\u0131ma a\u015f\u0131lar. Film y\u00f6netmenleri (aralar\u0131nda merhum Baltasar Polio ve Patricia Chica da vard\u0131r) ve To\u00f1o Salazar gibi karikat\u00fcristler toplumsal yorum i\u00e7in g\u00f6rsel medyay\u0131 kullan\u0131rlar. Kilise derin bir etki uygulam\u0131\u015ft\u0131r ve bu etki en dokunakl\u0131 \u015fekilde Ba\u015fpiskopos \u00d3scar Romero&#039;nun insan haklar\u0131 m\u00fccadelesi s\u0131ras\u0131nda \u015fehit edilmesinde somutla\u015fm\u0131\u015ft\u0131r; Cizvit bilginleri Ignacio Ellacur\u00eda, Ignacio Mart\u00edn\u2011Bar\u00f3 ve Segundo Montes de i\u00e7 sava\u015f s\u0131ras\u0131nda en b\u00fcy\u00fck bedeli \u00f6demi\u015flerdir.<\/p>\n<p>Mutfak gelenekleri, ulusal kimli\u011fi m\u0131s\u0131r ve yerli bitki \u00f6rt\u00fcs\u00fc etraf\u0131nda temellendirir. Pupusa (quesillo, chicharr\u00f3n, refried fasulye veya loroco ile doldurulmu\u015f elle preslenmi\u015f tortillalar) El Salvador&#039;un ulusal yeme\u011fi olarak anayasal kararnamede yer al\u0131r ve her y\u0131l kas\u0131m ay\u0131n\u0131n ikinci pazar g\u00fcn\u00fc an\u0131l\u0131r. Salvador masalar\u0131, curtido ve domuz kabuklar\u0131yla servis edilen yuca frita ile doluyken, panes con pollo, denizalt\u0131 ekmek rulosunda baharatl\u0131, elle \u00e7ekilmi\u015f hindi veya tavuk, su teresi, salatal\u0131k ve bir dizi sosla s\u00fcslenmi\u015ftir. Sabah rit\u00fcelleri aras\u0131nda krema ile gezdirilmi\u015f k\u0131zarm\u0131\u015f muzlar ve morro tohumu horchata veya meyveli ensalada gibi ikramlar yer al\u0131r; \u00fc\u00e7 s\u00fctl\u00fc kek, badem kokulu s\u00fcngeri buharla\u015ft\u0131r\u0131lm\u0131\u015f, yo\u011funla\u015ft\u0131r\u0131lm\u0131\u015f ve s\u00fct kremas\u0131na bat\u0131rarak damakta uzun s\u00fcre kalan bir tatl\u0131 sunar.<\/p>\n<p>Bu tarih ve topo\u011frafyalar\u0131n i\u00e7 i\u00e7e ge\u00e7mi\u015fli\u011fi i\u00e7inde El Salvador, Orta Amerika gerginli\u011finin ve vaadinin bir mikrokozmosu olarak kendini ortaya koyuyor. Volkanik zirveler k\u00fclt\u00fcr\u00fcn atalardan kalma potalar\u0131n\u0131 yans\u0131t\u0131rken, k\u0131y\u0131 resifleri kara ve denizin dinamik aray\u00fcz\u00fcn\u00fc yans\u0131t\u0131yor. Kahve tarlalar\u0131, \u00fcretim parklar\u0131 ve turizm koridorlar\u0131 \u00e7e\u015fitlendirilmi\u015f geleceklere i\u015faret ederken, ihracat odakl\u0131 zenginlik ve e\u015fitsizlik d\u00f6nemlerini hat\u0131rlat\u0131yor. Nehirler i\u00e7 yaylalar\u0131 ge\u00e7erek tar\u0131m\u0131 s\u00fcrd\u00fcr\u00fcyor ancak geli\u015fen kent merkezlerinden gelen kirleticiler taraf\u0131ndan tehdit ediliyor. Fetih ve direni\u015f, diaspora ve d\u00f6n\u00fc\u015fle \u015fekillenen bir halk\u0131n ruhu, duvar resimlerinde ve el yazmalar\u0131nda, sonoran nakaratlar\u0131nda ve sahil dalgalar\u0131nda ifade buluyor.<\/p>\n<p>Ilamatepec&#039;in tepesindeki \u015fafak vaktinin sessizli\u011finde, bereketli topraklar\u0131n alt\u0131nda \u00e7a\u011f a\u00e7an k\u0131p\u0131rt\u0131lar\u0131n s\u00fcreklili\u011fini hissedebilirsiniz. Guatemala s\u0131n\u0131r\u0131ndan Lempa, tortu ve hikayeleri Pasifik&#039;in tuzlu suyuna do\u011fru ta\u015f\u0131r; San Salvador&#039;un meydanlar\u0131nda, g\u00fcnl\u00fck u\u011fultu fedakarl\u0131k anmalar\u0131yla i\u00e7 i\u00e7e ge\u00e7er. Tar\u0131m arazileri ve fabrikalar, m\u00fczeler ve pazarlar boyunca, cumhuriyetin konturlar\u0131 zorluklara kar\u015f\u0131 dayan\u0131kl\u0131l\u0131\u011f\u0131 ve ge\u00e7mi\u015f ile gelecek aras\u0131nda s\u00f6ylenmemi\u015f bir antla\u015fmay\u0131 \u00e7a\u011fr\u0131\u015ft\u0131r\u0131r. El Salvador, temel g\u00fc\u00e7lerin birle\u015fti\u011fi bir noktada durur - tektonik, k\u00fclt\u00fcrel, ekonomik - anlat\u0131s\u0131, toprak ve insanlar\u0131n durmaks\u0131z\u0131n etkile\u015fimiyle \u015fekillenir ve hem \u00f6l\u00e7ek olarak kompakt hem de insan \u00e7abas\u0131 olarak geni\u015f bir ulusa tan\u0131kl\u0131k eder.<\/p>","protected":false},"excerpt":{"rendered":"<p>Resmen El Salvador Cumhuriyeti olarak an\u0131lan El Salvador, Orta Amerika&#039;da bulunan ilgi \u00e7ekici bir \u00fclkedir. Kuzeydo\u011fuda Honduras, kuzeybat\u0131da Guatemala ve g\u00fcneyde geni\u015f Pasifik Okyanusu ile \u00e7evrilidir. \u00dclkenin ba\u015fkenti ve en b\u00fcy\u00fck \u015fehri olan San Salvador, politik, k\u00fclt\u00fcrel ve ekonomik merkez i\u015flevi g\u00f6rmektedir. 2023&#039;te El Salvador&#039;un n\u00fcfusu yakla\u015f\u0131k 6,5 milyon olarak tahmin edilmi\u015f olup, bu da b\u00f6lgenin en yo\u011fun n\u00fcfuslu \u00fclkelerinden biri oldu\u011funu g\u00f6stermektedir.<\/p>","protected":false},"author":1,"featured_media":3277,"parent":24084,"menu_order":0,"comment_status":"closed","ping_status":"closed","template":"elementor_theme","meta":{"_eb_attr":"","footnotes":""},"class_list":["post-9069","page","type-page","status-publish","has-post-thumbnail"],"_links":{"self":[{"href":"https:\/\/travelshelper.com\/tr\/wp-json\/wp\/v2\/pages\/9069","targetHints":{"allow":["GET"]}}],"collection":[{"href":"https:\/\/travelshelper.com\/tr\/wp-json\/wp\/v2\/pages"}],"about":[{"href":"https:\/\/travelshelper.com\/tr\/wp-json\/wp\/v2\/types\/page"}],"author":[{"embeddable":true,"href":"https:\/\/travelshelper.com\/tr\/wp-json\/wp\/v2\/users\/1"}],"replies":[{"embeddable":true,"href":"https:\/\/travelshelper.com\/tr\/wp-json\/wp\/v2\/comments?post=9069"}],"version-history":[{"count":0,"href":"https:\/\/travelshelper.com\/tr\/wp-json\/wp\/v2\/pages\/9069\/revisions"}],"up":[{"embeddable":true,"href":"https:\/\/travelshelper.com\/tr\/wp-json\/wp\/v2\/pages\/24084"}],"wp:featuredmedia":[{"embeddable":true,"href":"https:\/\/travelshelper.com\/tr\/wp-json\/wp\/v2\/media\/3277"}],"wp:attachment":[{"href":"https:\/\/travelshelper.com\/tr\/wp-json\/wp\/v2\/media?parent=9069"}],"curies":[{"name":"wp","href":"https:\/\/api.w.org\/{rel}","templated":true}]}}