{"id":9063,"date":"2024-09-07T10:31:08","date_gmt":"2024-09-07T10:31:08","guid":{"rendered":"https:\/\/travelshelper.com\/staging\/?page_id=9063"},"modified":"2026-03-13T16:28:29","modified_gmt":"2026-03-13T16:28:29","slug":"st-georges","status":"publish","type":"page","link":"https:\/\/travelshelper.com\/tr\/destinations\/north-america\/grenada\/st-georges\/","title":{"rendered":"St. George\u2019s"},"content":{"rendered":"<p>Grenada&#039;n\u0131n atan kalbi ve en b\u00fcy\u00fck yerle\u015fim yeri olan St. George, at nal\u0131 \u015feklindeki bir liman\u0131n kenar\u0131nda yer al\u0131r ve kentsel dokusu bir zamanlar volkanik bir kraterin s\u0131n\u0131r\u0131nda bulunan tepelerin \u00fczerinde uzan\u0131r. \u015eehir yaln\u0131zca adan\u0131n ba\u015fl\u0131ca liman\u0131 olarak de\u011fil, ayn\u0131 zamanda St. George \u00dcniversitesi T\u0131p Fak\u00fcltesi ve \u00fclkenin ba\u015fl\u0131ca hava kap\u0131s\u0131 olan Maurice Bishop Uluslararas\u0131 Havaalan\u0131&#039;n\u0131n bulundu\u011fu yer olarak da dikkat \u00e7ekmektedir. Windward Adalar\u0131&#039;n\u0131n g\u00fcneydo\u011fu ucunda yer alan (Grenada&#039;n\u0131n kendisi on sekiz kilometre geni\u015fli\u011finde ve otuz d\u00f6rt kilometre uzunlu\u011fundad\u0131r) bu ba\u015fkent, y\u00fczy\u0131llard\u0131r s\u00fcren s\u00f6m\u00fcrge miras\u0131n\u0131 kakao, hindistan cevizi ve topuz \u00fczerine kurulu canl\u0131 ve modern bir ekonomiyle bir araya getirir.<\/p>\n<p>1650&#039;de Frans\u0131z himayesinde kurulu\u015fundan bu yana ard\u0131\u015f\u0131k yang\u0131nlar, depremler ve kas\u0131rgalar boyunca St. George, do\u011fal liman\u0131n\u0131n vaadi ve halk\u0131n\u0131n dayan\u0131kl\u0131l\u0131\u011f\u0131 taraf\u0131ndan y\u00f6nlendirilerek s\u00fcrekli olarak yeniden ortaya \u00e7\u0131kt\u0131. Tropikal ya\u011fmurlar vanilya, tar\u00e7\u0131n ve zencefil bah\u00e7elerini beslerken, hafif deniz esintileriyle yumu\u015fayan iklim, adan\u0131n Karayipler&#039;in \u00f6nde gelen baharat \u00fcreticileri aras\u0131nda yer almas\u0131n\u0131 sa\u011flar. Bug\u00fcn Carenage k\u0131y\u0131 \u015feridini izleyen bir ziyaret\u00e7i, bak\u0131ml\u0131 gezinti yollar\u0131 ve pastel renkli t\u00fcccar evleri bulacakt\u0131r; ancak hemen \u00f6tesinde, dar sokaklar mercan s\u0131val\u0131 duvarlar\u0131n s\u00f6m\u00fcrgeci h\u0131rslar\u0131n\u0131 an\u0131msatt\u0131\u011f\u0131 ve tarihin f\u0131s\u0131lt\u0131s\u0131n\u0131n modern ya\u015fam\u0131n m\u0131r\u0131lt\u0131s\u0131n\u0131 \u00f6rtt\u00fc\u011f\u00fc mahallelere dik bir \u015fekilde t\u0131rmanmaktad\u0131r.<\/p>\n<p>Bug\u00fcnk\u00fc St. George&#039;un \u00f6nc\u00fcl\u00fc olan Fort Royal Town&#039;\u0131n k\u00f6kenleri, ilk olarak yerli Karayip n\u00fcfusunu ac\u0131mas\u0131z \u00e7at\u0131\u015fmalarla temizledikten sonra, y\u00fckselen lag\u00fcn sular\u0131na ve s\u0131tman\u0131n bedeline yan\u0131t olarak yerle\u015fim yerlerini daha y\u00fcksek yerlere kayd\u0131ran erken d\u00f6nem Frans\u0131z s\u00f6m\u00fcrgecilerin pragmatik yarg\u0131lar\u0131nda yatmaktad\u0131r. 1700&#039;de yeni bir \u015fehir plan\u0131, d\u00fczenli, dikd\u00f6rtgen sokaklar (aralar\u0131nda St. Juille ve St. John&#039;s da vard\u0131) ortaya koydu ve bu sokaklar hala kentsel \u015febekede varl\u0131\u011f\u0131n\u0131 s\u00fcrd\u00fcr\u00fcyordu. Jean de Giou de Caylus taraf\u0131ndan tasarlanan ta\u015f bur\u00e7lar burunlar\u0131 ta\u00e7land\u0131r\u0131yordu, ancak art\u0131k sa\u011flam kalan \u00e7ok az kal\u0131nt\u0131 var; zaman ve f\u0131rt\u0131na bir zamanlar deniz yollar\u0131n\u0131 g\u00f6zeten kalenin \u00e7o\u011funu a\u015f\u0131nd\u0131rd\u0131. Britanya 1763&#039;te aday\u0131 talep etti\u011finde, unvanlar \u0130ngilizle\u015ftirildi -Fort Royale, Fort George oldu; Fort Royal Town, Saint George&#039;s Town&#039;a d\u00f6n\u00fc\u015ft\u00fcr\u00fcld\u00fc- ve Kral III. George&#039;un himayesi, ismine imparatorlu\u011fun a\u011f\u0131rl\u0131\u011f\u0131n\u0131 verdi.<\/p>\n<p>On sekizinci y\u00fczy\u0131l boyunca, 1771, 1775 ve 1792&#039;deki yang\u0131nlar ah\u015fap yap\u0131lar\u0131 harap etti, kereste in\u015faat\u0131na kar\u015f\u0131 fermanlar \u00e7\u0131kar\u0131lmas\u0131na ve \u015fehrin yap\u0131s\u0131na dayan\u0131kl\u0131l\u0131k kazand\u0131ran duvarc\u0131l\u0131k evlerinin \u00e7a\u011f\u0131n\u0131n ba\u015flamas\u0131na neden oldu. Yine de, 1867 ve 1888&#039;deki jeolojik sars\u0131nt\u0131lar, lag\u00fcn\u00fc Karayipler&#039;e ba\u011flayan k\u0131sta\u011f\u0131n aniden denizin alt\u0131na \u00e7\u00f6kmesiyle, adan\u0131n volkanik k\u00f6kenlerini hat\u0131rlatacakt\u0131. \u015eimdi bile, o bat\u0131k ge\u00e7idin kal\u0131nt\u0131lar\u0131n\u0131 se\u00e7mek i\u00e7in berrak sulara bak\u0131labilir.<\/p>\n<p>On dokuzuncu y\u00fczy\u0131l\u0131n sonlar\u0131nda, Bridgetown&#039;\u0131n \u00e7ekilmesinin ard\u0131ndan, St. George&#039;s Britanya Windward Adalar\u0131&#039;n\u0131n ba\u015fkenti rol\u00fcn\u00fc \u00fcstlendi. Tikal sanat kafesi Aral\u0131k 1959&#039;da kap\u0131lar\u0131n\u0131 a\u00e7t\u0131 ve k\u00fclt\u00fcrel ya\u015fam\u0131n idari ama\u00e7larla birlikte geli\u015fmeye ba\u015flad\u0131\u011f\u0131 bir an\u0131 i\u015faret etti. Ba\u011f\u0131ms\u0131zl\u0131k 1974&#039;te geldi ve bunu izleyen on y\u0131l siyasi \u00e7alkant\u0131lara yol a\u00e7sa da (1983&#039;te solcu bir darbe ve ard\u0131ndan gelen ABD m\u00fcdahalesiyle doru\u011fa ula\u015ft\u0131) \u015fehrin kimli\u011fi liman\u0131nda, kiliselerinde ve baharat tarlalar\u0131nda demirli kald\u0131.<\/p>\n<p>Eyl\u00fcl 2004&#039;te Ivan Kas\u0131rgas\u0131 benzeri g\u00f6r\u00fclmemi\u015f bir vah\u015fet dalgas\u0131 getirdi. Evlerin neredeyse y\u00fczde doksan\u0131 hasar g\u00f6rd\u00fc; Grenada&#039;n\u0131n ekonomik can damar\u0131n\u0131n sembolleri olan sallanan, as\u0131rl\u0131k hindistan cevizi a\u011fa\u00e7lar\u0131 tamamen soyuldu. Yine de Kanada, Amerika Birle\u015fik Devletleri, \u00c7in, Venezuela, Trinidad ve Tobago ve Avrupa Birli\u011fi&#039;nden ba\u011f\u0131\u015f\u00e7\u0131lar\u0131n harekete ge\u00e7irdi\u011fi uluslararas\u0131 dayan\u0131\u015fma, dikkate de\u011fer bir yeniden yap\u0131lanma dalgas\u0131n\u0131 ate\u015fledi. 2007&#039;ye gelindi\u011finde, St. George&#039;s Kriket D\u00fcnya Kupas\u0131&#039;n\u0131 kar\u015f\u0131lad\u0131, k\u0131y\u0131lar\u0131 pavyonlar ve taraftar kalabal\u0131klar\u0131yla doluydu, bu da h\u0131zl\u0131 toparlanmas\u0131n\u0131n ve sakinlerinin azminin bir kan\u0131t\u0131yd\u0131. Bug\u00fcn \u015fehir, Karayipler&#039;deki en iyi on yat\u00e7\u0131l\u0131k destinasyonu aras\u0131nda yer al\u0131yor, yeni kurulan kruvaziyer iskelesi ziyaret\u00e7ileri restoranlar\u0131n ve d\u00fckkanlar\u0131n hareketli oldu\u011fu Lagoon Road ve Melville Street&#039;e y\u00f6nlendiriyor.<\/p>\n<p>Kent merkezinde, Carenage merkez olmaya devam ediyor, deniz duvar\u0131 baharat sat\u0131c\u0131lar\u0131 ve romlu kekler ve kakao \u00e7ekirdekleri satan tezgah sahipleriyle \u00e7evrili. Kulesi 1818&#039;den kalma olan Roma Katolik katedrali, ziyaret\u00e7ileri tonozlu bir tavana do\u011fru y\u00fckselen kemerlerde bulu\u015fan soluk mavi ve mercan k\u0131rm\u0131z\u0131s\u0131 renklerle \u0131\u015f\u0131ldayan bir i\u00e7 mekanla tan\u0131\u015ft\u0131r\u0131yor. Birka\u00e7 blok \u00f6tede, St. George Anglikan Kilisesi yenilenmi\u015f durumda: 1825&#039;te in\u015fa edilen, 1904&#039;te yerle\u015ftirilen saat \u00e7anlar\u0131 bir zamanlar saatleri \u00e7al\u0131yordu; f\u0131rt\u0131na ve ihmal, duvarlar\u0131n\u0131 2004&#039;te harabeye \u00e7evirdi, ancak on y\u0131ll\u0131k bir yeniden yap\u0131lanma, nefini restore etti ve ibadet edenleri bir kez daha kar\u015f\u0131lamak i\u00e7in vitray pencerelerini g\u00fc\u00e7lendirdi.<\/p>\n<p>Fort George&#039;a y\u00fcr\u00fcyerek t\u0131rmanan bir ziyaret\u00e7i, k\u0131vr\u0131ml\u0131 patikalar\u0131 ge\u00e7er ve dik yama\u00e7lara yaslanm\u0131\u015f, teraslar\u0131 begonvillerle kapl\u0131 ev k\u00fcmelerinin yan\u0131ndan ge\u00e7er. Ta\u015f bur\u00e7lar\u0131 ilk olarak 1705&#039;te in\u015fa edilen kale, yerel polis taraf\u0131ndan yeniden d\u00fczenlenmi\u015ftir; bir oda spor salonuna, di\u011feri ise bir diki\u015f kolektifine ev sahipli\u011fi yapmaktad\u0131r. Zaman ve kas\u0131rga taraf\u0131ndan h\u0131rpalanm\u0131\u015f olsa da surlar, geni\u015f manzaralar sunar: do\u011fuda Carenage, Karayipler&#039;e do\u011fru geni\u015fler; bat\u0131da tepeler z\u00fcmr\u00fct orman\u0131yla \u00f6rt\u00fcl\u00fcd\u00fcr. Yolcular m\u00fctevaz\u0131 bir \u00fccret \u00f6derler -sadece iki dolar- ve kar\u015f\u0131l\u0131\u011f\u0131nda, y\u00fczy\u0131llar\u0131n sessizli\u011fi siperlere yerle\u015fmi\u015f gibi g\u00f6r\u00fcn\u00fcr.<\/p>\n<p>K\u00fclt\u00fcrel olarak, \u015fehrin ritimleri her y\u0131l A\u011fustos ay\u0131n\u0131n ikinci haftas\u0131nda d\u00fczenlenen Karnaval&#039;a ba\u011fl\u0131d\u0131r. Pazar gecesi \u00e7elik bando crescendo&#039;lar\u0131 alt\u0131nda ba\u015flayan \u015fey, kost\u00fcmc\u00fclerin ve kalipso krali\u00e7elerinin be\u011feni i\u00e7in yar\u0131\u015ft\u0131\u011f\u0131 Pazartesi g\u00fcn\u00fc Queen&#039;s Park&#039;taki g\u00f6steriye d\u00f6n\u00fc\u015f\u00fcr. Sal\u0131 g\u00fcn\u00fc, \u00e7elik pannistler bir zamanlar Frans\u0131z ve \u0130ngiliz k\u0131rm\u0131z\u0131 ceketlilerin y\u00fcr\u00fcd\u00fc\u011f\u00fc sokaklarda y\u0131lan gibi ge\u00e7it t\u00f6renleri yaparken sokaklar perk\u00fcsyon ve melodiyle titre\u015fir. K\u00f6leli\u011fin sonunu anan bu festival, hem atalar\u0131 onurland\u0131r\u0131r hem de g\u00fcnl\u00fck ya\u015fam\u0131 destekleyen kolektif bir canl\u0131l\u0131\u011f\u0131 teyit eder.<\/p>\n<p>\u015eehir s\u0131n\u0131rlar\u0131n\u0131n \u00f6tesinde, gizli patikalar ya\u011fmur ormanlar\u0131n\u0131n i\u00e7inden ge\u00e7er. Yedi \u015felalenin yak\u0131n\u0131ndaki ge\u00e7idinden dolay\u0131 bu ad\u0131 alan St. Margaret \u015eelalesi, Grand Etang&#039;\u0131n yemye\u015fil yay\u0131l\u0131m\u0131nda \u00fc\u00e7 saatlik bir y\u00fcr\u00fcy\u00fc\u015f sunar; y\u00fcksek a\u011fa\u00e7lar\u0131n aras\u0131ndan s\u00fcz\u00fclen g\u00fcne\u015f \u0131\u015f\u0131nlar\u0131na dalmak, e\u011frelti otlar\u0131n\u0131n \u00e7iy ile par\u0131ldamas\u0131 ve sessizli\u011fin yaln\u0131zca kayan\u0131n \u00fczerindeki suyun g\u00fcr\u00fclt\u00fcs\u00fcyle bozulmas\u0131. \u015eehre geri d\u00f6nd\u00fc\u011f\u00fcm\u00fczde, Grenada Ulusal M\u00fczesi, daha sonra hapishane ve otel olarak i\u015flev g\u00f6ren yap\u0131lar olan 1704&#039;ten kalma eski Frans\u0131z k\u0131\u015flalar\u0131n\u0131 bar\u0131nd\u0131r\u0131yor. Galerilerinde Karayip ve Arawak eserleri, \u015feker i\u015fleme makinelerinin kal\u0131nt\u0131lar\u0131, bir zamanlar geli\u015fen bir balina avc\u0131l\u0131\u011f\u0131 ticaretinin aletleri ve ilgin\u00e7 bir \u015fekilde bir zamanlar Jos\u00e9phine Bonaparte i\u00e7in kurulmu\u015f mermer bir banyo yer al\u0131yor.<\/p>\n<p>Hava yoluyla gelen modern bir ziyaret\u00e7i, Point Saline a\u00e7\u0131klar\u0131ndaki deniz meltemleriyle y\u00f6nlendirilen Maurice Bishop Uluslararas\u0131 Havaliman\u0131&#039;na iner; yo\u011fun sezonda, haftal\u0131k ba\u011flant\u0131lar Frankfurt&#039;a kadar uzan\u0131r, ancak \u00e7o\u011fu gezgin \u0130ngiltere veya Amerika Birle\u015fik Devletleri&#039;ndeki merkezlerden ba\u011flant\u0131 yapar. Zemin katta, minib\u00fcsler merkezi otob\u00fcs deposundan yelpaze gibi a\u00e7\u0131l\u0131r, her biri var\u0131\u015f noktas\u0131yla i\u015faretlenmi\u015ftir - yolcular\u0131 Gouyave, Sauteurs veya adan\u0131n tenha koylar\u0131na y\u00f6nlendiren basit kodlar. Bu arada, 2000&#039;lerin ortalar\u0131nda a\u00e7\u0131lan Carenage&#039;deki kruvaziyer terminali ve biti\u015fikteki Esplanada Al\u0131\u015fveri\u015f Merkezi, \u015fehrin k\u00fcresel turizm devrelerine derinle\u015fen entegrasyonunun sinyalini verir.<\/p>\n<p>\u015eehir planlamac\u0131lar\u0131 bo\u015f durmad\u0131. Z\u00fcblin&#039;in bir geli\u015ftirme plan\u0131, Sendall T\u00fcneli&#039;nin ana caddesinin alt\u0131nda ikinci bir yolcu iskelesi ve bir yaya t\u00fcneli \u00f6ng\u00f6r\u00fcyor ve Fort George&#039;un ayak bast\u0131\u011f\u0131 yar\u0131maday\u0131 hastane b\u00f6lgesine ba\u011fl\u0131yor. Carenage&#039;\u0131n bat\u0131 ucundaki yollar trafi\u011fi rahatlatmak i\u00e7in geni\u015fletildi, ancak dikkatli olmak elzem: i\u015faretsiz tek y\u00f6nl\u00fc sokaklar ve baz\u0131lar\u0131 boyal\u0131 bariyerlerden ibaret olan belli belirsiz trafik adalar\u0131 haz\u0131rl\u0131ks\u0131z s\u00fcr\u00fcc\u00fcleri \u015fa\u015f\u0131rtabilir.<\/p>\n<p>Y\u00fczy\u0131llar s\u00fcren d\u00f6n\u00fc\u015f\u00fcmler boyunca -yerle\u015fimci h\u0131rs\u0131, s\u00f6m\u00fcrgeci rekabet, do\u011fal afet ve modern yeniden icat- St. George&#039;s i\u00e7sel bir tutarl\u0131l\u0131k, her teras\u0131n, her burcun, her \u00e7i\u00e7ekli frangipani a\u011fac\u0131n\u0131n geli\u015fen bir anlat\u0131ya ait oldu\u011fu duygusunu koruyor. \u015eehrin birka\u00e7 ta\u015f\u0131 ve bir\u00e7ok baharat\u0131 hem jeolojik hem de be\u015feri g\u00fc\u00e7lere tan\u0131kl\u0131k ediyor: liman\u0131n e\u011frisini \u015fekillendiren volkanik \u00e7alkant\u0131; sular\u0131na h\u00fckmetmeye \u00e7al\u0131\u015fan Avrupal\u0131 \u200b\u200bm\u00fchendisler; tahta tezgahlar\u0131n alt\u0131nda kalipso dans\u0131 yapan \u00f6zg\u00fcrle\u015fmi\u015f halklar; ve katedral kulelerini yeniden in\u015fa eden ve hindistan cevizi bah\u00e7elerini yeniden in\u015fa eden \u00e7a\u011fda\u015f koruyucular.<\/p>\n<p>Ba\u015fka hi\u00e7bir Karayip liman\u0131 bu kadar dingin derinli\u011fi elle tutulur bir enerjiyle birle\u015ftiremez. \u015eafak vakti bal\u0131k\u00e7\u0131lar \u015feftali rengindeki bir \u0131\u015f\u0131\u011f\u0131n fonunda a\u011flar\u0131n\u0131 atarlar, bu a\u011flar Queen&#039;s Park pazar tezgahlar\u0131na gidecek g\u00f6kku\u015fa\u011f\u0131 bal\u0131klar\u0131yla geri d\u00f6ner. \u00d6\u011fleden sonra s\u0131ca\u011f\u0131 \u015fehrin \u00fczerine bir \u015fal gibi iner, g\u00f6lgeli verandalarda siesta&#039;lar\u0131 te\u015fvik eder ve turistleri serin katedral nefini aramaya g\u00f6nderir. Gece, b\u00fcfelerin baharatl\u0131 rom ve Frans\u0131z Kreol\u00fc&#039;nde ilahi benzeri tostlar sundu\u011fu Melville Caddesi&#039;ni kaplayan fenerlerin par\u0131lt\u0131s\u0131na d\u00fc\u015fer. Her an, tarihin yank\u0131s\u0131 ve g\u00fcnl\u00fck ya\u015fam\u0131n ritmi bir araya gelir.<\/p>\n<p>St. George&#039;a bir g\u00f6z atmak, ge\u00e7mi\u015fini haf\u0131zas\u0131nda ve gelece\u011fini her onar\u0131lm\u0131\u015f \u00e7at\u0131 kiremitinde ta\u015f\u0131yan bir \u015fehri g\u00f6zlemlemektir. Burada, vanilya kokusu sokak aralar\u0131nda kal\u0131r; orada, Fort George&#039;un kal\u0131nt\u0131lar\u0131 hem sava\u015f\u00e7\u0131 hem de g\u00f6rkemli bir d\u00fcnyay\u0131 \u00e7a\u011fr\u0131\u015ft\u0131r\u0131r. \u00c7at\u0131lar\u0131n kar\u015f\u0131s\u0131nda, uydu \u00e7anaklar\u0131 lav ta\u015f\u0131 duvarlar\u0131n\u0131n yan\u0131nda durur, hem k\u00fcresel ak\u0131mlar\u0131 hem de yerel gelenekleri kucaklayan bir yerin sembolleri. On yedi on y\u0131ld\u0131r, bu k\u0131y\u0131 \u015feridi s\u00f6m\u00fcrgecileri, gezginleri, f\u0131rt\u0131nalardan ka\u00e7anlar\u0131, t\u0131p pe\u015finde ko\u015fan bilginleri ve \u00e7elik tava ritimleri alt\u0131nda dans eden t\u00fcyl\u00fc kost\u00fcml\u00fc kad\u0131nlar\u0131 a\u011f\u0131rlad\u0131.<\/p>\n<p>Grenada&#039;n\u0131n ba\u015fkentinin anlat\u0131 nabz\u0131 b\u00f6yledir: kal\u0131c\u0131 z\u0131tl\u0131klar\u0131n oldu\u011fu, liman\u0131n volkanik be\u015fi\u011finin ticaret ve k\u00fclt\u00fcrle d\u00f6\u015fenmi\u015f caddelere yol verdi\u011fi bir yer. Kire\u00e7ta\u015f\u0131 sokaklar\u0131n ve b\u00fcy\u00fcyen baharat pazarlar\u0131n\u0131n birle\u015fti\u011fi yerin ortas\u0131nda, bir adan\u0131n \u00f6z\u00fc -tarihi mercan kayas\u0131na kaz\u0131nm\u0131\u015f ve gelece\u011fi hindistan ceviziyle kokuland\u0131r\u0131lm\u0131\u015f- silinmez bir \u015fekilde g\u00f6r\u00fcn\u00fcr hale gelir. Bu g\u00f6r\u00fcn\u00fcrl\u00fckte hem bir vaat hem de sessiz bir ger\u00e7ek yatar: St. George a\u00e7\u0131k bir kitap gibi ya\u015far, her sayfas\u0131 gelgit, f\u0131rt\u0131na, zafer ve bu at nal\u0131 liman\u0131n\u0131 yuva olarak adland\u0131ranlar\u0131n elleriyle \u00e7evrilidir.<\/p>","protected":false},"excerpt":{"rendered":"<p>St. George&#039;s, Karayip ada \u00fclkesi Grenada&#039;n\u0131n enerjik ba\u015fkentidir. Eski bir volkanik kraterin kuca\u011f\u0131nda yer alan kasaba, muhte\u015fem manzaralar ve belirgin bir topografya sunan at nal\u0131 \u015feklindeki bir limanda ideal bir konuma sahiptir. St. George&#039;s, do\u011fal liman\u0131n\u0131n sadece nefes kesen manzaralar sunmakla kalmay\u0131p ayn\u0131 zamanda deniz operasyonlar\u0131 i\u00e7in hayati bir yer olmas\u0131 nedeniyle hem g\u00fczelli\u011fin hem de faydan\u0131n yo\u011fun bir merkezidir.<\/p>","protected":false},"author":1,"featured_media":3103,"parent":9051,"menu_order":0,"comment_status":"closed","ping_status":"closed","template":"elementor_theme","meta":{"_eb_attr":"","footnotes":""},"class_list":["post-9063","page","type-page","status-publish","has-post-thumbnail"],"_links":{"self":[{"href":"https:\/\/travelshelper.com\/tr\/wp-json\/wp\/v2\/pages\/9063","targetHints":{"allow":["GET"]}}],"collection":[{"href":"https:\/\/travelshelper.com\/tr\/wp-json\/wp\/v2\/pages"}],"about":[{"href":"https:\/\/travelshelper.com\/tr\/wp-json\/wp\/v2\/types\/page"}],"author":[{"embeddable":true,"href":"https:\/\/travelshelper.com\/tr\/wp-json\/wp\/v2\/users\/1"}],"replies":[{"embeddable":true,"href":"https:\/\/travelshelper.com\/tr\/wp-json\/wp\/v2\/comments?post=9063"}],"version-history":[{"count":0,"href":"https:\/\/travelshelper.com\/tr\/wp-json\/wp\/v2\/pages\/9063\/revisions"}],"up":[{"embeddable":true,"href":"https:\/\/travelshelper.com\/tr\/wp-json\/wp\/v2\/pages\/9051"}],"wp:featuredmedia":[{"embeddable":true,"href":"https:\/\/travelshelper.com\/tr\/wp-json\/wp\/v2\/media\/3103"}],"wp:attachment":[{"href":"https:\/\/travelshelper.com\/tr\/wp-json\/wp\/v2\/media?parent=9063"}],"curies":[{"name":"wp","href":"https:\/\/api.w.org\/{rel}","templated":true}]}}