{"id":9051,"date":"2024-09-07T10:22:37","date_gmt":"2024-09-07T10:22:37","guid":{"rendered":"https:\/\/travelshelper.com\/staging\/?page_id=9051"},"modified":"2026-03-13T16:28:43","modified_gmt":"2026-03-13T16:28:43","slug":"grenada","status":"publish","type":"page","link":"https:\/\/travelshelper.com\/tr\/destinations\/north-america\/grenada\/","title":{"rendered":"Grenada"},"content":{"rendered":"<p>344 kilometrekarelik, masmavi Karayip sular\u0131yla \u00e7evrili kompakt bir b\u00f6lge olan Grenada, 2024 y\u0131l\u0131 ba\u015flar\u0131nda yakla\u015f\u0131k 115.000 n\u00fcfusa ev sahipli\u011fi yapmaktad\u0131r; Windward Adalar\u0131&#039;n\u0131n bu en g\u00fcneydeki incisi, Trinidad ve Venezuela k\u0131y\u0131lar\u0131n\u0131n yakla\u015f\u0131k 160 kilometre kuzeyinde ve Saint Vincent&#039;\u0131n hemen g\u00fcneyinde yer almaktad\u0131r. Ba\u015fl\u0131ca yerle\u015fim yeri olan St. George&#039;s, Carenage olarak bilinen do\u011fal bir liman\u0131n etraf\u0131nda k\u0131vr\u0131l\u0131rken, karde\u015f adalar olan Carriacou ve Petite Martinique, daha k\u00fc\u00e7\u00fck \u00e7\u0131k\u0131nt\u0131lardan olu\u015fan bir tak\u0131my\u0131ld\u0131zla birlikte \u00fclkenin eri\u015fimini kuzey Grenadinler&#039;e kadar geni\u015fletmektedir. Bu \u00f6zl\u00fc tablodan, volkanik temelleri dik oldu\u011fu kadar verimli bir araziyi \u015fekillendiren ve hem &#034;Baharat Adas\u0131&#034; lakab\u0131na hem de Amerikan yerlisi, Afrika, Frans\u0131z ve \u0130ngiliz ipliklerinden \u00f6r\u00fclm\u00fc\u015f bir k\u00fclt\u00fcrel mozai\u011fe ilham veren bir toprak ortaya \u00e7\u0131kmaktad\u0131r.<\/p>\n<p>Burada insan varl\u0131\u011f\u0131n\u0131n izini s\u00fcrmek, atalar\u0131 G\u00fcney Amerika su yollar\u0131nda seyahat etmi\u015f olan Karayip denizcilerinin korunakl\u0131 koylar ve nehir a\u011f\u0131zlar\u0131 boyunca ge\u00e7ici k\u00f6yler kurdu\u011fu karanl\u0131k bir s\u00f6m\u00fcrge \u00f6ncesi d\u00f6neme inmeyi gerektirir. Bu ilk yerle\u015fimciler, \u00fc\u00e7\u00fcnc\u00fc denizcilik giri\u015fimi Grenada&#039;y\u0131 Avrupa haritalar\u0131na kaz\u0131d\u0131\u011f\u0131nda A\u011fustos 1498&#039;de Kristof Kolomb&#039;un bak\u0131\u015flar\u0131 alt\u0131nda kald\u0131lar, ancak on yedinci y\u00fczy\u0131la kadar \u00e7ok az\u0131 onlar\u0131 takip etti. Kal\u0131c\u0131 Karayip direni\u015fi, \u0130spanyol ve \u0130ngilizlerin dayanak noktalar\u0131 kurma giri\u015fimlerini engelledi ve ancak 1649&#039;da \u015feker kam\u0131\u015f\u0131 kesimleri ve k\u00f6lele\u015ftirilmi\u015f i\u015f\u00e7iler ta\u015f\u0131yan Frans\u0131z \u00e7ift\u00e7iler, zay\u0131f bir hakimiyet elde ettiler. Seksen y\u0131l\u0131 a\u015fk\u0131n Frans\u0131z y\u00f6netimi, Creole konu\u015fmas\u0131nda ve hala St. George&#039;un \u00fczerinde y\u00fckselen Fort George&#039;un konturunda bir kal\u0131nt\u0131 b\u0131rakt\u0131, ancak \u015eubat 1763&#039;teki Paris Antla\u015fmas\u0131 egemenli\u011fi Londra&#039;ya devretti. 1779-1783 y\u0131llar\u0131 aras\u0131nda Frans\u0131zlar\u0131n b\u00f6lgeyi k\u0131sa bir s\u00fcreli\u011fine geri almas\u0131, \u0130ngilizlerin \u00fcst\u00fcnl\u00fc\u011f\u00fcn\u00fc neredeyse hi\u00e7 kesintiye u\u011fratmad\u0131; bu \u00fcst\u00fcnl\u00fck, Mart 1967&#039;de ba\u015flayan Ortak Devlet d\u00f6nemi ve Bat\u0131 Hint Adalar\u0131 Federasyonu i\u00e7indeki k\u0131sa s\u00fcreli rol\u00fc d\u0131\u015f\u0131nda, Eric Gairy&#039;nin ba\u015fbakanl\u0131\u011f\u0131nda 7 \u015eubat 1974&#039;te tam ba\u011f\u0131ms\u0131zl\u0131\u011fa kavu\u015fana kadar s\u00fcrd\u00fc.<\/p>\n<p>Mart 1979&#039;da Marksist-Leninist bir kolektif olan Yeni M\u00fccevher Hareketi, Gairy&#039;yi kans\u0131z bir darbeyle devirdi\u011finde siyasi t\u00fcrb\u00fclans yeniden patlak verdi. Maurice Bishop&#039;un Halk\u0131n Devrimci H\u00fck\u00fcmeti daha sonra sosyal programlar\u0131 y\u00f6nlendirdi ve i\u00e7 anla\u015fmazl\u0131klar Bishop&#039;un idam\u0131yla sonu\u00e7lanana ve Ekim 1983&#039;te ABD \u00f6nc\u00fcl\u00fc\u011f\u00fcndeki bir m\u00fcdahaleyi davet edene kadar K\u00fcba ile uyumluydu. Bu kopu\u015ftan sonra Grenada parlamenter bir demokrasiyi yeniden kurdu, Krali\u00e7e II. Elizabeth d\u00f6neminde Milletler Toplulu\u011fu ba\u011flant\u0131s\u0131n\u0131 yeniden kurdu ve \u015fimdi Kral III. Charles&#039;\u0131 yerel olarak bir Genel Vali taraf\u0131ndan temsil edilen devlet ba\u015fkan\u0131 olarak tan\u0131yor. O zamandan beri siyasi sakinlik hakim oldu ve turizmin ba\u015fl\u0131ca d\u00f6viz kayna\u011f\u0131 olarak istikrarl\u0131 b\u00fcy\u00fcmesine yans\u0131d\u0131.<\/p>\n<p>Bu insan anlat\u0131s\u0131n\u0131n alt\u0131nda ate\u015fle oyulmu\u015f bir ada yat\u0131yor; engebeli omurgas\u0131 840 metreye kadar y\u00fckselen St. Catherine Da\u011f\u0131 ile ta\u00e7land\u0131r\u0131lm\u0131\u015f ve Granby Da\u011f\u0131 ile G\u00fcney Do\u011fu Da\u011f\u0131 ile \u00e7evrili. Burada, Grand Etang ve Antoine gibi krater g\u00f6lleri do\u011fal amfitiyatrolar\u0131n i\u00e7inde toplan\u0131yor; sakin y\u00fczeyleri eski \u00e7alkant\u0131larla \u015fekillenen derinlikleri gizliyor. Adlar\u0131 Annandale, Concord, Seven Sisters olan akarsular, nemli tropikal ormanlardan kurak \u00e7al\u0131l\u0131klara kadar uzanan d\u00f6rt ekob\u00f6lgeye sahip ormanl\u0131k koridorlarda yank\u0131lanarak denize \u00e7a\u011flayanlar halinde d\u00f6k\u00fcl\u00fcyor. Volkanik d\u00f6k\u00fcnt\u00fclerle zenginle\u015ftirilmi\u015f toprak, en \u00fcnl\u00fcs\u00fc hindistan cevizi ve topuz olan ve ekvator g\u00fcne\u015fi ve nemli alize r\u00fczgar\u0131 iklimi alt\u0131nda geli\u015fen bir dizi \u00fcr\u00fcn\u00fc destekliyor. Kasaba ve plantasyon boyunca, baharat kokusu g\u00fcnl\u00fck ya\u015fam\u0131n i\u00e7ine i\u015fliyor, uzaktaki Atlantik dalgas\u0131 ise adan\u0131n do\u011fu kanad\u0131ndaki gizli siyah kumlu koylar\u0131 harekete ge\u00e7iriyor.<\/p>\n<p>\u0130klim ritimleri, s\u0131cakl\u0131klar\u0131n nadiren 22 \u00b0C&#039;nin alt\u0131na d\u00fc\u015ft\u00fc\u011f\u00fc veya 32 \u00b0C&#039;nin \u00fczerine \u00e7\u0131kt\u0131\u011f\u0131 kuru ve ya\u011fmurlu mevsimlerin ikilemini takip eder. Kuzeye g\u00f6re burada daha az s\u0131kl\u0131kta g\u00f6r\u00fclse de tropikal siklonlar\u0131n etkileri kolektif haf\u0131zay\u0131 \u015fekillendirmi\u015ftir: Kas\u0131rga Janet&#039;in 1955 ge\u00e7i\u015fi 185 km\/s r\u00fczgarlar ta\u015f\u0131yordu ve Ivan, Eyl\u00fcl 2004&#039;te y\u0131k\u0131ma yol a\u00e7t\u0131 ve otuz dokuz can ald\u0131. Daha yak\u0131n bir zamanda, Kas\u0131rga Beryl, 1 Temmuz 2024&#039;te 4. Kategori bir f\u0131rt\u0131na olarak karaya \u00e7\u0131kt\u0131 - Atlantik ana geli\u015ftirme b\u00f6lgesi i\u00e7in benzeri g\u00f6r\u00fclmemi\u015f bir erken zirve - ve Grenada&#039;n\u0131n r\u00fczgarl\u0131 k\u0131y\u0131s\u0131na vururken Carriacou&#039;daki yap\u0131lar\u0131 yerle bir etti. Bu t\u00fcr olaylar, hem gelene\u011fi onurland\u0131ran hem de modern yap\u0131 kodlar\u0131n\u0131 entegre eden yeniden yap\u0131lanmada g\u00f6r\u00fclen adal\u0131lar\u0131n dayan\u0131kl\u0131l\u0131\u011f\u0131n\u0131 vurgular.<\/p>\n<p>Y\u00fczy\u0131llarca s\u00fcren ihracat odakl\u0131 ekonomiyle ba\u015fkala\u015fan tar\u0131msal ge\u00e7mi\u015f, art\u0131k ba\u015fkentin art deco cephelerinden, ipeksi kumlar\u0131 ve durgun s\u00f6rf\u00fcyle d\u00fcnya \u00e7ap\u0131nda \u00f6v\u00fclen 3 kilometrelik bir alan olan Grand Anse Plaj\u0131&#039;n\u0131n palmiyelerle \u00e7evrili yay\u0131na kadar yerel ge\u00e7im kaynaklar\u0131n\u0131 \u015fekillendiren turizmde zirveye ula\u015f\u0131yor. Ekoturizm de ivme kazan\u0131yor: ku\u015f g\u00f6zlemcileri \u015fafak vakti Levera G\u00f6leti&#039;nde s\u00fcr\u00fckleniyor, \u015fnorkelli y\u00fcz\u00fcc\u00fcler bat\u0131 k\u0131y\u0131lar\u0131ndaki mercan bah\u00e7elerini ke\u015ffediyor ve y\u00fcr\u00fcy\u00fc\u015f\u00e7\u00fcler z\u00fcmr\u00fct oyuklarda gizlenmi\u015f \u015felalelere do\u011fru y\u00fcr\u00fcy\u00fc\u015f yap\u0131yor. 1961&#039;de kaybolan 600 fitlik bir yolcu gemisi olan Bianca C&#039;nin bat\u0131k enkaz\u0131, dalg\u0131\u00e7lara demir s\u00fctunlar\u0131n \u00fczerine \u00f6rt\u00fclm\u00fc\u015f yumu\u015fak mercanlardan olu\u015fan bir katedral sunarken, ak\u0131nt\u0131lar onlar\u0131 papa\u011fan bal\u0131\u011f\u0131 ve barak\u00fcda s\u00fcr\u00fclerinin yan\u0131ndan ta\u015f\u0131yor. T\u00fcm k\u0131y\u0131 \u015feritleri kolay eri\u015fimi gizlemiyor; Atlas Okyanusu&#039;na bakan k\u0131y\u0131lar s\u00f6rfe elveri\u015fli dalgalarla dolup ta\u015f\u0131yor ve sahil merakl\u0131lar\u0131, volkanik kumlar\u0131n g\u00fcne\u015fin alt\u0131nda par\u0131ldad\u0131\u011f\u0131 siyah, sa\u011flam plajlarda teselli buluyor.<\/p>\n<p>Turizmin \u00f6nceli\u011fine ra\u011fmen, Grenada&#039;n\u0131n mali defteri a\u011f\u0131r bir bor\u00e7 y\u00fck\u00fc ta\u015f\u0131yor ve 2017&#039;de h\u00fck\u00fcmet gelirlerinin yakla\u015f\u0131k d\u00f6rtte birine hizmet ediyor. Para birimi ve para politikas\u0131, Do\u011fu Karayip Merkez Bankas\u0131 adl\u0131 ulus\u00fcst\u00fc bir kurumdan geliyor ve Do\u011fu Karayip dolar\u0131 birimi Grenada&#039;y\u0131 yedi devlete ba\u011fl\u0131yor. Yine de ekonomik g\u00f6stergelerin alt\u0131nda, k\u00fclt\u00fcrel canl\u0131l\u0131k azalmam\u0131\u015f durumda: y\u0131ll\u0131k etkinlikler pazarlarda ve meydanlarda yank\u0131lan\u0131yor. A\u011fustos, kost\u00fcml\u00fc dans\u00e7\u0131lar ve perk\u00fcsyonlar\u0131n kaleidoskopik bir karnaval\u0131 olan Spice Mas&#039;\u0131 ba\u015flat\u0131yor; Carriacou, Maroon ve String Band M\u00fczik Festivali ile bahar\u0131 selaml\u0131yor; bal\u0131k\u00e7\u0131lar her k\u0131\u015f Spice Island Billfish Turnuvas\u0131&#039;nda k\u0131l\u0131\u00e7 bal\u0131\u011f\u0131 kupalar\u0131 i\u00e7in yar\u0131\u015f\u0131yor; Nisan ay\u0131nda Island Water World Yelken Haftas\u0131 hafif yelkenleri St. George liman\u0131nda dola\u015f\u0131yor; ve bir haftal\u0131k Work Boat Regatta, deneyimli m\u00fcrettebat\u0131 geleneksel denizcilik s\u0131nav\u0131na \u00e7a\u011f\u0131r\u0131yor.<\/p>\n<p>Mutfak, \u015fehir genelindeki f\u00fczyonu \u00f6zetler: ya\u011f a\u015fa\u011f\u0131, ulusal g\u00fcve\u00e7, erzaklar\u0131 -ekmek meyvesi, muz, patates, k\u00f6fte- tuzlu etlerle birlikte, hindistan cevizi s\u00fct\u00fc tencerenin taban\u0131nda p\u0131ht\u0131la\u015fan ya\u011fa d\u00f6n\u00fc\u015fene kadar kaynat\u0131r. Mutfak bah\u00e7elerinde duman s\u00fcr\u00fcklenmesi, metrelerce \u00f6tede yeti\u015fen tar\u00e7\u0131n ve zencefilin kokusuyla kar\u0131\u015f\u0131r. Dougladston Estate ve Gouyave Hindistan Cevizi Fabrikas\u0131, baharat \u00fcretiminin canl\u0131 m\u00fczeleri olarak dururken, Belmont Estate kakao \u00e7ekirdeklerini \u00e7ikolataya i\u015fler ve konuklar\u0131 Grenada&#039;n\u0131n geli\u015fen gurme itibar\u0131n\u0131n temelini olu\u015fturan \u00e7ekirdekten \u00e7ikolataya y\u00f6ntemlerini izlemeye davet eder.<\/p>\n<p>Demografik yap\u0131, y\u00fczy\u0131llar s\u00fcren \u00e7alkant\u0131lar\u0131 yans\u0131t\u0131yor: yakla\u015f\u0131k y\u00fczde seksen ikisi, \u015feker plantasyonlar\u0131nda \u00e7al\u0131\u015fan k\u00f6lele\u015ftirilmi\u015f tutsaklara dayanan Afrika k\u00f6kenli oldu\u011funu iddia ediyor; y\u00fczde ikisi, 1800&#039;lerin sonlar\u0131nda i\u015fe al\u0131nan Hintli s\u00f6zle\u015fmeli i\u015f\u00e7ilerden geliyor; Frans\u0131z plantasyon sahibi soyadlar\u0131, n\u00fcfusun y\u00fczde on \u00fc\u00e7\u00fcn\u00fc olu\u015fturan kar\u0131\u015f\u0131k soylar, kreolle\u015fen bir topluma tan\u0131kl\u0131k etse bile kilise kay\u0131tlar\u0131nda varl\u0131\u011f\u0131n\u0131 s\u00fcrd\u00fcr\u00fcyor. \u0130ngiliz ve Frans\u0131z mimari kal\u0131nt\u0131lar\u0131 k\u0131rsal kesimde serpi\u015ftirilmi\u015fken, yerel dil, \u0130ngilizce s\u00f6zdizimini Patois ifadeleriyle s\u00fcsl\u00fcyor. Halk anlat\u0131 gelenekleri varl\u0131\u011f\u0131n\u0131 s\u00fcrd\u00fcr\u00fcyor: Kurnaz \u00f6r\u00fcmcek d\u00fczenbaz\u0131 Anancy, ocak ba\u015f\u0131nda hikayeler anlat\u0131yor; balo elbisesi giymi\u015f hayalet ni\u015fanl\u0131 La Diablesse, ay \u0131\u015f\u0131\u011f\u0131nda sokaklarda dola\u015f\u0131yor; \u015fekil de\u011fi\u015ftiren kurt Loogaroo, f\u0131s\u0131ldanan efsanelerde dola\u015f\u0131yor.<\/p>\n<p>Ula\u015f\u0131m altyap\u0131s\u0131 hem i\u015fe gidip gelmeye hem de maceraya adapte oldu: St. George&#039;un d\u0131\u015f\u0131ndaki Maurice Bishop Uluslararas\u0131 Havaalan\u0131, Kuzey Amerika, Avrupa ve kom\u015fu adalara jetler g\u00f6nderiyor; Carriacou&#039;daki Lauriston Havaalan\u0131 b\u00f6lgesel ta\u015f\u0131y\u0131c\u0131lar\u0131 bar\u0131nd\u0131r\u0131yor. Otob\u00fcsler (b\u00f6lge numaralar\u0131yla i\u015faretlenmi\u015f, \u00f6zel m\u00fclkiyete ait, y\u00fcksek kapasiteli ara\u00e7lar) Grenada&#039;da \u015fafaktan g\u00fcn bat\u0131m\u0131na kadar dokuz rota \u00e7iziyor, kond\u00fckt\u00f6rleri \u00fccretleri topluyor ve planlanmam\u0131\u015f duraklar i\u00e7in kap\u0131 vurma sinyallerine yan\u0131t veriyor. Carriacou kendi \u00fc\u00e7 rota sistemini s\u00fcrd\u00fcr\u00fcyor, taksi hizmetleri ise geleneksel taksilerden, rideshare&#039;e benzer bir uygulama tabanl\u0131 platform olan Haylup&#039;a kadar uzan\u0131yor.<\/p>\n<p>E\u011flence ama\u00e7l\u0131 aktiviteler, miras\u0131 modern bir tarzla birle\u015ftiriyor: t\u00fcpl\u00fc dalg\u0131\u00e7lar, mercan bah\u00e7eleriyle dolu resiflere do\u011fru cam gibi koylar\u0131 a\u015fan h\u0131zl\u0131 teknelere binmeden \u00f6nce Grand Anse dal\u0131\u015f kul\u00fcbelerinde toplan\u0131yor; s\u00f6rf\u00e7\u00fcler, r\u00fczgarla \u00e7al\u0131\u015fan silindirlere binmek i\u00e7in Prickly Bay&#039;de sand\u0131klara giriyor; bal\u0131k\u00e7\u0131lar, y\u0131ll\u0131k k\u0131l\u0131\u00e7 bal\u0131\u011f\u0131 yar\u0131\u015fmas\u0131 i\u00e7in marlin ve yelken bal\u0131\u011f\u0131 \u00e7ekerek k\u00fc\u00e7\u00fck teknelerle Atlantik esintilerine kar\u015f\u0131 kendilerini g\u00fc\u00e7lendiriyor; denizciler, ada k\u00f6kenlerini yans\u0131tan yar\u0131\u015flar s\u0131ras\u0131nda spinnaker&#039;lar\u0131 a\u00e7\u0131yor; ve uluslararas\u0131 bir karde\u015fli\u011fin par\u00e7as\u0131 olan ha\u015fha\u015f ko\u015fucular\u0131, cumartesi \u00f6\u011fleden sonralar\u0131 \u00e7amurlu pistlerle m\u00fccadele ediyor, ard\u0131ndan yerel rom taslaklar\u0131yla yolda\u015fl\u0131\u011f\u0131 yeniden canland\u0131r\u0131yor. Kriket, Bat\u0131 Hint Adalar\u0131 test ma\u00e7lar\u0131n\u0131n b\u00f6lgesel co\u015fkuyu ate\u015fledi\u011fi St. George&#039;s&#039;daki Ulusal Stadyum&#039;da neredeyse kutsal bir yere sahipken, atletizm ve futbol, \u200b\u200bGrenada&#039;n\u0131n Olimpiyat madalyal\u0131 ko\u015fucusu Kirani James&#039;in ad\u0131n\u0131 ta\u015f\u0131yan biti\u015fik sahalar\u0131 payla\u015f\u0131yor. 2022 y\u0131l\u0131nda yedili ragbi sporunun yeniden canlanmas\u0131n\u0131n beklenmesi, spor turizminin \u00e7e\u015fitlendirilmesi y\u00f6n\u00fcnde bir hedefin sinyalini verdi.<\/p>\n<p>Birle\u015fme t\u00f6renleri yabanc\u0131lar\u0131 adan\u0131n n\u00fcfus dairesine getirir: \u00e7iftlerin pasaport, do\u011fum belgesi ve bekarl\u0131k kan\u0131t\u0131 ile palmiye a\u011fa\u00e7lar\u0131n\u0131n alt\u0131nda nikah\u0131 tamamlamak i\u00e7in en az \u00fc\u00e7 i\u015f g\u00fcn\u00fc ikamet etmeleri gerekir. Sadece heteroseks\u00fcel evlili\u011fi kabul eden Grenada&#039;n\u0131n yasal \u00e7er\u00e7evesi, \u00f6nceki t\u00fcm ba\u011flar\u0131n var\u0131\u015ftan \u00f6nce feshedilmesini zorunlu k\u0131lar. Ortaya \u00e7\u0131kan sekt\u00f6r, \u00e7i\u00e7ek kemerlerinden \u00e7elik tava serenatlar\u0131na kadar her ayr\u0131nt\u0131y\u0131 d\u00fczenleyen uzman planlamac\u0131lar\u0131 i\u00e7erecek \u015fekilde plaj sunaklar\u0131n\u0131n \u00f6tesine ge\u00e7er.<\/p>\n<p>Aral\u0131k ay\u0131 boyunca Noel, Gouyave&#039;nin hindistan cevizi r\u0131ht\u0131mlar\u0131ndan Carriacou&#039;daki Hillsborough iskelesine kadar k\u00f6yleri saran maskeli balo danslar\u0131 ve sokak blok partileriyle kamusal hayata dalar. Kilise \u00e7anlar\u0131, DJ&#039;lerin \u00e7ald\u0131\u011f\u0131 Soca, kalipso ve reggae e\u015fli\u011finde \u00e7alarken, gen\u00e7 nesiller rap dizelerini yerel leh\u00e7elere \u00f6rer. Geleneksel yemekler - k\u0131zarm\u0131\u015f ekmek meyvesiyle desteklenen tuzlu bal\u0131k, defne yapra\u011f\u0131 kokulu ha\u015flanm\u0131\u015f tavuk - topluluk \u015f\u00f6lenlerinde yer al\u0131r ve gece yar\u0131s\u0131 ayinleri, Kutsal G\u00fcn\u00fc ilahilerle kar\u015f\u0131lar. Bir\u00e7ok Grenadal\u0131 i\u00e7in, tatil dinlenmek i\u00e7in bir f\u0131rsat haline gelir: k\u0131y\u0131 \u015feridi hafif dalgalarla \u00e7a\u011f\u0131r\u0131r ve kumlu aileler, dayan\u0131kl\u0131l\u0131k ve s\u0131cakl\u0131\u011f\u0131n s\u00fcrekli kucakla\u015ft\u0131\u011f\u0131 bir adaya kadeh kald\u0131r\u0131r.<\/p>\n<p>Her \u015feyi bilen bir g\u00f6zlemcinin g\u00f6zetimi alt\u0131nda, Grenada jeolojik \u00e7alkant\u0131lar\u0131n ve insan \u00e7abalar\u0131n\u0131n bir palimpsesti olarak okunabilir: volkanik ak\u0131nt\u0131larla oyulmu\u015f k\u0131y\u0131 \u015feritleri, yo\u011fun ormanlarla kapl\u0131 yama\u00e7lar, baharatlarla dolu plantasyonlar ve pastel cepheleri tart\u0131\u015fmal\u0131 egemenlikleri hat\u0131rlatan kasabalar. Burada, Karayip meydan okumas\u0131n\u0131n, Frans\u0131z zarafetinin ve \u0130ngiliz y\u00f6netiminin miraslar\u0131, bug\u00fcn\u00fcn\u00fc sadece ekonomik endekslerle de\u011fil, s\u00f6zl\u00fc tarihler, mutfak rit\u00fcelleri ve kas\u0131rga r\u00fczgarlar\u0131n\u0131n ve s\u00f6m\u00fcrgeci h\u0131rslar\u0131n potas\u0131nda tek bir kimli\u011fin kristalle\u015fti\u011fine dair kal\u0131c\u0131 inan\u00e7la \u00f6l\u00e7en bir ada toplumunda bir araya geliyor - g\u00fc\u00e7l\u00fc, ho\u015f kokulu ve her \u015fafa\u011f\u0131 yenilenmi\u015f bir ama\u00e7 duygusuyla kar\u015f\u0131lamaya haz\u0131r.<\/p>","protected":false},"excerpt":{"rendered":"<p>Grenada, the southernmost island in the\u00a0Antilles archipelago, is ideally located between the\u00a0eastern Caribbean Sea\u00a0and the\u00a0western Atlantic Ocean. It is situated around 140 kilometers north of\u00a0Venezuela\u00a0and\u00a0Trinidad &#038; Tobago. This\u00a0island country, together with its neighboring islands, is the southern part of the\u00a0Grenadines. The sister islands comprise\u00a0Carriacou,\u00a0Petite Martinique,\u00a0Ronde Island,\u00a0Caille Island,\u00a0Diamond Island,\u00a0Large Island,\u00a0Saline Island, and\u00a0Frigate Island, while the northern islands are part of\u00a0St. Vincent and the Grenadines. The predominant portion of Grenada\u2019s populace inhabits the principal island, with notable towns such as the capital,\u00a0St. George\u2019s,\u00a0Grenville, and\u00a0Gouyave.\u00a0Hillsborough\u00a0is the most populous village on the sister island of Carriacou.<\/p>","protected":false},"author":1,"featured_media":3822,"parent":24084,"menu_order":0,"comment_status":"closed","ping_status":"closed","template":"elementor_theme","meta":{"_eb_attr":"","footnotes":""},"class_list":["post-9051","page","type-page","status-publish","has-post-thumbnail"],"_links":{"self":[{"href":"https:\/\/travelshelper.com\/tr\/wp-json\/wp\/v2\/pages\/9051","targetHints":{"allow":["GET"]}}],"collection":[{"href":"https:\/\/travelshelper.com\/tr\/wp-json\/wp\/v2\/pages"}],"about":[{"href":"https:\/\/travelshelper.com\/tr\/wp-json\/wp\/v2\/types\/page"}],"author":[{"embeddable":true,"href":"https:\/\/travelshelper.com\/tr\/wp-json\/wp\/v2\/users\/1"}],"replies":[{"embeddable":true,"href":"https:\/\/travelshelper.com\/tr\/wp-json\/wp\/v2\/comments?post=9051"}],"version-history":[{"count":0,"href":"https:\/\/travelshelper.com\/tr\/wp-json\/wp\/v2\/pages\/9051\/revisions"}],"up":[{"embeddable":true,"href":"https:\/\/travelshelper.com\/tr\/wp-json\/wp\/v2\/pages\/24084"}],"wp:featuredmedia":[{"embeddable":true,"href":"https:\/\/travelshelper.com\/tr\/wp-json\/wp\/v2\/media\/3822"}],"wp:attachment":[{"href":"https:\/\/travelshelper.com\/tr\/wp-json\/wp\/v2\/media?parent=9051"}],"curies":[{"name":"wp","href":"https:\/\/api.w.org\/{rel}","templated":true}]}}