{"id":9044,"date":"2024-09-07T10:13:08","date_gmt":"2024-09-07T10:13:08","guid":{"rendered":"https:\/\/travelshelper.com\/staging\/?page_id=9044"},"modified":"2026-03-13T16:27:47","modified_gmt":"2026-03-13T16:27:47","slug":"antigua-guatemala","status":"publish","type":"page","link":"https:\/\/travelshelper.com\/tr\/destinations\/north-america\/guatemala\/antigua\/","title":{"rendered":"Antigua Guatemala"},"content":{"rendered":"<p>Antigua Guatemala, 2007 n\u00fcfus say\u0131m\u0131nda kaydedilen 34.685 ki\u015filik bir \u015fehir olan Guatemala&#039;n\u0131n merkezindeki engebeli yaylalar\u0131n ortas\u0131nda yer al\u0131r ve Sacatepequez Departman\u0131&#039;n\u0131n merkezi olarak hizmet verir. 18. y\u00fczy\u0131ldaki parlak d\u00f6neminde yakla\u015f\u0131k 65.000 n\u00fcfusa ev sahipli\u011fi yapan kasaba, s\u00f6m\u00fcrge ba\u015fkenti ve UNESCO D\u00fcnya Miras\u0131 Alan\u0131 olarak y\u00fckseli\u015fini \u015fekillendiren volkanik s\u0131rtlar ve verimli vadilerle tan\u0131mlanan bir alan\u0131 kaplar. Barok cepheleri ve ortogonal sokak plan\u0131, Antigua&#039;y\u0131 Guatemala&#039;n\u0131n tarihi haf\u0131zas\u0131n\u0131n kalbine yerle\u015ftirir. Yar\u0131m bin y\u0131l i\u00e7inde, sismik \u00e7alkant\u0131lar ve insan dayan\u0131kl\u0131l\u0131\u011f\u0131, hem imparatorluk ihti\u015fam\u0131n\u0131 hem de \u00e7a\u011fda\u015f dinamizmi f\u0131s\u0131ldayan sessiz Arnavut kald\u0131r\u0131ml\u0131 atardamarlar\u0131 olan bir yer olu\u015fturdu.<\/p>\n<p>1543&#039;te Guatemala Genel Kaptanl\u0131\u011f\u0131&#039;n\u0131n ba\u015fkenti olarak kurulan Antigua, h\u0131zla b\u00f6lgesel bir \u00fcst\u00fcnl\u00fck rol\u00fc \u00fcstlendi. \u015eehrin panoramik manzaras\u0131\u2014Volc\u00e1n de Agua ve ikiz volkanik karde\u015fler taraf\u0131ndan \u00e7er\u00e7evelenmi\u015f\u2014kent tasar\u0131mc\u0131lar\u0131n\u0131 g\u00f6rkemli dini komplekslerle ta\u00e7land\u0131r\u0131lm\u0131\u015f bir saray \u015febekesi d\u00fczenlemeye davet etti. Sonraki y\u00fczy\u0131llarda mimarlar ve zanaatkarlar kamusal yap\u0131lara sade bir Barok kelime da\u011farc\u0131\u011f\u0131 a\u015f\u0131lad\u0131lar: pilasterler, kavisli al\u0131nl\u0131klar ve ayr\u0131nt\u0131l\u0131 bir \u015fekilde oyulmu\u015f portallar. 18. y\u00fczy\u0131l\u0131n ortalar\u0131na gelindi\u011finde, Antigua&#039;n\u0131n meydanlar\u0131 ve portallar\u0131 Yeni \u0130spanya&#039;n\u0131n g\u00fcney kesimlerinde metropol zarafetini \u00f6rneklendirdi ve bu \u00fcn UNESCO&#039;nun \u015fehri 1979&#039;da D\u00fcnya Miras\u0131 listesine kaydetmesiyle per\u00e7inlendi.<\/p>\n<p>29 Temmuz 1773 depremi \u015fehrin temellerini y\u0131kt\u0131 ve n\u00fcfusunu k\u0131rsala da\u011f\u0131tt\u0131. Sars\u0131nt\u0131dan sonra, \u00e7o\u011fu sakin Guatemala \u015eehri&#039;nin g\u00fcvenli\u011fine g\u00f6\u00e7 etti ve Antigua&#039;y\u0131 harabelerde \u00e7\u00fcr\u00fcmeye b\u0131rakt\u0131. Onlarca y\u0131l boyunca kiliseler, h\u00fck\u00fcmet ofisleri ve manast\u0131rlar hem ekolojik k\u0131r\u0131lganl\u0131\u011f\u0131n hem de insan dayan\u0131kl\u0131l\u0131\u011f\u0131n\u0131n kan\u0131t\u0131 olan i\u00e7i bo\u015f monolitler olarak ayakta kald\u0131. Ba\u015fkan Jorge Ubico&#039;nun kal\u0131nt\u0131lar\u0131 Ulusal An\u0131t olarak belirledi\u011fi 1944 y\u0131l\u0131na kadar ciddi bir koruma ba\u015flamad\u0131. Zanaatkarlar y\u0131k\u0131lan portallara geri d\u00f6nd\u00fcler, zamanla a\u015f\u0131nm\u0131\u015f ta\u015flara yeni har\u00e7 a\u015f\u0131lad\u0131lar ve k\u0131smi yeniden in\u015fa i\u00e7in ilk \u00e7abalar terk edilmi\u015f kap\u0131lara hayat\u0131 geri getirmeye ba\u015flad\u0131.<\/p>\n<p>Central Park\u2014Parque Central\u2014kentsel ya\u015fam\u0131n atan kalbi olmaya devam ediyor, e\u015fmerkezli dairesel y\u00fcr\u00fcy\u00fc\u015f yollar\u0131 restore edilmi\u015f 17. y\u00fczy\u0131l \u00e7e\u015fmesinden yay\u0131l\u0131yor. Burada, yerliler \u00f6\u011fle vakti ve hava so\u011fudu\u011funda ve meydan lamba \u0131\u015f\u0131\u011f\u0131nda parlad\u0131\u011f\u0131nda alacakaranl\u0131kta s\u00fcslenmi\u015f a\u011fa\u00e7lar\u0131n alt\u0131nda toplan\u0131yor. Kuzey kanad\u0131nda, ba\u015flang\u0131\u00e7ta 17. y\u00fczy\u0131lda manast\u0131rdaki rahibeler i\u00e7in kapal\u0131 bir ge\u00e7it olarak tasarlanan Santa Catalina Kemeri kemerlidir. 1830&#039;larda eklenen ince saat kulesi, \u015fimdi b\u00f6lgenin en ikonik foto\u011frafik g\u00f6r\u00fcnt\u00fclerinden birine \u00e7er\u00e7eve olu\u015fturuyor: Volc\u00e1n de Agua&#039;n\u0131n etkileyici sil\u00fcetine kar\u015f\u0131 kemerin soluk formu.<\/p>\n<p>Her Lent mevsiminde, Antigua dindar bir tekillik \u00fcstlenir. K\u00fcl \u00c7ar\u015fambas\u0131ndan itibaren, cemaat \u00fcyeleri ve ziyaret eden hac\u0131lar binlerce ayak sesiyle yumu\u015fat\u0131lm\u0131\u015f alay yollar\u0131nda s\u0131ralan\u0131rlar. Ayaklar\u0131n\u0131n alt\u0131nda, boyal\u0131 tala\u015ftan, \u00e7i\u00e7ek yapraklar\u0131ndan, \u00e7am i\u011fnelerinden ve zaman zaman olgunla\u015fan meyvelerden dokunmu\u015f ge\u00e7ici hal\u0131lar, kald\u0131r\u0131m ta\u015flar\u0131n\u0131 canl\u0131 goblenlere d\u00f6n\u00fc\u015ft\u00fcr\u00fcr. Haftadan haftaya, kilise karde\u015flikleri bu ge\u00e7ici sanat eserlerine sponsor olur ve Palmiye Pazar\u0131 ve \u0130yi Cuma&#039;daki Kutsal Hafta&#039;n\u0131n ciddiyetiyle doru\u011fa ula\u015f\u0131r. O anlarda, \u015fehrin inan\u00e7 ve tarih katmanlar\u0131, t\u00fcts\u00fc harap manast\u0131rlar ve barok portallar etraf\u0131nda dola\u015f\u0131rken bir araya gelir.<\/p>\n<p>Turizm, \u015fehrin ba\u015fl\u0131ca ekonomik motoru haline geldi. Antigua art\u0131k Orta Amerika&#039;n\u0131n ya\u011fmur ormanlar\u0131na, yayla k\u00f6ylerine ve Karayip k\u0131y\u0131lar\u0131na giden ka\u015fifler i\u00e7in bir merkez i\u015flevi g\u00f6r\u00fcyor. Pasifik ve Atlantik limanlar\u0131ndan gelen gemi gezileri, Antigua&#039;y\u0131 s\u0131kl\u0131kla g\u00fczergahlar\u0131na dahil ediyor ve her g\u00fcn binlerce insan\u0131 sokaklar\u0131nda dola\u015fmaya te\u015fvik ediyor. Kuzey Amerika ve Avrupa&#039;dan gelen gurbet\u00e7ilerden olu\u015fan geli\u015fen bir emeklilik toplulu\u011fu, yerel kafelere ve el sanatlar\u0131 pazarlar\u0131na uluslararas\u0131 bir hava kat\u0131yor ve \u015fehre s\u00fcrekli bir hizmet ve olanak talebi a\u015f\u0131l\u0131yor.<\/p>\n<p>Tar\u0131m bir zamanlar Antigua halk\u0131n\u0131 ticaret kadar ayakta tutuyordu. \u00c7evredeki ovalar bol miktarda hasat veriyordu; m\u0131s\u0131r, fasulye ve meyve a\u011fa\u00e7lar\u0131, muazzam verimlili\u011fe sahip volkanik topraklarda geli\u015fiyordu. Kahve yeti\u015ftiricili\u011fi daha sonra bir nakit mahsul\u00fc olarak ortaya \u00e7\u0131kt\u0131 ve b\u00f6lgedeki fasulyeler ulusal kooperatif Anacaf\u00e9 taraf\u0131ndan de\u011ferli g\u00f6r\u00fcld\u00fc. Son y\u0131llarda, k\u00fc\u00e7\u00fck plantasyonlar ve kooperatifler hem kehribar renkli kahveler hem de fasulyeden fincana geleneklere dair i\u00e7g\u00f6r\u00fc arayan ziyaret\u00e7ilere hayranl\u0131k duyuyordu.<\/p>\n<p>Dil dalma programlar\u0131 \u015fehrin en belirgin teklifleri aras\u0131nda yer al\u0131yor. \u0130spanyolca \u00f6\u011frenme enstit\u00fcleri ekonominin ikincil bir tekstili gibi b\u00fcy\u00fcm\u00fc\u015f, Avrupa, Asya ve Kuzey Amerika&#039;dan \u00f6\u011frencilere ev sahipli\u011fi yap\u0131yor. S\u0131n\u0131flar, yerel pazarlar\u0131n u\u011fultusu aras\u0131nda e\u011fitmenlerin dil bilgisi al\u0131\u015ft\u0131rmalar\u0131 ve konu\u015fma prati\u011fi yapt\u0131\u011f\u0131 fayansl\u0131 avlulara ve \u00e7i\u00e7ekli begonvillere bak\u0131yor. Bir\u00e7ok ki\u015fi i\u00e7in Antigua, yaln\u0131zca Guatemala \u0130spanyolcas\u0131na de\u011fil, ayn\u0131 zamanda yerli k\u00fclt\u00fcr, s\u00f6m\u00fcrge miraslar\u0131 ve modern Orta Amerika&#039;y\u0131 olu\u015fturan katmanl\u0131 kimliklere dair bir anlay\u0131\u015fa da giri\u015f noktas\u0131 olarak hizmet ediyor.<\/p>\n<p>Mutfak se\u00e7enekleri hem bilindik hem de egzotiktir. Merkez otob\u00fcs istasyonunun biti\u015fi\u011findeki belediye pazar\u0131nda, sat\u0131c\u0131lar refried fasulye, k\u0131zarm\u0131\u015f yumurta, muz ve taze peynirden olu\u015fan chap\u00edn kahvalt\u0131lar\u0131 servis eder ve hepsine el yap\u0131m\u0131 tortillalar e\u015flik eder. Bu kalbin \u00f6tesinde, restoranlar Akdeniz tarz\u0131 tapaslar, ince hamurlu pizzalar, ramen kaseleri, hamburgerler ve \u0130ngiliz tarz\u0131 turtalar sunar. Pastac\u0131lar, vitrin \u0131\u015f\u0131klar\u0131n\u0131n alt\u0131nda s\u0131rlar\u0131 parlayan ekler ve kruvasanlar tasarlar. Bu sunumlar arac\u0131l\u0131\u011f\u0131yla, Antigua&#039;n\u0131n gastronomi sahnesi yerel gelenek ve k\u00fcresel etkinin bir araya gelmesini yans\u0131t\u0131r ve her tabak \u015fehrin geli\u015fen karakterinin bir mikrokozmosu olur.<\/p>\n<p>\u015eehrin sokak \u015febekesi, ba\u015flang\u0131\u00e7 \u200b\u200bnoktas\u0131 olan Parque Central&#039;dan, avenidas ve calles&#039;in pusula hizal\u0131 bir kafesinden uzan\u0131r. Birden sekize kadar numaraland\u0131r\u0131lm\u0131\u015f caddeler kuzey-g\u00fcney y\u00f6n\u00fcnde uzan\u0131r ve 5\u00aa Calle&#039;ye g\u00f6re enlemlerine g\u00f6re norte veya sur olarak belirtilir. Enine, birden dokuza kadar olan sokaklar do\u011fu-bat\u0131 y\u00f6n\u00fcnde uzan\u0131r ve 4\u00aa Avenida&#039;ya g\u00f6re boylamlar\u0131na g\u00f6re oriente veya poniente olarak tan\u0131mlan\u0131r. \u00c7o\u011fu k\u00f6\u015fede tabela yoktur ve bu da yeni gelenleri yerel tavsiyelere ba\u015fvurmaya veya y\u00fczy\u0131llard\u0131r s\u00fcren yaya trafi\u011fini yans\u0131tan d\u00fczensiz y\u00fczeyleri olan Arnavut kald\u0131r\u0131mlar\u0131 boyunca ama\u00e7s\u0131zca dola\u015fma riskine girmeye davet eder.<\/p>\n<p>Antigua&#039;n\u0131n s\u00f6m\u00fcrge d\u00f6nemi kal\u0131nt\u0131lar\u0131 en ilgi \u00e7ekici cazibeleri aras\u0131nda yer almaktad\u0131r. Manast\u0131rlar\u0131n ve belediye binalar\u0131n\u0131n iskelet kal\u0131nt\u0131lar\u0131 ilahi \u00f6zlem ve sismik y\u0131k\u0131m hikayelerini \u00e7a\u011fr\u0131\u015ft\u0131r\u0131r. 1773 depreminden sonra, yap\u0131lar 20. y\u00fczy\u0131l\u0131n ortalar\u0131ndaki koruma \u00e7abalar\u0131 onlar\u0131 bir kez daha eri\u015filebilir hale getirene kadar terk edilmi\u015f bir \u015fekilde kald\u0131. Bu alanlara giren ziyaret\u00e7iler, ta\u015f i\u015f\u00e7ili\u011finin katmanl\u0131 palimpsestleriyle kar\u015f\u0131la\u015f\u0131rlar - yar\u0131 kapal\u0131 kap\u0131lar, kemerli ancak desteksiz tonozlar ve depremin \u00f6fkesinden kurtulmu\u015f oyulmu\u015f ta\u015f izleri ta\u015f\u0131yan cepheler.<\/p>\n<p>Cephesi 1680&#039;den kalma San Jos\u00e9 Katedrali, Orta Amerika&#039;n\u0131n en g\u00f6rkemli Barok portallar\u0131ndan biri olarak varl\u0131\u011f\u0131n\u0131 s\u00fcrd\u00fcr\u00fcyor. Nefinin \u00e7o\u011fu titremeye yenik d\u00fc\u015ft\u00fc, ancak s\u00fcsl\u00fc \u00f6n cephe b\u00fcy\u00fck \u00f6l\u00e7\u00fcde sa\u011flam kald\u0131. On dokuzuncu y\u00fczy\u0131ldaki yeniden yap\u0131lanma, binan\u0131n dini i\u015flevlerini yeniden canland\u0131rmas\u0131n\u0131 sa\u011flad\u0131 ve kal\u0131nt\u0131lar\u0131 18. y\u00fczy\u0131l zanaatkarlar\u0131n\u0131n becerisine ve inanc\u0131na tan\u0131kl\u0131k ediyor. Yak\u0131nlardaki Colegio de San Jer\u00f3nimo, samimi \u00f6l\u00e7ekte bir tezat sunuyor - g\u00fcmr\u00fck evine d\u00f6n\u00fc\u015ft\u00fcr\u00fclmeden \u00f6nce Mercedarian rahiplerine ev sahipli\u011fi yapan, 1757&#039;de tamamlanan k\u0131sa \u00f6m\u00fcrl\u00fc bir okul. Zarif bir \u00e7e\u015fmenin merkezinde yer alan manast\u0131r bah\u00e7eleri, art\u0131k uzaktaki yanarda\u011f\u0131n manzaralar\u0131n\u0131 \u00e7er\u00e7eveleyen dans resitalleri ve k\u00fclt\u00fcrel festivaller i\u00e7in mekan olarak hizmet veriyor.<\/p>\n<p>Do\u011fuya do\u011fru, Convento de Capuchinas, bir zamanlar Zaragoza rahibelerinin ya\u015fad\u0131\u011f\u0131 sessiz h\u00fccreleri korur. Par\u00e7al\u0131 duvarlar, begonvillerin ve narenciye a\u011fa\u00e7lar\u0131n\u0131n geometrik yataklarda geli\u015fti\u011fi i\u00e7 bah\u00e7elere yol verir. Bir \u00e7at\u0131 teras\u0131na \u00e7\u0131kan ziyaret\u00e7iler, kiremitli \u00e7at\u0131lar\u0131n ve \u00e7evredeki yaylalar\u0131n panoramas\u0131n\u0131 g\u00f6r\u00fcr. K\u0131sa bir y\u00fcr\u00fcy\u00fc\u015fle, kal\u0131planm\u0131\u015f s\u0131va ile c\u00f6mert\u00e7e s\u00fcslenmi\u015f arka cephesi, Fransisken rahibelerin ayr\u0131nt\u0131l\u0131 zevkini yans\u0131tan Convento de Santa Clara&#039;ya var\u0131l\u0131r. Kemerlerinin alt\u0131nda, bir avlu bah\u00e7esi \u00f6\u011fleden sonra meditasyonu ve sessiz tefekk\u00fcr i\u00e7in \u0131\u015f\u0131k toplar.<\/p>\n<p>En \u00e7ok ziyaret edilen kilise kal\u0131nt\u0131lar\u0131 aras\u0131nda San Francisco el Grande yer al\u0131r. \u00c7ok kubbeli yap\u0131s\u0131, Guatemala&#039;n\u0131n ilk yerli azizi olan Hermano Pedro de San Jos\u00e9 Betancurt&#039;un kal\u0131nt\u0131lar\u0131n\u0131 bar\u0131nd\u0131r\u0131r. Depremden sonra k\u0131smen yeniden in\u015fa edilen kilise aktifli\u011fini s\u00fcrd\u00fcr\u00fcr ve azizin yoksullara hizmet etti\u011fi hayat\u0131na adanm\u0131\u015f m\u00fctevaz\u0131 bir m\u00fczeye ev sahipli\u011fi yapar. Birka\u00e7 blok bat\u0131da, La Recolecci\u00f3n&#039;un geni\u015f kompleksi otob\u00fcs dura\u011f\u0131na do\u011fru uzan\u0131r. Bir zamanlar Recollects manast\u0131r\u0131 olan yap\u0131, 1773&#039;teki Santa Marta depremi onu ma\u011farams\u0131 bir kabu\u011fa indirene kadar 1717 ve 1753&#039;te depremlere maruz kalm\u0131\u015ft\u0131r. Bah\u00e7elerine sessizlik hakimdir ve ziyaret\u00e7ilerin tefekk\u00fcrl\u00fc bir yaln\u0131zl\u0131k i\u00e7inde manast\u0131r y\u00fcr\u00fcy\u00fc\u015flerini izlemelerine olanak tan\u0131r.<\/p>\n<p>Kutsal Hafta Gelenekleri M\u00fczesi, statik panellerin ve video enstalasyonlar\u0131n\u0131n Antigua&#039;n\u0131n Oru\u00e7 alaylar\u0131n\u0131 anlatt\u0131\u011f\u0131 eski Sor Juana de Maldonado manast\u0131r\u0131nda yer almaktad\u0131r. 4\u00aa Calle Oriente&#039;de, Banco End\u00fcstriyel N\u00fcmizmatik M\u00fczesi, s\u00f6m\u00fcrge paralar\u0131n\u0131 ve modern \u00f6rnekleri sergileyen kompakt galerileriyle \u00fclkenin para tarihini sergilemektedir. Yak\u0131nlarda, ChocoMuseo, konuklar\u0131n\u0131 \u00e7ikolatay\u0131 yumu\u015fatmaya ve kakao yeti\u015ftiricili\u011fini \u00f6\u011frenmeye davet ediyor - fasulyeden \u00e7ikolataya - ve Museum Casa del Tejido Antiguo, y\u00fczy\u0131llar boyunca Maya dokuma tekniklerini, tezgahlardaki zanaatkarlar\u0131n\u0131 sat\u0131n al\u0131nabilecek tekstil \u00fcr\u00fcnleri sunarak g\u00f6steriyor. Meydan\u0131n g\u00fcneyinde, Museo Santiago de los Caballeros, s\u00f6m\u00fcrge kal\u0131nt\u0131lar\u0131n\u0131n yan\u0131nda \u0130spanyol \u00f6ncesi eserleri sergileyen eski Palacio de los Capitanes Generales&#039;i i\u015fgal ediyor.<\/p>\n<p>Tarihin bu \u00e7ok katmanl\u0131 katmanlar\u0131, s\u00f6m\u00fcrge kemerlerinin \u00e7a\u011fda\u015f banklarla bulu\u015ftu\u011fu ve seyyar sat\u0131c\u0131lar\u0131n jakaranda kanopilerinin alt\u0131nda kartpostallar satt\u0131\u011f\u0131 Parque Central&#039;da bir araya geliyor. Antigua&#039;n\u0131n ta\u015f ana yollar\u0131, Aztek esintili tasar\u0131mlar\u0131, \u0130spanyol barok s\u00fcslemelerini ve modern turizm odakl\u0131 ticareti birle\u015ftiren karma\u015f\u0131k bir zamansal katmanlama ta\u015f\u0131yor. Kasaban\u0131n anlat\u0131s\u0131 tek bir \u00e7a\u011fda de\u011fil, \u00e7a\u011flar boyunca ortaya \u00e7\u0131k\u0131yor; kal\u0131nt\u0131lar\u0131 ve yeniden yap\u0131lanmalar\u0131, nostalji olmadan ge\u00e7mi\u015fi onurland\u0131ran ya\u015fanm\u0131\u015f bir \u015fimdiki zamanda bir arada var oluyor.<\/p>\n<p>Her \u00e7atlak lentoda ve her g\u00fcn bat\u0131m\u0131nda ayd\u0131nlanan sokakta, Antigua Guatemala kendini s\u00fcrekli diyalog \u015fehri olarak ortaya koyuyor: \u00e7evre ile mimari aras\u0131nda, haf\u0131za ile yenilenme aras\u0131nda ve hac ile g\u00fcnl\u00fck ya\u015fam aras\u0131nda. Barok cepheleri ve yosun tutmu\u015f kal\u0131nt\u0131lar\u0131 h\u0131rs, inan\u00e7, \u00e7\u00f6k\u00fc\u015f ve yeniden do\u011fu\u015fun bir tarih\u00e7esini anlat\u0131yor. Arnavut kald\u0131r\u0131mlar\u0131nda dikkatli ad\u0131mlarla y\u00fcr\u00fcyen gezgin i\u00e7in \u015fehir, foto\u011fraflardan ve kartpostallardan daha fazlas\u0131n\u0131 sunuyor; her kemer ve avluya \u00f6r\u00fclm\u00fc\u015f, dinlemeye istekli olanlar taraf\u0131ndan ke\u015ffedilmeyi bekleyen n\u00fcansl\u0131 hikayeler sunuyor.<\/p>","protected":false},"excerpt":{"rendered":"<p>Antigua Guatemala, bazen Antigua veya La Antigua olarak da an\u0131l\u0131r, Guatemala&#039;n\u0131n merkezi yaylalar\u0131nda bulunan bir \u015fehirdir. Arnavut kald\u0131r\u0131ml\u0131 sokaklar\u0131 ve renkli s\u00f6m\u00fcrge mimarisiyle \u00f6ne \u00e7\u0131kan bu b\u00fcy\u00fcleyici \u015fehir, 1543&#039;ten 1773&#039;e kadar Guatemala Kaptanl\u0131\u011f\u0131&#039;n\u0131n ba\u015fkenti olarak hizmet vermi\u015ftir. \u015eehrin kapsaml\u0131 tarihi ve Barok etkisindeki mimarisi, 1979&#039;da UNESCO D\u00fcnya Miras\u0131 Alan\u0131 olarak sayg\u0131n bir ayr\u0131cal\u0131\u011fa kavu\u015fmas\u0131n\u0131 sa\u011flam\u0131\u015ft\u0131r.<\/p>","protected":false},"author":1,"featured_media":4137,"parent":9021,"menu_order":0,"comment_status":"closed","ping_status":"closed","template":"elementor_theme","meta":{"_eb_attr":"","footnotes":""},"class_list":["post-9044","page","type-page","status-publish","has-post-thumbnail"],"_links":{"self":[{"href":"https:\/\/travelshelper.com\/tr\/wp-json\/wp\/v2\/pages\/9044","targetHints":{"allow":["GET"]}}],"collection":[{"href":"https:\/\/travelshelper.com\/tr\/wp-json\/wp\/v2\/pages"}],"about":[{"href":"https:\/\/travelshelper.com\/tr\/wp-json\/wp\/v2\/types\/page"}],"author":[{"embeddable":true,"href":"https:\/\/travelshelper.com\/tr\/wp-json\/wp\/v2\/users\/1"}],"replies":[{"embeddable":true,"href":"https:\/\/travelshelper.com\/tr\/wp-json\/wp\/v2\/comments?post=9044"}],"version-history":[{"count":0,"href":"https:\/\/travelshelper.com\/tr\/wp-json\/wp\/v2\/pages\/9044\/revisions"}],"up":[{"embeddable":true,"href":"https:\/\/travelshelper.com\/tr\/wp-json\/wp\/v2\/pages\/9021"}],"wp:featuredmedia":[{"embeddable":true,"href":"https:\/\/travelshelper.com\/tr\/wp-json\/wp\/v2\/media\/4137"}],"wp:attachment":[{"href":"https:\/\/travelshelper.com\/tr\/wp-json\/wp\/v2\/media?parent=9044"}],"curies":[{"name":"wp","href":"https:\/\/api.w.org\/{rel}","templated":true}]}}