{"id":9038,"date":"2024-09-06T23:20:14","date_gmt":"2024-09-06T23:20:14","guid":{"rendered":"https:\/\/travelshelper.com\/staging\/?page_id=9038"},"modified":"2026-03-13T16:26:37","modified_gmt":"2026-03-13T16:26:37","slug":"guatemala-sehri","status":"publish","type":"page","link":"https:\/\/travelshelper.com\/tr\/destinations\/north-america\/guatemala\/guatemala-city\/","title":{"rendered":"Guatemala \u015eehri"},"content":{"rendered":"<p>Guatemala \u015eehri, Hermitage Vadisi&#039;nin ortas\u0131nda yer al\u0131r, \u00fc\u00e7 milyon sakini g\u00fcney-orta Guatemala&#039;da da\u011flarla oyulmu\u015f bir alana yay\u0131lm\u0131\u015ft\u0131r; Orta Amerika&#039;n\u0131n en b\u00fcy\u00fck kentsel y\u0131\u011f\u0131lmas\u0131 olarak s\u0131ralan\u0131r. S\u00f6m\u00fcrgeci \u00f6nc\u00fcs\u00fc Antigua&#039;n\u0131n y\u0131k\u0131lmas\u0131ndan sonra 1776&#039;da Sierra Madre&#039;nin eteklerinde kurulan \u015fehir, Maya ihti\u015fam\u0131ndan modern yeniden icatlara kadar olan d\u00f6nemlere sessizce tan\u0131kl\u0131k eder. \u00dclkenin siyasi \u00e7ekirde\u011fi, ekonomik motoru ve k\u00fclt\u00fcrel ba\u011flant\u0131s\u0131 olarak hizmet eder; atalar\u0131n\u0131n yank\u0131lar\u0131 ve metropol h\u0131rs\u0131yla atan bir varl\u0131kt\u0131r. Da\u011fl\u0131k hava ve beklenmedik s\u0131cakl\u0131\u011f\u0131n oldu\u011fu bir yer. Dayan\u0131kl\u0131l\u0131kla tan\u0131mlanan bir ba\u015fkent.<\/p>\n<p>\u0130spanyol istilalar\u0131ndan \u00e7ok \u00f6nce, y\u00fcksek havzada M\u00d6 1500&#039;den MS 1200&#039;e kadar Maya yerle\u015fim yeri olan Kaminaljuyu vard\u0131. Toprak i\u015fleri, h\u00f6y\u00fckler ve t\u00f6ren meydanlar\u0131 bir zamanlar burada ceiba ve ceiba&#039;n\u0131n g\u00f6lgesinde y\u00fckseliyordu; ticaret yollar\u0131 platoyu a\u015f\u0131yor ve egzotik deniz kabuklar\u0131 ve ye\u015fim ta\u015flar\u0131n\u0131 yaylan\u0131n kalbine g\u00f6nderiyordu. Ta\u015f platformlar\u0131 ve su i\u015fleriyle Kaminaljuyu, Yayla Maya ya\u015fam\u0131n\u0131n bir dayanak noktas\u0131 haline geldi; karma\u015f\u0131k y\u00f6netimin, rit\u00fcel kesinli\u011fin ve uzak diyarlarla i\u00e7 i\u00e7e ge\u00e7mi\u015f bir ekonominin kan\u0131t\u0131. Bug\u00fcn, 7 ve 11. B\u00f6lgelerin asfalt\u0131 ve neonunun alt\u0131nda, arkeolojik kaz\u0131lar kaybolan o \u015fehrin par\u00e7alar\u0131n\u0131 ortaya \u00e7\u0131kard\u0131 ve ziyaret\u00e7ileri asfalt\u0131n ve modern ticaretin alt\u0131nda g\u00f6m\u00fcl\u00fc insan \u00e7abas\u0131n\u0131n katmanlar\u0131n\u0131 d\u00fc\u015f\u00fcnmeye davet etti.<\/p>\n<p>Mevcut Guatemala \u015eehri&#039;nin \u0130spanyol kurulu\u015fu felaketin ard\u0131ndan ortaya \u00e7\u0131kt\u0131. Temmuz 1773&#039;te, Santa Marta sismik olay\u0131 ve sars\u0131nt\u0131lar\u0131 o zamanlar Antigua Guatemala olarak bilinen ba\u015fkenti y\u0131kt\u0131 ve s\u00f6m\u00fcrge yetkililerini daha g\u00fcvenli bir yer aramaya zorlad\u0131. O y\u0131l\u0131n Aral\u0131k ay\u0131nda, planlamac\u0131lar geni\u015f vadiye bakt\u0131lar ve Ayd\u0131nlanma \u00c7a\u011f\u0131 d\u00fczen ideallerinden esinlenen do\u011frusal sokaklar \u00e7izdiler - Paris emsallerinden ve Washington, DC&#039;nin yeni tasarlanan caddelerinden esinlenen bir kentsel \u015febeke. Kerpi\u00e7 evler ve kilise yap\u0131lar\u0131, daha sonra kendi yapt\u0131klar\u0131 depremlere yenik d\u00fc\u015fecek olan revaklar\u0131, kiremitli \u00e7at\u0131lar\u0131 ve avlular\u0131yla k\u00fcllerinden y\u00fckseldi.<\/p>\n<p>Modernli\u011fin e\u015fi\u011finde, Eyl\u00fcl 1821 bir ayd\u0131nlanma an\u0131 getirdi. Bu \u015fehrin s\u0131n\u0131rlar\u0131 i\u00e7inde, se\u00e7kin delegeler Orta Amerika Ba\u011f\u0131ms\u0131zl\u0131k Yasas\u0131&#039;na m\u00fch\u00fcrlerini basarak \u0130spanya tac\u0131yla ba\u011flar\u0131n\u0131 kopard\u0131lar. O y\u0131l\u0131n 15 Eyl\u00fcl&#039;\u00fcnde, trompet sesleri ve katedral \u00e7anlar\u0131 aras\u0131nda, Dias Patrios ba\u015flad\u0131; hala sivil ihti\u015fam ve ciddiyetle kutlanan bir rit\u00fcel anma t\u00f6reni. Guatemala \u015eehri daha sonra, k\u0131sta\u011f\u0131 birle\u015ftirmeyi ama\u00e7layan ge\u00e7ici bir federasyon olan Orta Amerika Birle\u015fik Eyaletleri&#039;nin kalbi oldu. Giri\u015fim b\u00f6lgesel rekabetler aras\u0131nda sekteye u\u011frad\u0131 ve A\u011fustos 1847&#039;de Guatemala bir cumhuriyet olarak egemenli\u011fini ilan etti. O andan itibaren \u015fehir, ulusal ba\u015fkent olarak \u00fcst\u00fcnl\u00fc\u011f\u00fcn\u00fc iddia etti.<\/p>\n<p>1917-18&#039;deki b\u00fcy\u00fck depremler sokaklarda ve meydanlarda ayn\u0131 y\u0131k\u0131ma yol a\u00e7t\u0131. Aylar boyunca art\u00e7\u0131 sars\u0131nt\u0131lar vadide yank\u0131land\u0131, cepheler devrildi ve temeller \u00e7atlad\u0131. Yeniden yap\u0131lanma ay\u0131k bir pragmatizmle ilerledi: bulvarlar geni\u015fletildi, duvarc\u0131l\u0131k teknikleri geli\u015ftirildi ve bina \u00e7ekme mesafeleri zorunlu hale getirildi. Sonraki on y\u0131llarda, \u015febeke plan\u0131 f\u0131rsattan yararlanan k\u0131rsal g\u00f6\u00e7men dalgalar\u0131na ev sahipli\u011fi yaparak marjinal tepelere ve eski kahve plantasyonlar\u0131na do\u011fru geni\u015fledi. Bu yeni gelenler \u015fehrin profilini yeniden \u015fekillendirdi: y\u00fcksek katl\u0131 ofisleri favelalarla, atalardan kalma dilleri \u0130spanyolca esintili argo ile birle\u015ftiren bir kentsel yay\u0131lma.<\/p>\n<p>\u0130klimsel olarak \u015fehir, tropikal enlemine meydan okuyor. Deniz seviyesinden yakla\u015f\u0131k 1.500 metre y\u00fckseklikte konumlanan \u015fehirde neredeyse sonsuz bir bahar ya\u015fan\u0131yor. G\u00fcnd\u00fcz s\u0131cakl\u0131klar\u0131 22 \u00b0C ile 28 \u00b0C aras\u0131nda de\u011fi\u015fiyor; geceleri ise 12 \u00b0C ile 17 \u00b0C aras\u0131nda serinliyor. Nem, sabah\u0131n neredeyse doygunluk seviyesinden ak\u015fama do\u011fru konforlu seviyelere d\u00fc\u015f\u00fcyor ve r\u00fczgarlar genellikle meydanlar\u0131 s\u00fcp\u00fcrerek s\u0131cakl\u0131\u011f\u0131 uzak tutuyor. Kas\u0131m ay\u0131ndan Nisan ay\u0131na kadar kurak mevsim hakim oluyor ve Nisan ay\u0131nda en y\u00fcksek termometreler g\u00f6r\u00fcl\u00fcyor. Ya\u011fmur, May\u0131s ay\u0131ndan Ekim ay\u0131na kadar ciddi bir \u015fekilde ya\u011f\u0131yor ve \u015fehrin ritmini Karayip k\u0131y\u0131lar\u0131nda dola\u015fan Atlantik f\u0131rt\u0131nalar\u0131na ba\u011fl\u0131yor.<\/p>\n<p>Bug\u00fcn\u00fcn demografik mozai\u011fi y\u00fczy\u0131llar s\u00fcren yerinden edilmeleri, birle\u015fmeleri ve g\u00f6\u00e7leri yans\u0131t\u0131yor. \u00c7o\u011funlu\u011fu mestizo ve \u0130spanyol k\u00f6kenli aileler olu\u015fturuyor, gelenekleri medeni t\u00f6renlere ve \u00f6zel ayinlere i\u015flenmi\u015f. Ayn\u0131 zamanda, Guatemala&#039;n\u0131n 23 Maya grubunun neredeyse her birinin dilinin hala yank\u0131land\u0131\u011f\u0131 bir \u00e7eyre\u011fi var\u2014bunlar\u0131n aras\u0131nda K&#039;iche&#039;, Kaqchikel, Mam ve Q&#039;eqchi&#039; var. Sokak sat\u0131c\u0131lar\u0131 Mam&#039;da pazarl\u0131k ediyor; mahalle rahipleri K&#039;iche&#039;de vaaz veriyor. K\u00fc\u00e7\u00fck bir gurbet\u00e7i diasporas\u0131\u2014diplomatlar, giri\u015fimciler, yard\u0131m g\u00f6revlileri\u2014\u015fehrin \u00e7ok dilli karakterine daha fazla n\u00fcans kat\u0131yor, ancak bunlar n\u00fcfusun dokusunun yaln\u0131zca bir k\u0131sm\u0131n\u0131 olu\u015fturuyor.<\/p>\n<p>Parque Central&#039;daki pazar g\u00fcnleri bu halklar\u0131n bir araya geli\u015fine tan\u0131kl\u0131k ediyor. Ak\u015fam \u00e7\u00f6kerken, aileler 1. ve 4. B\u00f6lgelerdeki Plaza de la Constituci\u00f3n&#039;a do\u011fru s\u00fcr\u00fckleniyor, \u00e7ocuklar me\u015fale \u0131\u015f\u0131\u011f\u0131 alt\u0131nda g\u00fcvercinleri koval\u0131yor, ya\u015fl\u0131lar motorlu ta\u015f\u0131tlardan \u00f6nceki d\u00f6nemleri an\u0131msatan banklar aras\u0131nda s\u00fcr\u00fckleniyor. Katedralin barok cephesi n\u00f6bet tutuyor; Ulusal Saray alacakaranl\u0131kta koyu sar\u0131 renkte parl\u0131yor. Y\u00fczlerce ki\u015fi toplan\u0131yor, sohbetleri Maya heceleriyle i\u00e7 i\u00e7e ge\u00e7mi\u015f \u0130spanyolca yumu\u015fak bir m\u0131r\u0131lt\u0131. Sat\u0131c\u0131lar marquesita ve atol (m\u0131s\u0131r bazl\u0131 tatl\u0131lar) sunarken sokak m\u00fczisyenleri geleneksel sone&#039;ler i\u00e7in gitarlar\u0131n\u0131 ayarl\u0131yor. \u015eehrin mirasa olan \u0131srarl\u0131 sayg\u0131s\u0131n\u0131 \u00f6zetleyen toplumsal bir sanat an\u0131.<\/p>\n<p>Dini mimari, inan\u00e7 ve fetih katmanlar\u0131na dair daha fazla tan\u0131kl\u0131k sunar. Cerrito del Carmen tepesinde, beyaz bir \u015fapel, hem bakirelere hem de \u015fehitlere adanm\u0131\u015f ni\u015fleri ve vitray an\u0131tlar\u0131yla, yay\u0131lmaya bakmaktad\u0131r. 1. B\u00f6lge&#039;de, Catedral Metropolitana de Santiago de Guatemala, 1815&#039;teki kutsamas\u0131n\u0131n ard\u0131ndan kurulan tonozlu tavanlar\u0131n ve yald\u0131zl\u0131 sunaklar\u0131n alt\u0131na sad\u0131k olanlar\u0131 \u00e7eker. Calvario&#039;nun ha\u00e7 istasyonlar\u0131ndan Iglesia de Santo Domingo&#039;nun ince kulelerine, Yurrita&#039;n\u0131n sar\u0131 surlar\u0131na ve La Merced&#039;in g\u00f6steri\u015fli barok tarz\u0131na kadar, her kutsal alan \u015fehrin kutsal co\u011frafyas\u0131nda bir b\u00f6l\u00fcm\u00fc \u00f6ne \u00e7\u0131kar\u0131r.<\/p>\n<p>Sanat ve haf\u0131za m\u00fcze duvarlar\u0131 i\u00e7inde bir arada ya\u015far. Bir zamanlar y\u00fcr\u00fctme g\u00fcc\u00fcn\u00fcn merkezi olan Ulusal K\u00fclt\u00fcr Saray\u0131, her \u00e7eyrek saatte bir rehberli turlarla freskleri ve b\u00fcy\u00fck salonlar\u0131 ortaya \u00e7\u0131kar\u0131r. \u0130\u00e7 avlusunda g\u00fcl tutan bir heykel i\u00e7 sava\u015f\u0131n sonunu anmaktad\u0131r. Yak\u0131nlarda, Minerva Park&#039;taki Mapa en Relieve, Guatemala&#039;n\u0131n \u00e7e\u015fitli arazisinin \u00fc\u00e7 boyutlu bir tasvirini sunar; hava g\u00f6r\u00fcnt\u00fcleri hen\u00fcz mevcut olmadan \u00f6nce 1904&#039;te oyulmu\u015f muazzam bir r\u00f6lyef. Volkanik konileri ve boyal\u0131 s\u0131vada donmu\u015f nehir vadilerini takdir etmek i\u00e7in g\u00f6zlem kulesine t\u0131rman\u0131n.<\/p>\n<p>Hayvanat bah\u00e7esi merakl\u0131lar\u0131 ve do\u011fa bilimciler, \u00f6t\u00fcc\u00fc ku\u015flar\u0131n g\u00f6lgeliklerde u\u00e7u\u015ftu\u011fu ve jaguar sergilerinin vah\u015fi k\u00f6kenlere i\u015faret etti\u011fi La Aurora Hayvanat Bah\u00e7esi&#039;nde s\u0131\u011f\u0131nak buluyor. Botanik\u00e7iler, Guatemala&#039;n\u0131n ilk botanik bah\u00e7esi olan B\u00f6lge 10&#039;daki Jardines Bot\u00e1nico&#039;da, Do\u011fa Tarihi M\u00fczesi taraf\u0131ndan kataloglanan orkideler, y\u00fcksek helikonyalar ve t\u0131bbi bitkiler aras\u0131nda dola\u015f\u0131yor. Her t\u00fcr, s\u00f6m\u00fcrge taksonomisinden \u00f6nceki ekolojik bir s\u00fcreklili\u011fi \u00e7a\u011fr\u0131\u015ft\u0131ran, \u0130spanyol \u00f6ncesi kullan\u0131mlara at\u0131fta bulunan bir etiket ta\u015f\u0131yor.<\/p>\n<p>Antik ta\u015flar kentsel s\u0131n\u0131rlar i\u00e7inde \u00e7a\u011fr\u0131da bulunur. 7. B\u00f6lge&#039;deki Kaminal Juyu Parque Arqueol\u00f3gico&#039;da, rehberli turlar\u0131n \u015fehrin Maya miras\u0131n\u0131 ortaya \u00e7\u0131kard\u0131\u011f\u0131 bak\u0131ml\u0131 \u00e7imenliklerden h\u00f6y\u00fckler ve oyulmu\u015f steller y\u00fckselir. Bu alan, bir\u00e7ok y\u00f6nden, yeralt\u0131 kaz\u0131lar\u0131n\u0131n rit\u00fcel ye\u015fim ve \u00e7anak \u00e7\u00f6mlek par\u00e7alar\u0131n\u0131n sakland\u0131\u011f\u0131 meydanlar\u0131 ortaya \u00e7\u0131kard\u0131\u011f\u0131 Zona 11&#039;in sokaklar\u0131n\u0131n alt\u0131ndaki g\u00f6m\u00fcl\u00fc benzeriyle paralellik g\u00f6sterir.<\/p>\n<p>Sanat galerileri ve k\u00fclt\u00fcr merkezleri ba\u015fkentin dokusunu daha da zenginle\u015ftiriyor. 7. Cadde&#039;deki Ulusal Arkeoloji ve Etnoloji M\u00fczesi, bir zamanlar yayla kral\u0131n\u0131 s\u00fcsleyen z\u00fcmr\u00fctlerle s\u00fcsl\u00fc bir eser olan efsanevi Tikal maskesini koruyor. Birka\u00e7 blok \u00f6tede, Museo Nacional de Arte Moderno \u201cCarlos M\u00e9rida\u201d \u00e7a\u011fda\u015f tuvalleri arkeolojik par\u00e7alarla yan yana getiriyor. Universidad Francisco Marroqu\u00edn&#039;in s\u0131n\u0131rlar\u0131 i\u00e7inde, Ixchel Yerli Tekstil ve Giyim M\u00fczesi, \u0130spanyolca ve \u0130ngilizce a\u00e7\u0131klamalar e\u015fli\u011finde atalar\u0131n\u0131n ikonografisiyle i\u015flenmi\u015f huipilleri ve \u00f6zenle se\u00e7ilmi\u015f bir el yap\u0131m\u0131 tekstil d\u00fckkan\u0131n\u0131 sergiliyor. Kamp\u00fcs\u00fcn kar\u015f\u0131s\u0131nda, galerileri \u0130spanyol \u00f6ncesi antikalar\u0131 ve s\u00f6m\u00fcrge kal\u0131nt\u0131lar\u0131n\u0131 kapsayan Popol Vuh M\u00fczesi bulunuyor ve herhangi bir k\u00fclt\u00fcrel d\u00f6nemi a\u015fan bir anlat\u0131 sunuyor.<\/p>\n<p>Daha uzakta, ancak tamamen \u015fehir s\u0131n\u0131rlar\u0131 i\u00e7inde, B\u00f6lge 11&#039;deki Miraflores M\u00fczesi, seramik ve obsidiyen b\u0131\u00e7aklar\u0131 sergileyen Kaminaljuyu&#039;nun yeniden ke\u015ffedilen b\u00f6lgelerine odaklan\u0131yor. B\u00f6lge 6&#039;da, Museo Carlos F. Novella, yeniden i\u015flevlendirilen bir end\u00fcstriyel kompleks i\u00e7inde yer alan \u00e7imento end\u00fcstrisinin y\u00fckseli\u015fini izliyor. Hatta demiryolu tarihi bile, buharl\u0131 lokomotiflerin y\u00fcksek kul\u00fcbelerin alt\u0131nda dinlendi\u011fi ve kond\u00fckt\u00f6r rozetlerinin sergilendi\u011fi FEGUA Demiryolu M\u00fczesi&#039;nde sesini buluyor.<\/p>\n<p>Rekreasyonel giri\u015fimler in\u015fa edilmi\u015f \u00e7evrelerin \u00f6tesine do\u011fru y\u00fckseliyor. Macerac\u0131lar Agua ve Pacaya yanarda\u011flar\u0131n\u0131n yama\u00e7lar\u0131na t\u0131rman\u0131yor, her biri vadi ve Atitl\u00e1n G\u00f6l\u00fc&#039;n\u00fcn manzaralar\u0131yla \u00f6d\u00fcllendirilen bir dayan\u0131kl\u0131l\u0131k ve y\u00fckseklik testine kat\u0131l\u0131yor. Su tutkunlar\u0131 Atitl\u00e1n&#039;\u0131n esintilerine do\u011fru bat\u0131ya do\u011fru y\u00f6neliyor - volkanlarla \u00e7evrili adac\u0131klar ve yol kenar\u0131 k\u00f6yleri aras\u0131nda r\u00fczgar s\u00f6rf\u00fc ve kano. Daha da yak\u0131nda, belediye havuzlar\u0131 ve k\u0131r kul\u00fcb\u00fc tesisleri y\u00fcz\u00fcc\u00fcleri ve g\u00fcne\u015f tapanlar\u0131n\u0131 hafta sonu dinlenmeye davet ediyor.<\/p>\n<p>Yayalara ayr\u0131lm\u0131\u015f sokaklar\u0131n galeriler, el yap\u0131m\u0131 bira fabrikalar\u0131, f\u00fczyon lokantalar\u0131 ve canl\u0131 m\u00fczik mekanlar\u0131yla dolu oldu\u011fu 4 Grados Norte ve Zona Viva&#039;da gece vakti yakla\u015f\u0131yor. Burada \u015fehrin gen\u00e7lik nabz\u0131 h\u0131zlan\u0131yor: caz \u00fc\u00e7l\u00fcleri tonozlu bodrumlarda performans sergiliyor, DJ&#039;ler \u00e7at\u0131 barlar\u0131n\u0131n tepesinde elektronik setler d\u00fczenliyor. Bu kozmopolit enerjinin ortas\u0131nda, k\u00fclt\u00fcrel merkezlerde geleneksel danslar ortaya \u00e7\u0131k\u0131yor ve halk miras\u0131n\u0131n avangard\u0131 etkilemeye devam etmesini sa\u011fl\u0131yor.<\/p>\n<p>\u015eehrin alt ak\u0131nt\u0131s\u0131nda El Cadejo ve La Llorona efsaneleri dola\u015f\u0131yor, hayaletler Arnavut kald\u0131r\u0131ml\u0131 sokaklarda ve barrio a\u011f\u0131tlar\u0131nda f\u0131s\u0131ld\u0131yor. Ebeveynler \u00e7ocuklar\u0131n\u0131 kaderin el\u00e7ileri olan hayalet k\u00f6peklerin hikayeleriyle ve kay\u0131p yavrular\u0131n\u0131 \u00f6zleyen kad\u0131nlar\u0131n h\u00fcz\u00fcnl\u00fc \u00e7\u0131\u011fl\u0131klar\u0131yla susturuyor. Bu mitler kentsel alan\u0131 k\u0131rsal geleneklere ba\u011fl\u0131yor ve sakinlere ge\u00e7mi\u015f ile \u015fimdiki zaman aras\u0131ndaki s\u0131n\u0131r\u0131n ge\u00e7irgen oldu\u011funu hat\u0131rlat\u0131yor.<\/p>\n<p>Guatemala \u015eehri, g\u00fcnd\u00fcz ve gece, cumhuriyetin operasyonel kalbi olarak i\u015flev g\u00f6r\u00fcr. Otob\u00fcsler ve tuk-tuk&#039;lar, Antigua, Cob\u00e1n veya Pasifik k\u0131y\u0131s\u0131na giden otob\u00fcs terminallerinde bir araya gelir. B\u00fcy\u00fckel\u00e7iliklerde ve konsolosluklarda, diplomatlar ticaret anla\u015fmalar\u0131 m\u00fczakere eder; STK&#039;larda, kalk\u0131nma planlar\u0131 ortaya \u00e7\u0131kar; \u015firket kulelerinde, i\u015flemler b\u00f6lgesel servetleri belirler. Ana yollar\u0131ndan kahve, tekstil, telekom\u00fcnikasyon ticareti ge\u00e7er; bunlar, ulusal \u00f6zlemi demirleyen bir \u015fehrin g\u00f6stergeleridir.<\/p>\n<p>Binlerce y\u0131ll\u0131k insan \u00e7abas\u0131yla dolu ancak \u00e7alkant\u0131lar\u0131n izleriyle dolu Guatemala \u015eehri, evrimle\u015fen bir mozaik olarak varl\u0131\u011f\u0131n\u0131 s\u00fcrd\u00fcr\u00fcyor. Caddeleri s\u00f6m\u00fcrge vizyonlar\u0131n\u0131 ve sismik yeniden do\u011fu\u015flar\u0131 tasvir ediyor; meydanlar\u0131 sivil rit\u00fcellere ve pop\u00fcler kutlamalara ev sahipli\u011fi yap\u0131yor; m\u00fczeleri ve parklar\u0131 zaman\u0131n par\u00e7alar\u0131n\u0131 koruyor. \u0130spanyolcadan K&#039;iche&#039;ye kadar diller aras\u0131nda, ba\u015fkent payla\u015f\u0131lan bir miras\u0131 dile getiriyor. Vadilerinin i\u00e7inde, ufuk \u00e7izgilerinin alt\u0131nda ya\u015fayan bir anlat\u0131 varl\u0131\u011f\u0131n\u0131 s\u00fcrd\u00fcr\u00fcyor; adaptasyonla, haf\u0131zayla ve onu her g\u00fcn yeniden \u015fekillendiren bir halk\u0131n co\u015fkulu ritmiyle tan\u0131mlanan bir anlat\u0131.<\/p>","protected":false},"excerpt":{"rendered":"<p>Guatemala \u015eehri (\u0130spanyolca: Ciudad de Guatemala), bazen Guate olarak da an\u0131l\u0131r, Guatemala&#039;n\u0131n ba\u015fkenti ve en kalabal\u0131k \u015fehridir. Guatemala Departman\u0131&#039;n\u0131n belediye merkezi olarak hizmet verir ve Orta Amerika&#039;n\u0131n en kalabal\u0131k kentsel b\u00f6lgesidir. \u015eehir, \u00fclkenin g\u00fcney-orta b\u00f6lgesinde, Valle de la Ermita olarak bilinen bir da\u011f vadisinde yer almaktad\u0131r.<\/p>","protected":false},"author":1,"featured_media":3887,"parent":9021,"menu_order":0,"comment_status":"closed","ping_status":"closed","template":"elementor_theme","meta":{"_eb_attr":"","footnotes":""},"class_list":["post-9038","page","type-page","status-publish","has-post-thumbnail"],"_links":{"self":[{"href":"https:\/\/travelshelper.com\/tr\/wp-json\/wp\/v2\/pages\/9038","targetHints":{"allow":["GET"]}}],"collection":[{"href":"https:\/\/travelshelper.com\/tr\/wp-json\/wp\/v2\/pages"}],"about":[{"href":"https:\/\/travelshelper.com\/tr\/wp-json\/wp\/v2\/types\/page"}],"author":[{"embeddable":true,"href":"https:\/\/travelshelper.com\/tr\/wp-json\/wp\/v2\/users\/1"}],"replies":[{"embeddable":true,"href":"https:\/\/travelshelper.com\/tr\/wp-json\/wp\/v2\/comments?post=9038"}],"version-history":[{"count":0,"href":"https:\/\/travelshelper.com\/tr\/wp-json\/wp\/v2\/pages\/9038\/revisions"}],"up":[{"embeddable":true,"href":"https:\/\/travelshelper.com\/tr\/wp-json\/wp\/v2\/pages\/9021"}],"wp:featuredmedia":[{"embeddable":true,"href":"https:\/\/travelshelper.com\/tr\/wp-json\/wp\/v2\/media\/3887"}],"wp:attachment":[{"href":"https:\/\/travelshelper.com\/tr\/wp-json\/wp\/v2\/media?parent=9038"}],"curies":[{"name":"wp","href":"https:\/\/api.w.org\/{rel}","templated":true}]}}