{"id":9032,"date":"2024-09-06T23:13:17","date_gmt":"2024-09-06T23:13:17","guid":{"rendered":"https:\/\/travelshelper.com\/staging\/?page_id=9032"},"modified":"2026-03-13T16:45:59","modified_gmt":"2026-03-13T16:45:59","slug":"quetzaltenango","status":"publish","type":"page","link":"https:\/\/travelshelper.com\/tr\/destinations\/north-america\/guatemala\/quetzaltenango\/","title":{"rendered":"Quetzaltenango"},"content":{"rendered":"<p>Bat\u0131 Guatemala yaylalar\u0131ndan m\u00fctevaz\u0131 bir ihti\u015famla ortaya \u00e7\u0131kan Quetzaltenango, deniz seviyesinden 2.330 metre y\u00fckseklikteki en al\u00e7ak noktas\u0131nda bir da\u011f havzas\u0131n\u0131 i\u015fgal eder ve kentsel yay\u0131l\u0131m\u0131 i\u00e7inde 2.400 metreye kadar ula\u015f\u0131r. 2018 itibar\u0131yla, Salcaj\u00e1, Cantel, Almolonga ve alt\u0131 belediye ile \u00e7evrili, 122 km\u00b2&#039;lik \u00e7e\u015fitli arazide 180.706 sakini bar\u0131nd\u0131rmaktad\u0131r. Maya atalar\u0131 taraf\u0131ndan Xelaj\u00fa ve modern sakinleri taraf\u0131ndan g\u00fcnl\u00fck dilde Xela olarak bilinen \u015fehir, Kolomb \u00f6ncesi miras\u0131n, s\u00f6m\u00fcrge miras\u0131n\u0131n ve yirmi birinci y\u00fczy\u0131l canlanmas\u0131n\u0131n karma\u015f\u0131k bir dokusunu birbirine ba\u011flar. S\u0131cak \u00f6\u011fle saatlerinin h\u0131zla serin ak\u015famlara d\u00f6n\u00fc\u015ft\u00fc\u011f\u00fc bir subtropikal yayla iklimine dayan\u0131r; uzun zamand\u0131r \u00e7ift\u00e7iyi, t\u00fcccar\u0131 ve hac\u0131lar\u0131 kendine \u00e7eken bir vadi boyunca uzan\u0131r. Antik otoritenin ve \u00e7a\u011fda\u015f canl\u0131l\u0131\u011f\u0131n be\u015fi\u011fi olan bu kentte Quetzaltenango, hem b\u00fcy\u00fckl\u00fck hem de kal\u0131c\u0131 k\u00fclt\u00fcrel \u00f6nem a\u00e7\u0131s\u0131ndan Guatemala&#039;n\u0131n ikinci \u015fehri olma iddias\u0131n\u0131 ortaya koyuyor.<\/p>\n<p>Quetzaltenango&#039;nun k\u00f6kenleri, \u0130spanyol yelkenlerinin uzak k\u0131y\u0131larda belirmesinden \u00e7ok \u00f6nce yerel toplumun hatlar\u0131n\u0131 \u015fekillendiren Kulah\u00e1 adl\u0131 Mam y\u00f6netimine dayan\u0131r. Orada, Volc\u00e1n Santa Mar\u00eda&#039;n\u0131n ete\u011findeki yeni yerle\u015fim yerlerinin ortas\u0131nda, erken bir Maya y\u00f6netim merkezi ortaya \u00e7\u0131kt\u0131. Daha sonra, K\u02bciche\u02bc lordlar\u0131 Mam&#039;\u0131 yerinden etti ve Xelaj\u00fa&#039;yu yeniden kurarak onu al\u00e7ak mezralardan varl\u0131\u011f\u0131n\u0131 s\u00fcrd\u00fcrd\u00fc\u011f\u00fc y\u00fcksek ovalara ta\u015f\u0131d\u0131. Hern\u00e1n Cort\u00e9s&#039;in te\u011fmenleri ve Nahua m\u00fcttefikleri 1500&#039;lerin ba\u015flar\u0131nda yaylalara do\u011fru ilerlemeden \u00f6nce \u00fc\u00e7 y\u00fczy\u0131l ge\u00e7ti. Yerli Nahualar yerle\u015fime Quetzaltenango - &#034;quetzal ku\u015funun yeri&#034; - ad\u0131n\u0131 verdiler ve \u0130spanyollar, Nahua ve Avrupa isimlendirmesini birle\u015ftirerek bu ad\u0131 korudular. Bug\u00fcn bile, resmi belgeler Quetzaltenango&#039;dan bahsederken g\u00fcnl\u00fck konu\u015fmalar uzak bir Maya d\u00fcnyas\u0131n\u0131n dilsel yank\u0131s\u0131 olan eski Xela&#039;y\u0131 tercih ediyor.<\/p>\n<p>\u0130spanyol s\u00f6m\u00fcrge y\u00f6netimi alt\u0131nda Quetzaltenango, Bat\u0131 Yaylalar\u0131&#039;n\u0131n idari ba\u015fkenti olarak hizmet etti ve bu rol, 1820&#039;lerde ba\u011f\u0131ms\u0131zl\u0131k hareketlerinin patlak vermesine kadar b\u00f6lgenin siyasi ekonomisini demirledi. \u0130spanya&#039;dan kurtulu\u015fun huzursuz sonu\u00e7lar\u0131 aras\u0131nda, yerel se\u00e7kinler b\u00f6lgesel \u00f6zerkli\u011fi g\u00fcvence alt\u0131na almaya \u00e7al\u0131\u015ft\u0131 ve Quetzaltenango&#039;nun d\u00fcmeninde ge\u00e7ici Los Altos devletini kurdu. Bu siyasi yap\u0131, Bat\u0131 Guatemala&#039;dan g\u00fcn\u00fcm\u00fcz Chiapas&#039;\u0131n\u0131n baz\u0131 k\u0131s\u0131mlar\u0131na kadar uzan\u0131yordu; 1839 ve 1840 y\u0131llar\u0131 aras\u0131nda General Rafael Carrera&#039;n\u0131n g\u00fc\u00e7lerine d\u00fc\u015ft\u00fc; yerel halk aras\u0131nda \u015fiddeti ve Los Altos liderlerinin as\u0131lmas\u0131yla hat\u0131rlanan bir fetih. Ayr\u0131l\u0131k\u00e7\u0131 isteklerin \u015fiddetli bir \u015fekilde bast\u0131r\u0131lmas\u0131, b\u00f6lgenin tarihinde bir d\u00f6n\u00fcm noktas\u0131 olu\u015fturdu, b\u00f6lgeyi yeni ortaya \u00e7\u0131kan bir Guatemala cumhuriyetine yeniden entegre etti ve kal\u0131c\u0131 bir b\u00f6lgesel farkl\u0131l\u0131k duygusu olu\u015fturdu.<\/p>\n<p>Tar\u0131m, Quetzaltenango&#039;nun erken d\u00f6nem ekonomisinin omurgas\u0131n\u0131 olu\u015fturuyordu. On dokuzuncu y\u00fczy\u0131l\u0131n ortalar\u0131na gelindi\u011finde, yerel tarlalar bol miktarda bu\u011fday, m\u0131s\u0131r, meyve, sebze ve hayvanc\u0131l\u0131k \u00fcretiyordu. Bu \u00fcretken dizi, hem yerel pazarlar\u0131 hem de kom\u015fu El Salvador&#039;a ihracat ak\u0131\u015flar\u0131n\u0131 s\u00fcrd\u00fcr\u00fcyordu. Bu\u011fday, ihracatlar aras\u0131nda en \u00fcst s\u0131rada yer al\u0131yordu ve onu kakao, \u015feker, y\u00fcn ve pamuk takip ediyordu. \u00c7ift\u00e7iler, vadinin \u00e7imenli yama\u00e7lar\u0131nda s\u0131\u011f\u0131r ve koyun s\u00fcr\u00fcyorlard\u0131; \u00e7ift\u00e7iler ise yukar\u0131daki daha serin yama\u00e7larda kahve yeti\u015ftiriyorlard\u0131. Volkanik yama\u00e7lar\u0131n alt\u0131nda, manzaray\u0131 s\u00fcsleyen s\u0131cak su kaynaklar\u0131, hem termal rahatlama hem de yaln\u0131zca modern altyap\u0131n\u0131n geli\u015fiyle filizlenecek mineral a\u00e7\u0131s\u0131ndan zengin bir turizm ni\u015fi sunuyordu.<\/p>\n<p>Yirminci y\u00fczy\u0131la ge\u00e7i\u015f hem umut hem de hayal k\u0131r\u0131kl\u0131\u011f\u0131 getirdi. On dokuzuncu y\u00fczy\u0131l\u0131n sonlar\u0131ndaki kahve patlamas\u0131, bug\u00fcn hala ayakta duran bir\u00e7ok &#034;Belle \u00c9poque&#034; yap\u0131s\u0131n\u0131n temelini olu\u015fturan bir servet dalgas\u0131na yol a\u00e7t\u0131: ta\u015f ve s\u0131vadan yap\u0131lm\u0131\u015f s\u00fcsl\u00fc cepheler, ferforje balkonlar ve gelece\u011fe g\u00fcveni anlatan kemerli revaklar. Xela&#039;y\u0131 Panamerikan koridoruna ba\u011flayacak bir demiryolu plan\u0131 1890&#039;larda ortaya \u00e7\u0131kt\u0131 ve on y\u0131llarca s\u00fcren duraklamal\u0131 ilerlemenin ard\u0131ndan Ferrocarril de los Altos sonunda 1930&#039;da Quetzaltenango&#039;yu Guatemala \u015eehri&#039;ne ba\u011flad\u0131. M\u00fchendislik harikas\u0131 olarak selamlanan bu hat, 1933&#039;te heyelanlar alt\u0131nda \u00e7\u00f6kt\u00fc ve asla restore edilmedi. Yine de an\u0131s\u0131 \u015fark\u0131larda, hikayelerde ve yayla demiryollar\u0131n\u0131n modernite vaat etti\u011fi bir d\u00f6nemin ikonlar\u0131 olarak buharl\u0131 motorlara sayg\u0131 g\u00f6steren k\u00fc\u00e7\u00fck bir m\u00fczede ya\u015famaya devam ediyor.<\/p>\n<p>Ekonomik talihler B\u00fcy\u00fck Buhran ve ard\u0131ndan Guatemala&#039;y\u0131 yirminci y\u00fczy\u0131l\u0131n sonlar\u0131nda yaralayan i\u00e7 sava\u015f y\u0131llar\u0131yla azald\u0131. Bir s\u00fcre, Xela&#039;n\u0131n g\u00f6rkemli caddeleri ve meydanlar\u0131 eski ihti\u015fam\u0131n\u0131 kaybetti; cepheler bak\u0131ms\u0131zla\u015ft\u0131 ve m\u00fctevaz\u0131 ticaret belirsiz y\u00f6netimle m\u00fccadele etti. Ancak yeni milenyumun geli\u015fiyle birlikte \u015fehir bir kentsel yenilenme d\u00f6nemine girdi. Miras binalar dikkatli bir \u015fekilde restore edildi; yeni yap\u0131lar s\u00f6m\u00fcrge kal\u0131nt\u0131lar\u0131n\u0131n yan\u0131nda y\u00fckseldi; kafeler ve k\u00fclt\u00fcr merkezleri \u00e7o\u011fald\u0131. Bug\u00fcn \u015fehir, kald\u0131r\u0131mlara ta\u015fan kafeler, yerli el sanatlar\u0131n\u0131n yan\u0131 s\u0131ra \u00e7a\u011fda\u015f \u00e7al\u0131\u015fmalar\u0131 sergileyen sanat galerileri ve dans, kost\u00fcm ve t\u00f6renle K&#039;iche&#039; ve Mam geleneklerini yeniden do\u011frulayan festivallerle nab\u0131z at\u0131yor.<\/p>\n<p>Quetzaltenango&#039;nun iklimi hem g\u00fcnl\u00fck ya\u015fam\u0131 hem de ticaretin ritmini \u015fekillendirir. K\u00f6ppen s\u0131n\u0131fland\u0131rmas\u0131 Cwb alt\u0131nda, \u015fehir iki belirgin mevsim ya\u015far: May\u0131s sonundan Ekim sonuna kadar ya\u011fmurlu mevsim ve Kas\u0131m ba\u015f\u0131ndan Nisan&#039;a kadar kurak bir d\u00f6nem. G\u00fcnd\u00fcz maksimumlar\u0131 y\u0131l\u0131n \u00e7o\u011fu d\u00f6neminde 22 \u00b0C ila 23 \u00b0C civar\u0131nda seyreder, \u00f6zellikle Kas\u0131m ve \u015eubat aylar\u0131 aras\u0131nda minimumlar\u0131n ortalama 4 \u00b0C oldu\u011fu gece tek haneli rakamlara d\u00fc\u015fer. \u015eehrin rak\u0131m\u0131 hem tropikal ovalardan \u0131l\u0131man bir rahatlama hem de g\u00fcne\u015f batmaya ba\u015flad\u0131\u011f\u0131nda \u00f6\u011fleden sonralar\u0131 h\u0131zla so\u011fumaya yatk\u0131nl\u0131k sa\u011flar. Ya\u011f\u0131\u015fl\u0131 aylarda ya\u011fmur \u00e7o\u011funlukla \u00f6\u011fleden sonralar\u0131 gelir, ancak baz\u0131 g\u00fcnler \u015fafaktan g\u00fcn bat\u0131m\u0131na kadar \u00e7iseler. Kuru mevsimde, sakinler bazen aylarca hi\u00e7 ya\u011fmur ya\u011fmadan ge\u00e7irirler, bu da ya\u011fmur sonras\u0131 manzaralar\u0131n k\u0131sa, yo\u011fun ye\u015filine olan takdiri art\u0131ran bir ger\u00e7ektir.<\/p>\n<p>Belediyenin 122 km\u00b2&#039;lik \u00e7evresi \u00e7e\u015fitli topografyalara sahiptir: kentsel geni\u015fleme i\u00e7in engebeli ovalar, mahallelerin \u00fczerinde y\u00fckselen volkanik koniler, kahve ve sebzelerin yeti\u015fti\u011fi verimli vadiler ve uzak zirvelerin \u00fczerinden g\u00fcn do\u011fumunu izlemek i\u00e7in g\u00f6zetleme noktas\u0131 g\u00f6revi g\u00f6ren d\u0131\u015f tepeler. \u015eehir, yakla\u015f\u0131k 180.700 ki\u015fiye ev sahipli\u011fi yap\u0131yor ve bunlar\u0131n yakla\u015f\u0131k &#039;\u00fc 2014&#039;te yerli mirasa sahipti ve g\u00fcnl\u00fck olarak zengin bir K&#039;iche&#039; ve Mam gelenekleri mozai\u011fini koruyordu. Sokak pazarlar\u0131 antik \u00e7a\u011fa i\u015faret ediyor, taze \u00fcr\u00fcn ve baharat tezgahlar\u0131n\u0131n aras\u0131na serpi\u015ftirilmi\u015f \u00f6r\u00fclm\u00fc\u015f huipiller ve elle boyanm\u0131\u015f seramiklerle dolu tezgahlar. Fiesta patronales, barrio&#039;lar\u0131 canland\u0131r\u0131yor, marimba gruplar\u0131 s\u00f6m\u00fcrge revaklar\u0131n\u0131n alt\u0131nda ses \u00e7\u0131kar\u0131rken Arnavut kald\u0131r\u0131ml\u0131 sokaklarda ilerleyen alaylar.<\/p>\n<p>Quetzaltenango i\u00e7inde ve d\u0131\u015f\u0131nda ula\u015f\u0131m, resmi ve gayr\u0131 resmi sistemlerin bir kar\u0131\u015f\u0131m\u0131n\u0131 yans\u0131t\u0131r. \u015eehrin t\u00fcm kesimlerinde, banklarla dolu b\u00fcy\u00fck minib\u00fcslerden olu\u015fan bir mikro-otob\u00fcs a\u011f\u0131 uzan\u0131r. Rotalar basit say\u0131sal tan\u0131mlar ta\u015f\u0131r -\u00f6rne\u011fin Ruta 7- ve \u00fccretler m\u00fctevaz\u0131 kal\u0131r. H\u00fck\u00fcmet taraf\u0131ndan i\u015fletilen bir toplu ta\u015f\u0131ma sistemi yoktur; bunun yerine, \u00f6zel olarak i\u015fletilen otob\u00fcsler ve mikro-otob\u00fcsler sokaklar\u0131 payla\u015f\u0131r. Uzun mesafeli ba\u011flant\u0131lar da otob\u00fcs depolar\u0131na g\u00fcvenir: tavuk otob\u00fcsleri, Guatemala \u015eehri&#039;nin Tr\u00e9bol terminalinden Xela&#039;n\u0131n Minerva istasyonuna Q35&#039;lik bir \u00fccretle s\u0131k s\u0131k hareket eder; birinci s\u0131n\u0131f operat\u00f6rler Galgos ve L\u00ednea Dorada ise klimal\u0131 otob\u00fcsler sunar (yakla\u015f\u0131k 9 ABD dolar\u0131, d\u00f6rt bu\u00e7uk saat). \u00d6zellikle gece karanl\u0131\u011f\u0131nda, sokak lambalar\u0131 s\u00f6nd\u00fc\u011f\u00fcnde ve yayalar dikkatli davrand\u0131\u011f\u0131nda, ticari b\u00f6lgelerde taksiler bol miktarda bulunur. Vadi i\u00e7inde ve \u00e7evresindeki k\u00f6ylerde bisikletle yolculuk yapmak daha k\u0131sa mesafeler i\u00e7in bir alternatif olsa da, dik yoku\u015flar kondisyon ve ini\u015fte dikkatli fren yapmay\u0131 gerektiriyor.<\/p>\n<p>Uzaktan eri\u015fim ana koridorlar\u0131 takip eder. Karayoluyla, Panamerikan Otoyolu (CA-1) yaylalar\u0131 ge\u00e7erken, CA-2 g\u00fcneyde Pasifik k\u0131y\u0131s\u0131na paraleldir. Tavuk-otob\u00fcs seferleri Quetzaltenango&#039;yu Atitl\u00e1n G\u00f6l\u00fc&#039;ndeki Panajachel&#039;e, Solol\u00e1&#039;ya ve oradan Guatemala \u015eehri&#039;ne ba\u011flar. Minib\u00fcsler turistleri Meksika&#039;daki San Crist\u00f3bal de las Casas&#039;tan La Mesilla s\u0131n\u0131r\u0131na, Comit\u00e1n&#039;\u0131 ge\u00e7en bir rotaya ve Huehuetenango \u00fczerinden tavuk-otob\u00fcs seferlerine g\u00f6t\u00fcr\u00fcr. Tapachula&#039;dan, mikro feribotlar yolcular\u0131 Tec\u00fan Um\u00e1n&#039;a g\u00f6t\u00fcr\u00fcr ve buradan yerel otob\u00fcsler Coatepeque&#039;ye ve oradan da Xela&#039;ya ula\u015f\u0131r. Her durumda, erken ayr\u0131lmak tavsiye edilir: Guatemala&#039;daki \u00f6\u011fleden sonra seferleri genellikle g\u00fcn bat\u0131m\u0131ndan \u00f6nce sona erer ve bu da yolcular\u0131 yetersiz ayd\u0131nlat\u0131lm\u0131\u015f yerlerde savunmas\u0131z b\u0131rak\u0131r.<\/p>\n<p>K\u00fc\u00e7\u00fck bir b\u00f6lgesel alan olan Quetzaltenango Havaalan\u0131, \u00e7o\u011funlukla Guatemala \u015eehri&#039;ne s\u0131n\u0131rl\u0131 hava hizmeti sunmaktad\u0131r. Pisti jetler yerine turboprop&#039;lara uygundur, ancak u\u00e7u\u015f saatlerce s\u00fcren da\u011f seyahatini bir saatten daha k\u0131sa bir s\u00fcrede yo\u011funla\u015ft\u0131rmaktad\u0131r. Ana giri\u015f kap\u0131s\u0131 olmasa da, havaalan\u0131 \u015fehrin ulusal altyap\u0131ya olan ba\u011flant\u0131 hissini vurgular ve e\u015fit \u00f6l\u00e7\u00fcde y\u00fckseklik ve k\u00fclt\u00fcr arayan \u015firket delegasyonlar\u0131n\u0131, t\u0131bbi tahliyeleri ve ara s\u0131ra gelen turistleri davet eder.<\/p>\n<p>Ula\u015f\u0131m ve iklimin \u00f6tesinde, yaylalar daha geni\u015f bir z\u0131tl\u0131klar b\u00f6lgesini kucaklar. B\u00f6l\u00fcm, so\u011fuk zirvelerden s\u0131cak Pasifik k\u0131y\u0131lar\u0131na kadar uzan\u0131r; verimli ovalar k\u0131y\u0131 b\u00f6lgelerinin yak\u0131n\u0131nda \u015feker kam\u0131\u015f\u0131 tarlalar\u0131 ve kau\u00e7uk plantasyonlar\u0131 \u00fcretirken, \u00fcst yama\u00e7lar kahve \u00e7iftlikleri ve patates tarlalar\u0131 yeti\u015ftirir. Volkanik topraklar tar\u0131m\u0131n temelini olu\u015fturur; zanaatkarlar bitki \u00f6zleriyle boyanm\u0131\u015f tekstiller \u00fcretir; \u00e7ift\u00e7ilik ye\u015fil meralarda devam eder. S\u0131cak su kaynaklar\u0131 topraktan f\u0131\u015fk\u0131rarak hem yerlileri hem de ziyaret\u00e7ileri y\u00fckselen kraterlere kar\u015f\u0131 mineral banyolar\u0131na \u00e7eker. Nehirler ge\u00e7itlerden ge\u00e7erek \u015fehrin k\u00fclt\u00fcrel g\u00fczergah\u0131n\u0131 macera turizmi f\u0131rsatlar\u0131yla zenginle\u015ftiren rafting ve bal\u0131k\u00e7\u0131l\u0131k noktalar\u0131 sunar.<\/p>\n<p>\u015eehrin in\u015fa edilmi\u015f \u00e7evresi h\u0131rs ve adaptasyon d\u00f6nemlerini yans\u0131t\u0131r. Plaza Central, neoklasik Katedral ve s\u00fctunlar\u0131 ve tonozlar\u0131 on dokuzuncu y\u00fczy\u0131l kentsel gururunu anlatan belediye binalar\u0131yla \u00e7evrili, \u015fehrin kalbi olmaya devam ediyor. Yan sokaklar, i\u00e7 avlular\u0131 olan \u0130spanyol s\u00f6m\u00fcrge evlerini ortaya \u00e7\u0131kar\u0131yor ve d\u00fckkanlar geleneksel ila\u00e7lardan y\u00fcksek h\u0131zl\u0131 internet eri\u015fimine kadar her \u015feyi sat\u0131yor. Yeni geli\u015fmeler - al\u0131\u015fveri\u015f merkezleri, sinemalar, \u00f6zel okullar - d\u0131\u015far\u0131ya do\u011fru yay\u0131l\u0131yor, beton ve cam\u0131 ara s\u0131ra yerel s\u00fcslemelere selam vererek harmanl\u0131yor. Ziyaret\u00e7iler, her katman\u0131n - Maya, \u0130spanyol, Cumhuriyet\u00e7i, modern - a\u00e7\u0131k bir rekabet olmadan bir arada var oldu\u011fu, her birinin \u015fehrin kimli\u011fine doku katt\u0131\u011f\u0131 kentsel bir palimpsestle kar\u015f\u0131la\u015f\u0131yor.<\/p>\n<p>E\u011fitim ve k\u00fclt\u00fcr, ticaretle birlikte geli\u015fir. Dil akademileri, \u00f6\u011frencilere \u0130spanyolca ve \u0130ngilizce e\u011fitimi vererek, uygun maliyetli, y\u00fcksek irtifal\u0131 bir ortamda kendini geli\u015ftirmek isteyen yabanc\u0131lar\u0131 cezbeder. B\u00f6lgesel bir \u00fcniversite, k\u0131rsal kesimden gen\u00e7leri \u00e7ekerek tar\u0131m, m\u00fchendislik ve antropoloji alanlar\u0131nda ara\u015ft\u0131rma yap\u0131lmas\u0131n\u0131 te\u015fvik eder. M\u00fczeler arkeolojik buluntular\u0131 korur ve demir yolunun k\u0131sa ihti\u015fam\u0131n\u0131 anlat\u0131r; etnografya merkezleri, dokuma, ah\u015fap oymac\u0131l\u0131\u011f\u0131 ve rit\u00fcel performans gibi ya\u015fayan gelenekleri s\u00fcrd\u00fcr\u00fcr. Y\u0131ll\u0131k festivaller, azizlerin g\u00fcnlerini, hasat d\u00f6ng\u00fclerini ve yerli takvimlerini anarak, sokaklar\u0131 marimba ritimleri, alay \u015famand\u0131ralar\u0131 ve t\u00fcts\u00fc kokusuyla canland\u0131r\u0131r.<\/p>\n<p>Bug\u00fcn Quetzaltenango, uzun zamand\u0131r kaderini \u015fekillendiren g\u00fc\u00e7lerin bir araya gelmesini temsil ediyor. Hem Maya miras\u0131n\u0131n bir deposu hem de \u00e7a\u011fda\u015f bir kentsel ba\u011flant\u0131 noktas\u0131 olarak duruyor; Katoliklik ve \u0130spanyol \u00f6ncesi inan\u00e7 sistemlerinin i\u00e7 i\u00e7e ge\u00e7ti\u011fi ve ilerlemenin ve korumac\u0131l\u0131\u011f\u0131n bir arada ya\u015fad\u0131\u011f\u0131 bir yer. \u0130klimi hem mahsulleri hem de mizac\u0131 yumu\u015fat\u0131yor; y\u00fcksekli\u011fi tarihin zirveleri \u00fczerine d\u00fc\u015f\u00fcnmeye davet ediyor. \u015eehrin dayan\u0131kl\u0131l\u0131\u011f\u0131 - fetih, ayr\u0131l\u0131k\u00e7\u0131 m\u00fccadele, ekonomik \u00e7alkant\u0131 ve altyap\u0131 kayb\u0131 yoluyla - dayanma ve uyum sa\u011flama konusunda kolektif bir kararl\u0131l\u0131\u011f\u0131n alt\u0131n\u0131 \u00e7iziyor. Son on y\u0131llarda, canlanan bir kentsellik, belediye giri\u015fimleri ve \u00f6zel giri\u015fimciler simge yap\u0131lar\u0131 yeniledik\u00e7e, kamusal alanlar\u0131 iyile\u015ftirdik\u00e7e ve k\u00fclt\u00fcrel giri\u015fimler ba\u015flatt\u0131k\u00e7a eski ta\u015flara yeni bir hayat getirdi.<\/p>\n<p>Quetzaltenango sakinleri, quetzaltecos olarak bilinirler, \u015fehirlerinin farkl\u0131l\u0131\u011f\u0131yla derin bir gurur duyarlar. Atalar\u0131n\u0131n dillerini s\u00fcrd\u00fcr\u00fcrler, b\u00f6lgesel tonlamalarla \u0130spanyolca konu\u015furlar ve tepelerde yeti\u015ftirilen sebzelerden yap\u0131lan doyurucu g\u00fcve\u00e7lerden s\u00f6m\u00fcrge sofra adab\u0131 kokan kakao i\u00e7eceklerine kadar uzanan mutfak geleneklerini s\u00fcrd\u00fcr\u00fcrler. Pazarlar yerel \u00fcr\u00fcnlerle doludur: ate\u015fli salsalar i\u00e7in biberler, kremal\u0131 tostadalar i\u00e7in avokadolar, odun ate\u015finde kavrulmu\u015f kahve \u00e7ekirdekleri. Mahalle meydanlar\u0131nda marimba topluluklar\u0131 pazar \u00f6\u011fleden sonralar\u0131 bir araya gelerek g\u00fcnl\u00fck i\u015flerden ortak bir mola sunarlar.<\/p>\n<p>Ancak bu canl\u0131 d\u0131\u015f g\u00f6r\u00fcn\u00fcm\u00fcn alt\u0131nda, gelecek zorluklar\u0131n fark\u0131ndal\u0131\u011f\u0131 yat\u0131yor. Kentsel geni\u015fleme kurak aylarda su kaynaklar\u0131n\u0131 zorluyor; sismik sars\u0131nt\u0131lar ve volkanik aktivite s\u00fcrekli riskler olu\u015fturuyor; kentsel elitler ile okul veya i\u015f aray\u0131\u015f\u0131yla gelen k\u0131rsal g\u00f6\u00e7menler aras\u0131nda ekonomik e\u015fitsizlikler devam ediyor. Belediye yetkilileri ve sivil \u00f6rg\u00fctler bu sorunlar\u0131 ele almaya ba\u015flad\u0131 ve s\u00fcrd\u00fcr\u00fclebilir kalk\u0131nma ve miras koruma forumlar\u0131 d\u00fczenliyor. \u015eehrin gelece\u011fi, b\u00fcy\u00fcmeyi \u00e7evresel y\u00f6neticilikle dengelemeye, turizm geni\u015flerken bile k\u00fclt\u00fcrel \u00f6zg\u00fcnl\u00fc\u011f\u00fc beslemeye ve g\u00fcnl\u00fck ya\u015fam\u0131n dokusunu silmeden ekonomik f\u0131rsatlar\u0131 te\u015fvik etmeye ba\u011fl\u0131.<\/p>\n<p>Quetzaltenango, \u015fu anki haliyle ne eski ne de tamamen modern hissettiriyor. Zaman\u0131n katmanlar\u0131n\u0131n g\u00f6r\u00fcn\u00fcr kald\u0131\u011f\u0131 bir ara alemde yer al\u0131yor: s\u00f6m\u00fcrge kap\u0131lar\u0131 uydu \u00e7anaklar\u0131n\u0131n alt\u0131nda duruyor; korna \u00e7alan mikro otob\u00fcsler dar sokaklar\u0131 ak\u0131ll\u0131 telefon kullanan gen\u00e7lerle payla\u015f\u0131yor. Tepeleri kiremitli \u00e7at\u0131lar\u0131n \u00fczerinde n\u00f6bet tutan yanarda\u011flarla \u00e7evrili bir vadide yer al\u0131yor. Meydanlar\u0131, pazarlar\u0131 ve k\u00fclt\u00fcrel mekanlar\u0131 i\u00e7inde, ge\u00e7mi\u015fi ve olanaklar\u0131yla s\u00fcrekli diyalog halinde olan bir \u015fehir hissediliyor. Gezgin, bilgin ve yerle\u015fik i\u00e7in Xela, uyum sa\u011flama konusunda kal\u0131c\u0131 bir ders sunuyor: Antik geleneklere batm\u0131\u015f bir topluluk, kimli\u011finin kaynaklar\u0131n\u0131 terk etmeden nas\u0131l dinamik bir \u015fimdiki zaman yaratabilir.<\/p>","protected":false},"excerpt":{"rendered":"<p>Quetzaltenango, commonly known by its Maya designation\u00a0Xelaj\u00fa\u00a0or\u00a0Xela, is a historically and culturally affluent city situated in the\u00a0Guatemalan highlands. The designation\u00a0Quetzaltenango, articulated [ketsalte\u02c8na\u014b\u0261o], signifies its profound indigenous legacy, but\u00a0Xelaj\u00fa\u00a0[\u0283ela\u02c8\u03c7u] or\u00a0Xela\u00a0[\u02c8\u0283ela] are appellations that connect with the local populace, maintaining the city\u2019s historical character.<\/p>\n","protected":false},"author":1,"featured_media":2953,"parent":9021,"menu_order":0,"comment_status":"closed","ping_status":"closed","template":"elementor_theme","meta":{"_eb_attr":"","footnotes":""},"class_list":["post-9032","page","type-page","status-publish","has-post-thumbnail"],"_links":{"self":[{"href":"https:\/\/travelshelper.com\/tr\/wp-json\/wp\/v2\/pages\/9032","targetHints":{"allow":["GET"]}}],"collection":[{"href":"https:\/\/travelshelper.com\/tr\/wp-json\/wp\/v2\/pages"}],"about":[{"href":"https:\/\/travelshelper.com\/tr\/wp-json\/wp\/v2\/types\/page"}],"author":[{"embeddable":true,"href":"https:\/\/travelshelper.com\/tr\/wp-json\/wp\/v2\/users\/1"}],"replies":[{"embeddable":true,"href":"https:\/\/travelshelper.com\/tr\/wp-json\/wp\/v2\/comments?post=9032"}],"version-history":[{"count":0,"href":"https:\/\/travelshelper.com\/tr\/wp-json\/wp\/v2\/pages\/9032\/revisions"}],"up":[{"embeddable":true,"href":"https:\/\/travelshelper.com\/tr\/wp-json\/wp\/v2\/pages\/9021"}],"wp:featuredmedia":[{"embeddable":true,"href":"https:\/\/travelshelper.com\/tr\/wp-json\/wp\/v2\/media\/2953"}],"wp:attachment":[{"href":"https:\/\/travelshelper.com\/tr\/wp-json\/wp\/v2\/media?parent=9032"}],"curies":[{"name":"wp","href":"https:\/\/api.w.org\/{rel}","templated":true}]}}