{"id":9021,"date":"2024-09-06T21:55:50","date_gmt":"2024-09-06T21:55:50","guid":{"rendered":"https:\/\/travelshelper.com\/staging\/?page_id=9021"},"modified":"2026-03-13T16:27:58","modified_gmt":"2026-03-13T16:27:58","slug":"gvatemala","status":"publish","type":"page","link":"https:\/\/travelshelper.com\/tr\/destinations\/north-america\/guatemala\/","title":{"rendered":"Gvatemala"},"content":{"rendered":"<p>Yakla\u015f\u0131k 17,6 milyon insana ev sahipli\u011fi yapan Guatemala, Orta Amerika&#039;da bir kara k\u00f6pr\u00fcs\u00fc boyunca uzan\u0131yor; kuzeyde ve bat\u0131da Meksika, kuzeydo\u011fuda Belize, do\u011fuda Honduras ve El Salvador, g\u00fcney kanad\u0131na Pasifik Okyanusu bask\u0131 yap\u0131yor ve kuzeydo\u011fusunu Honduras K\u00f6rfezi kucakl\u0131yor. Volkanik yaylalar, bereketli Pasifik ovalar\u0131 ve Pet\u00e9n&#039;in z\u00fcmr\u00fct ormanlar\u0131 aras\u0131nda de\u011fi\u015fen araziye sahip bu cumhuriyet, ayn\u0131 anda hem medeniyetin kadim be\u015fi\u011fini hem de \u00e7alkant\u0131l\u0131 modern dramalar\u0131n sahnesini ortaya koyuyor. Ta\u015f ve topra\u011fa kaz\u0131nm\u0131\u015f hikayesi, do\u011fal harikalar\u0131n ve insan kararl\u0131l\u0131\u011f\u0131n\u0131n e\u015fsiz bir duvar hal\u0131s\u0131n\u0131 \u00f6r\u00fcyor.<\/p>\n<p>\u0130lk Maya \u015fehir devletleri Pet\u00e9n ovalar\u0131ndan y\u00fckselen Tikal piramitlerine kadar ortaya \u00e7\u0131kt\u0131\u011f\u0131 andan itibaren, \u015fu anda Guatemala olan b\u00f6lge Mezoamerikan yarat\u0131c\u0131l\u0131\u011f\u0131n\u0131n dayanak noktas\u0131 olarak hizmet etti. Kolomb&#039;un Atlantik&#039;i ge\u00e7mesinden y\u00fczy\u0131llar \u00f6nce, geni\u015f ticaret yolu a\u011flar\u0131 kakao ve obsidiyen ta\u015f\u0131yordu, rahipler Ven\u00fcs&#039;\u00fcn hareketlerini ve m\u0131s\u0131r\u0131n ritimlerini harital\u0131yordu. 1500&#039;lerin ba\u015f\u0131nda \u0130spanyol fatihlerin geli\u015fi, Hern\u00e1n Cort\u00e9s&#039;in te\u011fmenlerinin ve daha sonra Pedro de Alvarado&#039;nun \u015fehirden \u015fehre boyun e\u011fdirerek Maya topraklar\u0131n\u0131 Yeni \u0130spanya valili\u011fine katmas\u0131yla bir kopu\u015fu i\u015faret etti. Yine de Mayalar yok olmad\u0131: dilleri binlerce k\u00f6yde varl\u0131\u011f\u0131n\u0131 s\u00fcrd\u00fcr\u00fcyor, ruhlar\u0131 kutsal cenotelerde ya\u015f\u0131yor ve ta\u015f tap\u0131naklar\u0131 hala orman\u0131n g\u00f6lgesinde uzan\u0131yor.<\/p>\n<p>Ba\u011f\u0131ms\u0131zl\u0131k Eyl\u00fcl 1821&#039;de geldi, ba\u015flang\u0131\u00e7ta Meksika ile payla\u015f\u0131ld\u0131, sonra 1823&#039;ten itibaren Orta Amerika Federal Cumhuriyeti&#039;nde teyit edildi, ta ki bu k\u0131r\u0131lgan konfederasyon 1841&#039;de par\u00e7alanana kadar. On dokuzuncu y\u00fczy\u0131l\u0131n geri kalan\u0131 daha az istikrars\u0131z de\u011fildi. G\u00fc\u00e7 simsarlar\u0131 ve caudillolar, genellikle kahve ve muz imtiyazlar\u0131na merakl\u0131 yabanc\u0131 \u00e7\u0131karlar taraf\u0131ndan desteklenerek, h\u0131zl\u0131 bir \u015fekilde kontrol\u00fc ele ge\u00e7irdiler. Yirminci y\u00fczy\u0131l, her biri Washington&#039;un jeopolitik tasar\u0131mlar\u0131na ve United Fruit ve haleflerinin ticari zorunluluklar\u0131na bor\u00e7lu olan bir dizi g\u00fc\u00e7l\u00fc adam alt\u0131nda a\u00e7\u0131ld\u0131. 1944&#039;te, General Jorge Ubico askeri subaylar ve sivillerden olu\u015fan bir koalisyon taraf\u0131ndan iktidardan devrildi\u011finde, k\u0131sa bir on y\u0131ll\u0131k reform ba\u015flad\u0131: tar\u0131msal arazi yeniden da\u011f\u0131t\u0131m\u0131, i\u015f\u00e7i korumalar\u0131 ve embriyonik bir sosyal g\u00fcvenlik a\u011f\u0131 daha kapsay\u0131c\u0131 bir siyaset vaat ediyordu. Ancak ABD&#039;li ajanlar ve muhafazakar toprak sahipleri taraf\u0131ndan d\u00fczenlenen 1954 darbesi sivil h\u00fck\u00fcmeti devirdi ve oligar\u015fik y\u00f6netimi yeniden tesis etti.<\/p>\n<p>Bunu, 1960&#039;tan 1996&#039;daki bar\u0131\u015f anla\u015fmas\u0131na kadar s\u00fcren \u00fcrpertici bir vah\u015fetin i\u00e7 sava\u015f\u0131 izledi. Genellikle yabanc\u0131 askeri dan\u0131\u015fmanlar\u0131n kar\u015f\u0131 isyan doktrinleri taraf\u0131ndan y\u00f6nlendirilen h\u00fck\u00fcmet g\u00fc\u00e7leri, Maya yayla k\u00f6ylerinde on binlerce ki\u015finin \u00f6l\u00fcm\u00fcne veya kaybolmas\u0131na neden olan bir yak\u0131p y\u0131kma politikas\u0131 uygulad\u0131. Bug\u00fcn\u00fcn bar\u0131\u015f\u0131 k\u0131r\u0131lgan temeller \u00fczerine kurulu: ekonomik b\u00fcy\u00fcme yeniden ba\u015flad\u0131 ve ard\u0131\u015f\u0131k se\u00e7imler demokratik \u00f6zlemin kan\u0131t\u0131d\u0131r, ancak kurumlara olan saf inan\u00e7 hala nadirdir. Endemik yoksulluk n\u00fcfusun yar\u0131s\u0131ndan fazlas\u0131n\u0131 etkilemektedir; yakla\u015f\u0131k d\u00f6rtte biri kronik a\u00e7l\u0131kla kar\u015f\u0131 kar\u015f\u0131yad\u0131r; ve yasad\u0131\u015f\u0131 a\u011flar uyu\u015fturucu ticareti yapar, \u015fiddet tohumlar\u0131 eker ve kamu g\u00fcvenini a\u015f\u0131nd\u0131r\u0131r.<\/p>\n<p>Bu deneme ortam\u0131na kar\u015f\u0131, Guatemala&#039;n\u0131n ekosistemleri geli\u015fir. Quetzal&#039;\u0131n bromeliad y\u00fckl\u00fc dallar aras\u0131nda u\u00e7u\u015ftu\u011fu bat\u0131 yaylalar\u0131n\u0131n bulut ormanlar\u0131ndan, jaguarlar ve tapirlerle dolu Pet\u00e9n&#039;in mevsimsel olarak sular alt\u0131nda kalan savanlar\u0131na kadar, cumhuriyet Mezoamerika&#039;n\u0131n temel biyolojik \u00e7e\u015fitlilik merkezlerinden birini bar\u0131nd\u0131r\u0131r. Nehirler Pasifik&#039;e do\u011fru k\u0131sa bir s\u00fcre k\u0131vr\u0131l\u0131r, ancak Karayip havzas\u0131nda g\u00fcrleyen atardamarlara d\u00f6n\u00fc\u015f\u00fcr; bunlar\u0131n aras\u0131nda Motagua, Polochic ve Chiapas ile s\u0131n\u0131r\u0131 belirleyen Usumacinta bulunur. Dulce Nehri taraf\u0131ndan beslenen Izabal G\u00f6l\u00fc, ya\u011fmur ormanlar\u0131yla \u00e7evrili bir ayna gibi parlar; tatl\u0131 sular\u0131 deniz ineklerini ve kaymanlar\u0131 beslerken, k\u0131y\u0131lar\u0131 s\u00f6m\u00fcrge kalelerini ve bal\u0131k\u00e7\u0131 k\u00f6ylerini bar\u0131nd\u0131r\u0131r.<\/p>\n<p>\u015eehir hayat\u0131, Guatemala \u015eehri&#039;nin da\u011fl\u0131k bir vadiye yay\u0131ld\u0131\u011f\u0131, Ulusal Ar\u015fivler, Ulusal K\u00fct\u00fcphane ve Arkeoloji ve Etnoloji M\u00fczesi&#039;ne ev sahipli\u011fi yapt\u0131\u011f\u0131, kraliyet hanedanlar\u0131n\u0131 f\u0131s\u0131ldayan ye\u015fim maskeleri ve seramik heykellerin deposu olan yaylalarda birle\u015fiyor. Ba\u015fkentin hemen \u00f6tesinde, on sekizinci y\u00fczy\u0131ldan kalma, parmakl\u0131kl\u0131 balkonlar ve y\u0131k\u0131lm\u0131\u015f barok kiliselerin m\u00fccevheri olan Antigua Guatemala yer al\u0131yor; sismik izler ve volkanik k\u00fcllerin a\u00e7\u0131k hava m\u00fczesi. Daha bat\u0131da, Maya k\u00f6yleri ve volkanlarla \u00e7evrili Atitl\u00e1n G\u00f6l\u00fc, her oyulmu\u015f kap\u0131 s\u00f6vesinde antik ayinlerin izlerini ke\u015ffeden, sakin sularda tahta kay\u0131klarla s\u00fcr\u00fcklenen gezginleri kendine \u00e7ekiyor.<\/p>\n<p>K\u00fclt\u00fcr\u00fcn kendisi gibi mutfak gelenekleri de Maya temellerine dayan\u0131r. M\u0131s\u0131r egemenli\u011fini korur; tortilla ve tamales&#039;e nixtamalize edilir, atole&#039;lere fermente edilir, Azizler G\u00fcn\u00fc&#039;nde fiambre i\u00e7in kutsal hamura preslenir. Biberler, hindili domates bazl\u0131 kak&#039;ik&#039;i canland\u0131r\u0131r; siyah fasulyeler, cocido&#039;nun k\u00f6k sebzeler ve etlerden olu\u015fan kar\u0131\u015f\u0131m\u0131n\u0131n yan\u0131nda pi\u015fer. Antigua&#039;da \u015fafak vakti sokak tezgahlar\u0131 chuchitos (domates salsas\u0131na bat\u0131r\u0131lm\u0131\u015f k\u00fc\u00e7\u00fck tamales&#039;ler) veya \u00f6\u011fle vaktine kadar kaybolan tatl\u0131 patates p\u00fcresi paketleri satar. Aral\u0131k ay\u0131nda evler ponche&#039;nin (baharatl\u0131 s\u0131v\u0131da ha\u015flanm\u0131\u015f meyveler) kokusuyla ve muz yapraklar\u0131na sar\u0131l\u0131 masa y\u0131\u011f\u0131nlar\u0131n\u0131 haz\u0131rlayan tamaladora&#039;lar\u0131n zahmetiyle dolar.<\/p>\n<p>Cumhuriyetin alt\u0131 b\u00f6lgesi \u00f6yle z\u0131tl\u0131klar sunar ki tek bir yolculuk iklimsel u\u00e7 noktalar\u0131 ge\u00e7ebilir. Orta Yaylalar&#039;da, r\u00fczgarla savrulan bulutlarla tozlanm\u0131\u015f ve gece donuyla so\u011fumu\u015f volkanlar 3.000 metrenin \u00fczerine \u00e7\u0131kar. Maya k\u00f6yleriyle noktalanm\u0131\u015f Bat\u0131 Yaylalar\u0131, gizli tap\u0131naklara do\u011fru k\u0131vr\u0131lan terasl\u0131 tarlalar\u0131n ve patikalar\u0131n manzaralar\u0131n\u0131 sunar. Kurakl\u0131\u011f\u0131n tad\u0131n\u0131 \u00e7\u0131karan Do\u011fu Guatemala, \u00f6\u011fle s\u0131ca\u011f\u0131nda inek derisinin \u00e7\u0131rp\u0131nd\u0131\u011f\u0131 \u00e7iftlik arazilerini ve \u0130spanyol kasabalar\u0131n\u0131 destekler. Karayip K\u0131y\u0131s\u0131 boyunca, mangrov hali\u00e7leri ve palmiye plajlar\u0131 Mezoamerikan Set Resifi&#039;ne do\u011fru a\u00e7\u0131l\u0131r; daha i\u00e7eride, Pet\u00e9n&#039;in ya\u011fmur orman\u0131, klasik \u00f6ncesi bir ihti\u015fam\u0131n an\u0131tlar\u0131 olan El Mirador ve Nak\u00fam&#039;un stellerine ve meydanlar\u0131na ev sahipli\u011fi yapar. Sierra Madre&#039;den hafif bir yama\u00e7 olan Pasifik Ovalar\u0131, deniz kaplumba\u011falar\u0131n\u0131n yuvalamak i\u00e7in ay \u0131\u015f\u0131\u011f\u0131nda s\u00fcr\u00fcler halinde geldi\u011fi Monterrico&#039;daki siyah kumlu plajlar\u0131 ortaya \u00e7\u0131kar\u0131r.<\/p>\n<p>Say\u0131s\u0131z arkeolojik alan aras\u0131nda Tikal en \u00fcst s\u0131rada yer al\u0131r: bir zamanlar on binlerce ki\u015fiye ev sahipli\u011fi yapan bir \u015fehir olan Kay\u0131p D\u00fcnya rezervuar\u0131, Tap\u0131nak I ve Merkez Akropolis&#039;in ikiz tepelerini yans\u0131t\u0131r. Daha sessiz bir toplulukta, bir zamanlar Kaqchikel&#039;in ba\u015fkenti olan ve Antigua veya Guatemala \u015eehri&#039;nden g\u00fcn\u00fcbirlik gezi olarak ula\u015f\u0131labilen Iximch\u00e9 ve \u00e7\u00f6kmekte olan surlar\u0131n hala \u00e7anak \u00e7\u00f6mlek par\u00e7alar\u0131 ve obsidiyen b\u0131\u00e7aklar veren arkeolojik hendeklerin \u00fczerinde n\u00f6bet tuttu\u011fu Aguateca yer al\u0131r. El Mirador&#039;a giden daha az kullan\u0131lan yol, bozulmam\u0131\u015f ormanda haftalarca y\u00fcr\u00fcmeyi gerektirir, ancak cesurlar\u0131 hacim olarak insanl\u0131\u011f\u0131n en b\u00fcy\u00fck yap\u0131lar\u0131ndan biri olan La Danta&#039;n\u0131n B\u00fcy\u00fck Piramidi ile \u00f6d\u00fcllendirir.<\/p>\n<p>Do\u011fa, ta\u015f ve sudan olu\u015fan kendi katedrallerini sunar. Alta Verapaz&#039;daki Semuc Champey, g\u00f6zleri kama\u015ft\u0131r\u0131r: kire\u00e7ta\u015f\u0131 bir k\u00f6pr\u00fcn\u00fcn tepesinde konumlanm\u0131\u015f, yer alt\u0131na akan ve turkuaz\u0131n de\u011fi\u015fen tonlar\u0131nda geri d\u00f6nen bir nehir taraf\u0131ndan oyulmu\u015f bir ye\u015fim havuzlar\u0131 \u015felalesi. Yak\u0131nlarda, sark\u0131tlar\u0131n damlamas\u0131yla yank\u0131lanan kire\u00e7ta\u015f\u0131 ma\u011faralar\u0131n\u0131n ma\u011farams\u0131 a\u011fz\u0131n\u0131n etraf\u0131nda Lanqu\u00edn b\u00fcy\u00fcr. Belize ve Honduras aras\u0131nda uzanan k\u0131vr\u0131ml\u0131 bir su yolu olan Rio Dulce&#039;de, gezginler, g\u00f6le kar\u015f\u0131 parlayan sar\u0131 duvarlar\u0131 olan on yedinci y\u00fczy\u0131l kalesi Castillo San Felipe de Lara&#039;y\u0131 gezmeden \u00f6nce tenha bir kapl\u0131ca gibi s\u0131\u00e7rayan s\u0131cak su kaynaklar\u0131 olan Finca Para\u00edso&#039;da dururlar.<\/p>\n<p>Volkanik dramaya ilgi duyanlar i\u00e7in Volc\u00e1n de Pacaya bir ge\u00e7i\u015f ayini olmaya devam ediyor. Antigua&#039;dan eri\u015filebilen zirve y\u00fcr\u00fcy\u00fc\u015f\u00fc, iki saatlik terletici e\u011fim boyunca t\u0131rman\u0131yor; yak\u0131ndaki El Cedro ve San Francisco&#039;dan iki rota ayr\u0131l\u0131yor ve \u00e7o\u011funlukla e\u011fim a\u00e7\u0131s\u0131ndan farkl\u0131l\u0131k g\u00f6steriyor. Park bek\u00e7ileri ve askerler patikalarda devriye gezerken, ulusal park taraf\u0131ndan lisansland\u0131r\u0131lm\u0131\u015f yerel rehberler buharla canl\u0131 \u00e7atlaklarda geziniyor. Aktiviteye izin verilen g\u00fcnlerde, ziyaret\u00e7iler bir zamanlar erimi\u015f menfezlerin \u00fczerinde hatmi k\u0131zart\u0131yordu; bug\u00fcn zirvenin so\u011fuk r\u00fczgarlar\u0131n\u0131 sapt\u0131rmak i\u00e7in ceketlere sar\u0131nm\u0131\u015f bir \u015fekilde, akkor kayan\u0131n par\u0131lt\u0131s\u0131yla yetiniyorlar.<\/p>\n<p>Turizm b\u00fcy\u00fcmeyi beslerken bile (2008&#039;de ekonomiye yakla\u015f\u0131k 1,8 milyar ABD dolar\u0131 enjekte etti ve y\u0131lda yakla\u015f\u0131k iki milyon ziyaret\u00e7i \u00e7ekti) Guatemala \u00e7arp\u0131c\u0131 e\u015fitsizliklerle m\u00fccadele ediyor. Ki\u015fi ba\u015f\u0131na d\u00fc\u015fen GSY\u0130H&#039;si (sat\u0131n alma g\u00fcc\u00fc paritesi) 10.998 ABD dolar\u0131na yakla\u015f\u0131yor, ancak t\u00fcm hanelerin yar\u0131s\u0131ndan fazlas\u0131 yoksulluk s\u0131n\u0131r\u0131n\u0131n alt\u0131nda ya\u015f\u0131yor ve resmi i\u015fsizlik y\u00fczde 3 civar\u0131nda seyrediyor. Su\u00e7 ve yolsuzluk hukukun \u00fcst\u00fcnl\u00fc\u011f\u00fcn\u00fc a\u015f\u0131nd\u0131r\u0131yor; k\u0131rsal aileler, tarihi toprak da\u011f\u0131t\u0131m kal\u0131plar\u0131n\u0131n a\u011f\u0131rl\u0131\u011f\u0131 alt\u0131nda, verimli topraklarda bile g\u0131da g\u00fcvensizli\u011fiyle kar\u015f\u0131 kar\u015f\u0131ya kal\u0131yor.<\/p>\n<p>Ba\u015fkentin m\u00fczeleri ise k\u00fclt\u00fcrel bir yenilenmeye tan\u0131kl\u0131k ediyor. Ixchel Yerli Tekstil ve Giyim M\u00fczesi, atalardan kalma tasar\u0131mlarla dokunmu\u015f huipilleri sergiliyor. Museo Popol Vuh, ye\u015fim cenaze maskeleri, s\u0131va kabartmalar\u0131 ve \u00fc\u00e7 boyutlu dioramalarda yeniden bi\u00e7imlendirilmi\u015f kodeksler sunuyor. Daha k\u00fc\u00e7\u00fck kasabalarda (329 belediyenin her birinde bir veya daha fazla) k\u00fcrat\u00f6rler, aksi takdirde unutulabilecek hikayeleri koruyarak yerel bitki \u00f6rt\u00fcs\u00fc, kilise sanat\u0131 ve g\u00fcnl\u00fck i\u015f aletleri sergilerine y\u00f6neliyor.<\/p>\n<p>Bu miraslar\u0131n ortas\u0131nda, Guatemala ger\u00e7ek pusulas\u0131n\u0131 ortaya koyuyor: dayan\u0131kl\u0131l\u0131k. Alacakaranl\u0131kta ayd\u0131nlat\u0131lm\u0131\u015f kutsal alanlara oyulmu\u015f Maya takvimi, ziyaret\u00e7ilere \u00e7i\u00e7eklenme mevsimlerinin m\u00fccadele kampanyalar\u0131n\u0131 takip etti\u011fini hat\u0131rlat\u0131yor. Sular alt\u0131nda kalm\u0131\u015f savanlar\u0131n ve volkanik \u00e7\u0131k\u0131nt\u0131lar\u0131n aras\u0131nda, s\u00f6m\u00fcrge cepheleri ve pazarlar\u0131n m\u0131s\u0131r ve kahve ile dolu oldu\u011fu k\u00f6y meydanlar\u0131 aras\u0131nda, cumhuriyet bir haf\u0131za arac\u0131 olarak varl\u0131\u011f\u0131n\u0131 s\u00fcrd\u00fcr\u00fcyor. Yollar\u0131n\u0131 kat etmek, \u00e7a\u011flar boyunca hareket etmek demektir: orman\u0131n sessizli\u011fi, boyal\u0131 \u015fapellerdeki korolar\u0131n \u00e7\u0131nlamas\u0131, ayaklar\u0131n\u0131z\u0131n alt\u0131ndaki tektonik plakalar\u0131n g\u00fcr\u00fclt\u00fcs\u00fc. Antik kehanet ile modern \u00f6zlemin birle\u015fti\u011fi noktada durmak demektir, burada ta\u015f - son obsidiyen par\u00e7as\u0131na kadar - insanl\u0131k tarihindeki tekil bir b\u00f6l\u00fcme tan\u0131kl\u0131k eder.<\/p>","protected":false},"excerpt":{"rendered":"<p>Yakla\u015f\u0131k 17,6 milyonluk tahmini n\u00fcfusuyla Guatemala, Orta Amerika&#039;n\u0131n en kalabal\u0131k \u00fclkesidir. Resmen Guatemala Cumhuriyeti olarak bilinen \u00fclkenin do\u011fusunda Honduras, kuzeyinde ve bat\u0131s\u0131nda Meksika, kuzeydo\u011fusunda Belize ve g\u00fcneydo\u011fusunda El Salvador yer al\u0131r. Hidrolojik olarak Honduras K\u00f6rfezi kuzeydo\u011fusunu, Pasifik Okyanusu ise g\u00fcneyini \u00e7evreler.<\/p>","protected":false},"author":1,"featured_media":4397,"parent":24084,"menu_order":0,"comment_status":"closed","ping_status":"closed","template":"elementor_theme","meta":{"_eb_attr":"","footnotes":""},"class_list":["post-9021","page","type-page","status-publish","has-post-thumbnail"],"_links":{"self":[{"href":"https:\/\/travelshelper.com\/tr\/wp-json\/wp\/v2\/pages\/9021","targetHints":{"allow":["GET"]}}],"collection":[{"href":"https:\/\/travelshelper.com\/tr\/wp-json\/wp\/v2\/pages"}],"about":[{"href":"https:\/\/travelshelper.com\/tr\/wp-json\/wp\/v2\/types\/page"}],"author":[{"embeddable":true,"href":"https:\/\/travelshelper.com\/tr\/wp-json\/wp\/v2\/users\/1"}],"replies":[{"embeddable":true,"href":"https:\/\/travelshelper.com\/tr\/wp-json\/wp\/v2\/comments?post=9021"}],"version-history":[{"count":0,"href":"https:\/\/travelshelper.com\/tr\/wp-json\/wp\/v2\/pages\/9021\/revisions"}],"up":[{"embeddable":true,"href":"https:\/\/travelshelper.com\/tr\/wp-json\/wp\/v2\/pages\/24084"}],"wp:featuredmedia":[{"embeddable":true,"href":"https:\/\/travelshelper.com\/tr\/wp-json\/wp\/v2\/media\/4397"}],"wp:attachment":[{"href":"https:\/\/travelshelper.com\/tr\/wp-json\/wp\/v2\/media?parent=9021"}],"curies":[{"name":"wp","href":"https:\/\/api.w.org\/{rel}","templated":true}]}}