{"id":9012,"date":"2024-09-06T21:45:30","date_gmt":"2024-09-06T21:45:30","guid":{"rendered":"https:\/\/travelshelper.com\/staging\/?page_id=9012"},"modified":"2026-03-13T17:25:48","modified_gmt":"2026-03-13T17:25:48","slug":"port-of-spain","status":"publish","type":"page","link":"https:\/\/travelshelper.com\/tr\/destinations\/north-america\/trinidad-and-tobago\/port-of-spain\/","title":{"rendered":"Port of Spain"},"content":{"rendered":"<p>49.867 (2017) ki\u015filik bir belediye n\u00fcfusu, 81.142 ki\u015filik bir kentsel y\u0131\u011f\u0131lma ve 250.000&#039;e ula\u015fan g\u00fcnl\u00fck ge\u00e7ici bir dalga ile Port of Spain, Trinidad&#039;\u0131n kuzeybat\u0131 k\u00f6\u015fesinde yer al\u0131r, 10,4 km\u00b2&#039;lik kald\u0131r\u0131m\u0131 ve parklar\u0131 Paria K\u00f6rfezi ile \u00e7er\u00e7evelenmi\u015f ve Kuzey S\u0131rada\u011flar\u0131&#039;n\u0131n y\u00fckselen s\u0131rtlar\u0131yla \u00e7evrilidir. 1757&#039;den beri adan\u0131n idari kalbi olarak hizmet vermektedir ve yakla\u015f\u0131k 600.000 ki\u015finin bu e\u015fsiz Karayip metropol\u00fcne hayatlar\u0131n\u0131 dokudu\u011fu Arima&#039;ya kadar do\u011fuya do\u011fru uzanan daha geni\u015f bir yerle\u015fim birimine h\u00fckmeder. Sokaklar\u0131nda ritim nab\u0131z gibi atar. Ticaret, r\u0131ht\u0131mlar\u0131nda akar.<\/p>\n<p>Port of Spain&#039;in k\u0131y\u0131 \u015feridi, Paria K\u00f6rfezi&#039;nin korunakl\u0131 k\u0131vr\u0131m\u0131 boyunca hafif\u00e7e k\u0131vr\u0131l\u0131r ve \u015fehre gemilerin neredeyse s\u00fcrekli sakin g\u00f6ky\u00fcz\u00fcn\u00fcn alt\u0131nda kayd\u0131\u011f\u0131 do\u011fal bir liman verir. Burada Atlantik&#039;in huzursuzlu\u011fu, sakin sulara yol a\u00e7ar ve adan\u0131n en b\u00fcy\u00fck konteyner liman\u0131n\u0131 davet eder. Bu noktadan itibaren Karayipler&#039;e ve \u00f6tesine y\u00f6nelik mallar takas edilir: tar\u0131msal \u00fcr\u00fcnler ve \u00fcretilen mallar hem devasa ambarlara hem de so\u011futulmu\u015f konteynerlere kayd\u0131r\u0131l\u0131r; Guyana&#039;dan gelen boksit, yakla\u015f\u0131k 8 km bat\u0131da bulunan Chaguaramas&#039;ta transfer edilir.<\/p>\n<p>\u00d6z\u00fcnde, \u015fehir hem perakende merkezi hem de h\u00fck\u00fcmet merkezi olarak duruyor. Bakanl\u0131klar s\u00f6m\u00fcrge patinas\u0131ndan ve modern camdan binalarda ba\u015fkanl\u0131k ediyor, Republic Bank ve Royal Bank ise ticaret caddeleri boyunca merkez ofislerini koruyor ve b\u00f6lgenin derinliklerine yay\u0131lan bir finansal hizmetler a\u011f\u0131n\u0131 destekliyor. Karayipler&#039;in en \u00f6nemli ticaret kat\u0131 olan Trinidad ve Tobago Borsas\u0131, k\u00e2\u011f\u0131t \u015feritlerinin aciliyetiyle u\u011fulduyor. Konferans salonlar\u0131 ve barok mahkeme salonlar\u0131, Port of Spain&#039;in ikiz ada cumhuriyeti i\u00e7in hukuk ve politika hakemi rol\u00fcn\u00fcn kan\u0131t\u0131.<\/p>\n<p>T\u00fcyl\u00fc ba\u015fl\u0131klar, perk\u00fcsyon ve g\u00f6steri\u015fin \u00f6n Lenten \u00e7\u0131lg\u0131nl\u0131\u011f\u0131 olan Karnaval, \u015fehri her \u015eubat veya Mart ay\u0131nda co\u015fkulu bir tiyatroya d\u00f6n\u00fc\u015ft\u00fcr\u00fcyor. Bir zamanlar otob\u00fcs trafi\u011fiyle sakin olan sokaklar, renk c\u00fcmb\u00fc\u015f\u00fcne d\u00f6n\u00fc\u015f\u00fcyor; kalipsonlar ve \u00e7elik bantlar kalabal\u0131\u011f\u0131n aras\u0131nda dola\u015f\u0131yor. Turistler, Secunderabad ve Wrightson Yolu&#039;nda sal\u0131nan kitlesel gruplar\u0131n vaadiyle, kiral\u0131k u\u00e7ak ve yolcu gemisiyle geliyor. Bu y\u0131ll\u0131k ayin, Port of Spain&#039;in k\u00fclt\u00fcrel m\u0131knat\u0131s\u0131 olmaya devam ediyor; Afrika, Hint ve Avrupa geleneklerinin ne\u015feli bir a\u015f\u0131r\u0131l\u0131\u011fa dam\u0131t\u0131lm\u0131\u015f simyasal bir f\u00fczyonu.<\/p>\n<p>S\u00f6m\u00fcrge mimarisinin ve \u0131\u015f\u0131ldayan kulelerin par\u0131ldayan cephesinin alt\u0131nda, Nicholas Kulesi ve kom\u015fu g\u00f6kdelenler g\u00f6ky\u00fcz\u00fcne do\u011fru uzan\u0131yor\u2014Karayipler&#039;deki en y\u00fcksek g\u00f6kdelenler aras\u0131nda\u2014Independence Meydan\u0131&#039;n\u0131n \u00fczerinde uzun g\u00f6lgeler olu\u015fturuyor. Varl\u0131klar\u0131, y\u00fckseli\u015fte olan bir \u015fehrin, Nisan 2009&#039;da Amerika Birle\u015fik Devletleri Ba\u015fkan\u0131 Barack Obama ve D\u0131\u015fi\u015fleri Bakan\u0131 Hillary Clinton gibi devlet ba\u015fkanlar\u0131n\u0131 a\u011f\u0131rlayan Be\u015finci Amerika Zirvesi&#039;ne ev sahipli\u011fi yapan bir \u015fehrin sinyallerini veriyor. Bu t\u00fcr toplant\u0131lar, Port of Spain&#039;in diplomatik bir kav\u015fak olarak stat\u00fcs\u00fcn\u00fc vurgulad\u0131.<\/p>\n<p>Kuzeye do\u011fru, \u015fehir fark edilmeden ya\u011fmur ormanlar\u0131yla \u00f6rt\u00fcl\u00fc tepelere kar\u0131\u015f\u0131r. Genellikle And Da\u011flar\u0131&#039;n\u0131n g\u00fcney kolu olarak tan\u0131mlanan Kuzey S\u0131rada\u011flar\u0131, 900 metreyi a\u015fan zirvelere dik bir \u015fekilde y\u00fckselir ve yama\u00e7lar\u0131nda 465&#039;ten fazla ku\u015f t\u00fcr\u00fc ve yakla\u015f\u0131k 100 memeli hayvan ya\u015far. Jeoloji, And Da\u011flar\u0131 soyundan gelen bu k\u00f6kene direnmesine ra\u011fmen, buradaki yemye\u015fil ormanlar eski topraklardan ve amans\u0131z nemden bahseder. Sis vadileri \u00f6rter. Zaman zaman olu\u015fan inversiyon katmanlar\u0131 serin havay\u0131 hapseder ve Port of Spain&#039;e hemen g\u00fcneyindeki ovalardan birka\u00e7 derece daha d\u00fc\u015f\u00fck bir s\u0131cakl\u0131k kazand\u0131r\u0131r.<\/p>\n<p>\u015eehrin arkas\u0131nda, Caroni Batakl\u0131\u011f\u0131 3.278 hektarl\u0131k mangrov sulak alan\u0131na yay\u0131l\u0131yor; Trinidad&#039;\u0131n do\u011fusunda Nariva&#039;dan sonra ikinci en b\u00fcy\u00fc\u011f\u00fc. K\u0131z\u0131l ibisler alacakaranl\u0131kta \u00e7amur d\u00fczl\u00fcklerinin \u00fczerinde d\u00f6n\u00fcyor, kanatlar\u0131 kan portakal\u0131 bir g\u00f6ky\u00fcz\u00fcne kar\u015f\u0131 alev alev. Rehberli tekne turlar\u0131, timsahlar\u0131n sessizce bekledi\u011fi kaz\u0131k k\u00f6klerle \u00e7evrili dar derelerde geziniyor. Bu sulak alan s\u0131n\u0131r\u0131, uzun s\u00fcre g\u00fcneydeki geni\u015flemeyi engelledi, kentsel b\u00fcy\u00fcmeyi do\u011fuya y\u00f6nlendirdi ve Port of Spain&#039;in in\u015fa edilmi\u015f \u00e7evresinin s\u0131n\u0131rlar\u0131n\u0131 belirledi.<\/p>\n<p>Nemli tropikal muson iklimi g\u00fcnl\u00fck ya\u015fam\u0131 y\u00f6netir: s\u0131cakl\u0131klar 19 \u00b0C ile 34 \u00b0C aras\u0131nda de\u011fi\u015fir, nadiren 35 \u00b0C&#039;nin \u00fczerine \u00e7\u0131kar veya 17 \u00b0C&#039;nin alt\u0131na d\u00fc\u015fer. May\u0131s&#039;tan Aral\u0131k&#039;a kadar ya\u011f\u0131\u015fl\u0131 bir mevsim uzan\u0131r; g\u00f6ky\u00fcz\u00fc Ocak&#039;tan Nisan&#039;a kadar a\u00e7\u0131kt\u0131r. Geceler, kuru hava ve da\u011f esintilerinin birle\u015fti\u011fi Ocak&#039;tan Mart&#039;a kadar keyifli hale gelebilir. Ya\u011f\u0131\u015flar \u00f6ng\u00f6r\u00fclemez \u015fekilde dalgalan\u0131r ve trafi\u011fin kilitlenmesine neden olan ani sa\u011fanak ya\u011f\u0131\u015flara yol a\u00e7ar.<\/p>\n<p>\u0130spanya&#039;n\u0131n merkezindeki Port of Spain\u2014orijinal yerle\u015fim\u2014South Quay, Oxford Street, St. Ann&#039;s Nehri ve Richmond Street ile s\u0131n\u0131rlanan bloklar i\u00e7inde \u015fehrin belediye ve finans kurumlar\u0131n\u0131 bar\u0131nd\u0131r\u0131r. Burada Merkez Bankas\u0131, Belediye Binas\u0131 ve ba\u011f\u0131ms\u0131zl\u0131k kutlamalar\u0131n\u0131 k\u0131z\u0131l cephesiyle demirleyen Red House yer al\u0131r. Holy Trinity Katedrali ve Ulusal K\u00fct\u00fcphane, heykellerin ve \u00e7e\u015fmelerin a\u00e7\u0131k meydanlar\u0131 noktalad\u0131\u011f\u0131 Ba\u011f\u0131ms\u0131zl\u0131k Meydan\u0131&#039;na bakar. Al\u0131\u015fveri\u015f merkezleri ve as\u0131rl\u0131k d\u00fckkan cepheleri, ticaret ve otoritenin bir goblenini olu\u015fturarak mahkeme binalar\u0131yla i\u00e7 i\u00e7e ge\u00e7er.<\/p>\n<p>Buna kar\u015f\u0131l\u0131k, Woodbrook, zencefilli kurabiye evler, parklar ve geni\u015f caddelerin bulundu\u011fu yemye\u015fil bir b\u00f6lge olarak bat\u0131ya do\u011fru a\u00e7\u0131l\u0131r - 1911&#039;de konut alanlar\u0131na d\u00f6n\u00fc\u015ft\u00fcr\u00fclene kadar Siegert ailesine ait bir \u015feker \u00e7iftli\u011fiydi. Buradaki mimari miras, ah\u015fap i\u015f\u00e7ili\u011finin ve kafeslerin zanaatkarl\u0131\u011f\u0131 ifade etti\u011fi bir d\u00f6nemi yans\u0131t\u0131r. Parklar a\u00e7\u0131k havada nefes alma alan\u0131 sa\u011flar. Ye\u015fillik, malikanelerin ve apartman bloklar\u0131n\u0131n sert \u00e7izgilerini yumu\u015fat\u0131r.<\/p>\n<p>Woodbrook&#039;un hemen kuzeyindeki St. James, gece e\u011flenceleriyle dolup ta\u015f\u0131yor; Ariapita Caddesi boyunca ve \u00f6tesindeki m\u00fczik salonlar\u0131ndan \u0131\u015f\u0131k s\u0131z\u0131yor. On dokuzuncu y\u00fczy\u0131l\u0131n sonlar\u0131ndan beri sokaklar\u0131, \u015fehrin Hint-Trinidad toplulu\u011funun yerle\u015fim yerini i\u015faret eden Simla, Lahore, Calcutta gibi Hint isimleri ta\u015f\u0131yor. Ancak alacakaranl\u0131k derinle\u015ftik\u00e7e neonlar \u00e7a\u011f\u0131r\u0131yor. Barlar ve kul\u00fcpler \u00e7elik tava ritimleriyle u\u011fulduyor ve b\u00f6lgeye lakab\u0131n\u0131 kazand\u0131r\u0131yor: &#034;Asla Uyumayan \u015eehir.&#034;<\/p>\n<p>Daha kuzeydeki Newtown, dini sakinli\u011fi diplomatik hareketlilikle dengeler; kiliseler ve okullar y\u00fcksek komisyonlar ve konsolosluklarla alan\u0131 payla\u015f\u0131r. Bir zamanlar dar olan sokaklar art\u0131k diplomatik konvoylara ev sahipli\u011fi yapar. \u0130\u015fyerleri caddeleri s\u0131ralar ve b\u00f6lgenin kalabal\u0131k \u00e7ekirde\u011fin \u00f6tesinde ikincil bir ticari merkeze do\u011fru evrimini yans\u0131t\u0131r.<\/p>\n<p>Savanan\u0131n bat\u0131s\u0131nda ve Maraval Nehri&#039;nin do\u011fusunda, St. Clair yer al\u0131r; b\u00fcy\u00fck malikaneler ve zarif konutlar\u0131n bulundu\u011fu, Federation Park ve Ellerslie Park&#039;\u0131n \u00e7evreledi\u011fi bir yerle\u015fim yeri. Muhte\u015fem Yedili; eklektik ge\u00e7 Viktorya d\u00f6nemi evleri; burada n\u00f6bet tutuyor, kuleleri ve verandalar\u0131, baz\u0131 tahminlere g\u00f6re d\u00fcnyan\u0131n en b\u00fcy\u00fck d\u00f6ner kav\u015fa\u011f\u0131 olan Queen&#039;s Park Savannah&#039;\u0131n geni\u015f ye\u015fil alan\u0131na bak\u0131yor. Bu kentsel \u00e7ay\u0131r, bo\u015f zamanlar\u0131nda y\u00fcr\u00fcy\u00fc\u015f yapanlar ve kriket izleyicileri taraf\u0131ndan payla\u015f\u0131l\u0131yor.<\/p>\n<p>Belmont, Laventille Tepeleri&#039;nin eteklerinde yer al\u0131r ve di\u011fer banliy\u00f6lerden daha eskidir. On dokuzuncu y\u00fczy\u0131l\u0131n ortalar\u0131nda, yasad\u0131\u015f\u0131 k\u00f6le gemilerinden kurtulan Afrikal\u0131lar buraya yerle\u015fti. Daha pahal\u0131 mahallelerden d\u0131\u015flanan b\u00fcy\u00fcyen bir orta s\u0131n\u0131f\u0131n sokaklar\u0131 olarak k\u0131vr\u0131ml\u0131 yollar ortaya \u00e7\u0131kt\u0131; Belmont &#034;Kara St. Clair&#034; lakab\u0131n\u0131 kazand\u0131. Zarif evlerinin \u00e7o\u011fu ofis olarak yeniden i\u015flevlendirildi, ancak baz\u0131lar\u0131 ailelerin elinde kald\u0131, Karnaval at\u00f6lyelerinde ve kalipso evlerinde yank\u0131lanan k\u00f6kl\u00fc bir ge\u00e7mi\u015fin kal\u0131nt\u0131lar\u0131.<\/p>\n<p>St. Ann Nehri&#039;nin do\u011fusunda, Laventille ve uydu topluluklar\u0131\u2014Beetham Estate ve Sea Lots\u2014keskin bir tezat olu\u015fturuyor: i\u015f\u00e7i s\u0131n\u0131f\u0131 mahalleleri genellikle su\u00e7 ve yoksulluk merce\u011finden tasvir ediliyor, ancak m\u00fczikal icatlar\u0131n be\u015fi\u011fi. \u00c7elik tava burada do\u011fdu; kalipso&#039;nun k\u00f6kleri burada en derinlere uzan\u0131yor. Tepelere kar\u015f\u0131, oluklu \u00e7at\u0131lar, zorluklar\u0131n ortas\u0131nda yarat\u0131c\u0131l\u0131\u011f\u0131n geli\u015fti\u011fi bir patchwork olu\u015fturuyor.<\/p>\n<p>\u015eehrin resmi s\u0131n\u0131rlar\u0131n\u0131n \u00f6tesinde, Cascade ve St. Ann&#039;s gibi banliy\u00f6ler a\u011fa\u00e7l\u0131kl\u0131 arazileri \u00f6zel konut geli\u015ftirmeleriyle harmanl\u0131yor. Mount Hololo bu b\u00f6lgeleri ay\u0131r\u0131yor. Kuzeybat\u0131da, Maraval&#039;\u0131n yaprakl\u0131 caddeleri Trinidad Country Club ve Long Circular Mall&#039;a ev sahipli\u011fi yap\u0131yor. Daha bat\u0131da, Westmoorings denize bakan Miami tarz\u0131 y\u00fcksek katl\u0131 apartmanlar\u0131n bir panoramas\u0131n\u0131 sunuyor; The Falls at West Mall l\u00fcks al\u0131\u015fveri\u015f zevklerine hitap ediyor.<\/p>\n<p>Do\u011fu Ana Yolu boyunca, Do\u011fu-Bat\u0131 Koridoru&#039;nun kasabalar\u0131\u2014San Juan, Tunapuna, Arima\u2014birbirine kesintisiz bir kentsel uzant\u0131 halinde d\u00f6k\u00fcl\u00fcr. Otoyol kav\u015faklar\u0131, her biri yakla\u015f\u0131k 60.000 m\u00b2 perakende alan\u0131 sunan Valsayn Al\u0131\u015fveri\u015f Merkezi, B\u00fcy\u00fck \u00c7ar\u015f\u0131 ve Trincity Al\u0131\u015fveri\u015f Merkezi&#039;ne ev sahipli\u011fi yapar. Bu koridorun demirba\u015f\u0131 iki \u00fcniversitedir: West Indies \u00dcniversitesi&#039;nin St. Augustine kamp\u00fcs\u00fc ve Trinidad ve Tobago \u00dcniversitesi&#039;nin ana Arima kamp\u00fcs\u00fc.<\/p>\n<p>Resmi olarak, Port of Spain&#039;de 18.008 erkek ve 19.066 kad\u0131n var ve 5.694 i\u015fletme 12.333 haneyi ortalama 2,9 ki\u015fiyle destekliyor. 2000 ile 2011 y\u0131llar\u0131 aras\u0131nda, \u015fehrin kendisi y\u0131ll\u0131k %2,3&#039;l\u00fck bir n\u00fcfus d\u00fc\u015f\u00fc\u015f\u00fc ya\u015fad\u0131; ancak daha b\u00fcy\u00fck birle\u015fik kentle\u015fme, banliy\u00f6 b\u00fcy\u00fcmesi ve banliy\u00f6 trafi\u011fiyle desteklenerek kal\u0131nla\u015fmaya devam ediyor.<\/p>\n<p>Alacakaranl\u0131k \u00e7\u00f6kerken \u015fehir kararm\u0131yor. Gece kul\u00fcpleri Frederick Caddesi boyunca, al\u0131\u015fveri\u015f merkezlerinde ve Ariapita Bulvar\u0131&#039;nda \u00e7i\u00e7ek a\u00e7\u0131yor; caz salonlar\u0131 ve \u015farap barlar\u0131, h\u00fck\u00fcmet ofisleri ve \u015firket kulelerinden gelen mesai sonras\u0131 m\u00fc\u015fterilere hitap ediyor. Kozmopolit bir restoran sahnesi\u2014\u0130talyan, L\u00fcbnan, Tayland, Venezuela\u2013Panyol, Hint\u2014peri \u0131\u015f\u0131klar\u0131n\u0131n g\u00f6lgeliklerinin alt\u0131ndaki masalar\u0131 dolduruyor. Taste T&amp;T Yemek Festivali gibi y\u0131ll\u0131k toplant\u0131lar Jean Pierre Spor Kompleksi&#039;ni yerel ve uluslararas\u0131 lezzetler i\u00e7in bir sahneye d\u00f6n\u00fc\u015ft\u00fcr\u00fcyor.<\/p>\n<p>Port of Spain&#039;in ye\u015fil meydanlar\u0131\u2014Lord Harris, Woodford, Marine (\u015fimdi Brian Lara Promenade), Tamarind, Victoria ve minik Kew Place\u2014\u015fehri k\u00fclt\u00fcrl\u00fc bir s\u00fckunetle dolduruyor. Demirden yap\u0131lm\u0131\u015f kap\u0131lar basit geometrik planlara dayan\u0131yor. \u00c7e\u015fmeler ve an\u0131tlar her bir sitenin evrimini i\u015faret ediyor: s\u00f6m\u00fcrge d\u00f6nemi ge\u00e7it t\u00f6ren alanlar\u0131ndan halka a\u00e7\u0131k konu\u015fma ve sessiz tefekk\u00fcr i\u00e7in oturma odalar\u0131na. Bu k\u00fc\u00e7\u00fck parklar her saat a\u00e7\u0131k kal\u0131yor, banklar\u0131 gezginlere, ofis \u00e7al\u0131\u015fanlar\u0131na ve gezginlere dinlenme f\u0131rsat\u0131 sunuyor.<\/p>\n<p>Gece hayat\u0131 ve canl\u0131 m\u00fczik tiyatrolarda ve a\u00e7\u0131k hava m\u00fczik sahnelerinde bir araya geliyor. Uluslararas\u0131 y\u0131ld\u0131zlar MovieTowne&#039;un Fiesta Plaza&#039;s\u0131nda ve \u015fehrin d\u00f6rt bir yan\u0131ndaki da\u011f\u0131n\u0131k mekanlarda sahneye \u00e7\u0131k\u0131yor. Yerel olarak yeti\u015ftirilen yetenekler\u2014soca bestecileri ve \u00e7elik tava ustalar\u0131\u2014d\u00fcnya \u00e7ap\u0131ndaki e\u011flendiricilerle alan\u0131 payla\u015farak Port of Spain&#039;in nabz\u0131n\u0131n senkoplu, acil ve canl\u0131 kalmas\u0131n\u0131 sa\u011fl\u0131yor.<\/p>\n<p>Yollar, kentsel dokuyu al\u0131\u015f\u0131lmad\u0131k bir yo\u011funlukla \u00f6r\u00fcyor: alt\u0131 \u015feritli Churchill-Roosevelt ve devam\u0131 olan Beetham Otoyolu, Piarco Havaalan\u0131&#039;ndan \u015fehre giden feribot trafi\u011fi, Lady Young Yolu ise manzaral\u0131, da\u011fl\u0131k bir alternatif sunuyor. \u0130\u00e7 arterler\u2014Ariapita Bulvar\u0131, Tragarete Yolu\u2014mahalleleri Queen&#039;s Park Savannah&#039;a ba\u011fl\u0131yor. Kapal\u0131 devre kameralar ve yol g\u00fcvenli\u011fi \u00f6zellikleri bu rotalar\u0131 s\u00fcsl\u00fcyor, ancak yo\u011fun saatlerdeki s\u0131k\u0131\u015f\u0131kl\u0131k g\u00fcnl\u00fck bir hesapla\u015fma olarak devam ediyor.<\/p>\n<p>Toplu ta\u015f\u0131ma, PTSC otob\u00fcslerinin ve \u00f6zel olarak i\u015fletilen maxi taksilerin yeni otob\u00fcs duraklar\u0131n\u0131n ve Wi-Fi donan\u0131ml\u0131 bar\u0131naklar\u0131n alt\u0131nda birle\u015fti\u011fi City Gate&#039;ten yay\u0131l\u0131yor. South Quay&#039;deki iskelelerden feribotlar Tobago&#039;nun Scarborough&#039;una seferler d\u00fczenlerken, yeniden canlanan bir su taksi hizmeti Port of Spain&#039;i San Fernando&#039;ya yeniden ba\u011fl\u0131yor. Terminallerin karma\u015fas\u0131n\u0131n \u00f6tesinde, yakla\u015f\u0131k 21 km do\u011fuda bulunan Piarco Uluslararas\u0131 Havaalan\u0131 \u015fehri k\u00fcresel destinasyonlara ba\u011flamaya haz\u0131r.<\/p>\n<p>Port of Spain, Trinidad ve Tobago&#039;nun y\u00f6netim, finans ve k\u00fclt\u00fcr \u00e7ekirde\u011fi olarak rol\u00fcyle birbirine \u00f6r\u00fclm\u00fc\u015f, da\u011flar ve batakl\u0131klar, \u00e7elik tavalar ve borsa, kapal\u0131 villalar ve korumas\u0131z mangrovlar gibi z\u0131tl\u0131klar\u0131n \u015fehri olarak ortaya \u00e7\u0131k\u0131yor. Sokaklar\u0131 tarih ve olas\u0131l\u0131klarla dolu; meydanlar\u0131 dalgalanman\u0131n ortas\u0131nda durgunluk anlar\u0131 sunuyor; sil\u00fceti, tropikal bir adan\u0131n ritimleriyle yumu\u015fat\u0131lm\u0131\u015f h\u0131rstan bahsediyor. Oranlar\u0131yla cesur ama yerle\u015fim yerleriyle samimi olan bu ba\u015fkent, Karayipler&#039;in atardamarlar\u0131nda akan dinamik ruhun sembol\u00fc olmaya devam ediyor.<\/p>","protected":false},"excerpt":{"rendered":"<p>Port of Spain, resmen Port of Spain \u015eehri (genellikle Port-of-Spain olarak k\u0131salt\u0131l\u0131r), Trinidad ve Tobago&#039;nun canl\u0131 ba\u015fkentidir. \u00dclkedeki belediyeler aras\u0131nda San Fernando ve Chaguanas&#039;\u0131n ard\u0131ndan \u00fc\u00e7\u00fcnc\u00fc s\u0131rada yer al\u0131r. 2011 n\u00fcfus say\u0131m\u0131na g\u00f6re \u015fehrin 37.074 belediye sakini, 81.142 kentsel sakini ve yakla\u015f\u0131k 250.000 g\u00fcnl\u00fck banliy\u00f6 sakini vard\u0131r. Trinidad&#039;\u0131n kuzeybat\u0131 k\u0131y\u0131s\u0131nda Paria K\u00f6rfezi&#039;nde bulunan Port of Spain, bat\u0131da Chaguaramas&#039;tan do\u011fuda Arima&#039;ya kadar uzanan 600.000 ki\u015filik bir yerle\u015fim b\u00f6lgesinin par\u00e7as\u0131d\u0131r.<\/p>","protected":false},"author":1,"featured_media":3200,"parent":9003,"menu_order":0,"comment_status":"closed","ping_status":"closed","template":"elementor_theme","meta":{"_eb_attr":"","footnotes":""},"class_list":["post-9012","page","type-page","status-publish","has-post-thumbnail"],"_links":{"self":[{"href":"https:\/\/travelshelper.com\/tr\/wp-json\/wp\/v2\/pages\/9012","targetHints":{"allow":["GET"]}}],"collection":[{"href":"https:\/\/travelshelper.com\/tr\/wp-json\/wp\/v2\/pages"}],"about":[{"href":"https:\/\/travelshelper.com\/tr\/wp-json\/wp\/v2\/types\/page"}],"author":[{"embeddable":true,"href":"https:\/\/travelshelper.com\/tr\/wp-json\/wp\/v2\/users\/1"}],"replies":[{"embeddable":true,"href":"https:\/\/travelshelper.com\/tr\/wp-json\/wp\/v2\/comments?post=9012"}],"version-history":[{"count":0,"href":"https:\/\/travelshelper.com\/tr\/wp-json\/wp\/v2\/pages\/9012\/revisions"}],"up":[{"embeddable":true,"href":"https:\/\/travelshelper.com\/tr\/wp-json\/wp\/v2\/pages\/9003"}],"wp:featuredmedia":[{"embeddable":true,"href":"https:\/\/travelshelper.com\/tr\/wp-json\/wp\/v2\/media\/3200"}],"wp:attachment":[{"href":"https:\/\/travelshelper.com\/tr\/wp-json\/wp\/v2\/media?parent=9012"}],"curies":[{"name":"wp","href":"https:\/\/api.w.org\/{rel}","templated":true}]}}