{"id":9003,"date":"2024-09-06T21:27:36","date_gmt":"2024-09-06T21:27:36","guid":{"rendered":"https:\/\/travelshelper.com\/staging\/?page_id=9003"},"modified":"2026-03-13T17:25:59","modified_gmt":"2026-03-13T17:25:59","slug":"trinidad-ve-tobago","status":"publish","type":"page","link":"https:\/\/travelshelper.com\/tr\/destinations\/north-america\/trinidad-and-tobago\/","title":{"rendered":"Trinidad ve Tobago"},"content":{"rendered":"<p>Trinidad ve Tobago, Karayipler&#039;in en g\u00fcneydeki cumhuriyeti, iki ana ada ile onurland\u0131r\u0131lan bir tak\u0131mada \u00fclkesidir: 4.768 km\u00b2&#039;lik Trinidad ve 300 km\u00b2&#039;lik Tobago. Bunlar, berrak tropikal sularda 37 kilometrelik bir kanalla birbirine ba\u011flanm\u0131\u015ft\u0131r. 5.128 km\u00b2&#039;lik kara k\u00fctlesinde yakla\u015f\u0131k 1,5 milyon sakine ve yurtd\u0131\u015f\u0131nda 335.000&#039;i a\u015fan bir diasporaya ev sahipli\u011fi yapan \u00fclke, Venezuela&#039;n\u0131n sadece 11 kilometre kuzeydo\u011fusunda ve Grenada&#039;n\u0131n 130 kilometre g\u00fcneyinde yer almaktad\u0131r. \u0130dari merkez olan Port of Spain, \u00fclkenin en kalabal\u0131k belediyesi olan ve bereketli Do\u011fu-Bat\u0131 Koridoru&#039;nun ortas\u0131nda yer alan Chaguanas ile tezat olu\u015fturmaktad\u0131r. Hem \u00e7al\u0131\u015fkan hem de k\u00fclt\u00fcrel olan bu cumhuriyet, jeolojiyi, tarihi, ekonomiyi ve \u015fenli\u011fi, g\u00fcney yar\u0131mk\u00fcredeki konumuna \u00f6zg\u00fc bir goblene dokuyor.<\/p>\n<p>Arazi \u015fekilleri, tektonik soyunun ikiz da\u011fl\u0131k alanlar\u0131 ve ova geni\u015flikleri \u015fekillendirdi\u011fi bir uzant\u0131 olan G\u00fcney Amerika&#039;n\u0131n k\u0131ta sahanl\u0131\u011f\u0131ndan ortaya \u00e7\u0131kar. Trinidad&#039;da, Kuzey S\u0131rada\u011flar\u0131 k\u0131y\u0131 \u015feridini engebeli bir k\u0131vr\u0131mla izler, en y\u00fcksek zirvesi olan El Cerro del Aripo deniz seviyesinden 940 metre y\u00fcksekli\u011fe y\u00fckselir; yak\u0131ndaki El Tucuche 936 metreye y\u00fckselir. Bu omurgan\u0131n alt\u0131nda binlerce y\u0131ll\u0131k tortular\u0131n bereket \u00f6pt\u00fc\u011f\u00fc al\u00fcvyonlu vadiler uzan\u0131rken, Orta ve G\u00fcney S\u0131rada\u011flar\u0131 rak\u0131m olarak m\u00fctevaz\u0131 olsa da Hollis, Navet ve Caroni gibi rezervuarlar\u0131 besleyen nehirlerin ak\u0131\u015f\u0131n\u0131 etkiler. \u00d6te yandan Tobago&#039;nun topografyas\u0131, g\u00fcneybat\u0131 ovas\u0131 ile zirvesi G\u00fcvercin Tepesi 550 metreye ula\u015fan do\u011fu yaylas\u0131 aras\u0131nda b\u00f6l\u00fcn\u00fcr. Mercan resifleri k\u0131y\u0131lar\u0131n\u0131 \u00e7evreler ve i\u00e7 kesimlerdeki dramatik zirveleri tamamlayan su alt\u0131 karma\u015f\u0131kl\u0131\u011f\u0131 sunar.<\/p>\n<p>Ekvatoral iklim, ancak ticaret r\u00fczgarlar\u0131 taraf\u0131ndan yumu\u015fat\u0131l\u0131r, iki belirgin mevsimle noktalanan bir ova s\u0131ca\u011f\u0131nda kendini ifade eder: Ocak&#039;tan May\u0131s&#039;a kadar kuru bir evre ve sonras\u0131nda ya\u011f\u0131\u015fl\u0131 bir d\u00f6nem. Kuzeydo\u011fu esintileri k\u0131y\u0131 nemini yumu\u015fat\u0131rken, sis ve bulutlar Kuzey S\u0131rada\u011flar\u0131&#039;n\u0131 neredeyse sabit bir nemle \u00f6rter ve ovalardan \u00e7ok daha serin olan ya\u011fmur orman\u0131 b\u00fcy\u00fcmesini cesaretlendirir. Kas\u0131rgalar nadiren bu kadar g\u00fcneye giderler, ancak Tobago meteoroloji y\u0131ll\u0131klar\u0131nda nadir g\u00f6r\u00fclen bir durum olan 30 Eyl\u00fcl 1963&#039;teki Kas\u0131rga Flora&#039;n\u0131n izini hat\u0131rlat\u0131r. Port of Spain&#039;deki rekor y\u00fckseklikler 39 \u00b0C&#039;ye ula\u015f\u0131r ve y\u00fcksek b\u00f6lgelerde 12 \u00b0C&#039;ye kadar d\u00fc\u015febilir, bu da yaln\u0131zca enlemden ziyade y\u00fcksekli\u011fe g\u00f6re \u015fekillenen bir iklim genli\u011fini vurgular.<\/p>\n<p>Adalar\u0131n insan kroni\u011fi, Kolomb&#039;un 1498 kar\u015f\u0131la\u015fmas\u0131ndan \u00e7ok \u00f6nce yerli yerle\u015fim yerlerini izler. \u0130spanyol y\u00f6netiminin ard\u0131ndan Trinidad, 1797&#039;de \u0130ngiliz komutas\u0131 alt\u0131na girdi, 1802&#039;de resmen devredildi ve 1889&#039;da Tobago ile birle\u015fti; egemenlik stat\u00fcs\u00fc 1962&#039;de geldi ve 1976&#039;da cumhuriyetle sonu\u00e7land\u0131. Bu y\u00f6netim ve g\u00f6\u00e7 katmanlar\u0131, Afrika, Hint, Avrupa, \u00c7in, Amerikan yerlisi ve Arap miraslar\u0131n\u0131n birle\u015fti\u011fi bir toplum b\u0131rakt\u0131. Creole, Do\u011fu Hint gelenekleriyle birlikte geli\u015fir; senkretik ritimler g\u00fcnl\u00fck hayata n\u00fcfuz eder.<\/p>\n<p>Petrol ve gaz, \u00fclkenin birincil end\u00fcstriyel damar\u0131n\u0131 olu\u015fturur ve onu genellikle turizme ba\u011f\u0131ml\u0131 olan Karayip akranlar\u0131ndan ay\u0131r\u0131r. Zengin hidrokarbon rezervleri, OECD&#039;nin 2011&#039;de geli\u015fmekte olan kategorinin d\u0131\u015f\u0131nda yeniden s\u0131n\u0131fland\u0131rmas\u0131yla peki\u015ftirilen, k\u00fcresel y\u00fcksek gelir grubunda yer alan ki\u015fi ba\u015f\u0131na d\u00fc\u015fen GSY\u0130H rakamlar\u0131n\u0131n temelini olu\u015fturur. \u00dcretim (g\u0131da maddeleri, i\u00e7ecekler, \u00e7imento) b\u00f6lgesel pazarlara hizmet ederken, tar\u0131m kakao ve turun\u00e7gillere katk\u0131da bulunur. Turizm, ba\u015fka yerlerde oldu\u011fu gibi ekonomik bir dayanak olmasa da, \u00f6zellikle Tobago k\u0131y\u0131lar\u0131nda giderek daha fazla ilgi g\u00f6rmektedir.<\/p>\n<p>Ulusal kimli\u011fin bir simgesi olan Karnaval, bu k\u00fclt\u00fcrel kayna\u015fmay\u0131 \u00f6rneklemektedir. Sokak alaylar\u0131 her \u015eubat veya Mart ay\u0131nda Port of Spain&#039;i canland\u0131r\u0131r, kost\u00fcml\u00fc e\u011flence d\u00fc\u015fk\u00fcnleri kalipso ve soca \u00f6nc\u00fclerini \u00f6ver; \u00e7elik tava orkestralar\u0131 Afrika yarat\u0131c\u0131l\u0131\u011f\u0131ndan do\u011fan melodilerle sohbet eder; limbo dans\u00e7\u0131lar\u0131 yer\u00e7ekiminin meydan okumas\u0131n\u0131 dile getirir. Hosay anmalar\u0131 ve Diwali ayd\u0131nlatma t\u00f6renleri dini takvimleri i\u015faretlerken, \u00e7utney ve parang melez m\u00fczik leh\u00e7eleri olarak yank\u0131lan\u0131r. Hem K\u0131z\u0131lderili Var\u0131\u015f G\u00fcn\u00fc hem de \u00d6zg\u00fcrl\u00fck G\u00fcn\u00fc, s\u00f6zle\u015fme ve \u00f6zg\u00fcrl\u00fc\u011f\u00fc tan\u0131yan ulusal bayramlar olarak tekil bir stat\u00fcye sahiptir - d\u00fcnya \u00e7ap\u0131nda bu t\u00fcr ilk resmi tan\u0131malar.<\/p>\n<p>Ula\u015f\u0131m a\u011flar\u0131 modern talebin ve do\u011fal k\u0131s\u0131tlaman\u0131n ikili\u011fini yans\u0131t\u0131r. Otoyollar\u2014Uriah Butler, Churchill\u2013Roosevelt ve Sir Solomon Hochoy\u2014Trinidad&#039;\u0131n n\u00fcfuslu koridorunu ba\u011flarken, Tobago i\u00e7 ba\u011flant\u0131 i\u00e7in Claude Noel Otoyolu&#039;na g\u00fcvenir. Toplu ta\u015f\u0131ma otob\u00fcsleri, \u00f6zel taksiler ve minib\u00fcsler bu ana arterleri ge\u00e7er. Feribotlar ve su taksileri Port of Spain&#039;i Scarborough ve San Fernando ile birle\u015ftirir; hava Piarco Uluslararas\u0131 Havaalan\u0131 ve ANR Robinson Uluslararas\u0131 Havaalan\u0131 taraf\u0131ndan delinmeye devam eder. 1931&#039;de a\u00e7\u0131lan ve on y\u0131llar boyunca yeniden geli\u015ftirilen Piarco, 2023&#039;te Skytrax&#039;\u0131n En \u0130yi Karayip Havaalan\u0131 \u00f6d\u00fcl\u00fcn\u00fc kazand\u0131, 2008&#039;de yakla\u015f\u0131k 2,6 milyon yolcuya ev sahipli\u011fi yapt\u0131 ve Caribbean Airlines&#039;\u0131n merkezi olarak hizmet verdi.<\/p>\n<p>Cumhuriyetin k\u0131y\u0131 \u015feritleri, karakterleri belirgin \u015fekilde farkl\u0131 olan plajlar\u0131n bir panoramas\u0131n\u0131 ortaya koyar. Trinidad&#039;\u0131n kuzey k\u0131y\u0131s\u0131, Maracas ve Las Cuevas&#039;ta tozlu kum ve kristal s\u00f6rf sunar; Mayaro&#039;nun do\u011fuya yakla\u015f\u0131m\u0131, kabuklu kumun daha geni\u015f alanlar\u0131n\u0131 sunar. Quinam&#039;\u0131n sular\u0131, daha s\u0131cak bir renk tonu veren Orinoco Nehri&#039;nin tortul izini ta\u015f\u0131r. Buna kar\u015f\u0131l\u0131k, Tobago&#039;nun G\u00fcvercin Burnu ve \u0130ngiliz Koyu, Karayip idilinin poster \u00e7ocuklar\u0131 olmaya devam ediyor - sakin lag\u00fcnlerle \u00e7evrili beyaz kum, kol mesafesinde mercan bah\u00e7eleri.<\/p>\n<p>Batakl\u0131k ekosistemleri Trinidad&#039;\u0131n ekolojik portf\u00f6y\u00fcn\u00fc daha da \u00e7e\u015fitlendirir. Bir mangrov koruma alan\u0131 olan Caroni Batakl\u0131\u011f\u0131, alacakaranl\u0131kta k\u0131z\u0131l ibis s\u00fcr\u00fclerine ev sahipli\u011fi yapar, u\u00e7u\u015f yaylar\u0131 yanan g\u00f6ky\u00fcz\u00fcne kar\u015f\u0131 k\u0131z\u0131l \u00e7izgiler \u00e7izer. Do\u011fudaki Nariva, kayman ve su ku\u015flar\u0131n\u0131n geli\u015fti\u011fi tatl\u0131 su batakl\u0131klar\u0131n\u0131 destekler. Bal\u0131k\u00e7\u0131l\u0131k ve ta\u015fk\u0131n kontrol\u00fc i\u00e7in olmazsa olmaz olan bu sulak alanlar, yerel ge\u00e7im kaynaklar\u0131n\u0131n ba\u011fl\u0131 oldu\u011fu kara, su ve yaban hayat\u0131n\u0131n etkile\u015fimini \u00f6rnekler.<\/p>\n<p>\u015eehir hayat\u0131, Port of Spain&#039;in yemye\u015fil bulvarlar\u0131 ve s\u00f6m\u00fcrge kal\u0131nt\u0131lar\u0131 etraf\u0131nda \u015fekillenir, ancak Chaguanas pazarlar\u0131 ve San Fernando&#039;nun nehir k\u0131y\u0131s\u0131ndaki gezinti yerleri de ayn\u0131 derecede canl\u0131d\u0131r. Gece hayat\u0131, \u00e7elik tava notalar\u0131n\u0131n a\u00e7\u0131k hava b\u00fcfelerinden yank\u0131land\u0131\u011f\u0131 Port of Spain&#039;in Ariapita Caddesi gibi b\u00f6lgelere do\u011fru y\u00f6nelir; Chaguaramas&#039;taki kul\u00fcpler \u015fafak vaktine kadar nab\u0131z atar, ancak dikkatsiz ziyaret\u00e7ilere kar\u015f\u0131 dikkatli olunmal\u0131d\u0131r. Cumhuriyetin k\u00fclt\u00fcrel takviminde Phagwah&#039;dan Ganesh Utsav&#039;a kadar Hindu festivalleri, Lent&#039;ten Corpus Christi&#039;ye kadar Hristiyan kutlamalar\u0131, Ramazan Bayram\u0131 ve Hosay gibi M\u00fcsl\u00fcman kutlamalar\u0131 ve Afrika ve yerli miras\u0131n\u0131n an\u0131lmas\u0131 yer al\u0131r.<\/p>\n<p>E\u011fitim ve sa\u011fl\u0131k endeksleri, ekonomik refaha paralel devlet yat\u0131r\u0131mlar\u0131n\u0131 yans\u0131t\u0131r. Okuryazarl\u0131k oranlar\u0131 evrensel seviyelere yak\u0131n seyreder; ilk ve orta \u00f6\u011fretim kurumlar\u0131 her b\u00f6lgeyi i\u015fgal ederken, \u00fc\u00e7\u00fcnc\u00fc \u00f6\u011fretim yerli ve Karayipli \u00f6\u011frencileri ayn\u0131 \u015fekilde \u00e7eker. Hastaneler ve klinikler a\u011f\u0131 arac\u0131l\u0131\u011f\u0131yla sa\u011flanan kamu sa\u011fl\u0131k hizmetleri, a\u015f\u0131lama programlar\u0131n\u0131, anne bak\u0131m hizmetlerini ve tropikal hastal\u0131k g\u00f6zetimini s\u00fcrd\u00fcr\u00fcr.<\/p>\n<p>Karayip Toplulu\u011fu&#039;nun b\u00f6lgesel jeopoliti\u011fi i\u00e7inde, Trinidad ve Tobago enerji tedarik\u00e7isi, diplomatik muhatap ve k\u00fclt\u00fcrel i\u015faret olarak orant\u0131s\u0131z bir etki uygular. Petrol\u00fc ve s\u0131v\u0131la\u015ft\u0131r\u0131lm\u0131\u015f do\u011fal gaz\u0131 daha k\u00fc\u00e7\u00fck kom\u015fular\u0131n\u0131 g\u00fc\u00e7lendirirken, Karnaval\u0131 yar\u0131mk\u00fcrenin d\u00f6rt bir yan\u0131ndan turistleri ve sanat\u00e7\u0131lar\u0131 \u00e7eker. Kuzey Amerika ve Avrupa&#039;daki diaspora topluluklar\u0131 ulus\u00f6tesi ba\u011flar\u0131 s\u00fcrd\u00fcr\u00fcr, para transferleri yapar ve yurtd\u0131\u015f\u0131nda mutfak ve m\u00fczik geleneklerini korur.<\/p>\n<p>Cumhuriyetin gelecek beklentileri \u00e7e\u015fitlendirme \u00e7abalar\u0131na ba\u011fl\u0131d\u0131r: yenilenebilir enerji pilot projeleri, korunan ormanlarda ekoturizm giri\u015fimleri ve Amerikan yerlilerinin alanlar\u0131n\u0131 ve s\u00f6m\u00fcrge mimarisini bir araya getiren miras turizmi devreleri. H\u00fck\u00fcmet planlar\u0131 Trinidad&#039;da hafif rayl\u0131 koridorlar \u00f6ng\u00f6r\u00fcyor, ancak bu t\u00fcr projeler hala iddial\u0131. Tobago, resiflerinin korunmas\u0131n\u0131 s\u00fcrd\u00fcr\u00fclebilir k\u0131y\u0131 \u015feridi geli\u015ftirmeyle dengelemeye \u00e7al\u0131\u015f\u0131yor. Uzun vadeli devlet ve \u00f6zel ortakl\u0131klardan ortaya \u00e7\u0131kan bu giri\u015fimler, ekolojik zenginliklerinin fark\u0131nda olan ve ekonomik temellerini geni\u015fletmeye kararl\u0131 bir ada \u00fclkesini yans\u0131t\u0131yor.<\/p>\n<p>Petrol zenginli\u011fi taraf\u0131ndan \u015fekillendirilmi\u015f olsa da, Trinidad ve Tobago&#039;nun ger\u00e7ek zenginli\u011fi toplumsal potas\u0131nda y\u00fczeye \u00e7\u0131kar; davullar\u0131n ve sitarlar\u0131n konu\u015ftu\u011fu, \u00e7eli\u011fin s\u00f6m\u00fcrge duvarc\u0131l\u0131\u011f\u0131ndan yank\u0131land\u0131\u011f\u0131, mangrovlar\u0131n nehir sular\u0131n\u0131 filtreledi\u011fi ve insanlar\u0131n hem haf\u0131zada hem de melodide tarihi ta\u015f\u0131d\u0131\u011f\u0131 yer. \u00dclkenin \u00f6z\u00fcn\u00fcn devam etti\u011fi yer buras\u0131d\u0131r: co\u011frafyan\u0131n, k\u00fclt\u00fcr\u00fcn ve giri\u015fimcili\u011fin Karayipler&#039;in g\u00fcney ucunda birle\u015fti\u011fi, hi\u00e7bir haritan\u0131n tek ba\u015f\u0131na iletemeyece\u011fi bir dayan\u0131kl\u0131l\u0131k ve yarat\u0131c\u0131l\u0131\u011f\u0131 ortaya koyan bir alem.<\/p>\n<p>\u00d6zetle, Trinidad ve Tobago Cumhuriyeti, G\u00fcney Amerika ile jeolojik s\u00fcreklili\u011fin e\u015fsiz bir kar\u0131\u015f\u0131m\u0131n\u0131, hidrokarbonlara dayal\u0131 \u00e7al\u0131\u015fkan bir ekonomiyi ve Afrika, Hint ve yerli miraslar\u0131na dayanan k\u00fclt\u00fcrel canl\u0131l\u0131\u011f\u0131 ortaya koymaktad\u0131r. Birle\u015fik ama farkl\u0131 ikiz adalar\u0131, da\u011f s\u0131rtlar\u0131ndan mercan resiflerine, \u015fehir karma\u015fas\u0131ndan mangrov sessizli\u011fine kadar uzan\u0131r. Y\u00fczy\u0131llar s\u00fcren s\u00f6m\u00fcrgele\u015ftirme ve \u00f6zerklik boyunca, halk\u0131 festivaller, m\u00fczik ve toplumsal ruhla ay\u0131rt edilen bir toplum \u015fekillendirmi\u015ftir. Bu ikili ada \u00fclkesi, gelenek ve d\u00f6n\u00fc\u015f\u00fcm\u00fcn bir kav\u015fa\u011f\u0131nda durmaktad\u0131r; gelecekteki rotalar\u0131 manzaralar\u0131 kadar \u00e7e\u015fitlidir, kalbi ise r\u00fczg\u00e2rl\u0131 k\u0131y\u0131lar\u0131 kadar kararl\u0131d\u0131r.<\/p>","protected":false},"excerpt":{"rendered":"<p>Trinidad ve Tobago, resmen Trinidad ve Tobago Cumhuriyeti, Karayipler&#039;in en g\u00fcneyindeki \u00fclkedir. Bu dinamik \u00fclke, Trinidad ve Tobago&#039;nun ana adalar\u0131n\u0131n yan\u0131 s\u0131ra bir\u00e7ok k\u00fc\u00e7\u00fck adadan olu\u015fur. Avantajl\u0131 konumlar\u0131, Grenada&#039;n\u0131n sadece 130 kilometre (81 mil) g\u00fcneyinde ve Venezuela&#039;n\u0131n kuzeydo\u011fu k\u0131y\u0131s\u0131n\u0131n 11 kilometre (6,8 mil) a\u00e7\u0131\u011f\u0131ndad\u0131r. Kuzeybat\u0131daki Grenada, do\u011fudaki Barbados, g\u00fcneydeki ve bat\u0131daki Venezuela&#039;n\u0131n hepsinin \u00fclkeyle deniz s\u0131n\u0131rlar\u0131 vard\u0131r. \u00c7o\u011fu insan, Trinidad ve Tobago&#039;nun zengin k\u00fclt\u00fcrel miras\u0131 ve tarihi \u00f6nemiyle bilinen bir b\u00f6lge olan Bat\u0131 Hint Adalar\u0131&#039;na ait oldu\u011fu konusunda hemfikirdir. Ba\u015fkenti Port of Spain&#039;dir; Chaguanas en b\u00fcy\u00fck ve en \u00e7ok n\u00fcfusa sahip belediyedir.<\/p>","protected":false},"author":1,"featured_media":4419,"parent":24084,"menu_order":0,"comment_status":"closed","ping_status":"closed","template":"elementor_theme","meta":{"_eb_attr":"","footnotes":""},"class_list":["post-9003","page","type-page","status-publish","has-post-thumbnail"],"_links":{"self":[{"href":"https:\/\/travelshelper.com\/tr\/wp-json\/wp\/v2\/pages\/9003","targetHints":{"allow":["GET"]}}],"collection":[{"href":"https:\/\/travelshelper.com\/tr\/wp-json\/wp\/v2\/pages"}],"about":[{"href":"https:\/\/travelshelper.com\/tr\/wp-json\/wp\/v2\/types\/page"}],"author":[{"embeddable":true,"href":"https:\/\/travelshelper.com\/tr\/wp-json\/wp\/v2\/users\/1"}],"replies":[{"embeddable":true,"href":"https:\/\/travelshelper.com\/tr\/wp-json\/wp\/v2\/comments?post=9003"}],"version-history":[{"count":0,"href":"https:\/\/travelshelper.com\/tr\/wp-json\/wp\/v2\/pages\/9003\/revisions"}],"up":[{"embeddable":true,"href":"https:\/\/travelshelper.com\/tr\/wp-json\/wp\/v2\/pages\/24084"}],"wp:featuredmedia":[{"embeddable":true,"href":"https:\/\/travelshelper.com\/tr\/wp-json\/wp\/v2\/media\/4419"}],"wp:attachment":[{"href":"https:\/\/travelshelper.com\/tr\/wp-json\/wp\/v2\/media?parent=9003"}],"curies":[{"name":"wp","href":"https:\/\/api.w.org\/{rel}","templated":true}]}}