{"id":8997,"date":"2024-09-06T20:44:09","date_gmt":"2024-09-06T20:44:09","guid":{"rendered":"https:\/\/travelshelper.com\/staging\/?page_id=8997"},"modified":"2026-03-13T17:19:57","modified_gmt":"2026-03-13T17:19:57","slug":"berkeley-springs","status":"publish","type":"page","link":"https:\/\/travelshelper.com\/tr\/destinations\/north-america\/united-states\/berkeley-springs\/","title":{"rendered":"Berkeley Springs"},"content":{"rendered":"<p>Berkeley Springs (resmi olarak Bath kasabas\u0131), Bat\u0131 Virginia&#039;n\u0131n Appalachian eteklerine s\u0131k\u0131\u015fm\u0131\u015f k\u00fc\u00e7\u00fck, tarihi bir tatil beldesidir. N\u00fcfusu 1.000&#039;in alt\u0131ndad\u0131r (2020 n\u00fcfus say\u0131m\u0131na g\u00f6re yakla\u015f\u0131k 899) - ABD&#039;deki en k\u00fc\u00e7\u00fck merkez kasabalardan biridir. Do\u011fu Panhandle&#039;da (Morgan County) bulunan kasaba, Warm Spring Run&#039;\u0131n a\u011fz\u0131nda 656 ft rak\u0131mda, ormanl\u0131k tepeler ve da\u011flarla \u00e7evrilidir. Maryland, Washington County, Potomac Nehri \u00fczerinden kuzeye sadece birka\u00e7 mil uzakl\u0131ktad\u0131r. Co\u011frafya, Berkeley Springs&#039;e k\u0131rsal bir \u00e7ekicilik katar: \u00e7evredeki arazi dik bir \u015fekilde y\u00fckselir (\u00f6zellikle ~2.320 ft y\u00fcksekli\u011findeki Cacapon Da\u011f\u0131) ve 42 km (~26 mil) g\u00fcneydo\u011fuda Martinsburg, WV, 58 km (~36 mil) do\u011fuda ise Hagerstown, MD bulunur.<\/p>\n<p><strong>Berkeley Springs Rakamlarla:<\/strong> Bu k\u00fc\u00e7\u00fck bir kasaban\u0131n profili:<\/p>\n<ul>\n<li><strong>N\u00fcfus:<\/strong> ~900 (2020), daha \u00f6nceki say\u0131mlardaki bin rakam\u0131ndan biraz d\u00fc\u015f\u00fc\u015f. Kasaba sadece 0,3 mil karelik bir alan\u0131 kapl\u0131yor.<\/li>\n<li><strong>Gelir ve Ekonomi:<\/strong> Orta d\u00fczeyde bir servete sahip: ortalama hane geliri yakla\u015f\u0131k <strong>$36,250<\/strong> (2017 tahmini), ABD ortalamas\u0131n\u0131n \u00e7ok alt\u0131nda. \u0130\u015fsizlik d\u00fc\u015f\u00fck (~%3,6), ancak sakinlerin yakla\u015f\u0131k ,2&#039;si yoksulluk i\u00e7inde ya\u015f\u0131yor. Bir\u00e7ok yerel i\u015f turizm, sa\u011fl\u0131k\/spa hizmetleri, h\u00fck\u00fcmet ve perakendede.<\/li>\n<li><strong>Demografi:<\/strong> Neredeyse herkes ABD vatanda\u015f\u0131; kasaba \u00e7o\u011funlukla Beyazlardan olu\u015fuyor. Ortalama ya\u015f y\u00fcksek (yakla\u015f\u0131k 44 y\u0131l), emekliler ve uzun s\u00fcredir birlikte ya\u015fayan aileler i\u00e7in \u00e7ekicili\u011fini yans\u0131t\u0131yor. Emlak de\u011ferleri ve maliyetleri orta d\u00fczeyde - k\u0131smen bunun nedeni buras\u0131n\u0131n bir \u015fehir merkezi olmamas\u0131.<\/li>\n<\/ul>\n<p><strong>Konum ve \u0130klim:<\/strong> Berkeley Springs, engebeli da\u011flar ve ormanlar\u0131n bulundu\u011fu bir b\u00f6lge olan Appalachian b\u00f6lgesinde yer al\u0131r. Nemli bir karasal iklime sahiptir: s\u0131cak, nemli yazlar ve so\u011fuk, karl\u0131 k\u0131\u015flar. Kasaba, kasaba park\u0131nda f\u0131\u015fk\u0131ran s\u0131cak mineral kaynaklar\u0131yla (sabit 74.3\u00b0F) \u00fcnl\u00fcd\u00fcr. Bu kaynaklar y\u00fczy\u0131llard\u0131r Berkeley Springs&#039;i tan\u0131mlam\u0131\u015ft\u0131r; \u015fifal\u0131 sular arayan K\u0131z\u0131lderilileri ve daha sonra s\u00f6m\u00fcrge yerle\u015fimcilerini cezbetmi\u015flerdir.<\/p>\n<p><strong>Tarihsel Anl\u0131k G\u00f6r\u00fcnt\u00fc:<\/strong> Kapl\u0131calar s\u00f6m\u00fcrge \u00f6ncesi zamanlardan beri kullan\u0131lmaktad\u0131r. Asl\u0131nda, George Washington bir zamanlar burada bir \u00e7izim yapm\u0131\u015ft\u0131r (hatta iddia edilen ziyareti nedeniyle eyalet park\u0131nda bir k\u00fcvet bile g\u00f6rebilirsiniz). 1776&#039;da Virginia yasama organ\u0131 Bath kasabas\u0131n\u0131 Warm Springs&#039;te resmen kurarak, ad\u0131n\u0131 \u0130ngiltere&#039;deki Bath&#039;tan alm\u0131\u015ft\u0131r. 19. y\u00fczy\u0131lda Bath (Berkeley Springs) bir spa tesisi olarak iyi biliniyordu; Washington Irving ve Robert Louis Stevenson gibi yazarlar \u015fifal\u0131 sular\u0131n\u0131 \u00f6vd\u00fcler. Bat\u0131 Virginia 1863&#039;te Virginia&#039;dan ayr\u0131ld\u0131\u011f\u0131nda, kasaba Bat\u0131 Virginia&#039;ya d\u00fc\u015ft\u00fc; &#034;Posta ofisi&#034; ad\u0131 (Berkeley Springs) yayg\u0131n bir kullan\u0131m haline geldi. Berkley Springs, tarihi boyunca sessiz bir tatil beldesi olmu\u015ftur. Bug\u00fcn hala Viktorya d\u00f6nemi turizminin izlerini g\u00f6receksiniz - zarif Bathhouse binas\u0131 (1939&#039;da in\u015fa edilmi\u015ftir) ve s\u00f6m\u00fcrge d\u00f6nemi kapl\u0131calar\u0131n\u0131 koruyan parklar.<\/p>\n<p><strong>Yerel K\u00fclt\u00fcr ve Atmosfer:<\/strong> Berkeley Springs, k\u00fc\u00e7\u00fck bir kasaba Appalachian&#039;\u0131 hissettiriyor. \u0130ngilizce konu\u015fuluyor (baz\u0131 ya\u015fl\u0131 yerlilerin hafif bir Da\u011f aksan\u0131 olabilir) ve g\u00fcnl\u00fck ya\u015fam sakin bir tempoda ilerliyor. Kom\u015fular birbirlerini tan\u0131yor; Main Street&#039;te y\u00fcr\u00fcrken s\u0131k s\u0131k dost\u00e7a selamla\u015f\u0131rs\u0131n\u0131z. Kasaba sanatsal e\u011filimlere sahip: burada bir\u00e7ok sanat\u00e7\u0131 ve emekli ya\u015f\u0131yor ve yerel galeriler ve el sanatlar\u0131 d\u00fckkanlar\u0131 \u015fehir merkezinde s\u0131ralan\u0131yor. Gelenekler kaynaklar\u0131n etraf\u0131nda d\u00f6n\u00fcyor. \u00d6rne\u011fin, Berkeley Springs Uluslararas\u0131 Su Tad\u0131m\u0131 (her \u015eubat), d\u00fcnyan\u0131n en uzun s\u00fcredir devam eden ve en b\u00fcy\u00fck yar\u0131\u015fmas\u0131 olarak d\u00fcnyaca \u00fcnl\u00fcd\u00fcr. Ayr\u0131ca, her Ekim ay\u0131nda d\u00fczenlenen Elma Tereya\u011f\u0131 Festivali (1974&#039;ten beri devam ediyor) kalabal\u0131klar\u0131 elma \u015farab\u0131n\u0131n s\u0131k\u0131ld\u0131\u011f\u0131n\u0131 ve m\u00fczi\u011fin \u00e7al\u0131nd\u0131\u011f\u0131n\u0131 g\u00f6rmeye \u00e7a\u011f\u0131r\u0131yor. Bu festivaller, toplumun dost canl\u0131s\u0131 ruhunu yans\u0131t\u0131yor: Bir ziyaret\u00e7i, &#034;Berkeley Springs gizli bir m\u00fccevher gibi hissettiriyor - insanlar\u0131 miraslar\u0131yla gurur duyuyor ve buradaki festivaller bir \u015fekilde hem \u015fenlikli hem de ev gibi hissettiriyor.&#034; diyor. Y\u00f6re halk\u0131, y\u00fczy\u0131llard\u0131r bu kaynaklarla ya\u015faman\u0131n bir miras\u0131 olan, kasabaya hakim olan &#034;huzur duygusundan&#034; s\u0131k s\u0131k s\u00f6z ediyor.<\/p>\n<p><strong>En \u0130yi Gezilecek Yerler:<\/strong> B\u00f6yle k\u00fc\u00e7\u00fck bir yer i\u00e7in bekledi\u011finizden daha fazla yap\u0131lacak \u015fey var:<\/p>\n<ul>\n<li><strong>Berkeley Springs Eyalet Park\u0131 ve Hamamlar\u0131:<\/strong> Ta\u00e7 m\u00fccevheri. Eyalet Park\u0131 (\u015fehir merkezinde) orijinal s\u0131cak su kayna\u011f\u0131n\u0131 korur. Tarihi Roma Hamam\u0131 ve m\u00fczesini ziyaret edebilir ve hatta mineral banyosu veya masaj yapt\u0131rmak i\u00e7in \u00f6deme yapabilirsiniz. (Kaynak havuzlar\u0131na ve m\u00fczeye bakmak i\u00e7in giri\u015f \u00fccretsizdir ancak banyo yapmak i\u00e7in makul bir \u00fccret gerekir.) Kasaban\u0131n \u00fcnl\u00fc oldu\u011fu \u015fey tam olarak budur - yerliler suyun her t\u00fcrl\u00fc a\u011fr\u0131ya iyi geldi\u011fini s\u00f6yl\u00fcyor.<\/li>\n<li><strong>George Washington&#039;un K\u00fcveti:<\/strong> K\u0131sa bir yolun a\u015fa\u011f\u0131s\u0131nda, Ba\u015fkan Washington&#039;\u0131n ziyareti s\u0131ras\u0131nda i\u00e7inde \u0131sland\u0131\u011f\u0131 s\u00f6ylenen efsanevi ta\u015f k\u00fcvetin sergilendi\u011fi k\u00fc\u00e7\u00fck bir m\u00fcze var. (\u0130\u015flevsel olmaktan \u00e7ok semboliktir, ancak ilgin\u00e7 bir foto\u011fraf f\u0131rsat\u0131d\u0131r.)<\/li>\n<li><strong>Yerel Sanat ve Tarih:<\/strong> Morgan County M\u00fczesi (eski il\u00e7e hapishane binas\u0131nda) park\u0131n yan\u0131ndad\u0131r ve yerel tarihi anlat\u0131r. \u00c7ok say\u0131da sanat galerisi ve st\u00fcdyoda \u00e7anak \u00e7\u00f6mlek, cam, resim ve el sanatlar\u0131 sergilenir. Fairfax Caddesi&#039;nde y\u00fcr\u00fcy\u00fc\u015f yaparak benzersiz d\u00fckkanlar (kitaplar, antikalar, m\u00fccevherler) bulabilirsiniz.<\/li>\n<li><strong>A\u00e7\u0131k Hava Rekreasyonu:<\/strong> \u015eehrin on mil g\u00fcneyinde, y\u00fcr\u00fcy\u00fc\u015f parkurlar\u0131 (2.320 ft&#039;ye kadar Cacapon Da\u011f\u0131 dahil), golf sahas\u0131 ve g\u00f6l\/plaj y\u00fczme imkan\u0131 sunan Cacapon Resort Eyalet Park\u0131 bulunmaktad\u0131r. Bir\u00e7ok ziyaret\u00e7i burada bir spa g\u00fcn\u00fcn\u00fc \u00f6\u011fleden sonra y\u00fcr\u00fcy\u00fc\u015f\u00fc veya piknikle birle\u015ftirir. Yak\u0131nlardaki George Washington Ulusal Orman\u0131 ve Appalachian Yolu da vah\u015fi do\u011fa y\u00fcr\u00fcy\u00fc\u015fleri sunar.<\/li>\n<li><strong>Ba\u011flar ve Tad\u0131m:<\/strong> Berkeley Springs, Shenandoah Vadisi \u015farap b\u00f6lgesinin kuzey ucunda yer al\u0131r. Birka\u00e7 yerel \u00fcz\u00fcm ba\u011f\u0131 ve \u015farap imalathanesi (\u00f6rne\u011fin Cacapon, Warm Springs Winery) kolayca ara\u00e7la gidilebilecek mesafededir ve tad\u0131mlar sunar.<\/li>\n<li><strong>\u015eehir Merkezi ve Yemek:<\/strong> Tarihi \u015fehir merkezi b\u00f6lgesi (18. y\u00fczy\u0131l mimarisiyle) y\u00fcr\u00fcyerek gezilebilir. Rahat kafelerden birinde kahvalt\u0131 yapmay\u0131 veya yerel favori olan The Wild Bean&#039;de Bel\u00e7ika usul\u00fc waffle yemeyi ka\u00e7\u0131rmay\u0131n. Appalachian South, doyurucu yemekleriyle bilinir ve burada yerel restoranlarda alabal\u0131k, barbek\u00fc ve ev yap\u0131m\u0131 turtalar\u0131n tad\u0131n\u0131 \u00e7\u0131karabilirsiniz. Yerel bir lokanta, \u00fclke jambonu ve yumurtas\u0131yla \u00fcnl\u00fc olmaya devam ediyor. Kasaba k\u00fc\u00e7\u00fck oldu\u011fu i\u00e7in lokantada veya postanede yerel halkla kar\u015f\u0131la\u015fmak yayg\u0131nd\u0131r ve bu da dost canl\u0131s\u0131, kom\u015fuluk hissini daha da art\u0131r\u0131r.<\/li>\n<\/ul>\n<p><strong>Pratik \u00d6zet:<\/strong> Berkeley Springs&#039;te b\u00fcy\u00fck havaalan\u0131 veya tren yoktur. \u00c7o\u011fu ziyaret\u00e7i Washington Dulles&#039;a (IAD, ~70 mil kuzey) veya Baltimore\/Washington&#039;a (BWI, ~90 mil) u\u00e7ar ve araba kiralar. DC&#039;den yakla\u015f\u0131k 2 saatlik bir s\u00fcr\u00fc\u015f mesafesindedir (I-270 ve I-70 bat\u0131 \u00fczerinden). Kasabaya do\u011frudan US Highway 522 (kuzey-g\u00fcney y\u00f6n\u00fcnde uzan\u0131r) ve WV Route 9 (Martinsburg, WV&#039;den gelir) ile ula\u015f\u0131l\u0131r. Yol \u00fczerindeki manzara k\u0131rsal Appalachian&#039;d\u0131r - g\u00fczel ama virajl\u0131, bu y\u00fczden dikkatli s\u00fcr\u00fcn. (K\u0131\u015f\u0131n buzlu yollarda zincir veya 4WD gerekebilir.)<\/p>\n<p>Buraya vard\u0131\u011f\u0131n\u0131zda Berkeley Springs&#039;teki her \u015fey yak\u0131n. Merkez park ve d\u00fckkanlar birbirinden yar\u0131m mil uzakl\u0131kta oldu\u011fundan y\u00fcr\u00fcyerek kolayca ke\u015ffedebilirsiniz. Taksiler neredeyse yok denecek kadar az, bu nedenle Cacapon Park veya uzak patikalar gibi yerlere ula\u015fmak i\u00e7in kiral\u0131k bir araba \u00f6nerilir.<\/p>\n<p><strong>Yerel \u0130pu\u00e7lar\u0131:<\/strong> K\u00fc\u00e7\u00fck al\u0131\u015fveri\u015fleriniz i\u00e7in nakit getirin (baz\u0131 hanlar ve d\u00fckkanlar sadece nakit kabul ediyor) ve restoranlarda -20 bah\u015fi\u015f verin. Standart ABD g\u00f6rg\u00fc kurallar\u0131 ge\u00e7erlidir (el s\u0131k\u0131\u015fma, &#034;l\u00fctfen\/te\u015fekk\u00fcr ederim&#034;). Yerliler \u00e7ok misafirperverdir; bir garson sohbete ba\u015flarsa veya ba\u015fka bir m\u00fc\u015fteri patika tavsiyesi verirse \u015fa\u015f\u0131rmay\u0131n. G\u00fcvenlik: Berkeley Springs son derece g\u00fcvenlidir; su\u00e7 oran\u0131 minimumdur. (Herkesin sadece bagajlar\u0131n\u0131 kilitledi\u011fini, kap\u0131lar\u0131n\u0131 kilitlemedi\u011fini g\u00f6rmek yayg\u0131nd\u0131r.) Ancak, y\u00fcr\u00fcy\u00fc\u015fe \u00e7\u0131k\u0131yorsan\u0131z yaban hayat\u0131na dikkat edin: ormanlarda kara ay\u0131lar ve keneler g\u00f6r\u00fcnebilir, bu nedenle buna g\u00f6re plan yap\u0131n. S\u0131rtlarda cep telefonu \u00e7ekimi zay\u0131f olabilir; arka yollar\u0131 ke\u015ffederken bas\u0131l\u0131 bir harita veya \u00e7evrimd\u0131\u015f\u0131 GPS ak\u0131ll\u0131ca olacakt\u0131r. Kaynaklar\u0131n ve k\u00fc\u00e7\u00fck kasaba cazibesinin tad\u0131n\u0131 \u00e7\u0131kar\u0131n ve k\u0131rsal Bat\u0131 Virginia&#039;n\u0131n yaz sonlar\u0131nda orman yang\u0131n\u0131 riski ya\u015fad\u0131\u011f\u0131n\u0131 unutmay\u0131n; kamp ate\u015fi yakmay\u0131 planl\u0131yorsan\u0131z yerel uyar\u0131lar\u0131 kontrol edin.<\/p>","protected":false},"excerpt":{"rendered":"<p>Appalachian Da\u011flar\u0131&#039;nda yer alan b\u00fcy\u00fcleyici bir kasaba olan Berkeley Springs, Bat\u0131 Virginia&#039;daki Morgan County&#039;nin il\u00e7e merkezi olarak hizmet vermektedir. Eyaletin do\u011fu \u00e7\u0131k\u0131nt\u0131s\u0131nda bulunan bu pitoresk yer, genellikle tarihi ad\u0131 olan Bath Kasabas\u0131 ile an\u0131l\u0131r. Kasaban\u0131n k\u00f6kenleri, Virginia Yasama Meclisi&#039;nin onu do\u011fal kaynaklar\u0131n etraf\u0131na dahil ederek Bath ad\u0131n\u0131 verdi\u011fi 1776 y\u0131l\u0131na dayan\u0131r. Ancak, 1802&#039;den beri, orijinal postanesinden sonra Berkeley Springs olarak yayg\u0131n olarak bilinmektedir. 2020 n\u00fcfus say\u0131m\u0131na g\u00f6re, kasaban\u0131n n\u00fcfusu 758&#039;dir ve bu da onu Hagerstown-Martinsburg metropol alan\u0131n\u0131n ilgin\u00e7 ancak \u00f6nemli bir par\u00e7as\u0131 haline getirir.<\/p>","protected":false},"author":1,"featured_media":17466,"parent":8072,"menu_order":0,"comment_status":"closed","ping_status":"closed","template":"elementor_theme","meta":{"_eb_attr":"","footnotes":""},"class_list":["post-8997","page","type-page","status-publish","has-post-thumbnail"],"_links":{"self":[{"href":"https:\/\/travelshelper.com\/tr\/wp-json\/wp\/v2\/pages\/8997","targetHints":{"allow":["GET"]}}],"collection":[{"href":"https:\/\/travelshelper.com\/tr\/wp-json\/wp\/v2\/pages"}],"about":[{"href":"https:\/\/travelshelper.com\/tr\/wp-json\/wp\/v2\/types\/page"}],"author":[{"embeddable":true,"href":"https:\/\/travelshelper.com\/tr\/wp-json\/wp\/v2\/users\/1"}],"replies":[{"embeddable":true,"href":"https:\/\/travelshelper.com\/tr\/wp-json\/wp\/v2\/comments?post=8997"}],"version-history":[{"count":0,"href":"https:\/\/travelshelper.com\/tr\/wp-json\/wp\/v2\/pages\/8997\/revisions"}],"up":[{"embeddable":true,"href":"https:\/\/travelshelper.com\/tr\/wp-json\/wp\/v2\/pages\/8072"}],"wp:featuredmedia":[{"embeddable":true,"href":"https:\/\/travelshelper.com\/tr\/wp-json\/wp\/v2\/media\/17466"}],"wp:attachment":[{"href":"https:\/\/travelshelper.com\/tr\/wp-json\/wp\/v2\/media?parent=8997"}],"curies":[{"name":"wp","href":"https:\/\/api.w.org\/{rel}","templated":true}]}}