{"id":8991,"date":"2024-09-06T18:39:21","date_gmt":"2024-09-06T18:39:21","guid":{"rendered":"https:\/\/travelshelper.com\/staging\/?page_id=8991"},"modified":"2026-03-13T21:29:18","modified_gmt":"2026-03-13T21:29:18","slug":"sari-kaynaklar","status":"publish","type":"page","link":"https:\/\/travelshelper.com\/tr\/destinations\/north-america\/united-states\/yellow-springs\/","title":{"rendered":"Sar\u0131 Kaynaklar"},"content":{"rendered":"<p>Ohio&#039;daki Yellow Springs, sadece 3.697 sakini olan k\u00fc\u00e7\u00fck bir k\u00f6yd\u00fcr (2020 n\u00fcfus say\u0131m\u0131). Greene County&#039;de yer al\u0131r ve Dayton metropol alan\u0131n\u0131n bir par\u00e7as\u0131d\u0131r. Say\u0131lar\u0131 k\u00fc\u00e7\u00fck olsa da, n\u00fcfusu son on y\u0131llarda yakla\u015f\u0131k 3.500 ile 4.000 aras\u0131nda de\u011fi\u015fmi\u015ftir.<\/p>\n<p>K\u00f6yde \u00e7o\u011funluk Beyaz (2010 itibar\u0131yla yakla\u015f\u0131k ) ve \u00f6nemli bir Siyah az\u0131nl\u0131k (yakla\u015f\u0131k ) bulunmaktad\u0131r. Hispanik\/Latin k\u00f6kenli sakinler birka\u00e7 y\u00fczdedir. Yellow Springs&#039;in daha ya\u015fl\u0131 bir profili vard\u0131r: ortanca ya\u015f 48,5&#039;ti (2010), ulusal ortalamadan daha y\u00fcksekti. Hanelerin b\u00fcy\u00fck bir k\u0131sm\u0131 aile olmayan veya yaln\u0131z ya\u015fayan bireylerdir (\u00f6\u011frenciler, emekliler ve tek ki\u015filik evler). Ekonomik olarak gelirler orta d\u00fczeydedir: 2010 ortanca hane ~56.000$ ve ailelerin sadece yakla\u015f\u0131k %6,7&#039;si yoksulluk s\u0131n\u0131r\u0131n\u0131n alt\u0131ndad\u0131r. E\u011fitim seviyesi y\u00fcksektir \u2014 bir\u00e7ok yerlinin \u00fcniversite derecesi vard\u0131r, k\u0131smen Antioch College&#039;\u0131n varl\u0131\u011f\u0131 nedeniyle.<\/p>\n<p>Yellow Springs&#039;in ekonomisi eklektiktir. Perakende ve turizmiyle bilinir: YS \u015fehir merkezinde iki blokluk bir alanda 100&#039;den fazla ma\u011faza, galeri ve kafe vard\u0131r. Bunlar\u0131n \u00e7o\u011fu yerel sanat\u00e7\u0131lara veya zanaatkarlara aittir ve k\u00f6y\u00fcn sanat, zanaat ve organik g\u0131dalara verdi\u011fi \u00f6nemi yans\u0131t\u0131r. K\u00fc\u00e7\u00fck bir liberal sanat okulu olan Antioch College, tarihsel olarak b\u00fcy\u00fck bir yerel i\u015fveren olmu\u015ftur (ve k\u0131sa bir kapan\u0131\u015ftan sonra 2011&#039;de yeniden a\u00e7\u0131lm\u0131\u015ft\u0131r). Tar\u0131m (Young&#039;s Jersey Dairy gibi s\u00fct \u00e7iftlikleri) de bir rol oynar: Young&#039;s Dairy, Ohio&#039;nun en b\u00fcy\u00fck s\u00fct \u00e7iftliklerinden biridir ve mini golf ve hayvanat bah\u00e7esiyle pop\u00fcler bir yer olarak hizmet vermektedir. Ortalama gelirler (belirtildi\u011fi gibi) makuld\u00fcr ancak evler, buraya ta\u015f\u0131nan yabanc\u0131lar\u0131n (sanat\u00e7\u0131lar, teknoloji \u00e7al\u0131\u015fanlar\u0131) talebiyle k\u0131rsal Ohio i\u00e7in beklenenden daha pahal\u0131d\u0131r. \u00d6zetle, Yellow Springs ni\u015f bir bohem merkezi olarak i\u015flev g\u00f6rmektedir - ekonomisi b\u00fcy\u00fck \u00f6l\u00e7\u00fcde yerel sakinlere ve benzersizli\u011fine \u00e7ekilen ziyaret\u00e7ilere hizmet etmektedir.<\/p>\n<p>Yellow Springs, Ohio&#039;nun g\u00fcneybat\u0131s\u0131nda, Dayton&#039;\u0131n yakla\u015f\u0131k 30 mil do\u011fusunda ve Columbus&#039;un 50 mil bat\u0131s\u0131nda yer al\u0131r. Little Miami Nehri vadisinde yakla\u015f\u0131k 1.020 fit y\u00fckseklikte yer al\u0131r. Bu alan, buzul ovalar\u0131na ge\u00e7i\u015f yapan Appalachian eteklerinin bir par\u00e7as\u0131 olan hafif engebelidir. Little Miami Scenic Nehri (Ulusal Vah\u015fi ve Manzaral\u0131 Nehir), \u015fehrin hemen g\u00fcneyinden ge\u00e7er ve onu \u00e7evreleyen kire\u00e7ta\u015f\u0131 ge\u00e7itleri vard\u0131r.<\/p>\n<p>K\u00f6y, ormanl\u0131k eyalet parklar\u0131 (kuzeyde ve bat\u0131da) ve a\u00e7\u0131k tar\u0131m arazileri (do\u011fuda) aras\u0131nda yer almaktad\u0131r. Herhangi bir eyaletleraras\u0131 yoldan olduk\u00e7a uzaktad\u0131r; en yak\u0131n ana yol Dayton yak\u0131nlar\u0131ndaki I-675&#039;tir. Yellow Springs, &#034;Ortabat\u0131&#034; bir yer oldu\u011funu iddia ediyor: topraklar zengin, arazi yaprak d\u00f6ken ormanlar ve otlaklarla ye\u015fil ve tepeleri akarsular ve g\u00f6ller s\u00fcsl\u00fcyor. Cincinnati&#039;den (yakla\u015f\u0131k 1 saat g\u00fcneybat\u0131) veya Columbus&#039;tan (1,5 saat do\u011fu) eri\u015filebilir bir inziva yeridir, ancak k\u0131vr\u0131ml\u0131 il\u00e7e yollar\u0131 nedeniyle uzak bir k\u00f6y gibi hissettirir.<\/p>\n<p>Yellow Springs nemli bir karasal iklime sahiptir. Yazlar s\u0131cak ve bazen nemlidir; g\u00fcnd\u00fczleri ortalama en y\u00fcksek s\u0131cakl\u0131klar 80\u00b0F (29\u201330\u00b0C) aras\u0131ndad\u0131r. K\u0131\u015flar so\u011fuk olabilir: ortalama en d\u00fc\u015f\u00fck s\u0131cakl\u0131klar 20\u00b0F (yakla\u015f\u0131k -5\u00b0C)&#039;ye d\u00fc\u015fer ve kar yayg\u0131nd\u0131r (y\u0131lda birka\u00e7 fit). Sonbahar ve ilkbaharda s\u0131ras\u0131yla renkli yapraklar veya \u00e7i\u00e7ekler g\u00f6r\u00fcl\u00fcr. K\u00f6y d\u00f6rt mevsimi de belirgin bir \u015fekilde ya\u015far ve kasabada a\u011fa\u00e7larla iyi g\u00f6lgelenmi\u015f olsa da vah\u015fi hava ko\u015fullar\u0131 meydana gelebilir (yaz\u0131n g\u00f6k g\u00fcr\u00fclt\u00fcl\u00fc f\u0131rt\u0131nalar, k\u0131\u015f\u0131n ara s\u0131ra buz f\u0131rt\u0131nalar\u0131). (Bir seyahat rehberi yazlar\u0131 en y\u00fcksek s\u0131cakl\u0131klar\u0131n ~85\u00b0F ve k\u0131\u015flar\u0131 en d\u00fc\u015f\u00fck s\u0131cakl\u0131klar\u0131n ~21\u00b0F oldu\u011funu belirtir ki bu Ohio b\u00f6lgesi i\u00e7in tipiktir.)<\/p>\n<p>Yellow Springs&#039;in benzersiz bir \u00fctopik k\u00f6keni ve hikayeli bir ge\u00e7mi\u015fi vard\u0131r. Indiana&#039;daki bir \u00fctopik topluluktan esinlenerek \u00fctopik bir topluluk yaratmay\u0131 ama\u00e7layan sosyal reformcu Robert Owen&#039;\u0131n takip\u00e7ileri taraf\u0131ndan kurulmu\u015ftur. Yeni k\u00f6ye, b\u00f6lgedeki sa\u011fl\u0131k yararlar\u0131 ile bilinen demir a\u00e7\u0131s\u0131ndan zengin mineral kaynaklar\u0131 olan &#034;sar\u0131 p\u0131narlar&#034;\u0131n ad\u0131n\u0131 vermi\u015flerdir. Ancak, Owenite topluluk deneyi birka\u00e7 y\u0131l i\u00e7inde da\u011f\u0131lm\u0131\u015f olsa da, kasaba kendi ba\u015f\u0131na hayatta kalm\u0131\u015ft\u0131r. 1856&#039;da t\u00fczel ki\u015fili\u011fe sahip bir k\u00f6y olarak adland\u0131r\u0131lm\u0131\u015ft\u0131r.<\/p>\n<p>Antik \u00e7a\u011f\u0131n ve do\u011fan\u0131n ke\u015ffi bir rol oynad\u0131: 19. y\u00fczy\u0131l\u0131n sonlar\u0131nda, Little Miami Demiryolu, YS&#039;ye gelen ziyaret\u00e7ileri kapl\u0131calarda \u015fifa aramaya getirdi. Eski Demiryolu \u0130stasyonu (\u015fimdi bir kafe) hala ayakta ve o d\u00f6neme geri d\u00f6n\u00fcyor.<\/p>\n<p>1850&#039;de Antioch College burada kuruldu (dersler birka\u00e7 y\u0131l sonra ba\u015flasa da) ve ilk ba\u015fkan\u0131 Horace Mann oldu. Antioch, ilerici e\u011fitim ve 1920&#039;lerde Ba\u015fkan Arthur E. Morgan taraf\u0131ndan geli\u015ftirilen \u00e7al\u0131\u015fma-\u00f6\u011frenme modeliyle \u00fcnlendi. Bu, \u00f6zg\u00fcr d\u00fc\u015f\u00fcn\u00fcrleri ve entelekt\u00fcelleri cezbetti. YS, on y\u0131llar boyunca &#034;bohem&#034; bir \u00fcne kavu\u015ftu.<\/p>\n<p>Ancak, Antioch \u00dcniversitesi (kolejden ayr\u0131lan) mali krizlerle kar\u015f\u0131 kar\u015f\u0131ya kald\u0131; 2008&#039;de kolej kapand\u0131, ancak mezunlar onu yeniden canland\u0131rarak 2011&#039;de yeniden a\u00e7t\u0131. S\u00fcrekli \u00f6\u011frenci ve etkinlik ak\u0131\u015f\u0131 olan kolej, kasaban\u0131n hayat\u0131n\u0131 b\u00fcy\u00fck \u00f6l\u00e7\u00fcde etkiliyor. Bir\u00e7ok \u00f6\u011fretim g\u00f6revlisi ve mezun kasabada kal\u0131yor ve 1920&#039;lerde Antioch Bookplate (\u015fimdi Creative Memories) gibi i\u015fletmeler kuruyor.<\/p>\n<p>20. y\u00fczy\u0131l boyunca Yellow Springs, muhalifler, sanat\u00e7\u0131lar, aktivistler ve ekolojistler i\u00e7in bir cennet olarak kald\u0131. Eski \u015fehir merkezi (baz\u0131 binalar art\u0131k Ulusal Sicil&#039;de) ve \u00e7evresindeki vadiler (Glen Helen, Clifton Gorge) uzun zamand\u0131r do\u011fa severleri cezbetmektedir. Bug\u00fcn, bu d\u00f6nemlerin kal\u0131nt\u0131lar\u0131 varl\u0131\u011f\u0131n\u0131 s\u00fcrd\u00fcrmektedir: k\u00fc\u00e7\u00fck kasaba Viktorya evleri, topluluk taraf\u0131ndan i\u015fletilen Glen Helen Do\u011fa Koruma Alan\u0131 (kamu giri\u015f \u00fccreti yok) ve canl\u0131 bir sanat sahnesi, hepsi kurulu\u015funda ekilen yenilik\u00e7ilik ve \u00e7evrecilik miras\u0131na dayanmaktad\u0131r.<\/p>\n<p>Yellow Springs, samimi, tuhaf ve ilerici atmosferiyle bilinir. Yerel Karakter: \u0130ngilizce evrensel olarak konu\u015fulur, ancak genellikle liberal de\u011ferleri, D\u00fcnya odakl\u0131 sloganlar\u0131 veya esprili sloganlar\u0131 ilan eden ti\u015f\u00f6rtler veya tampon \u00e7\u0131kartmalar\u0131 g\u00f6r\u00fcrs\u00fcn\u00fcz (yerel bir efsaneye g\u00f6re YS siyasi tabelalar\u0131 Se\u00e7im zaman\u0131 asla &#034;yanl\u0131\u015f y\u00f6ne&#034; gitmez!). K\u00f6yde kesinlikle kar\u015f\u0131 k\u00fclt\u00fcr havas\u0131 vard\u0131r. Bir\u00e7ok sakin sanat\u00e7\u0131, \u00f6\u011fretmen veya sosyal hizmet g\u00f6revlisidir; tersine, bir k\u0131sm\u0131 Dayton&#039;daki teknoloji i\u015flerine gidip gelir. Genellikle tasmal\u0131 bir k\u00f6pe\u011fi ok\u015fayan veya parmak aras\u0131 terliklerle \u015fehirde bisiklet s\u00fcren birini g\u00f6r\u00fcrs\u00fcn\u00fcz.<\/p>\n<p>YS, b\u00fcy\u00fckl\u00fc\u011f\u00fcne g\u00f6re \u015fa\u015f\u0131rt\u0131c\u0131 derecede yo\u011fun bir sanat etkinli\u011fine sahip. Galeri a\u00e7\u0131l\u0131\u015flar\u0131, halk konserleri ve deneysel tiyatro g\u00f6sterileri s\u0131kl\u0131kla ger\u00e7ekle\u015fiyor. Yellow Springs Sanat Konseyi her A\u011fustos ay\u0131nda \u00c7imlerde Sanat gibi etkinlikler d\u00fczenliyor (100&#039;den fazla sanat ve el i\u015fi sat\u0131c\u0131s\u0131). Y\u0131lda iki kez (Haziran ve Ekim) Sokak Fuar\u0131 \u015fehir merkezini ele ge\u00e7iriyor. Bu \u00f6nemli bir olay: 25.000&#039;den fazla ki\u015fi canl\u0131 m\u00fczik, yemek ve y\u00fczlerce el sanatlar\u0131 stand\u0131 i\u00e7in iki bloklu merkezde bir araya geliyor. (Fuar o kadar b\u00fcy\u00fck ki alt\u0131 ayda bir d\u00fczenleniyor - bir kez Haziran&#039;da, bir kez Ekim&#039;de, her seferinde toplumu canland\u0131r\u0131yor.) Yerel olarak \u00fcretilen bira, ev yap\u0131m\u0131 dondurma (Young&#039;s Jersey Dairy) ve Bluegrass veya halk gruplar\u0131 festivallerin vazge\u00e7ilmezleri.<\/p>\n<p>Yellow Springs ayr\u0131ca daha k\u00fc\u00e7\u00fck etkinliklere de ev sahipli\u011fi yapar: Florida Avenue Festivali (sokak panay\u0131r\u0131), a\u00e7\u0131k hava film g\u00f6sterimleri, \u015fiir okumalar\u0131 ve mevsimlik \u00e7ift\u00e7i pazarlar\u0131. Dikkat \u00e7ekici bir sava\u015f kar\u015f\u0131t\u0131 ve toplumsal aktivizm \u00e7izgisi vard\u0131r; mitingler veya y\u00fcr\u00fcy\u00fc\u015fler (bazen Antioch \u00f6\u011frencileri taraf\u0131ndan y\u00f6netilir) nadir de\u011fildir. Yine de Village Green&#039;de piknik yapan aileleri, Sal\u0131 g\u00fcnleri yoga derslerini ve sessiz yollarda bisiklet s\u00fcren \u00e7ocuklar\u0131 da g\u00f6receksiniz.<\/p>\n<p>Buradaki tempo rahat ama me\u015fgul. \u0130nsanlar s\u00fcrd\u00fcr\u00fclebilirli\u011fe de\u011fer veriyor (her yerde geri d\u00f6n\u00fc\u015f\u00fcm kutular\u0131, yerel g\u0131da kooperatifleri, b\u00fcy\u00fck bir topluluk bah\u00e7esi). Bir\u00e7ok yerel, kasaban\u0131n bilin\u00e7li e\u011filimini yans\u0131tan vejetaryen veya vegan. K\u00fc\u00e7\u00fck boyutuna ra\u011fmen, YS&#039;de \u00e7e\u015fitli yemek mekanlar\u0131 var (l\u00fcks Amerikan Bistro&#039;dan \u00e7iftlikten sofraya kafelere, hatta Karayip ve Akdeniz mekanlar\u0131na kadar). Herhangi bir \u00f6\u011fleden sonra, bir topluluk korosunun \u015fark\u0131 s\u00f6yledi\u011fini duyabilir, bir kukla toplulu\u011funun performans\u0131n\u0131 izleyebilir veya f\u0131r\u0131nda yerel belediye ba\u015fkan\u0131yla kar\u015f\u0131la\u015fabilirsiniz.<\/p>\n<p>Genel olarak, Yellow Springs devam eden bir a\u00e7\u0131k hava sanat fuar\u0131na ad\u0131m atm\u0131\u015f gibi hissettiriyor. En dost canl\u0131s\u0131 kasabalardan biri olarak biliniyor - yabanc\u0131lar hemen selamla\u015f\u0131yor, evcil hayvanlar sevilebiliyor ve s\u00fcrd\u00fcr\u00fclebilirlik veya bar\u0131\u015ftan bahsetmek s\u0131kl\u0131kla sohbete dahil oluyor. K\u00f6y\u00fcn slogan\u0131 (eski tabelalarda hala g\u00f6r\u00fclebiliyor) &#034;Kendinizi Burada Bulun&#034;, YS&#039;nin uyumsuzlu\u011fu ho\u015f kar\u015f\u0131lad\u0131\u011f\u0131 ve yarat\u0131c\u0131 kendini ifade etmeyi te\u015fvik etti\u011fi duygusunu yans\u0131t\u0131yor.<\/p>\n<p>Yellow Springs&#039;in cazibe merkezleri belirli yerler kadar do\u011fa ve ruhla da ilgilidir. Mutlaka g\u00f6r\u00fclmesi gerekenler \u015funlard\u0131r:<\/p>\n<ul>\n<li><strong>Glen Helen Do\u011fa Koruma Alan\u0131:<\/strong> Antioch College&#039;\u0131n biti\u015fi\u011findeki bu 1.000 d\u00f6n\u00fcml\u00fck koruma alan\u0131, \u015felaleler, k\u0131rm\u0131z\u0131 me\u015feler ve beyaz \u00e7amlardan olu\u015fan bir vah\u015fi do\u011fa vahas\u0131d\u0131r. Kasabaya ad\u0131n\u0131 veren Yellow Spring (demir a\u00e7\u0131s\u0131ndan zengin dere) burada bulunur. Pop\u00fcler y\u00fcr\u00fcy\u00fc\u015fler kolay d\u00f6ng\u00fclerden 20 millik Glen Helen D\u00f6ng\u00fcs\u00fc&#039;ne kadar uzan\u0131r. Manzaral\u0131 yerler aras\u0131nda Bridgerton \u015eelaleleri ve Twin Cascades bulunur. Giri\u015f \u00fccreti olmayan bu alan, y\u00fcr\u00fcy\u00fc\u015f, ku\u015f g\u00f6zlemcili\u011fi ve do\u011fal havuzlarda y\u00fczme i\u00e7in sevilen bir topluluk kayna\u011f\u0131d\u0131r.<\/li>\n<li><strong>Clifton Gorge Eyalet Do\u011fa Koruma Alan\u0131:<\/strong> \u015eehrin hemen kuzeyindeki Clifton Gorge, Little Miami Nehri \u00fczerinde etkileyici kire\u00e7ta\u015f\u0131 u\u00e7urumlar\u0131 sunar. Ah\u015fap y\u00fcr\u00fcy\u00fc\u015f yollar\u0131 ve patikalar, akan ak\u0131nt\u0131lar ve alabal\u0131kla dolu havuzlar\u0131n yan\u0131ndan ge\u00e7er. 1,5 mil uzunlu\u011fundaki Loop Trail (Flatstone Dr. park yeri) dik ge\u00e7it duvarlar\u0131n\u0131n manzaralar\u0131n\u0131 sunan aile dostu bir yerdir. Yan\u0131ndaki John Bryan Eyalet Park\u0131 manzaray\u0131 geni\u015fletir. Bu koruma alanlar\u0131 jeoloji ve foto\u011fraf\u00e7\u0131l\u0131k merakl\u0131lar\u0131 i\u00e7in m\u00fckemmeldir.<\/li>\n<li><strong>K\u00fc\u00e7\u00fck Miami Manzara Yolu:<\/strong> Bu 78 mil uzunlu\u011fundaki bisiklet yolu, Greene County&#039;den ge\u00e7en Little Miami Nehri koridorunu takip eder. Yellow Springs&#039;in (Corry St.&#039;de) tam ortas\u0131ndan ge\u00e7er. Ziyaret\u00e7iler genellikle Xenia gibi kom\u015fu k\u00f6ylere veya daha uzak noktalara pedal \u00e7evirmek i\u00e7in bisiklet kiralarlar. Yol boyunca sonbahar renkleri \u00f6zellikle \u00fcnl\u00fcd\u00fcr.<\/li>\n<li><strong>Yellow Springs \u015eehir Merkezi:<\/strong> K\u00f6y merkezi ba\u015fl\u0131 ba\u015f\u0131na bir cazibe merkezidir. 65&#039;ten fazla yerel d\u00fckkan ve restorana ev sahipli\u011fi yapmaktad\u0131r. \u00d6ne \u00e7\u0131kan yerler aras\u0131nda Dark Star Books (s\u0131cak bir kitap\u00e7\u0131\/kafe), Soulgoode Variety (el yap\u0131m\u0131 biralar ve pub yemekleri), Kismet Boutique (etnik k\u0131yafetler), Safari Ice Cream &amp; Sweet Shop ve Hippie Skillet yer almaktad\u0131r. Downtown Farmers Market (ilkbahar-sonbahar, cumartesileri) yerel \u00fcr\u00fcnleri ve el sanatlar\u0131n\u0131 sergiler. Tarihi Mills Lawn School (\u015fimdi bir toplum sanat merkezi) ve y\u00fczy\u0131ll\u0131k St. Mark&#039;s Kilisesi, kasaban\u0131n miras\u0131n\u0131n simgeleridir.<\/li>\n<li><strong>Young&#039;s Jersey S\u00fct \u00dcr\u00fcnleri:<\/strong> \u015eehirden birka\u00e7 mil uzakta, bir restoran, dondurma salonu, hayvanat bah\u00e7esi, mini golf ve vuru\u015f kafesleri olan bir aile \u00e7iftli\u011fi. Aileler ve taze yerel dondurma (\u00e7ikolatal\u0131 nane me\u015fhurdur) isteyen herkes i\u00e7in g\u00f6zde bir yer. Sanatsal anlamda k\u00fclt\u00fcrel bir &#034;zorunluluk&#034; olmasa da, g\u00fcneybat\u0131 Ohio&#039;nun her yerinden insanlar\u0131 \u00e7eken \u00f6nemli bir yerel simgedir.<\/li>\n<li><strong>Yellow Springs Bira Fabrikas\u0131:<\/strong> Xenia Caddesi&#039;ndeki bu yerel zanaat bira fabrikas\u0131 pub yemekleri ve \u00f6d\u00fcll\u00fc biralar sunmaktad\u0131r. Hem kasabal\u0131lar hem de ziyaret\u00e7iler i\u00e7in bir bulu\u015fma noktas\u0131d\u0131r ve genellikle musluk odas\u0131nda (yeralt\u0131nda, tu\u011fla duvarl\u0131) canl\u0131 m\u00fczik vard\u0131r.<\/li>\n<\/ul>\n<p>Tarih merakl\u0131lar\u0131 i\u00e7in: Antioch Hall ve Xenia St.&#039;deki tarihi b\u00f6lge 19. y\u00fczy\u0131l mimarisini yans\u0131t\u0131r. Hidden Lake ve Addison Trails Park daha sakin geziler sunar. Ve hemen \u00f6tesinde: \u00fcnl\u00fc John Bryan Eyalet Park\u0131 ve daha fazla kapal\u0131 k\u00f6pr\u00fc. Ancak \u00e7o\u011fu ki\u015fi i\u00e7in Glen Helen y\u00fcr\u00fcy\u00fc\u015fleri ve \u015fehir merkezinde gezinmenin birle\u015fimi Yellow Springs&#039;in en iyi deneyimleridir.<\/p>\n<p>Yellow Springs&#039;te havaalan\u0131 veya Amtrak yoktur. En yak\u0131n havaalan\u0131 Dayton Uluslararas\u0131 Havaalan\u0131&#039;d\u0131r (yakla\u015f\u0131k 20 mil kuzeybat\u0131), \u015fehre servis veya taksi hizmeti vard\u0131r. Cincinnati\/Kuzey Kentucky Havaalan\u0131 (CVG) yakla\u015f\u0131k 60 mil g\u00fcneybat\u0131dad\u0131r (1-1,5 saat s\u00fcr\u00fc\u015f). Araba ile YS&#039;ye Dayton&#039;dan US-35 (Yellow Springs&#039;ten \u00e7\u0131k\u0131n) veya Xenia&#039;dan 68\/72 Eyalet Yollar\u0131 \u00fczerinden ula\u015fmak en iyisidir. Banliy\u00f6 treni yoktur. Bir zamanlar YS \u00fczerinden Dayton&#039;dan Cincinnati&#039;ye giden bir halk otob\u00fcs\u00fc (GREYHOUND) vard\u0131, ancak sefer saatleri s\u0131n\u0131rl\u0131d\u0131r. Genel olarak, Dayton&#039;a arabayla gelmeyi veya taksi ayarlamay\u0131 planlay\u0131n.<\/p>\n<p>Yellow Springs son derece yaya ve bisiklet dostudur. Kasaban\u0131n kalbi dakikalar i\u00e7inde ba\u015ftan sona y\u00fcr\u00fcyerek gezilebilir. \u00c7o\u011fu konaklama yeri \u015fehir merkezine k\u0131sa bir y\u00fcr\u00fcy\u00fc\u015f mesafesindedir. \u015eehir merkezinde US Lisesi&#039;nin yak\u0131n\u0131nda ve Main Street&#039;in k\u00f6\u015fesinde bol miktarda \u00fccretsiz halka a\u00e7\u0131k park yeri vard\u0131r. Bisikletler yerel d\u00fckkanlardan kiralanabilir (veya kendi bisikletinizi kullanabilirsiniz). K\u00f6y k\u00fc\u00e7\u00fck oldu\u011fundan (2,75 mil kare) ki\u015fisel bir araba yaln\u0131zca Glen Helen, Clifton Gorge veya Young&#039;s Dairy gibi d\u0131\u015f alanlar\u0131 ke\u015ffetmek i\u00e7in gereklidir. Bu parklarda otoparklar vard\u0131r. Glenn Helen&#039;e buzlu yollardan eri\u015fim i\u00e7in k\u0131\u015f\u0131n kar lastikleri \u00f6nerilir, ancak yerel halk ana caddelerdeki kar\u0131 h\u0131zla temizler.<\/p>\n<p>Para birimi USD, dil \u0130ngilizce (yerliler ak\u0131c\u0131 bir \u015fekilde \u0130spanyolca da konu\u015fabilir). Yellow Springs&#039;in samimi, resmi olmayan bir havas\u0131 vard\u0131r. \u0130nsanlar sokakta merhaba der, kolayca sohbet eder ve evcil hayvanlara nazik davran\u0131r (bir\u00e7ok b\u00f6lgede k\u00f6pekler tasmas\u0131z gezer). Ma\u011fazalarda veya restoranlarda personeli selamlamak nazik bir davran\u0131\u015ft\u0131r. Restoranlarda yakla\u015f\u0131k bah\u015fi\u015f vermek gelenekseldir. Yazlar kalabal\u0131k olabilir (\u00f6zellikle Sokak Fuarlar\u0131 s\u0131ras\u0131nda), bu nedenle restoranlarda ve trafikte sab\u0131rl\u0131 olmak takdir edilir. K\u0131\u015f\u0131n, kasaba sakinle\u015fir ve parklara giden \u00e7ak\u0131l yollarda s\u00fcr\u00fc\u015f dikkatli olmay\u0131 gerektirebilir.<\/p>\n<p>YS \u00e7ok g\u00fcvenlidir. D\u00fc\u015f\u00fck su\u00e7 oran\u0131na sahip k\u00fc\u00e7\u00fck bir k\u00f6yd\u00fcr; d\u0131\u015far\u0131dan bakanlar kap\u0131dan kap\u0131ya g\u00fcveni fark eder (sakinler rutin olarak bisikletleri kilitsiz b\u0131rak\u0131r veya bisiklet payla\u015f\u0131m\u0131n\u0131 a\u00e7\u0131k b\u0131rak\u0131r). Normal \u015fehir zekas\u0131 yeterlidir (arabalar\u0131 d\u0131\u015f park alan\u0131na kilitleyin, vb.). \u00d6zellikle \u00e7ocuklar\u0131n ve ailelerin her yerde oldu\u011fu festival hafta sonlar\u0131nda bisikletlilere ve yayalara dikkat edin.<\/p>\n<p>S\u0131ra d\u0131\u015f\u0131 bir nokta: &#034;Sar\u0131 P\u0131nar&#034; Glen Helen&#039;de hala varl\u0131\u011f\u0131n\u0131 s\u00fcrd\u00fcr\u00fcyor, ancak i\u00e7me suyu olarak hi\u00e7 kullan\u0131lmad\u0131 (efsanenin aksine) - bu y\u00fczden dereden bir sa\u011fl\u0131k iksiri almaya \u00e7al\u0131\u015fmay\u0131n. Bunun yerine, do\u011fal g\u00fczelli\u011fin tad\u0131n\u0131 bizzat \u00e7\u0131kar\u0131n.<\/p>\n<p>K\u0131sacas\u0131, Yellow Springs kolayca y\u00fcr\u00fcnebilen k\u00fc\u00e7\u00fck bir kasabad\u0131r. Ziyaret\u00e7ilere tavsiyem: rahat ayakkab\u0131lar getirin (\u00e7ok fazla y\u00fcr\u00fcy\u00fc\u015f ve t\u0131rman\u0131\u015f yapacaks\u0131n\u0131z), do\u011fa koruma alanlar\u0131nda cep telefonu \u00e7ekiminin \u00e7ok d\u00fc\u015f\u00fck olmas\u0131na haz\u0131rl\u0131kl\u0131 olun ve yaz\u0131n ziyaret ediyorsan\u0131z \u00f6nceden plan yap\u0131n (festival tarihleri \u200b\u200bi\u00e7in konaklamay\u0131 erken ay\u0131rt\u0131n). Aksi takdirde, sadece rahatlay\u0131n - buras\u0131 k\u00f6y\u00fcn slogan\u0131n\u0131n da dedi\u011fi gibi, otantik k\u00fc\u00e7\u00fck bir Ohio kasabas\u0131 toplulu\u011funda ger\u00e7ekten &#034;kendinizi bulabilece\u011finiz&#034; bir yerdir.<a href=\"https:\/\/travelshelper.com\/tr\/hedefler\/kuzey-amerika\/amerika-birlesik-devletleri\/berkeley-springs\/\" target=\"_self\" aria-labelledby=\"uael-post-8997\"><br \/>\n<\/a><\/p>","protected":false},"excerpt":{"rendered":"<p>Yellow Springs, ABD&#039;nin Ohio eyaletindeki Greene County&#039;nin kuzey kesiminde bulunan \u015firin bir k\u00f6yd\u00fcr. 2020 n\u00fcfus say\u0131m\u0131na g\u00f6re n\u00fcfus 3.697&#039;dir. Sayg\u0131n Antioch College&#039;a ev sahipli\u011fi yapmas\u0131yla dikkat \u00e7eken bu alan, Dayton metropol alan\u0131n\u0131n bir par\u00e7as\u0131d\u0131r. Bu k\u00f6y, do\u011fal g\u00fczelli\u011finin yan\u0131 s\u0131ra, k\u00fclt\u00fcrel miras ve do\u011fal ortamlar\u0131n benzersiz bir kar\u0131\u015f\u0131m\u0131n\u0131 vurgulayan dikkate de\u011fer bir tarihi ge\u00e7mi\u015f sunar.<\/p>","protected":false},"author":1,"featured_media":17583,"parent":8072,"menu_order":0,"comment_status":"closed","ping_status":"closed","template":"elementor_theme","meta":{"_eb_attr":"","footnotes":""},"class_list":["post-8991","page","type-page","status-publish","has-post-thumbnail"],"_links":{"self":[{"href":"https:\/\/travelshelper.com\/tr\/wp-json\/wp\/v2\/pages\/8991","targetHints":{"allow":["GET"]}}],"collection":[{"href":"https:\/\/travelshelper.com\/tr\/wp-json\/wp\/v2\/pages"}],"about":[{"href":"https:\/\/travelshelper.com\/tr\/wp-json\/wp\/v2\/types\/page"}],"author":[{"embeddable":true,"href":"https:\/\/travelshelper.com\/tr\/wp-json\/wp\/v2\/users\/1"}],"replies":[{"embeddable":true,"href":"https:\/\/travelshelper.com\/tr\/wp-json\/wp\/v2\/comments?post=8991"}],"version-history":[{"count":0,"href":"https:\/\/travelshelper.com\/tr\/wp-json\/wp\/v2\/pages\/8991\/revisions"}],"up":[{"embeddable":true,"href":"https:\/\/travelshelper.com\/tr\/wp-json\/wp\/v2\/pages\/8072"}],"wp:featuredmedia":[{"embeddable":true,"href":"https:\/\/travelshelper.com\/tr\/wp-json\/wp\/v2\/media\/17583"}],"wp:attachment":[{"href":"https:\/\/travelshelper.com\/tr\/wp-json\/wp\/v2\/media?parent=8991"}],"curies":[{"name":"wp","href":"https:\/\/api.w.org\/{rel}","templated":true}]}}