{"id":8979,"date":"2024-09-06T18:08:34","date_gmt":"2024-09-06T18:08:34","guid":{"rendered":"https:\/\/travelshelper.com\/staging\/?page_id=8979"},"modified":"2026-03-13T21:30:51","modified_gmt":"2026-03-13T21:30:51","slug":"dogru-ya-da-sonuclar","status":"publish","type":"page","link":"https:\/\/travelshelper.com\/tr\/destinations\/north-america\/united-states\/truth-or-consequences\/","title":{"rendered":"Do\u011fru ya da Sonu\u00e7lar"},"content":{"rendered":"<p>Truth or Consequences, ABD&#039;nin New Mexico eyaletinde bulunan ve Sierra County&#039;nin il\u00e7e merkezi olarak i\u015flev g\u00f6ren \u00f6zg\u00fcn bir \u015fehirdir. 2020 n\u00fcfus say\u0131m\u0131na g\u00f6re Truth or Consequences&#039;\u0131n n\u00fcfusu 6.052&#039;dir. \u015eehir \u00e7o\u011funlukla, pop\u00fcler radyo program\u0131 &#034;Truth or Consequences&#034;tan sonra Mart 1950&#039;de se\u00e7ilen benzersiz ismiyle bilinir. Resmi isimde noktalama i\u015fareti bulunmasa da, bu ismi de\u011fi\u015ftirmek genellikle anla\u015f\u0131l\u0131rl\u0131\u011f\u0131 art\u0131rmak i\u00e7in tirelenmesiyle (Truth-or-Consequences, T-or-C) sonu\u00e7lan\u0131r.<\/p>\n<p>Truth or Consequences&#039;\u0131 kapsayan b\u00f6lgede bol miktarda kapl\u0131ca bulunmaktad\u0131r. 19. y\u00fczy\u0131l\u0131n sonlar\u0131nda, John Cross \u00c7iftli\u011fi\u2014Geronimo Springs&#039;in \u00fcst\u00fcnde\u2014b\u00f6lgedeki ilk halka a\u00e7\u0131k hamam\u0131 kurmu\u015ftur. Kapl\u0131calar Hot Springs Artezyen Havzas\u0131&#039;n\u0131n i\u00e7inde yer almaktad\u0131r. Do\u011fal kapl\u0131calar\u0131n varl\u0131\u011f\u0131na ra\u011fmen, b\u00f6lgedeki \u00f6nemli yerle\u015fimlerin geli\u015fimi, 1912&#039;de ba\u015flay\u0131p 1916&#039;da tamamlanmas\u0131yla sona eren Elephant Butte Baraj\u0131 ve rezervuar\u0131n\u0131n in\u015fas\u0131na kadar \u00f6zellikle ertelenmi\u015ftir. 1902 Newlands Reclamation Yasas\u0131 taraf\u0131ndan onaylanan Rio Grande Projesi, baraja ba\u011fl\u0131 b\u00fcy\u00fck \u00f6l\u00e7ekli sulamada \u00f6nemli bir erken \u00e7abayd\u0131. 1916&#039;da resmi olarak Hot Springs olarak kurulan kasaba, daha sonra 1937&#039;de Sierra County&#039;nin merkezi oldu. \u00c7o\u011funlukla misafirlere hizmet veren Hot Springs&#039;te, 1930&#039;lar\u0131n sonlar\u0131na do\u011fru k\u0131rk farkl\u0131 do\u011fal kapl\u0131ca spas\u0131 vard\u0131.<\/p>\n<p>Bir radyo program\u0131ndaki yar\u0131\u015fma sonucunda \u015fehrin ismi Hot Springs&#039;ten Truth or Consequences&#039;a de\u011fi\u015ftirildi. NBC Radyo&#039;nun bilgi yar\u0131\u015fmas\u0131 &#034;Truth or Consequences&#034;\u0131n sunucusu Ralph Edwards, Mart 1950&#039;de, program\u0131n ad\u0131n\u0131 ilk kez bu programdan alan kasaban\u0131n onuncu y\u0131ld\u00f6n\u00fcm\u00fcnde yay\u0131nlanaca\u011f\u0131n\u0131 s\u00f6yledi. Hot Springs, ismini resmen 31 Mart 1950&#039;de de\u011fi\u015ftirdi; program ertesi ak\u015fam siteden yay\u0131nland\u0131. Edwards, sonraki 50 y\u0131l boyunca May\u0131s ay\u0131n\u0131n ilk haftasonunda kasabay\u0131 ziyaret etti; bu etkinlik Fiesta olarak bilinmeye ba\u015fland\u0131. Fiesta sonunda bir sahne performans\u0131, bir g\u00fczellik yar\u0131\u015fmas\u0131 ve bir alay i\u00e7eriyordu. Yerel ileri gelenleri, ge\u00e7en y\u0131l\u0131n Miss Fiesta g\u00fczellik yar\u0131\u015fmas\u0131 krali\u00e7esini ve Hatch Chile Krali\u00e7esi g\u00fczellik yar\u0131\u015fmas\u0131 galibini kutlayan \u015fehir, Fiesta&#039;ya her May\u0131s ay\u0131n\u0131n ilk haftasonunda ev sahipli\u011fi yap\u0131yor. Fiesta, Ralph Edwards Park&#039;ta d\u00fczenlenen bir dans etkinli\u011fidir.<\/p>\n<p>Truth or Consequences&#039;daki kapl\u0131calar birlikte saniyede yakla\u015f\u0131k 99 litre (26 ABD galonu) ak\u0131\u015f h\u0131z\u0131 g\u00f6stermektedir. Truth or Consequences&#039;da II. D\u00fcnya Sava\u015f\u0131&#039;ndan \u00f6nce neredeyse k\u0131rk kapl\u0131ca spas\u0131 vard\u0131. Truth or Consequences&#039;daki Hot Springs Association&#039;\u0131n 2008 itibar\u0131yla on spa tesisi \u00fcyesi vard\u0131. Bu sitelerden be\u015fi\u2014La Paloma Hot Springs &amp; Spa (eski ad\u0131yla Marshall Hot Springs), Riverbend Hot Springs, Indian Springs Bath House, Artesian Bath House ve Hay-Yo-kay Hot Springs\u2014suyunu serbest akan kapl\u0131calardan elde ediyordu; be\u015fi\u2014kuyulard\u0131.<\/p>\n<p>New Mexico Enerji, Mineraller ve Do\u011fal Kaynaklar Bakanl\u0131\u011f\u0131 taraf\u0131ndan 1980&#039;lerde Truth or Consequences&#039;ta y\u00fcr\u00fct\u00fclen iki jeotermal enerji g\u00f6steri projesi. Ba\u015flang\u0131\u00e7ta fiziksel engelli \u00e7ocuklara yard\u0131m etmeye adanm\u0131\u015f olan Carrie Tingley Hastanesi, Truth or Consequences&#039;ta bir fizik tedavi program\u0131 ba\u015flatmak i\u00e7in eyalet paras\u0131n\u0131 kulland\u0131; ancak bu program o zamandan beri Albuquerque&#039;ye ta\u015f\u0131nd\u0131. Jeotermal alan \u0131s\u0131tma sistemi yak\u0131ndaki Ya\u015fl\u0131 Vatanda\u015f Merkezi&#039;ne fayda sa\u011fl\u0131yor.<\/p>\n<p>A city marked by historical importance and an unusual name that captures its unique appeal is Truth or Consequences. From its beginnings as a hot spring destination to its modern Fiesta celebrations, which regularly draw people through its natural beauty and cultural events, the city has changed. Whether one is savoring the therapeutic advantages of their hot springs or participating in the annual Fiesta, Truth or Consequences offers a special mix of relaxation, historical relevance, and community involvement, so establishing its uniqueness in New Mexico.\u2026<\/p>","protected":false},"excerpt":{"rendered":"<p>Truth or Consequences, ABD&#039;nin New Mexico eyaletinde bulunan ve Sierra County&#039;nin il\u00e7e merkezi olarak i\u015flev g\u00f6ren \u00f6zg\u00fcn bir \u015fehirdir. 2020 n\u00fcfus say\u0131m\u0131na g\u00f6re Truth or Consequences&#039;\u0131n n\u00fcfusu 6.052&#039;dir. \u015eehir \u00e7o\u011funlukla, pop\u00fcler radyo program\u0131 &#034;Truth or Consequences&#034;tan sonra Mart 1950&#039;de se\u00e7ilen benzersiz ismiyle bilinir. Resmi isimde noktalama i\u015fareti bulunmasa da, bu ismi de\u011fi\u015ftirmek genellikle anla\u015f\u0131l\u0131rl\u0131\u011f\u0131 art\u0131rmak i\u00e7in tirelenmesiyle (Truth-or-Consequences, T-or-C) sonu\u00e7lan\u0131r.<\/p>","protected":false},"author":1,"featured_media":23485,"parent":8072,"menu_order":0,"comment_status":"closed","ping_status":"closed","template":"elementor_theme","meta":{"_eb_attr":"","footnotes":""},"class_list":["post-8979","page","type-page","status-publish","has-post-thumbnail"],"_links":{"self":[{"href":"https:\/\/travelshelper.com\/tr\/wp-json\/wp\/v2\/pages\/8979","targetHints":{"allow":["GET"]}}],"collection":[{"href":"https:\/\/travelshelper.com\/tr\/wp-json\/wp\/v2\/pages"}],"about":[{"href":"https:\/\/travelshelper.com\/tr\/wp-json\/wp\/v2\/types\/page"}],"author":[{"embeddable":true,"href":"https:\/\/travelshelper.com\/tr\/wp-json\/wp\/v2\/users\/1"}],"replies":[{"embeddable":true,"href":"https:\/\/travelshelper.com\/tr\/wp-json\/wp\/v2\/comments?post=8979"}],"version-history":[{"count":0,"href":"https:\/\/travelshelper.com\/tr\/wp-json\/wp\/v2\/pages\/8979\/revisions"}],"up":[{"embeddable":true,"href":"https:\/\/travelshelper.com\/tr\/wp-json\/wp\/v2\/pages\/8072"}],"wp:featuredmedia":[{"embeddable":true,"href":"https:\/\/travelshelper.com\/tr\/wp-json\/wp\/v2\/media\/23485"}],"wp:attachment":[{"href":"https:\/\/travelshelper.com\/tr\/wp-json\/wp\/v2\/media?parent=8979"}],"curies":[{"name":"wp","href":"https:\/\/api.w.org\/{rel}","templated":true}]}}